{"id":11390,"date":"2023-11-06T03:39:48","date_gmt":"2023-11-06T03:39:48","guid":{"rendered":"http:\/\/localhost\/ditrumy\/?page_id=12"},"modified":"2023-11-06T03:39:48","modified_gmt":"2023-11-06T03:39:48","slug":"ve-chung-toi","status":"publish","type":"page","link":"https:\/\/dev.wptheme.store\/s\/wpditru\/ve-chung-toi\/","title":{"rendered":"V\u1ec1 Ch\u00fang T\u00f4i"},"content":{"rendered":"<p class=\"mb-4 leading-relaxed\">[row] [col span__sm=&#8221;12&#8243;] [ux_video url=&#8221;https:\/\/www.youtube.com\/watch?v=HqBjPo_J9vk&#8221;] [dt_title text=&#8221;Lu\u1eadt s\u01b0 di tr\u00fa V\u0169 Tu\u1ea5n Huy&#8221; tag_name=&#8221;h2&#8243; class=&#8221;underline-title&#8221;]<\/p>\n<p class=\"mb-4 leading-relaxed\">T\u1ed1t nghi\u1ec7p c\u1eed nh\u00e2n ng\u00e0nh khoa h\u1ecdc ch\u00ednh tr\u1ecb t\u1ea1i \u0111\u1ea1i h\u1ecdc University of California at Riverside v\u00e0 sau \u0111\u00f3 t\u1ed1t nghi\u1ec7p ti\u1ebfn s\u0129 lu\u1eadt khoa t\u1ea1i \u0111\u1ea1i h\u1ecdc lu\u1eadt Western State University College Of Law.<\/p>\n<p class=\"mb-4 leading-relaxed\"><!-- \/wp:post-content --><\/p>\n<p class=\"mb-4 leading-relaxed\"><!-- wp:paragraph --><\/p>\n<p class=\"mb-4 leading-relaxed\">Sau khi t\u1ed1t nghi\u1ec7p ti\u1ebfn s\u0129, lu\u1eadt s\u01b0 b\u1eaft \u0111\u1ea7u l\u00e0m vi\u1ec7c trong ng\u00e0nh Lu\u1eadt Di Tr\u00fa v\u00e0 sau \u0111\u00f3 th\u00e0nh l\u1eadp c\u00f4ng ty\u00a0<strong class=\"font-cal-sans\">First Consulting Group<\/strong>\u00a0chuy\u00ean cung c\u1ea5p c\u00e1c d\u1ecbch v\u1ee5 di tr\u00fa cho ng\u01b0\u1eddi Vi\u1ec7t \u0111\u1ecbnh c\u01b0 t\u1ea1i M\u1ef9.<\/p>\n<p class=\"mb-4 leading-relaxed\"><!-- \/wp:paragraph --><\/p>\n<p class=\"mb-4 leading-relaxed\"><!-- wp:paragraph --><\/p>\n<p class=\"mb-4 leading-relaxed\">Lu\u1eadt s\u01b0 l\u00e0 m\u1ed9t trong nh\u1eefng lu\u1eadt s\u01b0 c\u00f3 chuy\u00ean m\u00f4n cao trong l\u0129nh v\u1ef1c di tr\u00fa \u0111\u1ed1i v\u1edbi c\u1ed9ng \u0111\u1ed3ng ng\u01b0\u1eddi Vi\u1ec7t t\u1ea1i M\u1ef9 v\u00e0 b\u1ec1 d\u00e0y kinh nghi\u1ec7m tr\u00ean 40,000 h\u1ed3 s\u01a1 di tr\u00fa c\u00e1c lo\u1ea1i.<\/p>\n<p class=\"mb-4 leading-relaxed\"><!-- \/wp:paragraph --><\/p>\n<p class=\"mb-4 leading-relaxed\"><!-- wp:paragraph --><\/p>\n<p class=\"mb-4 leading-relaxed\">C\u00f4ng ty \u0111\u00e3 ph\u1ee5c v\u1ee5 th\u00e0nh c\u00f4ng cho tr\u00ean 100,000 ng\u01b0\u1eddi t\u1eeb Vi\u1ec7t Nam qua M\u1ef9 \u0111\u1ecbnh c\u01b0 theo t\u1ea5t c\u1ea3 c\u00e1c di\u1ec7n b\u1ea3o l\u00e3nh c\u0169ng nh\u01b0 \u0111\u1ea7u t\u01b0.<\/p>\n<p class=\"mb-4 leading-relaxed\"><!-- \/wp:paragraph --><\/p>\n<p class=\"mb-4 leading-relaxed\"><!-- wp:paragraph --><\/p>\n<p class=\"mb-4 leading-relaxed\">V\u1edbi ch\u1eef\u00a0<strong class=\"font-cal-sans\">T\u00c2M<\/strong>\u00a0lu\u00f4n \u0111\u01b0\u1ee3c \u0111\u1eb7t l\u00ean h\u00e0ng \u0111\u1ea7u v\u00e0 l\u00e0m vi\u1ec7c b\u1eb1ng c\u1ea3 l\u00f2ng nhi\u1ec7t huy\u1ebft c\u1ee7a m\u00ecnh \u0111\u1ec3 thay \u0111\u1ed5i cu\u1ed9c \u0111\u1eddi c\u1ee7a h\u00e0ng ch\u1ee5c ng\u00e0n ng\u01b0\u1eddi Vi\u1ec7t b\u1eb1ng vi\u1ec7c gi\u00fap h\u1ecd qua M\u1ef9 \u0111\u1ecbnh c\u01b0 v\u1edbi cu\u1ed9c s\u1ed1ng m\u1edbi, Lu\u1eadt S\u01b0 Huy s\u1ebd lu\u00f4n ti\u1ebfp t\u1ee5c s\u1ee9 m\u1ec7nh n\u00e0y trong nhi\u1ec1u n\u0103m s\u1eafp t\u1edbi.<\/p>\n<p class=\"mb-4 leading-relaxed\"><!-- \/wp:paragraph --><\/p>\n<p class=\"mb-4 leading-relaxed\"><!-- wp:shortcode \/--><\/p>\n<p class=\"mb-4 leading-relaxed\">[\/col] [\/row] [block id=&#8221;199&#8243;]<\/p>","protected":false},"excerpt":{"rendered":"<p class=\"mb-4 leading-relaxed\">[row] [col span__sm=&#8221;12&#8243;] [ux_video url=&#8221;https:\/\/www.youtube.com\/watch?v=HqBjPo_J9vk&#8221;] [dt_title text=&#8221;Lu\u1eadt s\u01b0 di tr\u00fa V\u0169 Tu\u1ea5n Huy&#8221; tag_name=&#8221;h2&#8243; class=&#8221;underline-title&#8221;] T\u1ed1t nghi\u1ec7p c\u1eed nh\u00e2n ng\u00e0nh khoa h\u1ecdc ch\u00ednh tr\u1ecb t\u1ea1i \u0111\u1ea1i h\u1ecdc University of California at Riverside v\u00e0 sau \u0111\u00f3 t\u1ed1t nghi\u1ec7p ti\u1ebfn s\u0129 lu\u1eadt khoa t\u1ea1i \u0111\u1ea1i h\u1ecdc lu\u1eadt Western State University College Of Law. Sau khi t\u1ed1t nghi\u1ec7p [&hellip;]<\/p>\n","protected":false},"author":2,"featured_media":0,"parent":0,"menu_order":0,"comment_status":"closed","ping_status":"closed","template":"","meta":{"footnotes":""},"class_list":["post-11390","page","type-page","status-publish","hentry"],"meta_box":{"ztteam_hero_slides":[],"ztteam_statistics":[],"ztteam_services_title":"","ztteam_services_items":[],"ztteam_services_button_text":"","ztteam_services_button_link":"","ztteam_offices_bg_image":false,"ztteam_offices_title":"","ztteam_offices_items":[],"ztteam_team_title":"","ztteam_team_members":[],"ztteam_team_cta_text":"","ztteam_team_cta_button_text":"","ztteam_team_cta_button_link":"","ztteam_testimonials_title":"","ztteam_testimonials_category":false,"ztteam_testimonials_per_slide":"","ztteam_testimonials_cta_button_text":"","ztteam_testimonials_cta_button_link":"","ztteam_testimonials_ratings":[],"ztteam_timeline_title":"","ztteam_timeline_items_per_slide":"","ztteam_timeline_items":[],"ztteam_process_title":"","ztteam_process_image":false,"ztteam_process_experience_years":"","ztteam_process_steps":[],"ztteam_process_features":[],"ztteam_news_title":"","ztteam_news_category":false,"ztteam_news_posts_per_page":"","ztteam_news_cta_button_text":"","ztteam_news_cta_button_link":"","ztteam_certifications_title":"","ztteam_certifications_gallery":[],"ztteam_contact_bg_image":false,"ztteam_contact_title":"","ztteam_contact_description":"","ztteam_contact_form_shortcode":"","ztteam_contact_services":[],"ztteam_contact_privacy_text":"","ztteam_contact_quick_info":[],"ztteam_about_video_url":"","ztteam_about_banner":false,"ztteam_about_content_blocks":[],"ztteam_about_team_title":"","ztteam_about_why_title":"","ztteam_about_why_items":[],"ztteam_contact_social_media":[],"ztteam_contact_banner":false,"ztteam_contact_branches":[]},"_links":{"self":[{"href":"https:\/\/dev.wptheme.store\/s\/wpditru\/wp-json\/wp\/v2\/pages\/11390","targetHints":{"allow":["GET"]}}],"collection":[{"href":"https:\/\/dev.wptheme.store\/s\/wpditru\/wp-json\/wp\/v2\/pages"}],"about":[{"href":"https:\/\/dev.wptheme.store\/s\/wpditru\/wp-json\/wp\/v2\/types\/page"}],"author":[{"embeddable":true,"href":"https:\/\/dev.wptheme.store\/s\/wpditru\/wp-json\/wp\/v2\/users\/2"}],"replies":[{"embeddable":true,"href":"https:\/\/dev.wptheme.store\/s\/wpditru\/wp-json\/wp\/v2\/comments?post=11390"}],"version-history":[{"count":0,"href":"https:\/\/dev.wptheme.store\/s\/wpditru\/wp-json\/wp\/v2\/pages\/11390\/revisions"}],"wp:attachment":[{"href":"https:\/\/dev.wptheme.store\/s\/wpditru\/wp-json\/wp\/v2\/media?parent=11390"}],"curies":[{"name":"wp","href":"https:\/\/api.w.org\/{rel}","templated":true}]}}