{"id":11391,"date":"2023-11-06T03:40:15","date_gmt":"2023-11-06T03:40:15","guid":{"rendered":"http:\/\/localhost\/ditrumy\/?page_id=14"},"modified":"2025-11-10T22:19:07","modified_gmt":"2025-11-10T15:19:07","slug":"lien-lac-van-phong-di-tru-my","status":"publish","type":"page","link":"https:\/\/dev.wptheme.store\/s\/wpditru\/lien-lac-van-phong-di-tru-my\/","title":{"rendered":"Li\u00ean l\u1ea1c"},"content":{"rendered":"<p class=\"mb-4 leading-relaxed\">First Consulting Group \u2013 T\u1ed5 h\u1ee3p Lu\u1eadt s\u01b0 di tr\u00fa v\u1edbi 20 n\u0103m kinh nghi\u1ec7m s\u1edf h\u1eefu m\u1ea1ng l\u01b0\u1edbi 7 v\u0103n ph\u00f2ng t\u1ea1i M\u1ef9 v\u00e0 Vi\u1ec7t Nam, c\u00f9ng \u0111\u1ed9i ng\u0169 h\u01a1n 100 chuy\u00ean vi\u00ean gi\u00e0u kinh nghi\u1ec7m. Ch\u00fang t\u00f4i s\u1ebd lu\u00f4n s\u1eb5n s\u00e0ng h\u1ed7 tr\u1ee3 v\u00e0 tham kh\u1ea3o MI\u1ec4N PH\u00cd cho qu\u00fd kh\u00e1ch!<\/p>\n<p class=\"mb-4 leading-relaxed\">N\u1ebfu qu\u00fd kh\u00e1ch c\u00f3 b\u1ea5t k\u1ef3 th\u1eafc m\u1eafc n\u00e0o v\u1ec1 c\u00e1c ch\u01b0\u01a1ng tr\u00ecnh \u0111\u1ecbnh c\u01b0, th\u1ee7 t\u1ee5c h\u1ed3 s\u01a1 ph\u00e1p l\u00fd, chi ph\u00ed ch\u01b0\u01a1ng tr\u00ecnh, h\u00e3y li\u00ean l\u1ea1c ngay v\u1edbi First Consulting Group ho\u1eb7c \u0111\u1ec3 l\u1ea1i th\u00f4ng tin theo form d\u01b0\u1edbi \u0111\u00e2y. \u0110\u1ed9i ng\u0169 chuy\u00ean vi\u00ean di tr\u00fa c\u1ee7a ch\u00fang t\u00f4i s\u1ebd k\u1ebft n\u1ed1i v\u00e0 \u0111\u1ecbnh h\u01b0\u1edbng l\u1ed9 tr\u00ecnh hi\u1ec7u qu\u1ea3 d\u00e0nh ri\u00eang cho qu\u00fd kh\u00e1ch!<\/p>\n<p class=\"mb-4 leading-relaxed\"><strong class=\"font-cal-sans\">\u0110\u1ec2 \u0110\u01af\u1ee2C THAM KH\u1ea2O MI\u1ec4N PH\u00cd XIN VUI L\u00d2NG G\u1eccI:<\/strong><\/p>\n<p class=\"mb-4 leading-relaxed\"><i class=\"fa-solid fa-phone text-red-800\" ><\/i> V\u0103n ph\u00f2ng Garden Grove: <a href=\"tel:7146383111\" class=\"text-red-900\">(714) 638-3111<\/a><\/p>\n<p class=\"mb-4 leading-relaxed\"><i class=\"fa-solid fa-phone text-red-800\"><\/i> V\u0103n ph\u00f2ng San Jose: <a href=\"tel:4089985555\" class=\"text-red-900\">(408) 998-5555 <\/a><\/p>\n<p class=\"mb-4 leading-relaxed\"><i class=\"fa-solid fa-phone text-red-800\"><\/i> V\u0103n ph\u00f2ng Houston: <a href=\"tel:8323533535\" class=\"text-red-900\">(832) 353-3535 <\/a><\/p>\n<p class=\"mb-4 leading-relaxed\"><i class=\"fa-solid fa-phone text-red-800\"><\/i> V\u0103n ph\u00f2ng Vi\u1ec7t Nam: <a href=\"tel:02835162118\" class=\"text-red-900\">(028) 3516-2118<\/a><\/p>\n","protected":false},"excerpt":{"rendered":"<p class=\"mb-4 leading-relaxed\">First Consulting Group \u2013 T\u1ed5 h\u1ee3p Lu\u1eadt s\u01b0 di tr\u00fa v\u1edbi 20 n\u0103m kinh nghi\u1ec7m s\u1edf h\u1eefu m\u1ea1ng l\u01b0\u1edbi 7 v\u0103n ph\u00f2ng t\u1ea1i M\u1ef9 v\u00e0 Vi\u1ec7t Nam, c\u00f9ng \u0111\u1ed9i ng\u0169 h\u01a1n 100 chuy\u00ean vi\u00ean gi\u00e0u kinh nghi\u1ec7m. Ch\u00fang t\u00f4i s\u1ebd lu\u00f4n s\u1eb5n s\u00e0ng h\u1ed7 tr\u1ee3 v\u00e0 tham kh\u1ea3o MI\u1ec4N PH\u00cd cho qu\u00fd kh\u00e1ch! N\u1ebfu qu\u00fd [&hellip;]<\/p>\n","protected":false},"author":2,"featured_media":748,"parent":0,"menu_order":0,"comment_status":"closed","ping_status":"closed","template":"template-parts\/page\/template-contact.php","meta":{"footnotes":""},"class_list":["post-11391","page","type-page","status-publish","has-post-thumbnail","hentry"],"meta_box":{"ztteam_hero_slides":[],"ztteam_statistics":[],"ztteam_services_title":"","ztteam_services_items":[],"ztteam_services_button_text":"","ztteam_services_button_link":"","ztteam_offices_bg_image":false,"ztteam_offices_title":"","ztteam_offices_items":[],"ztteam_team_title":"","ztteam_team_members":[],"ztteam_team_cta_text":"","ztteam_team_cta_button_text":"","ztteam_team_cta_button_link":"","ztteam_testimonials_title":"","ztteam_testimonials_category":false,"ztteam_testimonials_per_slide":"","ztteam_testimonials_cta_button_text":"","ztteam_testimonials_cta_button_link":"","ztteam_testimonials_ratings":[],"ztteam_timeline_title":"","ztteam_timeline_items_per_slide":"","ztteam_timeline_items":[],"ztteam_process_title":"","ztteam_process_image":false,"ztteam_process_experience_years":"","ztteam_process_steps":[],"ztteam_process_features":[],"ztteam_news_title":"","ztteam_news_category":false,"ztteam_news_posts_per_page":"","ztteam_news_cta_button_text":"","ztteam_news_cta_button_link":"","ztteam_certifications_title":"","ztteam_certifications_gallery":[],"ztteam_contact_bg_image":false,"ztteam_contact_title":"","ztteam_contact_description":"","ztteam_contact_form_shortcode":"","ztteam_contact_services":[],"ztteam_contact_privacy_text":"","ztteam_contact_quick_info":[],"ztteam_about_video_url":"","ztteam_about_banner":false,"ztteam_about_content_blocks":[],"ztteam_about_team_title":"","ztteam_about_why_title":"","ztteam_about_why_items":[],"ztteam_contact_social_media":[{"ztteam_social_icon":"fab fa-facebook-f","ztteam_social_link":"https:\/\/www.facebook.com\/luatsuditruVuTuanHuy"},{"ztteam_social_icon":"fab fa-youtube","ztteam_social_link":"https:\/\/www.youtube.com\/DiTruMyBaoLanh"},{"ztteam_social_icon":"fab fa-instagram","ztteam_social_link":"https:\/\/www.instagram.com\/first_consulting_group\/"},{"ztteam_social_icon":"fab fa-linkedin-in","ztteam_social_link":"https:\/\/www.linkedin.com\/company\/first-consulting-group-immigration-law-firm\/mycompany\/?viewAsMember=true"},{"ztteam_social_icon":"fab fa-twitter","ztteam_social_link":"https:\/\/twitter.com\/ditrumyFCG"},{"ztteam_social_icon":"fab fa-tiktok","ztteam_social_link":"https:\/\/www.tiktok.com\/@firstconsultinggroup?lang=en"},{"ztteam_social_icon":"fas fa-phone"}],"ztteam_contact_banner":false,"ztteam_contact_branches":[{"ztteam_branch_name":"V\u0102N PH\u00d2NG GARDEN GROVE","ztteam_branch_address":"12966 Euclid St., Suite 520, Garden Grove, CA 92840","ztteam_branch_phone":"(714) 638-3111","ztteam_branch_email":"huy@ditrumy.com","ztteam_branch_hours":"Th\u1ee9 Hai \u0111\u1ebfn Th\u1ee9 S\u00e1u: 9AM \u2013 6PM (Gi\u1edd Mi\u1ec1n T\u00e2y N\u01b0\u1edbc M\u1ef9)\r\nTh\u1ee9 7: 10AM \u2013 2PM\r\nCh\u1ee7 Nh\u1eadt: T\u00f9y theo h\u1eb9n","ztteam_branch_map_embed":"<iframe src=\"https:\/\/www.google.com\/maps\/embed?pb=!1m14!1m8!1m3!1d6632.913842583407!2d-117.937346!3d33.774697!3m2!1i1024!2i768!4f13.1!3m3!1m2!1s0x80dd286fc174893f%3A0xaec63bc4b1430273!2zRmlyc3QgQ29uc3VsdGluZyBHcm91cCwgQVBDIC0gVOG7lSBI4bujcCBMdeG6rXQgU8awIERpIFRyw7o!5e0!3m2!1svi!2sus!4v1761963837683!5m2!1svi!2sus\" width=\"600\" height=\"450\" style=\"border:0;\" allowfullscreen=\"\" loading=\"lazy\" referrerpolicy=\"no-referrer-when-downgrade\"><\/iframe>","ztteam_branch_is_default":"1"},{"ztteam_branch_name":"V\u0102N PH\u00d2NG SAN JOSE","ztteam_branch_address":"989 Story Rd., Suite 8075, San Jose, CA 95122","ztteam_branch_phone":"(408) 998-5555","ztteam_branch_email":"ha@ditrumy.com","ztteam_branch_hours":"Th\u1ee9 Hai \u0111\u1ebfn Th\u1ee9 S\u00e1u: 9AM \u2013 5PM (Gi\u1edd Mi\u1ec1n T\u00e2y N\u01b0\u1edbc M\u1ef9)\r\nTh\u1ee9 7: 11AM \u2013 2PM\r\nCh\u1ee7 Nh\u1eadt: T\u00f9y theo h\u1eb9n","ztteam_branch_map_embed":"<iframe src=\"https:\/\/www.google.com\/maps\/embed?pb=!1m14!1m8!1m3!1d6344.840779714562!2d-121.857334!3d37.332555!3m2!1i1024!2i768!4f13.1!3m3!1m2!1s0x808e32eacd6415ab%3A0x3fce78cea98fc48a!2zRmlyc3QgQ29uc3VsdGluZyBHcm91cCBTYW4gSm9zZSAtIFThu5UgSOG7o3AgTHXhuq10IFPGsCBEaSBUcsO6!5e0!3m2!1svi!2sus!4v1761966793603!5m2!1svi!2sus\" width=\"600\" height=\"450\" style=\"border:0;\" allowfullscreen=\"\" loading=\"lazy\" referrerpolicy=\"no-referrer-when-downgrade\"><\/iframe>"},{"ztteam_branch_name":"V\u0102N PH\u00d2NG HOUSTON","ztteam_branch_address":"11200 Westheimer Rd., Suite 786, Houston, TX 77042","ztteam_branch_phone":"(832) 353-3535","ztteam_branch_email":"cuong@ditrumy.com","ztteam_branch_hours":"Th\u1ee9 Hai \u0111\u1ebfn Th\u1ee9 S\u00e1u: 9AM \u2013 6PM (Gi\u1edd Mi\u1ec1n Trung N\u01b0\u1edbc M\u1ef9)\r\nTh\u1ee9 7: 8AM \u2013 12PM\r\nCh\u1ee7 Nh\u1eadt: T\u00f9y theo h\u1eb9n","ztteam_branch_map_embed":"<iframe src=\"https:\/\/www.google.com\/maps\/embed?pb=!1m14!1m8!1m3!1d13857.552897825592!2d-95.5740349!3d29.7374756!3m2!1i1024!2i768!4f13.1!3m3!1m2!1s0x8640dd7a581b7103%3A0x16f93dcec8a574b8!2sFirst%20Consulting%20Group%2C%20APC%20-%20Immigration%20Law%20Firm!5e0!3m2!1sen!2s!4v1761966838703!5m2!1sen!2s\" width=\"600\" height=\"450\" style=\"border:0;\" allowfullscreen=\"\" loading=\"lazy\" referrerpolicy=\"no-referrer-when-downgrade\"><\/iframe>"},{"ztteam_branch_name":"V\u0102N PH\u00d2NG S\u00c0I G\u00d2N","ztteam_branch_address":"L\u1ea7u 8 \u2013 Tu\u1ed5i Tr\u1ebb Tower \u2013 60A Ho\u00e0ng V\u0103n Th\u1ee5, P. \u0110\u1ee9c Nhu\u1eadn, S\u00e0i G\u00f2n","ztteam_branch_phone":"(028) 3516-2118","ztteam_branch_email":"ditrumy@ditrumy.com","ztteam_branch_hours":"Th\u1ee9 Hai \u0111\u1ebfn Th\u1ee9 S\u00e1u:\r\n<ul>\r\n \t<li>Bu\u1ed5i s\u00e1ng: 7:30AM \u2013 11:45AM (Gi\u1edd Vi\u1ec7t Nam)\r\nBu\u1ed5i chi\u1ec1u: 1:00 PM \u2013 4:00 PM<\/li>\r\n<\/ul>\r\nTh\u1ee9 7:\r\n<ul>\r\n \t<li>Bu\u1ed5i s\u00e1ng: 7:30AM \u2013 11:45AM<\/li>\r\n<\/ul>","ztteam_branch_map_embed":"<iframe src=\"https:\/\/www.google.com\/maps\/embed?pb=!1m14!1m8!1m3!1d15676.592512396985!2d106.6784516!3d10.7999648!3m2!1i1024!2i768!4f13.1!3m3!1m2!1s0x317528c1df8989d5%3A0x5fa4bf36b439590c!2zRmlyc3QgQ29uc3VsdGluZyBHcm91cCAtIFbEg24gcGjDsm5nIGNodXnDqm4gbmdoaeG7h3AgduG7gSBEaSB0csO6IE3hu7k!5e0!3m2!1sen!2s!4v1761966864549!5m2!1sen!2s\" width=\"600\" height=\"450\" style=\"border:0;\" allowfullscreen=\"\" loading=\"lazy\" referrerpolicy=\"no-referrer-when-downgrade\"><\/iframe>"},{"ztteam_branch_name":"V\u0102N PH\u00d2NG C\u1ea6N TH\u01a0","ztteam_branch_address":"L\u1ea7u 5 \u2013 To\u00e0 nh\u00e0 B\u1ea3o Minh \u2013 08 Phan V\u0103n Tr\u1ecb, P. Ninh Ki\u1ec1u, TP. C\u1ea7n Th\u01a1","ztteam_branch_phone":"(0292) 383-0001","ztteam_branch_email":"vanphongcantho@ditrumy.com","ztteam_branch_hours":"Th\u1ee9 Hai \u0111\u1ebfn Th\u1ee9 S\u00e1u:\r\n<ul>\r\n \t<li>Bu\u1ed5i s\u00e1ng: 7:30AM \u2013 11:45AM (Gi\u1edd Vi\u1ec7t Nam)\r\nBu\u1ed5i chi\u1ec1u: 1:00 PM \u2013 4:00 PM<\/li>\r\n<\/ul>\r\nTh\u1ee9 7:\r\n<ul>\r\n \t<li>Bu\u1ed5i s\u00e1ng: 7:30AM \u2013 11:45AM<\/li>\r\n<\/ul>","ztteam_branch_map_embed":"<iframe src=\"https:\/\/www.google.com\/maps\/embed?pb=!1m14!1m8!1m3!1d15715.228096664912!2d105.7802447!3d10.0327775!3m2!1i1024!2i768!4f13.1!3m3!1m2!1s0x31a0891316ca58b3%3A0xe8d3c4e02ecdb4c3!2zRmlyc3QgQ29uc3VsdGluZyBHcm91cCAoVFAuIEPhuqduIFRoxqEpIC0gVsSDbiBwaMOybmcgY2h1ecOqbiBuZ2hp4buHcCB24buBIERpIHRyw7ogTeG7uQ!5e0!3m2!1sen!2s!4v1761966891363!5m2!1sen!2s\" width=\"600\" height=\"450\" style=\"border:0;\" allowfullscreen=\"\" loading=\"lazy\" referrerpolicy=\"no-referrer-when-downgrade\"><\/iframe>"},{"ztteam_branch_name":"V\u0102N PH\u00d2NG HU\u1ebe","ztteam_branch_address":"L\u1ea7u 5 \u2013 To\u00e0 nh\u00e0 Viettel \u2013 11 L\u00fd Th\u01b0\u1eddng Ki\u1ec7t, P. Thu\u1eadn Ho\u00e1, TP. Hu\u1ebf","ztteam_branch_phone":"(0234) 381-0016","ztteam_branch_email":"vanphonghue@ditrumy.com","ztteam_branch_hours":"Th\u1ee9 Hai \u0111\u1ebfn Th\u1ee9 S\u00e1u:\r\n<ul>\r\n \t<li>Bu\u1ed5i s\u00e1ng: 7:30AM \u2013 11:45AM (Gi\u1edd Vi\u1ec7t Nam)\r\nBu\u1ed5i chi\u1ec1u: 1:00 PM \u2013 4:00 PM<\/li>\r\n<\/ul>\r\nTh\u1ee9 7:\r\n<ul>\r\n \t<li>Bu\u1ed5i s\u00e1ng: 7:30AM \u2013 11:45AM<\/li>\r\n<\/ul>","ztteam_branch_map_embed":"<iframe src=\"https:\/\/www.google.com\/maps\/embed?pb=!1m14!1m8!1m3!1d15305.117563500962!2d107.5906306!3d16.4613847!3m2!1i1024!2i768!4f13.1!3m3!1m2!1s0x3141a161bee4c6f9%3A0x3bad63295c1da883!2zRmlyc3QgQ29uc3VsdGluZyBHcm91cCAoVFAuIEh14bq_KSAtIFbEg24gcGjDsm5nIGNodXnDqm4gbmdoaeG7h3AgduG7gSBEaSB0csO6IE3hu7k!5e0!3m2!1sen!2s!4v1761966918498!5m2!1sen!2s\" width=\"600\" height=\"450\" style=\"border:0;\" allowfullscreen=\"\" loading=\"lazy\" referrerpolicy=\"no-referrer-when-downgrade\"><\/iframe>"},{"ztteam_branch_name":"V\u0102N PH\u00d2NG \u0110\u00c0 N\u1eb4NG","ztteam_branch_address":"L\u1ea7u 6 \u2013 To\u00e0 nh\u00e0 ACB \u2013 218 B\u1ea1ch \u0110\u1eb1ng, P. H\u1ea3i Ch\u00e2u, TP. \u0110\u00e0 N\u1eb5ng","ztteam_branch_phone":"0886 00 34 00","ztteam_branch_email":"vanphongdanang@ditrumy.com","ztteam_branch_hours":"Th\u1ee9 Hai \u0111\u1ebfn Th\u1ee9 S\u00e1u:\r\n<ul>\r\n \t<li>Bu\u1ed5i s\u00e1ng: 7:30AM \u2013 11:45AM (Gi\u1edd Vi\u1ec7t Nam)\r\nBu\u1ed5i chi\u1ec1u: 1:00 PM \u2013 4:00 PM<\/li>\r\n<\/ul>\r\nTh\u1ee9 7:\r\n<ul>\r\n \t<li>Bu\u1ed5i s\u00e1ng: 7:30AM \u2013 11:45AM<\/li>\r\n<\/ul>","ztteam_branch_map_embed":"<iframe src=\"https:\/\/www.google.com\/maps\/embed?pb=!1m14!1m8!1m3!1d15336.060091797965!2d108.2239101!3d16.0647102!3m2!1i1024!2i768!4f13.1!3m3!1m2!1s0x31421930ab758c5d%3A0xa5be7971f8fd61e2!2zRmlyc3QgQ29uc3VsdGluZyBHcm91cCAoVFAuxJDDoCBO4bq1bmcpIC0gVsSDbiBwaMOybmcgY2h1ecOqbiBuZ2hp4buHcCB24buBIERpIFRyw7ogTeG7uQ!5e0!3m2!1sen!2s!4v1761966947603!5m2!1sen!2s\" width=\"600\" height=\"450\" style=\"border:0;\" allowfullscreen=\"\" loading=\"lazy\" referrerpolicy=\"no-referrer-when-downgrade\"><\/iframe>"}]},"_links":{"self":[{"href":"https:\/\/dev.wptheme.store\/s\/wpditru\/wp-json\/wp\/v2\/pages\/11391","targetHints":{"allow":["GET"]}}],"collection":[{"href":"https:\/\/dev.wptheme.store\/s\/wpditru\/wp-json\/wp\/v2\/pages"}],"about":[{"href":"https:\/\/dev.wptheme.store\/s\/wpditru\/wp-json\/wp\/v2\/types\/page"}],"author":[{"embeddable":true,"href":"https:\/\/dev.wptheme.store\/s\/wpditru\/wp-json\/wp\/v2\/users\/2"}],"replies":[{"embeddable":true,"href":"https:\/\/dev.wptheme.store\/s\/wpditru\/wp-json\/wp\/v2\/comments?post=11391"}],"version-history":[{"count":5,"href":"https:\/\/dev.wptheme.store\/s\/wpditru\/wp-json\/wp\/v2\/pages\/11391\/revisions"}],"predecessor-version":[{"id":11487,"href":"https:\/\/dev.wptheme.store\/s\/wpditru\/wp-json\/wp\/v2\/pages\/11391\/revisions\/11487"}],"wp:featuredmedia":[{"embeddable":true,"href":"https:\/\/dev.wptheme.store\/s\/wpditru\/wp-json\/wp\/v2\/media\/748"}],"wp:attachment":[{"href":"https:\/\/dev.wptheme.store\/s\/wpditru\/wp-json\/wp\/v2\/media?parent=11391"}],"curies":[{"name":"wp","href":"https:\/\/api.w.org\/{rel}","templated":true}]}}