{"id":92,"date":"2025-10-27T20:07:58","date_gmt":"2025-10-27T13:07:58","guid":{"rendered":"https:\/\/dev.wptheme.store\/s\/wpditru\/?page_id=92"},"modified":"2025-11-06T16:10:34","modified_gmt":"2025-11-06T09:10:34","slug":"gioi-thieu","status":"publish","type":"page","link":"https:\/\/dev.wptheme.store\/s\/wpditru\/gioi-thieu\/","title":{"rendered":"Gi\u1edbi thi\u1ec7u"},"content":{"rendered":"","protected":false},"excerpt":{"rendered":"","protected":false},"author":1,"featured_media":0,"parent":0,"menu_order":0,"comment_status":"closed","ping_status":"closed","template":"template-parts\/page\/template-about.php","meta":{"footnotes":""},"class_list":["post-92","page","type-page","status-publish","hentry"],"meta_box":{"ztteam_hero_slides":[],"ztteam_statistics":[],"ztteam_services_title":"","ztteam_services_items":[],"ztteam_services_button_text":"","ztteam_services_button_link":"","ztteam_offices_bg_image":false,"ztteam_offices_title":"","ztteam_offices_items":[],"ztteam_team_title":"","ztteam_team_members":[],"ztteam_team_cta_text":"","ztteam_team_cta_button_text":"","ztteam_team_cta_button_link":"","ztteam_testimonials_title":"","ztteam_testimonials_category":{"term_id":1,"name":"H\u1ecfi \u0111\u00e1p","slug":"hoi-dap","term_group":0,"term_taxonomy_id":1,"taxonomy":"category","description":"","parent":0,"count":5,"filter":"raw","term_order":"14"},"ztteam_testimonials_per_slide":"","ztteam_testimonials_cta_button_text":"","ztteam_testimonials_cta_button_link":"","ztteam_testimonials_ratings":[],"ztteam_timeline_title":"","ztteam_timeline_items_per_slide":"","ztteam_timeline_items":[],"ztteam_process_title":"","ztteam_process_image":false,"ztteam_process_experience_years":"","ztteam_process_steps":[],"ztteam_process_features":[],"ztteam_news_title":"","ztteam_news_category":{"term_id":1,"name":"H\u1ecfi \u0111\u00e1p","slug":"hoi-dap","term_group":0,"term_taxonomy_id":1,"taxonomy":"category","description":"","parent":0,"count":5,"filter":"raw","term_order":"14"},"ztteam_news_posts_per_page":"","ztteam_news_cta_button_text":"","ztteam_news_cta_button_link":"","ztteam_certifications_title":"","ztteam_certifications_gallery":[],"ztteam_contact_bg_image":false,"ztteam_contact_title":"","ztteam_contact_description":"","ztteam_contact_form_shortcode":"","ztteam_contact_services":[],"ztteam_contact_privacy_text":"","ztteam_contact_quick_info":[],"ztteam_about_video_url":"https:\/\/www.youtube.com\/watch?v=PhCFKKGWUJw","ztteam_about_banner":{"width":150,"height":22,"file":"2025\/10\/Banner-Ads.png","filesize":185157,"sizes":{"medium_large":{"file":"Banner-Ads-768x113.png","width":768,"height":113,"mime-type":"image\/png","filesize":99945,"url":"https:\/\/dev.wptheme.store\/s\/wpditru\/wp-content\/uploads\/2025\/10\/Banner-Ads-768x113.png"}},"image_meta":{"aperture":"0","credit":"","camera":"","caption":"","created_timestamp":"0","copyright":"","focal_length":"0","iso":"0","shutter_speed":"0","title":"","orientation":"0","keywords":[]},"ID":"11223","name":"Banner-Ads.png","path":"\/home\/dev.wptheme.store\/public_html\/s\/wpditru\/wp-content\/uploads\/2025\/10\/Banner-Ads.png","url":"https:\/\/dev.wptheme.store\/s\/wpditru\/wp-content\/uploads\/2025\/10\/Banner-Ads.png","full_url":"https:\/\/dev.wptheme.store\/s\/wpditru\/wp-content\/uploads\/2025\/10\/Banner-Ads.png","title":"Banner Ads","caption":"","description":"","alt":"","srcset":"https:\/\/dev.wptheme.store\/s\/wpditru\/wp-content\/uploads\/2025\/10\/Banner-Ads.png 1220w, https:\/\/dev.wptheme.store\/s\/wpditru\/wp-content\/uploads\/2025\/10\/Banner-Ads-768x113.png 768w"},"ztteam_about_content_blocks":[{"ztteam_content_title":"V\u1ec1 ch\u00fang t\u00f4i","ztteam_content_description":"First Consulting Group \u2013 T\u1ed5 H\u1ee3p Lu\u1eadt S\u01b0 Di Tr\u00fa \u2013 l\u00e0 m\u1ed9t trong nh\u1eefng v\u0103n ph\u00f2ng lu\u1eadt s\u01b0 h\u00e0ng \u0111\u1ea7u v\u1ec1 di tr\u00fa trong c\u1ed9ng \u0111\u1ed3ng ng\u01b0\u1eddi Vi\u1ec7t t\u1ea1i Hoa K\u1ef3. Ch\u00fang t\u00f4i c\u00f3 7 v\u0103n ph\u00f2ng t\u1ea1i M\u1ef9 v\u00e0 Vi\u1ec7t Nam v\u1edbi h\u01a1n 100 chuy\u00ean vi\u00ean l\u00e0m vi\u1ec7c t\u1ea1i c\u00f4ng ty, nh\u1eadn h\u1ed3 s\u01a1 tr\u00ean 50 ti\u1ec3u bang Hoa K\u1ef3. Ch\u00fang t\u00f4i ph\u1ee5c v\u1ee5 qu\u00fd kh\u00e1ch trong m\u1ecdi l\u00e3nh v\u1ef1c li\u00ean quan \u0111\u1ebfn di tr\u00fa bao g\u1ed3m: ch\u01b0\u01a1ng tr\u00ecnh \u0111\u1ea7u t\u01b0 \u0111\u1ecbnh c\u01b0 theo visa EB5, L1\/EB1C, d\u1ecbch v\u1ee5 \u0111\u1ea1i di\u1ec7n ch\u1ed1ng tr\u1ee5c xu\u1ea5t, d\u1ecbch v\u1ee5 b\u1ea3o l\u00e3nh, xin visa \u0111\u1ecbnh c\u01b0 v\u00e0 kh\u00f4ng \u0111\u1ecbnh c\u01b0, h\u1ed3 s\u01a1 di tr\u00fa cho nh\u1eefng ng\u01b0\u1eddi Vi\u1ec7t \u0111ang s\u1ed1ng tr\u00ean \u0111\u1ea5t M\u1ef9.","ztteam_content_media_type":"video","ztteam_content_video_url":"https:\/\/www.youtube.com\/watch?v=HqBjPo_J9vk"},{"ztteam_content_title":"T\u1ea7m nh\u00ecn v\u00e0 s\u1ee9 m\u1ec7nh","ztteam_content_description":"V\u1edbi kinh nghi\u1ec7m \u0111\u00e3 x\u1eed l\u00fd h\u1ed3 s\u01a1 cho h\u00e0ng ch\u1ee5c ng\u00e0n ng\u01b0\u1eddi Vi\u1ec7t y\u00eau t\u1ef1 do \u0111\u1ebfn Hoa K\u1ef3 \u0111\u1ecbnh c\u01b0, kh\u00f4ng tr\u01b0\u1eddng h\u1ee3p kh\u00f3 kh\u0103n n\u00e0o m\u00e0 ch\u00fang t\u00f4i ch\u01b0a g\u1eb7p ph\u1ea3i c\u00f9ng ph\u01b0\u01a1ng ch\u00e2m: \u201cUy t\u00edn, chuy\u00ean nghi\u1ec7p, t\u1eadn t\u00e2m, t\u1ea5t c\u1ea3 v\u00ec l\u1ee3i \u00edch kh\u00e1ch h\u00e0ng\u201d, ch\u00fang t\u00f4i tin r\u1eb1ng ch\u00fang t\u00f4i s\u1ebd l\u00e0 s\u1ef1 l\u1ef1a ch\u1ecdn \u0111\u00e1ng tin c\u1eady c\u1ee7a qu\u00fd kh\u00e1ch. Ch\u00fang t\u00f4i lu\u00f4n ch\u0103m s\u00f3c v\u00e0 trau chu\u1ed1t t\u1eebng h\u1ed3 s\u01a1 m\u1ed9t c\u00e1ch c\u1ea9n th\u1eadn v\u00e0 k\u1ef9 l\u01b0\u1ee1ng.","ztteam_content_media_type":"image","ztteam_content_image":"1256"},{"ztteam_content_title":"Lu\u1eadt s\u01b0 di tr\u00fa V\u0169 Tu\u1ea5n Huy","ztteam_content_description":"T\u1ed1t nghi\u1ec7p c\u1eed nh\u00e2n ng\u00e0nh khoa h\u1ecdc ch\u00ednh tr\u1ecb t\u1ea1i \u0111\u1ea1i h\u1ecdc University of California at Riverside v\u00e0 sau \u0111\u00f3 t\u1ed1t nghi\u1ec7p ti\u1ebfn s\u0129 lu\u1eadt khoa t\u1ea1i \u0111\u1ea1i h\u1ecdc lu\u1eadt Western State University College Of Law.\r\n\r\nSau khi t\u1ed1t nghi\u1ec7p ti\u1ebfn s\u0129, lu\u1eadt s\u01b0 b\u1eaft \u0111\u1ea7u l\u00e0m vi\u1ec7c trong ng\u00e0nh Lu\u1eadt Di Tr\u00fa v\u00e0 sau \u0111\u00f3 th\u00e0nh l\u1eadp c\u00f4ng ty First Consulting Group chuy\u00ean cung c\u1ea5p c\u00e1c d\u1ecbch v\u1ee5 di tr\u00fa cho ng\u01b0\u1eddi Vi\u1ec7t \u0111\u1ecbnh c\u01b0 t\u1ea1i M\u1ef9.\r\n\r\nLu\u1eadt s\u01b0 l\u00e0 m\u1ed9t trong nh\u1eefng lu\u1eadt s\u01b0 c\u00f3 chuy\u00ean m\u00f4n trong l\u0129nh v\u1ef1c di tr\u00fa v\u1edbi c\u1ed9ng \u0111\u1ed3ng ng\u01b0\u1eddi Vi\u1ec7t t\u1ea1i M\u1ef9. Lu\u1eadt s\u01b0 V\u0169 Tu\u1ea5n Huy c\u00f9ng v\u1edbi First Consulting Group \u0111\u00e3 x\u1eed l\u00fd h\u01a1n 40.000 h\u1ed3 s\u01a1 di tr\u00fa c\u00e1c lo\u1ea1i.\r\n\r\nD\u01b0\u1edbi s\u1ef1 d\u1eabn d\u1eaft c\u1ee7a Lu\u1eadt s\u01b0 V\u0169 Tu\u1ea5n Huy, C\u00f4ng ty \u0111\u00e3 ph\u1ee5c v\u1ee5 th\u00e0nh c\u00f4ng cho tr\u00ean 100,000 ng\u01b0\u1eddi t\u1eeb Vi\u1ec7t Nam qua M\u1ef9 \u0111\u1ecbnh c\u01b0 theo t\u1ea5t c\u1ea3 c\u00e1c di\u1ec7n b\u1ea3o l\u00e3nh c\u0169ng nh\u01b0 \u0111\u1ea7u t\u01b0.\r\n\r\nV\u1edbi ch\u1eef T\u00c2M lu\u00f4n \u0111\u01b0\u1ee3c \u0111\u1eb7t l\u00ean h\u00e0ng \u0111\u1ea7u v\u00e0 l\u00e0m vi\u1ec7c b\u1eb1ng c\u1ea3 l\u00f2ng nhi\u1ec7t huy\u1ebft c\u1ee7a m\u00ecnh \u0111\u1ec3 thay \u0111\u1ed5i cu\u1ed9c \u0111\u1eddi c\u1ee7a h\u00e0ng ch\u1ee5c ng\u00e0n ng\u01b0\u1eddi Vi\u1ec7t b\u1eb1ng vi\u1ec7c gi\u00fap h\u1ecd qua M\u1ef9 \u0111\u1ecbnh c\u01b0 v\u1edbi cu\u1ed9c s\u1ed1ng m\u1edbi, Lu\u1eadt S\u01b0 Huy s\u1ebd lu\u00f4n ti\u1ebfp t\u1ee5c s\u1ee9 m\u1ec7nh n\u00e0y trong nhi\u1ec1u n\u0103m s\u1eafp t\u1edbi.","ztteam_content_media_type":"image","ztteam_content_image":"1163"}],"ztteam_about_team_title":"\u0110\u1ed8I NG\u0168 CH\u00daNG T\u00d4I","ztteam_about_why_title":"T\u1ea0I SAO CH\u1eccN CH\u00daNG T\u00d4I","ztteam_about_why_items":[{"ztteam_why_icon":"11162","ztteam_why_title":"Chuy\u00ean m\u00f4n cao","ztteam_why_description":"<b>Lu\u1eadt s\u01b0 V\u0169 Tu\u1ea5n Huy<\/b>\u00a0- nh\u00e0 s\u00e1ng l\u1eadp First Consulting Group, m\u1ed9t trong nh\u1eefng lu\u1eadt s\u01b0 c\u00f3 chuy\u00ean m\u00f4n cao trong ng\u00e0nh lu\u1eadt di tr\u00fa. D\u01b0\u1edbi s\u1ef1 d\u1eabn d\u1eaft c\u1ee7a Lu\u1eadt s\u01b0 V\u0169 Tu\u1ea5n Huy, First Consulting Group \u0111\u00e3 x\u1eed l\u00fd h\u01a1n\u00a0<b>40.000 h\u1ed3 s\u01a1<\/b>\u00a0c\u00e1c lo\u1ea1i, \u0111\u1ea3m b\u1ea3o t\u1ef7 l\u1ec7 th\u00e0nh c\u00f4ng cao v\u00e0 th\u1eddi gian ho\u00e0n th\u00e0nh nhanh"},{"ztteam_why_icon":"11164","ztteam_why_title":"Kinh nghi\u1ec7m l\u00e2u n\u0103m","ztteam_why_description":"First Consulting Group - T\u1ed5 h\u1ee3p lu\u1eadt s\u01b0 di tr\u00fa - l\u00e0 m\u1ed9t trong nh\u1eefng v\u0103n ph\u00f2ng lu\u1eadt s\u01b0 h\u00e0ng \u0111\u1ea7u v\u1edbi b\u1ec1 d\u00e0y\u00a0<b>h\u01a1n 20 n\u0103m kinh nghi\u1ec7m<\/b>, chuy\u00ean m\u00f4n s\u00e2u r\u1ed9ng v\u00e0 h\u1ed7 tr\u1ee3 qu\u00fd kh\u00e1ch h\u00e0ng trong m\u1ecdi l\u0129nh v\u1ef1c li\u00ean quan \u0111\u1ebfn di tr\u00fa M\u1ef9"},{"ztteam_why_icon":"11166","ztteam_why_title":"\u0110\u1ed9i ng\u0169 chuy\u00ean nghi\u1ec7p","ztteam_why_description":"V\u1edbi \u0111\u1ed9i ng\u0169 h\u01a1n\u00a0<b>100 chuy\u00ean vi\u00ean di tr\u00fa<\/b>\u00a0d\u00e0y d\u1eb7n kinh nghi\u1ec7m v\u00e0 nhi\u1ec7t t\u00ecnh, v\u0103n ph\u00f2ng ch\u00fang t\u00f4i lu\u00f4n theo d\u00f5i h\u1ed3 s\u01a1 c\u1ee7a m\u1ed7i kh\u00e1ch h\u00e0ng s\u00e1t sao, t\u1eadn t\u00e2m v\u00e0 k\u0129 l\u01b0\u1ee1ng nh\u1ea5t cho \u0111\u1ebfn khi ho\u00e0n th\u00e0nh h\u1ed3 s\u01a1 th\u00e0nh c\u00f4ng."},{"ztteam_why_icon":"11168","ztteam_why_title":"Th\u00e0nh t\u1ef1u \u1ea5n t\u01b0\u1ee3ng","ztteam_why_description":"First Consulting Group \u0111\u00e3 c\u00f9ng \u0111\u1ed3ng h\u00e0nh, gi\u00fap \u0111\u1ee1\u00a0<b>h\u01a1n 100.000 ng\u01b0\u1eddi Vi\u1ec7t Nam sang M\u1ef9<\/b>\u00a0\u0111\u1ecbnh c\u01b0, h\u1ed7 tr\u1ee3 th\u00e0nh c\u00f4ng cho h\u00e0ng ch\u1ee5c ng\u00e0n gia \u0111\u00ecnh \u0111o\u00e0n t\u1ee5 v\u00e0 b\u1eaft \u0111\u1ea7u m\u1ed9t cu\u1ed9c s\u1ed1ng m\u1edbi t\u01b0\u01a1i s\u00e1ng h\u01a1n t\u1ea1i x\u1ee9 s\u1edf c\u1edd hoa."},{"ztteam_why_icon":"11170","ztteam_why_title":"D\u1ecbch v\u1ee5 di tr\u00fa to\u00e0n di\u1ec7n","ztteam_why_description":"V\u1edbi\u00a0<b>7 v\u0103n ph\u00f2ng lu\u1eadt t\u1ea1i M\u1ef9 v\u00e0 Vi\u1ec7t Nam<\/b>, First Consulting Group nh\u1eadn h\u1ed3 s\u01a1 t\u1eeb 50 ti\u1ec3u bang Hoa K\u1ef3 v\u00e0 kh\u1eafp Vi\u1ec7t Nam. Ch\u00fang t\u00f4i \u0111\u1ea3m b\u1ea3o h\u1ed7 tr\u1ee3 kh\u00e1ch h\u00e0ng trong ch\u1eb7ng \u0111\u01b0\u1eddng t\u1eeb Vi\u1ec7t Nam \u0111\u1ebfn M\u1ef9 m\u1ed9t c\u00e1ch to\u00e0n di\u1ec7n v\u00e0 hi\u1ec7u qu\u1ea3."}],"ztteam_contact_social_media":[],"ztteam_contact_banner":false,"ztteam_contact_branches":[]},"_links":{"self":[{"href":"https:\/\/dev.wptheme.store\/s\/wpditru\/wp-json\/wp\/v2\/pages\/92","targetHints":{"allow":["GET"]}}],"collection":[{"href":"https:\/\/dev.wptheme.store\/s\/wpditru\/wp-json\/wp\/v2\/pages"}],"about":[{"href":"https:\/\/dev.wptheme.store\/s\/wpditru\/wp-json\/wp\/v2\/types\/page"}],"author":[{"embeddable":true,"href":"https:\/\/dev.wptheme.store\/s\/wpditru\/wp-json\/wp\/v2\/users\/1"}],"replies":[{"embeddable":true,"href":"https:\/\/dev.wptheme.store\/s\/wpditru\/wp-json\/wp\/v2\/comments?post=92"}],"version-history":[{"count":1,"href":"https:\/\/dev.wptheme.store\/s\/wpditru\/wp-json\/wp\/v2\/pages\/92\/revisions"}],"predecessor-version":[{"id":93,"href":"https:\/\/dev.wptheme.store\/s\/wpditru\/wp-json\/wp\/v2\/pages\/92\/revisions\/93"}],"wp:attachment":[{"href":"https:\/\/dev.wptheme.store\/s\/wpditru\/wp-json\/wp\/v2\/media?parent=92"}],"curies":[{"name":"wp","href":"https:\/\/api.w.org\/{rel}","templated":true}]}}