{"id":25,"date":"2025-09-07T12:53:13","date_gmt":"2025-09-07T05:53:13","guid":{"rendered":"https:\/\/dev.wptheme.store\/s\/wppricot\/?page_id=25"},"modified":"2025-09-07T22:17:50","modified_gmt":"2025-09-07T15:17:50","slug":"gioi-thieu","status":"publish","type":"page","link":"https:\/\/dev.wptheme.store\/s\/wppricot\/gioi-thieu\/","title":{"rendered":"Gi\u1edbi thi\u1ec7u"},"content":{"rendered":"<section>\n<p class=\"mb-4 leading-relaxed\">K\u00ednh ch\u00e0o qu\u00fd \u0111\u1ed1i t\u00e1c v\u00e0 qu\u00fd kh\u00e1ch h\u00e0ng!<\/p>\n<p class=\"mb-4 leading-relaxed\">\n        <strong class=\"font-cal-sans\">C\u00f4ng ty Pricot<\/strong> t\u1ef1 h\u00e0o l\u00e0 m\u1ed9t trong nh\u1eefng \u0111\u01a1n v\u1ecb uy t\u00edn v\u00e0 ch\u1ea5t l\u01b0\u1ee3ng h\u00e0ng \u0111\u1ea7u<br \/>\n        trong l\u0129nh v\u1ef1c s\u1ea3n xu\u1ea5t v\u00e0 ph\u00e2n ph\u1ed1i th\u1ef1c ph\u1ea9m tr\u00e1i c\u00e2y ng\u00e2m \u0111\u01b0\u1eddng.<br \/>\n        V\u1edbi nhi\u1ec1u n\u0103m kinh nghi\u1ec7m ho\u1ea1t \u0111\u1ed9ng, ch\u00fang t\u00f4i kh\u00f4ng ng\u1eebng c\u1ea3i ti\u1ebfn \u0111\u1ec3 mang \u0111\u1ebfn nh\u1eefng s\u1ea3n ph\u1ea9m th\u01a1m ngon,<br \/>\n        an to\u00e0n v\u00e0 \u0111\u00e1p \u1ee9ng m\u1ecdi nhu c\u1ea7u \u1ea9m th\u1ef1c c\u1ee7a ng\u01b0\u1eddi ti\u00eau d\u00f9ng.\n    <\/p>\n<h2 class=\"py-2 my-4 text-2xl font-bold border-green-500 border-y border-opacity-10\">T\u1ea7m Nh\u00ecn v\u00e0 S\u1ee9 M\u1ec7nh<\/h2>\n<p class=\"mb-4 leading-relaxed\">\n        <strong class=\"font-cal-sans\">T\u1ea7m nh\u00ecn:<\/strong> Tr\u1edf th\u00e0nh th\u01b0\u01a1ng hi\u1ec7u th\u1ef1c ph\u1ea9m uy t\u00edn, \u0111\u01b0\u1ee3c kh\u00e1ch h\u00e0ng tin t\u01b0\u1edfng<br \/>\n        v\u00e0 l\u1ef1a ch\u1ecdn b\u1edfi ch\u1ea5t l\u01b0\u1ee3ng v\u01b0\u1ee3t tr\u1ed9i v\u00e0 s\u1ef1 \u0111a d\u1ea1ng trong s\u1ea3n ph\u1ea9m.\n    <\/p>\n<p class=\"mb-4 leading-relaxed\">\n        <strong class=\"font-cal-sans\">S\u1ee9 m\u1ec7nh:<\/strong> Mang \u0111\u1ebfn nh\u1eefng s\u1ea3n ph\u1ea9m ch\u1ea5t l\u01b0\u1ee3ng cao, an to\u00e0n, mang l\u1ea1i s\u1ef1 h\u00e0i l\u00f2ng<br \/>\n        cho kh\u00e1ch h\u00e0ng th\u00f4ng qua d\u1ecbch v\u1ee5 t\u1eadn t\u00e2m, \u0111\u1ed3ng th\u1eddi \u0111\u00f3ng g\u00f3p v\u00e0o s\u1ef1 ph\u00e1t tri\u1ec3n c\u1ed9ng \u0111\u1ed3ng.\n    <\/p>\n<h2 class=\"py-2 my-4 text-2xl font-bold border-green-500 border-y border-opacity-10\">Gi\u00e1 Tr\u1ecb C\u1ed1t L\u00f5i<\/h2>\n<ul class=\"mb-4 space-y-1 list-none\">\n<li class=\"flex items-center gap-3 leading-relaxed text-gray-800 \"><div class=\"flex items-center justify-center w-5 h-5 bg-red-100 rounded-full shrink-0\"><svg class=\"w-3 h-3 text-red-600\" fill=\"none\" stroke=\"currentColor\" stroke- viewBox=\"0 0 24 24\"><path stroke-linecap=\"round\" stroke-linejoin=\"round\" d=\"M5 13l4 4L19 7\" \/><\/svg><\/div><div class=\"flex-1\"><strong class=\"font-cal-sans\">Ch\u1ea5t l\u01b0\u1ee3ng:<\/strong> Lu\u00f4n \u0111\u1eb7t ch\u1ea5t l\u01b0\u1ee3ng l\u00ean h\u00e0ng \u0111\u1ea7u, t\u1eeb nguy\u00ean li\u1ec7u \u0111\u1ea7u v\u00e0o \u0111\u1ebfn quy tr\u00ecnh s\u1ea3n xu\u1ea5t.<\/div><\/li>\n<li class=\"flex items-center gap-3 leading-relaxed text-gray-800 \"><div class=\"flex items-center justify-center w-5 h-5 bg-red-100 rounded-full shrink-0\"><svg class=\"w-3 h-3 text-red-600\" fill=\"none\" stroke=\"currentColor\" stroke- viewBox=\"0 0 24 24\"><path stroke-linecap=\"round\" stroke-linejoin=\"round\" d=\"M5 13l4 4L19 7\" \/><\/svg><\/div><div class=\"flex-1\"><strong class=\"font-cal-sans\">An to\u00e0n:<\/strong> Tu\u00e2n th\u1ee7 nghi\u00eam ng\u1eb7t ti\u00eau chu\u1ea9n v\u1ec7 sinh an to\u00e0n th\u1ef1c ph\u1ea9m.<\/div><\/li>\n<li class=\"flex items-center gap-3 leading-relaxed text-gray-800 \"><div class=\"flex items-center justify-center w-5 h-5 bg-red-100 rounded-full shrink-0\"><svg class=\"w-3 h-3 text-red-600\" fill=\"none\" stroke=\"currentColor\" stroke- viewBox=\"0 0 24 24\"><path stroke-linecap=\"round\" stroke-linejoin=\"round\" d=\"M5 13l4 4L19 7\" \/><\/svg><\/div><div class=\"flex-1\"><strong class=\"font-cal-sans\">Uy t\u00edn:<\/strong> X\u00e2y d\u1ef1ng ni\u1ec1m tin qua s\u1ef1 minh b\u1ea1ch, tr\u00e1ch nhi\u1ec7m v\u00e0 t\u1eadn t\u00e2m.<\/div><\/li>\n<li class=\"flex items-center gap-3 leading-relaxed text-gray-800 \"><div class=\"flex items-center justify-center w-5 h-5 bg-red-100 rounded-full shrink-0\"><svg class=\"w-3 h-3 text-red-600\" fill=\"none\" stroke=\"currentColor\" stroke- viewBox=\"0 0 24 24\"><path stroke-linecap=\"round\" stroke-linejoin=\"round\" d=\"M5 13l4 4L19 7\" \/><\/svg><\/div><div class=\"flex-1\"><strong class=\"font-cal-sans\">S\u00e1ng t\u1ea1o:<\/strong> Kh\u00f4ng ng\u1eebng nghi\u00ean c\u1ee9u, ph\u00e1t tri\u1ec3n s\u1ea3n ph\u1ea9m m\u1edbi theo xu h\u01b0\u1edbng th\u1ecb tr\u01b0\u1eddng.<\/div><\/li>\n<li class=\"flex items-center gap-3 leading-relaxed text-gray-800 \"><div class=\"flex items-center justify-center w-5 h-5 bg-red-100 rounded-full shrink-0\"><svg class=\"w-3 h-3 text-red-600\" fill=\"none\" stroke=\"currentColor\" stroke- viewBox=\"0 0 24 24\"><path stroke-linecap=\"round\" stroke-linejoin=\"round\" d=\"M5 13l4 4L19 7\" \/><\/svg><\/div><div class=\"flex-1\"><strong class=\"font-cal-sans\">Ph\u00e1t tri\u1ec3n b\u1ec1n v\u1eefng:<\/strong> \u01afu ti\u00ean s\u1ea3n xu\u1ea5t th\u00e2n thi\u1ec7n m\u00f4i tr\u01b0\u1eddng, \u0111\u00f3ng g\u00f3p cho c\u1ed9ng \u0111\u1ed3ng.<\/div><\/li>\n<\/ul>\n<h2 class=\"py-2 my-4 text-2xl font-bold border-green-500 border-y border-opacity-10\">S\u1ea3n Ph\u1ea9m Ch\u1ee7 L\u1ef1c<\/h2>\n<ul class=\"mb-4 space-y-1 list-none\">\n<li class=\"flex items-center gap-3 leading-relaxed text-gray-800 \"><div class=\"flex items-center justify-center w-5 h-5 bg-red-100 rounded-full shrink-0\"><svg class=\"w-3 h-3 text-red-600\" fill=\"none\" stroke=\"currentColor\" stroke- viewBox=\"0 0 24 24\"><path stroke-linecap=\"round\" stroke-linejoin=\"round\" d=\"M5 13l4 4L19 7\" \/><\/svg><\/div><div class=\"flex-1\">S\u1ea5u ng\u00e2m \u0111\u01b0\u1eddng<\/div><\/li>\n<li class=\"flex items-center gap-3 leading-relaxed text-gray-800 \"><div class=\"flex items-center justify-center w-5 h-5 bg-red-100 rounded-full shrink-0\"><svg class=\"w-3 h-3 text-red-600\" fill=\"none\" stroke=\"currentColor\" stroke- viewBox=\"0 0 24 24\"><path stroke-linecap=\"round\" stroke-linejoin=\"round\" d=\"M5 13l4 4L19 7\" \/><\/svg><\/div><div class=\"flex-1\">M\u01a1 ng\u00e2m \u0111\u01b0\u1eddng<\/div><\/li>\n<li class=\"flex items-center gap-3 leading-relaxed text-gray-800 \"><div class=\"flex items-center justify-center w-5 h-5 bg-red-100 rounded-full shrink-0\"><svg class=\"w-3 h-3 text-red-600\" fill=\"none\" stroke=\"currentColor\" stroke- viewBox=\"0 0 24 24\"><path stroke-linecap=\"round\" stroke-linejoin=\"round\" d=\"M5 13l4 4L19 7\" \/><\/svg><\/div><div class=\"flex-1\">D\u00e2u t\u1eb1m ng\u00e2m \u0111\u01b0\u1eddng<\/div><\/li>\n<li class=\"flex items-center gap-3 leading-relaxed text-gray-800 \"><div class=\"flex items-center justify-center w-5 h-5 bg-red-100 rounded-full shrink-0\"><svg class=\"w-3 h-3 text-red-600\" fill=\"none\" stroke=\"currentColor\" stroke- viewBox=\"0 0 24 24\"><path stroke-linecap=\"round\" stroke-linejoin=\"round\" d=\"M5 13l4 4L19 7\" \/><\/svg><\/div><div class=\"flex-1\">Hoa Atiso \u0111\u1ecf ng\u00e2m \u0111\u01b0\u1eddng<\/div><\/li>\n<\/ul>\n<p class=\"mb-4 leading-relaxed\">\n        T\u1ea5t c\u1ea3 s\u1ea3n ph\u1ea9m \u0111\u01b0\u1ee3c s\u1ea3n xu\u1ea5t theo ti\u00eau chu\u1ea9n v\u1ec7 sinh an to\u00e0n th\u1ef1c ph\u1ea9m,<br \/>\n        v\u1edbi nguy\u00ean li\u1ec7u t\u01b0\u01a1i ngon v\u00e0 ngu\u1ed3n g\u1ed1c r\u00f5 r\u00e0ng.\n    <\/p>\n<h2 class=\"py-2 my-4 text-2xl font-bold border-green-500 border-y border-opacity-10\">Cam K\u1ebft V\u1edbi Kh\u00e1ch H\u00e0ng v\u00e0 \u0110\u1ed1i T\u00e1c<\/h2>\n<ul class=\"mb-4 space-y-1 list-none\">\n<li class=\"flex items-center gap-3 leading-relaxed text-gray-800 \"><div class=\"flex items-center justify-center w-5 h-5 bg-red-100 rounded-full shrink-0\"><svg class=\"w-3 h-3 text-red-600\" fill=\"none\" stroke=\"currentColor\" stroke- viewBox=\"0 0 24 24\"><path stroke-linecap=\"round\" stroke-linejoin=\"round\" d=\"M5 13l4 4L19 7\" \/><\/svg><\/div><div class=\"flex-1\">Cung c\u1ea5p s\u1ea3n ph\u1ea9m ch\u1ea5t l\u01b0\u1ee3ng cao, an to\u00e0n v\u1edbi gi\u00e1 c\u1ea1nh tranh.<\/div><\/li>\n<li class=\"flex items-center gap-3 leading-relaxed text-gray-800 \"><div class=\"flex items-center justify-center w-5 h-5 bg-red-100 rounded-full shrink-0\"><svg class=\"w-3 h-3 text-red-600\" fill=\"none\" stroke=\"currentColor\" stroke- viewBox=\"0 0 24 24\"><path stroke-linecap=\"round\" stroke-linejoin=\"round\" d=\"M5 13l4 4L19 7\" \/><\/svg><\/div><div class=\"flex-1\">D\u1ecbch v\u1ee5 t\u1eadn t\u00e2m, chu \u0111\u00e1o v\u00e0 chuy\u00ean nghi\u1ec7p.<\/div><\/li>\n<li class=\"flex items-center gap-3 leading-relaxed text-gray-800 \"><div class=\"flex items-center justify-center w-5 h-5 bg-red-100 rounded-full shrink-0\"><svg class=\"w-3 h-3 text-red-600\" fill=\"none\" stroke=\"currentColor\" stroke- viewBox=\"0 0 24 24\"><path stroke-linecap=\"round\" stroke-linejoin=\"round\" d=\"M5 13l4 4L19 7\" \/><\/svg><\/div><div class=\"flex-1\">X\u00e2y d\u1ef1ng m\u1ed1i quan h\u1ec7 h\u1ee3p t\u00e1c b\u1ec1n v\u1eefng, \u0111\u00f4i b\u00ean c\u00f9ng c\u00f3 l\u1ee3i.<\/div><\/li>\n<\/ul>\n<p class=\"mb-4 leading-relaxed\">\n        Ch\u00fang t\u00f4i tin r\u1eb1ng, v\u1edbi s\u1ef1 n\u1ed7 l\u1ef1c v\u00e0 nhi\u1ec7t huy\u1ebft,<br \/>\n        Pricot s\u1ebd ti\u1ebfp t\u1ee5c ph\u00e1t tri\u1ec3n v\u00e0 kh\u1eb3ng \u0111\u1ecbnh v\u1ecb th\u1ebf tr\u00ean th\u1ecb tr\u01b0\u1eddng.\n    <\/p>\n<h2 class=\"py-2 my-4 text-2xl font-bold border-green-500 border-y border-opacity-10\">Th\u00f4ng Tin Li\u00ean H\u1ec7<\/h2>\n<p class=\"mb-4 leading-relaxed\">\u0110\u1ecba ch\u1ec9: S\u1ed1 1349, T\u1ec9nh L\u1ed9 8, X\u00e3 Trung An, Huy\u1ec7n C\u1ee7 Chi, TP. HCM<\/p>\n<p class=\"mb-4 leading-relaxed\">\u0110i\u1ec7n tho\u1ea1i: 0978379195<\/p>\n<p class=\"mb-4 leading-relaxed\">Email: Thanhphuongfood25@gmail.com<\/p>\n<p class=\"mb-4 leading-relaxed\">Website: <a href=\"https:\/\/pricot.vn\" class=\"text-red-900\">pricot.vn<\/a><\/p>\n<\/section>\n","protected":false},"excerpt":{"rendered":"<p class=\"mb-4 leading-relaxed\">K\u00ednh ch\u00e0o qu\u00fd \u0111\u1ed1i t\u00e1c v\u00e0 qu\u00fd kh\u00e1ch h\u00e0ng! C\u00f4ng ty Pricot t\u1ef1 h\u00e0o l\u00e0 m\u1ed9t trong nh\u1eefng \u0111\u01a1n v\u1ecb uy t\u00edn v\u00e0 ch\u1ea5t l\u01b0\u1ee3ng h\u00e0ng \u0111\u1ea7u trong l\u0129nh v\u1ef1c s\u1ea3n xu\u1ea5t v\u00e0 ph\u00e2n ph\u1ed1i th\u1ef1c ph\u1ea9m tr\u00e1i c\u00e2y ng\u00e2m \u0111\u01b0\u1eddng. V\u1edbi nhi\u1ec1u n\u0103m kinh nghi\u1ec7m ho\u1ea1t \u0111\u1ed9ng, ch\u00fang t\u00f4i kh\u00f4ng ng\u1eebng c\u1ea3i ti\u1ebfn \u0111\u1ec3 [&hellip;]<\/p>\n","protected":false},"author":1,"featured_media":0,"parent":0,"menu_order":0,"comment_status":"closed","ping_status":"closed","template":"","meta":{"footnotes":""},"class_list":["post-25","page","type-page","status-publish","hentry"],"meta_box":{"ztteam_hero_button1_text":"","ztteam_hero_button1_link":"","ztteam_hero_button2_text":"","ztteam_hero_button2_link":"","ztteam_hero_stat1_number":"","ztteam_hero_stat1_label":"","ztteam_hero_stat1_icon":"","ztteam_hero_stat2_number":"","ztteam_hero_stat2_label":"","ztteam_hero_stat2_icon":"","ztteam_hero_stat3_number":"","ztteam_hero_stat3_label":"","ztteam_hero_stat3_icon":"","ztteam_features_group":[],"ztteam_features_cta_main_text":"","ztteam_features_cta_sub_text":"","ztteam_why_title_part1":"","ztteam_why_title_part1_color":"","ztteam_why_title_part2":"","ztteam_why_title_part2_color":"","ztteam_why_title_part3":"","ztteam_why_title_part3_color":"","ztteam_why_features_group":[],"ztteam_why_cta_title":"","ztteam_why_cta_description":"","ztteam_why_cta_button1_text":"","ztteam_why_cta_button1_link":"","ztteam_why_cta_button2_text":"","ztteam_why_cta_button2_link":"","ztteam_why_trust_group":[],"ztteam_gallery_images":[],"ztteam_gallery_videos":[]},"_links":{"self":[{"href":"https:\/\/dev.wptheme.store\/s\/wppricot\/wp-json\/wp\/v2\/pages\/25","targetHints":{"allow":["GET"]}}],"collection":[{"href":"https:\/\/dev.wptheme.store\/s\/wppricot\/wp-json\/wp\/v2\/pages"}],"about":[{"href":"https:\/\/dev.wptheme.store\/s\/wppricot\/wp-json\/wp\/v2\/types\/page"}],"author":[{"embeddable":true,"href":"https:\/\/dev.wptheme.store\/s\/wppricot\/wp-json\/wp\/v2\/users\/1"}],"replies":[{"embeddable":true,"href":"https:\/\/dev.wptheme.store\/s\/wppricot\/wp-json\/wp\/v2\/comments?post=25"}],"version-history":[{"count":5,"href":"https:\/\/dev.wptheme.store\/s\/wppricot\/wp-json\/wp\/v2\/pages\/25\/revisions"}],"predecessor-version":[{"id":130,"href":"https:\/\/dev.wptheme.store\/s\/wppricot\/wp-json\/wp\/v2\/pages\/25\/revisions\/130"}],"wp:attachment":[{"href":"https:\/\/dev.wptheme.store\/s\/wppricot\/wp-json\/wp\/v2\/media?parent=25"}],"curies":[{"name":"wp","href":"https:\/\/api.w.org\/{rel}","templated":true}]}}