{"id":75,"date":"2025-09-07T18:28:51","date_gmt":"2025-09-07T11:28:51","guid":{"rendered":"https:\/\/dev.wptheme.store\/s\/wppricot\/?page_id=75"},"modified":"2025-09-07T22:15:34","modified_gmt":"2025-09-07T15:15:34","slug":"chinh-sach-giao-hang","status":"publish","type":"page","link":"https:\/\/dev.wptheme.store\/s\/wppricot\/chinh-sach-giao-hang\/","title":{"rendered":"Ch\u00ednh s\u00e1ch giao h\u00e0ng"},"content":{"rendered":"<section>\n<h2 class=\"py-2 my-4 text-2xl font-bold border-green-500 border-y border-opacity-10\">Ch\u00ednh S\u00e1ch Giao H\u00e0ng<\/h2>\n<p class=\"mb-4 leading-relaxed\">\n        <strong class=\"font-cal-sans\">C\u00f4ng ty TNHH \u0110\u1eb7c S\u1ea3n Thanh Ph\u01b0\u01a1ng<\/strong> lu\u00f4n h\u01b0\u1edbng \u0111\u1ebfn vi\u1ec7c cung c\u1ea5p d\u1ecbch v\u1ee5 v\u1eadn chuy\u1ec3n t\u1ed1t nh\u1ea5t<br \/>\n        v\u1edbi m\u1ee9c ph\u00ed c\u1ea1nh tranh cho t\u1ea5t c\u1ea3 c\u00e1c \u0111\u01a1n h\u00e0ng c\u1ee7a qu\u00fd kh\u00e1ch.<br \/>\n        Ch\u00fang t\u00f4i h\u1ed7 tr\u1ee3 giao h\u00e0ng tr\u00ean to\u00e0n qu\u1ed1c v\u1edbi ch\u00ednh s\u00e1ch c\u1ee5 th\u1ec3 nh\u01b0 sau:\n    <\/p>\n<h3 class=\"py-2 my-4 text-xl font-bold\">1. Ph\u00ed giao h\u00e0ng<\/h3>\n<ul class=\"mb-4 space-y-1 list-none\">\n<li class=\"flex items-center gap-3 leading-relaxed text-gray-800 \"><div class=\"flex items-center justify-center w-5 h-5 bg-red-100 rounded-full shrink-0\"><svg class=\"w-3 h-3 text-red-600\" fill=\"none\" stroke=\"currentColor\" stroke- viewBox=\"0 0 24 24\"><path stroke-linecap=\"round\" stroke-linejoin=\"round\" d=\"M5 13l4 4L19 7\" \/><\/svg><\/div><div class=\"flex-1\"><strong class=\"font-cal-sans\">Khu v\u1ef1c n\u1ed9i th\u00e0nh TP. H\u1ed3 Ch\u00ed Minh:<\/strong><br \/>\n            Chi ph\u00ed giao h\u00e0ng s\u1ebd \u0111\u01b0\u1ee3c th\u1ecfa thu\u1eadn t\u00f9y theo s\u1ed1 l\u01b0\u1ee3ng v\u00e0 gi\u00e1 tr\u1ecb \u0111\u01a1n h\u00e0ng.<\/div><\/li>\n<li class=\"flex items-center gap-3 leading-relaxed text-gray-800 \"><div class=\"flex items-center justify-center w-5 h-5 bg-red-100 rounded-full shrink-0\"><svg class=\"w-3 h-3 text-red-600\" fill=\"none\" stroke=\"currentColor\" stroke- viewBox=\"0 0 24 24\"><path stroke-linecap=\"round\" stroke-linejoin=\"round\" d=\"M5 13l4 4L19 7\" \/><\/svg><\/div><div class=\"flex-1\"><strong class=\"font-cal-sans\">C\u00e1c t\u1ec9nh\/th\u00e0nh ph\u1ed1 kh\u00e1c:<\/strong><br \/>\n            Ch\u00fang t\u00f4i giao h\u00e0ng t\u1eadn n\u01a1i th\u00f4ng qua c\u00e1c \u0111\u01a1n v\u1ecb v\u1eadn chuy\u1ec3n h\u1ee3p t\u00e1c<br \/>\n            ho\u1eb7c theo y\u00eau c\u1ea7u ri\u00eang c\u1ee7a kh\u00e1ch h\u00e0ng.<\/div><\/li>\n<\/ul>\n<h3 class=\"py-2 my-4 text-xl font-bold\">2. Th\u1eddi gian giao h\u00e0ng<\/h3>\n<p class=\"mb-4 leading-relaxed\">\n        Thanh Ph\u01b0\u01a1ng Food s\u1ebd y\u00eau c\u1ea7u \u0111\u01a1n v\u1ecb v\u1eadn chuy\u1ec3n giao h\u00e0ng cho qu\u00fd kh\u00e1ch<br \/>\n        trong th\u1eddi gian \u0111\u00e3 th\u1ecfa thu\u1eadn khi qu\u00fd kh\u00e1ch ho\u00e0n t\u1ea5t th\u1ee7 t\u1ee5c \u0111\u1eb7t h\u00e0ng.<br \/>\n        Th\u1eddi gian v\u1eadn chuy\u1ec3n th\u00f4ng th\u01b0\u1eddng t\u1eeb <strong class=\"font-cal-sans\">1 &#8211; 2 ng\u00e0y<\/strong> t\u00f9y khu v\u1ef1c.\n    <\/p>\n<p class=\"mb-4 leading-relaxed\">\n        \u0110\u1ec3 ki\u1ec3m tra th\u00f4ng tin ho\u1eb7c t\u00ecnh tr\u1ea1ng \u0111\u01a1n h\u00e0ng, vui l\u00f2ng li\u00ean h\u1ec7 b\u1ed9 ph\u1eadn<br \/>\n        Ch\u0103m s\u00f3c kh\u00e1ch h\u00e0ng c\u1ee7a ch\u00fang t\u00f4i.\n    <\/p>\n<h3 class=\"py-2 my-4 text-xl font-bold\">3. Quy tr\u00ecnh nh\u1eadn h\u00e0ng<\/h3>\n<ul class=\"mb-4 space-y-1 list-none\">\n<li class=\"flex items-center gap-3 leading-relaxed text-gray-800 \"><div class=\"flex items-center justify-center w-5 h-5 bg-red-100 rounded-full shrink-0\"><svg class=\"w-3 h-3 text-red-600\" fill=\"none\" stroke=\"currentColor\" stroke- viewBox=\"0 0 24 24\"><path stroke-linecap=\"round\" stroke-linejoin=\"round\" d=\"M5 13l4 4L19 7\" \/><\/svg><\/div><div class=\"flex-1\">Qu\u00fd kh\u00e1ch vui l\u00f2ng thanh to\u00e1n v\u00e0 k\u00fd x\u00e1c nh\u1eadn v\u1edbi nh\u00e2n vi\u00ean giao h\u00e0ng tr\u01b0\u1edbc khi nh\u1eadn h\u00e0ng.<\/div><\/li>\n<li class=\"flex items-center gap-3 leading-relaxed text-gray-800 \"><div class=\"flex items-center justify-center w-5 h-5 bg-red-100 rounded-full shrink-0\"><svg class=\"w-3 h-3 text-red-600\" fill=\"none\" stroke=\"currentColor\" stroke- viewBox=\"0 0 24 24\"><path stroke-linecap=\"round\" stroke-linejoin=\"round\" d=\"M5 13l4 4L19 7\" \/><\/svg><\/div><div class=\"flex-1\">Ki\u1ec3m tra k\u1ef9 s\u1ea3n ph\u1ea9m ngay khi nh\u1eadn. N\u1ebfu ph\u00e1t hi\u1ec7n l\u1ed7i ho\u1eb7c khi\u1ebfm khuy\u1ebft, c\u1ea7n b\u00e1o ngay cho ch\u00fang t\u00f4i.<\/div><\/li>\n<li class=\"flex items-center gap-3 leading-relaxed text-gray-800 \"><div class=\"flex items-center justify-center w-5 h-5 bg-red-100 rounded-full shrink-0\"><svg class=\"w-3 h-3 text-red-600\" fill=\"none\" stroke=\"currentColor\" stroke- viewBox=\"0 0 24 24\"><path stroke-linecap=\"round\" stroke-linejoin=\"round\" d=\"M5 13l4 4L19 7\" \/><\/svg><\/div><div class=\"flex-1\">Gi\u1eef l\u1ea1i bi\u00ean lai v\u1eadn chuy\u1ec3n \u0111\u1ec3 \u0111\u1ed1i chi\u1ebfu khi c\u1ea7n thi\u1ebft.<\/div><\/li>\n<\/ul>\n<\/section>\n","protected":false},"excerpt":{"rendered":"<p class=\"mb-4 leading-relaxed\">Ch\u00ednh S\u00e1ch Giao H\u00e0ng C\u00f4ng ty TNHH \u0110\u1eb7c S\u1ea3n Thanh Ph\u01b0\u01a1ng lu\u00f4n h\u01b0\u1edbng \u0111\u1ebfn vi\u1ec7c cung c\u1ea5p d\u1ecbch v\u1ee5 v\u1eadn chuy\u1ec3n t\u1ed1t nh\u1ea5t v\u1edbi m\u1ee9c ph\u00ed c\u1ea1nh tranh cho t\u1ea5t c\u1ea3 c\u00e1c \u0111\u01a1n h\u00e0ng c\u1ee7a qu\u00fd kh\u00e1ch. Ch\u00fang t\u00f4i h\u1ed7 tr\u1ee3 giao h\u00e0ng tr\u00ean to\u00e0n qu\u1ed1c v\u1edbi ch\u00ednh s\u00e1ch c\u1ee5 th\u1ec3 nh\u01b0 sau: 1. Ph\u00ed [&hellip;]<\/p>\n","protected":false},"author":1,"featured_media":0,"parent":0,"menu_order":0,"comment_status":"closed","ping_status":"closed","template":"","meta":{"footnotes":""},"class_list":["post-75","page","type-page","status-publish","hentry"],"meta_box":{"ztteam_hero_button1_text":"","ztteam_hero_button1_link":"","ztteam_hero_button2_text":"","ztteam_hero_button2_link":"","ztteam_hero_stat1_number":"","ztteam_hero_stat1_label":"","ztteam_hero_stat1_icon":"","ztteam_hero_stat2_number":"","ztteam_hero_stat2_label":"","ztteam_hero_stat2_icon":"","ztteam_hero_stat3_number":"","ztteam_hero_stat3_label":"","ztteam_hero_stat3_icon":"","ztteam_features_group":[],"ztteam_features_cta_main_text":"","ztteam_features_cta_sub_text":"","ztteam_why_title_part1":"","ztteam_why_title_part1_color":"","ztteam_why_title_part2":"","ztteam_why_title_part2_color":"","ztteam_why_title_part3":"","ztteam_why_title_part3_color":"","ztteam_why_features_group":[],"ztteam_why_cta_title":"","ztteam_why_cta_description":"","ztteam_why_cta_button1_text":"","ztteam_why_cta_button1_link":"","ztteam_why_cta_button2_text":"","ztteam_why_cta_button2_link":"","ztteam_why_trust_group":[],"ztteam_gallery_images":[],"ztteam_gallery_videos":[]},"_links":{"self":[{"href":"https:\/\/dev.wptheme.store\/s\/wppricot\/wp-json\/wp\/v2\/pages\/75","targetHints":{"allow":["GET"]}}],"collection":[{"href":"https:\/\/dev.wptheme.store\/s\/wppricot\/wp-json\/wp\/v2\/pages"}],"about":[{"href":"https:\/\/dev.wptheme.store\/s\/wppricot\/wp-json\/wp\/v2\/types\/page"}],"author":[{"embeddable":true,"href":"https:\/\/dev.wptheme.store\/s\/wppricot\/wp-json\/wp\/v2\/users\/1"}],"replies":[{"embeddable":true,"href":"https:\/\/dev.wptheme.store\/s\/wppricot\/wp-json\/wp\/v2\/comments?post=75"}],"version-history":[{"count":1,"href":"https:\/\/dev.wptheme.store\/s\/wppricot\/wp-json\/wp\/v2\/pages\/75\/revisions"}],"predecessor-version":[{"id":82,"href":"https:\/\/dev.wptheme.store\/s\/wppricot\/wp-json\/wp\/v2\/pages\/75\/revisions\/82"}],"wp:attachment":[{"href":"https:\/\/dev.wptheme.store\/s\/wppricot\/wp-json\/wp\/v2\/media?parent=75"}],"curies":[{"name":"wp","href":"https:\/\/api.w.org\/{rel}","templated":true}]}}