{"id":76,"date":"2025-09-07T18:28:49","date_gmt":"2025-09-07T11:28:49","guid":{"rendered":"https:\/\/dev.wptheme.store\/s\/wppricot\/?page_id=76"},"modified":"2025-09-07T22:16:47","modified_gmt":"2025-09-07T15:16:47","slug":"chinh-sach-doi-tra","status":"publish","type":"page","link":"https:\/\/dev.wptheme.store\/s\/wppricot\/chinh-sach-doi-tra\/","title":{"rendered":"Ch\u00ednh s\u00e1ch \u0111\u1ed5i tr\u1ea3"},"content":{"rendered":"<section>\n<h2 class=\"py-2 my-4 text-2xl font-bold border-green-500 border-y border-opacity-10\">\u0110i\u1ec1u Ki\u1ec7n \u0110\u1ed5i Tr\u1ea3<\/h2>\n<h3 class=\"py-2 my-4 text-xl font-bold\">1. Tr\u01b0\u1eddng h\u1ee3p \u0111\u01b0\u1ee3c \u0111\u1ed5i\/tr\u1ea3 h\u00e0ng<\/h3>\n<p class=\"mb-4 leading-relaxed\">Kh\u00e1ch h\u00e0ng c\u1ea7n ki\u1ec3m tra t\u00ecnh tr\u1ea1ng h\u00e0ng h\u00f3a ngay khi nh\u1eadn v\u00e0 c\u00f3 th\u1ec3 \u0111\u1ed5i ho\u1eb7c tr\u1ea3 h\u00e0ng trong c\u00e1c tr\u01b0\u1eddng h\u1ee3p sau:<\/p>\n<ul class=\"mb-4 space-y-1 list-none\">\n<li class=\"flex items-center gap-3 leading-relaxed text-gray-800 \"><div class=\"flex items-center justify-center w-5 h-5 bg-red-100 rounded-full shrink-0\"><svg class=\"w-3 h-3 text-red-600\" fill=\"none\" stroke=\"currentColor\" stroke- viewBox=\"0 0 24 24\"><path stroke-linecap=\"round\" stroke-linejoin=\"round\" d=\"M5 13l4 4L19 7\" \/><\/svg><\/div><div class=\"flex-1\">H\u00e0ng kh\u00f4ng \u0111\u00fang lo\u1ea1i ho\u1eb7c m\u1eabu m\u00e3 trong \u0111\u01a1n h\u00e0ng ho\u1eb7c hi\u1ec3n th\u1ecb tr\u00ean website t\u1ea1i th\u1eddi \u0111i\u1ec3m \u0111\u1eb7t.<\/div><\/li>\n<li class=\"flex items-center gap-3 leading-relaxed text-gray-800 \"><div class=\"flex items-center justify-center w-5 h-5 bg-red-100 rounded-full shrink-0\"><svg class=\"w-3 h-3 text-red-600\" fill=\"none\" stroke=\"currentColor\" stroke- viewBox=\"0 0 24 24\"><path stroke-linecap=\"round\" stroke-linejoin=\"round\" d=\"M5 13l4 4L19 7\" \/><\/svg><\/div><div class=\"flex-1\">Kh\u00f4ng \u0111\u1ee7 s\u1ed1 l\u01b0\u1ee3ng ho\u1eb7c kh\u00f4ng \u0111\u1ee7 b\u1ed9 nh\u01b0 trong \u0111\u01a1n h\u00e0ng.<\/div><\/li>\n<li class=\"flex items-center gap-3 leading-relaxed text-gray-800 \"><div class=\"flex items-center justify-center w-5 h-5 bg-red-100 rounded-full shrink-0\"><svg class=\"w-3 h-3 text-red-600\" fill=\"none\" stroke=\"currentColor\" stroke- viewBox=\"0 0 24 24\"><path stroke-linecap=\"round\" stroke-linejoin=\"round\" d=\"M5 13l4 4L19 7\" \/><\/svg><\/div><div class=\"flex-1\">Bao b\u00ec, s\u1ea3n ph\u1ea9m b\u1ecb r\u00e1ch, b\u1ec3 v\u1ee1 ho\u1eb7c h\u01b0 h\u1ecfng b\u00ean ngo\u00e0i.<\/div><\/li>\n<\/ul>\n<p class=\"mb-4 leading-relaxed\">Kh\u00e1ch h\u00e0ng c\u1ea7n cung c\u1ea5p gi\u1ea5y t\u1edd ho\u1eb7c b\u1eb1ng ch\u1ee9ng li\u00ean quan \u0111\u1ec3 ch\u1ee9ng minh s\u1ef1 thi\u1ebfu s\u00f3t nh\u1eb1m ho\u00e0n t\u1ea5t quy tr\u00ecnh \u0111\u1ed5i\/tr\u1ea3.<\/p>\n<h3 class=\"py-2 my-4 text-xl font-bold\">2. Th\u1eddi gian th\u00f4ng b\u00e1o v\u00e0 g\u1eedi s\u1ea3n ph\u1ea9m \u0111\u1ed5i\/tr\u1ea3<\/h3>\n<ul class=\"mb-4 space-y-1 list-none\">\n<li class=\"flex items-center gap-3 leading-relaxed text-gray-800 \"><div class=\"flex items-center justify-center w-5 h-5 bg-red-100 rounded-full shrink-0\"><svg class=\"w-3 h-3 text-red-600\" fill=\"none\" stroke=\"currentColor\" stroke- viewBox=\"0 0 24 24\"><path stroke-linecap=\"round\" stroke-linejoin=\"round\" d=\"M5 13l4 4L19 7\" \/><\/svg><\/div><div class=\"flex-1\">Th\u00f4ng b\u00e1o \u0111\u1ed5i\/tr\u1ea3: Trong v\u00f2ng <strong class=\"font-cal-sans\">48 gi\u1edd<\/strong> k\u1ec3 t\u1eeb khi nh\u1eadn h\u00e0ng \u0111\u1ed1i v\u1edbi tr\u01b0\u1eddng h\u1ee3p thi\u1ebfu ph\u1ee5 ki\u1ec7n, qu\u00e0 t\u1eb7ng ho\u1eb7c b\u1ec3 v\u1ee1.<\/div><\/li>\n<li class=\"flex items-center gap-3 leading-relaxed text-gray-800 \"><div class=\"flex items-center justify-center w-5 h-5 bg-red-100 rounded-full shrink-0\"><svg class=\"w-3 h-3 text-red-600\" fill=\"none\" stroke=\"currentColor\" stroke- viewBox=\"0 0 24 24\"><path stroke-linecap=\"round\" stroke-linejoin=\"round\" d=\"M5 13l4 4L19 7\" \/><\/svg><\/div><div class=\"flex-1\">G\u1eedi h\u00e0ng \u0111\u1ed5i\/tr\u1ea3: Trong v\u00f2ng <strong class=\"font-cal-sans\">7 ng\u00e0y<\/strong> k\u1ec3 t\u1eeb khi nh\u1eadn h\u00e0ng.<\/div><\/li>\n<li class=\"flex items-center gap-3 leading-relaxed text-gray-800 \"><div class=\"flex items-center justify-center w-5 h-5 bg-red-100 rounded-full shrink-0\"><svg class=\"w-3 h-3 text-red-600\" fill=\"none\" stroke=\"currentColor\" stroke- viewBox=\"0 0 24 24\"><path stroke-linecap=\"round\" stroke-linejoin=\"round\" d=\"M5 13l4 4L19 7\" \/><\/svg><\/div><div class=\"flex-1\">\u0110\u1ecba \u0111i\u1ec3m \u0111\u1ed5i\/tr\u1ea3: Kh\u00e1ch h\u00e0ng c\u00f3 th\u1ec3 mang tr\u1ef1c ti\u1ebfp \u0111\u1ebfn c\u1eeda h\u00e0ng\/v\u0103n ph\u00f2ng ho\u1eb7c g\u1eedi qua b\u01b0u \u0111i\u1ec7n\/d\u1ecbch v\u1ee5 giao h\u00e0ng.<\/div><\/li>\n<\/ul>\n<h3 class=\"py-2 my-4 text-xl font-bold\">3. Ngh\u0129a v\u1ee5 c\u1ee7a c\u00e1c b\u00ean trong giao d\u1ecbch<\/h3>\n<h4>Ngh\u0129a v\u1ee5 c\u1ee7a ng\u01b0\u1eddi b\u00e1n<\/h4>\n<ul class=\"mb-4 space-y-1 list-none\">\n<li class=\"flex items-center gap-3 leading-relaxed text-gray-800 \"><div class=\"flex items-center justify-center w-5 h-5 bg-red-100 rounded-full shrink-0\"><svg class=\"w-3 h-3 text-red-600\" fill=\"none\" stroke=\"currentColor\" stroke- viewBox=\"0 0 24 24\"><path stroke-linecap=\"round\" stroke-linejoin=\"round\" d=\"M5 13l4 4L19 7\" \/><\/svg><\/div><div class=\"flex-1\">Cung c\u1ea5p h\u00e0ng h\u00f3a \u0111\u00fang ch\u1ea5t l\u01b0\u1ee3ng, s\u1ed1 l\u01b0\u1ee3ng v\u00e0 m\u00f4 t\u1ea3 \u0111\u00e3 th\u1ecfa thu\u1eadn.<\/div><\/li>\n<li class=\"flex items-center gap-3 leading-relaxed text-gray-800 \"><div class=\"flex items-center justify-center w-5 h-5 bg-red-100 rounded-full shrink-0\"><svg class=\"w-3 h-3 text-red-600\" fill=\"none\" stroke=\"currentColor\" stroke- viewBox=\"0 0 24 24\"><path stroke-linecap=\"round\" stroke-linejoin=\"round\" d=\"M5 13l4 4L19 7\" \/><\/svg><\/div><div class=\"flex-1\">Giao h\u00e0ng \u0111\u00fang th\u1eddi gian, \u0111\u1ecba \u0111i\u1ec3m v\u00e0 \u0111i\u1ec1u ki\u1ec7n \u0111\u00e3 cam k\u1ebft.<\/div><\/li>\n<li class=\"flex items-center gap-3 leading-relaxed text-gray-800 \"><div class=\"flex items-center justify-center w-5 h-5 bg-red-100 rounded-full shrink-0\"><svg class=\"w-3 h-3 text-red-600\" fill=\"none\" stroke=\"currentColor\" stroke- viewBox=\"0 0 24 24\"><path stroke-linecap=\"round\" stroke-linejoin=\"round\" d=\"M5 13l4 4L19 7\" \/><\/svg><\/div><div class=\"flex-1\">Cung c\u1ea5p \u0111\u1ea7y \u0111\u1ee7 ch\u1ee9ng t\u1eeb c\u1ea7n thi\u1ebft: h\u00f3a \u0111\u01a1n, phi\u1ebfu b\u1ea3o h\u00e0nh, gi\u1ea5y t\u1edd v\u1eadn chuy\u1ec3n&#8230;<\/div><\/li>\n<li class=\"flex items-center gap-3 leading-relaxed text-gray-800 \"><div class=\"flex items-center justify-center w-5 h-5 bg-red-100 rounded-full shrink-0\"><svg class=\"w-3 h-3 text-red-600\" fill=\"none\" stroke=\"currentColor\" stroke- viewBox=\"0 0 24 24\"><path stroke-linecap=\"round\" stroke-linejoin=\"round\" d=\"M5 13l4 4L19 7\" \/><\/svg><\/div><div class=\"flex-1\">B\u1ea3o \u0111\u1ea3m h\u00e0ng h\u00f3a kh\u00f4ng vi ph\u1ea1m quy\u1ec1n l\u1ee3i h\u1ee3p ph\u00e1p c\u1ee7a b\u00ean th\u1ee9 ba.<\/div><\/li>\n<li class=\"flex items-center gap-3 leading-relaxed text-gray-800 \"><div class=\"flex items-center justify-center w-5 h-5 bg-red-100 rounded-full shrink-0\"><svg class=\"w-3 h-3 text-red-600\" fill=\"none\" stroke=\"currentColor\" stroke- viewBox=\"0 0 24 24\"><path stroke-linecap=\"round\" stroke-linejoin=\"round\" d=\"M5 13l4 4L19 7\" \/><\/svg><\/div><div class=\"flex-1\">Kh\u1eafc ph\u1ee5c sai s\u00f3t, b\u1ea3o h\u00e0nh ho\u1eb7c \u0111\u1ed5i tr\u1ea3 n\u1ebfu h\u00e0ng h\u00f3a b\u1ecb l\u1ed7i.<\/div><\/li>\n<\/ul>\n<h4>Ngh\u0129a v\u1ee5 c\u1ee7a kh\u00e1ch h\u00e0ng<\/h4>\n<ul class=\"mb-4 space-y-1 list-none\">\n<li class=\"flex items-center gap-3 leading-relaxed text-gray-800 \"><div class=\"flex items-center justify-center w-5 h-5 bg-red-100 rounded-full shrink-0\"><svg class=\"w-3 h-3 text-red-600\" fill=\"none\" stroke=\"currentColor\" stroke- viewBox=\"0 0 24 24\"><path stroke-linecap=\"round\" stroke-linejoin=\"round\" d=\"M5 13l4 4L19 7\" \/><\/svg><\/div><div class=\"flex-1\">Thanh to\u00e1n \u0111\u1ea7y \u0111\u1ee7 v\u00e0 \u0111\u00fang h\u1ea1n theo th\u1ecfa thu\u1eadn.<\/div><\/li>\n<li class=\"flex items-center gap-3 leading-relaxed text-gray-800 \"><div class=\"flex items-center justify-center w-5 h-5 bg-red-100 rounded-full shrink-0\"><svg class=\"w-3 h-3 text-red-600\" fill=\"none\" stroke=\"currentColor\" stroke- viewBox=\"0 0 24 24\"><path stroke-linecap=\"round\" stroke-linejoin=\"round\" d=\"M5 13l4 4L19 7\" \/><\/svg><\/div><div class=\"flex-1\">Nh\u1eadn h\u00e0ng \u0111\u00fang th\u1eddi gian v\u00e0 \u0111i\u1ec1u ki\u1ec7n \u0111\u00e3 cam k\u1ebft, \u0111\u1ed3ng th\u1eddi ki\u1ec3m tra h\u00e0ng h\u00f3a khi nh\u1eadn.<\/div><\/li>\n<li class=\"flex items-center gap-3 leading-relaxed text-gray-800 \"><div class=\"flex items-center justify-center w-5 h-5 bg-red-100 rounded-full shrink-0\"><svg class=\"w-3 h-3 text-red-600\" fill=\"none\" stroke=\"currentColor\" stroke- viewBox=\"0 0 24 24\"><path stroke-linecap=\"round\" stroke-linejoin=\"round\" d=\"M5 13l4 4L19 7\" \/><\/svg><\/div><div class=\"flex-1\">Th\u00f4ng b\u00e1o k\u1ecbp th\u1eddi cho ng\u01b0\u1eddi b\u00e1n n\u1ebfu ph\u00e1t hi\u1ec7n s\u1ea3n ph\u1ea9m b\u1ecb l\u1ed7i ho\u1eb7c kh\u00f4ng \u0111\u00fang th\u1ecfa thu\u1eadn.<\/div><\/li>\n<li class=\"flex items-center gap-3 leading-relaxed text-gray-800 \"><div class=\"flex items-center justify-center w-5 h-5 bg-red-100 rounded-full shrink-0\"><svg class=\"w-3 h-3 text-red-600\" fill=\"none\" stroke=\"currentColor\" stroke- viewBox=\"0 0 24 24\"><path stroke-linecap=\"round\" stroke-linejoin=\"round\" d=\"M5 13l4 4L19 7\" \/><\/svg><\/div><div class=\"flex-1\">Cung c\u1ea5p th\u00f4ng tin ch\u00ednh x\u00e1c v\u1ec1 y\u00eau c\u1ea7u, \u0111\u1ecba ch\u1ec9 giao h\u00e0ng v\u00e0 ph\u01b0\u01a1ng th\u1ee9c thanh to\u00e1n.<\/div><\/li>\n<\/ul>\n<p class=\"mb-4 leading-relaxed\">\n        M\u1ecdi \u00fd ki\u1ebfn \u0111\u00f3ng g\u00f3p ho\u1eb7c khi\u1ebfu n\u1ea1i li\u00ean quan \u0111\u1ebfn ch\u1ea5t l\u01b0\u1ee3ng s\u1ea3n ph\u1ea9m,<br \/>\n        vui l\u00f2ng li\u00ean h\u1ec7 b\u1ed9 ph\u1eadn ch\u0103m s\u00f3c kh\u00e1ch h\u00e0ng c\u1ee7a <strong class=\"font-cal-sans\">Thanh Ph\u01b0\u01a1ng Food<\/strong>.\n    <\/p>\n<\/section>\n","protected":false},"excerpt":{"rendered":"<p class=\"mb-4 leading-relaxed\">\u0110i\u1ec1u Ki\u1ec7n \u0110\u1ed5i Tr\u1ea3 1. Tr\u01b0\u1eddng h\u1ee3p \u0111\u01b0\u1ee3c \u0111\u1ed5i\/tr\u1ea3 h\u00e0ng Kh\u00e1ch h\u00e0ng c\u1ea7n ki\u1ec3m tra t\u00ecnh tr\u1ea1ng h\u00e0ng h\u00f3a ngay khi nh\u1eadn v\u00e0 c\u00f3 th\u1ec3 \u0111\u1ed5i ho\u1eb7c tr\u1ea3 h\u00e0ng trong c\u00e1c tr\u01b0\u1eddng h\u1ee3p sau: H\u00e0ng kh\u00f4ng \u0111\u00fang lo\u1ea1i ho\u1eb7c m\u1eabu m\u00e3 trong \u0111\u01a1n h\u00e0ng ho\u1eb7c hi\u1ec3n th\u1ecb tr\u00ean website t\u1ea1i th\u1eddi \u0111i\u1ec3m \u0111\u1eb7t. Kh\u00f4ng \u0111\u1ee7 [&hellip;]<\/p>\n","protected":false},"author":1,"featured_media":0,"parent":0,"menu_order":0,"comment_status":"closed","ping_status":"closed","template":"","meta":{"footnotes":""},"class_list":["post-76","page","type-page","status-publish","hentry"],"meta_box":{"ztteam_hero_button1_text":"","ztteam_hero_button1_link":"","ztteam_hero_button2_text":"","ztteam_hero_button2_link":"","ztteam_hero_stat1_number":"","ztteam_hero_stat1_label":"","ztteam_hero_stat1_icon":"","ztteam_hero_stat2_number":"","ztteam_hero_stat2_label":"","ztteam_hero_stat2_icon":"","ztteam_hero_stat3_number":"","ztteam_hero_stat3_label":"","ztteam_hero_stat3_icon":"","ztteam_features_group":[],"ztteam_features_cta_main_text":"","ztteam_features_cta_sub_text":"","ztteam_why_title_part1":"","ztteam_why_title_part1_color":"","ztteam_why_title_part2":"","ztteam_why_title_part2_color":"","ztteam_why_title_part3":"","ztteam_why_title_part3_color":"","ztteam_why_features_group":[],"ztteam_why_cta_title":"","ztteam_why_cta_description":"","ztteam_why_cta_button1_text":"","ztteam_why_cta_button1_link":"","ztteam_why_cta_button2_text":"","ztteam_why_cta_button2_link":"","ztteam_why_trust_group":[],"ztteam_gallery_images":[],"ztteam_gallery_videos":[]},"_links":{"self":[{"href":"https:\/\/dev.wptheme.store\/s\/wppricot\/wp-json\/wp\/v2\/pages\/76","targetHints":{"allow":["GET"]}}],"collection":[{"href":"https:\/\/dev.wptheme.store\/s\/wppricot\/wp-json\/wp\/v2\/pages"}],"about":[{"href":"https:\/\/dev.wptheme.store\/s\/wppricot\/wp-json\/wp\/v2\/types\/page"}],"author":[{"embeddable":true,"href":"https:\/\/dev.wptheme.store\/s\/wppricot\/wp-json\/wp\/v2\/users\/1"}],"replies":[{"embeddable":true,"href":"https:\/\/dev.wptheme.store\/s\/wppricot\/wp-json\/wp\/v2\/comments?post=76"}],"version-history":[{"count":1,"href":"https:\/\/dev.wptheme.store\/s\/wppricot\/wp-json\/wp\/v2\/pages\/76\/revisions"}],"predecessor-version":[{"id":81,"href":"https:\/\/dev.wptheme.store\/s\/wppricot\/wp-json\/wp\/v2\/pages\/76\/revisions\/81"}],"wp:attachment":[{"href":"https:\/\/dev.wptheme.store\/s\/wppricot\/wp-json\/wp\/v2\/media?parent=76"}],"curies":[{"name":"wp","href":"https:\/\/api.w.org\/{rel}","templated":true}]}}