{"id":78,"date":"2025-09-07T18:28:44","date_gmt":"2025-09-07T11:28:44","guid":{"rendered":"https:\/\/dev.wptheme.store\/s\/wppricot\/?page_id=78"},"modified":"2025-09-07T22:15:07","modified_gmt":"2025-09-07T15:15:07","slug":"dieu-khoan-su-dung","status":"publish","type":"page","link":"https:\/\/dev.wptheme.store\/s\/wppricot\/dieu-khoan-su-dung\/","title":{"rendered":"\u0110i\u1ec1u kho\u1ea3n s\u1eed d\u1ee5ng"},"content":{"rendered":"<section>\n<h2 class=\"py-2 my-4 text-2xl font-bold border-green-500 border-y border-opacity-10\">\u0110i\u1ec1u Kho\u1ea3n S\u1eed D\u1ee5ng<\/h2>\n<p class=\"mb-4 leading-relaxed\">\n        Khi b\u1ea1n truy c\u1eadp v\u00e0o Website <a href=\"https:\/\/pricot.vn\" target=\"_blank\" class=\"text-red-900\">https:\/\/pricot.vn<\/a><br \/>\n        c\u00f3 ngh\u0129a l\u00e0 b\u1ea1n \u0111\u1ed3ng \u00fd v\u1edbi c\u00e1c \u0111i\u1ec1u kho\u1ea3n n\u00e0y. Ch\u00fang t\u00f4i c\u00f3 quy\u1ec1n thay \u0111\u1ed5i, ch\u1ec9nh s\u1eeda, th\u00eam ho\u1eb7c<br \/>\n        l\u01b0\u1ee3c b\u1ecf b\u1ea5t k\u1ef3 ph\u1ea7n n\u00e0o trong \u0110i\u1ec1u ki\u1ec7n giao d\u1ecbch chung, v\u00e0o b\u1ea5t c\u1ee9 l\u00fac n\u00e0o. C\u00e1c thay \u0111\u1ed5i s\u1ebd c\u00f3<br \/>\n        hi\u1ec7u l\u1ef1c ngay khi \u0111\u01b0\u1ee3c \u0111\u0103ng t\u1ea3i tr\u00ean Website m\u00e0 kh\u00f4ng c\u1ea7n th\u00f4ng b\u00e1o tr\u01b0\u1edbc. Khi b\u1ea1n ti\u1ebfp t\u1ee5c s\u1eed d\u1ee5ng<br \/>\n        Website sau khi c\u00e1c thay \u0111\u1ed5i \u0111\u01b0\u1ee3c \u0111\u0103ng, \u0111\u1ed3ng ngh\u0129a v\u1edbi vi\u1ec7c b\u1ea1n ch\u1ea5p nh\u1eadn nh\u1eefng thay \u0111\u1ed5i \u0111\u00f3.<br \/>\n        Vui l\u00f2ng \u0111\u1ecdc k\u1ef9 tr\u01b0\u1edbc khi s\u1eed d\u1ee5ng d\u1ecbch v\u1ee5 c\u1ee7a ch\u00fang t\u00f4i.\n    <\/p>\n<h3 class=\"py-2 my-4 text-xl font-bold\">1. \u0110i\u1ec1u kho\u1ea3n chung<\/h3>\n<p class=\"mb-4 leading-relaxed\">\n        Ng\u01b0\u1eddi d\u00f9ng truy c\u1eadp Website \u0111\u1ec3 t\u00ecm hi\u1ec3u v\u1ec1 d\u1ecbch v\u1ee5 ch\u00fang t\u00f4i cung c\u1ea5p.<br \/>\n        Vi\u1ec7c \u0111\u0103ng k\u00fd t\u00e0i kho\u1ea3n kh\u00f4ng ph\u1ea3i l\u00e0 \u0111i\u1ec1u ki\u1ec7n b\u1eaft bu\u1ed9c.\n    <\/p>\n<p class=\"mb-4 leading-relaxed\">\n        Nghi\u00eam c\u1ea5m s\u1eed d\u1ee5ng b\u1ea5t k\u1ef3 ph\u1ea7n n\u00e0o c\u1ee7a Website v\u1edbi m\u1ee5c \u0111\u00edch th\u01b0\u01a1ng m\u1ea1i ho\u1eb7c nh\u00e2n danh<br \/>\n        b\u00ean th\u1ee9 ba n\u1ebfu kh\u00f4ng c\u00f3 s\u1ef1 cho ph\u00e9p b\u1eb1ng v\u0103n b\u1ea3n c\u1ee7a ch\u00fang t\u00f4i.\n    <\/p>\n<p class=\"mb-4 leading-relaxed\">\n        Ng\u01b0\u1eddi d\u00f9ng c\u1ea7n \u0111\u1ecdc k\u1ef9 c\u00e1c ch\u00ednh s\u00e1ch v\u00e0 quy tr\u00ecnh giao d\u1ecbch \u0111\u01b0\u1ee3c c\u00f4ng b\u1ed1 tr\u00ean Website<br \/>\n        tr\u01b0\u1edbc khi ti\u1ebfn h\u00e0nh giao d\u1ecbch \u0111\u1ec3 tr\u00e1nh c\u00e1c tranh ch\u1ea5p ph\u00e1t sinh.\n    <\/p>\n<h3 class=\"py-2 my-4 text-xl font-bold\">2. Ph\u1ea1m vi cung c\u1ea5p d\u1ecbch v\u1ee5<\/h3>\n<p class=\"mb-4 leading-relaxed\">\n        D\u1ecbch v\u1ee5 c\u1ee7a ch\u00fang t\u00f4i kh\u00f4ng gi\u1edbi h\u1ea1n v\u1ec1 th\u1eddi gian v\u00e0 \u0111\u1ecba l\u00fd. Ng\u01b0\u1eddi d\u00f9ng c\u00f3 th\u1ec3 truy c\u1eadp Website<br \/>\n        t\u1eeb b\u1ea5t k\u1ef3 \u0111\u00e2u v\u00e0 b\u1ea5t k\u1ef3 l\u00fac n\u00e0o \u0111\u1ec3 s\u1eed d\u1ee5ng d\u1ecbch v\u1ee5.\n    <\/p>\n<h3 class=\"py-2 my-4 text-xl font-bold\">3. Ho\u00e0n tr\u1ea3 ph\u00ed d\u1ecbch v\u1ee5<\/h3>\n<p class=\"mb-4 leading-relaxed\">\n        Ng\u01b0\u1eddi d\u00f9ng c\u1ea7n t\u00ecm hi\u1ec3u r\u00f5 d\u1ecbch v\u1ee5 tr\u01b0\u1edbc khi thanh to\u00e1n.<br \/>\n        M\u1ecdi kho\u1ea3n thanh to\u00e1n \u0111\u1ec1u kh\u00f4ng \u0111\u01b0\u1ee3c ho\u00e0n tr\u1ea3 trong b\u1ea5t k\u1ef3 tr\u01b0\u1eddng h\u1ee3p n\u00e0o.\n    <\/p>\n<h3 class=\"py-2 my-4 text-xl font-bold\">4. Ngh\u0129a v\u1ee5 c\u1ee7a c\u00e1c b\u00ean<\/h3>\n<ul class=\"mb-4 space-y-1 list-none\">\n<li class=\"flex items-center gap-3 leading-relaxed text-gray-800 \"><div class=\"flex items-center justify-center w-5 h-5 bg-red-100 rounded-full shrink-0\"><svg class=\"w-3 h-3 text-red-600\" fill=\"none\" stroke=\"currentColor\" stroke- viewBox=\"0 0 24 24\"><path stroke-linecap=\"round\" stroke-linejoin=\"round\" d=\"M5 13l4 4L19 7\" \/><\/svg><\/div><div class=\"flex-1\"><strong class=\"font-cal-sans\">Website:<\/strong> Duy tr\u00ec ho\u1ea1t \u0111\u1ed9ng \u1ed5n \u0111\u1ecbnh, \u0111\u1ea3m b\u1ea3o ch\u1ea5t l\u01b0\u1ee3ng d\u1ecbch v\u1ee5 nh\u01b0 \u0111\u00e3 th\u00f4ng b\u00e1o.<\/div><\/li>\n<li class=\"flex items-center gap-3 leading-relaxed text-gray-800 \"><div class=\"flex items-center justify-center w-5 h-5 bg-red-100 rounded-full shrink-0\"><svg class=\"w-3 h-3 text-red-600\" fill=\"none\" stroke=\"currentColor\" stroke- viewBox=\"0 0 24 24\"><path stroke-linecap=\"round\" stroke-linejoin=\"round\" d=\"M5 13l4 4L19 7\" \/><\/svg><\/div><div class=\"flex-1\"><strong class=\"font-cal-sans\">Ng\u01b0\u1eddi ti\u00eau d\u00f9ng:<\/strong> S\u1eed d\u1ee5ng d\u1ecbch v\u1ee5 b\u00ecnh th\u01b0\u1eddng, kh\u00f4ng x\u00e2m ph\u1ea1m quy\u1ec1n c\u1ee7a ng\u01b0\u1eddi d\u00f9ng kh\u00e1c v\u00e0 c\u1ee7a Website.<\/div><\/li>\n<\/ul>\n<h3 class=\"py-2 my-4 text-xl font-bold\">5. Th\u01b0\u01a1ng hi\u1ec7u v\u00e0 b\u1ea3n quy\u1ec1n<\/h3>\n<p class=\"mb-4 leading-relaxed\">\n        M\u1ecdi n\u1ed9i dung c\u1ee7a Website thu\u1ed9c quy\u1ec1n s\u1edf h\u1eefu tr\u00ed tu\u1ec7 c\u1ee7a ch\u00fang t\u00f4i, bao g\u1ed3m thi\u1ebft k\u1ebf, v\u0103n b\u1ea3n,<br \/>\n        \u0111\u1ed3 h\u1ecda, ph\u1ea7n m\u1ec1m, h\u00ecnh \u1ea3nh, video, \u00e2m thanh, m\u00e3 ngu\u1ed3n&#8230; Nghi\u00eam c\u1ea5m s\u1eed d\u1ee5ng cho m\u1ee5c \u0111\u00edch th\u01b0\u01a1ng m\u1ea1i<br \/>\n        ho\u1eb7c nh\u00e2n danh b\u00ean th\u1ee9 ba n\u1ebfu kh\u00f4ng \u0111\u01b0\u1ee3c ph\u00e9p b\u1eb1ng v\u0103n b\u1ea3n. Vi ph\u1ea1m s\u1ebd b\u1ecb x\u1eed l\u00fd theo ph\u00e1p lu\u1eadt.\n    <\/p>\n<h3 class=\"py-2 my-4 text-xl font-bold\">6. Gi\u1ea3i quy\u1ebft tranh ch\u1ea5p<\/h3>\n<p class=\"mb-4 leading-relaxed\">\n        M\u1ecdi tranh ch\u1ea5p s\u1ebd \u0111\u01b0\u1ee3c gi\u1ea3i quy\u1ebft th\u00f4ng qua th\u01b0\u01a1ng l\u01b0\u1ee3ng, h\u00f2a gi\u1ea3i, tr\u1ecdng t\u00e0i v\u00e0\/ho\u1eb7c T\u00f2a \u00e1n<br \/>\n        theo ph\u00e1p lu\u1eadt Vi\u1ec7t Nam.\n    <\/p>\n<h3 class=\"py-2 my-4 text-xl font-bold\">7. Nh\u1eefng quy \u0111\u1ecbnh kh\u00e1c<\/h3>\n<p class=\"mb-4 leading-relaxed\">\n        C\u00e1c \u0111i\u1ec1u kho\u1ea3n n\u00e0y \u0111\u01b0\u1ee3c \u0111i\u1ec1u ch\u1ec9nh theo ph\u00e1p lu\u1eadt Vi\u1ec7t Nam.<br \/>\n        Ch\u00fang t\u00f4i c\u00f3 quy\u1ec1n s\u1eeda \u0111\u1ed5i b\u1ea5t k\u1ef3 l\u00fac n\u00e0o v\u00e0 s\u1ebd c\u00f3 hi\u1ec7u l\u1ef1c ngay khi \u0111\u0103ng t\u1ea3i tr\u00ean<br \/>\n        <a href=\"https:\/\/pricot.vn\" target=\"_blank\" class=\"text-red-900\">https:\/\/pricot.vn<\/a>.\n    <\/p>\n<p class=\"mb-4 leading-relaxed\"><em>Vui l\u00f2ng ch\u1ec9 s\u1eed d\u1ee5ng d\u1ecbch v\u1ee5 khi b\u1ea1n \u0111\u00e3 \u0111\u1ecdc, hi\u1ec3u v\u00e0 ch\u1ea5p nh\u1eadn c\u00e1c quy \u0111\u1ecbnh tr\u00ean.<\/em><\/p>\n<\/section>\n","protected":false},"excerpt":{"rendered":"<p class=\"mb-4 leading-relaxed\">\u0110i\u1ec1u Kho\u1ea3n S\u1eed D\u1ee5ng Khi b\u1ea1n truy c\u1eadp v\u00e0o Website https:\/\/pricot.vn c\u00f3 ngh\u0129a l\u00e0 b\u1ea1n \u0111\u1ed3ng \u00fd v\u1edbi c\u00e1c \u0111i\u1ec1u kho\u1ea3n n\u00e0y. Ch\u00fang t\u00f4i c\u00f3 quy\u1ec1n thay \u0111\u1ed5i, ch\u1ec9nh s\u1eeda, th\u00eam ho\u1eb7c l\u01b0\u1ee3c b\u1ecf b\u1ea5t k\u1ef3 ph\u1ea7n n\u00e0o trong \u0110i\u1ec1u ki\u1ec7n giao d\u1ecbch chung, v\u00e0o b\u1ea5t c\u1ee9 l\u00fac n\u00e0o. C\u00e1c thay \u0111\u1ed5i s\u1ebd c\u00f3 hi\u1ec7u [&hellip;]<\/p>\n","protected":false},"author":1,"featured_media":0,"parent":0,"menu_order":0,"comment_status":"closed","ping_status":"closed","template":"","meta":{"footnotes":""},"class_list":["post-78","page","type-page","status-publish","hentry"],"meta_box":{"ztteam_hero_button1_text":"","ztteam_hero_button1_link":"","ztteam_hero_button2_text":"","ztteam_hero_button2_link":"","ztteam_hero_stat1_number":"","ztteam_hero_stat1_label":"","ztteam_hero_stat1_icon":"","ztteam_hero_stat2_number":"","ztteam_hero_stat2_label":"","ztteam_hero_stat2_icon":"","ztteam_hero_stat3_number":"","ztteam_hero_stat3_label":"","ztteam_hero_stat3_icon":"","ztteam_features_group":[],"ztteam_features_cta_main_text":"","ztteam_features_cta_sub_text":"","ztteam_why_title_part1":"","ztteam_why_title_part1_color":"","ztteam_why_title_part2":"","ztteam_why_title_part2_color":"","ztteam_why_title_part3":"","ztteam_why_title_part3_color":"","ztteam_why_features_group":[],"ztteam_why_cta_title":"","ztteam_why_cta_description":"","ztteam_why_cta_button1_text":"","ztteam_why_cta_button1_link":"","ztteam_why_cta_button2_text":"","ztteam_why_cta_button2_link":"","ztteam_why_trust_group":[],"ztteam_gallery_images":[],"ztteam_gallery_videos":[]},"_links":{"self":[{"href":"https:\/\/dev.wptheme.store\/s\/wppricot\/wp-json\/wp\/v2\/pages\/78","targetHints":{"allow":["GET"]}}],"collection":[{"href":"https:\/\/dev.wptheme.store\/s\/wppricot\/wp-json\/wp\/v2\/pages"}],"about":[{"href":"https:\/\/dev.wptheme.store\/s\/wppricot\/wp-json\/wp\/v2\/types\/page"}],"author":[{"embeddable":true,"href":"https:\/\/dev.wptheme.store\/s\/wppricot\/wp-json\/wp\/v2\/users\/1"}],"replies":[{"embeddable":true,"href":"https:\/\/dev.wptheme.store\/s\/wppricot\/wp-json\/wp\/v2\/comments?post=78"}],"version-history":[{"count":1,"href":"https:\/\/dev.wptheme.store\/s\/wppricot\/wp-json\/wp\/v2\/pages\/78\/revisions"}],"predecessor-version":[{"id":79,"href":"https:\/\/dev.wptheme.store\/s\/wppricot\/wp-json\/wp\/v2\/pages\/78\/revisions\/79"}],"wp:attachment":[{"href":"https:\/\/dev.wptheme.store\/s\/wppricot\/wp-json\/wp\/v2\/media?parent=78"}],"curies":[{"name":"wp","href":"https:\/\/api.w.org\/{rel}","templated":true}]}}