{"id":106,"date":"2026-03-16T08:49:34","date_gmt":"2026-03-16T01:49:34","guid":{"rendered":"https:\/\/dev.wptheme.store\/s\/wpquat\/product\/quat-hut-am-tran-khong-ong-dan\/"},"modified":"2026-03-16T08:49:34","modified_gmt":"2026-03-16T01:49:34","slug":"quat-hut-am-tran-khong-ong-dan","status":"publish","type":"product","link":"https:\/\/dev.wptheme.store\/s\/wpquat\/product\/quat-hut-am-tran-khong-ong-dan\/","title":{"rendered":"Qu\u1ea1t H\u00fat \u00c2m Tr\u1ea7n Kh\u00f4ng \u1ed0ng D\u1eabn"},"content":{"rendered":"<p class=\"mb-4 leading-relaxed\"><span>Qu\u1ea1t h\u00fat \u00e2m tr\u1ea7n kh\u00f4ng \u1ed1ng d\u1eabn 600&#215;600 l\u00e0 s\u1ea3n ph\u1ea9m cao c\u1ea5p \u0111\u1ebfn t\u1eeb th\u01b0\u01a1ng hi\u1ec7u uy t\u00edn ViFan. Thi\u1ebft k\u1ebf nh\u1ecf g\u1ecdn, sang tr\u1ecdng v\u00e0 \u0111\u1ea3m b\u1ea3o hi\u1ec7u su\u1ea5t h\u00fat g\u00f3 t\u1ed1t, qu\u1ea1t h\u1ee3p l\u00fd cho c\u00e1c kh\u00f4ng gian hi\u1ec7n \u0111\u1ea1i nh\u01b0 nh\u00e0 \u1edf, v\u0103n ph\u00f2ng, hay nh\u00e0 h\u00e0ng.<\/span><\/p>\n<h2 class=\"py-2 my-4 text-2xl font-bold border-green-500 border-y border-opacity-10\">\u0110\u1eb7c \u0111i\u1ec3m n\u1ed5i b\u1eadt qu\u1ea1t h\u00fat \u00e2m tr\u1ea7n kh\u00f4ng \u1ed1ng d\u1eabn<\/h2>\n<p class=\"mb-4 leading-relaxed\">C\u00f4ng su\u1ea5t 100W v\u1edbi l\u01b0u l\u01b0\u1ee3ng g\u00f3 1850 m\u00b3\/h \u0111\u00e1p \u1ee9ng nhu c\u1ea7u h\u00fat m\u00f9i nhanh ch\u00f3ng, hi\u1ec7u qu\u1ea3<\/p>\n<p class=\"mb-4 leading-relaxed\">K\u00edch th\u01b0\u1edbc 600\u00d7600 mm \u0111\u01b0\u1ee3c t\u00ednh to\u00e1n k\u1ef9 l\u01b0\u1ee1ng \u0111\u1ec3 l\u1eafp \u0111\u1eb7t d\u1ec5 d\u00e0ng trong c\u00e1c tr\u1ea7n th\u1ea1ch cao ho\u1eb7c tr\u1ea7n nh\u00e0 ti\u00eau chu\u1ea9n.<\/p>\n<p class=\"mb-4 leading-relaxed\">Qu\u1ea1t ho\u1ea1t \u0111\u1ed9ng \u1ea3nh h\u01b0\u1edfng t\u1ed1i thi\u1ec3u \u0111\u1ebfn sinh ho\u1ea1t nh\u1edd m\u00f4-t\u01a1 \u0111\u01b0\u1ee3c trang b\u1ecb c\u00f4ng ngh\u1ec7 ti\u00ean ti\u1ebfn.<\/p>\n<p class=\"mb-4 leading-relaxed\">B\u1ea3o h\u00e0nh 12 th\u00e1ng, \u0111\u1ea3m b\u1ea3o s\u1ef1 an t\u00e2m trong qu\u00e1 tr\u00ecnh s\u1eed d\u1ee5ng.<\/p>\n<p class=\"mb-4 leading-relaxed\"><span>Qu\u1ea1t h\u00fat \u00e2m tr\u1ea7n kh\u00f4ng \u1ed1ng d\u1eabn 600&#215;600 l<\/span>o\u1ea1i b\u1ecf kh\u00ed \u0111\u1ed9c h\u1ea1i, h\u00fat m\u00f9i hi\u1ec7u qu\u1ea3, gi\u1eef cho kh\u00f4ng gian lu\u00f4n th\u00f4ng tho\u00e1ng.<\/p>\n<p class=\"mb-4 leading-relaxed\">C\u1ea5u t\u1ea1o nh\u1ecf g\u1ecdn, d\u1ec5 d\u00e0ng l\u1eafp \u0111\u1eb7t v\u00e0 v\u1eadn h\u00e0nh.<\/p>\n<p class=\"mb-4 leading-relaxed\">C\u00f4ng ngh\u1ec7 \u0111\u1ed9ng c\u01a1 ti\u1ebft ki\u1ec7m \u0111i\u1ec7n, \u0111\u1ea3m b\u1ea3o chi ph\u00ed ho\u1ea1t \u0111\u1ed9ng th\u1ea5p.<\/p>\n<p class=\"mb-4 leading-relaxed\"><img><\/p>\n<figure class=\"my-6 text-center\"><img><figcaption>\u1ea2nh Th\u1eadt Qu\u1ea1t H\u00fat \u00c2m Tr\u1ea7n Kh\u00f4ng \u1ed0ng D\u1eabn<\/figcaption><\/figure>\n<h2 class=\"py-2 my-4 text-2xl font-bold border-green-500 border-y border-opacity-10\">\u1ee8ng d\u1ee5ng qu\u1ea1t h\u00fat \u00e2m tr\u1ea7n th\u1ea1ch cao 600&#215;600<\/h2>\n<p class=\"mb-4 leading-relaxed\">Qu\u1ea1t th\u00f4ng gi\u00f3 \u00e2m tr\u1ea7n trong b\u1ebfp v\u00e0 nh\u00e0 t\u1eafm gi\u00fap h\u00fat m\u00f9i th\u1ee9c \u0103n, d\u1ea7u m\u1ee1 v\u00e0 h\u01a1i \u1ea9m, duy tr\u00ec kh\u00f4ng gian tho\u00e1ng \u0111\u00e3ng v\u00e0 s\u1ea1ch s\u1ebd, tr\u00e1nh m\u00f9i h\u00f4i.<\/p>\n<p class=\"mb-4 leading-relaxed\">Qu\u1ea1t h\u00fat m\u00f9i v\u00e0 cung c\u1ea5p kh\u00f4ng kh\u00ed t\u01b0\u01a1i m\u1edbi gi\u00fap duy tr\u00ec ch\u1ea5t l\u01b0\u1ee3ng kh\u00f4ng kh\u00ed, t\u1ea1o m\u00f4i tr\u01b0\u1eddng l\u00e0m vi\u1ec7c tho\u1ea3i m\u00e1i v\u00e0 hi\u1ec7u qu\u1ea3.<\/p>\n<p class=\"mb-4 leading-relaxed\">Qu\u1ea1t h\u00fat kh\u00ed th\u1ea3i trong b\u1ebfp gi\u00fap lo\u1ea1i b\u1ecf kh\u00f3i, m\u00f9i th\u1ee9c \u0103n, c\u1ea3i thi\u1ec7n kh\u00f4ng kh\u00ed trong kh\u00f4ng gian \u0103n u\u1ed1ng, \u0111\u1ea3m b\u1ea3o s\u1ef1 tho\u1ea3i m\u00e1i cho kh\u00e1ch h\u00e0ng.<\/p>\n<h2 class=\"py-2 my-4 text-2xl font-bold border-green-500 border-y border-opacity-10\">T\u1ea1i sao n\u00ean mua qu\u1ea1t th\u00f4ng gi\u00f3 \u00e2m tr\u1ea7n t\u1ea1i ViFan?<\/h2>\n<p class=\"mb-4 leading-relaxed\">Th\u01b0\u01a1ng hi\u1ec7u ViFan lu\u00f4n l\u00e0 \u0111\u1ed1i t\u00e1c tin c\u1eady trong ng\u00e0nh qu\u1ea1t h\u00fat.<\/p>\n<p class=\"mb-4 leading-relaxed\">Cam k\u1ebft cung c\u1ea5p s\u1ea3n ph\u1ea9m ch\u00ednh h\u00e3ng, gi\u00e1 t\u1ed1t nh\u1ea5t.<\/p>\n<p class=\"mb-4 leading-relaxed\">D\u1ecbch v\u1ee5 t\u01b0 v\u1ea5n chuy\u00ean nghi\u1ec7p, giao h\u00e0ng nhanh ch\u00f3ng.<\/p>\n<p class=\"mb-4 leading-relaxed\"><span>Qu\u1ea1t h\u00fat \u00e2m tr\u1ea7n kh\u00f4ng \u1ed1ng d\u1eabn 600&#215;600<\/span> l\u00e0 s\u1ef1 l\u1ef1a ch\u1ecdn ho\u00e0n h\u1ea3o cho b\u1ea5t k\u1ef3 kh\u00f4ng gian n\u00e0o c\u1ea7n h\u00fat g\u00f3 hi\u1ec7u qu\u1ea3 v\u00e0 th\u1ea9m m\u1ef9. Li\u00ean h\u1ec7 ngay v\u1edbi ch\u00fang t\u00f4i \u0111\u1ec3 \u0111\u01b0\u1ee3c t\u01b0 v\u1ea5n v\u00e0 nh\u1eadn nhi\u1ec1u \u01b0u \u0111\u00e3i h\u1ea5p d\u1eabn!<\/p>\n<p class=\"mb-4 leading-relaxed\">Ngo\u00e0i ra, qu\u00fd kh\u00e1ch c\u00f3 th\u1ec3 tham kh\u1ea3o: <a href=\"https:\/\/quatcongnghiepvifan.com\/quat-hut-am-tran-co-ong-dan\/\" class=\"text-red-900\">Qu\u1ea1t h\u00fat \u00e2m tr\u1ea7n c\u00f3 \u1ed1ng d\u1eabn<\/a><\/p>\n","protected":false},"excerpt":{"rendered":"<div class=\"my-4 overflow-hidden bg-white rounded-lg shadow-xl \"><div class=\"overflow-x-auto\"><table class=\"min-w-full\" class=\"min-w-full\">\n<tbody class=\"bg-white divide-y divide-gray-100 \" class=\"bg-white divide-y divide-gray-100 \">\n<tr class=\"transition-all duration-200 ease-in-out group hover:bg-red-50 \" class=\"transition-all duration-200 ease-in-out group hover:bg-red-50 \">\n<td class=\"px-2 py-2 text-sm text-gray-700 transition-colors duration-200 group-hover:text-gray-900 \" class=\"px-2 py-2 text-sm text-gray-700 transition-colors duration-200 group-hover:text-gray-900 \"><strong class=\"font-cal-sans\">M\u00e3 s\u1ea3n ph\u1ea9m<\/strong><\/td>\n<td class=\"px-2 py-2 text-sm text-gray-700 transition-colors duration-200 group-hover:text-gray-900 \" class=\"px-2 py-2 text-sm text-gray-700 transition-colors duration-200 group-hover:text-gray-900 \">:<\/td>\n<td class=\"px-2 py-2 text-sm text-gray-700 transition-colors duration-200 group-hover:text-gray-900 \" class=\"px-2 py-2 text-sm text-gray-700 transition-colors duration-200 group-hover:text-gray-900 \">AT600<\/td>\n<\/tr>\n<tr class=\"transition-all duration-200 ease-in-out group hover:bg-red-50 \" class=\"transition-all duration-200 ease-in-out group hover:bg-red-50 \">\n<td class=\"px-2 py-2 text-sm text-gray-700 transition-colors duration-200 group-hover:text-gray-900 \" class=\"px-2 py-2 text-sm text-gray-700 transition-colors duration-200 group-hover:text-gray-900 \"><strong class=\"font-cal-sans\">Th\u01b0\u01a1ng hi\u1ec7u<\/strong><\/td>\n<td class=\"px-2 py-2 text-sm text-gray-700 transition-colors duration-200 group-hover:text-gray-900 \" class=\"px-2 py-2 text-sm text-gray-700 transition-colors duration-200 group-hover:text-gray-900 \">:<\/td>\n<td class=\"px-2 py-2 text-sm text-gray-700 transition-colors duration-200 group-hover:text-gray-900 \" class=\"px-2 py-2 text-sm text-gray-700 transition-colors duration-200 group-hover:text-gray-900 \">ViFan<\/td>\n<\/tr>\n<tr class=\"transition-all duration-200 ease-in-out group hover:bg-red-50 \" class=\"transition-all duration-200 ease-in-out group hover:bg-red-50 \">\n<td class=\"px-2 py-2 text-sm text-gray-700 transition-colors duration-200 group-hover:text-gray-900 \" class=\"px-2 py-2 text-sm text-gray-700 transition-colors duration-200 group-hover:text-gray-900 \"><strong class=\"font-cal-sans\">K\u00edch th\u01b0\u1edbc<\/strong><\/td>\n<td class=\"px-2 py-2 text-sm text-gray-700 transition-colors duration-200 group-hover:text-gray-900 \" class=\"px-2 py-2 text-sm text-gray-700 transition-colors duration-200 group-hover:text-gray-900 \">:<\/td>\n<td class=\"px-2 py-2 text-sm text-gray-700 transition-colors duration-200 group-hover:text-gray-900 \" class=\"px-2 py-2 text-sm text-gray-700 transition-colors duration-200 group-hover:text-gray-900 \">600&#215;600 mm<\/td>\n<\/tr>\n<tr class=\"transition-all duration-200 ease-in-out group hover:bg-red-50 \" class=\"transition-all duration-200 ease-in-out group hover:bg-red-50 \">\n<td class=\"px-2 py-2 text-sm text-gray-700 transition-colors duration-200 group-hover:text-gray-900 \" class=\"px-2 py-2 text-sm text-gray-700 transition-colors duration-200 group-hover:text-gray-900 \"><strong class=\"font-cal-sans\">C\u00f4ng su\u1ea5t<\/strong><\/td>\n<td class=\"px-2 py-2 text-sm text-gray-700 transition-colors duration-200 group-hover:text-gray-900 \" class=\"px-2 py-2 text-sm text-gray-700 transition-colors duration-200 group-hover:text-gray-900 \">:<\/td>\n<td class=\"px-2 py-2 text-sm text-gray-700 transition-colors duration-200 group-hover:text-gray-900 \" class=\"px-2 py-2 text-sm text-gray-700 transition-colors duration-200 group-hover:text-gray-900 \">100 W<\/td>\n<\/tr>\n<tr class=\"transition-all duration-200 ease-in-out group hover:bg-red-50 \" class=\"transition-all duration-200 ease-in-out group hover:bg-red-50 \">\n<td class=\"px-2 py-2 text-sm text-gray-700 transition-colors duration-200 group-hover:text-gray-900 \" class=\"px-2 py-2 text-sm text-gray-700 transition-colors duration-200 group-hover:text-gray-900 \"><strong class=\"font-cal-sans\">L\u01b0u l\u01b0\u1ee3ng<\/strong><\/td>\n<td class=\"px-2 py-2 text-sm text-gray-700 transition-colors duration-200 group-hover:text-gray-900 \" class=\"px-2 py-2 text-sm text-gray-700 transition-colors duration-200 group-hover:text-gray-900 \">:<\/td>\n<td class=\"px-2 py-2 text-sm text-gray-700 transition-colors duration-200 group-hover:text-gray-900 \" class=\"px-2 py-2 text-sm text-gray-700 transition-colors duration-200 group-hover:text-gray-900 \"><span>1850<\/span> m3\/h<\/td>\n<\/tr>\n<tr class=\"transition-all duration-200 ease-in-out group hover:bg-red-50 \" class=\"transition-all duration-200 ease-in-out group hover:bg-red-50 \">\n<td class=\"px-2 py-2 text-sm text-gray-700 transition-colors duration-200 group-hover:text-gray-900 \" class=\"px-2 py-2 text-sm text-gray-700 transition-colors duration-200 group-hover:text-gray-900 \"><strong class=\"font-cal-sans\">B\u1ea3o h\u00e0nh<\/strong><\/td>\n<td class=\"px-2 py-2 text-sm text-gray-700 transition-colors duration-200 group-hover:text-gray-900 \" class=\"px-2 py-2 text-sm text-gray-700 transition-colors duration-200 group-hover:text-gray-900 \">:<\/td>\n<td class=\"px-2 py-2 text-sm text-gray-700 transition-colors duration-200 group-hover:text-gray-900 \" class=\"px-2 py-2 text-sm text-gray-700 transition-colors duration-200 group-hover:text-gray-900 \">12 th\u00e1ng<\/td>\n<\/tr>\n<tr class=\"transition-all duration-200 ease-in-out group hover:bg-red-50 \" class=\"transition-all duration-200 ease-in-out group hover:bg-red-50 \">\n<td class=\"px-2 py-2 text-sm text-gray-700 transition-colors duration-200 group-hover:text-gray-900 \" class=\"px-2 py-2 text-sm text-gray-700 transition-colors duration-200 group-hover:text-gray-900 \"><strong class=\"font-cal-sans\">Xu\u1ea5t x\u1ee9<\/strong><\/td>\n<td class=\"px-2 py-2 text-sm text-gray-700 transition-colors duration-200 group-hover:text-gray-900 \" class=\"px-2 py-2 text-sm text-gray-700 transition-colors duration-200 group-hover:text-gray-900 \">:<\/td>\n<td class=\"px-2 py-2 text-sm text-gray-700 transition-colors duration-200 group-hover:text-gray-900 \" class=\"px-2 py-2 text-sm text-gray-700 transition-colors duration-200 group-hover:text-gray-900 \">Vi\u1ec7t nam<\/td>\n<\/tr>\n<\/tbody>\n<\/table><\/div><\/div>\n","protected":false},"featured_media":107,"template":"","meta":{"footnotes":""},"product_cat":[10],"product_tag":[],"ztteam_product_brand":[],"class_list":["post-106","product","type-product","status-publish","has-post-thumbnail","hentry","product_cat-quat-hut-am-tran"],"meta_box":{"_sku":"AT600","_regular_price":"13720301","_sale_price":"10301094","_price":"10301094","_stock_status":"instock","_stock":"50","_manage_stock":"1","_weight":"","_length":"","_width":"","_height":"","_product_image_gallery":[{"width":150,"height":150,"file":"2026\/03\/quat-hut-am-tran-khong-ong-dan.png","filesize":77196,"sizes":[],"image_meta":{"aperture":"0","credit":"","camera":"","caption":"","created_timestamp":"0","copyright":"","focal_length":"0","iso":"0","shutter_speed":"0","title":"","orientation":"0","keywords":[]},"ID":"107","name":"quat-hut-am-tran-khong-ong-dan.png","path":"\/home\/dev.wptheme.store\/public_html\/s\/wpquat\/wp-content\/uploads\/2026\/03\/quat-hut-am-tran-khong-ong-dan.png","url":"https:\/\/dev.wptheme.store\/s\/wpquat\/wp-content\/uploads\/2026\/03\/quat-hut-am-tran-khong-ong-dan.png","full_url":"https:\/\/dev.wptheme.store\/s\/wpquat\/wp-content\/uploads\/2026\/03\/quat-hut-am-tran-khong-ong-dan.png","title":"Qu\u1ea1t H\u00fat \u00c2m Tr\u1ea7n Kh\u00f4ng \u1ed0ng D\u1eabn","caption":"","description":"","alt":"","srcset":false}],"_featured":"0","_visibility":"visible","_virtual":"","_downloadable":"","product_type":"simple","product_attributes":[],"color_variations":[],"size_variations":[],"storage_variations":[],"material_variations":[]},"_links":{"self":[{"href":"https:\/\/dev.wptheme.store\/s\/wpquat\/wp-json\/wp\/v2\/product\/106","targetHints":{"allow":["GET"]}}],"collection":[{"href":"https:\/\/dev.wptheme.store\/s\/wpquat\/wp-json\/wp\/v2\/product"}],"about":[{"href":"https:\/\/dev.wptheme.store\/s\/wpquat\/wp-json\/wp\/v2\/types\/product"}],"version-history":[{"count":0,"href":"https:\/\/dev.wptheme.store\/s\/wpquat\/wp-json\/wp\/v2\/product\/106\/revisions"}],"wp:featuredmedia":[{"embeddable":true,"href":"https:\/\/dev.wptheme.store\/s\/wpquat\/wp-json\/wp\/v2\/media\/107"}],"wp:attachment":[{"href":"https:\/\/dev.wptheme.store\/s\/wpquat\/wp-json\/wp\/v2\/media?parent=106"}],"wp:term":[{"taxonomy":"product_cat","embeddable":true,"href":"https:\/\/dev.wptheme.store\/s\/wpquat\/wp-json\/wp\/v2\/product_cat?post=106"},{"taxonomy":"product_tag","embeddable":true,"href":"https:\/\/dev.wptheme.store\/s\/wpquat\/wp-json\/wp\/v2\/product_tag?post=106"},{"taxonomy":"ztteam_product_brand","embeddable":true,"href":"https:\/\/dev.wptheme.store\/s\/wpquat\/wp-json\/wp\/v2\/ztteam_product_brand?post=106"}],"curies":[{"name":"wp","href":"https:\/\/api.w.org\/{rel}","templated":true}]}}