{"id":108,"date":"2026-03-16T08:49:36","date_gmt":"2026-03-16T01:49:36","guid":{"rendered":"https:\/\/dev.wptheme.store\/s\/wpquat\/product\/quat-hut-am-tran-co-ong-dan\/"},"modified":"2026-03-16T08:49:36","modified_gmt":"2026-03-16T01:49:36","slug":"quat-hut-am-tran-co-ong-dan","status":"publish","type":"product","link":"https:\/\/dev.wptheme.store\/s\/wpquat\/product\/quat-hut-am-tran-co-ong-dan\/","title":{"rendered":"Qu\u1ea1t H\u00fat \u00c2m Tr\u1ea7n C\u00f3 \u1ed0ng D\u1eabn"},"content":{"rendered":"<p class=\"mb-4 leading-relaxed\">Qu\u1ea1t h\u00fat \u00e2m tr\u1ea7n AT600 t\u1eeb th\u01b0\u01a1ng hi\u1ec7u ViFan c\u00f3 k\u00edch th\u01b0\u1edbc 600\u00d7600 mm, c\u00f4ng su\u1ea5t 100W v\u00e0 l\u01b0u l\u01b0\u1ee3ng gi\u00f3 l\u00ean \u0111\u1ebfn 1850 m\u00b3\/h. S\u1ea3n ph\u1ea9m n\u00e0y \u0111\u01b0\u1ee3c b\u1ea3o h\u00e0nh 12 th\u00e1ng v\u00e0 s\u1ea3n xu\u1ea5t t\u1ea1i Vi\u1ec7t Nam. Qu\u1ea1t c\u00f3 kh\u1ea3 n\u0103ng k\u1ebft n\u1ed1i v\u1edbi \u1ed1ng d\u1eabn gi\u00f3, gi\u00fap t\u1ed1i \u01b0u h\u00f3a vi\u1ec7c l\u01b0u th\u00f4ng kh\u00f4ng kh\u00ed trong c\u00e1c kh\u00f4ng gian y\u00eau c\u1ea7u h\u1ec7 th\u1ed1ng th\u00f4ng gi\u00f3 hi\u1ec7u qu\u1ea3.<\/p>\n<h2 class=\"py-2 my-4 text-2xl font-bold border-green-500 border-y border-opacity-10\">\u0110\u1eb7c \u0111i\u1ec3m qu\u1ea1t h\u00fat \u00e2m tr\u1ea7n c\u00f3 \u1ed1ng d\u1eabn 600&#215;600<\/h2>\n<h3 class=\"py-2 my-4 text-xl font-bold\">Qu\u1ea1t H\u00fat Tr\u1ea7n \u2013 Ti\u1ec7n L\u1ee3i v\u00e0 Hi\u1ec7u Qu\u1ea3<\/h3>\n<p class=\"mb-4 leading-relaxed\">Qu\u1ea1t h\u00fat \u00e2m tr\u1ea7n c\u00f3 \u1ed1ng d\u1eabn gi\u00fap c\u1ea3i thi\u1ec7n ch\u1ea5t l\u01b0\u1ee3ng kh\u00f4ng kh\u00ed b\u1eb1ng c\u00e1ch lo\u1ea1i b\u1ecf kh\u00f4ng kh\u00ed b\u1ea9n v\u00e0 thay th\u1ebf b\u1eb1ng kh\u00f4ng kh\u00ed t\u01b0\u01a1i m\u1edbi. V\u1edbi thi\u1ebft k\u1ebf \u00e2m tr\u1ea7n, s\u1ea3n ph\u1ea9m n\u00e0y kh\u00f4ng chi\u1ebfm nhi\u1ec1u di\u1ec7n t\u00edch, ph\u00f9 h\u1ee3p cho c\u00e1c kh\u00f4ng gian y\u00eau c\u1ea7u t\u00ednh th\u1ea9m m\u1ef9 cao nh\u01b0 v\u0103n ph\u00f2ng, nh\u00e0 \u1edf ho\u1eb7c ph\u00f2ng m\u00e1y. Qu\u1ea1t ho\u1ea1t \u0111\u1ed9ng \u00eam \u00e1i v\u00e0 hi\u1ec7u qu\u1ea3, \u0111\u1ea3m b\u1ea3o kh\u00f4ng gian lu\u00f4n \u0111\u01b0\u1ee3c l\u00e0m m\u1edbi v\u00e0 tho\u00e1ng m\u00e1t.<\/p>\n<h3 class=\"py-2 my-4 text-xl font-bold\">Qu\u1ea1t Th\u00f4ng Gi\u00f3 \u00c2m Tr\u1ea7n \u2013 Gi\u1ea3i Ph\u00e1p T\u1ed1i \u01afu<\/h3>\n<p class=\"mb-4 leading-relaxed\">V\u1edbi kh\u1ea3 n\u0103ng k\u1ebft n\u1ed1i linh ho\u1ea1t v\u1edbi h\u1ec7 th\u1ed1ng \u1ed1ng d\u1eabn gi\u00f3, qu\u1ea1t h\u00fat \u00e2m tr\u1ea7n AT600 gi\u00fap ph\u00e2n ph\u1ed1i kh\u00f4ng kh\u00ed \u0111\u1ed3ng \u0111\u1ec1u kh\u1eafp kh\u00f4ng gian, t\u1ed1i \u01b0u h\u00f3a hi\u1ec7u qu\u1ea3 th\u00f4ng gi\u00f3. Qu\u1ea1t l\u00e0 gi\u1ea3i ph\u00e1p l\u00fd t\u01b0\u1edfng cho nh\u1eefng kh\u00f4ng gian c\u00f3 di\u1ec7n t\u00edch l\u1edbn ho\u1eb7c c\u00e1c khu v\u1ef1c c\u1ea7n ki\u1ec3m so\u00e1t kh\u00f4ng kh\u00ed, nh\u01b0 v\u0103n ph\u00f2ng, ph\u00f2ng l\u00e0m vi\u1ec7c, ho\u1eb7c nh\u00e0 x\u01b0\u1edfng.<\/p>\n<p class=\"mb-4 leading-relaxed\"><img><\/p>\n<figure class=\"my-6 text-center\"><img><figcaption>H\u00ecnh \u1ea2nh Qu\u1ea1t H\u00fat \u00c2m Tr\u1ea7n C\u00f3 \u1ed0ng D\u1eabn<\/figcaption><\/figure>\n<h2 class=\"py-2 my-4 text-2xl font-bold border-green-500 border-y border-opacity-10\">L\u00fd do n\u00ean ch\u1ecdn qu\u1ea1t th\u00f4ng gi\u00f3 \u00e2m tr\u1ea7n 600&#215;600<\/h2>\n<p class=\"mb-4 leading-relaxed\">Qu\u1ea1t h\u00fat \u00e2m tr\u1ea7n c\u00f3 \u1ed1ng d\u1eabnl\u00e0 s\u1ef1 l\u1ef1a ch\u1ecdn ho\u00e0n h\u1ea3o cho nh\u1eefng ai t\u00ecm ki\u1ebfm m\u1ed9t gi\u1ea3i ph\u00e1p th\u00f4ng gi\u00f3 hi\u1ec7u qu\u1ea3 v\u00e0 ti\u1ebft ki\u1ec7m kh\u00f4ng gian. V\u1edbi c\u00f4ng su\u1ea5t m\u1ea1nh m\u1ebd, l\u01b0u l\u01b0\u1ee3ng gi\u00f3 l\u1edbn, v\u00e0 thi\u1ebft k\u1ebf sang tr\u1ecdng, qu\u1ea1t mang l\u1ea1i s\u1ef1 tho\u1ea3i m\u00e1i v\u00e0 d\u1ec5 ch\u1ecbu cho ng\u01b0\u1eddi s\u1eed d\u1ee5ng. S\u1ea3n ph\u1ea9m \u0111\u01b0\u1ee3c b\u1ea3o h\u00e0nh 12 th\u00e1ng, \u0111\u1ea3m b\u1ea3o ch\u1ea5t l\u01b0\u1ee3ng l\u00e2u d\u00e0i v\u00e0 s\u1ef1 h\u00e0i l\u00f2ng tuy\u1ec7t \u0111\u1ed1i cho kh\u00e1ch h\u00e0ng.<\/p>\n<p class=\"mb-4 leading-relaxed\">Qu\u00fd kh\u00e1ch h\u00e0ng c\u00f3 th\u1ec3 tham kh\u1ea3o:<\/p>\n<p class=\"mb-4 leading-relaxed\"><a href=\"https:\/\/quatcongnghiepvifan.com\/quat-hut-am-tran-600x600\/\" class=\"text-red-900\">Qu\u1ea1t H\u00fat \u00c2m Tr\u1ea7n 600\u00d7600<\/a><\/p>\n<p class=\"mb-4 leading-relaxed\"><a href=\"https:\/\/quatcongnghiepvifan.com\/quat-hut-am-tran-300x300\/\" class=\"text-red-900\">Qu\u1ea1t H\u00fat \u00c2m Tr\u1ea7n 300&#215;300<\/a><\/p>\n","protected":false},"excerpt":{"rendered":"<div class=\"my-4 overflow-hidden bg-white rounded-lg shadow-xl \"><div class=\"overflow-x-auto\"><table class=\"min-w-full\" class=\"min-w-full\">\n<tbody class=\"bg-white divide-y divide-gray-100 \" class=\"bg-white divide-y divide-gray-100 \">\n<tr class=\"transition-all duration-200 ease-in-out group hover:bg-red-50 \" class=\"transition-all duration-200 ease-in-out group hover:bg-red-50 \">\n<td class=\"px-2 py-2 text-sm text-gray-700 transition-colors duration-200 group-hover:text-gray-900 \" class=\"px-2 py-2 text-sm text-gray-700 transition-colors duration-200 group-hover:text-gray-900 \"><strong class=\"font-cal-sans\">M\u00e3 s\u1ea3n ph\u1ea9m<\/strong><\/td>\n<td class=\"px-2 py-2 text-sm text-gray-700 transition-colors duration-200 group-hover:text-gray-900 \" class=\"px-2 py-2 text-sm text-gray-700 transition-colors duration-200 group-hover:text-gray-900 \">:<\/td>\n<td class=\"px-2 py-2 text-sm text-gray-700 transition-colors duration-200 group-hover:text-gray-900 \" class=\"px-2 py-2 text-sm text-gray-700 transition-colors duration-200 group-hover:text-gray-900 \">AT600<\/td>\n<\/tr>\n<tr class=\"transition-all duration-200 ease-in-out group hover:bg-red-50 \" class=\"transition-all duration-200 ease-in-out group hover:bg-red-50 \">\n<td class=\"px-2 py-2 text-sm text-gray-700 transition-colors duration-200 group-hover:text-gray-900 \" class=\"px-2 py-2 text-sm text-gray-700 transition-colors duration-200 group-hover:text-gray-900 \"><strong class=\"font-cal-sans\">Th\u01b0\u01a1ng hi\u1ec7u<\/strong><\/td>\n<td class=\"px-2 py-2 text-sm text-gray-700 transition-colors duration-200 group-hover:text-gray-900 \" class=\"px-2 py-2 text-sm text-gray-700 transition-colors duration-200 group-hover:text-gray-900 \">:<\/td>\n<td class=\"px-2 py-2 text-sm text-gray-700 transition-colors duration-200 group-hover:text-gray-900 \" class=\"px-2 py-2 text-sm text-gray-700 transition-colors duration-200 group-hover:text-gray-900 \">ViFan<\/td>\n<\/tr>\n<tr class=\"transition-all duration-200 ease-in-out group hover:bg-red-50 \" class=\"transition-all duration-200 ease-in-out group hover:bg-red-50 \">\n<td class=\"px-2 py-2 text-sm text-gray-700 transition-colors duration-200 group-hover:text-gray-900 \" class=\"px-2 py-2 text-sm text-gray-700 transition-colors duration-200 group-hover:text-gray-900 \"><strong class=\"font-cal-sans\">K\u00edch th\u01b0\u1edbc<\/strong><\/td>\n<td class=\"px-2 py-2 text-sm text-gray-700 transition-colors duration-200 group-hover:text-gray-900 \" class=\"px-2 py-2 text-sm text-gray-700 transition-colors duration-200 group-hover:text-gray-900 \">:<\/td>\n<td class=\"px-2 py-2 text-sm text-gray-700 transition-colors duration-200 group-hover:text-gray-900 \" class=\"px-2 py-2 text-sm text-gray-700 transition-colors duration-200 group-hover:text-gray-900 \">600&#215;600 mm<\/td>\n<\/tr>\n<tr class=\"transition-all duration-200 ease-in-out group hover:bg-red-50 \" class=\"transition-all duration-200 ease-in-out group hover:bg-red-50 \">\n<td class=\"px-2 py-2 text-sm text-gray-700 transition-colors duration-200 group-hover:text-gray-900 \" class=\"px-2 py-2 text-sm text-gray-700 transition-colors duration-200 group-hover:text-gray-900 \"><strong class=\"font-cal-sans\">C\u00f4ng su\u1ea5t<\/strong><\/td>\n<td class=\"px-2 py-2 text-sm text-gray-700 transition-colors duration-200 group-hover:text-gray-900 \" class=\"px-2 py-2 text-sm text-gray-700 transition-colors duration-200 group-hover:text-gray-900 \">:<\/td>\n<td class=\"px-2 py-2 text-sm text-gray-700 transition-colors duration-200 group-hover:text-gray-900 \" class=\"px-2 py-2 text-sm text-gray-700 transition-colors duration-200 group-hover:text-gray-900 \">100 W<\/td>\n<\/tr>\n<tr class=\"transition-all duration-200 ease-in-out group hover:bg-red-50 \" class=\"transition-all duration-200 ease-in-out group hover:bg-red-50 \">\n<td class=\"px-2 py-2 text-sm text-gray-700 transition-colors duration-200 group-hover:text-gray-900 \" class=\"px-2 py-2 text-sm text-gray-700 transition-colors duration-200 group-hover:text-gray-900 \"><strong class=\"font-cal-sans\">L\u01b0u l\u01b0\u1ee3ng<\/strong><\/td>\n<td class=\"px-2 py-2 text-sm text-gray-700 transition-colors duration-200 group-hover:text-gray-900 \" class=\"px-2 py-2 text-sm text-gray-700 transition-colors duration-200 group-hover:text-gray-900 \">:<\/td>\n<td class=\"px-2 py-2 text-sm text-gray-700 transition-colors duration-200 group-hover:text-gray-900 \" class=\"px-2 py-2 text-sm text-gray-700 transition-colors duration-200 group-hover:text-gray-900 \"><span>1850<\/span> m3\/h<\/td>\n<\/tr>\n<tr class=\"transition-all duration-200 ease-in-out group hover:bg-red-50 \" class=\"transition-all duration-200 ease-in-out group hover:bg-red-50 \">\n<td class=\"px-2 py-2 text-sm text-gray-700 transition-colors duration-200 group-hover:text-gray-900 \" class=\"px-2 py-2 text-sm text-gray-700 transition-colors duration-200 group-hover:text-gray-900 \"><strong class=\"font-cal-sans\">B\u1ea3o h\u00e0nh<\/strong><\/td>\n<td class=\"px-2 py-2 text-sm text-gray-700 transition-colors duration-200 group-hover:text-gray-900 \" class=\"px-2 py-2 text-sm text-gray-700 transition-colors duration-200 group-hover:text-gray-900 \">:<\/td>\n<td class=\"px-2 py-2 text-sm text-gray-700 transition-colors duration-200 group-hover:text-gray-900 \" class=\"px-2 py-2 text-sm text-gray-700 transition-colors duration-200 group-hover:text-gray-900 \">12 th\u00e1ng<\/td>\n<\/tr>\n<tr class=\"transition-all duration-200 ease-in-out group hover:bg-red-50 \" class=\"transition-all duration-200 ease-in-out group hover:bg-red-50 \">\n<td class=\"px-2 py-2 text-sm text-gray-700 transition-colors duration-200 group-hover:text-gray-900 \" class=\"px-2 py-2 text-sm text-gray-700 transition-colors duration-200 group-hover:text-gray-900 \"><strong class=\"font-cal-sans\">Xu\u1ea5t x\u1ee9<\/strong><\/td>\n<td class=\"px-2 py-2 text-sm text-gray-700 transition-colors duration-200 group-hover:text-gray-900 \" class=\"px-2 py-2 text-sm text-gray-700 transition-colors duration-200 group-hover:text-gray-900 \">:<\/td>\n<td class=\"px-2 py-2 text-sm text-gray-700 transition-colors duration-200 group-hover:text-gray-900 \" class=\"px-2 py-2 text-sm text-gray-700 transition-colors duration-200 group-hover:text-gray-900 \">Vi\u1ec7t nam<\/td>\n<\/tr>\n<\/tbody>\n<\/table><\/div><\/div>\n","protected":false},"featured_media":109,"template":"","meta":{"footnotes":""},"product_cat":[10],"product_tag":[],"ztteam_product_brand":[],"class_list":["post-108","product","type-product","status-publish","has-post-thumbnail","hentry","product_cat-quat-hut-am-tran"],"meta_box":{"_sku":"AT600","_regular_price":"12375500","_sale_price":"10710502","_price":"10710502","_stock_status":"instock","_stock":"50","_manage_stock":"1","_weight":"","_length":"","_width":"","_height":"","_product_image_gallery":[{"width":150,"height":150,"file":"2026\/03\/quat-hut-am-tran-co-ong-dan.png","filesize":72570,"sizes":[],"image_meta":{"aperture":"0","credit":"","camera":"","caption":"","created_timestamp":"0","copyright":"","focal_length":"0","iso":"0","shutter_speed":"0","title":"","orientation":"0","keywords":[]},"ID":"109","name":"quat-hut-am-tran-co-ong-dan.png","path":"\/home\/dev.wptheme.store\/public_html\/s\/wpquat\/wp-content\/uploads\/2026\/03\/quat-hut-am-tran-co-ong-dan.png","url":"https:\/\/dev.wptheme.store\/s\/wpquat\/wp-content\/uploads\/2026\/03\/quat-hut-am-tran-co-ong-dan.png","full_url":"https:\/\/dev.wptheme.store\/s\/wpquat\/wp-content\/uploads\/2026\/03\/quat-hut-am-tran-co-ong-dan.png","title":"Qu\u1ea1t H\u00fat \u00c2m Tr\u1ea7n C\u00f3 \u1ed0ng D\u1eabn","caption":"","description":"","alt":"","srcset":false}],"_featured":"0","_visibility":"visible","_virtual":"","_downloadable":"","product_type":"simple","product_attributes":[],"color_variations":[],"size_variations":[],"storage_variations":[],"material_variations":[]},"_links":{"self":[{"href":"https:\/\/dev.wptheme.store\/s\/wpquat\/wp-json\/wp\/v2\/product\/108","targetHints":{"allow":["GET"]}}],"collection":[{"href":"https:\/\/dev.wptheme.store\/s\/wpquat\/wp-json\/wp\/v2\/product"}],"about":[{"href":"https:\/\/dev.wptheme.store\/s\/wpquat\/wp-json\/wp\/v2\/types\/product"}],"version-history":[{"count":0,"href":"https:\/\/dev.wptheme.store\/s\/wpquat\/wp-json\/wp\/v2\/product\/108\/revisions"}],"wp:featuredmedia":[{"embeddable":true,"href":"https:\/\/dev.wptheme.store\/s\/wpquat\/wp-json\/wp\/v2\/media\/109"}],"wp:attachment":[{"href":"https:\/\/dev.wptheme.store\/s\/wpquat\/wp-json\/wp\/v2\/media?parent=108"}],"wp:term":[{"taxonomy":"product_cat","embeddable":true,"href":"https:\/\/dev.wptheme.store\/s\/wpquat\/wp-json\/wp\/v2\/product_cat?post=108"},{"taxonomy":"product_tag","embeddable":true,"href":"https:\/\/dev.wptheme.store\/s\/wpquat\/wp-json\/wp\/v2\/product_tag?post=108"},{"taxonomy":"ztteam_product_brand","embeddable":true,"href":"https:\/\/dev.wptheme.store\/s\/wpquat\/wp-json\/wp\/v2\/ztteam_product_brand?post=108"}],"curies":[{"name":"wp","href":"https:\/\/api.w.org\/{rel}","templated":true}]}}