{"id":110,"date":"2026-03-16T08:49:37","date_gmt":"2026-03-16T01:49:37","guid":{"rendered":"https:\/\/dev.wptheme.store\/s\/wpquat\/product\/quat-hut-am-tran-600x600\/"},"modified":"2026-03-16T08:49:37","modified_gmt":"2026-03-16T01:49:37","slug":"quat-hut-am-tran-600x600","status":"publish","type":"product","link":"https:\/\/dev.wptheme.store\/s\/wpquat\/product\/quat-hut-am-tran-600x600\/","title":{"rendered":"Qu\u1ea1t H\u00fat \u00c2m Tr\u1ea7n 600&#215;600"},"content":{"rendered":"<p class=\"mb-4 leading-relaxed\">Qu\u1ea1t h\u00fat \u00e2m tr\u1ea7n 600&#215;600 l\u00e0 thi\u1ebft b\u1ecb kh\u00f4ng th\u1ec3 thi\u1ebfu trong h\u1ec7 th\u1ed1ng th\u00f4ng gi\u00f3 hi\u1ec7n \u0111\u1ea1i. V\u1edbi thi\u1ebft k\u1ebf nh\u1ecf g\u1ecdn, th\u1ea9m m\u1ef9 v\u00e0 kh\u1ea3 n\u0103ng h\u00fat gi\u00f3 m\u1ea1nh m\u1ebd, s\u1ea3n ph\u1ea9m ph\u00f9 h\u1ee3p \u0111\u1ec3 s\u1eed d\u1ee5ng trong nhi\u1ec1u kh\u00f4ng gian nh\u01b0 v\u0103n ph\u00f2ng, nh\u00e0 \u1edf, trung t\u00e2m th\u01b0\u01a1ng m\u1ea1i v\u00e0 nh\u00e0 h\u00e0ng. Qu\u1ea1t kh\u00f4ng ch\u1ec9 gi\u00fap lo\u1ea1i b\u1ecf m\u00f9i h\u00f4i m\u00e0 c\u00f2n c\u1ea3i thi\u1ec7n l\u01b0u th\u00f4ng kh\u00f4ng kh\u00ed, t\u1ea1o m\u00f4i tr\u01b0\u1eddng s\u1ed1ng trong l\u00e0nh.<\/p>\n<h2 class=\"py-2 my-4 text-2xl font-bold border-green-500 border-y border-opacity-10\">Th\u00f4ng s\u1ed1 k\u1ef9 thu\u1eadt qu\u1ea1t h\u00fat \u00e2m tr\u1ea7n n\u1ed1i \u1ed1ng gi\u00f3 600&#215;600<\/h2>\n<ul class=\"mb-4 space-y-1 list-none\">\n<li class=\"flex items-center gap-3 leading-relaxed text-gray-800 \"><div class=\"flex items-center justify-center w-5 h-5 bg-red-100 rounded-full shrink-0\"><svg class=\"w-3 h-3 text-red-600\" fill=\"none\" stroke=\"currentColor\" stroke- viewBox=\"0 0 24 24\"><path stroke-linecap=\"round\" stroke-linejoin=\"round\" d=\"M5 13l4 4L19 7\" \/><\/svg><\/div><div class=\"flex-1\">M\u00e3 s\u1ea3n ph\u1ea9m: AT600<\/div><\/li>\n<li class=\"flex items-center gap-3 leading-relaxed text-gray-800 \"><div class=\"flex items-center justify-center w-5 h-5 bg-red-100 rounded-full shrink-0\"><svg class=\"w-3 h-3 text-red-600\" fill=\"none\" stroke=\"currentColor\" stroke- viewBox=\"0 0 24 24\"><path stroke-linecap=\"round\" stroke-linejoin=\"round\" d=\"M5 13l4 4L19 7\" \/><\/svg><\/div><div class=\"flex-1\">Th\u01b0\u01a1ng hi\u1ec7u: ViFan<\/div><\/li>\n<li class=\"flex items-center gap-3 leading-relaxed text-gray-800 \"><div class=\"flex items-center justify-center w-5 h-5 bg-red-100 rounded-full shrink-0\"><svg class=\"w-3 h-3 text-red-600\" fill=\"none\" stroke=\"currentColor\" stroke- viewBox=\"0 0 24 24\"><path stroke-linecap=\"round\" stroke-linejoin=\"round\" d=\"M5 13l4 4L19 7\" \/><\/svg><\/div><div class=\"flex-1\">K\u00edch th\u01b0\u1edbc: 600&#215;600 mm<\/div><\/li>\n<li class=\"flex items-center gap-3 leading-relaxed text-gray-800 \"><div class=\"flex items-center justify-center w-5 h-5 bg-red-100 rounded-full shrink-0\"><svg class=\"w-3 h-3 text-red-600\" fill=\"none\" stroke=\"currentColor\" stroke- viewBox=\"0 0 24 24\"><path stroke-linecap=\"round\" stroke-linejoin=\"round\" d=\"M5 13l4 4L19 7\" \/><\/svg><\/div><div class=\"flex-1\">C\u00f4ng su\u1ea5t: 100 W<\/div><\/li>\n<li class=\"flex items-center gap-3 leading-relaxed text-gray-800 \"><div class=\"flex items-center justify-center w-5 h-5 bg-red-100 rounded-full shrink-0\"><svg class=\"w-3 h-3 text-red-600\" fill=\"none\" stroke=\"currentColor\" stroke- viewBox=\"0 0 24 24\"><path stroke-linecap=\"round\" stroke-linejoin=\"round\" d=\"M5 13l4 4L19 7\" \/><\/svg><\/div><div class=\"flex-1\">L\u01b0u l\u01b0\u1ee3ng gi\u00f3: 1850 m\u00b3\/h<\/div><\/li>\n<li class=\"flex items-center gap-3 leading-relaxed text-gray-800 \"><div class=\"flex items-center justify-center w-5 h-5 bg-red-100 rounded-full shrink-0\"><svg class=\"w-3 h-3 text-red-600\" fill=\"none\" stroke=\"currentColor\" stroke- viewBox=\"0 0 24 24\"><path stroke-linecap=\"round\" stroke-linejoin=\"round\" d=\"M5 13l4 4L19 7\" \/><\/svg><\/div><div class=\"flex-1\">C\u1ed9t \u00e1p: 80 Pa<\/div><\/li>\n<li class=\"flex items-center gap-3 leading-relaxed text-gray-800 \"><div class=\"flex items-center justify-center w-5 h-5 bg-red-100 rounded-full shrink-0\"><svg class=\"w-3 h-3 text-red-600\" fill=\"none\" stroke=\"currentColor\" stroke- viewBox=\"0 0 24 24\"><path stroke-linecap=\"round\" stroke-linejoin=\"round\" d=\"M5 13l4 4L19 7\" \/><\/svg><\/div><div class=\"flex-1\">Phi \u1ed1ng: D150<\/div><\/li>\n<li class=\"flex items-center gap-3 leading-relaxed text-gray-800 \"><div class=\"flex items-center justify-center w-5 h-5 bg-red-100 rounded-full shrink-0\"><svg class=\"w-3 h-3 text-red-600\" fill=\"none\" stroke=\"currentColor\" stroke- viewBox=\"0 0 24 24\"><path stroke-linecap=\"round\" stroke-linejoin=\"round\" d=\"M5 13l4 4L19 7\" \/><\/svg><\/div><div class=\"flex-1\">Ch\u1ea5t li\u1ec7u: Nh\u00f4m, Nh\u1ef1a ABS cao c\u1ea5p<\/div><\/li>\n<li class=\"flex items-center gap-3 leading-relaxed text-gray-800 \"><div class=\"flex items-center justify-center w-5 h-5 bg-red-100 rounded-full shrink-0\"><svg class=\"w-3 h-3 text-red-600\" fill=\"none\" stroke=\"currentColor\" stroke- viewBox=\"0 0 24 24\"><path stroke-linecap=\"round\" stroke-linejoin=\"round\" d=\"M5 13l4 4L19 7\" \/><\/svg><\/div><div class=\"flex-1\">B\u1ea3o h\u00e0nh: 12 th\u00e1ng<\/div><\/li>\n<li class=\"flex items-center gap-3 leading-relaxed text-gray-800 \"><div class=\"flex items-center justify-center w-5 h-5 bg-red-100 rounded-full shrink-0\"><svg class=\"w-3 h-3 text-red-600\" fill=\"none\" stroke=\"currentColor\" stroke- viewBox=\"0 0 24 24\"><path stroke-linecap=\"round\" stroke-linejoin=\"round\" d=\"M5 13l4 4L19 7\" \/><\/svg><\/div><div class=\"flex-1\">Xu\u1ea5t x\u1ee9: Vi\u1ec7t Nam<\/div><\/li>\n<\/ul>\n<p class=\"mb-4 leading-relaxed\"><img><\/p>\n<p class=\"mb-4 leading-relaxed\"><img><\/p>\n<p class=\"mb-4 leading-relaxed\"><img><\/p>\n<p class=\"mb-4 leading-relaxed\"><img><\/p>\n<p class=\"mb-4 leading-relaxed\"><img><\/p>\n<h2 class=\"py-2 my-4 text-2xl font-bold border-green-500 border-y border-opacity-10\">\u01afu \u0111i\u1ec3m qu\u1ea1t th\u00f4ng gi\u00f3 \u00e2m tr\u1ea7n 600&#215;600<\/h2>\n<p class=\"mb-4 leading-relaxed\">Thi\u1ebft k\u1ebf tinh t\u1ebf: Qu\u1ea1t h\u00fat \u00e2m tr\u1ea7n c\u00f3 thi\u1ebft k\u1ebf t\u1ed1i gi\u1ea3n, ph\u00f9 h\u1ee3p v\u1edbi c\u00e1c lo\u1ea1i tr\u1ea7n th\u1ea1ch cao ho\u1eb7c tr\u1ea7n gi\u1ea3. S\u1ea3n ph\u1ea9m kh\u00f4ng ch\u1ec9 mang l\u1ea1i hi\u1ec7u qu\u1ea3 th\u00f4ng gi\u00f3 m\u00e0 c\u00f2n t\u1ea1o s\u1ef1 \u0111\u1ed3ng b\u1ed9 v\u00e0 sang tr\u1ecdng cho kh\u00f4ng gian.<\/p>\n<p class=\"mb-4 leading-relaxed\">Hi\u1ec7u su\u1ea5t ho\u1ea1t \u0111\u1ed9ng v\u01b0\u1ee3t tr\u1ed9i: L\u01b0u l\u01b0\u1ee3ng gi\u00f3 m\u1ea1nh: \u0110\u1ea1t 1850 m\u00b3\/h, \u0111\u1ea3m b\u1ea3o kh\u1ea3 n\u0103ng h\u00fat m\u00f9i, h\u00fat kh\u00ed th\u1ea3i hi\u1ec7u qu\u1ea3.<\/p>\n<p class=\"mb-4 leading-relaxed\">C\u00f4ng su\u1ea5t ti\u1ebft ki\u1ec7m: Qu\u1ea1t th\u00f4ng gi\u00f3 \u00e2m tr\u1ea7n 600&#215;600 \u1edbi c\u00f4ng su\u1ea5t ch\u1ec9 100 W, s\u1ea3n ph\u1ea9m gi\u00fap ti\u1ebft ki\u1ec7m \u0111i\u1ec7n n\u0103ng \u0111\u00e1ng k\u1ec3.<\/p>\n<p class=\"mb-4 leading-relaxed\">V\u1eadt li\u1ec7u cao c\u1ea5p: C\u00e1nh qu\u1ea1t h\u00fat tr\u1ea7n c\u00f4ng nghi\u1ec7p b\u1eb1ng nh\u00f4m t\u0103ng hi\u1ec7u su\u1ea5t v\u00e0 \u0111\u1ed9 b\u1ec1n, ch\u1ecbu \u0111\u01b0\u1ee3c m\u00f4i tr\u01b0\u1eddng \u1ea9m m\u1ed1c.<\/p>\n<p class=\"mb-4 leading-relaxed\">Khung nh\u1ef1a ABS: B\u1ec1n b\u1ec9, ch\u1ed1ng ch\u00e1y v\u00e0 d\u1ec5 v\u1ec7 sinh.<\/p>\n<p class=\"mb-4 leading-relaxed\">Ho\u1ea1t \u0111\u1ed9ng \u00eam \u00e1i: Qu\u1ea1t h\u00fat \u00e2m tr\u1ea7n 600&#215;600 ho\u1ea1t \u0111\u1ed9ng v\u1edbi \u0111\u1ed9 \u1ed3n th\u1ea5p, \u0111\u1ea3m b\u1ea3o kh\u00f4ng g\u00e2y \u1ea3nh h\u01b0\u1edfng \u0111\u1ebfn kh\u00f4ng gian sinh ho\u1ea1t v\u00e0 l\u00e0m vi\u1ec7c.<\/p>\n<p class=\"mb-4 leading-relaxed\">L\u1eafp \u0111\u1eb7t linh ho\u1ea1t: S\u1ea3n ph\u1ea9m qu\u1ea1t h\u00fat tr\u1ea7n 600&#215;600 \u0111\u01b0\u1ee3c thi\u1ebft k\u1ebf \u0111\u1ec3 d\u1ec5 d\u00e0ng l\u1eafp \u0111\u1eb7t v\u1edbi \u1ed1ng gi\u00f3 phi D150, ph\u00f9 h\u1ee3p v\u1edbi h\u1ec7 th\u1ed1ng th\u00f4ng gi\u00f3 c\u1ee7a nhi\u1ec1u c\u00f4ng tr\u00ecnh.<\/p>\n<h2 class=\"py-2 my-4 text-2xl font-bold border-green-500 border-y border-opacity-10\">\u1ee8ng d\u1ee5ng \u0111a d\u1ea1ng c\u1ee7a qu\u1ea1t h\u00fat tr\u1ea7n 600&#215;600<\/h2>\n<p class=\"mb-4 leading-relaxed\"><a href=\"https:\/\/quatcongnghiepvifan.com\/quat-hut-am-tran\/\" class=\"text-red-900\">Qu\u1ea1t h\u00fat m\u00f9i \u00e2m tr\u1ea7n<\/a>: Lo\u1ea1i b\u1ecf m\u00f9i th\u1ee9c \u0103n, m\u00f9i h\u00f4i, kh\u00ed th\u1ea3i trong nh\u00e0 b\u1ebfp ho\u1eb7c ph\u00f2ng v\u1ec7 sinh.<\/p>\n<p class=\"mb-4 leading-relaxed\">Qu\u1ea1t h\u00fat tr\u1ea7n 600&#215;600: Gi\u00fap kh\u00f4ng kh\u00ed l\u01b0u th\u00f4ng t\u1ed1t h\u01a1n, gi\u1ea3m thi\u1ec3u \u1ea9m m\u1ed1c trong kh\u00f4ng gian k\u00edn.<\/p>\n<p class=\"mb-4 leading-relaxed\">Qu\u1ea1t h\u00fat \u00e2m tr\u1ea7n th\u1ea1ch cao: Ph\u00f9 h\u1ee3p v\u1edbi c\u00e1c kh\u00f4ng gian s\u1eed d\u1ee5ng tr\u1ea7n gi\u1ea3, mang l\u1ea1i s\u1ef1 sang tr\u1ecdng v\u00e0 hi\u1ec7u qu\u1ea3.<\/p>\n<p class=\"mb-4 leading-relaxed\">Qu\u1ea1t h\u00fat \u00e2m tr\u1ea7n n\u1ed1i \u1ed1ng gi\u00f3 600&#215;600: K\u1ebft h\u1ee3p d\u1ec5 d\u00e0ng v\u1edbi h\u1ec7 th\u1ed1ng \u1ed1ng d\u1eabn kh\u00ed \u0111\u1ec3 h\u00fat th\u1ed5i kh\u00f4ng kh\u00ed hi\u1ec7u qu\u1ea3.<\/p>\n<h2 class=\"py-2 my-4 text-2xl font-bold border-green-500 border-y border-opacity-10\">L\u00fd do n\u00ean ch\u1ecdn qu\u1ea1t h\u00fat \u00e2m tr\u1ea7n 600&#215;600 Vifan<\/h2>\n<p class=\"mb-4 leading-relaxed\">\u0110a d\u1ea1ng \u1ee9ng d\u1ee5ng: Ph\u00f9 h\u1ee3p v\u1edbi c\u1ea3 kh\u00f4ng gian gia \u0111\u00ecnh l\u1eabn c\u00f4ng nghi\u1ec7p.<\/p>\n<p class=\"mb-4 leading-relaxed\">Ch\u1ea5t l\u01b0\u1ee3ng v\u01b0\u1ee3t tr\u1ed9i: \u0110\u01b0\u1ee3c s\u1ea3n xu\u1ea5t t\u1eeb v\u1eadt li\u1ec7u cao c\u1ea5p, b\u1ec1n b\u1ec9 v\u00e0 an to\u00e0n.<\/p>\n<p class=\"mb-4 leading-relaxed\">D\u1ecbch v\u1ee5 chu \u0111\u00e1o: B\u1ea3o h\u00e0nh ch\u00ednh h\u00e3ng 12 th\u00e1ng v\u00e0 h\u1ed7 tr\u1ee3 l\u1eafp \u0111\u1eb7t t\u1eadn t\u00ecnh.<\/p>\n<p class=\"mb-4 leading-relaxed\">Qu\u00fd kh\u00e1ch c\u00f3 th\u1ec3 tham kh\u1ea3o size b\u00e9 h\u01a1n:<\/p>\n<p class=\"mb-4 leading-relaxed\"><a href=\"https:\/\/quatcongnghiepvifan.com\/quat-hut-am-tran-300x300\/\" class=\"text-red-900\">Qu\u1ea1t H\u00fat \u00c2m Tr\u1ea7n 300\u00d7300<\/a><\/p>\n<p class=\"mb-4 leading-relaxed\"><a href=\"https:\/\/quatcongnghiepvifan.com\/quat-hut-am-tran-450x450\/\" class=\"text-red-900\">Qu\u1ea1t H\u00fat \u00c2m Tr\u1ea7n 450&#215;450<\/a><\/p>\n","protected":false},"excerpt":{"rendered":"<div class=\"my-4 overflow-hidden bg-white rounded-lg shadow-xl \"><div class=\"overflow-x-auto\"><table class=\"min-w-full\" class=\"min-w-full\">\n<tbody class=\"bg-white divide-y divide-gray-100 \" class=\"bg-white divide-y divide-gray-100 \">\n<tr class=\"transition-all duration-200 ease-in-out group hover:bg-red-50 \" class=\"transition-all duration-200 ease-in-out group hover:bg-red-50 \">\n<td class=\"px-2 py-2 text-sm text-gray-700 transition-colors duration-200 group-hover:text-gray-900 \" class=\"px-2 py-2 text-sm text-gray-700 transition-colors duration-200 group-hover:text-gray-900 \"><strong class=\"font-cal-sans\">M\u00e3 s\u1ea3n ph\u1ea9m<\/strong><\/td>\n<td class=\"px-2 py-2 text-sm text-gray-700 transition-colors duration-200 group-hover:text-gray-900 \" class=\"px-2 py-2 text-sm text-gray-700 transition-colors duration-200 group-hover:text-gray-900 \">:<\/td>\n<td class=\"px-2 py-2 text-sm text-gray-700 transition-colors duration-200 group-hover:text-gray-900 \" class=\"px-2 py-2 text-sm text-gray-700 transition-colors duration-200 group-hover:text-gray-900 \">AT600<\/td>\n<\/tr>\n<tr class=\"transition-all duration-200 ease-in-out group hover:bg-red-50 \" class=\"transition-all duration-200 ease-in-out group hover:bg-red-50 \">\n<td class=\"px-2 py-2 text-sm text-gray-700 transition-colors duration-200 group-hover:text-gray-900 \" class=\"px-2 py-2 text-sm text-gray-700 transition-colors duration-200 group-hover:text-gray-900 \"><strong class=\"font-cal-sans\">Th\u01b0\u01a1ng hi\u1ec7u<\/strong><\/td>\n<td class=\"px-2 py-2 text-sm text-gray-700 transition-colors duration-200 group-hover:text-gray-900 \" class=\"px-2 py-2 text-sm text-gray-700 transition-colors duration-200 group-hover:text-gray-900 \">:<\/td>\n<td class=\"px-2 py-2 text-sm text-gray-700 transition-colors duration-200 group-hover:text-gray-900 \" class=\"px-2 py-2 text-sm text-gray-700 transition-colors duration-200 group-hover:text-gray-900 \">ViFan<\/td>\n<\/tr>\n<tr class=\"transition-all duration-200 ease-in-out group hover:bg-red-50 \" class=\"transition-all duration-200 ease-in-out group hover:bg-red-50 \">\n<td class=\"px-2 py-2 text-sm text-gray-700 transition-colors duration-200 group-hover:text-gray-900 \" class=\"px-2 py-2 text-sm text-gray-700 transition-colors duration-200 group-hover:text-gray-900 \"><strong class=\"font-cal-sans\">K\u00edch th\u01b0\u1edbc<\/strong><\/td>\n<td class=\"px-2 py-2 text-sm text-gray-700 transition-colors duration-200 group-hover:text-gray-900 \" class=\"px-2 py-2 text-sm text-gray-700 transition-colors duration-200 group-hover:text-gray-900 \">:<\/td>\n<td class=\"px-2 py-2 text-sm text-gray-700 transition-colors duration-200 group-hover:text-gray-900 \" class=\"px-2 py-2 text-sm text-gray-700 transition-colors duration-200 group-hover:text-gray-900 \">600&#215;600 mm<\/td>\n<\/tr>\n<tr class=\"transition-all duration-200 ease-in-out group hover:bg-red-50 \" class=\"transition-all duration-200 ease-in-out group hover:bg-red-50 \">\n<td class=\"px-2 py-2 text-sm text-gray-700 transition-colors duration-200 group-hover:text-gray-900 \" class=\"px-2 py-2 text-sm text-gray-700 transition-colors duration-200 group-hover:text-gray-900 \"><strong class=\"font-cal-sans\">C\u00f4ng su\u1ea5t<\/strong><\/td>\n<td class=\"px-2 py-2 text-sm text-gray-700 transition-colors duration-200 group-hover:text-gray-900 \" class=\"px-2 py-2 text-sm text-gray-700 transition-colors duration-200 group-hover:text-gray-900 \">:<\/td>\n<td class=\"px-2 py-2 text-sm text-gray-700 transition-colors duration-200 group-hover:text-gray-900 \" class=\"px-2 py-2 text-sm text-gray-700 transition-colors duration-200 group-hover:text-gray-900 \">100 W<\/td>\n<\/tr>\n<tr class=\"transition-all duration-200 ease-in-out group hover:bg-red-50 \" class=\"transition-all duration-200 ease-in-out group hover:bg-red-50 \">\n<td class=\"px-2 py-2 text-sm text-gray-700 transition-colors duration-200 group-hover:text-gray-900 \" class=\"px-2 py-2 text-sm text-gray-700 transition-colors duration-200 group-hover:text-gray-900 \"><strong class=\"font-cal-sans\">L\u01b0u l\u01b0\u1ee3ng<\/strong><\/td>\n<td class=\"px-2 py-2 text-sm text-gray-700 transition-colors duration-200 group-hover:text-gray-900 \" class=\"px-2 py-2 text-sm text-gray-700 transition-colors duration-200 group-hover:text-gray-900 \">:<\/td>\n<td class=\"px-2 py-2 text-sm text-gray-700 transition-colors duration-200 group-hover:text-gray-900 \" class=\"px-2 py-2 text-sm text-gray-700 transition-colors duration-200 group-hover:text-gray-900 \"><span>1850<\/span> m3\/h<\/td>\n<\/tr>\n<tr class=\"transition-all duration-200 ease-in-out group hover:bg-red-50 \" class=\"transition-all duration-200 ease-in-out group hover:bg-red-50 \">\n<td class=\"px-2 py-2 text-sm text-gray-700 transition-colors duration-200 group-hover:text-gray-900 \" class=\"px-2 py-2 text-sm text-gray-700 transition-colors duration-200 group-hover:text-gray-900 \"><strong class=\"font-cal-sans\">B\u1ea3o h\u00e0nh<\/strong><\/td>\n<td class=\"px-2 py-2 text-sm text-gray-700 transition-colors duration-200 group-hover:text-gray-900 \" class=\"px-2 py-2 text-sm text-gray-700 transition-colors duration-200 group-hover:text-gray-900 \">:<\/td>\n<td class=\"px-2 py-2 text-sm text-gray-700 transition-colors duration-200 group-hover:text-gray-900 \" class=\"px-2 py-2 text-sm text-gray-700 transition-colors duration-200 group-hover:text-gray-900 \">12 th\u00e1ng<\/td>\n<\/tr>\n<tr class=\"transition-all duration-200 ease-in-out group hover:bg-red-50 \" class=\"transition-all duration-200 ease-in-out group hover:bg-red-50 \">\n<td class=\"px-2 py-2 text-sm text-gray-700 transition-colors duration-200 group-hover:text-gray-900 \" class=\"px-2 py-2 text-sm text-gray-700 transition-colors duration-200 group-hover:text-gray-900 \"><strong class=\"font-cal-sans\">Xu\u1ea5t x\u1ee9<\/strong><\/td>\n<td class=\"px-2 py-2 text-sm text-gray-700 transition-colors duration-200 group-hover:text-gray-900 \" class=\"px-2 py-2 text-sm text-gray-700 transition-colors duration-200 group-hover:text-gray-900 \">:<\/td>\n<td class=\"px-2 py-2 text-sm text-gray-700 transition-colors duration-200 group-hover:text-gray-900 \" class=\"px-2 py-2 text-sm text-gray-700 transition-colors duration-200 group-hover:text-gray-900 \">Vi\u1ec7t nam<\/td>\n<\/tr>\n<\/tbody>\n<\/table><\/div><\/div>\n","protected":false},"featured_media":111,"template":"","meta":{"footnotes":""},"product_cat":[10],"product_tag":[],"ztteam_product_brand":[],"class_list":["post-110","product","type-product","status-publish","has-post-thumbnail","hentry","product_cat-quat-hut-am-tran"],"meta_box":{"_sku":"AT600","_regular_price":"14387742","_sale_price":"10357931","_price":"10357931","_stock_status":"instock","_stock":"50","_manage_stock":"1","_weight":"","_length":"","_width":"","_height":"","_product_image_gallery":[{"width":150,"height":150,"file":"2026\/03\/quat-hut-am-tran600x600.png","filesize":131346,"sizes":[],"image_meta":{"aperture":"0","credit":"","camera":"","caption":"","created_timestamp":"0","copyright":"","focal_length":"0","iso":"0","shutter_speed":"0","title":"","orientation":"0","keywords":[]},"ID":"111","name":"quat-hut-am-tran600x600.png","path":"\/home\/dev.wptheme.store\/public_html\/s\/wpquat\/wp-content\/uploads\/2026\/03\/quat-hut-am-tran600x600.png","url":"https:\/\/dev.wptheme.store\/s\/wpquat\/wp-content\/uploads\/2026\/03\/quat-hut-am-tran600x600.png","full_url":"https:\/\/dev.wptheme.store\/s\/wpquat\/wp-content\/uploads\/2026\/03\/quat-hut-am-tran600x600.png","title":"Qu\u1ea1t H\u00fat \u00c2m Tr\u1ea7n 600x600","caption":"","description":"","alt":"","srcset":false}],"_featured":"0","_visibility":"visible","_virtual":"","_downloadable":"","product_type":"simple","product_attributes":[],"color_variations":[],"size_variations":[],"storage_variations":[],"material_variations":[]},"_links":{"self":[{"href":"https:\/\/dev.wptheme.store\/s\/wpquat\/wp-json\/wp\/v2\/product\/110","targetHints":{"allow":["GET"]}}],"collection":[{"href":"https:\/\/dev.wptheme.store\/s\/wpquat\/wp-json\/wp\/v2\/product"}],"about":[{"href":"https:\/\/dev.wptheme.store\/s\/wpquat\/wp-json\/wp\/v2\/types\/product"}],"version-history":[{"count":0,"href":"https:\/\/dev.wptheme.store\/s\/wpquat\/wp-json\/wp\/v2\/product\/110\/revisions"}],"wp:featuredmedia":[{"embeddable":true,"href":"https:\/\/dev.wptheme.store\/s\/wpquat\/wp-json\/wp\/v2\/media\/111"}],"wp:attachment":[{"href":"https:\/\/dev.wptheme.store\/s\/wpquat\/wp-json\/wp\/v2\/media?parent=110"}],"wp:term":[{"taxonomy":"product_cat","embeddable":true,"href":"https:\/\/dev.wptheme.store\/s\/wpquat\/wp-json\/wp\/v2\/product_cat?post=110"},{"taxonomy":"product_tag","embeddable":true,"href":"https:\/\/dev.wptheme.store\/s\/wpquat\/wp-json\/wp\/v2\/product_tag?post=110"},{"taxonomy":"ztteam_product_brand","embeddable":true,"href":"https:\/\/dev.wptheme.store\/s\/wpquat\/wp-json\/wp\/v2\/ztteam_product_brand?post=110"}],"curies":[{"name":"wp","href":"https:\/\/api.w.org\/{rel}","templated":true}]}}