{"id":122,"date":"2026-03-16T08:49:46","date_gmt":"2026-03-16T01:49:46","guid":{"rendered":"https:\/\/dev.wptheme.store\/s\/wpquat\/product\/quat-hut-bui-tui-vai-15hp\/"},"modified":"2026-03-16T08:49:46","modified_gmt":"2026-03-16T01:49:46","slug":"quat-hut-bui-tui-vai-15hp","status":"publish","type":"product","link":"https:\/\/dev.wptheme.store\/s\/wpquat\/product\/quat-hut-bui-tui-vai-15hp\/","title":{"rendered":"Qu\u1ea1t H\u00fat B\u1ee5i T\u00fai V\u1ea3i 15HP"},"content":{"rendered":"<p class=\"mb-4 leading-relaxed\">Qu\u1ea1t h\u00fat b\u1ee5i t\u00fai v\u1ea3i 15HP l\u00e0 thi\u1ebft b\u1ecb chuy\u00ean d\u1ee5ng d\u00f9ng \u0111\u1ec3 x\u1eed l\u00fd b\u1ee5i trong m\u00f4i tr\u01b0\u1eddng c\u00f4ng nghi\u1ec7p nh\u01b0 x\u01b0\u1edfng g\u1ed7, x\u01b0\u1edfng c\u01a1 kh\u00ed, may m\u1eb7c, s\u1ea3n xu\u1ea5t nh\u1ef1a\u2026 Thi\u1ebft b\u1ecb c\u00f3 kh\u1ea3 n\u0103ng h\u00fat b\u1ee5i m\u1ea1nh m\u1ebd, l\u1ecdc s\u1ea1ch b\u1ee5i m\u1ecbn v\u00e0 th\u00f4, gi\u00fap c\u1ea3i thi\u1ec7n ch\u1ea5t l\u01b0\u1ee3ng kh\u00f4ng kh\u00ed, b\u1ea3o v\u1ec7 s\u1ee9c kh\u1ecfe ng\u01b0\u1eddi lao \u0111\u1ed9ng v\u00e0 t\u0103ng tu\u1ed5i th\u1ecd cho m\u00e1y m\u00f3c.<\/p>\n<h2 class=\"py-2 my-4 text-2xl font-bold border-green-500 border-y border-opacity-10\">Th\u00f4ng s\u1ed1 k\u1ef9 thu\u1eadt qu\u1ea1t h\u00fat b\u1ee5i t\u00fai v\u1ea3i 15HP<\/h2>\n<ul class=\"mb-4 space-y-1 list-none\">\n<li class=\"flex items-center gap-3 leading-relaxed text-gray-800 \"><div class=\"flex items-center justify-center w-5 h-5 bg-red-100 rounded-full shrink-0\"><svg class=\"w-3 h-3 text-red-600\" fill=\"none\" stroke=\"currentColor\" stroke- viewBox=\"0 0 24 24\"><path stroke-linecap=\"round\" stroke-linejoin=\"round\" d=\"M5 13l4 4L19 7\" \/><\/svg><\/div><div class=\"flex-1\">M\u00e3 s\u1ea3n ph\u1ea9m: QHB 2P 15\/4<\/div><\/li>\n<li class=\"flex items-center gap-3 leading-relaxed text-gray-800 \"><div class=\"flex items-center justify-center w-5 h-5 bg-red-100 rounded-full shrink-0\"><svg class=\"w-3 h-3 text-red-600\" fill=\"none\" stroke=\"currentColor\" stroke- viewBox=\"0 0 24 24\"><path stroke-linecap=\"round\" stroke-linejoin=\"round\" d=\"M5 13l4 4L19 7\" \/><\/svg><\/div><div class=\"flex-1\">Th\u01b0\u01a1ng hi\u1ec7u: ViFan<\/div><\/li>\n<li class=\"flex items-center gap-3 leading-relaxed text-gray-800 \"><div class=\"flex items-center justify-center w-5 h-5 bg-red-100 rounded-full shrink-0\"><svg class=\"w-3 h-3 text-red-600\" fill=\"none\" stroke=\"currentColor\" stroke- viewBox=\"0 0 24 24\"><path stroke-linecap=\"round\" stroke-linejoin=\"round\" d=\"M5 13l4 4L19 7\" \/><\/svg><\/div><div class=\"flex-1\">C\u00f4ng su\u1ea5t: 15HP (t\u01b0\u01a1ng \u0111\u01b0\u01a1ng 11kw)<\/div><\/li>\n<li class=\"flex items-center gap-3 leading-relaxed text-gray-800 \"><div class=\"flex items-center justify-center w-5 h-5 bg-red-100 rounded-full shrink-0\"><svg class=\"w-3 h-3 text-red-600\" fill=\"none\" stroke=\"currentColor\" stroke- viewBox=\"0 0 24 24\"><path stroke-linecap=\"round\" stroke-linejoin=\"round\" d=\"M5 13l4 4L19 7\" \/><\/svg><\/div><div class=\"flex-1\">\u0110i\u1ec7n \u00e1p: 380V \/ 50Hz \u2013 3 pha<\/div><\/li>\n<li class=\"flex items-center gap-3 leading-relaxed text-gray-800 \"><div class=\"flex items-center justify-center w-5 h-5 bg-red-100 rounded-full shrink-0\"><svg class=\"w-3 h-3 text-red-600\" fill=\"none\" stroke=\"currentColor\" stroke- viewBox=\"0 0 24 24\"><path stroke-linecap=\"round\" stroke-linejoin=\"round\" d=\"M5 13l4 4L19 7\" \/><\/svg><\/div><div class=\"flex-1\">L\u01b0u l\u01b0\u1ee3ng gi\u00f3: 15.000 m\u00b3\/h<\/div><\/li>\n<li class=\"flex items-center gap-3 leading-relaxed text-gray-800 \"><div class=\"flex items-center justify-center w-5 h-5 bg-red-100 rounded-full shrink-0\"><svg class=\"w-3 h-3 text-red-600\" fill=\"none\" stroke=\"currentColor\" stroke- viewBox=\"0 0 24 24\"><path stroke-linecap=\"round\" stroke-linejoin=\"round\" d=\"M5 13l4 4L19 7\" \/><\/svg><\/div><div class=\"flex-1\">C\u1ed9t \u00e1p: 4000 Pa<\/div><\/li>\n<li class=\"flex items-center gap-3 leading-relaxed text-gray-800 \"><div class=\"flex items-center justify-center w-5 h-5 bg-red-100 rounded-full shrink-0\"><svg class=\"w-3 h-3 text-red-600\" fill=\"none\" stroke=\"currentColor\" stroke- viewBox=\"0 0 24 24\"><path stroke-linecap=\"round\" stroke-linejoin=\"round\" d=\"M5 13l4 4L19 7\" \/><\/svg><\/div><div class=\"flex-1\">T\u1ed1c \u0111\u1ed9 quay: 2900 v\u00f2ng\/ph\u00fat<\/div><\/li>\n<li class=\"flex items-center gap-3 leading-relaxed text-gray-800 \"><div class=\"flex items-center justify-center w-5 h-5 bg-red-100 rounded-full shrink-0\"><svg class=\"w-3 h-3 text-red-600\" fill=\"none\" stroke=\"currentColor\" stroke- viewBox=\"0 0 24 24\"><path stroke-linecap=\"round\" stroke-linejoin=\"round\" d=\"M5 13l4 4L19 7\" \/><\/svg><\/div><div class=\"flex-1\">Ki\u1ec3u truy\u1ec1n \u0111\u1ed9ng: Tr\u1ef1c ti\u1ebfp<\/div><\/li>\n<li class=\"flex items-center gap-3 leading-relaxed text-gray-800 \"><div class=\"flex items-center justify-center w-5 h-5 bg-red-100 rounded-full shrink-0\"><svg class=\"w-3 h-3 text-red-600\" fill=\"none\" stroke=\"currentColor\" stroke- viewBox=\"0 0 24 24\"><path stroke-linecap=\"round\" stroke-linejoin=\"round\" d=\"M5 13l4 4L19 7\" \/><\/svg><\/div><div class=\"flex-1\">S\u1ed1 l\u01b0\u1ee3ng t\u00fai l\u1ecdc: 6 t\u00fai v\u1ea3i<\/div><\/li>\n<li class=\"flex items-center gap-3 leading-relaxed text-gray-800 \"><div class=\"flex items-center justify-center w-5 h-5 bg-red-100 rounded-full shrink-0\"><svg class=\"w-3 h-3 text-red-600\" fill=\"none\" stroke=\"currentColor\" stroke- viewBox=\"0 0 24 24\"><path stroke-linecap=\"round\" stroke-linejoin=\"round\" d=\"M5 13l4 4L19 7\" \/><\/svg><\/div><div class=\"flex-1\">Ch\u1ea5t li\u1ec7u v\u1ecf qu\u1ea1t: Th\u00e9p s\u01a1n t\u0129nh \u0111i\u1ec7n ho\u1eb7c inox (t\u00f9y ch\u1ecdn)<\/div><\/li>\n<li class=\"flex items-center gap-3 leading-relaxed text-gray-800 \"><div class=\"flex items-center justify-center w-5 h-5 bg-red-100 rounded-full shrink-0\"><svg class=\"w-3 h-3 text-red-600\" fill=\"none\" stroke=\"currentColor\" stroke- viewBox=\"0 0 24 24\"><path stroke-linecap=\"round\" stroke-linejoin=\"round\" d=\"M5 13l4 4L19 7\" \/><\/svg><\/div><div class=\"flex-1\">\u0110\u01b0\u1eddng k\u00ednh \u1ed1ng h\u00fat: t\u1eeb \u00d8200 mm \u0111\u1ebfn \u00d8300 mm<\/div><\/li>\n<li class=\"flex items-center gap-3 leading-relaxed text-gray-800 \"><div class=\"flex items-center justify-center w-5 h-5 bg-red-100 rounded-full shrink-0\"><svg class=\"w-3 h-3 text-red-600\" fill=\"none\" stroke=\"currentColor\" stroke- viewBox=\"0 0 24 24\"><path stroke-linecap=\"round\" stroke-linejoin=\"round\" d=\"M5 13l4 4L19 7\" \/><\/svg><\/div><div class=\"flex-1\">\u0110\u1ed9 \u1ed3n: kho\u1ea3ng 70dB<\/div><\/li>\n<li class=\"flex items-center gap-3 leading-relaxed text-gray-800 \"><div class=\"flex items-center justify-center w-5 h-5 bg-red-100 rounded-full shrink-0\"><svg class=\"w-3 h-3 text-red-600\" fill=\"none\" stroke=\"currentColor\" stroke- viewBox=\"0 0 24 24\"><path stroke-linecap=\"round\" stroke-linejoin=\"round\" d=\"M5 13l4 4L19 7\" \/><\/svg><\/div><div class=\"flex-1\">B\u1ea3o h\u00e0nh: 12 th\u00e1ng<\/div><\/li>\n<li class=\"flex items-center gap-3 leading-relaxed text-gray-800 \"><div class=\"flex items-center justify-center w-5 h-5 bg-red-100 rounded-full shrink-0\"><svg class=\"w-3 h-3 text-red-600\" fill=\"none\" stroke=\"currentColor\" stroke- viewBox=\"0 0 24 24\"><path stroke-linecap=\"round\" stroke-linejoin=\"round\" d=\"M5 13l4 4L19 7\" \/><\/svg><\/div><div class=\"flex-1\">Xu\u1ea5t x\u1ee9: Vi\u1ec7t Nam<\/div><\/li>\n<\/ul>\n<p class=\"mb-4 leading-relaxed\">T\u00ecm hi\u1ec3u th\u00eam model kh\u00e1c:<\/p>\n<p class=\"mb-4 leading-relaxed\"><a href=\"https:\/\/quatcongnghiepvifan.com\/quat-hut-bui-tui-vai-10hp\/\" class=\"text-red-900\">Qu\u1ea1t h\u00fat b\u1ee5i t\u00fai v\u1ea3i 10HP<\/a><\/p>\n<p class=\"mb-4 leading-relaxed\"><a href=\"https:\/\/quatcongnghiepvifan.com\/quat-hut-bui-tui-vai-7-5hp\/\" class=\"text-red-900\">Qu\u1ea1t h\u00fat b\u1ee5i t\u00fai v\u1ea3i 7.5HP<\/a><\/p>\n<h2 class=\"py-2 my-4 text-2xl font-bold border-green-500 border-y border-opacity-10\">Nguy\u00ean l\u00fd ho\u1ea1t \u0111\u1ed9ng c\u1ee7a m\u00e1y h\u00fat b\u1ee5i t\u00fai v\u1ea3i 15HP<\/h2>\n<p class=\"mb-4 leading-relaxed\">M\u00e1y h\u00fat b\u1ee5i t\u00fai v\u1ea3i 15HP ho\u1ea1t \u0111\u1ed9ng d\u1ef1a tr\u00ean nguy\u00ean l\u00fd ly t\u00e2m. Khi \u0111\u1ed9ng c\u01a1 ho\u1ea1t \u0111\u1ed9ng, c\u00e1nh qu\u1ea1t quay v\u1edbi t\u1ed1c \u0111\u1ed9 cao t\u1ea1o ra l\u1ef1c h\u00fat l\u1edbn. Kh\u00f4ng kh\u00ed mang b\u1ee5i t\u1eeb c\u00e1c \u0111i\u1ec3m thu gom s\u1ebd \u0111\u01b0\u1ee3c h\u00fat v\u00e0o qu\u1ea1t v\u00e0 d\u1eabn qua h\u1ec7 th\u1ed1ng t\u00fai l\u1ecdc v\u1ea3i.<\/p>\n<p class=\"mb-4 leading-relaxed\">B\u1ee5i s\u1ebd b\u1ecb gi\u1eef l\u1ea1i tr\u00ean b\u1ec1 m\u1eb7t t\u00fai v\u1ea3i, trong khi kh\u00f4ng kh\u00ed s\u1ea1ch \u0111\u01b0\u1ee3c \u0111\u1ea9y ra ngo\u00e0i m\u00f4i tr\u01b0\u1eddng ho\u1eb7c \u0111\u01b0a v\u1ec1 l\u1ea1i khu v\u1ef1c l\u00e0m vi\u1ec7c. C\u00e1c t\u00fai v\u1ea3i l\u1ecdc b\u1ee5i c\u00f3 th\u1ec3 \u0111\u01b0\u1ee3c v\u1ec7 sinh \u0111\u1ecbnh k\u1ef3 \u0111\u1ec3 t\u00e1i s\u1eed d\u1ee5ng, gi\u00fap ti\u1ebft ki\u1ec7m chi ph\u00ed v\u1eadn h\u00e0nh v\u00e0 duy tr\u00ec hi\u1ec7u su\u1ea5t l\u1ecdc \u1ed5n \u0111\u1ecbnh.<\/p>\n<h2 class=\"py-2 my-4 text-2xl font-bold border-green-500 border-y border-opacity-10\">\u01afu \u0111i\u1ec3m n\u1ed5i b\u1eadt c\u1ee7a qu\u1ea1t h\u00fat b\u1ee5i t\u00fai v\u1ea3i 11KW<\/h2>\n<p class=\"mb-4 leading-relaxed\">Hi\u1ec7u su\u1ea5t l\u1ecdc b\u1ee5i cao, lo\u1ea1i b\u1ecf \u0111\u01b0\u1ee3c b\u1ee5i m\u1ecbn v\u00e0 b\u1ee5i th\u00f4 trong m\u00f4i tr\u01b0\u1eddng s\u1ea3n xu\u1ea5t.<\/p>\n<p class=\"mb-4 leading-relaxed\">C\u00f4ng su\u1ea5t m\u1ea1nh m\u1ebd 11KW, ph\u00f9 h\u1ee3p v\u1edbi nh\u00e0 x\u01b0\u1edfng c\u00f3 l\u01b0\u1ee3ng b\u1ee5i l\u1edbn.<\/p>\n<p class=\"mb-4 leading-relaxed\">V\u1eadn h\u00e0nh \u1ed5n \u0111\u1ecbnh, \u0111\u1ed9 \u1ed3n th\u1ea5p, kh\u00f4ng g\u00e2y \u1ea3nh h\u01b0\u1edfng \u0111\u1ebfn qu\u00e1 tr\u00ecnh l\u00e0m vi\u1ec7c.<\/p>\n<p class=\"mb-4 leading-relaxed\">T\u00fai l\u1ecdc v\u1ea3i polyester d\u1ec5 v\u1ec7 sinh, t\u00e1i s\u1eed d\u1ee5ng nhi\u1ec1u l\u1ea7n, ti\u1ebft ki\u1ec7m chi ph\u00ed.<\/p>\n<p class=\"mb-4 leading-relaxed\">Thi\u1ebft k\u1ebf ch\u1eafc ch\u1eafn, ho\u1ea1t \u0111\u1ed9ng li\u00ean t\u1ee5c trong th\u1eddi gian d\u00e0i m\u00e0 kh\u00f4ng b\u1ecb qu\u00e1 nhi\u1ec7t.<\/p>\n<p class=\"mb-4 leading-relaxed\">C\u00f3 th\u1ec3 \u0111i\u1ec1u ch\u1ec9nh k\u00edch th\u01b0\u1edbc v\u00e0 s\u1ed1 l\u01b0\u1ee3ng t\u00fai l\u1ecdc theo quy m\u00f4 nh\u00e0 x\u01b0\u1edfng.<\/p>\n<p class=\"mb-4 leading-relaxed\">Ph\u00f9 h\u1ee3p l\u1eafp \u0111\u1eb7t c\u1ed1 \u0111\u1ecbnh ho\u1eb7c k\u1ebft h\u1ee3p v\u1edbi h\u1ec7 th\u1ed1ng \u0111\u01b0\u1eddng \u1ed1ng thu b\u1ee5i trung t\u00e2m.<\/p>\n<figure class=\"my-6 text-center\"><img><figcaption>C\u00f4ng D\u1ee5ng Ch\u00ednh Qu\u1ea1t H\u00fat B\u1ee5i T\u00fai V\u1ea3i 15HP<\/figcaption><\/figure>\n<h2 class=\"py-2 my-4 text-2xl font-bold border-green-500 border-y border-opacity-10\">\u1ee8ng d\u1ee5ng c\u1ee7a m\u00e1y h\u00fat b\u1ee5i t\u00fai v\u1ea3i 15HP trong s\u1ea3n xu\u1ea5t<\/h2>\n<p class=\"mb-4 leading-relaxed\">Qu\u1ea1t h\u00fat b\u1ee5i t\u00fai v\u1ea3i 15HP hay m\u00e1y h\u00fat b\u1ee5i t\u00fai v\u1ea3i 15HP \u0111\u01b0\u1ee3c s\u1eed d\u1ee5ng ph\u1ed5 bi\u1ebfn trong nhi\u1ec1u l\u0129nh v\u1ef1c c\u00f4ng nghi\u1ec7p nh\u01b0:<\/p>\n<p class=\"mb-4 leading-relaxed\">X\u01b0\u1edfng g\u1ed7: thu gom b\u1ee5i m\u00f9n, b\u1ee5i c\u01b0a trong qu\u00e1 tr\u00ecnh c\u1eaft, b\u00e0o, ti\u1ec7n.<\/p>\n<p class=\"mb-4 leading-relaxed\">X\u01b0\u1edfng c\u01a1 kh\u00ed: h\u00fat b\u1ee5i kim lo\u1ea1i, phoi ti\u1ec7n CNC, b\u1ee5i m\u00e0i.<\/p>\n<p class=\"mb-4 leading-relaxed\">Nh\u00e0 m\u00e1y may m\u1eb7c: x\u1eed l\u00fd b\u1ee5i v\u1ea3i, b\u1ee5i s\u1ee3i trong qu\u00e1 tr\u00ecnh c\u1eaft v\u00e0 may.<\/p>\n<p class=\"mb-4 leading-relaxed\">Ng\u00e0nh s\u1ea3n xu\u1ea5t nh\u1ef1a: h\u00fat b\u1ee5i nh\u1ef1a ph\u00e1t sinh trong qu\u00e1 tr\u00ecnh nghi\u1ec1n, \u00e9p.<\/p>\n<p class=\"mb-4 leading-relaxed\">X\u01b0\u1edfng th\u1ef1c ph\u1ea9m, d\u01b0\u1ee3c ph\u1ea9m: \u0111\u1ea3m b\u1ea3o kh\u00f4ng kh\u00ed s\u1ea1ch \u0111\u1ea1t ti\u00eau chu\u1ea9n v\u1ec7 sinh.<\/p>\n<h2 class=\"py-2 my-4 text-2xl font-bold border-green-500 border-y border-opacity-10\">ViFan \u2013 \u0110\u1ecba ch\u1ec9 uy t\u00edn cung c\u1ea5p qu\u1ea1t h\u00fat b\u1ee5i t\u00fai v\u1ea3i 15HP<\/h2>\n<p class=\"mb-4 leading-relaxed\">ViFan l\u00e0 th\u01b0\u01a1ng hi\u1ec7u chuy\u00ean s\u1ea3n xu\u1ea5t v\u00e0 ph\u00e2n ph\u1ed1i <a href=\"https:\/\/quatcongnghiepvifan.com\/quat-hut-bui-tui-vai\/\" class=\"text-red-900\">qu\u1ea1t h\u00fat b\u1ee5i t\u00fai v\u1ea3i<\/a> uy t\u00edn t\u1ea1i Vi\u1ec7t Nam. S\u1ea3n ph\u1ea9m c\u1ee7a ViFan \u0111\u01b0\u1ee3c \u0111\u00e1nh gi\u00e1 cao nh\u1edd thi\u1ebft k\u1ebf ch\u1eafc ch\u1eafn, hi\u1ec7u su\u1ea5t cao v\u00e0 gi\u00e1 th\u00e0nh h\u1ee3p l\u00fd. ViFan cam k\u1ebft:<\/p>\n<p class=\"mb-4 leading-relaxed\">S\u1ea3n ph\u1ea9m ch\u1ea5t l\u01b0\u1ee3ng cao, \u0111\u1ea1t ti\u00eau chu\u1ea9n k\u1ef9 thu\u1eadt.<\/p>\n<p class=\"mb-4 leading-relaxed\">H\u1ed7 tr\u1ee3 thi\u1ebft k\u1ebf, l\u1eafp \u0111\u1eb7t theo y\u00eau c\u1ea7u t\u1eebng nh\u00e0 x\u01b0\u1edfng.<\/p>\n<p class=\"mb-4 leading-relaxed\">B\u1ea3o h\u00e0nh 12 th\u00e1ng, h\u1ed7 tr\u1ee3 k\u1ef9 thu\u1eadt tr\u1ecdn \u0111\u1eddi.<\/p>\n<p class=\"mb-4 leading-relaxed\">Giao h\u00e0ng nhanh to\u00e0n qu\u1ed1c, t\u01b0 v\u1ea5n t\u1eadn t\u00e2m.<\/p>\n<p class=\"mb-4 leading-relaxed\">N\u1ebfu b\u1ea1n \u0111ang c\u1ea7n t\u00ecm qu\u1ea1t h\u00fat b\u1ee5i t\u00fai v\u1ea3i 11KW ho\u1eb7c m\u00e1y h\u00fat b\u1ee5i t\u00fai v\u1ea3i 15HP hi\u1ec7u su\u1ea5t cao, ho\u1ea1t \u0111\u1ed9ng \u1ed5n \u0111\u1ecbnh, h\u00e3y li\u00ean h\u1ec7 ngay v\u1edbi ViFan \u0111\u1ec3 \u0111\u01b0\u1ee3c t\u01b0 v\u1ea5n gi\u1ea3i ph\u00e1p ph\u00f9 h\u1ee3p v\u00e0 nh\u1eadn b\u00e1o gi\u00e1 \u01b0u \u0111\u00e3i nh\u1ea5t.<\/p>\n","protected":false},"excerpt":{"rendered":"<div class=\"my-4 overflow-hidden bg-white rounded-lg shadow-xl \"><div class=\"overflow-x-auto\"><table class=\"min-w-full\" class=\"min-w-full\">\n<tbody class=\"bg-white divide-y divide-gray-100 \" class=\"bg-white divide-y divide-gray-100 \">\n<tr class=\"transition-all duration-200 ease-in-out group hover:bg-red-50 \" class=\"transition-all duration-200 ease-in-out group hover:bg-red-50 \">\n<td class=\"px-2 py-2 text-sm text-gray-700 transition-colors duration-200 group-hover:text-gray-900 \" class=\"px-2 py-2 text-sm text-gray-700 transition-colors duration-200 group-hover:text-gray-900 \"><strong class=\"font-cal-sans\">M\u00e3 s\u1ea3n ph\u1ea9m<\/strong><\/td>\n<td class=\"px-2 py-2 text-sm text-gray-700 transition-colors duration-200 group-hover:text-gray-900 \" class=\"px-2 py-2 text-sm text-gray-700 transition-colors duration-200 group-hover:text-gray-900 \">:<\/td>\n<td class=\"px-2 py-2 text-sm text-gray-700 transition-colors duration-200 group-hover:text-gray-900 \" class=\"px-2 py-2 text-sm text-gray-700 transition-colors duration-200 group-hover:text-gray-900 \">QHB 2P 15\/4<\/td>\n<\/tr>\n<tr class=\"transition-all duration-200 ease-in-out group hover:bg-red-50 \" class=\"transition-all duration-200 ease-in-out group hover:bg-red-50 \">\n<td class=\"px-2 py-2 text-sm text-gray-700 transition-colors duration-200 group-hover:text-gray-900 \" class=\"px-2 py-2 text-sm text-gray-700 transition-colors duration-200 group-hover:text-gray-900 \"><strong class=\"font-cal-sans\">Th\u01b0\u01a1ng hi\u1ec7u<\/strong><\/td>\n<td class=\"px-2 py-2 text-sm text-gray-700 transition-colors duration-200 group-hover:text-gray-900 \" class=\"px-2 py-2 text-sm text-gray-700 transition-colors duration-200 group-hover:text-gray-900 \">:<\/td>\n<td class=\"px-2 py-2 text-sm text-gray-700 transition-colors duration-200 group-hover:text-gray-900 \" class=\"px-2 py-2 text-sm text-gray-700 transition-colors duration-200 group-hover:text-gray-900 \">ViFan<\/td>\n<\/tr>\n<tr class=\"transition-all duration-200 ease-in-out group hover:bg-red-50 \" class=\"transition-all duration-200 ease-in-out group hover:bg-red-50 \">\n<td class=\"px-2 py-2 text-sm text-gray-700 transition-colors duration-200 group-hover:text-gray-900 \" class=\"px-2 py-2 text-sm text-gray-700 transition-colors duration-200 group-hover:text-gray-900 \"><strong class=\"font-cal-sans\">C\u00f4ng su\u1ea5t<\/strong><\/td>\n<td class=\"px-2 py-2 text-sm text-gray-700 transition-colors duration-200 group-hover:text-gray-900 \" class=\"px-2 py-2 text-sm text-gray-700 transition-colors duration-200 group-hover:text-gray-900 \">:<\/td>\n<td class=\"px-2 py-2 text-sm text-gray-700 transition-colors duration-200 group-hover:text-gray-900 \" class=\"px-2 py-2 text-sm text-gray-700 transition-colors duration-200 group-hover:text-gray-900 \">15 HP<\/td>\n<\/tr>\n<tr class=\"transition-all duration-200 ease-in-out group hover:bg-red-50 \" class=\"transition-all duration-200 ease-in-out group hover:bg-red-50 \">\n<td class=\"px-2 py-2 text-sm text-gray-700 transition-colors duration-200 group-hover:text-gray-900 \" class=\"px-2 py-2 text-sm text-gray-700 transition-colors duration-200 group-hover:text-gray-900 \"><strong class=\"font-cal-sans\">C\u1ed9t \u00c1p<\/strong><\/td>\n<td class=\"px-2 py-2 text-sm text-gray-700 transition-colors duration-200 group-hover:text-gray-900 \" class=\"px-2 py-2 text-sm text-gray-700 transition-colors duration-200 group-hover:text-gray-900 \">:<\/td>\n<td class=\"px-2 py-2 text-sm text-gray-700 transition-colors duration-200 group-hover:text-gray-900 \" class=\"px-2 py-2 text-sm text-gray-700 transition-colors duration-200 group-hover:text-gray-900 \">4000 Pa<\/td>\n<\/tr>\n<tr class=\"transition-all duration-200 ease-in-out group hover:bg-red-50 \" class=\"transition-all duration-200 ease-in-out group hover:bg-red-50 \">\n<td class=\"px-2 py-2 text-sm text-gray-700 transition-colors duration-200 group-hover:text-gray-900 \" class=\"px-2 py-2 text-sm text-gray-700 transition-colors duration-200 group-hover:text-gray-900 \"><strong class=\"font-cal-sans\">L\u01b0u l\u01b0\u1ee3ng<\/strong><\/td>\n<td class=\"px-2 py-2 text-sm text-gray-700 transition-colors duration-200 group-hover:text-gray-900 \" class=\"px-2 py-2 text-sm text-gray-700 transition-colors duration-200 group-hover:text-gray-900 \">:<\/td>\n<td class=\"px-2 py-2 text-sm text-gray-700 transition-colors duration-200 group-hover:text-gray-900 \" class=\"px-2 py-2 text-sm text-gray-700 transition-colors duration-200 group-hover:text-gray-900 \">15000 m3\/h<\/td>\n<\/tr>\n<tr class=\"transition-all duration-200 ease-in-out group hover:bg-red-50 \" class=\"transition-all duration-200 ease-in-out group hover:bg-red-50 \">\n<td class=\"px-2 py-2 text-sm text-gray-700 transition-colors duration-200 group-hover:text-gray-900 \" class=\"px-2 py-2 text-sm text-gray-700 transition-colors duration-200 group-hover:text-gray-900 \"><strong class=\"font-cal-sans\">B\u1ea3o h\u00e0nh<\/strong><\/td>\n<td class=\"px-2 py-2 text-sm text-gray-700 transition-colors duration-200 group-hover:text-gray-900 \" class=\"px-2 py-2 text-sm text-gray-700 transition-colors duration-200 group-hover:text-gray-900 \">:<\/td>\n<td class=\"px-2 py-2 text-sm text-gray-700 transition-colors duration-200 group-hover:text-gray-900 \" class=\"px-2 py-2 text-sm text-gray-700 transition-colors duration-200 group-hover:text-gray-900 \">12 th\u00e1ng<\/td>\n<\/tr>\n<tr class=\"transition-all duration-200 ease-in-out group hover:bg-red-50 \" class=\"transition-all duration-200 ease-in-out group hover:bg-red-50 \">\n<td class=\"px-2 py-2 text-sm text-gray-700 transition-colors duration-200 group-hover:text-gray-900 \" class=\"px-2 py-2 text-sm text-gray-700 transition-colors duration-200 group-hover:text-gray-900 \"><strong class=\"font-cal-sans\">Xu\u1ea5t x\u1ee9<\/strong><\/td>\n<td class=\"px-2 py-2 text-sm text-gray-700 transition-colors duration-200 group-hover:text-gray-900 \" class=\"px-2 py-2 text-sm text-gray-700 transition-colors duration-200 group-hover:text-gray-900 \">:<\/td>\n<td class=\"px-2 py-2 text-sm text-gray-700 transition-colors duration-200 group-hover:text-gray-900 \" class=\"px-2 py-2 text-sm text-gray-700 transition-colors duration-200 group-hover:text-gray-900 \">Vi\u1ec7t nam<\/td>\n<\/tr>\n<\/tbody>\n<\/table><\/div><\/div>\n","protected":false},"featured_media":123,"template":"","meta":{"footnotes":""},"product_cat":[11],"product_tag":[],"ztteam_product_brand":[],"class_list":["post-122","product","type-product","status-publish","has-post-thumbnail","hentry","product_cat-quat-hut-bui-tui-vai"],"meta_box":{"_sku":"QHB 2P 15\/4","_regular_price":"13126994","_sale_price":"11561324","_price":"11561324","_stock_status":"instock","_stock":"50","_manage_stock":"1","_weight":"","_length":"","_width":"","_height":"","_product_image_gallery":[{"width":150,"height":150,"file":"2026\/03\/quat-hut-bui-tui-vai-15HP.png","filesize":60418,"sizes":[],"image_meta":{"aperture":"0","credit":"","camera":"","caption":"","created_timestamp":"0","copyright":"","focal_length":"0","iso":"0","shutter_speed":"0","title":"","orientation":"0","keywords":[]},"ID":"123","name":"quat-hut-bui-tui-vai-15HP.png","path":"\/home\/dev.wptheme.store\/public_html\/s\/wpquat\/wp-content\/uploads\/2026\/03\/quat-hut-bui-tui-vai-15HP.png","url":"https:\/\/dev.wptheme.store\/s\/wpquat\/wp-content\/uploads\/2026\/03\/quat-hut-bui-tui-vai-15HP.png","full_url":"https:\/\/dev.wptheme.store\/s\/wpquat\/wp-content\/uploads\/2026\/03\/quat-hut-bui-tui-vai-15HP.png","title":"Qu\u1ea1t Ly T\u00e2m H\u00fat B\u1ee5i T\u00fai V\u1ea3i 15HP","caption":"","description":"","alt":"","srcset":false}],"_featured":"0","_visibility":"visible","_virtual":"","_downloadable":"","product_type":"simple","product_attributes":[],"color_variations":[],"size_variations":[],"storage_variations":[],"material_variations":[]},"_links":{"self":[{"href":"https:\/\/dev.wptheme.store\/s\/wpquat\/wp-json\/wp\/v2\/product\/122","targetHints":{"allow":["GET"]}}],"collection":[{"href":"https:\/\/dev.wptheme.store\/s\/wpquat\/wp-json\/wp\/v2\/product"}],"about":[{"href":"https:\/\/dev.wptheme.store\/s\/wpquat\/wp-json\/wp\/v2\/types\/product"}],"version-history":[{"count":0,"href":"https:\/\/dev.wptheme.store\/s\/wpquat\/wp-json\/wp\/v2\/product\/122\/revisions"}],"wp:featuredmedia":[{"embeddable":true,"href":"https:\/\/dev.wptheme.store\/s\/wpquat\/wp-json\/wp\/v2\/media\/123"}],"wp:attachment":[{"href":"https:\/\/dev.wptheme.store\/s\/wpquat\/wp-json\/wp\/v2\/media?parent=122"}],"wp:term":[{"taxonomy":"product_cat","embeddable":true,"href":"https:\/\/dev.wptheme.store\/s\/wpquat\/wp-json\/wp\/v2\/product_cat?post=122"},{"taxonomy":"product_tag","embeddable":true,"href":"https:\/\/dev.wptheme.store\/s\/wpquat\/wp-json\/wp\/v2\/product_tag?post=122"},{"taxonomy":"ztteam_product_brand","embeddable":true,"href":"https:\/\/dev.wptheme.store\/s\/wpquat\/wp-json\/wp\/v2\/ztteam_product_brand?post=122"}],"curies":[{"name":"wp","href":"https:\/\/api.w.org\/{rel}","templated":true}]}}