{"id":126,"date":"2026-03-16T08:49:48","date_gmt":"2026-03-16T01:49:48","guid":{"rendered":"https:\/\/dev.wptheme.store\/s\/wpquat\/product\/quat-hut-bui-tui-vai-7-5hp\/"},"modified":"2026-03-16T08:49:48","modified_gmt":"2026-03-16T01:49:48","slug":"quat-hut-bui-tui-vai-7-5hp","status":"publish","type":"product","link":"https:\/\/dev.wptheme.store\/s\/wpquat\/product\/quat-hut-bui-tui-vai-7-5hp\/","title":{"rendered":"Qu\u1ea1t H\u00fat B\u1ee5i T\u00fai V\u1ea3i 7.5HP"},"content":{"rendered":"<p class=\"mb-4 leading-relaxed\">Qu\u1ea1t h\u00fat b\u1ee5i t\u00fai v\u1ea3i 7.5HP m\u00e3 s\u1ea3n ph\u1ea9m QHB 2P 7.5\/4 c\u1ee7a th\u01b0\u01a1ng hi\u1ec7u PDV l\u00e0 thi\u1ebft b\u1ecb h\u00fat b\u1ee5i c\u00f4ng nghi\u1ec7p \u0111\u01b0\u1ee3c \u01b0a chu\u1ed9ng hi\u1ec7n nay. S\u1ea3n ph\u1ea9m kh\u00f4ng ch\u1ec9 c\u00f3 c\u00f4ng su\u1ea5t m\u1ea1nh m\u1ebd, v\u1eadn h\u00e0nh b\u1ec1n b\u1ec9 m\u00e0 c\u00f2n mang l\u1ea1i hi\u1ec7u qu\u1ea3 l\u1ecdc b\u1ee5i v\u01b0\u1ee3t tr\u1ed9i, gi\u00fap c\u1ea3i thi\u1ec7n m\u00f4i tr\u01b0\u1eddng l\u00e0m vi\u1ec7c, b\u1ea3o v\u1ec7 s\u1ee9c kh\u1ecfe ng\u01b0\u1eddi lao \u0111\u1ed9ng. \u0110\u01b0\u1ee3c s\u1ea3n xu\u1ea5t t\u1ea1i Vi\u1ec7t Nam v\u1edbi ch\u1ea5t l\u01b0\u1ee3ng \u0111\u1ea1t chu\u1ea9n, \u0111\u00e2y l\u00e0 l\u1ef1a ch\u1ecdn t\u1ed1i \u01b0u cho c\u00e1c nh\u00e0 m\u00e1y, x\u01b0\u1edfng s\u1ea3n xu\u1ea5t c\u00f3 nhu c\u1ea7u h\u00fat b\u1ee5i l\u1edbn.<\/p>\n<h2 class=\"py-2 my-4 text-2xl font-bold border-green-500 border-y border-opacity-10\">Th\u00f4ng s\u1ed1 k\u1ef9 thu\u1eadt qu\u1ea1t h\u00fat b\u1ee5i t\u00fai v\u1ea3i 7.5HP<\/h2>\n<ul class=\"mb-4 space-y-1 list-none\">\n<li class=\"flex items-center gap-3 leading-relaxed text-gray-800 \"><div class=\"flex items-center justify-center w-5 h-5 bg-red-100 rounded-full shrink-0\"><svg class=\"w-3 h-3 text-red-600\" fill=\"none\" stroke=\"currentColor\" stroke- viewBox=\"0 0 24 24\"><path stroke-linecap=\"round\" stroke-linejoin=\"round\" d=\"M5 13l4 4L19 7\" \/><\/svg><\/div><div class=\"flex-1\">M\u00e3 s\u1ea3n ph\u1ea9m: QHB 2P 7.5\/4<\/div><\/li>\n<li class=\"flex items-center gap-3 leading-relaxed text-gray-800 \"><div class=\"flex items-center justify-center w-5 h-5 bg-red-100 rounded-full shrink-0\"><svg class=\"w-3 h-3 text-red-600\" fill=\"none\" stroke=\"currentColor\" stroke- viewBox=\"0 0 24 24\"><path stroke-linecap=\"round\" stroke-linejoin=\"round\" d=\"M5 13l4 4L19 7\" \/><\/svg><\/div><div class=\"flex-1\">Th\u01b0\u01a1ng hi\u1ec7u: Vifan<\/div><\/li>\n<li class=\"flex items-center gap-3 leading-relaxed text-gray-800 \"><div class=\"flex items-center justify-center w-5 h-5 bg-red-100 rounded-full shrink-0\"><svg class=\"w-3 h-3 text-red-600\" fill=\"none\" stroke=\"currentColor\" stroke- viewBox=\"0 0 24 24\"><path stroke-linecap=\"round\" stroke-linejoin=\"round\" d=\"M5 13l4 4L19 7\" \/><\/svg><\/div><div class=\"flex-1\">C\u00f4ng su\u1ea5t: 7.5HP &#8211; 5.5KW<\/div><\/li>\n<li class=\"flex items-center gap-3 leading-relaxed text-gray-800 \"><div class=\"flex items-center justify-center w-5 h-5 bg-red-100 rounded-full shrink-0\"><svg class=\"w-3 h-3 text-red-600\" fill=\"none\" stroke=\"currentColor\" stroke- viewBox=\"0 0 24 24\"><path stroke-linecap=\"round\" stroke-linejoin=\"round\" d=\"M5 13l4 4L19 7\" \/><\/svg><\/div><div class=\"flex-1\">C\u1ed9t \u00e1p: 3300 Pa<\/div><\/li>\n<li class=\"flex items-center gap-3 leading-relaxed text-gray-800 \"><div class=\"flex items-center justify-center w-5 h-5 bg-red-100 rounded-full shrink-0\"><svg class=\"w-3 h-3 text-red-600\" fill=\"none\" stroke=\"currentColor\" stroke- viewBox=\"0 0 24 24\"><path stroke-linecap=\"round\" stroke-linejoin=\"round\" d=\"M5 13l4 4L19 7\" \/><\/svg><\/div><div class=\"flex-1\">L\u01b0u l\u01b0\u1ee3ng: 8000 m\u00b3\/h<\/div><\/li>\n<li class=\"flex items-center gap-3 leading-relaxed text-gray-800 \"><div class=\"flex items-center justify-center w-5 h-5 bg-red-100 rounded-full shrink-0\"><svg class=\"w-3 h-3 text-red-600\" fill=\"none\" stroke=\"currentColor\" stroke- viewBox=\"0 0 24 24\"><path stroke-linecap=\"round\" stroke-linejoin=\"round\" d=\"M5 13l4 4L19 7\" \/><\/svg><\/div><div class=\"flex-1\">Phi \u1ed1ng: D150-D200<\/div><\/li>\n<li class=\"flex items-center gap-3 leading-relaxed text-gray-800 \"><div class=\"flex items-center justify-center w-5 h-5 bg-red-100 rounded-full shrink-0\"><svg class=\"w-3 h-3 text-red-600\" fill=\"none\" stroke=\"currentColor\" stroke- viewBox=\"0 0 24 24\"><path stroke-linecap=\"round\" stroke-linejoin=\"round\" d=\"M5 13l4 4L19 7\" \/><\/svg><\/div><div class=\"flex-1\">S\u1ed1 t\u00fai: 2 t\u00fai v\u1ea3i<\/div><\/li>\n<li class=\"flex items-center gap-3 leading-relaxed text-gray-800 \"><div class=\"flex items-center justify-center w-5 h-5 bg-red-100 rounded-full shrink-0\"><svg class=\"w-3 h-3 text-red-600\" fill=\"none\" stroke=\"currentColor\" stroke- viewBox=\"0 0 24 24\"><path stroke-linecap=\"round\" stroke-linejoin=\"round\" d=\"M5 13l4 4L19 7\" \/><\/svg><\/div><div class=\"flex-1\">\u0110\u1ed9 \u1ed3n: 70Db<\/div><\/li>\n<li class=\"flex items-center gap-3 leading-relaxed text-gray-800 \"><div class=\"flex items-center justify-center w-5 h-5 bg-red-100 rounded-full shrink-0\"><svg class=\"w-3 h-3 text-red-600\" fill=\"none\" stroke=\"currentColor\" stroke- viewBox=\"0 0 24 24\"><path stroke-linecap=\"round\" stroke-linejoin=\"round\" d=\"M5 13l4 4L19 7\" \/><\/svg><\/div><div class=\"flex-1\">B\u1ea3o h\u00e0nh: 12 th\u00e1ng<\/div><\/li>\n<li class=\"flex items-center gap-3 leading-relaxed text-gray-800 \"><div class=\"flex items-center justify-center w-5 h-5 bg-red-100 rounded-full shrink-0\"><svg class=\"w-3 h-3 text-red-600\" fill=\"none\" stroke=\"currentColor\" stroke- viewBox=\"0 0 24 24\"><path stroke-linecap=\"round\" stroke-linejoin=\"round\" d=\"M5 13l4 4L19 7\" \/><\/svg><\/div><div class=\"flex-1\">Xu\u1ea5t x\u1ee9: Vi\u1ec7t Nam<\/div><\/li>\n<\/ul>\n<figure class=\"my-6 text-center\"><img><figcaption>H\u00ecnh \u1ea2nh Qu\u1ea1t H\u00fat B\u1ee5i T\u00fai V\u1ea3i 5.5KW<\/figcaption><\/figure>\n<p class=\"mb-4 leading-relaxed\">Xem th\u00eam model kh\u00e1c:<\/p>\n<p class=\"mb-4 leading-relaxed\"><a href=\"https:\/\/quatcongnghiepvifan.com\/quat-hut-bui-tui-vai-5-5hp\/\" class=\"text-red-900\">Qu\u1ea1t h\u00fat b\u1ee5i t\u00fai v\u1ea3i 5.5HP<\/a><\/p>\n<p class=\"mb-4 leading-relaxed\"><a href=\"https:\/\/quatcongnghiepvifan.com\/quat-hut-bui-tui-vai-3hp\/\" class=\"text-red-900\">Qu\u1ea1t h\u00fat b\u1ee5i t\u00fai v\u1ea3i 3HP<\/a><\/p>\n<h2 class=\"py-2 my-4 text-2xl font-bold border-green-500 border-y border-opacity-10\">\u0110i\u1ec3m n\u1ed5i b\u1eadt qu\u1ea1t h\u00fat b\u1ee5i t\u00fai v\u1ea3i 7.5HP<\/h2>\n<p class=\"mb-4 leading-relaxed\">C\u00f4ng su\u1ea5t l\u1edbn, hi\u1ec7u su\u1ea5t cao: Qu\u1ea1t h\u00fat b\u1ee5i c\u00f4ng nghi\u1ec7p 7.5HP cho kh\u1ea3 n\u0103ng x\u1eed l\u00fd b\u1ee5i nhanh, l\u01b0\u1ee3ng gi\u00f3 m\u1ea1nh l\u00ean \u0111\u1ebfn 8000 m\u00e9t kh\u1ed1i m\u1ed7i gi\u1edd, \u0111\u1ea3m b\u1ea3o h\u00fat s\u1ea1ch b\u1ee5i trong di\u1ec7n t\u00edch r\u1ed9ng.<\/p>\n<p class=\"mb-4 leading-relaxed\">C\u1ed9t \u00e1p m\u1ea1nh m\u1ebd: C\u1ed9t \u00e1p 3300 Pascal t\u1ea1o l\u1ef1c h\u00fat kh\u1ecfe, ph\u00f9 h\u1ee3p v\u1edbi c\u00e1c h\u1ec7 th\u1ed1ng h\u00fat b\u1ee5i quy m\u00f4 l\u1edbn, \u0111\u1ea3m b\u1ea3o hi\u1ec7u qu\u1ea3 l\u1ecdc b\u1ee5i t\u1ed1i \u01b0u.<\/p>\n<p class=\"mb-4 leading-relaxed\">T\u00fai v\u1ea3i ch\u1ea5t l\u01b0\u1ee3ng cao: T\u00fai l\u1ecdc b\u1ee5i b\u1eb1ng v\u1ea3i cao c\u1ea5p gi\u00fap gi\u1eef l\u1ea1i b\u1ee5i m\u1ecbn hi\u1ec7u qu\u1ea3, d\u1ec5 d\u00e0ng th\u00e1o l\u1eafp, v\u1ec7 sinh v\u00e0 thay th\u1ebf, ti\u1ebft ki\u1ec7m chi ph\u00ed b\u1ea3o tr\u00ec.<\/p>\n<p class=\"mb-4 leading-relaxed\">B\u1ec1n b\u1ec9 v\u00e0 \u00eam \u00e1i: Thi\u1ebft k\u1ebf ch\u1eafc ch\u1eafn, ch\u1ecbu \u0111\u01b0\u1ee3c m\u00f4i tr\u01b0\u1eddng c\u00f4ng nghi\u1ec7p kh\u1eafc nghi\u1ec7t, v\u1eadn h\u00e0nh \u00eam, gi\u1ea3m ti\u1ebfng \u1ed3n trong qu\u00e1 tr\u00ecnh ho\u1ea1t \u0111\u1ed9ng.<\/p>\n<p class=\"mb-4 leading-relaxed\">S\u1ea3n ph\u1ea9m Vi\u1ec7t Nam: \u0110\u1ea3m b\u1ea3o ch\u1ea5t l\u01b0\u1ee3ng, c\u00f3 b\u1ea3o h\u00e0nh ch\u00ednh h\u00e3ng 12 th\u00e1ng, an t\u00e2m s\u1eed d\u1ee5ng l\u00e2u d\u00e0i.<\/p>\n<figure class=\"my-6 text-center\"><img><figcaption>\u0110i\u1ec3m N\u1ed5i B\u1eadt Qu\u1ea1t H\u00fat B\u1ee5i T\u00fai V\u1ea3i 7,5HP<\/figcaption><\/figure>\n<h2 class=\"py-2 my-4 text-2xl font-bold border-green-500 border-y border-opacity-10\">\u1ee8ng d\u1ee5ng m\u00e1y h\u00fat b\u1ee5i t\u00fai v\u1ea3i 7.5HP<\/h2>\n<p class=\"mb-4 leading-relaxed\">Qu\u1ea1t h\u00fat b\u1ee5i t\u00fai v\u1ea3i 7.5HP l\u00e0 gi\u1ea3i ph\u00e1p t\u1ed1i \u01b0u cho c\u00e1c h\u1ec7 th\u1ed1ng x\u1eed l\u00fd b\u1ee5i c\u00f4ng nghi\u1ec7p c\u00f3 quy m\u00f4 l\u1edbn. Thi\u1ebft b\u1ecb \u0111\u1eb7c bi\u1ec7t ph\u00f9 h\u1ee3p v\u1edbi nhi\u1ec1u ng\u00e0nh s\u1ea3n xu\u1ea5t nh\u01b0 g\u1ed7, xi m\u0103ng, g\u1ea1ch, th\u00e9p, d\u1ec7t s\u1ee3i v\u00e0 nhi\u1ec1u l\u0129nh v\u1ef1c c\u00f4ng nghi\u1ec7p n\u1eb7ng kh\u00e1c.<\/p>\n<p class=\"mb-4 leading-relaxed\">T\u1ea1i c\u00e1c nh\u00e0 m\u00e1y, x\u01b0\u1edfng s\u1ea3n xu\u1ea5t c\u00f3 l\u01b0\u1ee3ng b\u1ee5i ph\u00e1t sinh l\u1edbn, qu\u1ea1t h\u00fat b\u1ee5i t\u00fai v\u1ea3i gi\u00fap thu gom b\u1ee5i th\u00f4 v\u00e0 b\u1ee5i m\u1ecbn hi\u1ec7u qu\u1ea3, ng\u0103n ch\u1eb7n b\u1ee5i lan t\u1ecfa ra kh\u00f4ng kh\u00ed, duy tr\u00ec m\u00f4i tr\u01b0\u1eddng l\u00e0m vi\u1ec7c s\u1ea1ch s\u1ebd v\u00e0 an to\u00e0n cho ng\u01b0\u1eddi lao \u0111\u1ed9ng. \u0110i\u1ec1u n\u00e0y kh\u00f4ng ch\u1ec9 g\u00f3p ph\u1ea7n b\u1ea3o v\u1ec7 s\u1ee9c kh\u1ecfe c\u00f4ng nh\u00e2n kh\u1ecfi c\u00e1c b\u1ec7nh v\u1ec1 \u0111\u01b0\u1eddng h\u00f4 h\u1ea5p m\u00e0 c\u00f2n gi\u1ea3m thi\u1ec3u nguy c\u01a1 ch\u00e1y n\u1ed5 do b\u1ee5i t\u00edch t\u1ee5.<\/p>\n<p class=\"mb-4 leading-relaxed\">Ngo\u00e0i ra, qu\u1ea1t c\u00f2n h\u1ed7 tr\u1ee3 duy tr\u00ec hi\u1ec7u su\u1ea5t v\u1eadn h\u00e0nh m\u00e1y m\u00f3c thi\u1ebft b\u1ecb, gi\u1ea3m thi\u1ec3u th\u1eddi gian b\u1ea3o tr\u00ec v\u00e0 t\u0103ng tu\u1ed5i th\u1ecd h\u1ec7 th\u1ed1ng s\u1ea3n xu\u1ea5t. Nh\u1edd c\u00f4ng su\u1ea5t l\u1edbn v\u00e0 l\u01b0u l\u01b0\u1ee3ng gi\u00f3 m\u1ea1nh, qu\u1ea1t h\u00fat b\u1ee5i t\u00fai v\u1ea3i PDV \u0111\u00e1p \u1ee9ng t\u1ed1t nhu c\u1ea7u v\u1eadn h\u00e0nh li\u00ean t\u1ee5c trong m\u00f4i tr\u01b0\u1eddng c\u00f4ng nghi\u1ec7p kh\u1eafc nghi\u1ec7t, gi\u00fap n\u00e2ng cao n\u0103ng su\u1ea5t v\u00e0 hi\u1ec7u qu\u1ea3 s\u1ea3n xu\u1ea5t cho doanh nghi\u1ec7p.<\/p>\n<h2 class=\"py-2 my-4 text-2xl font-bold border-green-500 border-y border-opacity-10\">Vifan \u2013 \u0110\u1ecba ch\u1ec9 uy t\u00edn cung c\u1ea5p qu\u1ea1t h\u00fat b\u1ee5i t\u00fai v\u1ea3i ch\u00ednh h\u00e3ng<\/h2>\n<p class=\"mb-4 leading-relaxed\">Vifan t\u1ef1 h\u00e0o l\u00e0 nh\u00e0 ph\u00e2n ph\u1ed1i uy t\u00edn h\u00e0ng \u0111\u1ea7u c\u00e1c d\u00f2ng <a href=\"https:\/\/quatcongnghiepvifan.com\/quat-hut-bui-tui-vai\/\" class=\"text-red-900\">qu\u1ea1t h\u00fat b\u1ee5i t\u00fai v\u1ea3i<\/a> Vifan ch\u00ednh h\u00e3ng v\u1edbi m\u1ee9c gi\u00e1 c\u1ea1nh tranh nh\u1ea5t tr\u00ean th\u1ecb tr\u01b0\u1eddng. Ch\u00fang t\u00f4i cam k\u1ebft mang \u0111\u1ebfn cho kh\u00e1ch h\u00e0ng s\u1ea3n ph\u1ea9m ch\u1ea5t l\u01b0\u1ee3ng cao, \u0111i k\u00e8m d\u1ecbch v\u1ee5 ch\u0103m s\u00f3c t\u1eadn t\u00e2m v\u00e0 ch\u00ednh s\u00e1ch b\u1ea3o h\u00e0nh minh b\u1ea1ch, r\u00f5 r\u00e0ng.<\/p>\n<p class=\"mb-4 leading-relaxed\">Khi l\u1ef1a ch\u1ecdn Vifan, b\u1ea1n s\u1ebd \u0111\u01b0\u1ee3c \u0111\u1ed9i ng\u0169 k\u1ef9 thu\u1eadt vi\u00ean gi\u00e0u kinh nghi\u1ec7m t\u01b0 v\u1ea5n chi ti\u1ebft, h\u1ed7 tr\u1ee3 l\u1eafp \u0111\u1eb7t nhanh ch\u00f3ng v\u00e0 b\u1ea3o tr\u00ec chuy\u00ean nghi\u1ec7p, gi\u00fap thi\u1ebft b\u1ecb v\u1eadn h\u00e0nh \u1ed5n \u0111\u1ecbnh, b\u1ec1n b\u1ec9 trong su\u1ed1t qu\u00e1 tr\u00ecnh s\u1eed d\u1ee5ng. V\u1edbi s\u1ee9 m\u1ec7nh mang l\u1ea1i gi\u1ea3i ph\u00e1p x\u1eed l\u00fd b\u1ee5i c\u00f4ng nghi\u1ec7p hi\u1ec7u qu\u1ea3, Vifan kh\u00f4ng ng\u1eebng n\u1ed7 l\u1ef1c \u0111\u1ec3 \u0111\u1ed3ng h\u00e0nh c\u00f9ng doanh nghi\u1ec7p, g\u00f3p ph\u1ea7n x\u00e2y d\u1ef1ng m\u00f4i tr\u01b0\u1eddng l\u00e0m vi\u1ec7c s\u1ea1ch s\u1ebd v\u00e0 an to\u00e0n h\u01a1n.<\/p>\n","protected":false},"excerpt":{"rendered":"<div class=\"my-4 overflow-hidden bg-white rounded-lg shadow-xl \"><div class=\"overflow-x-auto\"><table class=\"min-w-full\" class=\"min-w-full\">\n<tbody class=\"bg-white divide-y divide-gray-100 \" class=\"bg-white divide-y divide-gray-100 \">\n<tr class=\"transition-all duration-200 ease-in-out group hover:bg-red-50 \" class=\"transition-all duration-200 ease-in-out group hover:bg-red-50 \">\n<td class=\"px-2 py-2 text-sm text-gray-700 transition-colors duration-200 group-hover:text-gray-900 \" class=\"px-2 py-2 text-sm text-gray-700 transition-colors duration-200 group-hover:text-gray-900 \"><strong class=\"font-cal-sans\">M\u00e3 s\u1ea3n ph\u1ea9m<\/strong><\/td>\n<td class=\"px-2 py-2 text-sm text-gray-700 transition-colors duration-200 group-hover:text-gray-900 \" class=\"px-2 py-2 text-sm text-gray-700 transition-colors duration-200 group-hover:text-gray-900 \">:<\/td>\n<td class=\"px-2 py-2 text-sm text-gray-700 transition-colors duration-200 group-hover:text-gray-900 \" class=\"px-2 py-2 text-sm text-gray-700 transition-colors duration-200 group-hover:text-gray-900 \">QHB 2P 7.5\/4<\/td>\n<\/tr>\n<tr class=\"transition-all duration-200 ease-in-out group hover:bg-red-50 \" class=\"transition-all duration-200 ease-in-out group hover:bg-red-50 \">\n<td class=\"px-2 py-2 text-sm text-gray-700 transition-colors duration-200 group-hover:text-gray-900 \" class=\"px-2 py-2 text-sm text-gray-700 transition-colors duration-200 group-hover:text-gray-900 \"><strong class=\"font-cal-sans\">Th\u01b0\u01a1ng hi\u1ec7u<\/strong><\/td>\n<td class=\"px-2 py-2 text-sm text-gray-700 transition-colors duration-200 group-hover:text-gray-900 \" class=\"px-2 py-2 text-sm text-gray-700 transition-colors duration-200 group-hover:text-gray-900 \">:<\/td>\n<td class=\"px-2 py-2 text-sm text-gray-700 transition-colors duration-200 group-hover:text-gray-900 \" class=\"px-2 py-2 text-sm text-gray-700 transition-colors duration-200 group-hover:text-gray-900 \">PDV<\/td>\n<\/tr>\n<tr class=\"transition-all duration-200 ease-in-out group hover:bg-red-50 \" class=\"transition-all duration-200 ease-in-out group hover:bg-red-50 \">\n<td class=\"px-2 py-2 text-sm text-gray-700 transition-colors duration-200 group-hover:text-gray-900 \" class=\"px-2 py-2 text-sm text-gray-700 transition-colors duration-200 group-hover:text-gray-900 \"><strong class=\"font-cal-sans\">C\u00f4ng su\u1ea5t<\/strong><\/td>\n<td class=\"px-2 py-2 text-sm text-gray-700 transition-colors duration-200 group-hover:text-gray-900 \" class=\"px-2 py-2 text-sm text-gray-700 transition-colors duration-200 group-hover:text-gray-900 \">:<\/td>\n<td class=\"px-2 py-2 text-sm text-gray-700 transition-colors duration-200 group-hover:text-gray-900 \" class=\"px-2 py-2 text-sm text-gray-700 transition-colors duration-200 group-hover:text-gray-900 \">7.5 HP<\/td>\n<\/tr>\n<tr class=\"transition-all duration-200 ease-in-out group hover:bg-red-50 \" class=\"transition-all duration-200 ease-in-out group hover:bg-red-50 \">\n<td class=\"px-2 py-2 text-sm text-gray-700 transition-colors duration-200 group-hover:text-gray-900 \" class=\"px-2 py-2 text-sm text-gray-700 transition-colors duration-200 group-hover:text-gray-900 \"><strong class=\"font-cal-sans\">C\u1ed9t \u00c1p<\/strong><\/td>\n<td class=\"px-2 py-2 text-sm text-gray-700 transition-colors duration-200 group-hover:text-gray-900 \" class=\"px-2 py-2 text-sm text-gray-700 transition-colors duration-200 group-hover:text-gray-900 \">:<\/td>\n<td class=\"px-2 py-2 text-sm text-gray-700 transition-colors duration-200 group-hover:text-gray-900 \" class=\"px-2 py-2 text-sm text-gray-700 transition-colors duration-200 group-hover:text-gray-900 \">3300 Pa<\/td>\n<\/tr>\n<tr class=\"transition-all duration-200 ease-in-out group hover:bg-red-50 \" class=\"transition-all duration-200 ease-in-out group hover:bg-red-50 \">\n<td class=\"px-2 py-2 text-sm text-gray-700 transition-colors duration-200 group-hover:text-gray-900 \" class=\"px-2 py-2 text-sm text-gray-700 transition-colors duration-200 group-hover:text-gray-900 \"><strong class=\"font-cal-sans\">L\u01b0u l\u01b0\u1ee3ng<\/strong><\/td>\n<td class=\"px-2 py-2 text-sm text-gray-700 transition-colors duration-200 group-hover:text-gray-900 \" class=\"px-2 py-2 text-sm text-gray-700 transition-colors duration-200 group-hover:text-gray-900 \">:<\/td>\n<td class=\"px-2 py-2 text-sm text-gray-700 transition-colors duration-200 group-hover:text-gray-900 \" class=\"px-2 py-2 text-sm text-gray-700 transition-colors duration-200 group-hover:text-gray-900 \">8000 m3\/h<\/td>\n<\/tr>\n<tr class=\"transition-all duration-200 ease-in-out group hover:bg-red-50 \" class=\"transition-all duration-200 ease-in-out group hover:bg-red-50 \">\n<td class=\"px-2 py-2 text-sm text-gray-700 transition-colors duration-200 group-hover:text-gray-900 \" class=\"px-2 py-2 text-sm text-gray-700 transition-colors duration-200 group-hover:text-gray-900 \"><strong class=\"font-cal-sans\">B\u1ea3o h\u00e0nh<\/strong><\/td>\n<td class=\"px-2 py-2 text-sm text-gray-700 transition-colors duration-200 group-hover:text-gray-900 \" class=\"px-2 py-2 text-sm text-gray-700 transition-colors duration-200 group-hover:text-gray-900 \">:<\/td>\n<td class=\"px-2 py-2 text-sm text-gray-700 transition-colors duration-200 group-hover:text-gray-900 \" class=\"px-2 py-2 text-sm text-gray-700 transition-colors duration-200 group-hover:text-gray-900 \">12 th\u00e1ng<\/td>\n<\/tr>\n<tr class=\"transition-all duration-200 ease-in-out group hover:bg-red-50 \" class=\"transition-all duration-200 ease-in-out group hover:bg-red-50 \">\n<td class=\"px-2 py-2 text-sm text-gray-700 transition-colors duration-200 group-hover:text-gray-900 \" class=\"px-2 py-2 text-sm text-gray-700 transition-colors duration-200 group-hover:text-gray-900 \"><strong class=\"font-cal-sans\">Xu\u1ea5t x\u1ee9<\/strong><\/td>\n<td class=\"px-2 py-2 text-sm text-gray-700 transition-colors duration-200 group-hover:text-gray-900 \" class=\"px-2 py-2 text-sm text-gray-700 transition-colors duration-200 group-hover:text-gray-900 \">:<\/td>\n<td class=\"px-2 py-2 text-sm text-gray-700 transition-colors duration-200 group-hover:text-gray-900 \" class=\"px-2 py-2 text-sm text-gray-700 transition-colors duration-200 group-hover:text-gray-900 \">Vi\u1ec7t nam<\/td>\n<\/tr>\n<\/tbody>\n<\/table><\/div><\/div>\n","protected":false},"featured_media":127,"template":"","meta":{"footnotes":""},"product_cat":[11],"product_tag":[],"ztteam_product_brand":[],"class_list":["post-126","product","type-product","status-publish","has-post-thumbnail","hentry","product_cat-quat-hut-bui-tui-vai"],"meta_box":{"_sku":"QHB 2P 7.5\/4","_regular_price":"14924589","_sale_price":"10757830","_price":"10757830","_stock_status":"instock","_stock":"50","_manage_stock":"1","_weight":"","_length":"","_width":"","_height":"","_product_image_gallery":[{"width":150,"height":150,"file":"2026\/03\/quat-ly-tam-hut-bui-tui-vai-75hp.png","filesize":69914,"sizes":[],"image_meta":{"aperture":"0","credit":"","camera":"","caption":"","created_timestamp":"0","copyright":"","focal_length":"0","iso":"0","shutter_speed":"0","title":"","orientation":"0","keywords":[]},"ID":"127","name":"quat-ly-tam-hut-bui-tui-vai-75hp.png","path":"\/home\/dev.wptheme.store\/public_html\/s\/wpquat\/wp-content\/uploads\/2026\/03\/quat-ly-tam-hut-bui-tui-vai-75hp.png","url":"https:\/\/dev.wptheme.store\/s\/wpquat\/wp-content\/uploads\/2026\/03\/quat-ly-tam-hut-bui-tui-vai-75hp.png","full_url":"https:\/\/dev.wptheme.store\/s\/wpquat\/wp-content\/uploads\/2026\/03\/quat-ly-tam-hut-bui-tui-vai-75hp.png","title":"Qu\u1ea1t Ly T\u00e2m H\u00fat B\u1ee5i T\u00fai V\u1ea3i 7.5HP","caption":"","description":"","alt":"","srcset":false}],"_featured":"0","_visibility":"visible","_virtual":"","_downloadable":"","product_type":"simple","product_attributes":[],"color_variations":[],"size_variations":[],"storage_variations":[],"material_variations":[]},"_links":{"self":[{"href":"https:\/\/dev.wptheme.store\/s\/wpquat\/wp-json\/wp\/v2\/product\/126","targetHints":{"allow":["GET"]}}],"collection":[{"href":"https:\/\/dev.wptheme.store\/s\/wpquat\/wp-json\/wp\/v2\/product"}],"about":[{"href":"https:\/\/dev.wptheme.store\/s\/wpquat\/wp-json\/wp\/v2\/types\/product"}],"version-history":[{"count":0,"href":"https:\/\/dev.wptheme.store\/s\/wpquat\/wp-json\/wp\/v2\/product\/126\/revisions"}],"wp:featuredmedia":[{"embeddable":true,"href":"https:\/\/dev.wptheme.store\/s\/wpquat\/wp-json\/wp\/v2\/media\/127"}],"wp:attachment":[{"href":"https:\/\/dev.wptheme.store\/s\/wpquat\/wp-json\/wp\/v2\/media?parent=126"}],"wp:term":[{"taxonomy":"product_cat","embeddable":true,"href":"https:\/\/dev.wptheme.store\/s\/wpquat\/wp-json\/wp\/v2\/product_cat?post=126"},{"taxonomy":"product_tag","embeddable":true,"href":"https:\/\/dev.wptheme.store\/s\/wpquat\/wp-json\/wp\/v2\/product_tag?post=126"},{"taxonomy":"ztteam_product_brand","embeddable":true,"href":"https:\/\/dev.wptheme.store\/s\/wpquat\/wp-json\/wp\/v2\/ztteam_product_brand?post=126"}],"curies":[{"name":"wp","href":"https:\/\/api.w.org\/{rel}","templated":true}]}}