{"id":130,"date":"2026-03-16T08:49:50","date_gmt":"2026-03-16T01:49:50","guid":{"rendered":"https:\/\/dev.wptheme.store\/s\/wpquat\/product\/quat-hut-bui-tui-vai-3hp\/"},"modified":"2026-03-16T08:49:50","modified_gmt":"2026-03-16T01:49:50","slug":"quat-hut-bui-tui-vai-3hp","status":"publish","type":"product","link":"https:\/\/dev.wptheme.store\/s\/wpquat\/product\/quat-hut-bui-tui-vai-3hp\/","title":{"rendered":"Qu\u1ea1t H\u00fat B\u1ee5i T\u00fai V\u1ea3i 3HP"},"content":{"rendered":"<p class=\"mb-4 leading-relaxed\">Qu\u1ea1t h\u00fat b\u1ee5i t\u00fai v\u1ea3i 3HP ViFan l\u00e0 thi\u1ebft b\u1ecb chuy\u00ean d\u1ee5ng trong h\u1ec7 th\u1ed1ng x\u1eed l\u00fd b\u1ee5i c\u00f4ng nghi\u1ec7p. V\u1edbi c\u00f4ng su\u1ea5t v\u1eeba ph\u1ea3i c\u00f9ng kh\u1ea3 n\u0103ng h\u00fat b\u1ee5i m\u1ea1nh m\u1ebd, s\u1ea3n ph\u1ea9m gi\u00fap lo\u1ea1i b\u1ecf b\u1ee5i th\u00f4 v\u00e0 b\u1ee5i m\u1ecbn hi\u1ec7u qu\u1ea3, b\u1ea3o v\u1ec7 m\u00f4i tr\u01b0\u1eddng l\u00e0m vi\u1ec7c s\u1ea1ch s\u1ebd, an to\u00e0n v\u00e0 n\u00e2ng cao hi\u1ec7u su\u1ea5t s\u1ea3n xu\u1ea5t. \u0110\u00e2y l\u00e0 l\u1ef1a ch\u1ecdn t\u1ed1i \u01b0u cho nhi\u1ec1u ng\u00e0nh c\u00f4ng nghi\u1ec7p nh\u01b0 g\u1ed7, xi m\u0103ng, d\u1ec7t may, s\u1ea3n xu\u1ea5t th\u00e9p v\u00e0 nhi\u1ec1u nh\u00e0 m\u00e1y kh\u00e1c.<\/p>\n<h2 class=\"py-2 my-4 text-2xl font-bold border-green-500 border-y border-opacity-10\">Th\u00f4ng s\u1ed1 k\u1ef9 thu\u1eadt qu\u1ea1t h\u00fat b\u1ee5i t\u00fai v\u1ea3i 3HP<\/h2>\n<ul class=\"mb-4 space-y-1 list-none\">\n<li class=\"flex items-center gap-3 leading-relaxed text-gray-800 \"><div class=\"flex items-center justify-center w-5 h-5 bg-red-100 rounded-full shrink-0\"><svg class=\"w-3 h-3 text-red-600\" fill=\"none\" stroke=\"currentColor\" stroke- viewBox=\"0 0 24 24\"><path stroke-linecap=\"round\" stroke-linejoin=\"round\" d=\"M5 13l4 4L19 7\" \/><\/svg><\/div><div class=\"flex-1\">M\u00e3 s\u1ea3n ph\u1ea9m: QHB 2P 3\/2<\/div><\/li>\n<li class=\"flex items-center gap-3 leading-relaxed text-gray-800 \"><div class=\"flex items-center justify-center w-5 h-5 bg-red-100 rounded-full shrink-0\"><svg class=\"w-3 h-3 text-red-600\" fill=\"none\" stroke=\"currentColor\" stroke- viewBox=\"0 0 24 24\"><path stroke-linecap=\"round\" stroke-linejoin=\"round\" d=\"M5 13l4 4L19 7\" \/><\/svg><\/div><div class=\"flex-1\">Th\u01b0\u01a1ng hi\u1ec7u: ViFan<\/div><\/li>\n<li class=\"flex items-center gap-3 leading-relaxed text-gray-800 \"><div class=\"flex items-center justify-center w-5 h-5 bg-red-100 rounded-full shrink-0\"><svg class=\"w-3 h-3 text-red-600\" fill=\"none\" stroke=\"currentColor\" stroke- viewBox=\"0 0 24 24\"><path stroke-linecap=\"round\" stroke-linejoin=\"round\" d=\"M5 13l4 4L19 7\" \/><\/svg><\/div><div class=\"flex-1\">C\u00f4ng su\u1ea5t: 3 HP<\/div><\/li>\n<li class=\"flex items-center gap-3 leading-relaxed text-gray-800 \"><div class=\"flex items-center justify-center w-5 h-5 bg-red-100 rounded-full shrink-0\"><svg class=\"w-3 h-3 text-red-600\" fill=\"none\" stroke=\"currentColor\" stroke- viewBox=\"0 0 24 24\"><path stroke-linecap=\"round\" stroke-linejoin=\"round\" d=\"M5 13l4 4L19 7\" \/><\/svg><\/div><div class=\"flex-1\">C\u1ed9t \u00e1p: 2500 Pa<\/div><\/li>\n<li class=\"flex items-center gap-3 leading-relaxed text-gray-800 \"><div class=\"flex items-center justify-center w-5 h-5 bg-red-100 rounded-full shrink-0\"><svg class=\"w-3 h-3 text-red-600\" fill=\"none\" stroke=\"currentColor\" stroke- viewBox=\"0 0 24 24\"><path stroke-linecap=\"round\" stroke-linejoin=\"round\" d=\"M5 13l4 4L19 7\" \/><\/svg><\/div><div class=\"flex-1\">L\u01b0u l\u01b0\u1ee3ng gi\u00f3: 3600 m\u00b3\/h<\/div><\/li>\n<li class=\"flex items-center gap-3 leading-relaxed text-gray-800 \"><div class=\"flex items-center justify-center w-5 h-5 bg-red-100 rounded-full shrink-0\"><svg class=\"w-3 h-3 text-red-600\" fill=\"none\" stroke=\"currentColor\" stroke- viewBox=\"0 0 24 24\"><path stroke-linecap=\"round\" stroke-linejoin=\"round\" d=\"M5 13l4 4L19 7\" \/><\/svg><\/div><div class=\"flex-1\">Phi mi\u1ec7ng: D80-D120-D150<\/div><\/li>\n<li class=\"flex items-center gap-3 leading-relaxed text-gray-800 \"><div class=\"flex items-center justify-center w-5 h-5 bg-red-100 rounded-full shrink-0\"><svg class=\"w-3 h-3 text-red-600\" fill=\"none\" stroke=\"currentColor\" stroke- viewBox=\"0 0 24 24\"><path stroke-linecap=\"round\" stroke-linejoin=\"round\" d=\"M5 13l4 4L19 7\" \/><\/svg><\/div><div class=\"flex-1\">\u0110\u1ed9 \u1ed3n: 65Db<\/div><\/li>\n<li class=\"flex items-center gap-3 leading-relaxed text-gray-800 \"><div class=\"flex items-center justify-center w-5 h-5 bg-red-100 rounded-full shrink-0\"><svg class=\"w-3 h-3 text-red-600\" fill=\"none\" stroke=\"currentColor\" stroke- viewBox=\"0 0 24 24\"><path stroke-linecap=\"round\" stroke-linejoin=\"round\" d=\"M5 13l4 4L19 7\" \/><\/svg><\/div><div class=\"flex-1\">S\u1ed1 t\u00fai: 2 t\u00fai<\/div><\/li>\n<li class=\"flex items-center gap-3 leading-relaxed text-gray-800 \"><div class=\"flex items-center justify-center w-5 h-5 bg-red-100 rounded-full shrink-0\"><svg class=\"w-3 h-3 text-red-600\" fill=\"none\" stroke=\"currentColor\" stroke- viewBox=\"0 0 24 24\"><path stroke-linecap=\"round\" stroke-linejoin=\"round\" d=\"M5 13l4 4L19 7\" \/><\/svg><\/div><div class=\"flex-1\">B\u1ea3o h\u00e0nh: 12 th\u00e1ng<\/div><\/li>\n<li class=\"flex items-center gap-3 leading-relaxed text-gray-800 \"><div class=\"flex items-center justify-center w-5 h-5 bg-red-100 rounded-full shrink-0\"><svg class=\"w-3 h-3 text-red-600\" fill=\"none\" stroke=\"currentColor\" stroke- viewBox=\"0 0 24 24\"><path stroke-linecap=\"round\" stroke-linejoin=\"round\" d=\"M5 13l4 4L19 7\" \/><\/svg><\/div><div class=\"flex-1\">Xu\u1ea5t x\u1ee9: Vi\u1ec7t Nam<\/div><\/li>\n<\/ul>\n<figure class=\"my-6 text-center\"><img><figcaption>H\u00ecnh \u1ea2nh Qu\u1ea1t H\u00fat B\u1ee5i T\u00fai V\u1ea3i 3HP<\/figcaption><\/figure>\n<p class=\"mb-4 leading-relaxed\">Xem th\u00eam c\u00f4ng su\u1ea5t kh\u00e1c:<\/p>\n<p class=\"mb-4 leading-relaxed\"><a href=\"https:\/\/quatcongnghiepvifan.com\/quat-hut-bui-tui-vai-2hp\/\" class=\"text-red-900\">Qu\u1ea1t h\u00fat b\u1ee5i t\u00fai v\u1ea3i 2HP<\/a><\/p>\n<p class=\"mb-4 leading-relaxed\"><a href=\"https:\/\/quatcongnghiepvifan.com\/quat-hut-bui-tui-vai-1hp\/\" class=\"text-red-900\">Qu\u1ea1t h\u00fat b\u1ee5i t\u00fai v\u1ea3i 1HP<\/a><\/p>\n<h2 class=\"py-2 my-4 text-2xl font-bold border-green-500 border-y border-opacity-10\">T\u00ednh n\u0103ng v\u00e0 vai tr\u00f2 c\u1ee7a qu\u1ea1t h\u00fat b\u1ee5i t\u00fai v\u1ea3i 3HP<\/h2>\n<p class=\"mb-4 leading-relaxed\">Kh\u1ea3 n\u0103ng h\u00fat b\u1ee5i hi\u1ec7u qu\u1ea3: Thi\u1ebft k\u1ebf t\u00fai v\u1ea3i l\u1ecdc b\u1ee5i chuy\u00ean d\u1ee5ng gi\u00fap gi\u1eef l\u1ea1i b\u1ee5i m\u1ecbn, ng\u0103n ng\u1eeba \u00f4 nhi\u1ec5m kh\u00f4ng kh\u00ed trong nh\u00e0 x\u01b0\u1edfng.<\/p>\n<p class=\"mb-4 leading-relaxed\">\u0110\u1ed9ng c\u01a1 b\u1ec1n b\u1ec9, v\u1eadn h\u00e0nh \u1ed5n \u0111\u1ecbnh: C\u00f4ng su\u1ea5t 3HP ph\u00f9 h\u1ee3p cho c\u00e1c h\u1ec7 th\u1ed1ng h\u00fat b\u1ee5i v\u1eeba v\u00e0 nh\u1ecf, ti\u1ebft ki\u1ec7m \u0111i\u1ec7n n\u0103ng v\u00e0 gi\u1ea3m chi ph\u00ed v\u1eadn h\u00e0nh.<\/p>\n<p class=\"mb-4 leading-relaxed\">Ch\u1ea5t li\u1ec7u b\u1ec1n ch\u1eafc: V\u1ecf th\u00e9p ch\u1ecbu l\u1ef1c, s\u01a1n t\u0129nh \u0111i\u1ec7n ch\u1ed1ng g\u1ec9 s\u00e9t, b\u1ea3o v\u1ec7 thi\u1ebft b\u1ecb kh\u1ecfi m\u00f4i tr\u01b0\u1eddng kh\u1eafc nghi\u1ec7t.<\/p>\n<p class=\"mb-4 leading-relaxed\">D\u1ec5 d\u00e0ng b\u1ea3o tr\u00ec v\u00e0 v\u1ec7 sinh: T\u00fai l\u1ecdc c\u00f3 th\u1ec3 th\u00e1o l\u1eafp nhanh ch\u00f3ng, thu\u1eadn ti\u1ec7n cho vi\u1ec7c b\u1ea3o tr\u00ec \u0111\u1ecbnh k\u1ef3, \u0111\u1ea3m b\u1ea3o hi\u1ec7u su\u1ea5t l\u00e0m vi\u1ec7c li\u00ean t\u1ee5c.<\/p>\n<p class=\"mb-4 leading-relaxed\">Vai tr\u00f2 quan tr\u1ecdng trong c\u00f4ng nghi\u1ec7p: Gi\u00fap c\u1ea3i thi\u1ec7n m\u00f4i tr\u01b0\u1eddng l\u00e0m vi\u1ec7c, gi\u1ea3m thi\u1ec3u t\u00e1c h\u1ea1i b\u1ee5i g\u00e2y ra cho s\u1ee9c kh\u1ecfe ng\u01b0\u1eddi lao \u0111\u1ed9ng, n\u00e2ng cao hi\u1ec7u qu\u1ea3 s\u1ea3n xu\u1ea5t.<\/p>\n<figure class=\"my-6 text-center\"><img><figcaption>C\u00f4ng D\u1ee5ng Qu\u1ea1t H\u00fat B\u1ee5i T\u00fai V\u1ea3i 3HP<\/figcaption><\/figure>\n<h2 class=\"py-2 my-4 text-2xl font-bold border-green-500 border-y border-opacity-10\">Mua qu\u1ea1t h\u00fat b\u1ee5i t\u00fai v\u1ea3i 3HP ch\u00ednh h\u00e3ng \u1edf \u0111\u00e2u?<\/h2>\n<p class=\"mb-4 leading-relaxed\">ViFan t\u1ef1 h\u00e0o l\u00e0 \u0111\u1ecba ch\u1ec9 uy t\u00edn h\u00e0ng \u0111\u1ea7u cung c\u1ea5p <a href=\"https:\/\/quatcongnghiepvifan.com\/quat-hut-bui-tui-vai\/\" class=\"text-red-900\">qu\u1ea1t h\u00fat b\u1ee5i t\u00fai v\u1ea3i<\/a> ch\u00ednh h\u00e3ng v\u1edbi m\u1ee9c gi\u00e1 c\u1ea1nh tranh nh\u1ea5t tr\u00ean th\u1ecb tr\u01b0\u1eddng.<\/p>\n<p class=\"mb-4 leading-relaxed\">Khi l\u1ef1a ch\u1ecdn mua s\u1ea3n ph\u1ea9m t\u1ea1i ViFan, kh\u00e1ch h\u00e0ng s\u1ebd nh\u1eadn \u0111\u01b0\u1ee3c:<\/p>\n<ul class=\"mb-4 space-y-1 list-none\">\n<li class=\"flex items-center gap-3 leading-relaxed text-gray-800 \"><div class=\"flex items-center justify-center w-5 h-5 bg-red-100 rounded-full shrink-0\"><svg class=\"w-3 h-3 text-red-600\" fill=\"none\" stroke=\"currentColor\" stroke- viewBox=\"0 0 24 24\"><path stroke-linecap=\"round\" stroke-linejoin=\"round\" d=\"M5 13l4 4L19 7\" \/><\/svg><\/div><div class=\"flex-1\">T\u01b0 v\u1ea5n k\u1ef9 thu\u1eadt chuy\u00ean s\u00e2u v\u00e0 t\u1eadn t\u00e2m, gi\u00fap l\u1ef1a ch\u1ecdn thi\u1ebft b\u1ecb ph\u00f9 h\u1ee3p nh\u1ea5t v\u1edbi nhu c\u1ea7u.<\/div><\/li>\n<li class=\"flex items-center gap-3 leading-relaxed text-gray-800 \"><div class=\"flex items-center justify-center w-5 h-5 bg-red-100 rounded-full shrink-0\"><svg class=\"w-3 h-3 text-red-600\" fill=\"none\" stroke=\"currentColor\" stroke- viewBox=\"0 0 24 24\"><path stroke-linecap=\"round\" stroke-linejoin=\"round\" d=\"M5 13l4 4L19 7\" \/><\/svg><\/div><div class=\"flex-1\">D\u1ecbch v\u1ee5 l\u1eafp \u0111\u1eb7t nhanh ch\u00f3ng, chuy\u00ean nghi\u1ec7p, \u0111\u1ea3m b\u1ea3o thi\u1ebft b\u1ecb ho\u1ea1t \u0111\u1ed9ng hi\u1ec7u qu\u1ea3 ngay t\u1eeb \u0111\u1ea7u.<\/div><\/li>\n<li class=\"flex items-center gap-3 leading-relaxed text-gray-800 \"><div class=\"flex items-center justify-center w-5 h-5 bg-red-100 rounded-full shrink-0\"><svg class=\"w-3 h-3 text-red-600\" fill=\"none\" stroke=\"currentColor\" stroke- viewBox=\"0 0 24 24\"><path stroke-linecap=\"round\" stroke-linejoin=\"round\" d=\"M5 13l4 4L19 7\" \/><\/svg><\/div><div class=\"flex-1\">Ch\u1ebf \u0111\u1ed9 b\u1ea3o h\u00e0nh minh b\u1ea1ch, r\u00f5 r\u00e0ng trong 12 th\u00e1ng, mang l\u1ea1i s\u1ef1 an t\u00e2m t\u1ed1i \u0111a cho kh\u00e1ch h\u00e0ng.<\/div><\/li>\n<li class=\"flex items-center gap-3 leading-relaxed text-gray-800 \"><div class=\"flex items-center justify-center w-5 h-5 bg-red-100 rounded-full shrink-0\"><svg class=\"w-3 h-3 text-red-600\" fill=\"none\" stroke=\"currentColor\" stroke- viewBox=\"0 0 24 24\"><path stroke-linecap=\"round\" stroke-linejoin=\"round\" d=\"M5 13l4 4L19 7\" \/><\/svg><\/div><div class=\"flex-1\">H\u1ed7 tr\u1ee3 b\u1ea3o tr\u00ec tr\u1ecdn g\u00f3i, gi\u00fap thi\u1ebft b\u1ecb v\u1eadn h\u00e0nh \u1ed5n \u0111\u1ecbnh v\u00e0 b\u1ec1n b\u1ec9 theo th\u1eddi gian.<\/div><\/li>\n<li class=\"flex items-center gap-3 leading-relaxed text-gray-800 \"><div class=\"flex items-center justify-center w-5 h-5 bg-red-100 rounded-full shrink-0\"><svg class=\"w-3 h-3 text-red-600\" fill=\"none\" stroke=\"currentColor\" stroke- viewBox=\"0 0 24 24\"><path stroke-linecap=\"round\" stroke-linejoin=\"round\" d=\"M5 13l4 4L19 7\" \/><\/svg><\/div><div class=\"flex-1\">V\u1edbi nhi\u1ec1u n\u0103m kinh nghi\u1ec7m trong l\u0129nh v\u1ef1c cung c\u1ea5p thi\u1ebft b\u1ecb c\u00f4ng nghi\u1ec7p, ViFan \u0111\u00e3 tr\u1edf th\u00e0nh \u0111\u1ed1i t\u00e1c tin c\u1eady c\u1ee7a h\u00e0ng ng\u00e0n nh\u00e0 m\u00e1y v\u00e0 x\u01b0\u1edfng s\u1ea3n xu\u1ea5t tr\u00ean to\u00e0n qu\u1ed1c.<\/div><\/li>\n<\/ul>\n","protected":false},"excerpt":{"rendered":"<div class=\"my-4 overflow-hidden bg-white rounded-lg shadow-xl \"><div class=\"overflow-x-auto\"><table class=\"min-w-full\" class=\"min-w-full\">\n<tbody class=\"bg-white divide-y divide-gray-100 \" class=\"bg-white divide-y divide-gray-100 \">\n<tr class=\"transition-all duration-200 ease-in-out group hover:bg-red-50 \" class=\"transition-all duration-200 ease-in-out group hover:bg-red-50 \">\n<td class=\"px-2 py-2 text-sm text-gray-700 transition-colors duration-200 group-hover:text-gray-900 \" class=\"px-2 py-2 text-sm text-gray-700 transition-colors duration-200 group-hover:text-gray-900 \"><strong class=\"font-cal-sans\">M\u00e3 s\u1ea3n ph\u1ea9m<\/strong><\/td>\n<td class=\"px-2 py-2 text-sm text-gray-700 transition-colors duration-200 group-hover:text-gray-900 \" class=\"px-2 py-2 text-sm text-gray-700 transition-colors duration-200 group-hover:text-gray-900 \">:<\/td>\n<td class=\"px-2 py-2 text-sm text-gray-700 transition-colors duration-200 group-hover:text-gray-900 \" class=\"px-2 py-2 text-sm text-gray-700 transition-colors duration-200 group-hover:text-gray-900 \">QHB 2P 3\/2<\/td>\n<\/tr>\n<tr class=\"transition-all duration-200 ease-in-out group hover:bg-red-50 \" class=\"transition-all duration-200 ease-in-out group hover:bg-red-50 \">\n<td class=\"px-2 py-2 text-sm text-gray-700 transition-colors duration-200 group-hover:text-gray-900 \" class=\"px-2 py-2 text-sm text-gray-700 transition-colors duration-200 group-hover:text-gray-900 \"><strong class=\"font-cal-sans\">Th\u01b0\u01a1ng hi\u1ec7u<\/strong><\/td>\n<td class=\"px-2 py-2 text-sm text-gray-700 transition-colors duration-200 group-hover:text-gray-900 \" class=\"px-2 py-2 text-sm text-gray-700 transition-colors duration-200 group-hover:text-gray-900 \">:<\/td>\n<td class=\"px-2 py-2 text-sm text-gray-700 transition-colors duration-200 group-hover:text-gray-900 \" class=\"px-2 py-2 text-sm text-gray-700 transition-colors duration-200 group-hover:text-gray-900 \">ViFan<\/td>\n<\/tr>\n<tr class=\"transition-all duration-200 ease-in-out group hover:bg-red-50 \" class=\"transition-all duration-200 ease-in-out group hover:bg-red-50 \">\n<td class=\"px-2 py-2 text-sm text-gray-700 transition-colors duration-200 group-hover:text-gray-900 \" class=\"px-2 py-2 text-sm text-gray-700 transition-colors duration-200 group-hover:text-gray-900 \"><strong class=\"font-cal-sans\">C\u00f4ng su\u1ea5t<\/strong><\/td>\n<td class=\"px-2 py-2 text-sm text-gray-700 transition-colors duration-200 group-hover:text-gray-900 \" class=\"px-2 py-2 text-sm text-gray-700 transition-colors duration-200 group-hover:text-gray-900 \">:<\/td>\n<td class=\"px-2 py-2 text-sm text-gray-700 transition-colors duration-200 group-hover:text-gray-900 \" class=\"px-2 py-2 text-sm text-gray-700 transition-colors duration-200 group-hover:text-gray-900 \">3 HP<\/td>\n<\/tr>\n<tr class=\"transition-all duration-200 ease-in-out group hover:bg-red-50 \" class=\"transition-all duration-200 ease-in-out group hover:bg-red-50 \">\n<td class=\"px-2 py-2 text-sm text-gray-700 transition-colors duration-200 group-hover:text-gray-900 \" class=\"px-2 py-2 text-sm text-gray-700 transition-colors duration-200 group-hover:text-gray-900 \"><strong class=\"font-cal-sans\">C\u1ed9t \u00c1p<\/strong><\/td>\n<td class=\"px-2 py-2 text-sm text-gray-700 transition-colors duration-200 group-hover:text-gray-900 \" class=\"px-2 py-2 text-sm text-gray-700 transition-colors duration-200 group-hover:text-gray-900 \">:<\/td>\n<td class=\"px-2 py-2 text-sm text-gray-700 transition-colors duration-200 group-hover:text-gray-900 \" class=\"px-2 py-2 text-sm text-gray-700 transition-colors duration-200 group-hover:text-gray-900 \">2500 Pa<\/td>\n<\/tr>\n<tr class=\"transition-all duration-200 ease-in-out group hover:bg-red-50 \" class=\"transition-all duration-200 ease-in-out group hover:bg-red-50 \">\n<td class=\"px-2 py-2 text-sm text-gray-700 transition-colors duration-200 group-hover:text-gray-900 \" class=\"px-2 py-2 text-sm text-gray-700 transition-colors duration-200 group-hover:text-gray-900 \"><strong class=\"font-cal-sans\">L\u01b0u l\u01b0\u1ee3ng<\/strong><\/td>\n<td class=\"px-2 py-2 text-sm text-gray-700 transition-colors duration-200 group-hover:text-gray-900 \" class=\"px-2 py-2 text-sm text-gray-700 transition-colors duration-200 group-hover:text-gray-900 \">:<\/td>\n<td class=\"px-2 py-2 text-sm text-gray-700 transition-colors duration-200 group-hover:text-gray-900 \" class=\"px-2 py-2 text-sm text-gray-700 transition-colors duration-200 group-hover:text-gray-900 \">3600 m3\/h<\/td>\n<\/tr>\n<tr class=\"transition-all duration-200 ease-in-out group hover:bg-red-50 \" class=\"transition-all duration-200 ease-in-out group hover:bg-red-50 \">\n<td class=\"px-2 py-2 text-sm text-gray-700 transition-colors duration-200 group-hover:text-gray-900 \" class=\"px-2 py-2 text-sm text-gray-700 transition-colors duration-200 group-hover:text-gray-900 \"><strong class=\"font-cal-sans\">B\u1ea3o h\u00e0nh<\/strong><\/td>\n<td class=\"px-2 py-2 text-sm text-gray-700 transition-colors duration-200 group-hover:text-gray-900 \" class=\"px-2 py-2 text-sm text-gray-700 transition-colors duration-200 group-hover:text-gray-900 \">:<\/td>\n<td class=\"px-2 py-2 text-sm text-gray-700 transition-colors duration-200 group-hover:text-gray-900 \" class=\"px-2 py-2 text-sm text-gray-700 transition-colors duration-200 group-hover:text-gray-900 \">12 th\u00e1ng<\/td>\n<\/tr>\n<tr class=\"transition-all duration-200 ease-in-out group hover:bg-red-50 \" class=\"transition-all duration-200 ease-in-out group hover:bg-red-50 \">\n<td class=\"px-2 py-2 text-sm text-gray-700 transition-colors duration-200 group-hover:text-gray-900 \" class=\"px-2 py-2 text-sm text-gray-700 transition-colors duration-200 group-hover:text-gray-900 \"><strong class=\"font-cal-sans\">Xu\u1ea5t x\u1ee9<\/strong><\/td>\n<td class=\"px-2 py-2 text-sm text-gray-700 transition-colors duration-200 group-hover:text-gray-900 \" class=\"px-2 py-2 text-sm text-gray-700 transition-colors duration-200 group-hover:text-gray-900 \">:<\/td>\n<td class=\"px-2 py-2 text-sm text-gray-700 transition-colors duration-200 group-hover:text-gray-900 \" class=\"px-2 py-2 text-sm text-gray-700 transition-colors duration-200 group-hover:text-gray-900 \">Vi\u1ec7t nam<\/td>\n<\/tr>\n<\/tbody>\n<\/table><\/div><\/div>\n","protected":false},"featured_media":131,"template":"","meta":{"footnotes":""},"product_cat":[11],"product_tag":[],"ztteam_product_brand":[],"class_list":["post-130","product","type-product","status-publish","has-post-thumbnail","hentry","product_cat-quat-hut-bui-tui-vai"],"meta_box":{"_sku":"QHB 2P 3\/2","_regular_price":"13778253","_sale_price":"11382742","_price":"11382742","_stock_status":"instock","_stock":"50","_manage_stock":"1","_weight":"","_length":"","_width":"","_height":"","_product_image_gallery":[{"width":150,"height":150,"file":"2026\/03\/quat-ly-tam-hut-bui-tui-vai-3hp.png","filesize":69914,"sizes":[],"image_meta":{"aperture":"0","credit":"","camera":"","caption":"","created_timestamp":"0","copyright":"","focal_length":"0","iso":"0","shutter_speed":"0","title":"","orientation":"0","keywords":[]},"ID":"131","name":"quat-ly-tam-hut-bui-tui-vai-3hp.png","path":"\/home\/dev.wptheme.store\/public_html\/s\/wpquat\/wp-content\/uploads\/2026\/03\/quat-ly-tam-hut-bui-tui-vai-3hp.png","url":"https:\/\/dev.wptheme.store\/s\/wpquat\/wp-content\/uploads\/2026\/03\/quat-ly-tam-hut-bui-tui-vai-3hp.png","full_url":"https:\/\/dev.wptheme.store\/s\/wpquat\/wp-content\/uploads\/2026\/03\/quat-ly-tam-hut-bui-tui-vai-3hp.png","title":"Qu\u1ea1t Ly T\u00e2m H\u00fat B\u1ee5i T\u00fai V\u1ea3i 3HP","caption":"","description":"","alt":"","srcset":false}],"_featured":"0","_visibility":"visible","_virtual":"","_downloadable":"","product_type":"simple","product_attributes":[],"color_variations":[],"size_variations":[],"storage_variations":[],"material_variations":[]},"_links":{"self":[{"href":"https:\/\/dev.wptheme.store\/s\/wpquat\/wp-json\/wp\/v2\/product\/130","targetHints":{"allow":["GET"]}}],"collection":[{"href":"https:\/\/dev.wptheme.store\/s\/wpquat\/wp-json\/wp\/v2\/product"}],"about":[{"href":"https:\/\/dev.wptheme.store\/s\/wpquat\/wp-json\/wp\/v2\/types\/product"}],"version-history":[{"count":0,"href":"https:\/\/dev.wptheme.store\/s\/wpquat\/wp-json\/wp\/v2\/product\/130\/revisions"}],"wp:featuredmedia":[{"embeddable":true,"href":"https:\/\/dev.wptheme.store\/s\/wpquat\/wp-json\/wp\/v2\/media\/131"}],"wp:attachment":[{"href":"https:\/\/dev.wptheme.store\/s\/wpquat\/wp-json\/wp\/v2\/media?parent=130"}],"wp:term":[{"taxonomy":"product_cat","embeddable":true,"href":"https:\/\/dev.wptheme.store\/s\/wpquat\/wp-json\/wp\/v2\/product_cat?post=130"},{"taxonomy":"product_tag","embeddable":true,"href":"https:\/\/dev.wptheme.store\/s\/wpquat\/wp-json\/wp\/v2\/product_tag?post=130"},{"taxonomy":"ztteam_product_brand","embeddable":true,"href":"https:\/\/dev.wptheme.store\/s\/wpquat\/wp-json\/wp\/v2\/ztteam_product_brand?post=130"}],"curies":[{"name":"wp","href":"https:\/\/api.w.org\/{rel}","templated":true}]}}