{"id":138,"date":"2026-03-16T08:49:57","date_gmt":"2026-03-16T01:49:57","guid":{"rendered":"https:\/\/dev.wptheme.store\/s\/wpquat\/product\/quat-huong-truc-inox-304\/"},"modified":"2026-03-16T08:49:57","modified_gmt":"2026-03-16T01:49:57","slug":"quat-huong-truc-inox-304","status":"publish","type":"product","link":"https:\/\/dev.wptheme.store\/s\/wpquat\/product\/quat-huong-truc-inox-304\/","title":{"rendered":"Qu\u1ea1t H\u01b0\u1edbng Tr\u1ee5c Inox 304 Ch\u1ed1ng \u0102n M\u00f2n, H\u00fat H\u01a1i H\u00f3a Ch\u1ea5t"},"content":{"rendered":"<p class=\"mb-4 leading-relaxed\">Trong m\u00f4i tr\u01b0\u1eddng c\u00f4ng nghi\u1ec7p hi\u1ec7n \u0111\u1ea1i, vi\u1ec7c ki\u1ec3m so\u00e1t h\u01a1i h\u00f3a ch\u1ea5t \u0111\u1ed9c h\u1ea1i v\u00e0 kh\u00ed th\u1ea3i \u0103n m\u00f2n kh\u00f4ng ch\u1ec9 gi\u00fap b\u1ea3o v\u1ec7 s\u1ee9c kh\u1ecfe ng\u01b0\u1eddi lao \u0111\u1ed9ng m\u00e0 c\u00f2n duy tr\u00ec s\u1ef1 b\u1ec1n b\u1ec9 cho thi\u1ebft b\u1ecb v\u00e0 n\u00e2ng cao hi\u1ec7u su\u1ea5t s\u1ea3n xu\u1ea5t. Qu\u1ea1t h\u01b0\u1edbng tr\u1ee5c inox 304 c\u1ee7a ViFan ch\u00ednh l\u00e0 gi\u1ea3i ph\u00e1p l\u00fd t\u01b0\u1edfng d\u00e0nh cho nh\u1eefng nh\u00e0 m\u00e1y, x\u01b0\u1edfng s\u1ea3n xu\u1ea5t \u0111ang t\u00ecm ki\u1ebfm thi\u1ebft b\u1ecb h\u00fat kh\u00ed m\u1ea1nh m\u1ebd, b\u1ec1n b\u1ec9 v\u00e0 ch\u1ed1ng \u0103n m\u00f2n v\u01b0\u1ee3t tr\u1ed9i. V\u1edbi thi\u1ebft k\u1ebf ch\u1eafc ch\u1eafn, ch\u1ea5t li\u1ec7u inox cao c\u1ea5p c\u00f9ng c\u00f4ng su\u1ea5t \u0111a d\u1ea1ng, s\u1ea3n ph\u1ea9m kh\u00f4ng ch\u1ec9 \u0111\u1ea3m b\u1ea3o hi\u1ec7u qu\u1ea3 l\u00e0m vi\u1ec7c t\u1ed1i \u01b0u m\u00e0 c\u00f2n mang l\u1ea1i s\u1ef1 an to\u00e0n tuy\u1ec7t \u0111\u1ed1i cho m\u00f4i tr\u01b0\u1eddng l\u00e0m vi\u1ec7c c\u1ee7a b\u1ea1n.<\/p>\n<h2 class=\"py-2 my-4 text-2xl font-bold border-green-500 border-y border-opacity-10\">Th\u00f4ng s\u1ed1 k\u1ef9 thu\u1eadt qu\u1ea1t h\u01b0\u1edbng tr\u1ee5c inox 304<\/h2>\n<ul class=\"mb-4 space-y-1 list-none\">\n<li class=\"flex items-center gap-3 leading-relaxed text-gray-800 \"><div class=\"flex items-center justify-center w-5 h-5 bg-red-100 rounded-full shrink-0\"><svg class=\"w-3 h-3 text-red-600\" fill=\"none\" stroke=\"currentColor\" stroke- viewBox=\"0 0 24 24\"><path stroke-linecap=\"round\" stroke-linejoin=\"round\" d=\"M5 13l4 4L19 7\" \/><\/svg><\/div><div class=\"flex-1\">Model: HT304<\/div><\/li>\n<li class=\"flex items-center gap-3 leading-relaxed text-gray-800 \"><div class=\"flex items-center justify-center w-5 h-5 bg-red-100 rounded-full shrink-0\"><svg class=\"w-3 h-3 text-red-600\" fill=\"none\" stroke=\"currentColor\" stroke- viewBox=\"0 0 24 24\"><path stroke-linecap=\"round\" stroke-linejoin=\"round\" d=\"M5 13l4 4L19 7\" \/><\/svg><\/div><div class=\"flex-1\">C\u00f4ng su\u1ea5t: 1 \u2013 50 HP<\/div><\/li>\n<li class=\"flex items-center gap-3 leading-relaxed text-gray-800 \"><div class=\"flex items-center justify-center w-5 h-5 bg-red-100 rounded-full shrink-0\"><svg class=\"w-3 h-3 text-red-600\" fill=\"none\" stroke=\"currentColor\" stroke- viewBox=\"0 0 24 24\"><path stroke-linecap=\"round\" stroke-linejoin=\"round\" d=\"M5 13l4 4L19 7\" \/><\/svg><\/div><div class=\"flex-1\">C\u1ed9t \u00e1p: 150 \u2013 800 Pa<\/div><\/li>\n<li class=\"flex items-center gap-3 leading-relaxed text-gray-800 \"><div class=\"flex items-center justify-center w-5 h-5 bg-red-100 rounded-full shrink-0\"><svg class=\"w-3 h-3 text-red-600\" fill=\"none\" stroke=\"currentColor\" stroke- viewBox=\"0 0 24 24\"><path stroke-linecap=\"round\" stroke-linejoin=\"round\" d=\"M5 13l4 4L19 7\" \/><\/svg><\/div><div class=\"flex-1\">L\u01b0u l\u01b0\u1ee3ng gi\u00f3: 5,000 \u2013 50,000 m\u00b3\/h<\/div><\/li>\n<li class=\"flex items-center gap-3 leading-relaxed text-gray-800 \"><div class=\"flex items-center justify-center w-5 h-5 bg-red-100 rounded-full shrink-0\"><svg class=\"w-3 h-3 text-red-600\" fill=\"none\" stroke=\"currentColor\" stroke- viewBox=\"0 0 24 24\"><path stroke-linecap=\"round\" stroke-linejoin=\"round\" d=\"M5 13l4 4L19 7\" \/><\/svg><\/div><div class=\"flex-1\">\u0110\u01b0\u1eddng k\u00ednh c\u00e1nh qu\u1ea1t: t\u1eeb D300 \u0111\u1ebfn D1000 mm<\/div><\/li>\n<li class=\"flex items-center gap-3 leading-relaxed text-gray-800 \"><div class=\"flex items-center justify-center w-5 h-5 bg-red-100 rounded-full shrink-0\"><svg class=\"w-3 h-3 text-red-600\" fill=\"none\" stroke=\"currentColor\" stroke- viewBox=\"0 0 24 24\"><path stroke-linecap=\"round\" stroke-linejoin=\"round\" d=\"M5 13l4 4L19 7\" \/><\/svg><\/div><div class=\"flex-1\">\u0110\u1ed9 \u1ed3n: 60 \u2013 75 Db<\/div><\/li>\n<li class=\"flex items-center gap-3 leading-relaxed text-gray-800 \"><div class=\"flex items-center justify-center w-5 h-5 bg-red-100 rounded-full shrink-0\"><svg class=\"w-3 h-3 text-red-600\" fill=\"none\" stroke=\"currentColor\" stroke- viewBox=\"0 0 24 24\"><path stroke-linecap=\"round\" stroke-linejoin=\"round\" d=\"M5 13l4 4L19 7\" \/><\/svg><\/div><div class=\"flex-1\">\u0110i\u1ec7n \u00e1p: 220V \/ 380V, 50Hz (ph\u00f9 h\u1ee3p v\u1edbi h\u1ec7 th\u1ed1ng \u0111i\u1ec7n c\u00f4ng nghi\u1ec7p ph\u1ed5 bi\u1ebfn)<\/div><\/li>\n<li class=\"flex items-center gap-3 leading-relaxed text-gray-800 \"><div class=\"flex items-center justify-center w-5 h-5 bg-red-100 rounded-full shrink-0\"><svg class=\"w-3 h-3 text-red-600\" fill=\"none\" stroke=\"currentColor\" stroke- viewBox=\"0 0 24 24\"><path stroke-linecap=\"round\" stroke-linejoin=\"round\" d=\"M5 13l4 4L19 7\" \/><\/svg><\/div><div class=\"flex-1\">Ch\u1ea5t li\u1ec7u: Inox 304 cao c\u1ea5p, ch\u1ed1ng \u0103n m\u00f2n, b\u1ec1n b\u1ec9 trong m\u00f4i tr\u01b0\u1eddng h\u00f3a ch\u1ea5t kh\u1eafc nghi\u1ec7t<\/div><\/li>\n<li class=\"flex items-center gap-3 leading-relaxed text-gray-800 \"><div class=\"flex items-center justify-center w-5 h-5 bg-red-100 rounded-full shrink-0\"><svg class=\"w-3 h-3 text-red-600\" fill=\"none\" stroke=\"currentColor\" stroke- viewBox=\"0 0 24 24\"><path stroke-linecap=\"round\" stroke-linejoin=\"round\" d=\"M5 13l4 4L19 7\" \/><\/svg><\/div><div class=\"flex-1\">Ki\u1ec3u qu\u1ea1t: H\u01b0\u1edbng tr\u1ee5c, thi\u1ebft k\u1ebf t\u1ed1i \u01b0u cho hi\u1ec7u su\u1ea5t h\u00fat kh\u00ed v\u00e0 h\u01a1i h\u00f3a ch\u1ea5t<\/div><\/li>\n<\/ul>\n<figure class=\"my-6 text-center\"><img><figcaption>H\u00ecnh \u1ea2nh Qu\u1ea1t H\u01b0\u1edbng Tr\u1ee5c Inox 304<\/figcaption><\/figure>\n<figure class=\"my-6 text-center\"><img><figcaption>H\u00ecnh \u1ea2nh Qu\u1ea1t H\u01b0\u1edbng Tr\u1ee5c Inox 304 Gi\u00e1n Ti\u1ebfp<\/figcaption><\/figure>\n<p class=\"mb-4 leading-relaxed\">Xem th\u00eam s\u1ea3n ph\u1ea9m kh\u00e1c:<\/p>\n<p class=\"mb-4 leading-relaxed\"><a href=\"https:\/\/quatcongnghiepvifan.com\/quat-hut-khoi-huong-truc\/\" class=\"text-red-900\">Qu\u1ea1t H\u00fat Kh\u00f3i H\u01b0\u1edbng Tr\u1ee5c<\/a><\/p>\n<p class=\"mb-4 leading-relaxed\"><a href=\"https:\/\/quatcongnghiepvifan.com\/quat-huong-truc-cong-nghiep-qt-canh-nhom\/\" class=\"text-red-900\">Qu\u1ea1t H\u01b0\u1edbng Tr\u1ee5c C\u00f4ng Nghi\u1ec7p QT (C\u00e1nh Nh\u00f4m)<\/a><\/p>\n<h2 class=\"py-2 my-4 text-2xl font-bold border-green-500 border-y border-opacity-10\">\u1ee8ng d\u1ee5ng th\u1ef1c t\u1ebf qu\u1ea1t h\u01b0\u1edbng tr\u1ee5c inox 304<\/h2>\n<p class=\"mb-4 leading-relaxed\">Qu\u1ea1t h\u01b0\u1edbng tr\u1ee5c inox 304 \u0111\u01b0\u1ee3c s\u1eed d\u1ee5ng r\u1ed9ng r\u00e3i trong c\u00e1c ng\u00e0nh c\u00f4ng nghi\u1ec7p \u0111\u00f2i h\u1ecfi kh\u1ea3 n\u0103ng h\u00fat v\u00e0 x\u1eed l\u00fd kh\u00ed h\u00f3a ch\u1ea5t \u0103n m\u00f2n nh\u01b0:<\/p>\n<p class=\"mb-4 leading-relaxed\">Nh\u00e0 m\u00e1y s\u1ea3n xu\u1ea5t h\u00f3a ch\u1ea5t, d\u01b0\u1ee3c ph\u1ea9m, ch\u1ebf bi\u1ebfn th\u1ef1c ph\u1ea9m<\/p>\n<p class=\"mb-4 leading-relaxed\">X\u01b0\u1edfng x\u1eed l\u00fd s\u01a1n, m\u1ea1 kim lo\u1ea1i, ph\u00f2ng s\u01a1n t\u0129nh \u0111i\u1ec7n<\/p>\n<p class=\"mb-4 leading-relaxed\">C\u00e1c khu v\u1ef1c c\u00f3 kh\u00ed th\u1ea3i \u0111\u1ed9c h\u1ea1i, h\u01a1i dung m\u00f4i, kh\u00ed gas c\u1ea7n \u0111\u01b0\u1ee3c h\u00fat v\u00e0 lo\u1ea1i b\u1ecf nhanh ch\u00f3ng<\/p>\n<p class=\"mb-4 leading-relaxed\">H\u1ec7 th\u1ed1ng th\u00f4ng gi\u00f3 c\u00f4ng nghi\u1ec7p, nh\u00e0 m\u00e1y x\u1eed l\u00fd n\u01b0\u1edbc th\u1ea3i v\u00e0 kh\u00ed th\u1ea3i c\u00f4ng nghi\u1ec7p<\/p>\n<figure class=\"my-6 text-center\"><img><figcaption>Qu\u1ea1t H\u01b0\u1edbng Tr\u1ee5c Inox 304 Ch\u1ed1ng \u0102n M\u00f2n, H\u00fat H\u01a1i H\u00f3a Ch\u1ea5t<\/figcaption><\/figure>\n<h2 class=\"py-2 my-4 text-2xl font-bold border-green-500 border-y border-opacity-10\">\u01afu \u0111i\u1ec3m n\u1ed5i b\u1eadt c\u1ee7a qu\u1ea1t h\u01b0\u1edbng tr\u1ee5c inox 304<\/h2>\n<p class=\"mb-4 leading-relaxed\">Ch\u1ea5t li\u1ec7u inox 304 cao c\u1ea5p: Ch\u1ed1ng \u0103n m\u00f2n, ch\u1ed1ng g\u1ec9 s\u00e9t, ph\u00f9 h\u1ee3p m\u00f4i tr\u01b0\u1eddng h\u00f3a ch\u1ea5t kh\u1eafc nghi\u1ec7t, t\u0103ng \u0111\u1ed9 b\u1ec1n v\u00e0 tu\u1ed5i th\u1ecd s\u1ea3n ph\u1ea9m.<\/p>\n<p class=\"mb-4 leading-relaxed\">L\u01b0u l\u01b0\u1ee3ng gi\u00f3 l\u1edbn, l\u1ef1c h\u00fat m\u1ea1nh: \u0110\u00e1p \u1ee9ng hi\u1ec7u qu\u1ea3 nhu c\u1ea7u h\u00fat kh\u00ed \u0111\u1ed9c, h\u01a1i h\u00f3a ch\u1ea5t, gi\u00fap c\u1ea3i thi\u1ec7n ch\u1ea5t l\u01b0\u1ee3ng kh\u00f4ng kh\u00ed v\u00e0 an to\u00e0n lao \u0111\u1ed9ng.<\/p>\n<p class=\"mb-4 leading-relaxed\">\u0110a d\u1ea1ng c\u00f4ng su\u1ea5t v\u00e0 k\u00edch th\u01b0\u1edbc: Linh ho\u1ea1t l\u1ef1a ch\u1ecdn theo quy m\u00f4 v\u00e0 y\u00eau c\u1ea7u c\u1ee7a t\u1eebng nh\u00e0 m\u00e1y, d\u1ec5 d\u00e0ng l\u1eafp \u0111\u1eb7t trong h\u1ec7 th\u1ed1ng \u1ed1ng gi\u00f3 hi\u1ec7n c\u00f3.<\/p>\n<p class=\"mb-4 leading-relaxed\">Ti\u1ebft ki\u1ec7m \u0111i\u1ec7n n\u0103ng, v\u1eadn h\u00e0nh \u00eam \u00e1i: \u0110\u1ed9ng c\u01a1 \u0111\u01b0\u1ee3c thi\u1ebft k\u1ebf t\u1ed1i \u01b0u, gi\u00fap gi\u1ea3m ti\u1ebfng \u1ed3n v\u00e0 chi ph\u00ed v\u1eadn h\u00e0nh trong su\u1ed1t qu\u00e1 tr\u00ecnh s\u1eed d\u1ee5ng.<\/p>\n<p class=\"mb-4 leading-relaxed\">B\u1ea3o h\u00e0nh 12 th\u00e1ng: \u0110\u1ea3m b\u1ea3o quy\u1ec1n l\u1ee3i kh\u00e1ch h\u00e0ng v\u1edbi d\u1ecbch v\u1ee5 b\u1ea3o h\u00e0nh v\u00e0 h\u1ed7 tr\u1ee3 k\u1ef9 thu\u1eadt chuy\u00ean nghi\u1ec7p.<\/p>\n<p class=\"mb-4 leading-relaxed\">S\u1ea3n xu\u1ea5t t\u1ea1i Vi\u1ec7t Nam: \u0110\u1ea3m b\u1ea3o ki\u1ec3m so\u00e1t ch\u1ea5t l\u01b0\u1ee3ng t\u1ed1t, gi\u00e1 th\u00e0nh c\u1ea1nh tranh, giao h\u00e0ng nhanh to\u00e0n qu\u1ed1c.<\/p>\n<h2 class=\"py-2 my-4 text-2xl font-bold border-green-500 border-y border-opacity-10\">L\u00fd do n\u00ean ch\u1ecdn qu\u1ea1t h\u00fat h\u01a1i h\u00f3a ch\u1ea5t ViFan HT304<\/h2>\n<p class=\"mb-4 leading-relaxed\">ViFan cam k\u1ebft mang \u0111\u1ebfn s\u1ea3n ph\u1ea9m <a href=\"https:\/\/quatcongnghiepvifan.com\/quat-hut-huong-truc\/\" class=\"text-red-900\">qu\u1ea1t h\u00fat h\u01b0\u1edbng tr\u1ee5c<\/a> ch\u1ea5t l\u01b0\u1ee3ng cao, gi\u00e1 th\u00e0nh h\u1ee3p l\u00fd v\u00e0 d\u1ecbch v\u1ee5 h\u1ed7 tr\u1ee3 t\u1eadn t\u00e2m. \u0110\u1ed9i ng\u0169 k\u1ef9 thu\u1eadt chuy\u00ean nghi\u1ec7p s\u1eb5n s\u00e0ng t\u01b0 v\u1ea5n, thi\u1ebft k\u1ebf h\u1ec7 th\u1ed1ng h\u00fat kh\u00ed ph\u00f9 h\u1ee3p v\u1edbi t\u1eebng m\u00f4 h\u00ecnh s\u1ea3n xu\u1ea5t, gi\u00fap t\u1ed1i \u01b0u hi\u1ec7u qu\u1ea3 v\u1eadn h\u00e0nh v\u00e0 gi\u1ea3m thi\u1ec3u r\u1ee7i ro m\u00f4i tr\u01b0\u1eddng.<\/p>\n<p class=\"mb-4 leading-relaxed\">N\u1ebfu b\u1ea1n \u0111ang t\u00ecm ki\u1ebfm gi\u1ea3i ph\u00e1p qu\u1ea1t h\u00fat h\u01a1i h\u00f3a ch\u1ea5t inox b\u1ec1n b\u1ec9, hi\u1ec7u qu\u1ea3, ph\u00f9 h\u1ee3p v\u1edbi h\u1ec7 th\u1ed1ng s\u1ea3n xu\u1ea5t c\u1ee7a m\u00ecnh, h\u00e3y li\u00ean h\u1ec7 v\u1edbi ViFan ngay h\u00f4m nay. Ch\u00fang t\u00f4i s\u1ebd gi\u00fap b\u1ea1n l\u1ef1a ch\u1ecdn s\u1ea3n ph\u1ea9m ph\u00f9 h\u1ee3p nh\u1ea5t v\u1edbi chi ph\u00ed t\u1ed1i \u01b0u v\u00e0 d\u1ecbch v\u1ee5 h\u1eadu m\u00e3i chu \u0111\u00e1o.<\/p>\n","protected":false},"excerpt":{"rendered":"<div class=\"my-4 overflow-hidden bg-white rounded-lg shadow-xl \"><div class=\"overflow-x-auto\"><table class=\"min-w-full\" class=\"min-w-full\">\n<tbody class=\"bg-white divide-y divide-gray-100 \" class=\"bg-white divide-y divide-gray-100 \">\n<tr class=\"transition-all duration-200 ease-in-out group hover:bg-red-50 \" class=\"transition-all duration-200 ease-in-out group hover:bg-red-50 \">\n<td class=\"px-2 py-2 text-sm text-gray-700 transition-colors duration-200 group-hover:text-gray-900 \" class=\"px-2 py-2 text-sm text-gray-700 transition-colors duration-200 group-hover:text-gray-900 \"><strong class=\"font-cal-sans\">M\u00e3 s\u1ea3n ph\u1ea9m<\/strong><\/td>\n<td class=\"px-2 py-2 text-sm text-gray-700 transition-colors duration-200 group-hover:text-gray-900 \" class=\"px-2 py-2 text-sm text-gray-700 transition-colors duration-200 group-hover:text-gray-900 \">:<\/td>\n<td class=\"px-2 py-2 text-sm text-gray-700 transition-colors duration-200 group-hover:text-gray-900 \" class=\"px-2 py-2 text-sm text-gray-700 transition-colors duration-200 group-hover:text-gray-900 \">HT304<\/td>\n<\/tr>\n<tr class=\"transition-all duration-200 ease-in-out group hover:bg-red-50 \" class=\"transition-all duration-200 ease-in-out group hover:bg-red-50 \">\n<td class=\"px-2 py-2 text-sm text-gray-700 transition-colors duration-200 group-hover:text-gray-900 \" class=\"px-2 py-2 text-sm text-gray-700 transition-colors duration-200 group-hover:text-gray-900 \"><strong class=\"font-cal-sans\">Th\u01b0\u01a1ng hi\u1ec7u<\/strong><\/td>\n<td class=\"px-2 py-2 text-sm text-gray-700 transition-colors duration-200 group-hover:text-gray-900 \" class=\"px-2 py-2 text-sm text-gray-700 transition-colors duration-200 group-hover:text-gray-900 \">:<\/td>\n<td class=\"px-2 py-2 text-sm text-gray-700 transition-colors duration-200 group-hover:text-gray-900 \" class=\"px-2 py-2 text-sm text-gray-700 transition-colors duration-200 group-hover:text-gray-900 \">ViFan<\/td>\n<\/tr>\n<tr class=\"transition-all duration-200 ease-in-out group hover:bg-red-50 \" class=\"transition-all duration-200 ease-in-out group hover:bg-red-50 \">\n<td class=\"px-2 py-2 text-sm text-gray-700 transition-colors duration-200 group-hover:text-gray-900 \" class=\"px-2 py-2 text-sm text-gray-700 transition-colors duration-200 group-hover:text-gray-900 \"><strong class=\"font-cal-sans\">C\u00f4ng su\u1ea5t<\/strong><\/td>\n<td class=\"px-2 py-2 text-sm text-gray-700 transition-colors duration-200 group-hover:text-gray-900 \" class=\"px-2 py-2 text-sm text-gray-700 transition-colors duration-200 group-hover:text-gray-900 \">:<\/td>\n<td class=\"px-2 py-2 text-sm text-gray-700 transition-colors duration-200 group-hover:text-gray-900 \" class=\"px-2 py-2 text-sm text-gray-700 transition-colors duration-200 group-hover:text-gray-900 \">1-50HP<\/td>\n<\/tr>\n<tr class=\"transition-all duration-200 ease-in-out group hover:bg-red-50 \" class=\"transition-all duration-200 ease-in-out group hover:bg-red-50 \">\n<td class=\"px-2 py-2 text-sm text-gray-700 transition-colors duration-200 group-hover:text-gray-900 \" class=\"px-2 py-2 text-sm text-gray-700 transition-colors duration-200 group-hover:text-gray-900 \"><strong class=\"font-cal-sans\">C\u1ed9t \u00e1p<\/strong><\/td>\n<td class=\"px-2 py-2 text-sm text-gray-700 transition-colors duration-200 group-hover:text-gray-900 \" class=\"px-2 py-2 text-sm text-gray-700 transition-colors duration-200 group-hover:text-gray-900 \">:<\/td>\n<td class=\"px-2 py-2 text-sm text-gray-700 transition-colors duration-200 group-hover:text-gray-900 \" class=\"px-2 py-2 text-sm text-gray-700 transition-colors duration-200 group-hover:text-gray-900 \">150-800 Pa<\/td>\n<\/tr>\n<tr class=\"transition-all duration-200 ease-in-out group hover:bg-red-50 \" class=\"transition-all duration-200 ease-in-out group hover:bg-red-50 \">\n<td class=\"px-2 py-2 text-sm text-gray-700 transition-colors duration-200 group-hover:text-gray-900 \" class=\"px-2 py-2 text-sm text-gray-700 transition-colors duration-200 group-hover:text-gray-900 \"><strong class=\"font-cal-sans\">L\u01b0u l\u01b0\u1ee3ng<\/strong><\/td>\n<td class=\"px-2 py-2 text-sm text-gray-700 transition-colors duration-200 group-hover:text-gray-900 \" class=\"px-2 py-2 text-sm text-gray-700 transition-colors duration-200 group-hover:text-gray-900 \">:<\/td>\n<td class=\"px-2 py-2 text-sm text-gray-700 transition-colors duration-200 group-hover:text-gray-900 \" class=\"px-2 py-2 text-sm text-gray-700 transition-colors duration-200 group-hover:text-gray-900 \">5000-50000 m3\/h<\/td>\n<\/tr>\n<tr class=\"transition-all duration-200 ease-in-out group hover:bg-red-50 \" class=\"transition-all duration-200 ease-in-out group hover:bg-red-50 \">\n<td class=\"px-2 py-2 text-sm text-gray-700 transition-colors duration-200 group-hover:text-gray-900 \" class=\"px-2 py-2 text-sm text-gray-700 transition-colors duration-200 group-hover:text-gray-900 \"><strong class=\"font-cal-sans\">B\u1ea3o h\u00e0nh<\/strong><\/td>\n<td class=\"px-2 py-2 text-sm text-gray-700 transition-colors duration-200 group-hover:text-gray-900 \" class=\"px-2 py-2 text-sm text-gray-700 transition-colors duration-200 group-hover:text-gray-900 \">:<\/td>\n<td class=\"px-2 py-2 text-sm text-gray-700 transition-colors duration-200 group-hover:text-gray-900 \" class=\"px-2 py-2 text-sm text-gray-700 transition-colors duration-200 group-hover:text-gray-900 \">12 th\u00e1ng<\/td>\n<\/tr>\n<tr class=\"transition-all duration-200 ease-in-out group hover:bg-red-50 \" class=\"transition-all duration-200 ease-in-out group hover:bg-red-50 \">\n<td class=\"px-2 py-2 text-sm text-gray-700 transition-colors duration-200 group-hover:text-gray-900 \" class=\"px-2 py-2 text-sm text-gray-700 transition-colors duration-200 group-hover:text-gray-900 \"><strong class=\"font-cal-sans\">Xu\u1ea5t x\u1ee9<\/strong><\/td>\n<td class=\"px-2 py-2 text-sm text-gray-700 transition-colors duration-200 group-hover:text-gray-900 \" class=\"px-2 py-2 text-sm text-gray-700 transition-colors duration-200 group-hover:text-gray-900 \">:<\/td>\n<td class=\"px-2 py-2 text-sm text-gray-700 transition-colors duration-200 group-hover:text-gray-900 \" class=\"px-2 py-2 text-sm text-gray-700 transition-colors duration-200 group-hover:text-gray-900 \">Vi\u1ec7t nam<\/td>\n<\/tr>\n<\/tbody>\n<\/table><\/div><\/div>\n","protected":false},"featured_media":139,"template":"","meta":{"footnotes":""},"product_cat":[12],"product_tag":[],"ztteam_product_brand":[],"class_list":["post-138","product","type-product","status-publish","has-post-thumbnail","hentry","product_cat-quat-hut-huong-truc"],"meta_box":{"_sku":"HT304","_regular_price":"12845989","_sale_price":"11797312","_price":"11797312","_stock_status":"instock","_stock":"50","_manage_stock":"1","_weight":"","_length":"","_width":"","_height":"","_product_image_gallery":[{"width":150,"height":150,"file":"2026\/03\/quat-huong-truc-inox.png","filesize":171657,"sizes":[],"image_meta":{"aperture":"0","credit":"","camera":"","caption":"","created_timestamp":"0","copyright":"","focal_length":"0","iso":"0","shutter_speed":"0","title":"","orientation":"0","keywords":[]},"ID":"139","name":"quat-huong-truc-inox.png","path":"\/home\/dev.wptheme.store\/public_html\/s\/wpquat\/wp-content\/uploads\/2026\/03\/quat-huong-truc-inox.png","url":"https:\/\/dev.wptheme.store\/s\/wpquat\/wp-content\/uploads\/2026\/03\/quat-huong-truc-inox.png","full_url":"https:\/\/dev.wptheme.store\/s\/wpquat\/wp-content\/uploads\/2026\/03\/quat-huong-truc-inox.png","title":"Qu\u1ea1t H\u01b0\u1edbng Tr\u1ee5c Inox 304 Ch\u1ed1ng \u0102n M\u00f2n, H\u00fat H\u01a1i H\u00f3a Ch\u1ea5t","caption":"","description":"","alt":"","srcset":false}],"_featured":"0","_visibility":"visible","_virtual":"","_downloadable":"","product_type":"simple","product_attributes":[],"color_variations":[],"size_variations":[],"storage_variations":[],"material_variations":[]},"_links":{"self":[{"href":"https:\/\/dev.wptheme.store\/s\/wpquat\/wp-json\/wp\/v2\/product\/138","targetHints":{"allow":["GET"]}}],"collection":[{"href":"https:\/\/dev.wptheme.store\/s\/wpquat\/wp-json\/wp\/v2\/product"}],"about":[{"href":"https:\/\/dev.wptheme.store\/s\/wpquat\/wp-json\/wp\/v2\/types\/product"}],"version-history":[{"count":0,"href":"https:\/\/dev.wptheme.store\/s\/wpquat\/wp-json\/wp\/v2\/product\/138\/revisions"}],"wp:featuredmedia":[{"embeddable":true,"href":"https:\/\/dev.wptheme.store\/s\/wpquat\/wp-json\/wp\/v2\/media\/139"}],"wp:attachment":[{"href":"https:\/\/dev.wptheme.store\/s\/wpquat\/wp-json\/wp\/v2\/media?parent=138"}],"wp:term":[{"taxonomy":"product_cat","embeddable":true,"href":"https:\/\/dev.wptheme.store\/s\/wpquat\/wp-json\/wp\/v2\/product_cat?post=138"},{"taxonomy":"product_tag","embeddable":true,"href":"https:\/\/dev.wptheme.store\/s\/wpquat\/wp-json\/wp\/v2\/product_tag?post=138"},{"taxonomy":"ztteam_product_brand","embeddable":true,"href":"https:\/\/dev.wptheme.store\/s\/wpquat\/wp-json\/wp\/v2\/ztteam_product_brand?post=138"}],"curies":[{"name":"wp","href":"https:\/\/api.w.org\/{rel}","templated":true}]}}