{"id":144,"date":"2026-03-16T08:50:00","date_gmt":"2026-03-16T01:50:00","guid":{"rendered":"https:\/\/dev.wptheme.store\/s\/wpquat\/product\/quat-hut-tron-gian-tiep-soffnet-t40-50-60c\/"},"modified":"2026-03-16T08:50:00","modified_gmt":"2026-03-16T01:50:00","slug":"quat-hut-tron-gian-tiep-soffnet-t40-50-60c","status":"publish","type":"product","link":"https:\/\/dev.wptheme.store\/s\/wpquat\/product\/quat-hut-tron-gian-tiep-soffnet-t40-50-60c\/","title":{"rendered":"Qu\u1ea1t H\u00fat Tr\u00f2n Gi\u00e1n Ti\u1ebfp Soffnet T40-50-60C"},"content":{"rendered":"<h2 class=\"py-2 my-4 text-2xl font-bold border-green-500 border-y border-opacity-10\">Gi\u1edbi thi\u1ec7u v\u1ec1 qu\u1ea1t h\u00fat tr\u00f2n gi\u00e1n ti\u1ebfp Soffnet<\/h2>\n<p class=\"mb-4 leading-relaxed\">Qu\u1ea1t h\u00fat tr\u00f2n gi\u00e1n ti\u1ebfp Soffnet l\u00e0 d\u00f2ng <a href=\"https:\/\/quatcongnghiepvifan.com\/quat-hut-huong-truc\/\" class=\"text-red-900\">qu\u1ea1t h\u01b0\u1edbng tr\u1ee5c c\u00f4ng nghi\u1ec7p<\/a> n\u1ed5i b\u1eadt nh\u1edd thi\u1ebft k\u1ebf truy\u1ec1n \u0111\u1ed9ng gi\u00e1n ti\u1ebfp qua d\u00e2y curoa, mang l\u1ea1i hi\u1ec7u su\u1ea5t cao, v\u1eadn h\u00e0nh \u00eam \u00e1i, v\u00e0 \u0111\u1ed9 \u1ed3n th\u1ea5p. \u0110\u00e2y l\u00e0 m\u1ed9t l\u1ef1a ch\u1ecdn l\u00fd t\u01b0\u1edfng cho c\u00e1c m\u00f4i tr\u01b0\u1eddng y\u00eau c\u1ea7u th\u00f4ng gi\u00f3 hi\u1ec7u qu\u1ea3 v\u00e0 \u1ed5n \u0111\u1ecbnh.<\/p>\n<p class=\"mb-4 leading-relaxed\">Qu\u1ea1t h\u01b0\u1edbng tr\u1ee5c gi\u00e1n ti\u1ebfp Soffnet bao g\u1ed3m c\u00e1c model T40C, T50C, v\u00e0 T60C, \u0111\u01b0\u1ee3c s\u1eed d\u1ee5ng r\u1ed9ng r\u00e3i trong c\u00e1c ng\u00e0nh c\u00f4ng nghi\u1ec7p nh\u01b0 tinh ch\u1ebf d\u1ea7u kh\u00ed, s\u1ea3n xu\u1ea5t s\u01a1n, ch\u1ebf bi\u1ebfn th\u1ef1c ph\u1ea9m, v\u00e0 nhi\u1ec1u l\u0129nh v\u1ef1c kh\u00e1c.<\/p>\n<h2 class=\"py-2 my-4 text-2xl font-bold border-green-500 border-y border-opacity-10\">T\u00ednh n\u0103ng n\u1ed5i b\u1eadt c\u1ee7a qu\u1ea1t h\u01b0\u1edbng tr\u1ee5c gi\u00e1n ti\u1ebfp Soffnet<\/h2>\n<ul class=\"mb-4 space-y-1 list-none\">\n<li class=\"flex items-center gap-3 leading-relaxed text-gray-800 \"><div class=\"flex items-center justify-center w-5 h-5 bg-red-100 rounded-full shrink-0\"><svg class=\"w-3 h-3 text-red-600\" fill=\"none\" stroke=\"currentColor\" stroke- viewBox=\"0 0 24 24\"><path stroke-linecap=\"round\" stroke-linejoin=\"round\" d=\"M5 13l4 4L19 7\" \/><\/svg><\/div><div class=\"flex-1\">Thi\u1ebft k\u1ebf motor ngo\u00e0i: Motor \u0111\u01b0\u1ee3c \u0111\u1eb7t ngo\u00e0i v\u00e0 truy\u1ec1n \u0111\u1ed9ng gi\u00e1n ti\u1ebfp gi\u00fap tr\u00e1nh ti\u1ebfp x\u00fac tr\u1ef1c ti\u1ebfp v\u1edbi kh\u00f4ng kh\u00ed n\u00f3ng, t\u0103ng \u0111\u1ed9 b\u1ec1n cho \u0111\u1ed9ng c\u01a1 v\u00e0 thu\u1eadn ti\u1ec7n cho vi\u1ec7c v\u1ec7 sinh, b\u1ea3o d\u01b0\u1ee1ng.<\/div><\/li>\n<li class=\"flex items-center gap-3 leading-relaxed text-gray-800 \"><div class=\"flex items-center justify-center w-5 h-5 bg-red-100 rounded-full shrink-0\"><svg class=\"w-3 h-3 text-red-600\" fill=\"none\" stroke=\"currentColor\" stroke- viewBox=\"0 0 24 24\"><path stroke-linecap=\"round\" stroke-linejoin=\"round\" d=\"M5 13l4 4L19 7\" \/><\/svg><\/div><div class=\"flex-1\">C\u00e1nh qu\u1ea1t h\u01b0\u1edbng tr\u1ee5c gi\u00e1n ti\u1ebfp Soffnet l\u00e0m t\u1eeb h\u1ee3p kim nh\u00f4m: Nh\u1eb9, b\u1ec1n v\u00e0 \u0111\u01b0\u1ee3c thi\u1ebft k\u1ebf g\u00f3c nghi\u00eang h\u1ee3p l\u00fd, c\u00e1nh qu\u1ea1t t\u1ea1o ra l\u01b0u l\u01b0\u1ee3ng gi\u00f3 l\u1edbn trong \u0111i\u1ec1u ki\u1ec7n \u00e1p su\u1ea5t cao, l\u00fd t\u01b0\u1edfng \u0111\u1ec3 d\u1eabn kh\u00ed n\u1ed1i ti\u1ebfp theo \u0111\u01b0\u1eddng \u1ed1ng.<\/div><\/li>\n<li class=\"flex items-center gap-3 leading-relaxed text-gray-800 \"><div class=\"flex items-center justify-center w-5 h-5 bg-red-100 rounded-full shrink-0\"><svg class=\"w-3 h-3 text-red-600\" fill=\"none\" stroke=\"currentColor\" stroke- viewBox=\"0 0 24 24\"><path stroke-linecap=\"round\" stroke-linejoin=\"round\" d=\"M5 13l4 4L19 7\" \/><\/svg><\/div><div class=\"flex-1\">\u0110\u1ed9ng c\u01a1 d\u00e2y \u0111\u1ed3ng: Motor 100% d\u00e2y \u0111\u1ed3ng b\u1ec1n b\u1ec9, kh\u1ea3 n\u0103ng t\u1ea3n nhi\u1ec7t t\u1ed1t, \u0111\u1ea3m b\u1ea3o v\u1eadn h\u00e0nh li\u00ean t\u1ee5c trong th\u1eddi gian d\u00e0i.<\/div><\/li>\n<li class=\"flex items-center gap-3 leading-relaxed text-gray-800 \"><div class=\"flex items-center justify-center w-5 h-5 bg-red-100 rounded-full shrink-0\"><svg class=\"w-3 h-3 text-red-600\" fill=\"none\" stroke=\"currentColor\" stroke- viewBox=\"0 0 24 24\"><path stroke-linecap=\"round\" stroke-linejoin=\"round\" d=\"M5 13l4 4L19 7\" \/><\/svg><\/div><div class=\"flex-1\">V\u1ecf m\u1edf linh ho\u1ea1t: Thu\u1eadn ti\u1ec7n cho vi\u1ec7c v\u1ec7 sinh v\u00e0 b\u1ea3o d\u01b0\u1ee1ng, \u0111\u1ed3ng th\u1eddi d\u1ec5 d\u00e0ng l\u1eafp \u0111\u1eb7t theo c\u1ea3 ph\u01b0\u01a1ng ngang v\u00e0 ph\u01b0\u01a1ng th\u1eb3ng \u0111\u1ee9ng.<\/div><\/li>\n<li class=\"flex items-center gap-3 leading-relaxed text-gray-800 \"><div class=\"flex items-center justify-center w-5 h-5 bg-red-100 rounded-full shrink-0\"><svg class=\"w-3 h-3 text-red-600\" fill=\"none\" stroke=\"currentColor\" stroke- viewBox=\"0 0 24 24\"><path stroke-linecap=\"round\" stroke-linejoin=\"round\" d=\"M5 13l4 4L19 7\" \/><\/svg><\/div><div class=\"flex-1\">\u0110i\u1ec1u ch\u1ec9nh linh ho\u1ea1t: qu\u1ea1t h\u00fat tr\u00f2n gi\u00e1n ti\u1ebfp Soffnet c\u00f3 kh\u1ea3 n\u0103ng t\u0103ng gi\u1ea3m l\u01b0u l\u01b0\u1ee3ng v\u00e0 \u00e1p su\u1ea5t theo y\u00eau c\u1ea7u s\u1eed d\u1ee5ng.<\/div><\/li>\n<\/ul>\n<figure class=\"my-6 text-center\"><img><figcaption>C\u00f4ng D\u1ee5ng Ch\u00ednh Qu\u1ea1t H\u00fat Tr\u00f2n Gi\u00e1n Ti\u1ebfp Soffnet T40-50-60C<\/figcaption><\/figure>\n<h2 class=\"py-2 my-4 text-2xl font-bold border-green-500 border-y border-opacity-10\">\u1ee8ng d\u1ee5ng c\u1ee7a qu\u1ea1t h\u01b0\u1edbng tr\u1ee5c c\u00f4ng nghi\u1ec7p Soffnet<\/h2>\n<p class=\"mb-4 leading-relaxed\">Ng\u00e0nh c\u00f4ng nghi\u1ec7p n\u1eb7ng: h\u01b0\u1edbng tr\u1ee5c gi\u00e1n ti\u1ebfp Soffnet h\u00fat b\u1ee5i s\u01a1n, x\u1eed l\u00fd bu\u1ed3ng s\u01a1n c\u00f4ng nghi\u1ec7p, v\u00e0 h\u00fat kh\u00ed c\u00f3 \u0111\u1ed9 \u1ea9m ho\u1eb7c b\u1ee5i nh\u1eb9.<\/p>\n<p class=\"mb-4 leading-relaxed\">Th\u00f4ng gi\u00f3 \u0111i\u1ec1u h\u00f2a: S\u1eed d\u1ee5ng cho c\u00e1c h\u1ec7 th\u1ed1ng \u0111i\u1ec1u h\u00f2a kh\u00ed trung t\u00e2m v\u00e0 t\u1ea7ng h\u1ea7m.<\/p>\n<p class=\"mb-4 leading-relaxed\">Ch\u1ebf bi\u1ebfn th\u1ef1c ph\u1ea9m v\u00e0 d\u01b0\u1ee3c ph\u1ea9m: \u0110\u1ea3m b\u1ea3o m\u00f4i tr\u01b0\u1eddng l\u00e0m vi\u1ec7c s\u1ea1ch s\u1ebd, tho\u00e1ng kh\u00ed.<\/p>\n<p class=\"mb-4 leading-relaxed\">Ng\u00e0nh s\u1ea3n xu\u1ea5t: Tinh ch\u1ebf d\u1ea7u kh\u00ed, s\u1ea3n xu\u1ea5t cao su, v\u00e0 s\u01a1n c\u00f3 c\u1ed3n s\u1ea5y nung<\/p>\n<h2 class=\"py-2 my-4 text-2xl font-bold border-green-500 border-y border-opacity-10\">T\u1ea1i sao ch\u1ecdn qu\u1ea1t h\u00fat h\u01b0\u1edbng tr\u1ee5c gi\u00e1n ti\u1ebfp Soffnet?<\/h2>\n<p class=\"mb-4 leading-relaxed\">Hi\u1ec7u su\u1ea5t v\u01b0\u1ee3t tr\u1ed9i v\u1edbi thi\u1ebft k\u1ebf t\u1ed1i \u01b0u.<\/p>\n<p class=\"mb-4 leading-relaxed\">\u0110\u1ed9 b\u1ec1n cao nh\u1edd v\u1eadt li\u1ec7u ch\u1ea5t l\u01b0\u1ee3ng v\u00e0 c\u00f4ng ngh\u1ec7 hi\u1ec7n \u0111\u1ea1i.<\/p>\n<p class=\"mb-4 leading-relaxed\">Linh ho\u1ea1t trong l\u1eafp \u0111\u1eb7t v\u00e0 s\u1eed d\u1ee5ng.<\/p>\n<p class=\"mb-4 leading-relaxed\">V\u1edbi nh\u1eefng t\u00ednh n\u0103ng v\u00e0 \u1ee9ng d\u1ee5ng \u0111a d\u1ea1ng, Qu\u1ea1t h\u00fat tr\u00f2n gi\u00e1n ti\u1ebfp Soffnet l\u00e0 l\u1ef1a ch\u1ecdn h\u00e0ng \u0111\u1ea7u cho c\u00e1c nhu c\u1ea7u th\u00f4ng gi\u00f3 c\u00f4ng nghi\u1ec7p. Li\u00ean h\u1ec7 ngay \u0111\u1ec3 \u0111\u01b0\u1ee3c t\u01b0 v\u1ea5n v\u00e0 b\u00e1o gi\u00e1 chi ti\u1ebft!<\/p>\n<p class=\"mb-4 leading-relaxed\">T\u00ecm hi\u1ec3u th\u00eam s\u1ea3n ph\u1ea9m kh\u00e1c:<\/p>\n<p class=\"mb-4 leading-relaxed\"><a href=\"https:\/\/quatcongnghiepvifan.com\/quat-huong-truc-trung-ap\/\" class=\"text-red-900\">Qu\u1ea1t H\u01b0\u1edbng Tr\u1ee5c Trung \u00c1p<\/a><\/p>\n<p class=\"mb-4 leading-relaxed\"><a href=\"https:\/\/quatcongnghiepvifan.com\/quat-huong-truc-cao-ap\/\" class=\"text-red-900\">Qu\u1ea1t H\u01b0\u1edbng Tr\u1ee5c Cao \u00c1p<\/a><\/p>\n","protected":false},"excerpt":{"rendered":"<div class=\"my-4 overflow-hidden bg-white rounded-lg shadow-xl \"><div class=\"overflow-x-auto\"><table class=\"min-w-full\" class=\"min-w-full\">\n<tbody class=\"bg-white divide-y divide-gray-100 \" class=\"bg-white divide-y divide-gray-100 \">\n<tr class=\"transition-all duration-200 ease-in-out group hover:bg-red-50 \" class=\"transition-all duration-200 ease-in-out group hover:bg-red-50 \">\n<td class=\"px-2 py-2 text-sm text-gray-700 transition-colors duration-200 group-hover:text-gray-900 \" class=\"px-2 py-2 text-sm text-gray-700 transition-colors duration-200 group-hover:text-gray-900 \"><strong class=\"font-cal-sans\">M\u00e3 s\u1ea3n ph\u1ea9m<\/strong><\/td>\n<td class=\"px-2 py-2 text-sm text-gray-700 transition-colors duration-200 group-hover:text-gray-900 \" class=\"px-2 py-2 text-sm text-gray-700 transition-colors duration-200 group-hover:text-gray-900 \">:<\/td>\n<td class=\"px-2 py-2 text-sm text-gray-700 transition-colors duration-200 group-hover:text-gray-900 \" class=\"px-2 py-2 text-sm text-gray-700 transition-colors duration-200 group-hover:text-gray-900 \">T40-50-60C<\/td>\n<\/tr>\n<tr class=\"transition-all duration-200 ease-in-out group hover:bg-red-50 \" class=\"transition-all duration-200 ease-in-out group hover:bg-red-50 \">\n<td class=\"px-2 py-2 text-sm text-gray-700 transition-colors duration-200 group-hover:text-gray-900 \" class=\"px-2 py-2 text-sm text-gray-700 transition-colors duration-200 group-hover:text-gray-900 \"><strong class=\"font-cal-sans\">Th\u01b0\u01a1ng hi\u1ec7u<\/strong><\/td>\n<td class=\"px-2 py-2 text-sm text-gray-700 transition-colors duration-200 group-hover:text-gray-900 \" class=\"px-2 py-2 text-sm text-gray-700 transition-colors duration-200 group-hover:text-gray-900 \">:<\/td>\n<td class=\"px-2 py-2 text-sm text-gray-700 transition-colors duration-200 group-hover:text-gray-900 \" class=\"px-2 py-2 text-sm text-gray-700 transition-colors duration-200 group-hover:text-gray-900 \">Soffnet<\/td>\n<\/tr>\n<tr class=\"transition-all duration-200 ease-in-out group hover:bg-red-50 \" class=\"transition-all duration-200 ease-in-out group hover:bg-red-50 \">\n<td class=\"px-2 py-2 text-sm text-gray-700 transition-colors duration-200 group-hover:text-gray-900 \" class=\"px-2 py-2 text-sm text-gray-700 transition-colors duration-200 group-hover:text-gray-900 \"><strong class=\"font-cal-sans\">C\u00f4ng su\u1ea5t<\/strong><\/td>\n<td class=\"px-2 py-2 text-sm text-gray-700 transition-colors duration-200 group-hover:text-gray-900 \" class=\"px-2 py-2 text-sm text-gray-700 transition-colors duration-200 group-hover:text-gray-900 \">:<\/td>\n<td class=\"px-2 py-2 text-sm text-gray-700 transition-colors duration-200 group-hover:text-gray-900 \" class=\"px-2 py-2 text-sm text-gray-700 transition-colors duration-200 group-hover:text-gray-900 \">0.75-2.2KW<\/td>\n<\/tr>\n<tr class=\"transition-all duration-200 ease-in-out group hover:bg-red-50 \" class=\"transition-all duration-200 ease-in-out group hover:bg-red-50 \">\n<td class=\"px-2 py-2 text-sm text-gray-700 transition-colors duration-200 group-hover:text-gray-900 \" class=\"px-2 py-2 text-sm text-gray-700 transition-colors duration-200 group-hover:text-gray-900 \"><strong class=\"font-cal-sans\">C\u1ed9t \u00e1p<\/strong><\/td>\n<td class=\"px-2 py-2 text-sm text-gray-700 transition-colors duration-200 group-hover:text-gray-900 \" class=\"px-2 py-2 text-sm text-gray-700 transition-colors duration-200 group-hover:text-gray-900 \">:<\/td>\n<td class=\"px-2 py-2 text-sm text-gray-700 transition-colors duration-200 group-hover:text-gray-900 \" class=\"px-2 py-2 text-sm text-gray-700 transition-colors duration-200 group-hover:text-gray-900 \">90-179 Pa<\/td>\n<\/tr>\n<tr class=\"transition-all duration-200 ease-in-out group hover:bg-red-50 \" class=\"transition-all duration-200 ease-in-out group hover:bg-red-50 \">\n<td class=\"px-2 py-2 text-sm text-gray-700 transition-colors duration-200 group-hover:text-gray-900 \" class=\"px-2 py-2 text-sm text-gray-700 transition-colors duration-200 group-hover:text-gray-900 \"><strong class=\"font-cal-sans\">L\u01b0u l\u01b0\u1ee3ng<\/strong><\/td>\n<td class=\"px-2 py-2 text-sm text-gray-700 transition-colors duration-200 group-hover:text-gray-900 \" class=\"px-2 py-2 text-sm text-gray-700 transition-colors duration-200 group-hover:text-gray-900 \">:<\/td>\n<td class=\"px-2 py-2 text-sm text-gray-700 transition-colors duration-200 group-hover:text-gray-900 \" class=\"px-2 py-2 text-sm text-gray-700 transition-colors duration-200 group-hover:text-gray-900 \">4148-18000 m3\/h<\/td>\n<\/tr>\n<tr class=\"transition-all duration-200 ease-in-out group hover:bg-red-50 \" class=\"transition-all duration-200 ease-in-out group hover:bg-red-50 \">\n<td class=\"px-2 py-2 text-sm text-gray-700 transition-colors duration-200 group-hover:text-gray-900 \" class=\"px-2 py-2 text-sm text-gray-700 transition-colors duration-200 group-hover:text-gray-900 \"><strong class=\"font-cal-sans\">B\u1ea3o h\u00e0nh<\/strong><\/td>\n<td class=\"px-2 py-2 text-sm text-gray-700 transition-colors duration-200 group-hover:text-gray-900 \" class=\"px-2 py-2 text-sm text-gray-700 transition-colors duration-200 group-hover:text-gray-900 \">:<\/td>\n<td class=\"px-2 py-2 text-sm text-gray-700 transition-colors duration-200 group-hover:text-gray-900 \" class=\"px-2 py-2 text-sm text-gray-700 transition-colors duration-200 group-hover:text-gray-900 \">12 th\u00e1ng<\/td>\n<\/tr>\n<tr class=\"transition-all duration-200 ease-in-out group hover:bg-red-50 \" class=\"transition-all duration-200 ease-in-out group hover:bg-red-50 \">\n<td class=\"px-2 py-2 text-sm text-gray-700 transition-colors duration-200 group-hover:text-gray-900 \" class=\"px-2 py-2 text-sm text-gray-700 transition-colors duration-200 group-hover:text-gray-900 \"><strong class=\"font-cal-sans\">Xu\u1ea5t x\u1ee9<\/strong><\/td>\n<td class=\"px-2 py-2 text-sm text-gray-700 transition-colors duration-200 group-hover:text-gray-900 \" class=\"px-2 py-2 text-sm text-gray-700 transition-colors duration-200 group-hover:text-gray-900 \">:<\/td>\n<td class=\"px-2 py-2 text-sm text-gray-700 transition-colors duration-200 group-hover:text-gray-900 \" class=\"px-2 py-2 text-sm text-gray-700 transition-colors duration-200 group-hover:text-gray-900 \">Vi\u1ec7t nam<\/td>\n<\/tr>\n<\/tbody>\n<\/table><\/div><\/div>\n","protected":false},"featured_media":145,"template":"","meta":{"footnotes":""},"product_cat":[12],"product_tag":[],"ztteam_product_brand":[],"class_list":["post-144","product","type-product","status-publish","has-post-thumbnail","hentry","product_cat-quat-hut-huong-truc"],"meta_box":{"_sku":"T40-50-60C","_regular_price":"13417338","_sale_price":"11101760","_price":"11101760","_stock_status":"instock","_stock":"50","_manage_stock":"1","_weight":"","_length":"","_width":"","_height":"","_product_image_gallery":[{"width":150,"height":150,"file":"2026\/03\/quat-huong-truc-gian-tiep-soffnet-T40C-T50C-T60C.png","filesize":103238,"sizes":[],"image_meta":{"aperture":"0","credit":"","camera":"","caption":"","created_timestamp":"0","copyright":"","focal_length":"0","iso":"0","shutter_speed":"0","title":"","orientation":"0","keywords":[]},"ID":"145","name":"quat-huong-truc-gian-tiep-soffnet-T40C-T50C-T60C.png","path":"\/home\/dev.wptheme.store\/public_html\/s\/wpquat\/wp-content\/uploads\/2026\/03\/quat-huong-truc-gian-tiep-soffnet-T40C-T50C-T60C.png","url":"https:\/\/dev.wptheme.store\/s\/wpquat\/wp-content\/uploads\/2026\/03\/quat-huong-truc-gian-tiep-soffnet-T40C-T50C-T60C.png","full_url":"https:\/\/dev.wptheme.store\/s\/wpquat\/wp-content\/uploads\/2026\/03\/quat-huong-truc-gian-tiep-soffnet-T40C-T50C-T60C.png","title":"Qu\u1ea1t H\u00fat Tr\u00f2n Gi\u00e1n Ti\u1ebfp Soffnet T40-50-60C","caption":"","description":"","alt":"","srcset":false}],"_featured":"0","_visibility":"visible","_virtual":"","_downloadable":"","product_type":"simple","product_attributes":[],"color_variations":[],"size_variations":[],"storage_variations":[],"material_variations":[]},"_links":{"self":[{"href":"https:\/\/dev.wptheme.store\/s\/wpquat\/wp-json\/wp\/v2\/product\/144","targetHints":{"allow":["GET"]}}],"collection":[{"href":"https:\/\/dev.wptheme.store\/s\/wpquat\/wp-json\/wp\/v2\/product"}],"about":[{"href":"https:\/\/dev.wptheme.store\/s\/wpquat\/wp-json\/wp\/v2\/types\/product"}],"version-history":[{"count":0,"href":"https:\/\/dev.wptheme.store\/s\/wpquat\/wp-json\/wp\/v2\/product\/144\/revisions"}],"wp:featuredmedia":[{"embeddable":true,"href":"https:\/\/dev.wptheme.store\/s\/wpquat\/wp-json\/wp\/v2\/media\/145"}],"wp:attachment":[{"href":"https:\/\/dev.wptheme.store\/s\/wpquat\/wp-json\/wp\/v2\/media?parent=144"}],"wp:term":[{"taxonomy":"product_cat","embeddable":true,"href":"https:\/\/dev.wptheme.store\/s\/wpquat\/wp-json\/wp\/v2\/product_cat?post=144"},{"taxonomy":"product_tag","embeddable":true,"href":"https:\/\/dev.wptheme.store\/s\/wpquat\/wp-json\/wp\/v2\/product_tag?post=144"},{"taxonomy":"ztteam_product_brand","embeddable":true,"href":"https:\/\/dev.wptheme.store\/s\/wpquat\/wp-json\/wp\/v2\/ztteam_product_brand?post=144"}],"curies":[{"name":"wp","href":"https:\/\/api.w.org\/{rel}","templated":true}]}}