{"id":154,"date":"2026-03-16T08:50:06","date_gmt":"2026-03-16T01:50:06","guid":{"rendered":"https:\/\/dev.wptheme.store\/s\/wpquat\/product\/quat-huong-truc-5-5kw-7-5hp\/"},"modified":"2026-03-16T08:50:06","modified_gmt":"2026-03-16T01:50:06","slug":"quat-huong-truc-5-5kw-7-5hp","status":"publish","type":"product","link":"https:\/\/dev.wptheme.store\/s\/wpquat\/product\/quat-huong-truc-5-5kw-7-5hp\/","title":{"rendered":"Qu\u1ea1t H\u01b0\u1edbng Tr\u1ee5c 5.5KW 7.5HP"},"content":{"rendered":"<p class=\"mb-4 leading-relaxed\">Qu\u1ea1t h\u01b0\u1edbng tr\u1ee5c 5.5KW 7.5HP ViFan l\u00e0 d\u00f2ng qu\u1ea1t h\u01b0\u1edbng tr\u1ee5c c\u00f4ng nghi\u1ec7p cao c\u1ea5p, \u0111\u01b0\u1ee3c thi\u1ebft k\u1ebf chuy\u00ean d\u1ee5ng \u0111\u1ec3 ph\u1ee5c v\u1ee5 cho c\u00e1c h\u1ec7 th\u1ed1ng th\u00f4ng gi\u00f3, l\u00e0m m\u00e1t v\u00e0 h\u00fat kh\u00ed \u0111\u1ed9c h\u1ea1i trong m\u00f4i tr\u01b0\u1eddng s\u1ea3n xu\u1ea5t c\u00f4ng nghi\u1ec7p. V\u1edbi \u0111\u1ed9ng c\u01a1 m\u1ea1nh m\u1ebd, kh\u1ea3 n\u0103ng v\u1eadn h\u00e0nh \u1ed5n \u0111\u1ecbnh v\u00e0 l\u01b0u l\u01b0\u1ee3ng gi\u00f3 c\u1ef1c l\u1edbn l\u00ean \u0111\u1ebfn 52.000 m\u00b3\/h, \u0111\u00e2y l\u00e0 gi\u1ea3i ph\u00e1p t\u1ed1i \u01b0u cho c\u00e1c nh\u00e0 x\u01b0\u1edfng, kho h\u00e0ng, tr\u1ea1m k\u1ef9 thu\u1eadt v\u00e0 nh\u00e0 m\u00e1y h\u00f3a ch\u1ea5t.<\/p>\n<h2 class=\"py-2 my-4 text-2xl font-bold border-green-500 border-y border-opacity-10\">Th\u00f4ng tin chi ti\u1ebft s\u1ea3n ph\u1ea9m qu\u1ea1t h\u01b0\u1edbng tr\u1ee5c 5.5KW 7.5HP<\/h2>\n<ul class=\"mb-4 space-y-1 list-none\">\n<li class=\"flex items-center gap-3 leading-relaxed text-gray-800 \"><div class=\"flex items-center justify-center w-5 h-5 bg-red-100 rounded-full shrink-0\"><svg class=\"w-3 h-3 text-red-600\" fill=\"none\" stroke=\"currentColor\" stroke- viewBox=\"0 0 24 24\"><path stroke-linecap=\"round\" stroke-linejoin=\"round\" d=\"M5 13l4 4L19 7\" \/><\/svg><\/div><div class=\"flex-1\">M\u00e3 s\u1ea3n ph\u1ea9m: QT800<\/div><\/li>\n<li class=\"flex items-center gap-3 leading-relaxed text-gray-800 \"><div class=\"flex items-center justify-center w-5 h-5 bg-red-100 rounded-full shrink-0\"><svg class=\"w-3 h-3 text-red-600\" fill=\"none\" stroke=\"currentColor\" stroke- viewBox=\"0 0 24 24\"><path stroke-linecap=\"round\" stroke-linejoin=\"round\" d=\"M5 13l4 4L19 7\" \/><\/svg><\/div><div class=\"flex-1\">Th\u01b0\u01a1ng hi\u1ec7u: ViFan<\/div><\/li>\n<li class=\"flex items-center gap-3 leading-relaxed text-gray-800 \"><div class=\"flex items-center justify-center w-5 h-5 bg-red-100 rounded-full shrink-0\"><svg class=\"w-3 h-3 text-red-600\" fill=\"none\" stroke=\"currentColor\" stroke- viewBox=\"0 0 24 24\"><path stroke-linecap=\"round\" stroke-linejoin=\"round\" d=\"M5 13l4 4L19 7\" \/><\/svg><\/div><div class=\"flex-1\">C\u00f4ng su\u1ea5t motor: 5.5KW t\u01b0\u01a1ng \u0111\u01b0\u01a1ng 7.5HP<\/div><\/li>\n<li class=\"flex items-center gap-3 leading-relaxed text-gray-800 \"><div class=\"flex items-center justify-center w-5 h-5 bg-red-100 rounded-full shrink-0\"><svg class=\"w-3 h-3 text-red-600\" fill=\"none\" stroke=\"currentColor\" stroke- viewBox=\"0 0 24 24\"><path stroke-linecap=\"round\" stroke-linejoin=\"round\" d=\"M5 13l4 4L19 7\" \/><\/svg><\/div><div class=\"flex-1\">C\u1ed9t \u00e1p: 400 Pa<\/div><\/li>\n<li class=\"flex items-center gap-3 leading-relaxed text-gray-800 \"><div class=\"flex items-center justify-center w-5 h-5 bg-red-100 rounded-full shrink-0\"><svg class=\"w-3 h-3 text-red-600\" fill=\"none\" stroke=\"currentColor\" stroke- viewBox=\"0 0 24 24\"><path stroke-linecap=\"round\" stroke-linejoin=\"round\" d=\"M5 13l4 4L19 7\" \/><\/svg><\/div><div class=\"flex-1\">L\u01b0u l\u01b0\u1ee3ng gi\u00f3: 52.000 m\u00b3\/h<\/div><\/li>\n<li class=\"flex items-center gap-3 leading-relaxed text-gray-800 \"><div class=\"flex items-center justify-center w-5 h-5 bg-red-100 rounded-full shrink-0\"><svg class=\"w-3 h-3 text-red-600\" fill=\"none\" stroke=\"currentColor\" stroke- viewBox=\"0 0 24 24\"><path stroke-linecap=\"round\" stroke-linejoin=\"round\" d=\"M5 13l4 4L19 7\" \/><\/svg><\/div><div class=\"flex-1\">C\u00e1nh qu\u1ea1t: Ch\u1ea5t li\u1ec7u h\u1ee3p kim nh\u00f4m \u0111\u00fac nguy\u00ean kh\u1ed1i, c\u1ee9ng c\u00e1p, h\u1ea1n ch\u1ebf rung l\u1eafc khi ho\u1ea1t \u0111\u1ed9ng t\u1ed1c \u0111\u1ed9 cao<\/div><\/li>\n<li class=\"flex items-center gap-3 leading-relaxed text-gray-800 \"><div class=\"flex items-center justify-center w-5 h-5 bg-red-100 rounded-full shrink-0\"><svg class=\"w-3 h-3 text-red-600\" fill=\"none\" stroke=\"currentColor\" stroke- viewBox=\"0 0 24 24\"><path stroke-linecap=\"round\" stroke-linejoin=\"round\" d=\"M5 13l4 4L19 7\" \/><\/svg><\/div><div class=\"flex-1\">\u0110\u01b0\u1eddng k\u00ednh qu\u1ea1t: Thi\u1ebft k\u1ebf l\u1edbn, t\u0103ng hi\u1ec7u qu\u1ea3 h\u00fat \u2013 th\u1ed5i kh\u00ed<\/div><\/li>\n<li class=\"flex items-center gap-3 leading-relaxed text-gray-800 \"><div class=\"flex items-center justify-center w-5 h-5 bg-red-100 rounded-full shrink-0\"><svg class=\"w-3 h-3 text-red-600\" fill=\"none\" stroke=\"currentColor\" stroke- viewBox=\"0 0 24 24\"><path stroke-linecap=\"round\" stroke-linejoin=\"round\" d=\"M5 13l4 4L19 7\" \/><\/svg><\/div><div class=\"flex-1\">\u0110i\u1ec7n \u00e1p: 380V<\/div><\/li>\n<li class=\"flex items-center gap-3 leading-relaxed text-gray-800 \"><div class=\"flex items-center justify-center w-5 h-5 bg-red-100 rounded-full shrink-0\"><svg class=\"w-3 h-3 text-red-600\" fill=\"none\" stroke=\"currentColor\" stroke- viewBox=\"0 0 24 24\"><path stroke-linecap=\"round\" stroke-linejoin=\"round\" d=\"M5 13l4 4L19 7\" \/><\/svg><\/div><div class=\"flex-1\">B\u1ea3o h\u00e0nh: 12 th\u00e1ng, c\u00f3 s\u1eb5n linh ki\u1ec7n thay th\u1ebf, h\u1ed7 tr\u1ee3 k\u1ef9 thu\u1eadt nhanh ch\u00f3ng<\/div><\/li>\n<li class=\"flex items-center gap-3 leading-relaxed text-gray-800 \"><div class=\"flex items-center justify-center w-5 h-5 bg-red-100 rounded-full shrink-0\"><svg class=\"w-3 h-3 text-red-600\" fill=\"none\" stroke=\"currentColor\" stroke- viewBox=\"0 0 24 24\"><path stroke-linecap=\"round\" stroke-linejoin=\"round\" d=\"M5 13l4 4L19 7\" \/><\/svg><\/div><div class=\"flex-1\">Xu\u1ea5t x\u1ee9: S\u1ea3n xu\u1ea5t t\u1ea1i Vi\u1ec7t Nam, d\u1ec5 b\u1ea3o tr\u00ec, d\u1ec5 thay th\u1ebf, chi ph\u00ed th\u1ea5p<\/div><\/li>\n<\/ul>\n<figure class=\"my-6 text-center\"><img><figcaption>H\u00ecnh \u1ea2nh Qu\u1ea1t H\u01b0\u1edbng Tr\u1ee5c 5.5KW 7.5HP<\/figcaption><\/figure>\n<figure class=\"my-6 text-center\"><img><figcaption>H\u00ecnh \u1ea2nh Qu\u1ea1t H\u01b0\u1edbng Tr\u1ee5c 4KW 5.5HP<\/figcaption><\/figure>\n<h2 class=\"py-2 my-4 text-2xl font-bold border-green-500 border-y border-opacity-10\">L\u1ee3i \u00edch v\u00e0 \u1ee9ng d\u1ee5ng c\u1ee7a qu\u1ea1t h\u01b0\u1edbng tr\u1ee5c c\u00f4ng nghi\u1ec7p 7.5HP<\/h2>\n<p class=\"mb-4 leading-relaxed\">Qu\u1ea1t h\u01b0\u1edbng tr\u1ee5c 7.5HP ViFan mang l\u1ea1i hi\u1ec7u qu\u1ea3 cao trong c\u00e1c c\u00f4ng tr\u00ecnh c\u1ea7n l\u01b0u l\u01b0\u1ee3ng gi\u00f3 l\u1edbn v\u00e0 \u00e1p l\u1ef1c kh\u00ed \u1ed5n \u0111\u1ecbnh:<\/p>\n<p class=\"mb-4 leading-relaxed\">L\u00e0m m\u00e1t nh\u00e0 x\u01b0\u1edfng, kho h\u00e0ng, khu c\u00f4ng nghi\u1ec7p l\u1edbn, gi\u1ea3m nhi\u1ec7t \u0111\u1ed9, t\u0103ng hi\u1ec7u su\u1ea5t l\u00e0m vi\u1ec7c<\/p>\n<p class=\"mb-4 leading-relaxed\">Th\u00f4ng gi\u00f3 t\u1ea7ng h\u1ea7m, ph\u00f2ng k\u1ef9 thu\u1eadt, tr\u1ea1m \u0111i\u1ec7n, \u0111\u1ea9y kh\u00ed n\u00f3ng v\u00e0 h\u00fat kh\u00ed th\u1ea3i \u0111\u1ed9c h\u1ea1i<\/p>\n<p class=\"mb-4 leading-relaxed\">\u1ee8ng d\u1ee5ng trong c\u00e1c nh\u00e0 m\u00e1y h\u00f3a ch\u1ea5t, luy\u1ec7n kim, \u0111\u1ea3m b\u1ea3o m\u00f4i tr\u01b0\u1eddng an to\u00e0n cho ng\u01b0\u1eddi lao \u0111\u1ed9ng<\/p>\n<p class=\"mb-4 leading-relaxed\">Th\u00f4ng gi\u00f3 tr\u1ea1m x\u1eed l\u00fd n\u01b0\u1edbc th\u1ea3i, ph\u00f2ng s\u1ea1ch, x\u01b0\u1edfng ch\u1ebf bi\u1ebfn, duy tr\u00ec \u0111\u1ed9 th\u00f4ng tho\u00e1ng v\u00e0 v\u1ec7 sinh m\u00f4i tr\u01b0\u1eddng<\/p>\n<figure class=\"my-6 text-center\"><img><figcaption>Qu\u1ea1t H\u01b0\u1edbng Tr\u1ee5c 5.5KW 7.5HP<\/figcaption><\/figure>\n<h2 class=\"py-2 my-4 text-2xl font-bold border-green-500 border-y border-opacity-10\">ViFan \u2013 \u0110\u01a1n v\u1ecb s\u1ea3n xu\u1ea5t qu\u1ea1t h\u01b0\u1edbng tr\u1ee5c c\u00f4ng nghi\u1ec7p uy t\u00edn t\u1ea1i Vi\u1ec7t Nam<\/h2>\n<p class=\"mb-4 leading-relaxed\">ViFan kh\u1eb3ng \u0111\u1ecbnh v\u1ecb th\u1ebf l\u00e0 m\u1ed9t trong nh\u1eefng nh\u00e0 s\u1ea3n xu\u1ea5t <a href=\"https:\/\/quatcongnghiepvifan.com\/quat-hut-huong-truc\/\" class=\"text-red-900\">qu\u1ea1t h\u01b0\u1edbng tr\u1ee5c c\u00f4ng nghi\u1ec7p<\/a> h\u00e0ng \u0111\u1ea7u t\u1ea1i Vi\u1ec7t Nam, v\u1edbi cam k\u1ebft ch\u1ea5t l\u01b0\u1ee3ng v\u00e0 s\u1ef1 t\u1eadn t\u00e2m trong t\u1eebng s\u1ea3n ph\u1ea9m. C\u00e1c d\u00f2ng qu\u1ea1t c\u1ee7a ViFan \u0111\u01b0\u1ee3c ch\u1ebf t\u1ea1o tr\u00ean d\u00e2y chuy\u1ec1n c\u00f4ng ngh\u1ec7 hi\u1ec7n \u0111\u1ea1i, s\u1eed d\u1ee5ng linh ki\u1ec7n \u0111\u1ea1t chu\u1ea9n qu\u1ed1c t\u1ebf, mang \u0111\u1ebfn \u0111\u1ed9 b\u1ec1n cao, hi\u1ec7u su\u1ea5t m\u1ea1nh m\u1ebd v\u00e0 ti\u1ebft ki\u1ec7m \u0111i\u1ec7n t\u1ed1i \u01b0u.<\/p>\n<p class=\"mb-4 leading-relaxed\">Kh\u00f4ng ch\u1ec9 ch\u00fa tr\u1ecdng \u0111\u1ebfn ch\u1ea5t l\u01b0\u1ee3ng, ViFan c\u00f2n n\u1ed5i b\u1eadt v\u1edbi d\u1ecbch v\u1ee5 t\u01b0 v\u1ea5n k\u1ef9 thu\u1eadt chuy\u00ean s\u00e2u, h\u1eadu m\u00e3i chu \u0111\u00e1o v\u00e0 s\u1eb5n s\u00e0ng h\u1ed7 tr\u1ee3 kh\u00e1ch h\u00e0ng t\u1eeb kh\u00e2u l\u1ef1a ch\u1ecdn \u0111\u1ebfn l\u1eafp \u0111\u1eb7t \u2013 v\u1eadn h\u00e0nh. M\u1ed7i chi\u1ebfc qu\u1ea1t tr\u01b0\u1edbc khi xu\u1ea5t x\u01b0\u1edfng \u0111\u1ec1u \u0111\u01b0\u1ee3c ki\u1ec3m \u0111\u1ecbnh nghi\u00eam ng\u1eb7t, \u0111\u1ea3m b\u1ea3o ho\u1ea1t \u0111\u1ed9ng \u1ed5n \u0111\u1ecbnh v\u00e0 an to\u00e0n trong m\u00f4i tr\u01b0\u1eddng c\u00f4ng nghi\u1ec7p kh\u1eaft khe nh\u1ea5t.<\/p>\n<h2 class=\"py-2 my-4 text-2xl font-bold border-green-500 border-y border-opacity-10\">H\u01b0\u1edbng d\u1eabn s\u1eed d\u1ee5ng &amp; b\u1ea3o tr\u00ec qu\u1ea1t h\u01b0\u1edbng tr\u1ee5c 5.5KW 7.5HP hi\u1ec7u qu\u1ea3<\/h2>\n<p class=\"mb-4 leading-relaxed\">\u0110\u1ec3 \u0111\u1ea3m b\u1ea3o tu\u1ed5i th\u1ecd v\u00e0 hi\u1ec7u su\u1ea5t ho\u1ea1t \u0111\u1ed9ng l\u00e2u d\u00e0i, ng\u01b0\u1eddi d\u00f9ng n\u00ean:<\/p>\n<ul class=\"mb-4 space-y-1 list-none\">\n<li class=\"flex items-center gap-3 leading-relaxed text-gray-800 \"><div class=\"flex items-center justify-center w-5 h-5 bg-red-100 rounded-full shrink-0\"><svg class=\"w-3 h-3 text-red-600\" fill=\"none\" stroke=\"currentColor\" stroke- viewBox=\"0 0 24 24\"><path stroke-linecap=\"round\" stroke-linejoin=\"round\" d=\"M5 13l4 4L19 7\" \/><\/svg><\/div><div class=\"flex-1\">L\u1eafp \u0111\u1eb7t \u0111\u00fang v\u1ecb tr\u00ed, c\u1ed1 \u0111\u1ecbnh ch\u1eafc ch\u1eafn, tr\u00e1nh rung \u0111\u1ed9ng g\u00e2y m\u00f2n tr\u1ee5c motor<\/div><\/li>\n<li class=\"flex items-center gap-3 leading-relaxed text-gray-800 \"><div class=\"flex items-center justify-center w-5 h-5 bg-red-100 rounded-full shrink-0\"><svg class=\"w-3 h-3 text-red-600\" fill=\"none\" stroke=\"currentColor\" stroke- viewBox=\"0 0 24 24\"><path stroke-linecap=\"round\" stroke-linejoin=\"round\" d=\"M5 13l4 4L19 7\" \/><\/svg><\/div><div class=\"flex-1\">V\u1ec7 sinh \u0111\u1ecbnh k\u1ef3 ph\u1ea7n c\u00e1nh v\u00e0 v\u1ecf qu\u1ea1t \u0111\u1ec3 lo\u1ea1i b\u1ecf b\u1ee5i b\u1ea9n, gi\u00fap qu\u1ea1t v\u1eadn h\u00e0nh tr\u01a1n tru<\/div><\/li>\n<li class=\"flex items-center gap-3 leading-relaxed text-gray-800 \"><div class=\"flex items-center justify-center w-5 h-5 bg-red-100 rounded-full shrink-0\"><svg class=\"w-3 h-3 text-red-600\" fill=\"none\" stroke=\"currentColor\" stroke- viewBox=\"0 0 24 24\"><path stroke-linecap=\"round\" stroke-linejoin=\"round\" d=\"M5 13l4 4L19 7\" \/><\/svg><\/div><div class=\"flex-1\">Ki\u1ec3m tra d\u00e2y \u0111i\u1ec7n, t\u1ee5 kh\u1edfi \u0111\u1ed9ng v\u00e0 v\u00f2ng bi m\u1ed7i 3-6 th\u00e1ng\/l\u1ea7n<\/div><\/li>\n<li class=\"flex items-center gap-3 leading-relaxed text-gray-800 \"><div class=\"flex items-center justify-center w-5 h-5 bg-red-100 rounded-full shrink-0\"><svg class=\"w-3 h-3 text-red-600\" fill=\"none\" stroke=\"currentColor\" stroke- viewBox=\"0 0 24 24\"><path stroke-linecap=\"round\" stroke-linejoin=\"round\" d=\"M5 13l4 4L19 7\" \/><\/svg><\/div><div class=\"flex-1\">Kh\u00f4ng \u0111\u1ec3 v\u1eadt c\u1ea3n tr\u01b0\u1edbc mi\u1ec7ng h\u00fat\/th\u1ed5i, \u0111\u1ea3m b\u1ea3o l\u01b0u l\u01b0\u1ee3ng kh\u00ed kh\u00f4ng b\u1ecb c\u1ea3n tr\u1edf<\/div><\/li>\n<li class=\"flex items-center gap-3 leading-relaxed text-gray-800 \"><div class=\"flex items-center justify-center w-5 h-5 bg-red-100 rounded-full shrink-0\"><svg class=\"w-3 h-3 text-red-600\" fill=\"none\" stroke=\"currentColor\" stroke- viewBox=\"0 0 24 24\"><path stroke-linecap=\"round\" stroke-linejoin=\"round\" d=\"M5 13l4 4L19 7\" \/><\/svg><\/div><div class=\"flex-1\">Tra d\u1ea7u b\u00f4i tr\u01a1n \u1ed5 tr\u1ee5c (n\u1ebfu c\u00f3) \u0111\u1ecbnh k\u1ef3 \u0111\u1ec3 gi\u1ea3m ma s\u00e1t, tr\u00e1nh k\u1eb9t tr\u1ee5c<\/div><\/li>\n<\/ul>\n<p class=\"mb-4 leading-relaxed\">T\u00ecm hi\u1ec3u th\u00eam s\u1ea3n ph\u1ea9m kh\u00e1c:<\/p>\n<p class=\"mb-4 leading-relaxed\"><a href=\"https:\/\/quatcongnghiepvifan.com\/quat-huong-truc-2-2kw-3hp\/\" class=\"text-red-900\">Qu\u1ea1t H\u01b0\u1edbng Tr\u1ee5c 2.2KW 3HP<\/a><\/p>\n<p class=\"mb-4 leading-relaxed\"><a href=\"https:\/\/quatcongnghiepvifan.com\/quat-huong-truc-1-5kw-2hp\/\" class=\"text-red-900\">Qu\u1ea1t H\u01b0\u1edbng Tr\u1ee5c 1.5KW 2HP<\/a><\/p>\n","protected":false},"excerpt":{"rendered":"<div class=\"my-4 overflow-hidden bg-white rounded-lg shadow-xl \"><div class=\"overflow-x-auto\"><table class=\"min-w-full\" class=\"min-w-full\">\n<tbody class=\"bg-white divide-y divide-gray-100 \" class=\"bg-white divide-y divide-gray-100 \">\n<tr class=\"transition-all duration-200 ease-in-out group hover:bg-red-50 \" class=\"transition-all duration-200 ease-in-out group hover:bg-red-50 \">\n<td class=\"px-2 py-2 text-sm text-gray-700 transition-colors duration-200 group-hover:text-gray-900 \" class=\"px-2 py-2 text-sm text-gray-700 transition-colors duration-200 group-hover:text-gray-900 \"><strong class=\"font-cal-sans\">M\u00e3 s\u1ea3n ph\u1ea9m<\/strong><\/td>\n<td class=\"px-2 py-2 text-sm text-gray-700 transition-colors duration-200 group-hover:text-gray-900 \" class=\"px-2 py-2 text-sm text-gray-700 transition-colors duration-200 group-hover:text-gray-900 \">:<\/td>\n<td class=\"px-2 py-2 text-sm text-gray-700 transition-colors duration-200 group-hover:text-gray-900 \" class=\"px-2 py-2 text-sm text-gray-700 transition-colors duration-200 group-hover:text-gray-900 \">QT800<\/td>\n<\/tr>\n<tr class=\"transition-all duration-200 ease-in-out group hover:bg-red-50 \" class=\"transition-all duration-200 ease-in-out group hover:bg-red-50 \">\n<td class=\"px-2 py-2 text-sm text-gray-700 transition-colors duration-200 group-hover:text-gray-900 \" class=\"px-2 py-2 text-sm text-gray-700 transition-colors duration-200 group-hover:text-gray-900 \"><strong class=\"font-cal-sans\">Th\u01b0\u01a1ng hi\u1ec7u<\/strong><\/td>\n<td class=\"px-2 py-2 text-sm text-gray-700 transition-colors duration-200 group-hover:text-gray-900 \" class=\"px-2 py-2 text-sm text-gray-700 transition-colors duration-200 group-hover:text-gray-900 \">:<\/td>\n<td class=\"px-2 py-2 text-sm text-gray-700 transition-colors duration-200 group-hover:text-gray-900 \" class=\"px-2 py-2 text-sm text-gray-700 transition-colors duration-200 group-hover:text-gray-900 \">ViFan<\/td>\n<\/tr>\n<tr class=\"transition-all duration-200 ease-in-out group hover:bg-red-50 \" class=\"transition-all duration-200 ease-in-out group hover:bg-red-50 \">\n<td class=\"px-2 py-2 text-sm text-gray-700 transition-colors duration-200 group-hover:text-gray-900 \" class=\"px-2 py-2 text-sm text-gray-700 transition-colors duration-200 group-hover:text-gray-900 \"><strong class=\"font-cal-sans\">C\u00f4ng su\u1ea5t<\/strong><\/td>\n<td class=\"px-2 py-2 text-sm text-gray-700 transition-colors duration-200 group-hover:text-gray-900 \" class=\"px-2 py-2 text-sm text-gray-700 transition-colors duration-200 group-hover:text-gray-900 \">:<\/td>\n<td class=\"px-2 py-2 text-sm text-gray-700 transition-colors duration-200 group-hover:text-gray-900 \" class=\"px-2 py-2 text-sm text-gray-700 transition-colors duration-200 group-hover:text-gray-900 \">7.5HP<\/td>\n<\/tr>\n<tr class=\"transition-all duration-200 ease-in-out group hover:bg-red-50 \" class=\"transition-all duration-200 ease-in-out group hover:bg-red-50 \">\n<td class=\"px-2 py-2 text-sm text-gray-700 transition-colors duration-200 group-hover:text-gray-900 \" class=\"px-2 py-2 text-sm text-gray-700 transition-colors duration-200 group-hover:text-gray-900 \"><strong class=\"font-cal-sans\">C\u1ed9t \u00e1p<\/strong><\/td>\n<td class=\"px-2 py-2 text-sm text-gray-700 transition-colors duration-200 group-hover:text-gray-900 \" class=\"px-2 py-2 text-sm text-gray-700 transition-colors duration-200 group-hover:text-gray-900 \">:<\/td>\n<td class=\"px-2 py-2 text-sm text-gray-700 transition-colors duration-200 group-hover:text-gray-900 \" class=\"px-2 py-2 text-sm text-gray-700 transition-colors duration-200 group-hover:text-gray-900 \">400Pa<\/td>\n<\/tr>\n<tr class=\"transition-all duration-200 ease-in-out group hover:bg-red-50 \" class=\"transition-all duration-200 ease-in-out group hover:bg-red-50 \">\n<td class=\"px-2 py-2 text-sm text-gray-700 transition-colors duration-200 group-hover:text-gray-900 \" class=\"px-2 py-2 text-sm text-gray-700 transition-colors duration-200 group-hover:text-gray-900 \"><strong class=\"font-cal-sans\">L\u01b0u l\u01b0\u1ee3ng<\/strong><\/td>\n<td class=\"px-2 py-2 text-sm text-gray-700 transition-colors duration-200 group-hover:text-gray-900 \" class=\"px-2 py-2 text-sm text-gray-700 transition-colors duration-200 group-hover:text-gray-900 \">:<\/td>\n<td class=\"px-2 py-2 text-sm text-gray-700 transition-colors duration-200 group-hover:text-gray-900 \" class=\"px-2 py-2 text-sm text-gray-700 transition-colors duration-200 group-hover:text-gray-900 \">52000 m3\/h<\/td>\n<\/tr>\n<tr class=\"transition-all duration-200 ease-in-out group hover:bg-red-50 \" class=\"transition-all duration-200 ease-in-out group hover:bg-red-50 \">\n<td class=\"px-2 py-2 text-sm text-gray-700 transition-colors duration-200 group-hover:text-gray-900 \" class=\"px-2 py-2 text-sm text-gray-700 transition-colors duration-200 group-hover:text-gray-900 \"><strong class=\"font-cal-sans\">B\u1ea3o h\u00e0nh<\/strong><\/td>\n<td class=\"px-2 py-2 text-sm text-gray-700 transition-colors duration-200 group-hover:text-gray-900 \" class=\"px-2 py-2 text-sm text-gray-700 transition-colors duration-200 group-hover:text-gray-900 \">:<\/td>\n<td class=\"px-2 py-2 text-sm text-gray-700 transition-colors duration-200 group-hover:text-gray-900 \" class=\"px-2 py-2 text-sm text-gray-700 transition-colors duration-200 group-hover:text-gray-900 \">12 th\u00e1ng<\/td>\n<\/tr>\n<tr class=\"transition-all duration-200 ease-in-out group hover:bg-red-50 \" class=\"transition-all duration-200 ease-in-out group hover:bg-red-50 \">\n<td class=\"px-2 py-2 text-sm text-gray-700 transition-colors duration-200 group-hover:text-gray-900 \" class=\"px-2 py-2 text-sm text-gray-700 transition-colors duration-200 group-hover:text-gray-900 \"><strong class=\"font-cal-sans\">Xu\u1ea5t x\u1ee9<\/strong><\/td>\n<td class=\"px-2 py-2 text-sm text-gray-700 transition-colors duration-200 group-hover:text-gray-900 \" class=\"px-2 py-2 text-sm text-gray-700 transition-colors duration-200 group-hover:text-gray-900 \">:<\/td>\n<td class=\"px-2 py-2 text-sm text-gray-700 transition-colors duration-200 group-hover:text-gray-900 \" class=\"px-2 py-2 text-sm text-gray-700 transition-colors duration-200 group-hover:text-gray-900 \">Vi\u1ec7t nam<\/td>\n<\/tr>\n<\/tbody>\n<\/table><\/div><\/div>\n","protected":false},"featured_media":155,"template":"","meta":{"footnotes":""},"product_cat":[12],"product_tag":[],"ztteam_product_brand":[],"class_list":["post-154","product","type-product","status-publish","has-post-thumbnail","hentry","product_cat-quat-hut-huong-truc"],"meta_box":{"_sku":"QT800","_regular_price":"13363682","_sale_price":"10331523","_price":"10331523","_stock_status":"instock","_stock":"50","_manage_stock":"1","_weight":"","_length":"","_width":"","_height":"","_product_image_gallery":[{"width":150,"height":150,"file":"2026\/03\/quat-hut-huong-truc-7.5hp-5.5kw.png","filesize":122094,"sizes":[],"image_meta":{"aperture":"0","credit":"","camera":"","caption":"","created_timestamp":"0","copyright":"","focal_length":"0","iso":"0","shutter_speed":"0","title":"","orientation":"0","keywords":[]},"ID":"155","name":"quat-hut-huong-truc-7.5hp-5.5kw.png","path":"\/home\/dev.wptheme.store\/public_html\/s\/wpquat\/wp-content\/uploads\/2026\/03\/quat-hut-huong-truc-7.5hp-5.5kw.png","url":"https:\/\/dev.wptheme.store\/s\/wpquat\/wp-content\/uploads\/2026\/03\/quat-hut-huong-truc-7.5hp-5.5kw.png","full_url":"https:\/\/dev.wptheme.store\/s\/wpquat\/wp-content\/uploads\/2026\/03\/quat-hut-huong-truc-7.5hp-5.5kw.png","title":"Qu\u1ea1t H\u01b0\u1edbng Tr\u1ee5c 7.5HP 5.5KW","caption":"","description":"","alt":"","srcset":false}],"_featured":"0","_visibility":"visible","_virtual":"","_downloadable":"","product_type":"simple","product_attributes":[],"color_variations":[],"size_variations":[],"storage_variations":[],"material_variations":[]},"_links":{"self":[{"href":"https:\/\/dev.wptheme.store\/s\/wpquat\/wp-json\/wp\/v2\/product\/154","targetHints":{"allow":["GET"]}}],"collection":[{"href":"https:\/\/dev.wptheme.store\/s\/wpquat\/wp-json\/wp\/v2\/product"}],"about":[{"href":"https:\/\/dev.wptheme.store\/s\/wpquat\/wp-json\/wp\/v2\/types\/product"}],"version-history":[{"count":0,"href":"https:\/\/dev.wptheme.store\/s\/wpquat\/wp-json\/wp\/v2\/product\/154\/revisions"}],"wp:featuredmedia":[{"embeddable":true,"href":"https:\/\/dev.wptheme.store\/s\/wpquat\/wp-json\/wp\/v2\/media\/155"}],"wp:attachment":[{"href":"https:\/\/dev.wptheme.store\/s\/wpquat\/wp-json\/wp\/v2\/media?parent=154"}],"wp:term":[{"taxonomy":"product_cat","embeddable":true,"href":"https:\/\/dev.wptheme.store\/s\/wpquat\/wp-json\/wp\/v2\/product_cat?post=154"},{"taxonomy":"product_tag","embeddable":true,"href":"https:\/\/dev.wptheme.store\/s\/wpquat\/wp-json\/wp\/v2\/product_tag?post=154"},{"taxonomy":"ztteam_product_brand","embeddable":true,"href":"https:\/\/dev.wptheme.store\/s\/wpquat\/wp-json\/wp\/v2\/ztteam_product_brand?post=154"}],"curies":[{"name":"wp","href":"https:\/\/api.w.org\/{rel}","templated":true}]}}