{"id":158,"date":"2026-03-16T08:50:09","date_gmt":"2026-03-16T01:50:09","guid":{"rendered":"https:\/\/dev.wptheme.store\/s\/wpquat\/product\/quat-ly-tam-thoi-lo-hoi\/"},"modified":"2026-03-16T08:50:09","modified_gmt":"2026-03-16T01:50:09","slug":"quat-ly-tam-thoi-lo-hoi","status":"publish","type":"product","link":"https:\/\/dev.wptheme.store\/s\/wpquat\/product\/quat-ly-tam-thoi-lo-hoi\/","title":{"rendered":"Qu\u1ea1t Ly T\u00e2m Th\u1ed5i L\u00f2 H\u01a1i, L\u00f2 S\u1ea5y C\u00f4ng Nghi\u1ec7p &#8211; H\u00fat H\u01a1i N\u00f3ng"},"content":{"rendered":"<p class=\"mb-4 leading-relaxed\">Trong c\u00e1c ng\u00e0nh c\u00f4ng nghi\u1ec7p nh\u01b0 ch\u1ebf bi\u1ebfn g\u1ed7, s\u1ea3n xu\u1ea5t gi\u1ea5y, luy\u1ec7n kim, h\u00f3a ch\u1ea5t hay h\u1ec7 th\u1ed1ng s\u1ea5y n\u00f4ng s\u1ea3n, vi\u1ec7c x\u1eed l\u00fd kh\u00ed n\u00f3ng, h\u01a1i n\u00f3ng l\u00e0 y\u00eau c\u1ea7u b\u1eaft bu\u1ed9c \u0111\u1ec3 \u0111\u1ea3m b\u1ea3o hi\u1ec7u su\u1ea5t v\u1eadn h\u00e0nh, an to\u00e0n lao \u0111\u1ed9ng v\u00e0 tu\u1ed5i th\u1ecd thi\u1ebft b\u1ecb. M\u1ed9t trong nh\u1eefng gi\u1ea3i ph\u00e1p \u0111\u01b0\u1ee3c \u01b0a chu\u1ed9ng hi\u1ec7n nay ch\u00ednh l\u00e0 qu\u1ea1t ly t\u00e2m h\u00fat h\u01a1i n\u00f3ng c\u00f4ng nghi\u1ec7p.<\/p>\n<h2 class=\"py-2 my-4 text-2xl font-bold border-green-500 border-y border-opacity-10\">Th\u00f4ng s\u1ed1 k\u1ef9 thu\u1eadt s\u1ea3n ph\u1ea9m qu\u1ea1t th\u1ed5i l\u00f2 h\u01a1i<\/h2>\n<ul class=\"mb-4 space-y-1 list-none\">\n<li class=\"flex items-center gap-3 leading-relaxed text-gray-800 \"><div class=\"flex items-center justify-center w-5 h-5 bg-red-100 rounded-full shrink-0\"><svg class=\"w-3 h-3 text-red-600\" fill=\"none\" stroke=\"currentColor\" stroke- viewBox=\"0 0 24 24\"><path stroke-linecap=\"round\" stroke-linejoin=\"round\" d=\"M5 13l4 4L19 7\" \/><\/svg><\/div><div class=\"flex-1\">T\u00ean s\u1ea3n ph\u1ea9m: Qu\u1ea1t Ly T\u00e2m Th\u1ed5i L\u00f2 H\u01a1i, L\u00f2 S\u1ea5y C\u00f4ng Nghi\u1ec7p \u2013 H\u00fat H\u01a1i N\u00f3ng<\/div><\/li>\n<li class=\"flex items-center gap-3 leading-relaxed text-gray-800 \"><div class=\"flex items-center justify-center w-5 h-5 bg-red-100 rounded-full shrink-0\"><svg class=\"w-3 h-3 text-red-600\" fill=\"none\" stroke=\"currentColor\" stroke- viewBox=\"0 0 24 24\"><path stroke-linecap=\"round\" stroke-linejoin=\"round\" d=\"M5 13l4 4L19 7\" \/><\/svg><\/div><div class=\"flex-1\">M\u00e3 s\u1ea3n ph\u1ea9m: QLTT<\/div><\/li>\n<li class=\"flex items-center gap-3 leading-relaxed text-gray-800 \"><div class=\"flex items-center justify-center w-5 h-5 bg-red-100 rounded-full shrink-0\"><svg class=\"w-3 h-3 text-red-600\" fill=\"none\" stroke=\"currentColor\" stroke- viewBox=\"0 0 24 24\"><path stroke-linecap=\"round\" stroke-linejoin=\"round\" d=\"M5 13l4 4L19 7\" \/><\/svg><\/div><div class=\"flex-1\">Th\u01b0\u01a1ng hi\u1ec7u: ViFan<\/div><\/li>\n<li class=\"flex items-center gap-3 leading-relaxed text-gray-800 \"><div class=\"flex items-center justify-center w-5 h-5 bg-red-100 rounded-full shrink-0\"><svg class=\"w-3 h-3 text-red-600\" fill=\"none\" stroke=\"currentColor\" stroke- viewBox=\"0 0 24 24\"><path stroke-linecap=\"round\" stroke-linejoin=\"round\" d=\"M5 13l4 4L19 7\" \/><\/svg><\/div><div class=\"flex-1\">Ki\u1ec3u qu\u1ea1t: Qu\u1ea1t ly t\u00e2m \u0111\u01a1n h\u00fat, c\u00f3 th\u1ec3 thi\u1ebft k\u1ebf h\u00fat ho\u1eb7c th\u1ed5i<\/div><\/li>\n<li class=\"flex items-center gap-3 leading-relaxed text-gray-800 \"><div class=\"flex items-center justify-center w-5 h-5 bg-red-100 rounded-full shrink-0\"><svg class=\"w-3 h-3 text-red-600\" fill=\"none\" stroke=\"currentColor\" stroke- viewBox=\"0 0 24 24\"><path stroke-linecap=\"round\" stroke-linejoin=\"round\" d=\"M5 13l4 4L19 7\" \/><\/svg><\/div><div class=\"flex-1\">C\u00f4ng su\u1ea5t \u0111\u1ed9ng c\u01a1: T\u1eeb 1HP \u0111\u1ebfn 100HP (0.75kW \u2013 75kW), t\u00f9y theo nhu c\u1ea7u<\/div><\/li>\n<li class=\"flex items-center gap-3 leading-relaxed text-gray-800 \"><div class=\"flex items-center justify-center w-5 h-5 bg-red-100 rounded-full shrink-0\"><svg class=\"w-3 h-3 text-red-600\" fill=\"none\" stroke=\"currentColor\" stroke- viewBox=\"0 0 24 24\"><path stroke-linecap=\"round\" stroke-linejoin=\"round\" d=\"M5 13l4 4L19 7\" \/><\/svg><\/div><div class=\"flex-1\">\u0110i\u1ec7n \u00e1p: 3 pha \u2013 380V\/50Hz (c\u00f3 th\u1ec3 t\u00f9y ch\u1ec9nh 220V ho\u1eb7c 660V n\u1ebfu c\u1ea7n)<\/div><\/li>\n<li class=\"flex items-center gap-3 leading-relaxed text-gray-800 \"><div class=\"flex items-center justify-center w-5 h-5 bg-red-100 rounded-full shrink-0\"><svg class=\"w-3 h-3 text-red-600\" fill=\"none\" stroke=\"currentColor\" stroke- viewBox=\"0 0 24 24\"><path stroke-linecap=\"round\" stroke-linejoin=\"round\" d=\"M5 13l4 4L19 7\" \/><\/svg><\/div><div class=\"flex-1\">C\u1ed9t \u00e1p l\u00e0m vi\u1ec7c: 700 \u2013 10.000 Pa<\/div><\/li>\n<li class=\"flex items-center gap-3 leading-relaxed text-gray-800 \"><div class=\"flex items-center justify-center w-5 h-5 bg-red-100 rounded-full shrink-0\"><svg class=\"w-3 h-3 text-red-600\" fill=\"none\" stroke=\"currentColor\" stroke- viewBox=\"0 0 24 24\"><path stroke-linecap=\"round\" stroke-linejoin=\"round\" d=\"M5 13l4 4L19 7\" \/><\/svg><\/div><div class=\"flex-1\">T\u1ed1c \u0111\u1ed9 quay: 2900 v\u00f2ng\/ph\u00fat<\/div><\/li>\n<li class=\"flex items-center gap-3 leading-relaxed text-gray-800 \"><div class=\"flex items-center justify-center w-5 h-5 bg-red-100 rounded-full shrink-0\"><svg class=\"w-3 h-3 text-red-600\" fill=\"none\" stroke=\"currentColor\" stroke- viewBox=\"0 0 24 24\"><path stroke-linecap=\"round\" stroke-linejoin=\"round\" d=\"M5 13l4 4L19 7\" \/><\/svg><\/div><div class=\"flex-1\">L\u01b0u l\u01b0\u1ee3ng gi\u00f3: T\u1eeb 1600 \u2013 95.000 m\u00b3\/h<\/div><\/li>\n<li class=\"flex items-center gap-3 leading-relaxed text-gray-800 \"><div class=\"flex items-center justify-center w-5 h-5 bg-red-100 rounded-full shrink-0\"><svg class=\"w-3 h-3 text-red-600\" fill=\"none\" stroke=\"currentColor\" stroke- viewBox=\"0 0 24 24\"><path stroke-linecap=\"round\" stroke-linejoin=\"round\" d=\"M5 13l4 4L19 7\" \/><\/svg><\/div><div class=\"flex-1\">\u0110\u1ed9 \u1ed3n: D\u01b0\u1edbi 85 dB<\/div><\/li>\n<li class=\"flex items-center gap-3 leading-relaxed text-gray-800 \"><div class=\"flex items-center justify-center w-5 h-5 bg-red-100 rounded-full shrink-0\"><svg class=\"w-3 h-3 text-red-600\" fill=\"none\" stroke=\"currentColor\" stroke- viewBox=\"0 0 24 24\"><path stroke-linecap=\"round\" stroke-linejoin=\"round\" d=\"M5 13l4 4L19 7\" \/><\/svg><\/div><div class=\"flex-1\">Nhi\u1ec7t \u0111\u1ed9 l\u00e0m vi\u1ec7c: Ti\u00eau chu\u1ea9n l\u00ean t\u1edbi 400\u00b0C<\/div><\/li>\n<li class=\"flex items-center gap-3 leading-relaxed text-gray-800 \"><div class=\"flex items-center justify-center w-5 h-5 bg-red-100 rounded-full shrink-0\"><svg class=\"w-3 h-3 text-red-600\" fill=\"none\" stroke=\"currentColor\" stroke- viewBox=\"0 0 24 24\"><path stroke-linecap=\"round\" stroke-linejoin=\"round\" d=\"M5 13l4 4L19 7\" \/><\/svg><\/div><div class=\"flex-1\">T\u00f9y ch\u1ecdn \u0111\u1eb7c bi\u1ec7t: ch\u1ecbu nhi\u1ec7t \u0111\u1ebfn 600\u00b0C<\/div><\/li>\n<li class=\"flex items-center gap-3 leading-relaxed text-gray-800 \"><div class=\"flex items-center justify-center w-5 h-5 bg-red-100 rounded-full shrink-0\"><svg class=\"w-3 h-3 text-red-600\" fill=\"none\" stroke=\"currentColor\" stroke- viewBox=\"0 0 24 24\"><path stroke-linecap=\"round\" stroke-linejoin=\"round\" d=\"M5 13l4 4L19 7\" \/><\/svg><\/div><div class=\"flex-1\">V\u1eadt li\u1ec7u ch\u1ebf t\u1ea1o: Th\u00e9p CT3, SS400 s\u01a1n t\u0129nh \u0111i\u1ec7n ho\u1eb7c Inox<\/div><\/li>\n<li class=\"flex items-center gap-3 leading-relaxed text-gray-800 \"><div class=\"flex items-center justify-center w-5 h-5 bg-red-100 rounded-full shrink-0\"><svg class=\"w-3 h-3 text-red-600\" fill=\"none\" stroke=\"currentColor\" stroke- viewBox=\"0 0 24 24\"><path stroke-linecap=\"round\" stroke-linejoin=\"round\" d=\"M5 13l4 4L19 7\" \/><\/svg><\/div><div class=\"flex-1\">B\u1ea1c \u0111\u1ea1n: SKF, NSK ho\u1eb7c t\u01b0\u01a1ng \u0111\u01b0\u01a1ng, c\u00f3 h\u1ec7 th\u1ed1ng b\u00f4i tr\u01a1n<\/div><\/li>\n<li class=\"flex items-center gap-3 leading-relaxed text-gray-800 \"><div class=\"flex items-center justify-center w-5 h-5 bg-red-100 rounded-full shrink-0\"><svg class=\"w-3 h-3 text-red-600\" fill=\"none\" stroke=\"currentColor\" stroke- viewBox=\"0 0 24 24\"><path stroke-linecap=\"round\" stroke-linejoin=\"round\" d=\"M5 13l4 4L19 7\" \/><\/svg><\/div><div class=\"flex-1\">Ki\u1ec3u truy\u1ec1n \u0111\u1ed9ng: Truy\u1ec1n \u0111\u1ed9ng tr\u1ef1c ti\u1ebfp (motor g\u1eafn tr\u1ee5c) ; Truy\u1ec1n \u0111\u1ed9ng gi\u00e1n ti\u1ebfp (d\u00e2y curoa \u2013 pulley)<\/div><\/li>\n<li class=\"flex items-center gap-3 leading-relaxed text-gray-800 \"><div class=\"flex items-center justify-center w-5 h-5 bg-red-100 rounded-full shrink-0\"><svg class=\"w-3 h-3 text-red-600\" fill=\"none\" stroke=\"currentColor\" stroke- viewBox=\"0 0 24 24\"><path stroke-linecap=\"round\" stroke-linejoin=\"round\" d=\"M5 13l4 4L19 7\" \/><\/svg><\/div><div class=\"flex-1\">B\u1ea3o v\u1ec7 \u0111\u1ed9ng c\u01a1: C\u00f3 th\u1ec3 t\u00edch h\u1ee3p CB, r\u01a1-le nhi\u1ec7t, c\u1ea3m bi\u1ebfn nhi\u1ec7t theo y\u00eau c\u1ea7u<\/div><\/li>\n<li class=\"flex items-center gap-3 leading-relaxed text-gray-800 \"><div class=\"flex items-center justify-center w-5 h-5 bg-red-100 rounded-full shrink-0\"><svg class=\"w-3 h-3 text-red-600\" fill=\"none\" stroke=\"currentColor\" stroke- viewBox=\"0 0 24 24\"><path stroke-linecap=\"round\" stroke-linejoin=\"round\" d=\"M5 13l4 4L19 7\" \/><\/svg><\/div><div class=\"flex-1\">Ti\u00eau chu\u1ea9n b\u1ea3o h\u00e0nh: 12 th\u00e1ng \u2013 H\u1ed7 tr\u1ee3 k\u1ef9 thu\u1eadt v\u00e0 linh ki\u1ec7n \u0111\u1ea7y \u0111\u1ee7<\/div><\/li>\n<li class=\"flex items-center gap-3 leading-relaxed text-gray-800 \"><div class=\"flex items-center justify-center w-5 h-5 bg-red-100 rounded-full shrink-0\"><svg class=\"w-3 h-3 text-red-600\" fill=\"none\" stroke=\"currentColor\" stroke- viewBox=\"0 0 24 24\"><path stroke-linecap=\"round\" stroke-linejoin=\"round\" d=\"M5 13l4 4L19 7\" \/><\/svg><\/div><div class=\"flex-1\">Xu\u1ea5t x\u1ee9: Vi\u1ec7t Nam \u2013 S\u1ea3n xu\u1ea5t b\u1edfi ViFan, theo ti\u00eau chu\u1ea9n c\u00f4ng nghi\u1ec7p ISO<\/div><\/li>\n<\/ul>\n<figure class=\"my-6 text-center\"><img><figcaption>Qu\u1ea1t Ly T\u00e2m Th\u1ed5i L\u00f2 H\u01a1i, L\u00f2 S\u1ea5y C\u00f4ng Nghi\u1ec7p \u2013 H\u00fat H\u01a1i N\u00f3ng<\/figcaption><\/figure>\n<figure class=\"my-6 text-center\"><img><figcaption>H\u00ecnh \u1ea2nh Qu\u1ea1t Ly T\u00e2m Th\u1ed5i L\u00f2 H\u01a1i, L\u00f2 S\u1ea5y C\u00f4ng Nghi\u1ec7p \u2013 H\u00fat H\u01a1i N\u00f3ng<\/figcaption><\/figure>\n<p class=\"mb-4 leading-relaxed\">T\u00ecm hi\u1ec3u th\u00eam s\u1ea3n ph\u1ea9m kh\u00e1c:<\/p>\n<p class=\"mb-4 leading-relaxed\"><a href=\"https:\/\/quatcongnghiepvifan.com\/quat-hut-ly-tam-50hp-37kw\/\" class=\"text-red-900\">Qu\u1ea1t h\u00fat ly t\u00e2m 50HP 37KW<\/a><\/p>\n<p class=\"mb-4 leading-relaxed\"><a href=\"https:\/\/quatcongnghiepvifan.com\/quat-hut-ly-tam-40hp-30kw\/\" class=\"text-red-900\">Qu\u1ea1t h\u00fat ly t\u00e2m 40HP 30KW<\/a><\/p>\n<h2 class=\"py-2 my-4 text-2xl font-bold border-green-500 border-y border-opacity-10\">\u01afu \u0111i\u1ec3m v\u01b0\u1ee3t tr\u1ed9i c\u1ee7a qu\u1ea1t ly t\u00e2m th\u1ed5i l\u00f2 ViFan<\/h2>\n<p class=\"mb-4 leading-relaxed\">Chuy\u00ean d\u1ee5ng cho m\u00f4i tr\u01b0\u1eddng nhi\u1ec7t \u0111\u1ed9 cao: D\u00f2ng qu\u1ea1t n\u00e0y \u0111\u01b0\u1ee3c thi\u1ebft k\u1ebf chuy\u00ean bi\u1ec7t \u0111\u1ec3 h\u00fat h\u01a1i n\u00f3ng t\u1eeb l\u00f2 h\u01a1i, l\u00f2 s\u1ea5y, v\u00e0 c\u00e1c h\u1ec7 th\u1ed1ng kh\u00ed th\u1ea3i c\u00f3 nhi\u1ec7t \u0111\u1ed9 cao. \u0110\u00e2y l\u00e0 lo\u1ea1i qu\u1ea1t ly t\u00e2m ch\u1ecbu nhi\u1ec7t v\u1edbi kh\u1ea3 n\u0103ng v\u1eadn h\u00e0nh \u1ed5n \u0111\u1ecbnh trong \u0111i\u1ec1u ki\u1ec7n kh\u1eafc nghi\u1ec7t, nhi\u1ec7t \u0111\u1ed9 l\u00ean t\u1edbi 600\u00b0C.<\/p>\n<p class=\"mb-4 leading-relaxed\">C\u1ea5u t\u1ea1o ch\u1eafc ch\u1eafn, v\u1eadn h\u00e0nh b\u1ec1n b\u1ec9: Qu\u1ea1t \u0111\u01b0\u1ee3c ch\u1ebf t\u1ea1o t\u1eeb th\u00e9p t\u1ea5m d\u00e0y, c\u00f3 th\u1ec3 s\u1eed d\u1ee5ng v\u1eadt li\u1ec7u inox ch\u1ed1ng g\u1ec9 ho\u1eb7c th\u00e9p s\u01a1n t\u0129nh \u0111i\u1ec7n ch\u1ed1ng \u0103n m\u00f2n. \u0110\u1ed9ng c\u01a1 c\u00f4ng su\u1ea5t l\u1edbn \u0111i k\u00e8m b\u1ea1c \u0111\u1ea1n ch\u1ea5t l\u01b0\u1ee3ng cao gi\u00fap qu\u1ea1t v\u1eadn h\u00e0nh m\u1ea1nh m\u1ebd, li\u00ean t\u1ee5c m\u00e0 kh\u00f4ng b\u1ecb qu\u00e1 nhi\u1ec7t hay rung l\u1eafc.<\/p>\n<p class=\"mb-4 leading-relaxed\">\u0110\u00e2y l\u00e0 m\u1ed9t trong nh\u1eefng d\u00f2ng qu\u1ea1t ly t\u00e2m c\u00f4ng nghi\u1ec7p c\u00f3 \u0111\u1ed9 b\u1ec1n cao v\u00e0 \u0111\u00e1ng \u0111\u1ea7u t\u01b0 nh\u1ea5t hi\u1ec7n nay.<\/p>\n<p class=\"mb-4 leading-relaxed\">L\u01b0u l\u01b0\u1ee3ng l\u1edbn, \u00e1p su\u1ea5t cao: V\u1edbi kh\u1ea3 n\u0103ng t\u1ea1o l\u01b0u l\u01b0\u1ee3ng gi\u00f3 t\u1eeb 1600 \u0111\u1ebfn 95.000 m\u00b3\/h, k\u00e8m theo c\u1ed9t \u00e1p t\u1eeb 700 \u0111\u1ebfn 6000 Pa, s\u1ea3n ph\u1ea9m ph\u00f9 h\u1ee3p v\u1edbi y\u00eau c\u1ea7u th\u00f4ng gi\u00f3, h\u00fat kh\u00ed n\u00f3ng v\u00e0 c\u1ea5p kh\u00ed trong c\u00e1c h\u1ec7 th\u1ed1ng l\u1edbn. \u0110\u00e2y l\u00e0 d\u00f2ng qu\u1ea1t ly t\u00e2m \u00e1p su\u1ea5t cao chuy\u00ean d\u00f9ng cho c\u00e1c m\u00f4i tr\u01b0\u1eddng c\u1ea7n x\u1eed l\u00fd kh\u00ed m\u1ea1nh.<\/p>\n<figure class=\"my-6 text-center\"><img><figcaption>C\u1ea5u T\u1ea1o Qu\u1ea1t Ly T\u00e2m Th\u1ed5i L\u00f2 H\u01a1i, L\u00f2 S\u1ea5y C\u00f4ng Nghi\u1ec7p \u2013 H\u00fat H\u01a1i N\u00f3ng<\/figcaption><\/figure>\n<h2 class=\"py-2 my-4 text-2xl font-bold border-green-500 border-y border-opacity-10\">\u1ee8ng d\u1ee5ng trong th\u1ef1c t\u1ebf qu\u1ea1t th\u1ed5i cao \u00e1p<\/h2>\n<p class=\"mb-4 leading-relaxed\">L\u00f2 h\u01a1i c\u00f4ng nghi\u1ec7p: H\u00fat kh\u00f3i, kh\u00ed \u0111\u1ed1t v\u00e0 h\u01a1i n\u00f3ng gi\u00fap \u1ed5n \u0111\u1ecbnh \u00e1p su\u1ea5t bu\u1ed3ng \u0111\u1ed1t. \u0110\u00e2y l\u00e0 d\u00f2ng qu\u1ea1t h\u00fat h\u01a1i n\u00f3ng l\u00f2 h\u01a1i hi\u1ec7u qu\u1ea3 cao.<\/p>\n<p class=\"mb-4 leading-relaxed\">L\u00f2 s\u1ea5y n\u00f4ng s\u1ea3n, s\u1ea5y g\u1ed7, th\u1ef1c ph\u1ea9m: H\u00fat \u1ea9m, h\u00fat kh\u00ed n\u00f3ng ra kh\u1ecfi bu\u1ed3ng s\u1ea5y, \u0111\u1ea9y nhanh qu\u00e1 tr\u00ecnh s\u1ea5y kh\u00f4. L\u00e0 d\u00f2ng qu\u1ea1t ly t\u00e2m l\u00f2 s\u1ea5y \u0111\u01b0\u1ee3c \u1ee9ng d\u1ee5ng nhi\u1ec1u trong n\u00f4ng nghi\u1ec7p.<\/p>\n<p class=\"mb-4 leading-relaxed\">X\u1eed l\u00fd kh\u00ed th\u1ea3i c\u00f4ng nghi\u1ec7p: S\u1eed d\u1ee5ng trong nh\u00e0 m\u00e1y s\u1ea3n xu\u1ea5t h\u00f3a ch\u1ea5t, xi m\u0103ng, gang th\u00e9p, x\u1eed l\u00fd h\u01a1i n\u00f3ng \u0111\u1ed9c h\u1ea1i.<\/p>\n<p class=\"mb-4 leading-relaxed\">H\u1ec7 th\u1ed1ng c\u1ea5p kh\u00ed n\u00f3ng: D\u00f9ng \u0111\u1ec3 th\u1ed5i kh\u00ed n\u00f3ng v\u00e0o bu\u1ed3ng \u0111\u1ed1t ho\u1eb7c l\u00f2 s\u1ea5y nh\u1edd c\u1ea5u t\u1ea1o qu\u1ea1t ly t\u00e2m c\u00f4ng su\u1ea5t l\u1edbn, thi\u1ebft k\u1ebf c\u00e1nh \u0111\u1eb7c bi\u1ec7t.<\/p>\n<h2 class=\"py-2 my-4 text-2xl font-bold border-green-500 border-y border-opacity-10\">T\u1ea1i sao n\u00ean ch\u1ecdn qu\u1ea1t ly t\u00e2m ViFan cho l\u00f2 h\u01a1i, l\u00f2 s\u1ea5y c\u00f4ng nghi\u1ec7p?<\/h2>\n<p class=\"mb-4 leading-relaxed\">K\u1ebft c\u1ea5u b\u1ec1n b\u1ec9 \u2013 v\u1eadn h\u00e0nh \u1ed5n \u0111\u1ecbnh: Qu\u1ea1t \u0111\u01b0\u1ee3c thi\u1ebft k\u1ebf ch\u1eafc ch\u1eafn, s\u1eed d\u1ee5ng v\u1eadt li\u1ec7u ch\u1ea5t l\u01b0\u1ee3ng cao, cho kh\u1ea3 n\u0103ng ho\u1ea1t \u0111\u1ed9ng li\u00ean t\u1ee5c trong \u0111i\u1ec1u ki\u1ec7n kh\u1eafc nghi\u1ec7t m\u00e0 v\u1eabn \u0111\u1ea3m b\u1ea3o hi\u1ec7u su\u1ea5t v\u00e0 \u0111\u1ed9 b\u1ec1n v\u01b0\u1ee3t tr\u1ed9i.<\/p>\n<p class=\"mb-4 leading-relaxed\">Kh\u1ea3 n\u0103ng ch\u1ecbu nhi\u1ec7t \u1ea5n t\u01b0\u1ee3ng: D\u00f2ng qu\u1ea1t ly t\u00e2m ViFan ch\u1ecbu \u0111\u01b0\u1ee3c nhi\u1ec7t \u0111\u1ed9 cao l\u00ean \u0111\u1ebfn 400 \u2013 600\u00b0C, \u0111\u1eb7c bi\u1ec7t ph\u00f9 h\u1ee3p v\u1edbi c\u00e1c h\u1ec7 th\u1ed1ng l\u00f2 h\u01a1i, l\u00f2 s\u1ea5y, bu\u1ed3ng \u0111\u1ed1t ho\u1eb7c c\u00e1c m\u00f4i tr\u01b0\u1eddng c\u00f3 h\u01a1i n\u00f3ng li\u00ean t\u1ee5c.<\/p>\n<p class=\"mb-4 leading-relaxed\">\u0110a d\u1ea1ng c\u00f4ng su\u1ea5t \u2013 linh ho\u1ea1t \u1ee9ng d\u1ee5ng: V\u1edbi d\u1ea3i c\u00f4ng su\u1ea5t t\u1eeb 1HP \u0111\u1ebfn 100HP, l\u01b0u l\u01b0\u1ee3ng gi\u00f3 v\u00e0 c\u1ed9t \u00e1p \u0111a d\u1ea1ng, qu\u1ea1t ViFan \u0111\u00e1p \u1ee9ng m\u1ecdi quy m\u00f4 nh\u00e0 x\u01b0\u1edfng \u2013 t\u1eeb nh\u1ecf \u0111\u1ebfn l\u1edbn.<\/p>\n<p class=\"mb-4 leading-relaxed\">Chi ph\u00ed \u0111\u1ea7u t\u01b0 t\u1ed1i \u01b0u \u2013 d\u1ecbch v\u1ee5 chuy\u00ean nghi\u1ec7p: M\u1ee9c gi\u00e1 h\u1ee3p l\u00fd so v\u1edbi ch\u1ea5t l\u01b0\u1ee3ng, \u0111i k\u00e8m l\u00e0 ch\u00ednh s\u00e1ch b\u1ea3o h\u00e0nh r\u00f5 r\u00e0ng v\u00e0 \u0111\u1ed9i ng\u0169 k\u1ef9 thu\u1eadt h\u1ed7 tr\u1ee3 t\u1eadn n\u01a1i gi\u00fap doanh nghi\u1ec7p y\u00ean t\u00e2m khi s\u1eed d\u1ee5ng.<\/p>\n<p class=\"mb-4 leading-relaxed\">\u0110\u01b0\u1ee3c h\u00e0ng tr\u0103m nh\u00e0 m\u00e1y tin d\u00f9ng: ViFan l\u00e0 th\u01b0\u01a1ng hi\u1ec7u uy t\u00edn trong l\u0129nh v\u1ef1c <a href=\"https:\/\/quatcongnghiepvifan.com\/quat-hut-ly-tam\/\" class=\"text-red-900\">qu\u1ea1t ly t\u00e2m c\u00f4ng nghi\u1ec7p<\/a> ,\u00a0\u0111\u01b0\u1ee3c nhi\u1ec1u x\u01b0\u1edfng s\u1ea3n xu\u1ea5t, khu c\u00f4ng nghi\u1ec7p l\u1edbn tr\u00ean c\u1ea3 n\u01b0\u1edbc tin t\u01b0\u1edfng l\u1ef1a ch\u1ecdn cho c\u00e1c h\u1ec7 th\u1ed1ng h\u00fat \u2013 th\u1ed5i h\u01a1i n\u00f3ng.<\/p>\n","protected":false},"excerpt":{"rendered":"<div class=\"my-4 overflow-hidden bg-white rounded-lg shadow-xl \"><div class=\"overflow-x-auto\"><table class=\"min-w-full\" class=\"min-w-full\">\n<tbody class=\"bg-white divide-y divide-gray-100 \" class=\"bg-white divide-y divide-gray-100 \">\n<tr class=\"transition-all duration-200 ease-in-out group hover:bg-red-50 \" class=\"transition-all duration-200 ease-in-out group hover:bg-red-50 \">\n<td class=\"px-2 py-2 text-sm text-gray-700 transition-colors duration-200 group-hover:text-gray-900 \" class=\"px-2 py-2 text-sm text-gray-700 transition-colors duration-200 group-hover:text-gray-900 \"><strong class=\"font-cal-sans\">M\u00e3 s\u1ea3n ph\u1ea9m<\/strong><\/td>\n<td class=\"px-2 py-2 text-sm text-gray-700 transition-colors duration-200 group-hover:text-gray-900 \" class=\"px-2 py-2 text-sm text-gray-700 transition-colors duration-200 group-hover:text-gray-900 \">:<\/td>\n<td class=\"px-2 py-2 text-sm text-gray-700 transition-colors duration-200 group-hover:text-gray-900 \" class=\"px-2 py-2 text-sm text-gray-700 transition-colors duration-200 group-hover:text-gray-900 \">QLTT<\/td>\n<\/tr>\n<tr class=\"transition-all duration-200 ease-in-out group hover:bg-red-50 \" class=\"transition-all duration-200 ease-in-out group hover:bg-red-50 \">\n<td class=\"px-2 py-2 text-sm text-gray-700 transition-colors duration-200 group-hover:text-gray-900 \" class=\"px-2 py-2 text-sm text-gray-700 transition-colors duration-200 group-hover:text-gray-900 \"><strong class=\"font-cal-sans\">Th\u01b0\u01a1ng hi\u1ec7u<\/strong><\/td>\n<td class=\"px-2 py-2 text-sm text-gray-700 transition-colors duration-200 group-hover:text-gray-900 \" class=\"px-2 py-2 text-sm text-gray-700 transition-colors duration-200 group-hover:text-gray-900 \">:<\/td>\n<td class=\"px-2 py-2 text-sm text-gray-700 transition-colors duration-200 group-hover:text-gray-900 \" class=\"px-2 py-2 text-sm text-gray-700 transition-colors duration-200 group-hover:text-gray-900 \">ViFan<\/td>\n<\/tr>\n<tr class=\"transition-all duration-200 ease-in-out group hover:bg-red-50 \" class=\"transition-all duration-200 ease-in-out group hover:bg-red-50 \">\n<td class=\"px-2 py-2 text-sm text-gray-700 transition-colors duration-200 group-hover:text-gray-900 \" class=\"px-2 py-2 text-sm text-gray-700 transition-colors duration-200 group-hover:text-gray-900 \"><strong class=\"font-cal-sans\">C\u00f4ng su\u1ea5t<\/strong><\/td>\n<td class=\"px-2 py-2 text-sm text-gray-700 transition-colors duration-200 group-hover:text-gray-900 \" class=\"px-2 py-2 text-sm text-gray-700 transition-colors duration-200 group-hover:text-gray-900 \">:<\/td>\n<td class=\"px-2 py-2 text-sm text-gray-700 transition-colors duration-200 group-hover:text-gray-900 \" class=\"px-2 py-2 text-sm text-gray-700 transition-colors duration-200 group-hover:text-gray-900 \">1HP-100HP<\/td>\n<\/tr>\n<tr class=\"transition-all duration-200 ease-in-out group hover:bg-red-50 \" class=\"transition-all duration-200 ease-in-out group hover:bg-red-50 \">\n<td class=\"px-2 py-2 text-sm text-gray-700 transition-colors duration-200 group-hover:text-gray-900 \" class=\"px-2 py-2 text-sm text-gray-700 transition-colors duration-200 group-hover:text-gray-900 \"><strong class=\"font-cal-sans\">C\u1ed9t \u00c1p<\/strong><\/td>\n<td class=\"px-2 py-2 text-sm text-gray-700 transition-colors duration-200 group-hover:text-gray-900 \" class=\"px-2 py-2 text-sm text-gray-700 transition-colors duration-200 group-hover:text-gray-900 \">:<\/td>\n<td class=\"px-2 py-2 text-sm text-gray-700 transition-colors duration-200 group-hover:text-gray-900 \" class=\"px-2 py-2 text-sm text-gray-700 transition-colors duration-200 group-hover:text-gray-900 \">700-10000 Pa<\/td>\n<\/tr>\n<tr class=\"transition-all duration-200 ease-in-out group hover:bg-red-50 \" class=\"transition-all duration-200 ease-in-out group hover:bg-red-50 \">\n<td class=\"px-2 py-2 text-sm text-gray-700 transition-colors duration-200 group-hover:text-gray-900 \" class=\"px-2 py-2 text-sm text-gray-700 transition-colors duration-200 group-hover:text-gray-900 \"><strong class=\"font-cal-sans\">L\u01b0u l\u01b0\u1ee3ng<\/strong><\/td>\n<td class=\"px-2 py-2 text-sm text-gray-700 transition-colors duration-200 group-hover:text-gray-900 \" class=\"px-2 py-2 text-sm text-gray-700 transition-colors duration-200 group-hover:text-gray-900 \">:<\/td>\n<td class=\"px-2 py-2 text-sm text-gray-700 transition-colors duration-200 group-hover:text-gray-900 \" class=\"px-2 py-2 text-sm text-gray-700 transition-colors duration-200 group-hover:text-gray-900 \">1600-95000 m3\/h<\/td>\n<\/tr>\n<tr class=\"transition-all duration-200 ease-in-out group hover:bg-red-50 \" class=\"transition-all duration-200 ease-in-out group hover:bg-red-50 \">\n<td class=\"px-2 py-2 text-sm text-gray-700 transition-colors duration-200 group-hover:text-gray-900 \" class=\"px-2 py-2 text-sm text-gray-700 transition-colors duration-200 group-hover:text-gray-900 \"><strong class=\"font-cal-sans\">B\u1ea3o h\u00e0nh<\/strong><\/td>\n<td class=\"px-2 py-2 text-sm text-gray-700 transition-colors duration-200 group-hover:text-gray-900 \" class=\"px-2 py-2 text-sm text-gray-700 transition-colors duration-200 group-hover:text-gray-900 \">:<\/td>\n<td class=\"px-2 py-2 text-sm text-gray-700 transition-colors duration-200 group-hover:text-gray-900 \" class=\"px-2 py-2 text-sm text-gray-700 transition-colors duration-200 group-hover:text-gray-900 \">12 th\u00e1ng<\/td>\n<\/tr>\n<tr class=\"transition-all duration-200 ease-in-out group hover:bg-red-50 \" class=\"transition-all duration-200 ease-in-out group hover:bg-red-50 \">\n<td class=\"px-2 py-2 text-sm text-gray-700 transition-colors duration-200 group-hover:text-gray-900 \" class=\"px-2 py-2 text-sm text-gray-700 transition-colors duration-200 group-hover:text-gray-900 \"><strong class=\"font-cal-sans\">Xu\u1ea5t x\u1ee9<\/strong><\/td>\n<td class=\"px-2 py-2 text-sm text-gray-700 transition-colors duration-200 group-hover:text-gray-900 \" class=\"px-2 py-2 text-sm text-gray-700 transition-colors duration-200 group-hover:text-gray-900 \">:<\/td>\n<td class=\"px-2 py-2 text-sm text-gray-700 transition-colors duration-200 group-hover:text-gray-900 \" class=\"px-2 py-2 text-sm text-gray-700 transition-colors duration-200 group-hover:text-gray-900 \">Vi\u1ec7t Nam<\/td>\n<\/tr>\n<\/tbody>\n<\/table><\/div><\/div>\n","protected":false},"featured_media":159,"template":"","meta":{"footnotes":""},"product_cat":[13],"product_tag":[],"ztteam_product_brand":[],"class_list":["post-158","product","type-product","status-publish","has-post-thumbnail","hentry","product_cat-quat-hut-ly-tam"],"meta_box":{"_sku":"QLTT","_regular_price":"14853031","_sale_price":"10270485","_price":"10270485","_stock_status":"instock","_stock":"50","_manage_stock":"1","_weight":"","_length":"","_width":"","_height":"","_product_image_gallery":[{"width":150,"height":150,"file":"2026\/03\/quat-ly-tam-thoi-lo-hoi.png","filesize":110702,"sizes":[],"image_meta":{"aperture":"0","credit":"","camera":"","caption":"","created_timestamp":"0","copyright":"","focal_length":"0","iso":"0","shutter_speed":"0","title":"","orientation":"0","keywords":[]},"ID":"159","name":"quat-ly-tam-thoi-lo-hoi.png","path":"\/home\/dev.wptheme.store\/public_html\/s\/wpquat\/wp-content\/uploads\/2026\/03\/quat-ly-tam-thoi-lo-hoi.png","url":"https:\/\/dev.wptheme.store\/s\/wpquat\/wp-content\/uploads\/2026\/03\/quat-ly-tam-thoi-lo-hoi.png","full_url":"https:\/\/dev.wptheme.store\/s\/wpquat\/wp-content\/uploads\/2026\/03\/quat-ly-tam-thoi-lo-hoi.png","title":"Qu\u1ea1t Ly T\u00e2m Th\u1ed5i L\u00f2 H\u01a1i, L\u00f2 S\u1ea5y C\u00f4ng Nghi\u1ec7p - H\u00fat H\u01a1i N\u00f3ng","caption":"","description":"","alt":"","srcset":false}],"_featured":"0","_visibility":"visible","_virtual":"","_downloadable":"","product_type":"simple","product_attributes":[],"color_variations":[],"size_variations":[],"storage_variations":[],"material_variations":[]},"_links":{"self":[{"href":"https:\/\/dev.wptheme.store\/s\/wpquat\/wp-json\/wp\/v2\/product\/158","targetHints":{"allow":["GET"]}}],"collection":[{"href":"https:\/\/dev.wptheme.store\/s\/wpquat\/wp-json\/wp\/v2\/product"}],"about":[{"href":"https:\/\/dev.wptheme.store\/s\/wpquat\/wp-json\/wp\/v2\/types\/product"}],"version-history":[{"count":0,"href":"https:\/\/dev.wptheme.store\/s\/wpquat\/wp-json\/wp\/v2\/product\/158\/revisions"}],"wp:featuredmedia":[{"embeddable":true,"href":"https:\/\/dev.wptheme.store\/s\/wpquat\/wp-json\/wp\/v2\/media\/159"}],"wp:attachment":[{"href":"https:\/\/dev.wptheme.store\/s\/wpquat\/wp-json\/wp\/v2\/media?parent=158"}],"wp:term":[{"taxonomy":"product_cat","embeddable":true,"href":"https:\/\/dev.wptheme.store\/s\/wpquat\/wp-json\/wp\/v2\/product_cat?post=158"},{"taxonomy":"product_tag","embeddable":true,"href":"https:\/\/dev.wptheme.store\/s\/wpquat\/wp-json\/wp\/v2\/product_tag?post=158"},{"taxonomy":"ztteam_product_brand","embeddable":true,"href":"https:\/\/dev.wptheme.store\/s\/wpquat\/wp-json\/wp\/v2\/ztteam_product_brand?post=158"}],"curies":[{"name":"wp","href":"https:\/\/api.w.org\/{rel}","templated":true}]}}