{"id":164,"date":"2026-03-16T08:50:13","date_gmt":"2026-03-16T01:50:13","guid":{"rendered":"https:\/\/dev.wptheme.store\/s\/wpquat\/product\/quat-hut-ly-tam-30hp-22kw\/"},"modified":"2026-03-16T08:50:13","modified_gmt":"2026-03-16T01:50:13","slug":"quat-hut-ly-tam-30hp-22kw","status":"publish","type":"product","link":"https:\/\/dev.wptheme.store\/s\/wpquat\/product\/quat-hut-ly-tam-30hp-22kw\/","title":{"rendered":"Qu\u1ea1t H\u00fat Ly T\u00e2m 30HP 22KW"},"content":{"rendered":"<p class=\"mb-4 leading-relaxed\">Trong c\u00e1c h\u1ec7 th\u1ed1ng h\u00fat b\u1ee5i, h\u00fat kh\u00ed th\u1ea3i, th\u00f4ng gi\u00f3 v\u00e0 c\u1ea5p kh\u00ed t\u01b0\u01a1i t\u1ea1i nh\u00e0 m\u00e1y, x\u01b0\u1edfng s\u1ea3n xu\u1ea5t, qu\u1ea1t h\u00fat ly t\u00e2m c\u00f4ng su\u1ea5t l\u1edbn \u0111\u00f3ng vai tr\u00f2 v\u00f4 c\u00f9ng quan tr\u1ecdng. \u0110\u1eb7c bi\u1ec7t, v\u1edbi nh\u1eefng khu v\u1ef1c c\u1ea7n x\u1eed l\u00fd kh\u00f3i b\u1ee5i, kh\u00ed \u0111\u1ed9c ho\u1eb7c y\u00eau c\u1ea7u c\u1ea5p kh\u00ed \u1ed5n \u0111\u1ecbnh \u1edf c\u1ed9t \u00e1p cao, Qu\u1ea1t h\u00fat ly t\u00e2m 30HP 22KW l\u00e0 l\u1ef1a ch\u1ecdn \u0111\u00e1ng tin c\u1eady gi\u00fap t\u1ed1i \u01b0u hi\u1ec7u su\u1ea5t ho\u1ea1t \u0111\u1ed9ng v\u00e0 tu\u1ed5i th\u1ecd h\u1ec7 th\u1ed1ng.<\/p>\n<h2 class=\"py-2 my-4 text-2xl font-bold border-green-500 border-y border-opacity-10\">Nguy\u00ean l\u00fd ho\u1ea1t \u0111\u1ed9ng c\u1ee7a qu\u1ea1t h\u00fat ly t\u00e2m 30HP<\/h2>\n<p class=\"mb-4 leading-relaxed\">Qu\u1ea1t ly t\u00e2m h\u00fat b\u1ee5i c\u00f4ng nghi\u1ec7p 30HP ho\u1ea1t \u0111\u1ed9ng theo nguy\u00ean l\u00fd h\u00fat kh\u00f4ng kh\u00ed v\u00e0o t\u00e2m c\u00e1nh qu\u1ea1t, sau \u0111\u00f3 nh\u1edd l\u1ef1c ly t\u00e2m \u0111\u1ea9y kh\u00ed ra ngo\u00e0i theo h\u01b0\u1edbng vu\u00f4ng g\u00f3c v\u1edbi tr\u1ee5c quay. D\u00f2ng kh\u00ed khi \u0111i qua c\u00e1nh cong ng\u01b0\u1ee3c s\u1ebd \u0111\u01b0\u1ee3c t\u0103ng \u00e1p m\u1ea1nh m\u1ebd, ph\u00f9 h\u1ee3p cho c\u00e1c \u1ee9ng d\u1ee5ng c\u1ea7n qu\u1ea1t ly t\u00e2m cao \u00e1p v\u1edbi l\u01b0u l\u01b0\u1ee3ng l\u1edbn, \u0111\u01b0\u1eddng \u1ed1ng d\u00e0i v\u00e0 nhi\u1ec1u c\u1ea3n tr\u1edf.<\/p>\n<h2 class=\"py-2 my-4 text-2xl font-bold border-green-500 border-y border-opacity-10\">Th\u00f4ng s\u1ed1 k\u1ef9 thu\u1eadt qu\u1ea1t h\u00fat ly t\u00e2m 30HP<\/h2>\n<ul class=\"mb-4 space-y-1 list-none\">\n<li class=\"flex items-center gap-3 leading-relaxed text-gray-800 \"><div class=\"flex items-center justify-center w-5 h-5 bg-red-100 rounded-full shrink-0\"><svg class=\"w-3 h-3 text-red-600\" fill=\"none\" stroke=\"currentColor\" stroke- viewBox=\"0 0 24 24\"><path stroke-linecap=\"round\" stroke-linejoin=\"round\" d=\"M5 13l4 4L19 7\" \/><\/svg><\/div><div class=\"flex-1\">C\u00f4ng su\u1ea5t: 30HP \u2013 22kW<\/div><\/li>\n<li class=\"flex items-center gap-3 leading-relaxed text-gray-800 \"><div class=\"flex items-center justify-center w-5 h-5 bg-red-100 rounded-full shrink-0\"><svg class=\"w-3 h-3 text-red-600\" fill=\"none\" stroke=\"currentColor\" stroke- viewBox=\"0 0 24 24\"><path stroke-linecap=\"round\" stroke-linejoin=\"round\" d=\"M5 13l4 4L19 7\" \/><\/svg><\/div><div class=\"flex-1\">Ngu\u1ed3n \u0111i\u1ec7n: 3 pha 380V \u2013 50Hz<\/div><\/li>\n<li class=\"flex items-center gap-3 leading-relaxed text-gray-800 \"><div class=\"flex items-center justify-center w-5 h-5 bg-red-100 rounded-full shrink-0\"><svg class=\"w-3 h-3 text-red-600\" fill=\"none\" stroke=\"currentColor\" stroke- viewBox=\"0 0 24 24\"><path stroke-linecap=\"round\" stroke-linejoin=\"round\" d=\"M5 13l4 4L19 7\" \/><\/svg><\/div><div class=\"flex-1\">L\u01b0u l\u01b0\u1ee3ng gi\u00f3: 30.000 m\u00b3\/h<\/div><\/li>\n<li class=\"flex items-center gap-3 leading-relaxed text-gray-800 \"><div class=\"flex items-center justify-center w-5 h-5 bg-red-100 rounded-full shrink-0\"><svg class=\"w-3 h-3 text-red-600\" fill=\"none\" stroke=\"currentColor\" stroke- viewBox=\"0 0 24 24\"><path stroke-linecap=\"round\" stroke-linejoin=\"round\" d=\"M5 13l4 4L19 7\" \/><\/svg><\/div><div class=\"flex-1\">C\u1ed9t \u00e1p: 4000 Pa<\/div><\/li>\n<li class=\"flex items-center gap-3 leading-relaxed text-gray-800 \"><div class=\"flex items-center justify-center w-5 h-5 bg-red-100 rounded-full shrink-0\"><svg class=\"w-3 h-3 text-red-600\" fill=\"none\" stroke=\"currentColor\" stroke- viewBox=\"0 0 24 24\"><path stroke-linecap=\"round\" stroke-linejoin=\"round\" d=\"M5 13l4 4L19 7\" \/><\/svg><\/div><div class=\"flex-1\">T\u1ed1c \u0111\u1ed9 quay: 1450 v\u00f2ng\/ph\u00fat<\/div><\/li>\n<li class=\"flex items-center gap-3 leading-relaxed text-gray-800 \"><div class=\"flex items-center justify-center w-5 h-5 bg-red-100 rounded-full shrink-0\"><svg class=\"w-3 h-3 text-red-600\" fill=\"none\" stroke=\"currentColor\" stroke- viewBox=\"0 0 24 24\"><path stroke-linecap=\"round\" stroke-linejoin=\"round\" d=\"M5 13l4 4L19 7\" \/><\/svg><\/div><div class=\"flex-1\">Ki\u1ec3u c\u00e1nh: C\u00e1nh cong h\u01b0\u1edbng v\u1ec1 ph\u00eda sau (Backward Curved), ch\u1ea5t li\u1ec7u th\u00e9p ho\u1eb7c inox<\/div><\/li>\n<li class=\"flex items-center gap-3 leading-relaxed text-gray-800 \"><div class=\"flex items-center justify-center w-5 h-5 bg-red-100 rounded-full shrink-0\"><svg class=\"w-3 h-3 text-red-600\" fill=\"none\" stroke=\"currentColor\" stroke- viewBox=\"0 0 24 24\"><path stroke-linecap=\"round\" stroke-linejoin=\"round\" d=\"M5 13l4 4L19 7\" \/><\/svg><\/div><div class=\"flex-1\">Truy\u1ec1n \u0111\u1ed9ng: Tr\u1ef1c ti\u1ebfp ho\u1eb7c gi\u00e1n ti\u1ebfp b\u1eb1ng d\u00e2y \u0111ai<\/div><\/li>\n<li class=\"flex items-center gap-3 leading-relaxed text-gray-800 \"><div class=\"flex items-center justify-center w-5 h-5 bg-red-100 rounded-full shrink-0\"><svg class=\"w-3 h-3 text-red-600\" fill=\"none\" stroke=\"currentColor\" stroke- viewBox=\"0 0 24 24\"><path stroke-linecap=\"round\" stroke-linejoin=\"round\" d=\"M5 13l4 4L19 7\" \/><\/svg><\/div><div class=\"flex-1\">V\u1eadt li\u1ec7u v\u1ecf qu\u1ea1t: Th\u00e9p CT3 s\u01a1n t\u0129nh \u0111i\u1ec7n ho\u1eb7c inox t\u00f9y ch\u1ecdn<\/div><\/li>\n<li class=\"flex items-center gap-3 leading-relaxed text-gray-800 \"><div class=\"flex items-center justify-center w-5 h-5 bg-red-100 rounded-full shrink-0\"><svg class=\"w-3 h-3 text-red-600\" fill=\"none\" stroke=\"currentColor\" stroke- viewBox=\"0 0 24 24\"><path stroke-linecap=\"round\" stroke-linejoin=\"round\" d=\"M5 13l4 4L19 7\" \/><\/svg><\/div><div class=\"flex-1\">K\u1ebft n\u1ed1i: M\u1eb7t b\u00edch tr\u00f2n ho\u1eb7c vu\u00f4ng, d\u1ec5 \u0111\u1ea5u n\u1ed1i v\u1edbi h\u1ec7 th\u1ed1ng \u1ed1ng gi\u00f3<\/div><\/li>\n<li class=\"flex items-center gap-3 leading-relaxed text-gray-800 \"><div class=\"flex items-center justify-center w-5 h-5 bg-red-100 rounded-full shrink-0\"><svg class=\"w-3 h-3 text-red-600\" fill=\"none\" stroke=\"currentColor\" stroke- viewBox=\"0 0 24 24\"><path stroke-linecap=\"round\" stroke-linejoin=\"round\" d=\"M5 13l4 4L19 7\" \/><\/svg><\/div><div class=\"flex-1\">K\u00edch th\u01b0\u1edbc t\u1ed5ng th\u1ec3: 1300 x 1100 x 1500 mm (c\u00f3 th\u1ec3 thay \u0111\u1ed5i theo c\u1ea5u h\u00ecnh)<\/div><\/li>\n<li class=\"flex items-center gap-3 leading-relaxed text-gray-800 \"><div class=\"flex items-center justify-center w-5 h-5 bg-red-100 rounded-full shrink-0\"><svg class=\"w-3 h-3 text-red-600\" fill=\"none\" stroke=\"currentColor\" stroke- viewBox=\"0 0 24 24\"><path stroke-linecap=\"round\" stroke-linejoin=\"round\" d=\"M5 13l4 4L19 7\" \/><\/svg><\/div><div class=\"flex-1\">Tr\u1ecdng l\u01b0\u1ee3ng: Kho\u1ea3ng 350 \u2013 600kg t\u00f9y c\u1ea5u h\u00ecnh<\/div><\/li>\n<li class=\"flex items-center gap-3 leading-relaxed text-gray-800 \"><div class=\"flex items-center justify-center w-5 h-5 bg-red-100 rounded-full shrink-0\"><svg class=\"w-3 h-3 text-red-600\" fill=\"none\" stroke=\"currentColor\" stroke- viewBox=\"0 0 24 24\"><path stroke-linecap=\"round\" stroke-linejoin=\"round\" d=\"M5 13l4 4L19 7\" \/><\/svg><\/div><div class=\"flex-1\">\u0110\u1ed9 \u1ed3n: 82 \u2013 88 dB \u1edf kho\u1ea3ng c\u00e1ch 2 m\u00e9t<\/div><\/li>\n<li class=\"flex items-center gap-3 leading-relaxed text-gray-800 \"><div class=\"flex items-center justify-center w-5 h-5 bg-red-100 rounded-full shrink-0\"><svg class=\"w-3 h-3 text-red-600\" fill=\"none\" stroke=\"currentColor\" stroke- viewBox=\"0 0 24 24\"><path stroke-linecap=\"round\" stroke-linejoin=\"round\" d=\"M5 13l4 4L19 7\" \/><\/svg><\/div><div class=\"flex-1\">Ti\u00eau chu\u1ea9n b\u1ea3o v\u1ec7 \u0111\u1ed9ng c\u01a1: IP55, c\u00e1ch nhi\u1ec7t l\u1edbp F<\/div><\/li>\n<\/ul>\n<p class=\"mb-4 leading-relaxed\"><img><\/p>\n<p class=\"mb-4 leading-relaxed\"><img><\/p>\n<figure class=\"my-6 text-center\"><img><figcaption>H\u00ecnh \u1ea2nh Th\u1ef1c T\u1ebf Qu\u1ea1t H\u00fat Ly T\u00e2m 30HP 22KW<\/figcaption><\/figure>\n<p class=\"mb-4 leading-relaxed\">Xem th\u00eam s\u1ea3n ph\u1ea9m kh\u00e1c: <a href=\"https:\/\/quatcongnghiepvifan.com\/quat-hut-ly-tam-25hp-18-5kw\/\" class=\"text-red-900\">Qu\u1ea1t h\u00fat ly t\u00e2m 25HP 18.5KW<\/a> ; <a href=\"https:\/\/quatcongnghiepvifan.com\/quat-hut-ly-tam-20hp-15kw\/\" class=\"text-red-900\">Qu\u1ea1t h\u00fat ly t\u00e2m 20HP 15KW<\/a><\/p>\n<h2 class=\"py-2 my-4 text-2xl font-bold border-green-500 border-y border-opacity-10\">\u01afu \u0111i\u1ec3m n\u1ed5i b\u1eadt c\u1ee7a qu\u1ea1t ly t\u00e2m c\u00f4ng nghi\u1ec7p 22kW<\/h2>\n<p class=\"mb-4 leading-relaxed\">Qu\u1ea1t h\u00fat ly t\u00e2m 30HP 22KW hi\u1ec7u su\u1ea5t cao, ho\u1ea1t \u0111\u1ed9ng \u1ed5n \u0111\u1ecbnh: Thi\u1ebft k\u1ebf kh\u00ed \u0111\u1ed9ng h\u1ecdc t\u1ed1i \u01b0u gi\u00fap ti\u1ebft ki\u1ec7m \u0111i\u1ec7n n\u0103ng trong khi v\u1eabn \u0111\u1ea3m b\u1ea3o l\u01b0u l\u01b0\u1ee3ng v\u00e0 c\u1ed9t \u00e1p cao.<\/p>\n<p class=\"mb-4 leading-relaxed\">C\u00e1nh qu\u1ea1t cong ng\u01b0\u1ee3c \u2013 ch\u1ed1ng b\u1ee5i b\u00e1m: Gi\u1ea3m nguy c\u01a1 t\u1eafc ngh\u1ebdn khi h\u00fat b\u1ee5i g\u1ed7, b\u1ee5i kim lo\u1ea1i ho\u1eb7c kh\u00ed c\u00f3 h\u1ea1t.<\/p>\n<p class=\"mb-4 leading-relaxed\">V\u1eadn h\u00e0nh li\u00ean t\u1ee5c trong m\u00f4i tr\u01b0\u1eddng kh\u1eafc nghi\u1ec7t: \u0110\u1ed9ng c\u01a1 chu\u1ea9n IP55, c\u00e1ch nhi\u1ec7t l\u1edbp F ch\u1ecbu nhi\u1ec7t cao.<\/p>\n<p class=\"mb-4 leading-relaxed\">Thi\u1ebft k\u1ebf linh ho\u1ea1t: Truy\u1ec1n \u0111\u1ed9ng tr\u1ef1c ti\u1ebfp cho kh\u00f4ng gian nh\u1ecf g\u1ecdn, truy\u1ec1n \u0111\u1ed9ng gi\u00e1n ti\u1ebfp \u0111\u1ec3 d\u1ec5 b\u1ea3o tr\u00ec v\u00e0 t\u0103ng tu\u1ed5i th\u1ecd.<\/p>\n<p class=\"mb-4 leading-relaxed\">T\u00f9y bi\u1ebfn theo y\u00eau c\u1ea7u: ViFan nh\u1eadn thi\u1ebft k\u1ebf theo k\u00edch th\u01b0\u1edbc v\u00e0 c\u1ea5u h\u00ecnh ri\u00eang cho t\u1eebng c\u00f4ng tr\u00ecnh.<\/p>\n<h2 class=\"py-2 my-4 text-2xl font-bold border-green-500 border-y border-opacity-10\">L\u1ee3i \u00edch v\u00e0 \u1ee9ng d\u1ee5ng c\u1ee7a qu\u1ea1t h\u00fat ly t\u00e2m 30HP<\/h2>\n<p class=\"mb-4 leading-relaxed\">S\u1ea3n ph\u1ea9m qu\u1ea1t ly t\u00e2m 30HP \u0111\u01b0\u1ee3c s\u1eed d\u1ee5ng ph\u1ed5 bi\u1ebfn trong c\u00e1c h\u1ec7 th\u1ed1ng:<\/p>\n<p class=\"mb-4 leading-relaxed\">H\u00fat b\u1ee5i trung t\u00e2m cho nh\u00e0 m\u00e1y g\u1ed7, x\u01b0\u1edfng c\u01a1 kh\u00ed, d\u00e2y chuy\u1ec1n s\u1ea3n xu\u1ea5t xi m\u0103ng.<\/p>\n<p class=\"mb-4 leading-relaxed\">H\u00fat kh\u00ed n\u00f3ng, kh\u00f3i, kh\u00ed \u0111\u1ed9c t\u1ea1i l\u00f2 \u0111\u1ed1t, nh\u00e0 m\u00e1y x\u1eed l\u00fd r\u00e1c th\u1ea3i, khu h\u00f3a ch\u1ea5t.<\/p>\n<p class=\"mb-4 leading-relaxed\">C\u1ea5p kh\u00ed t\u01b0\u01a1i cho t\u1ea7ng h\u1ea7m, ph\u00f2ng k\u00edn, h\u1ec7 th\u1ed1ng l\u1ecdc b\u1ee5i t\u00fai v\u1ea3i ho\u1eb7c cyclone.<\/p>\n<p class=\"mb-4 leading-relaxed\">Th\u00f4ng gi\u00f3 \u00e1p l\u1ef1c cao t\u1ea1i c\u00e1c h\u1ec7 th\u1ed1ng c\u00f3 \u0111\u01b0\u1eddng \u1ed1ng d\u1eabn d\u00e0i ho\u1eb7c nhi\u1ec1u c\u1ea3n tr\u1edf.<\/p>\n<p class=\"mb-4 leading-relaxed\">L\u00fd t\u01b0\u1edfng cho nh\u1eefng c\u00f4ng tr\u00ecnh y\u00eau c\u1ea7u qu\u1ea1t h\u00fat c\u00f4ng su\u1ea5t l\u1edbn, qu\u1ea1t ly t\u00e2m \u00e1p cao, v\u1eadn h\u00e0nh \u1ed5n \u0111\u1ecbnh trong th\u1eddi gian d\u00e0i.<\/p>\n<figure class=\"my-6 text-center\"><img><figcaption>C\u00f4ng D\u1ee5ng Qu\u1ea1t H\u00fat Ly T\u00e2m 30HP 22KW<\/figcaption><\/figure>\n<h2 class=\"py-2 my-4 text-2xl font-bold border-green-500 border-y border-opacity-10\">ViFan \u2013 \u0110\u01a1n v\u1ecb s\u1ea3n xu\u1ea5t qu\u1ea1t h\u00fat ly t\u00e2m c\u00f4ng nghi\u1ec7p uy t\u00edn t\u1ea1i Vi\u1ec7t Nam<\/h2>\n<p class=\"mb-4 leading-relaxed\">V\u1edbi h\u01a1n 10 n\u0103m kinh nghi\u1ec7m trong l\u0129nh v\u1ef1c <a href=\"https:\/\/quatcongnghiepvifan.com\/quat-hut-ly-tam\/\" class=\"text-red-900\">qu\u1ea1t ly t\u00e2m c\u00f4ng nghi\u1ec7p<\/a> ,\u00a0ViFan t\u1ef1 h\u00e0o l\u00e0 \u0111\u01a1n v\u1ecb chuy\u00ean thi\u1ebft k\u1ebf v\u00e0 s\u1ea3n xu\u1ea5t qu\u1ea1t ly t\u00e2m h\u00fat b\u1ee5i c\u00f4ng nghi\u1ec7p theo y\u00eau c\u1ea7u. T\u1ea5t c\u1ea3 s\u1ea3n ph\u1ea9m \u0111\u1ec1u \u0111\u01b0\u1ee3c gia c\u00f4ng k\u1ef9 l\u01b0\u1ee1ng, ki\u1ec3m tra v\u1eadn h\u00e0nh tr\u01b0\u1edbc khi xu\u1ea5t x\u01b0\u1edfng, \u0111\u1ea3m b\u1ea3o ch\u1ea5t l\u01b0\u1ee3ng v\u01b0\u1ee3t tr\u1ed9i v\u00e0 \u0111\u1ed9 b\u1ec1n cao.<\/p>\n<p class=\"mb-4 leading-relaxed\">Cam k\u1ebft t\u1eeb ViFan:<\/p>\n<p class=\"mb-4 leading-relaxed\">H\u00e0ng ch\u00ednh h\u00e3ng \u2013 s\u1ea3n xu\u1ea5t t\u1ea1i Vi\u1ec7t Nam<\/p>\n<p class=\"mb-4 leading-relaxed\">T\u01b0 v\u1ea5n k\u1ef9 thu\u1eadt t\u1eadn t\u00e2m \u2013 giao h\u00e0ng to\u00e0n qu\u1ed1c<\/p>\n<p class=\"mb-4 leading-relaxed\">Thi\u1ebft k\u1ebf theo y\u00eau c\u1ea7u \u2013 \u0111a d\u1ea1ng c\u00f4ng su\u1ea5t t\u1eeb 5HP \u0111\u1ebfn 75HP<\/p>\n<p class=\"mb-4 leading-relaxed\">Gi\u00e1 c\u1ea3 c\u1ea1nh tranh \u2013 h\u1eadu m\u00e3i l\u00e2u d\u00e0i<\/p>\n","protected":false},"excerpt":{"rendered":"<div class=\"my-4 overflow-hidden bg-white rounded-lg shadow-xl \"><div class=\"overflow-x-auto\"><table class=\"min-w-full\" class=\"min-w-full\">\n<tbody class=\"bg-white divide-y divide-gray-100 \" class=\"bg-white divide-y divide-gray-100 \">\n<tr class=\"transition-all duration-200 ease-in-out group hover:bg-red-50 \" class=\"transition-all duration-200 ease-in-out group hover:bg-red-50 \">\n<td class=\"px-2 py-2 text-sm text-gray-700 transition-colors duration-200 group-hover:text-gray-900 \" class=\"px-2 py-2 text-sm text-gray-700 transition-colors duration-200 group-hover:text-gray-900 \"><strong class=\"font-cal-sans\">M\u00e3 s\u1ea3n ph\u1ea9m<\/strong><\/td>\n<td class=\"px-2 py-2 text-sm text-gray-700 transition-colors duration-200 group-hover:text-gray-900 \" class=\"px-2 py-2 text-sm text-gray-700 transition-colors duration-200 group-hover:text-gray-900 \">:<\/td>\n<td class=\"px-2 py-2 text-sm text-gray-700 transition-colors duration-200 group-hover:text-gray-900 \" class=\"px-2 py-2 text-sm text-gray-700 transition-colors duration-200 group-hover:text-gray-900 \">QLTGT4P30<\/td>\n<\/tr>\n<tr class=\"transition-all duration-200 ease-in-out group hover:bg-red-50 \" class=\"transition-all duration-200 ease-in-out group hover:bg-red-50 \">\n<td class=\"px-2 py-2 text-sm text-gray-700 transition-colors duration-200 group-hover:text-gray-900 \" class=\"px-2 py-2 text-sm text-gray-700 transition-colors duration-200 group-hover:text-gray-900 \"><strong class=\"font-cal-sans\">Th\u01b0\u01a1ng hi\u1ec7u<\/strong><\/td>\n<td class=\"px-2 py-2 text-sm text-gray-700 transition-colors duration-200 group-hover:text-gray-900 \" class=\"px-2 py-2 text-sm text-gray-700 transition-colors duration-200 group-hover:text-gray-900 \">:<\/td>\n<td class=\"px-2 py-2 text-sm text-gray-700 transition-colors duration-200 group-hover:text-gray-900 \" class=\"px-2 py-2 text-sm text-gray-700 transition-colors duration-200 group-hover:text-gray-900 \">ViFan<\/td>\n<\/tr>\n<tr class=\"transition-all duration-200 ease-in-out group hover:bg-red-50 \" class=\"transition-all duration-200 ease-in-out group hover:bg-red-50 \">\n<td class=\"px-2 py-2 text-sm text-gray-700 transition-colors duration-200 group-hover:text-gray-900 \" class=\"px-2 py-2 text-sm text-gray-700 transition-colors duration-200 group-hover:text-gray-900 \"><strong class=\"font-cal-sans\">C\u00f4ng su\u1ea5t<\/strong><\/td>\n<td class=\"px-2 py-2 text-sm text-gray-700 transition-colors duration-200 group-hover:text-gray-900 \" class=\"px-2 py-2 text-sm text-gray-700 transition-colors duration-200 group-hover:text-gray-900 \">:<\/td>\n<td class=\"px-2 py-2 text-sm text-gray-700 transition-colors duration-200 group-hover:text-gray-900 \" class=\"px-2 py-2 text-sm text-gray-700 transition-colors duration-200 group-hover:text-gray-900 \">30HP<\/td>\n<\/tr>\n<tr class=\"transition-all duration-200 ease-in-out group hover:bg-red-50 \" class=\"transition-all duration-200 ease-in-out group hover:bg-red-50 \">\n<td class=\"px-2 py-2 text-sm text-gray-700 transition-colors duration-200 group-hover:text-gray-900 \" class=\"px-2 py-2 text-sm text-gray-700 transition-colors duration-200 group-hover:text-gray-900 \"><strong class=\"font-cal-sans\">C\u1ed9t \u00c1p<\/strong><\/td>\n<td class=\"px-2 py-2 text-sm text-gray-700 transition-colors duration-200 group-hover:text-gray-900 \" class=\"px-2 py-2 text-sm text-gray-700 transition-colors duration-200 group-hover:text-gray-900 \">:<\/td>\n<td class=\"px-2 py-2 text-sm text-gray-700 transition-colors duration-200 group-hover:text-gray-900 \" class=\"px-2 py-2 text-sm text-gray-700 transition-colors duration-200 group-hover:text-gray-900 \">4000 Pa<\/td>\n<\/tr>\n<tr class=\"transition-all duration-200 ease-in-out group hover:bg-red-50 \" class=\"transition-all duration-200 ease-in-out group hover:bg-red-50 \">\n<td class=\"px-2 py-2 text-sm text-gray-700 transition-colors duration-200 group-hover:text-gray-900 \" class=\"px-2 py-2 text-sm text-gray-700 transition-colors duration-200 group-hover:text-gray-900 \"><strong class=\"font-cal-sans\">L\u01b0u l\u01b0\u1ee3ng<\/strong><\/td>\n<td class=\"px-2 py-2 text-sm text-gray-700 transition-colors duration-200 group-hover:text-gray-900 \" class=\"px-2 py-2 text-sm text-gray-700 transition-colors duration-200 group-hover:text-gray-900 \">:<\/td>\n<td class=\"px-2 py-2 text-sm text-gray-700 transition-colors duration-200 group-hover:text-gray-900 \" class=\"px-2 py-2 text-sm text-gray-700 transition-colors duration-200 group-hover:text-gray-900 \">30000 m3\/h<\/td>\n<\/tr>\n<tr class=\"transition-all duration-200 ease-in-out group hover:bg-red-50 \" class=\"transition-all duration-200 ease-in-out group hover:bg-red-50 \">\n<td class=\"px-2 py-2 text-sm text-gray-700 transition-colors duration-200 group-hover:text-gray-900 \" class=\"px-2 py-2 text-sm text-gray-700 transition-colors duration-200 group-hover:text-gray-900 \"><strong class=\"font-cal-sans\">B\u1ea3o h\u00e0nh<\/strong><\/td>\n<td class=\"px-2 py-2 text-sm text-gray-700 transition-colors duration-200 group-hover:text-gray-900 \" class=\"px-2 py-2 text-sm text-gray-700 transition-colors duration-200 group-hover:text-gray-900 \">:<\/td>\n<td class=\"px-2 py-2 text-sm text-gray-700 transition-colors duration-200 group-hover:text-gray-900 \" class=\"px-2 py-2 text-sm text-gray-700 transition-colors duration-200 group-hover:text-gray-900 \">12 th\u00e1ng<\/td>\n<\/tr>\n<tr class=\"transition-all duration-200 ease-in-out group hover:bg-red-50 \" class=\"transition-all duration-200 ease-in-out group hover:bg-red-50 \">\n<td class=\"px-2 py-2 text-sm text-gray-700 transition-colors duration-200 group-hover:text-gray-900 \" class=\"px-2 py-2 text-sm text-gray-700 transition-colors duration-200 group-hover:text-gray-900 \"><strong class=\"font-cal-sans\">Xu\u1ea5t x\u1ee9<\/strong><\/td>\n<td class=\"px-2 py-2 text-sm text-gray-700 transition-colors duration-200 group-hover:text-gray-900 \" class=\"px-2 py-2 text-sm text-gray-700 transition-colors duration-200 group-hover:text-gray-900 \">:<\/td>\n<td class=\"px-2 py-2 text-sm text-gray-700 transition-colors duration-200 group-hover:text-gray-900 \" class=\"px-2 py-2 text-sm text-gray-700 transition-colors duration-200 group-hover:text-gray-900 \">Vi\u1ec7t Nam<\/td>\n<\/tr>\n<\/tbody>\n<\/table><\/div><\/div>\n","protected":false},"featured_media":165,"template":"","meta":{"footnotes":""},"product_cat":[13],"product_tag":[],"ztteam_product_brand":[],"class_list":["post-164","product","type-product","status-publish","has-post-thumbnail","hentry","product_cat-quat-hut-ly-tam"],"meta_box":{"_sku":"QLTGT4P30","_regular_price":"14423100","_sale_price":"10474915","_price":"10474915","_stock_status":"instock","_stock":"50","_manage_stock":"1","_weight":"","_length":"","_width":"","_height":"","_product_image_gallery":[{"width":150,"height":150,"file":"2026\/03\/quat-ly-tam-30-hp-22kw.png","filesize":116469,"sizes":[],"image_meta":{"aperture":"0","credit":"","camera":"","caption":"","created_timestamp":"0","copyright":"","focal_length":"0","iso":"0","shutter_speed":"0","title":"","orientation":"0","keywords":[]},"ID":"165","name":"quat-ly-tam-30-hp-22kw.png","path":"\/home\/dev.wptheme.store\/public_html\/s\/wpquat\/wp-content\/uploads\/2026\/03\/quat-ly-tam-30-hp-22kw.png","url":"https:\/\/dev.wptheme.store\/s\/wpquat\/wp-content\/uploads\/2026\/03\/quat-ly-tam-30-hp-22kw.png","full_url":"https:\/\/dev.wptheme.store\/s\/wpquat\/wp-content\/uploads\/2026\/03\/quat-ly-tam-30-hp-22kw.png","title":"Qu\u1ea1t H\u00fat Ly T\u00e2m 30HP 22KW","caption":"","description":"","alt":"","srcset":false}],"_featured":"0","_visibility":"visible","_virtual":"","_downloadable":"","product_type":"simple","product_attributes":[],"color_variations":[],"size_variations":[],"storage_variations":[],"material_variations":[]},"_links":{"self":[{"href":"https:\/\/dev.wptheme.store\/s\/wpquat\/wp-json\/wp\/v2\/product\/164","targetHints":{"allow":["GET"]}}],"collection":[{"href":"https:\/\/dev.wptheme.store\/s\/wpquat\/wp-json\/wp\/v2\/product"}],"about":[{"href":"https:\/\/dev.wptheme.store\/s\/wpquat\/wp-json\/wp\/v2\/types\/product"}],"version-history":[{"count":0,"href":"https:\/\/dev.wptheme.store\/s\/wpquat\/wp-json\/wp\/v2\/product\/164\/revisions"}],"wp:featuredmedia":[{"embeddable":true,"href":"https:\/\/dev.wptheme.store\/s\/wpquat\/wp-json\/wp\/v2\/media\/165"}],"wp:attachment":[{"href":"https:\/\/dev.wptheme.store\/s\/wpquat\/wp-json\/wp\/v2\/media?parent=164"}],"wp:term":[{"taxonomy":"product_cat","embeddable":true,"href":"https:\/\/dev.wptheme.store\/s\/wpquat\/wp-json\/wp\/v2\/product_cat?post=164"},{"taxonomy":"product_tag","embeddable":true,"href":"https:\/\/dev.wptheme.store\/s\/wpquat\/wp-json\/wp\/v2\/product_tag?post=164"},{"taxonomy":"ztteam_product_brand","embeddable":true,"href":"https:\/\/dev.wptheme.store\/s\/wpquat\/wp-json\/wp\/v2\/ztteam_product_brand?post=164"}],"curies":[{"name":"wp","href":"https:\/\/api.w.org\/{rel}","templated":true}]}}