{"id":168,"date":"2026-03-16T08:50:15","date_gmt":"2026-03-16T01:50:15","guid":{"rendered":"https:\/\/dev.wptheme.store\/s\/wpquat\/product\/quat-hut-ly-tam-20hp-15kw\/"},"modified":"2026-03-16T08:50:15","modified_gmt":"2026-03-16T01:50:15","slug":"quat-hut-ly-tam-20hp-15kw","status":"publish","type":"product","link":"https:\/\/dev.wptheme.store\/s\/wpquat\/product\/quat-hut-ly-tam-20hp-15kw\/","title":{"rendered":"Qu\u1ea1t H\u00fat Ly T\u00e2m 20HP 15KW"},"content":{"rendered":"<p class=\"mb-4 leading-relaxed\">Trong c\u00e1c ng\u00e0nh c\u00f4ng nghi\u1ec7p s\u1ea3n xu\u1ea5t nh\u01b0 g\u1ed7, c\u01a1 kh\u00ed, xi m\u0103ng hay h\u00f3a ch\u1ea5t, h\u1ec7 th\u1ed1ng h\u00fat b\u1ee5i, kh\u00ed n\u00f3ng v\u00e0 kh\u00ed \u0111\u1ed9c \u0111\u00f3ng vai tr\u00f2 c\u1ef1c k\u1ef3 quan tr\u1ecdng \u0111\u1ec3 b\u1ea3o v\u1ec7 s\u1ee9c kh\u1ecfe ng\u01b0\u1eddi lao \u0111\u1ed9ng v\u00e0 duy tr\u00ec hi\u1ec7u su\u1ea5t v\u1eadn h\u00e0nh. Qu\u1ea1t h\u00fat ly t\u00e2m 20HP 15KW ViFan \u0111\u01b0\u1ee3c thi\u1ebft k\u1ebf \u0111\u1eb7c bi\u1ec7t nh\u1eb1m \u0111\u00e1p \u1ee9ng nhu c\u1ea7u h\u00fat c\u00f4ng su\u1ea5t l\u1edbn v\u1edbi hi\u1ec7u qu\u1ea3 t\u1ed1i \u01b0u, b\u1ec1n b\u1ec9 trong m\u00f4i tr\u01b0\u1eddng kh\u1eafc nghi\u1ec7t. S\u1ea3n ph\u1ea9m kh\u00f4ng ch\u1ec9 gi\u00fap t\u0103ng c\u01b0\u1eddng l\u01b0u th\u00f4ng kh\u00ed, h\u00fat b\u1ee5i c\u00f4ng nghi\u1ec7p m\u00e0 c\u00f2n b\u1ea3o v\u1ec7 h\u1ec7 th\u1ed1ng m\u00e1y m\u00f3c, n\u00e2ng cao n\u0103ng su\u1ea5t v\u00e0 gi\u1ea3m thi\u1ec3u r\u1ee7i ro s\u1ef1 c\u1ed1 trong d\u00e2y chuy\u1ec1n s\u1ea3n xu\u1ea5t.<\/p>\n<h2 class=\"py-2 my-4 text-2xl font-bold border-green-500 border-y border-opacity-10\">Th\u00f4ng s\u1ed1 k\u1ef9 thu\u1eadt chi ti\u1ebft qu\u1ea1t h\u00fat ly t\u00e2m 20HP 15KW ViFan<\/h2>\n<ul class=\"mb-4 space-y-1 list-none\">\n<li class=\"flex items-center gap-3 leading-relaxed text-gray-800 \"><div class=\"flex items-center justify-center w-5 h-5 bg-red-100 rounded-full shrink-0\"><svg class=\"w-3 h-3 text-red-600\" fill=\"none\" stroke=\"currentColor\" stroke- viewBox=\"0 0 24 24\"><path stroke-linecap=\"round\" stroke-linejoin=\"round\" d=\"M5 13l4 4L19 7\" \/><\/svg><\/div><div class=\"flex-1\">M\u00e3 s\u1ea3n ph\u1ea9m: QLT4P20<\/div><\/li>\n<li class=\"flex items-center gap-3 leading-relaxed text-gray-800 \"><div class=\"flex items-center justify-center w-5 h-5 bg-red-100 rounded-full shrink-0\"><svg class=\"w-3 h-3 text-red-600\" fill=\"none\" stroke=\"currentColor\" stroke- viewBox=\"0 0 24 24\"><path stroke-linecap=\"round\" stroke-linejoin=\"round\" d=\"M5 13l4 4L19 7\" \/><\/svg><\/div><div class=\"flex-1\">Th\u01b0\u01a1ng hi\u1ec7u: ViFan<\/div><\/li>\n<li class=\"flex items-center gap-3 leading-relaxed text-gray-800 \"><div class=\"flex items-center justify-center w-5 h-5 bg-red-100 rounded-full shrink-0\"><svg class=\"w-3 h-3 text-red-600\" fill=\"none\" stroke=\"currentColor\" stroke- viewBox=\"0 0 24 24\"><path stroke-linecap=\"round\" stroke-linejoin=\"round\" d=\"M5 13l4 4L19 7\" \/><\/svg><\/div><div class=\"flex-1\">C\u00f4ng su\u1ea5t: 20HP (15KW)<\/div><\/li>\n<li class=\"flex items-center gap-3 leading-relaxed text-gray-800 \"><div class=\"flex items-center justify-center w-5 h-5 bg-red-100 rounded-full shrink-0\"><svg class=\"w-3 h-3 text-red-600\" fill=\"none\" stroke=\"currentColor\" stroke- viewBox=\"0 0 24 24\"><path stroke-linecap=\"round\" stroke-linejoin=\"round\" d=\"M5 13l4 4L19 7\" \/><\/svg><\/div><div class=\"flex-1\">L\u01b0u l\u01b0\u1ee3ng gi\u00f3: 20.000 m\u00b3\/h<\/div><\/li>\n<li class=\"flex items-center gap-3 leading-relaxed text-gray-800 \"><div class=\"flex items-center justify-center w-5 h-5 bg-red-100 rounded-full shrink-0\"><svg class=\"w-3 h-3 text-red-600\" fill=\"none\" stroke=\"currentColor\" stroke- viewBox=\"0 0 24 24\"><path stroke-linecap=\"round\" stroke-linejoin=\"round\" d=\"M5 13l4 4L19 7\" \/><\/svg><\/div><div class=\"flex-1\">C\u1ed9t \u00e1p: 3.500 Pa<\/div><\/li>\n<li class=\"flex items-center gap-3 leading-relaxed text-gray-800 \"><div class=\"flex items-center justify-center w-5 h-5 bg-red-100 rounded-full shrink-0\"><svg class=\"w-3 h-3 text-red-600\" fill=\"none\" stroke=\"currentColor\" stroke- viewBox=\"0 0 24 24\"><path stroke-linecap=\"round\" stroke-linejoin=\"round\" d=\"M5 13l4 4L19 7\" \/><\/svg><\/div><div class=\"flex-1\">Ki\u1ec3u qu\u1ea1t: H\u00fat ly t\u00e2m tr\u1ef1c ti\u1ebfp ho\u1eb7c gi\u00e1n ti\u1ebfp<\/div><\/li>\n<li class=\"flex items-center gap-3 leading-relaxed text-gray-800 \"><div class=\"flex items-center justify-center w-5 h-5 bg-red-100 rounded-full shrink-0\"><svg class=\"w-3 h-3 text-red-600\" fill=\"none\" stroke=\"currentColor\" stroke- viewBox=\"0 0 24 24\"><path stroke-linecap=\"round\" stroke-linejoin=\"round\" d=\"M5 13l4 4L19 7\" \/><\/svg><\/div><div class=\"flex-1\">C\u00e1nh qu\u1ea1t: C\u00e1nh cong h\u01b0\u1edbng v\u1ec1 ph\u00eda sau (Backward Curved), ch\u1ea5t li\u1ec7u th\u00e9p ho\u1eb7c inox<\/div><\/li>\n<li class=\"flex items-center gap-3 leading-relaxed text-gray-800 \"><div class=\"flex items-center justify-center w-5 h-5 bg-red-100 rounded-full shrink-0\"><svg class=\"w-3 h-3 text-red-600\" fill=\"none\" stroke=\"currentColor\" stroke- viewBox=\"0 0 24 24\"><path stroke-linecap=\"round\" stroke-linejoin=\"round\" d=\"M5 13l4 4L19 7\" \/><\/svg><\/div><div class=\"flex-1\">V\u1eadt li\u1ec7u v\u1ecf: Th\u00e9p CT3 s\u01a1n t\u0129nh \u0111i\u1ec7n ho\u1eb7c inox theo y\u00eau c\u1ea7u<\/div><\/li>\n<li class=\"flex items-center gap-3 leading-relaxed text-gray-800 \"><div class=\"flex items-center justify-center w-5 h-5 bg-red-100 rounded-full shrink-0\"><svg class=\"w-3 h-3 text-red-600\" fill=\"none\" stroke=\"currentColor\" stroke- viewBox=\"0 0 24 24\"><path stroke-linecap=\"round\" stroke-linejoin=\"round\" d=\"M5 13l4 4L19 7\" \/><\/svg><\/div><div class=\"flex-1\">K\u1ebft n\u1ed1i: M\u1eb7t b\u00edch tr\u00f2n ho\u1eb7c vu\u00f4ng thu\u1eadn ti\u1ec7n \u0111\u1ea5u n\u1ed1i v\u1edbi h\u1ec7 th\u1ed1ng \u1ed1ng gi\u00f3<\/div><\/li>\n<li class=\"flex items-center gap-3 leading-relaxed text-gray-800 \"><div class=\"flex items-center justify-center w-5 h-5 bg-red-100 rounded-full shrink-0\"><svg class=\"w-3 h-3 text-red-600\" fill=\"none\" stroke=\"currentColor\" stroke- viewBox=\"0 0 24 24\"><path stroke-linecap=\"round\" stroke-linejoin=\"round\" d=\"M5 13l4 4L19 7\" \/><\/svg><\/div><div class=\"flex-1\">Ti\u00eau chu\u1ea9n b\u1ea3o v\u1ec7 \u0111\u1ed9ng c\u01a1: IP55, c\u00e1ch nhi\u1ec7t l\u1edbp F<\/div><\/li>\n<li class=\"flex items-center gap-3 leading-relaxed text-gray-800 \"><div class=\"flex items-center justify-center w-5 h-5 bg-red-100 rounded-full shrink-0\"><svg class=\"w-3 h-3 text-red-600\" fill=\"none\" stroke=\"currentColor\" stroke- viewBox=\"0 0 24 24\"><path stroke-linecap=\"round\" stroke-linejoin=\"round\" d=\"M5 13l4 4L19 7\" \/><\/svg><\/div><div class=\"flex-1\">T\u1ed1c \u0111\u1ed9 quay: 1450 v\u00f2ng\/ph\u00fat<\/div><\/li>\n<li class=\"flex items-center gap-3 leading-relaxed text-gray-800 \"><div class=\"flex items-center justify-center w-5 h-5 bg-red-100 rounded-full shrink-0\"><svg class=\"w-3 h-3 text-red-600\" fill=\"none\" stroke=\"currentColor\" stroke- viewBox=\"0 0 24 24\"><path stroke-linecap=\"round\" stroke-linejoin=\"round\" d=\"M5 13l4 4L19 7\" \/><\/svg><\/div><div class=\"flex-1\">Tr\u1ecdng l\u01b0\u1ee3ng: kho\u1ea3ng 250 \u2013 300 kg t\u00f9y c\u1ea5u h\u00ecnh<\/div><\/li>\n<li class=\"flex items-center gap-3 leading-relaxed text-gray-800 \"><div class=\"flex items-center justify-center w-5 h-5 bg-red-100 rounded-full shrink-0\"><svg class=\"w-3 h-3 text-red-600\" fill=\"none\" stroke=\"currentColor\" stroke- viewBox=\"0 0 24 24\"><path stroke-linecap=\"round\" stroke-linejoin=\"round\" d=\"M5 13l4 4L19 7\" \/><\/svg><\/div><div class=\"flex-1\">\u0110\u1ed9 \u1ed3n: &lt; 85 dB (theo c\u1ea5u h\u00ecnh v\u00e0 m\u00f4i tr\u01b0\u1eddng th\u1ef1c t\u1ebf)<\/div><\/li>\n<li class=\"flex items-center gap-3 leading-relaxed text-gray-800 \"><div class=\"flex items-center justify-center w-5 h-5 bg-red-100 rounded-full shrink-0\"><svg class=\"w-3 h-3 text-red-600\" fill=\"none\" stroke=\"currentColor\" stroke- viewBox=\"0 0 24 24\"><path stroke-linecap=\"round\" stroke-linejoin=\"round\" d=\"M5 13l4 4L19 7\" \/><\/svg><\/div><div class=\"flex-1\">Xu\u1ea5t x\u1ee9: Vi\u1ec7t Nam<\/div><\/li>\n<li class=\"flex items-center gap-3 leading-relaxed text-gray-800 \"><div class=\"flex items-center justify-center w-5 h-5 bg-red-100 rounded-full shrink-0\"><svg class=\"w-3 h-3 text-red-600\" fill=\"none\" stroke=\"currentColor\" stroke- viewBox=\"0 0 24 24\"><path stroke-linecap=\"round\" stroke-linejoin=\"round\" d=\"M5 13l4 4L19 7\" \/><\/svg><\/div><div class=\"flex-1\">B\u1ea3o h\u00e0nh: 12 th\u00e1ng ch\u00ednh h\u00e3ng<\/div><\/li>\n<\/ul>\n<figure class=\"my-6 text-center\"><img><figcaption>H\u00ecnh \u1ea2nh Qu\u1ea1t H\u00fat Ly T\u00e2m 20HP 15KW<\/figcaption><\/figure>\n<p class=\"mb-4 leading-relaxed\">Xem th\u00eam c\u00e1c model kh\u00e1c: <a href=\"https:\/\/quatcongnghiepvifan.com\/quat-hut-ly-tam-15hp-11kw\/\" class=\"text-red-900\">Qu\u1ea1t h\u00fat ly t\u00e2m 15HP 11KW<\/a> ; <a href=\"https:\/\/quatcongnghiepvifan.com\/quat-hut-ly-tam-10hp-7-5kw\/\" class=\"text-red-900\">Qu\u1ea1t h\u00fat ly t\u00e2m 10HP 7.5KW<\/a><\/p>\n<h2 class=\"py-2 my-4 text-2xl font-bold border-green-500 border-y border-opacity-10\">\u01afu \u0111i\u1ec3m n\u1ed5i b\u1eadt c\u1ee7a qu\u1ea1t h\u00fat ly t\u00e2m 20HP 15KW ViFan<\/h2>\n<p class=\"mb-4 leading-relaxed\">Qu\u1ea1t h\u00fat ly t\u00e2m c\u00f4ng nghi\u1ec7p ViFan s\u1edf h\u1eefu thi\u1ebft k\u1ebf hi\u1ec7n \u0111\u1ea1i v\u1edbi c\u00e1nh qu\u1ea1t cong h\u01b0\u1edbng v\u1ec1 ph\u00eda sau gi\u00fap t\u0103ng hi\u1ec7u su\u1ea5t h\u00fat v\u00e0 gi\u1ea3m thi\u1ec3u ti\u1ebfng \u1ed3n khi v\u1eadn h\u00e0nh. V\u1ecf qu\u1ea1t l\u00e0m t\u1eeb th\u00e9p CT3 s\u01a1n t\u0129nh \u0111i\u1ec7n ho\u1eb7c inox ch\u1ed1ng \u0103n m\u00f2n t\u1ed1t, ph\u00f9 h\u1ee3p v\u1edbi m\u00f4i tr\u01b0\u1eddng c\u00f4ng nghi\u1ec7p c\u00f3 nhi\u1ec1u b\u1ee5i b\u1ea9n v\u00e0 h\u00f3a ch\u1ea5t. \u0110\u1ed9ng c\u01a1 \u0111\u01b0\u1ee3c b\u1ea3o v\u1ec7 chu\u1ea9n IP55, c\u00e1ch nhi\u1ec7t l\u1edbp F gi\u00fap v\u1eadn h\u00e0nh b\u1ec1n b\u1ec9, tu\u1ed5i th\u1ecd cao. Qu\u1ea1t d\u1ec5 d\u00e0ng l\u1eafp \u0111\u1eb7t v\u00e0 k\u1ebft n\u1ed1i v\u1edbi h\u1ec7 th\u1ed1ng \u1ed1ng gi\u00f3 nh\u1edd m\u1eb7t b\u00edch tr\u00f2n ho\u1eb7c vu\u00f4ng \u0111a d\u1ea1ng. \u0110\u00e2y l\u00e0 s\u1ea3n ph\u1ea9m qu\u1ea1t h\u00fat c\u00f4ng nghi\u1ec7p ch\u1ea5t l\u01b0\u1ee3ng cao, \u0111\u00e1p \u1ee9ng t\u1ed1t c\u00e1c y\u00eau c\u1ea7u v\u1ec1 c\u00f4ng su\u1ea5t, l\u01b0u l\u01b0\u1ee3ng v\u00e0 c\u1ed9t \u00e1p trong h\u1ec7 th\u1ed1ng h\u00fat b\u1ee5i, h\u00fat kh\u00ed n\u00f3ng.<\/p>\n<figure class=\"my-6 text-center\"><img><figcaption>H\u00ecnh \u1ea2nh Qu\u1ea1t H\u00fat Ly T\u00e2m 20HP 15KW<\/figcaption><\/figure>\n<h2 class=\"py-2 my-4 text-2xl font-bold border-green-500 border-y border-opacity-10\">L\u1ee3i \u00edch v\u00e0 \u1ee9ng d\u1ee5ng qu\u1ea1t h\u00fat ly t\u00e2m 20HP trong c\u00f4ng nghi\u1ec7p<\/h2>\n<p class=\"mb-4 leading-relaxed\">H\u1ec7 th\u1ed1ng h\u00fat b\u1ee5i trung t\u00e2m t\u1ea1i c\u00e1c x\u01b0\u1edfng g\u1ed7, nh\u00e0 m\u00e1y c\u01a1 kh\u00ed, s\u1ea3n xu\u1ea5t xi m\u0103ng, \u0111\u1ea3m b\u1ea3o m\u00f4i tr\u01b0\u1eddng l\u00e0m vi\u1ec7c s\u1ea1ch s\u1ebd, gi\u1ea3m thi\u1ec3u \u00f4 nhi\u1ec5m b\u1ee5i.<\/p>\n<p class=\"mb-4 leading-relaxed\">H\u00fat kh\u00ed n\u00f3ng, kh\u00f3i, kh\u00ed \u0111\u1ed9c h\u1ea1i t\u1ea1i nh\u00e0 m\u00e1y x\u1eed l\u00fd r\u00e1c th\u1ea3i, nh\u00e0 m\u00e1y h\u00f3a ch\u1ea5t, l\u00f2 \u0111\u1ed1t c\u00f4ng nghi\u1ec7p.<\/p>\n<p class=\"mb-4 leading-relaxed\">C\u1ea5p kh\u00ed t\u01b0\u01a1i v\u00e0 h\u1ed7 tr\u1ee3 tu\u1ea7n ho\u00e0n kh\u00f4ng kh\u00ed cho c\u00e1c khu v\u1ef1c k\u00edn, h\u1ec7 th\u1ed1ng l\u1ecdc b\u1ee5i t\u00fai v\u1ea3i ho\u1eb7c cyclone.<\/p>\n<p class=\"mb-4 leading-relaxed\">\u1ee8ng d\u1ee5ng trong c\u00e1c h\u1ec7 th\u1ed1ng qu\u1ea1t h\u00fat c\u00f4ng su\u1ea5t l\u1edbn c\u1ea7n l\u01b0u l\u01b0\u1ee3ng v\u00e0 c\u1ed9t \u00e1p cao, gi\u00fap m\u00e1y m\u00f3c v\u1eadn h\u00e0nh \u1ed5n \u0111\u1ecbnh, k\u00e9o d\u00e0i tu\u1ed5i th\u1ecd thi\u1ebft b\u1ecb.<\/p>\n<p class=\"mb-4 leading-relaxed\">Th\u00edch h\u1ee3p cho c\u00e1c nh\u00e0 m\u00e1y s\u1ea3n xu\u1ea5t, kho x\u01b0\u1edfng, h\u1ec7 th\u1ed1ng th\u00f4ng gi\u00f3 c\u00f4ng nghi\u1ec7p quy m\u00f4 l\u1edbn.<\/p>\n<h2 class=\"py-2 my-4 text-2xl font-bold border-green-500 border-y border-opacity-10\">ViFan \u2013 Th\u01b0\u01a1ng hi\u1ec7u qu\u1ea1t h\u00fat ly t\u00e2m c\u00f4ng nghi\u1ec7p uy t\u00edn h\u00e0ng \u0111\u1ea7u Vi\u1ec7t Nam<\/h2>\n<p class=\"mb-4 leading-relaxed\">ViFan l\u00e0 \u0111\u01a1n v\u1ecb s\u1ea3n xu\u1ea5t <a href=\"https:\/\/quatcongnghiepvifan.com\/quat-hut-ly-tam\/\" class=\"text-red-900\">qu\u1ea1t ly t\u00e2m c\u00f4ng nghi\u1ec7p<\/a> uy t\u00edn, \u0111\u01b0\u1ee3c kh\u00e1ch h\u00e0ng tin t\u01b0\u1edfng b\u1edfi ch\u1ea5t l\u01b0\u1ee3ng s\u1ea3n ph\u1ea9m v\u01b0\u1ee3t tr\u1ed9i, hi\u1ec7u su\u1ea5t cao v\u00e0 d\u1ecbch v\u1ee5 h\u1eadu m\u00e3i chu \u0111\u00e1o. S\u1ea3n ph\u1ea9m qu\u1ea1t h\u00fat ly t\u00e2m 20HP 15KW c\u1ee7a ViFan \u0111\u00e1p \u1ee9ng chu\u1ea9n k\u1ef9 thu\u1eadt qu\u1ed1c t\u1ebf, ph\u00f9 h\u1ee3p v\u1edbi nhi\u1ec1u m\u00f4i tr\u01b0\u1eddng c\u00f4ng nghi\u1ec7p kh\u00e1c nhau t\u1ea1i Vi\u1ec7t Nam. ViFan cam k\u1ebft b\u1ea3o h\u00e0nh ch\u00ednh h\u00e3ng 12 th\u00e1ng, h\u1ed7 tr\u1ee3 k\u1ef9 thu\u1eadt t\u1eadn t\u00e2m, gi\u00fap doanh nghi\u1ec7p v\u1eadn h\u00e0nh h\u1ec7 th\u1ed1ng th\u00f4ng gi\u00f3, h\u00fat b\u1ee5i c\u00f4ng nghi\u1ec7p hi\u1ec7u qu\u1ea3 v\u00e0 \u1ed5n \u0111\u1ecbnh l\u00e2u d\u00e0i.<\/p>\n","protected":false},"excerpt":{"rendered":"<div class=\"my-4 overflow-hidden bg-white rounded-lg shadow-xl \"><div class=\"overflow-x-auto\"><table class=\"min-w-full\" class=\"min-w-full\">\n<tbody class=\"bg-white divide-y divide-gray-100 \" class=\"bg-white divide-y divide-gray-100 \">\n<tr class=\"transition-all duration-200 ease-in-out group hover:bg-red-50 \" class=\"transition-all duration-200 ease-in-out group hover:bg-red-50 \">\n<td class=\"px-2 py-2 text-sm text-gray-700 transition-colors duration-200 group-hover:text-gray-900 \" class=\"px-2 py-2 text-sm text-gray-700 transition-colors duration-200 group-hover:text-gray-900 \"><strong class=\"font-cal-sans\">M\u00e3 s\u1ea3n ph\u1ea9m<\/strong><\/td>\n<td class=\"px-2 py-2 text-sm text-gray-700 transition-colors duration-200 group-hover:text-gray-900 \" class=\"px-2 py-2 text-sm text-gray-700 transition-colors duration-200 group-hover:text-gray-900 \">:<\/td>\n<td class=\"px-2 py-2 text-sm text-gray-700 transition-colors duration-200 group-hover:text-gray-900 \" class=\"px-2 py-2 text-sm text-gray-700 transition-colors duration-200 group-hover:text-gray-900 \">QLT4P20<\/td>\n<\/tr>\n<tr class=\"transition-all duration-200 ease-in-out group hover:bg-red-50 \" class=\"transition-all duration-200 ease-in-out group hover:bg-red-50 \">\n<td class=\"px-2 py-2 text-sm text-gray-700 transition-colors duration-200 group-hover:text-gray-900 \" class=\"px-2 py-2 text-sm text-gray-700 transition-colors duration-200 group-hover:text-gray-900 \"><strong class=\"font-cal-sans\">Th\u01b0\u01a1ng hi\u1ec7u<\/strong><\/td>\n<td class=\"px-2 py-2 text-sm text-gray-700 transition-colors duration-200 group-hover:text-gray-900 \" class=\"px-2 py-2 text-sm text-gray-700 transition-colors duration-200 group-hover:text-gray-900 \">:<\/td>\n<td class=\"px-2 py-2 text-sm text-gray-700 transition-colors duration-200 group-hover:text-gray-900 \" class=\"px-2 py-2 text-sm text-gray-700 transition-colors duration-200 group-hover:text-gray-900 \">ViFan<\/td>\n<\/tr>\n<tr class=\"transition-all duration-200 ease-in-out group hover:bg-red-50 \" class=\"transition-all duration-200 ease-in-out group hover:bg-red-50 \">\n<td class=\"px-2 py-2 text-sm text-gray-700 transition-colors duration-200 group-hover:text-gray-900 \" class=\"px-2 py-2 text-sm text-gray-700 transition-colors duration-200 group-hover:text-gray-900 \"><strong class=\"font-cal-sans\">C\u00f4ng su\u1ea5t<\/strong><\/td>\n<td class=\"px-2 py-2 text-sm text-gray-700 transition-colors duration-200 group-hover:text-gray-900 \" class=\"px-2 py-2 text-sm text-gray-700 transition-colors duration-200 group-hover:text-gray-900 \">:<\/td>\n<td class=\"px-2 py-2 text-sm text-gray-700 transition-colors duration-200 group-hover:text-gray-900 \" class=\"px-2 py-2 text-sm text-gray-700 transition-colors duration-200 group-hover:text-gray-900 \">20HP<\/td>\n<\/tr>\n<tr class=\"transition-all duration-200 ease-in-out group hover:bg-red-50 \" class=\"transition-all duration-200 ease-in-out group hover:bg-red-50 \">\n<td class=\"px-2 py-2 text-sm text-gray-700 transition-colors duration-200 group-hover:text-gray-900 \" class=\"px-2 py-2 text-sm text-gray-700 transition-colors duration-200 group-hover:text-gray-900 \"><strong class=\"font-cal-sans\">C\u1ed9t \u00c1p<\/strong><\/td>\n<td class=\"px-2 py-2 text-sm text-gray-700 transition-colors duration-200 group-hover:text-gray-900 \" class=\"px-2 py-2 text-sm text-gray-700 transition-colors duration-200 group-hover:text-gray-900 \">:<\/td>\n<td class=\"px-2 py-2 text-sm text-gray-700 transition-colors duration-200 group-hover:text-gray-900 \" class=\"px-2 py-2 text-sm text-gray-700 transition-colors duration-200 group-hover:text-gray-900 \">3500 Pa<\/td>\n<\/tr>\n<tr class=\"transition-all duration-200 ease-in-out group hover:bg-red-50 \" class=\"transition-all duration-200 ease-in-out group hover:bg-red-50 \">\n<td class=\"px-2 py-2 text-sm text-gray-700 transition-colors duration-200 group-hover:text-gray-900 \" class=\"px-2 py-2 text-sm text-gray-700 transition-colors duration-200 group-hover:text-gray-900 \"><strong class=\"font-cal-sans\">L\u01b0u l\u01b0\u1ee3ng<\/strong><\/td>\n<td class=\"px-2 py-2 text-sm text-gray-700 transition-colors duration-200 group-hover:text-gray-900 \" class=\"px-2 py-2 text-sm text-gray-700 transition-colors duration-200 group-hover:text-gray-900 \">:<\/td>\n<td class=\"px-2 py-2 text-sm text-gray-700 transition-colors duration-200 group-hover:text-gray-900 \" class=\"px-2 py-2 text-sm text-gray-700 transition-colors duration-200 group-hover:text-gray-900 \">20000 m3\/h<\/td>\n<\/tr>\n<tr class=\"transition-all duration-200 ease-in-out group hover:bg-red-50 \" class=\"transition-all duration-200 ease-in-out group hover:bg-red-50 \">\n<td class=\"px-2 py-2 text-sm text-gray-700 transition-colors duration-200 group-hover:text-gray-900 \" class=\"px-2 py-2 text-sm text-gray-700 transition-colors duration-200 group-hover:text-gray-900 \"><strong class=\"font-cal-sans\">B\u1ea3o h\u00e0nh<\/strong><\/td>\n<td class=\"px-2 py-2 text-sm text-gray-700 transition-colors duration-200 group-hover:text-gray-900 \" class=\"px-2 py-2 text-sm text-gray-700 transition-colors duration-200 group-hover:text-gray-900 \">:<\/td>\n<td class=\"px-2 py-2 text-sm text-gray-700 transition-colors duration-200 group-hover:text-gray-900 \" class=\"px-2 py-2 text-sm text-gray-700 transition-colors duration-200 group-hover:text-gray-900 \">12 th\u00e1ng<\/td>\n<\/tr>\n<tr class=\"transition-all duration-200 ease-in-out group hover:bg-red-50 \" class=\"transition-all duration-200 ease-in-out group hover:bg-red-50 \">\n<td class=\"px-2 py-2 text-sm text-gray-700 transition-colors duration-200 group-hover:text-gray-900 \" class=\"px-2 py-2 text-sm text-gray-700 transition-colors duration-200 group-hover:text-gray-900 \"><strong class=\"font-cal-sans\">Xu\u1ea5t x\u1ee9<\/strong><\/td>\n<td class=\"px-2 py-2 text-sm text-gray-700 transition-colors duration-200 group-hover:text-gray-900 \" class=\"px-2 py-2 text-sm text-gray-700 transition-colors duration-200 group-hover:text-gray-900 \">:<\/td>\n<td class=\"px-2 py-2 text-sm text-gray-700 transition-colors duration-200 group-hover:text-gray-900 \" class=\"px-2 py-2 text-sm text-gray-700 transition-colors duration-200 group-hover:text-gray-900 \">Vi\u1ec7t Nam<\/td>\n<\/tr>\n<\/tbody>\n<\/table><\/div><\/div>\n","protected":false},"featured_media":169,"template":"","meta":{"footnotes":""},"product_cat":[13],"product_tag":[],"ztteam_product_brand":[],"class_list":["post-168","product","type-product","status-publish","has-post-thumbnail","hentry","product_cat-quat-hut-ly-tam"],"meta_box":{"_sku":"QLT4P20","_regular_price":"13172437","_sale_price":"11876874","_price":"11876874","_stock_status":"instock","_stock":"50","_manage_stock":"1","_weight":"","_length":"","_width":"","_height":"","_product_image_gallery":[{"width":150,"height":150,"file":"2026\/03\/quat-ly-tam-20hp-15kw.png","filesize":85105,"sizes":[],"image_meta":{"aperture":"0","credit":"","camera":"","caption":"","created_timestamp":"0","copyright":"","focal_length":"0","iso":"0","shutter_speed":"0","title":"","orientation":"0","keywords":[]},"ID":"169","name":"quat-ly-tam-20hp-15kw.png","path":"\/home\/dev.wptheme.store\/public_html\/s\/wpquat\/wp-content\/uploads\/2026\/03\/quat-ly-tam-20hp-15kw.png","url":"https:\/\/dev.wptheme.store\/s\/wpquat\/wp-content\/uploads\/2026\/03\/quat-ly-tam-20hp-15kw.png","full_url":"https:\/\/dev.wptheme.store\/s\/wpquat\/wp-content\/uploads\/2026\/03\/quat-ly-tam-20hp-15kw.png","title":"Qu\u1ea1t H\u00fat Ly T\u00e2m 20HP 15KW","caption":"","description":"","alt":"","srcset":false}],"_featured":"0","_visibility":"visible","_virtual":"","_downloadable":"","product_type":"simple","product_attributes":[],"color_variations":[],"size_variations":[],"storage_variations":[],"material_variations":[]},"_links":{"self":[{"href":"https:\/\/dev.wptheme.store\/s\/wpquat\/wp-json\/wp\/v2\/product\/168","targetHints":{"allow":["GET"]}}],"collection":[{"href":"https:\/\/dev.wptheme.store\/s\/wpquat\/wp-json\/wp\/v2\/product"}],"about":[{"href":"https:\/\/dev.wptheme.store\/s\/wpquat\/wp-json\/wp\/v2\/types\/product"}],"version-history":[{"count":0,"href":"https:\/\/dev.wptheme.store\/s\/wpquat\/wp-json\/wp\/v2\/product\/168\/revisions"}],"wp:featuredmedia":[{"embeddable":true,"href":"https:\/\/dev.wptheme.store\/s\/wpquat\/wp-json\/wp\/v2\/media\/169"}],"wp:attachment":[{"href":"https:\/\/dev.wptheme.store\/s\/wpquat\/wp-json\/wp\/v2\/media?parent=168"}],"wp:term":[{"taxonomy":"product_cat","embeddable":true,"href":"https:\/\/dev.wptheme.store\/s\/wpquat\/wp-json\/wp\/v2\/product_cat?post=168"},{"taxonomy":"product_tag","embeddable":true,"href":"https:\/\/dev.wptheme.store\/s\/wpquat\/wp-json\/wp\/v2\/product_tag?post=168"},{"taxonomy":"ztteam_product_brand","embeddable":true,"href":"https:\/\/dev.wptheme.store\/s\/wpquat\/wp-json\/wp\/v2\/ztteam_product_brand?post=168"}],"curies":[{"name":"wp","href":"https:\/\/api.w.org\/{rel}","templated":true}]}}