{"id":170,"date":"2026-03-16T08:50:16","date_gmt":"2026-03-16T01:50:16","guid":{"rendered":"https:\/\/dev.wptheme.store\/s\/wpquat\/product\/quat-hut-ly-tam-15hp-11kw\/"},"modified":"2026-03-16T08:50:16","modified_gmt":"2026-03-16T01:50:16","slug":"quat-hut-ly-tam-15hp-11kw","status":"publish","type":"product","link":"https:\/\/dev.wptheme.store\/s\/wpquat\/product\/quat-hut-ly-tam-15hp-11kw\/","title":{"rendered":"Qu\u1ea1t H\u00fat Ly T\u00e2m 15HP 11KW"},"content":{"rendered":"<p class=\"mb-4 leading-relaxed\">Qu\u1ea1t h\u00fat ly t\u00e2m 15HP 11KW l\u00e0 d\u00f2ng qu\u1ea1t c\u00f4ng nghi\u1ec7p hi\u1ec7u su\u1ea5t cao, chuy\u00ean d\u00f9ng trong c\u00e1c h\u1ec7 th\u1ed1ng h\u00fat b\u1ee5i, h\u00fat kh\u00ed n\u00f3ng v\u00e0 kh\u00ed th\u1ea3i trong nh\u00e0 x\u01b0\u1edfng, nh\u00e0 m\u00e1y s\u1ea3n xu\u1ea5t. \u0110\u00e2y l\u00e0 l\u1ef1a ch\u1ecdn t\u1ed1i \u01b0u cho c\u00e1c doanh nghi\u1ec7p \u0111ang t\u00ecm ki\u1ebfm qu\u1ea1t h\u00fat c\u00f4ng nghi\u1ec7p b\u1ec1n b\u1ec9, v\u1eadn h\u00e0nh \u1ed5n \u0111\u1ecbnh, l\u01b0u l\u01b0\u1ee3ng l\u1edbn v\u00e0 \u00e1p su\u1ea5t cao.<\/p>\n<p class=\"mb-4 leading-relaxed\">S\u1ea3n ph\u1ea9m \u0111\u01b0\u1ee3c s\u1ea3n xu\u1ea5t b\u1edfi ViFan \u2013 th\u01b0\u01a1ng hi\u1ec7u uy t\u00edn h\u00e0ng \u0111\u1ea7u trong l\u0129nh v\u1ef1c s\u1ea3n xu\u1ea5t <a href=\"https:\/\/quatcongnghiepvifan.com\/quat-hut-ly-tam\/\" class=\"text-red-900\">qu\u1ea1t ly t\u00e2m c\u00f4ng nghi\u1ec7p<\/a> t\u1ea1i Vi\u1ec7t Nam, \u0111\u00e1p \u1ee9ng ti\u00eau chu\u1ea9n ch\u1ea5t l\u01b0\u1ee3ng v\u00e0 hi\u1ec7u su\u1ea5t trong m\u00f4i tr\u01b0\u1eddng l\u00e0m vi\u1ec7c kh\u1eafc nghi\u1ec7t.<\/p>\n<h2 class=\"py-2 my-4 text-2xl font-bold border-green-500 border-y border-opacity-10\">Th\u00f4ng s\u1ed1 k\u1ef9 thu\u1eadt chi ti\u1ebft qu\u1ea1t h\u00fat ly t\u00e2m 15HP 11KW<\/h2>\n<ul class=\"mb-4 space-y-1 list-none\">\n<li class=\"flex items-center gap-3 leading-relaxed text-gray-800 \"><div class=\"flex items-center justify-center w-5 h-5 bg-red-100 rounded-full shrink-0\"><svg class=\"w-3 h-3 text-red-600\" fill=\"none\" stroke=\"currentColor\" stroke- viewBox=\"0 0 24 24\"><path stroke-linecap=\"round\" stroke-linejoin=\"round\" d=\"M5 13l4 4L19 7\" \/><\/svg><\/div><div class=\"flex-1\">M\u00e3 s\u1ea3n ph\u1ea9m: QLT4P15<\/div><\/li>\n<li class=\"flex items-center gap-3 leading-relaxed text-gray-800 \"><div class=\"flex items-center justify-center w-5 h-5 bg-red-100 rounded-full shrink-0\"><svg class=\"w-3 h-3 text-red-600\" fill=\"none\" stroke=\"currentColor\" stroke- viewBox=\"0 0 24 24\"><path stroke-linecap=\"round\" stroke-linejoin=\"round\" d=\"M5 13l4 4L19 7\" \/><\/svg><\/div><div class=\"flex-1\">C\u00f4ng su\u1ea5t: 15HP ~ 11KW<\/div><\/li>\n<li class=\"flex items-center gap-3 leading-relaxed text-gray-800 \"><div class=\"flex items-center justify-center w-5 h-5 bg-red-100 rounded-full shrink-0\"><svg class=\"w-3 h-3 text-red-600\" fill=\"none\" stroke=\"currentColor\" stroke- viewBox=\"0 0 24 24\"><path stroke-linecap=\"round\" stroke-linejoin=\"round\" d=\"M5 13l4 4L19 7\" \/><\/svg><\/div><div class=\"flex-1\">C\u1ed9t \u00e1p: 3.000 Pa<\/div><\/li>\n<li class=\"flex items-center gap-3 leading-relaxed text-gray-800 \"><div class=\"flex items-center justify-center w-5 h-5 bg-red-100 rounded-full shrink-0\"><svg class=\"w-3 h-3 text-red-600\" fill=\"none\" stroke=\"currentColor\" stroke- viewBox=\"0 0 24 24\"><path stroke-linecap=\"round\" stroke-linejoin=\"round\" d=\"M5 13l4 4L19 7\" \/><\/svg><\/div><div class=\"flex-1\">L\u01b0u l\u01b0\u1ee3ng gi\u00f3: 15.000 m\u00b3\/h<\/div><\/li>\n<li class=\"flex items-center gap-3 leading-relaxed text-gray-800 \"><div class=\"flex items-center justify-center w-5 h-5 bg-red-100 rounded-full shrink-0\"><svg class=\"w-3 h-3 text-red-600\" fill=\"none\" stroke=\"currentColor\" stroke- viewBox=\"0 0 24 24\"><path stroke-linecap=\"round\" stroke-linejoin=\"round\" d=\"M5 13l4 4L19 7\" \/><\/svg><\/div><div class=\"flex-1\">T\u1ed1c \u0111\u1ed9 quay: 1.400 v\u00f2ng\/ph\u00fat<\/div><\/li>\n<li class=\"flex items-center gap-3 leading-relaxed text-gray-800 \"><div class=\"flex items-center justify-center w-5 h-5 bg-red-100 rounded-full shrink-0\"><svg class=\"w-3 h-3 text-red-600\" fill=\"none\" stroke=\"currentColor\" stroke- viewBox=\"0 0 24 24\"><path stroke-linecap=\"round\" stroke-linejoin=\"round\" d=\"M5 13l4 4L19 7\" \/><\/svg><\/div><div class=\"flex-1\">\u0110\u1ed9 \u1ed3n: ~80 \u2013 85 dB<\/div><\/li>\n<li class=\"flex items-center gap-3 leading-relaxed text-gray-800 \"><div class=\"flex items-center justify-center w-5 h-5 bg-red-100 rounded-full shrink-0\"><svg class=\"w-3 h-3 text-red-600\" fill=\"none\" stroke=\"currentColor\" stroke- viewBox=\"0 0 24 24\"><path stroke-linecap=\"round\" stroke-linejoin=\"round\" d=\"M5 13l4 4L19 7\" \/><\/svg><\/div><div class=\"flex-1\">Tr\u1ecdng l\u01b0\u1ee3ng: Kho\u1ea3ng 220 \u2013 300kg t\u00f9y v\u1eadt li\u1ec7u v\u00e0 c\u1ea5u h\u00ecnh<\/div><\/li>\n<li class=\"flex items-center gap-3 leading-relaxed text-gray-800 \"><div class=\"flex items-center justify-center w-5 h-5 bg-red-100 rounded-full shrink-0\"><svg class=\"w-3 h-3 text-red-600\" fill=\"none\" stroke=\"currentColor\" stroke- viewBox=\"0 0 24 24\"><path stroke-linecap=\"round\" stroke-linejoin=\"round\" d=\"M5 13l4 4L19 7\" \/><\/svg><\/div><div class=\"flex-1\">Ki\u1ec3u qu\u1ea1t: H\u00fat ly t\u00e2m tr\u1ef1c ti\u1ebfp ho\u1eb7c gi\u00e1n ti\u1ebfp<\/div><\/li>\n<li class=\"flex items-center gap-3 leading-relaxed text-gray-800 \"><div class=\"flex items-center justify-center w-5 h-5 bg-red-100 rounded-full shrink-0\"><svg class=\"w-3 h-3 text-red-600\" fill=\"none\" stroke=\"currentColor\" stroke- viewBox=\"0 0 24 24\"><path stroke-linecap=\"round\" stroke-linejoin=\"round\" d=\"M5 13l4 4L19 7\" \/><\/svg><\/div><div class=\"flex-1\">C\u00e1nh qu\u1ea1t: C\u00e1nh cong h\u01b0\u1edbng sau (Backward Curved), l\u00e0m b\u1eb1ng th\u00e9p ho\u1eb7c inox<\/div><\/li>\n<li class=\"flex items-center gap-3 leading-relaxed text-gray-800 \"><div class=\"flex items-center justify-center w-5 h-5 bg-red-100 rounded-full shrink-0\"><svg class=\"w-3 h-3 text-red-600\" fill=\"none\" stroke=\"currentColor\" stroke- viewBox=\"0 0 24 24\"><path stroke-linecap=\"round\" stroke-linejoin=\"round\" d=\"M5 13l4 4L19 7\" \/><\/svg><\/div><div class=\"flex-1\">V\u1eadt li\u1ec7u v\u1ecf qu\u1ea1t: Th\u00e9p CT3 s\u01a1n t\u0129nh \u0111i\u1ec7n ho\u1eb7c inox t\u00f9y ch\u1ecdn<\/div><\/li>\n<li class=\"flex items-center gap-3 leading-relaxed text-gray-800 \"><div class=\"flex items-center justify-center w-5 h-5 bg-red-100 rounded-full shrink-0\"><svg class=\"w-3 h-3 text-red-600\" fill=\"none\" stroke=\"currentColor\" stroke- viewBox=\"0 0 24 24\"><path stroke-linecap=\"round\" stroke-linejoin=\"round\" d=\"M5 13l4 4L19 7\" \/><\/svg><\/div><div class=\"flex-1\">K\u1ebft n\u1ed1i: M\u1eb7t b\u00edch tr\u00f2n ho\u1eb7c vu\u00f4ng, d\u1ec5 \u0111\u1ea5u n\u1ed1i v\u1edbi h\u1ec7 th\u1ed1ng \u1ed1ng gi\u00f3<\/div><\/li>\n<li class=\"flex items-center gap-3 leading-relaxed text-gray-800 \"><div class=\"flex items-center justify-center w-5 h-5 bg-red-100 rounded-full shrink-0\"><svg class=\"w-3 h-3 text-red-600\" fill=\"none\" stroke=\"currentColor\" stroke- viewBox=\"0 0 24 24\"><path stroke-linecap=\"round\" stroke-linejoin=\"round\" d=\"M5 13l4 4L19 7\" \/><\/svg><\/div><div class=\"flex-1\">Ti\u00eau chu\u1ea9n b\u1ea3o v\u1ec7 \u0111\u1ed9ng c\u01a1: IP55, c\u00e1ch nhi\u1ec7t l\u1edbp F<\/div><\/li>\n<li class=\"flex items-center gap-3 leading-relaxed text-gray-800 \"><div class=\"flex items-center justify-center w-5 h-5 bg-red-100 rounded-full shrink-0\"><svg class=\"w-3 h-3 text-red-600\" fill=\"none\" stroke=\"currentColor\" stroke- viewBox=\"0 0 24 24\"><path stroke-linecap=\"round\" stroke-linejoin=\"round\" d=\"M5 13l4 4L19 7\" \/><\/svg><\/div><div class=\"flex-1\">B\u1ea3o h\u00e0nh: 12 th\u00e1ng<\/div><\/li>\n<li class=\"flex items-center gap-3 leading-relaxed text-gray-800 \"><div class=\"flex items-center justify-center w-5 h-5 bg-red-100 rounded-full shrink-0\"><svg class=\"w-3 h-3 text-red-600\" fill=\"none\" stroke=\"currentColor\" stroke- viewBox=\"0 0 24 24\"><path stroke-linecap=\"round\" stroke-linejoin=\"round\" d=\"M5 13l4 4L19 7\" \/><\/svg><\/div><div class=\"flex-1\">Xu\u1ea5t x\u1ee9: Vi\u1ec7t Nam \u2013 S\u1ea3n xu\u1ea5t b\u1edfi ViFan<\/div><\/li>\n<\/ul>\n<p class=\"mb-4 leading-relaxed\"><img><\/p>\n<p class=\"mb-4 leading-relaxed\"><img><\/p>\n<p class=\"mb-4 leading-relaxed\"><img><\/p>\n<figure class=\"my-6 text-center\"><img><figcaption>H\u00ecnh \u1ea2nh Th\u1ef1c T\u1ebf Qu\u1ea1t H\u00fat Ly T\u00e2m 15HP 11KW<\/figcaption><\/figure>\n<p class=\"mb-4 leading-relaxed\">M\u1eddi qu\u00fd kh\u00e1ch t\u00ecm hi\u1ec3u th\u00eam c\u00e1c model kh\u00e1c: <a href=\"https:\/\/quatcongnghiepvifan.com\/quat-hut-ly-tam-7-5hp-5-5kw\/\" class=\"text-red-900\">Qu\u1ea1t h\u00fat ly t\u00e2m 7.5HP 5.5KW<\/a>\u00a0;\u00a0<a href=\"https:\/\/quatcongnghiepvifan.com\/quat-hut-ly-tam-10hp-7-5kw\/\" class=\"text-red-900\">Qu\u1ea1t h\u00fat ly t\u00e2m 10HP 7.5KW<\/a><\/p>\n<h2 class=\"py-2 my-4 text-2xl font-bold border-green-500 border-y border-opacity-10\">T\u00ednh n\u0103ng n\u1ed5i b\u1eadt c\u1ee7a qu\u1ea1t h\u00fat ly t\u00e2m 15HP<\/h2>\n<p class=\"mb-4 leading-relaxed\">Hi\u1ec7u su\u1ea5t cao: \u0110\u1ed9ng c\u01a1 11KW m\u1ea1nh m\u1ebd k\u1ebft h\u1ee3p v\u1edbi c\u00e1nh h\u00fat thi\u1ebft k\u1ebf cong sau cho \u00e1p su\u1ea5t l\u1edbn, v\u1eadn h\u00e0nh \u1ed5n \u0111\u1ecbnh li\u00ean t\u1ee5c.<\/p>\n<p class=\"mb-4 leading-relaxed\">Ch\u1ecbu \u0111\u01b0\u1ee3c m\u00f4i tr\u01b0\u1eddng kh\u1eafc nghi\u1ec7t: Thi\u1ebft k\u1ebf ch\u1eafc ch\u1eafn, ch\u1ecbu \u0103n m\u00f2n v\u00e0 nhi\u1ec7t \u0111\u1ed9 cao, ph\u00f9 h\u1ee3p v\u1edbi x\u01b0\u1edfng g\u1ed7, h\u00f3a ch\u1ea5t, luy\u1ec7n kim.<\/p>\n<p class=\"mb-4 leading-relaxed\">Ti\u1ebft ki\u1ec7m \u0111i\u1ec7n: \u0110\u1ed9ng c\u01a1 t\u1ed1i \u01b0u c\u00f4ng su\u1ea5t ti\u00eau th\u1ee5 nh\u01b0ng v\u1eabn \u0111\u1ea3m b\u1ea3o l\u01b0u l\u01b0\u1ee3ng v\u00e0 c\u1ed9t \u00e1p theo y\u00eau c\u1ea7u.<\/p>\n<p class=\"mb-4 leading-relaxed\">L\u1eafp \u0111\u1eb7t linh ho\u1ea1t: Nhi\u1ec1u ki\u1ec3u k\u1ebft n\u1ed1i, d\u1ec5 d\u00e0ng t\u00edch h\u1ee3p v\u1edbi h\u1ec7 th\u1ed1ng l\u1ecdc b\u1ee5i t\u00fai v\u1ea3i, cyclone, h\u1ec7 th\u1ed1ng \u1ed1ng gi\u00f3 l\u1edbn.<\/p>\n<p class=\"mb-4 leading-relaxed\">Tu\u1ed5i th\u1ecd cao: V\u1eadt li\u1ec7u ch\u1ebf t\u1ea1o ch\u1ea5t l\u01b0\u1ee3ng cao, d\u1ec5 b\u1ea3o tr\u00ec, h\u1ea1n ch\u1ebf rung l\u1eafc trong qu\u00e1 tr\u00ecnh v\u1eadn h\u00e0nh.<\/p>\n<h2 class=\"py-2 my-4 text-2xl font-bold border-green-500 border-y border-opacity-10\">\u1ee8ng d\u1ee5ng trong c\u00f4ng nghi\u1ec7p qu\u1ea1t h\u00fat ly t\u00e2m 15HP 11KW<\/h2>\n<p class=\"mb-4 leading-relaxed\">D\u00f2ng qu\u1ea1t h\u00fat ly t\u00e2m 15HP ViFan \u0111\u01b0\u1ee3c s\u1eed d\u1ee5ng r\u1ed9ng r\u00e3i trong:<\/p>\n<p class=\"mb-4 leading-relaxed\">H\u1ec7 th\u1ed1ng h\u00fat b\u1ee5i trung t\u00e2m cho nh\u00e0 x\u01b0\u1edfng g\u1ed7, x\u01b0\u1edfng c\u01a1 kh\u00ed, d\u00e2y chuy\u1ec1n s\u1ea3n xu\u1ea5t c\u00f4ng nghi\u1ec7p n\u1eb7ng.<\/p>\n<p class=\"mb-4 leading-relaxed\">H\u1ec7 th\u1ed1ng h\u00fat kh\u00ed n\u00f3ng, kh\u00f3i, kh\u00ed \u0111\u1ed9c h\u1ea1i trong nh\u00e0 m\u00e1y h\u00f3a ch\u1ea5t, x\u1eed l\u00fd r\u00e1c, \u0111\u1ed1t l\u00f2, x\u01b0\u1edfng s\u01a1n.<\/p>\n<p class=\"mb-4 leading-relaxed\">K\u1ebft h\u1ee3p v\u1edbi l\u1ecdc b\u1ee5i t\u00fai v\u1ea3i ho\u1eb7c cyclone \u0111\u1ec3 l\u1ecdc b\u1ee5i m\u1ecbn trong kh\u00f4ng kh\u00ed.<\/p>\n<p class=\"mb-4 leading-relaxed\">C\u1ea5p kh\u00ed t\u01b0\u01a1i v\u00e0 th\u00f4ng gi\u00f3 cho khu v\u1ef1c k\u00edn, t\u1ea7ng h\u1ea7m, nh\u00e0 kho, nh\u00e0 m\u00e1y c\u00f4ng nghi\u1ec7p l\u1edbn.<\/p>\n<figure class=\"my-6 text-center\"><img><figcaption>C\u00f4ng D\u1ee5ng Ch\u00ednh Qu\u1ea1t H\u00fat Ly T\u00e2m 15HP 11KW<\/figcaption><\/figure>\n<h2 class=\"py-2 my-4 text-2xl font-bold border-green-500 border-y border-opacity-10\">ViFan \u2013 Th\u01b0\u01a1ng hi\u1ec7u qu\u1ea1t h\u00fat c\u00f4ng nghi\u1ec7p s\u1ed1 1 t\u1ea1i Vi\u1ec7t Nam<\/h2>\n<p class=\"mb-4 leading-relaxed\">ViFan l\u00e0 \u0111\u01a1n v\u1ecb chuy\u00ean s\u1ea3n xu\u1ea5t v\u00e0 ph\u00e2n ph\u1ed1i c\u00e1c d\u00f2ng qu\u1ea1t ly t\u00e2m c\u00f4ng nghi\u1ec7p, qu\u1ea1t h\u00fat c\u00f4ng nghi\u1ec7p cao \u00e1p, \u0111\u1ea1t ti\u00eau chu\u1ea9n qu\u1ed1c t\u1ebf, gi\u00e1 th\u00e0nh h\u1ee3p l\u00fd v\u00e0 d\u1ecbch v\u1ee5 h\u1eadu m\u00e3i t\u1eadn t\u00e2m.<\/p>\n<p class=\"mb-4 leading-relaxed\">Khi l\u1ef1a ch\u1ecdn qu\u1ea1t h\u00fat ly t\u00e2m 15HP 11KW ViFan, qu\u00fd kh\u00e1ch s\u1ebd nh\u1eadn \u0111\u01b0\u1ee3c:<\/p>\n<p class=\"mb-4 leading-relaxed\">S\u1ea3n ph\u1ea9m ch\u00ednh h\u00e3ng, ch\u1ea5t l\u01b0\u1ee3ng cao<\/p>\n<p class=\"mb-4 leading-relaxed\">Gi\u00e1 t\u1ed1t tr\u1ef1c ti\u1ebfp t\u1eeb nh\u00e0 s\u1ea3n xu\u1ea5t<\/p>\n<p class=\"mb-4 leading-relaxed\">B\u1ea3o h\u00e0nh r\u00f5 r\u00e0ng 12 th\u00e1ng, h\u1ed7 tr\u1ee3 \u0111\u1ed5i m\u1edbi n\u1ebfu c\u00f3 l\u1ed7i k\u1ef9 thu\u1eadt<\/p>\n<p class=\"mb-4 leading-relaxed\">H\u01b0\u1edbng d\u1eabn l\u1eafp \u0111\u1eb7t chi ti\u1ebft v\u00e0 t\u01b0 v\u1ea5n k\u1ef9 thu\u1eadt tr\u1ecdn \u0111\u1eddi<\/p>\n","protected":false},"excerpt":{"rendered":"<div class=\"my-4 overflow-hidden bg-white rounded-lg shadow-xl \"><div class=\"overflow-x-auto\"><table class=\"min-w-full\" class=\"min-w-full\">\n<tbody class=\"bg-white divide-y divide-gray-100 \" class=\"bg-white divide-y divide-gray-100 \">\n<tr class=\"transition-all duration-200 ease-in-out group hover:bg-red-50 \" class=\"transition-all duration-200 ease-in-out group hover:bg-red-50 \">\n<td class=\"px-2 py-2 text-sm text-gray-700 transition-colors duration-200 group-hover:text-gray-900 \" class=\"px-2 py-2 text-sm text-gray-700 transition-colors duration-200 group-hover:text-gray-900 \"><strong class=\"font-cal-sans\">M\u00e3 s\u1ea3n ph\u1ea9m<\/strong><\/td>\n<td class=\"px-2 py-2 text-sm text-gray-700 transition-colors duration-200 group-hover:text-gray-900 \" class=\"px-2 py-2 text-sm text-gray-700 transition-colors duration-200 group-hover:text-gray-900 \">:<\/td>\n<td class=\"px-2 py-2 text-sm text-gray-700 transition-colors duration-200 group-hover:text-gray-900 \" class=\"px-2 py-2 text-sm text-gray-700 transition-colors duration-200 group-hover:text-gray-900 \">QLT4P15<\/td>\n<\/tr>\n<tr class=\"transition-all duration-200 ease-in-out group hover:bg-red-50 \" class=\"transition-all duration-200 ease-in-out group hover:bg-red-50 \">\n<td class=\"px-2 py-2 text-sm text-gray-700 transition-colors duration-200 group-hover:text-gray-900 \" class=\"px-2 py-2 text-sm text-gray-700 transition-colors duration-200 group-hover:text-gray-900 \"><strong class=\"font-cal-sans\">Th\u01b0\u01a1ng hi\u1ec7u<\/strong><\/td>\n<td class=\"px-2 py-2 text-sm text-gray-700 transition-colors duration-200 group-hover:text-gray-900 \" class=\"px-2 py-2 text-sm text-gray-700 transition-colors duration-200 group-hover:text-gray-900 \">:<\/td>\n<td class=\"px-2 py-2 text-sm text-gray-700 transition-colors duration-200 group-hover:text-gray-900 \" class=\"px-2 py-2 text-sm text-gray-700 transition-colors duration-200 group-hover:text-gray-900 \">ViFan<\/td>\n<\/tr>\n<tr class=\"transition-all duration-200 ease-in-out group hover:bg-red-50 \" class=\"transition-all duration-200 ease-in-out group hover:bg-red-50 \">\n<td class=\"px-2 py-2 text-sm text-gray-700 transition-colors duration-200 group-hover:text-gray-900 \" class=\"px-2 py-2 text-sm text-gray-700 transition-colors duration-200 group-hover:text-gray-900 \"><strong class=\"font-cal-sans\">C\u00f4ng su\u1ea5t<\/strong><\/td>\n<td class=\"px-2 py-2 text-sm text-gray-700 transition-colors duration-200 group-hover:text-gray-900 \" class=\"px-2 py-2 text-sm text-gray-700 transition-colors duration-200 group-hover:text-gray-900 \">:<\/td>\n<td class=\"px-2 py-2 text-sm text-gray-700 transition-colors duration-200 group-hover:text-gray-900 \" class=\"px-2 py-2 text-sm text-gray-700 transition-colors duration-200 group-hover:text-gray-900 \">15HP<\/td>\n<\/tr>\n<tr class=\"transition-all duration-200 ease-in-out group hover:bg-red-50 \" class=\"transition-all duration-200 ease-in-out group hover:bg-red-50 \">\n<td class=\"px-2 py-2 text-sm text-gray-700 transition-colors duration-200 group-hover:text-gray-900 \" class=\"px-2 py-2 text-sm text-gray-700 transition-colors duration-200 group-hover:text-gray-900 \"><strong class=\"font-cal-sans\">C\u1ed9t \u00c1p<\/strong><\/td>\n<td class=\"px-2 py-2 text-sm text-gray-700 transition-colors duration-200 group-hover:text-gray-900 \" class=\"px-2 py-2 text-sm text-gray-700 transition-colors duration-200 group-hover:text-gray-900 \">:<\/td>\n<td class=\"px-2 py-2 text-sm text-gray-700 transition-colors duration-200 group-hover:text-gray-900 \" class=\"px-2 py-2 text-sm text-gray-700 transition-colors duration-200 group-hover:text-gray-900 \">3000 Pa<\/td>\n<\/tr>\n<tr class=\"transition-all duration-200 ease-in-out group hover:bg-red-50 \" class=\"transition-all duration-200 ease-in-out group hover:bg-red-50 \">\n<td class=\"px-2 py-2 text-sm text-gray-700 transition-colors duration-200 group-hover:text-gray-900 \" class=\"px-2 py-2 text-sm text-gray-700 transition-colors duration-200 group-hover:text-gray-900 \"><strong class=\"font-cal-sans\">L\u01b0u l\u01b0\u1ee3ng<\/strong><\/td>\n<td class=\"px-2 py-2 text-sm text-gray-700 transition-colors duration-200 group-hover:text-gray-900 \" class=\"px-2 py-2 text-sm text-gray-700 transition-colors duration-200 group-hover:text-gray-900 \">:<\/td>\n<td class=\"px-2 py-2 text-sm text-gray-700 transition-colors duration-200 group-hover:text-gray-900 \" class=\"px-2 py-2 text-sm text-gray-700 transition-colors duration-200 group-hover:text-gray-900 \">15000 m3\/h<\/td>\n<\/tr>\n<tr class=\"transition-all duration-200 ease-in-out group hover:bg-red-50 \" class=\"transition-all duration-200 ease-in-out group hover:bg-red-50 \">\n<td class=\"px-2 py-2 text-sm text-gray-700 transition-colors duration-200 group-hover:text-gray-900 \" class=\"px-2 py-2 text-sm text-gray-700 transition-colors duration-200 group-hover:text-gray-900 \"><strong class=\"font-cal-sans\">B\u1ea3o h\u00e0nh<\/strong><\/td>\n<td class=\"px-2 py-2 text-sm text-gray-700 transition-colors duration-200 group-hover:text-gray-900 \" class=\"px-2 py-2 text-sm text-gray-700 transition-colors duration-200 group-hover:text-gray-900 \">:<\/td>\n<td class=\"px-2 py-2 text-sm text-gray-700 transition-colors duration-200 group-hover:text-gray-900 \" class=\"px-2 py-2 text-sm text-gray-700 transition-colors duration-200 group-hover:text-gray-900 \">12 th\u00e1ng<\/td>\n<\/tr>\n<tr class=\"transition-all duration-200 ease-in-out group hover:bg-red-50 \" class=\"transition-all duration-200 ease-in-out group hover:bg-red-50 \">\n<td class=\"px-2 py-2 text-sm text-gray-700 transition-colors duration-200 group-hover:text-gray-900 \" class=\"px-2 py-2 text-sm text-gray-700 transition-colors duration-200 group-hover:text-gray-900 \"><strong class=\"font-cal-sans\">Xu\u1ea5t x\u1ee9<\/strong><\/td>\n<td class=\"px-2 py-2 text-sm text-gray-700 transition-colors duration-200 group-hover:text-gray-900 \" class=\"px-2 py-2 text-sm text-gray-700 transition-colors duration-200 group-hover:text-gray-900 \">:<\/td>\n<td class=\"px-2 py-2 text-sm text-gray-700 transition-colors duration-200 group-hover:text-gray-900 \" class=\"px-2 py-2 text-sm text-gray-700 transition-colors duration-200 group-hover:text-gray-900 \">Vi\u1ec7t Nam<\/td>\n<\/tr>\n<\/tbody>\n<\/table><\/div><\/div>\n","protected":false},"featured_media":171,"template":"","meta":{"footnotes":""},"product_cat":[13],"product_tag":[],"ztteam_product_brand":[],"class_list":["post-170","product","type-product","status-publish","has-post-thumbnail","hentry","product_cat-quat-hut-ly-tam"],"meta_box":{"_sku":"QLT4P15","_regular_price":"12797727","_sale_price":"11121204","_price":"11121204","_stock_status":"instock","_stock":"50","_manage_stock":"1","_weight":"","_length":"","_width":"","_height":"","_product_image_gallery":[{"width":150,"height":150,"file":"2026\/03\/quat-ly-tam-15HP-11KW.png","filesize":85105,"sizes":[],"image_meta":{"aperture":"0","credit":"","camera":"","caption":"","created_timestamp":"0","copyright":"","focal_length":"0","iso":"0","shutter_speed":"0","title":"","orientation":"0","keywords":[]},"ID":"171","name":"quat-ly-tam-15HP-11KW.png","path":"\/home\/dev.wptheme.store\/public_html\/s\/wpquat\/wp-content\/uploads\/2026\/03\/quat-ly-tam-15HP-11KW.png","url":"https:\/\/dev.wptheme.store\/s\/wpquat\/wp-content\/uploads\/2026\/03\/quat-ly-tam-15HP-11KW.png","full_url":"https:\/\/dev.wptheme.store\/s\/wpquat\/wp-content\/uploads\/2026\/03\/quat-ly-tam-15HP-11KW.png","title":"Qu\u1ea1t H\u00fat Ly T\u00e2m 15HP 11KW","caption":"","description":"","alt":"","srcset":false}],"_featured":"0","_visibility":"visible","_virtual":"","_downloadable":"","product_type":"simple","product_attributes":[],"color_variations":[],"size_variations":[],"storage_variations":[],"material_variations":[]},"_links":{"self":[{"href":"https:\/\/dev.wptheme.store\/s\/wpquat\/wp-json\/wp\/v2\/product\/170","targetHints":{"allow":["GET"]}}],"collection":[{"href":"https:\/\/dev.wptheme.store\/s\/wpquat\/wp-json\/wp\/v2\/product"}],"about":[{"href":"https:\/\/dev.wptheme.store\/s\/wpquat\/wp-json\/wp\/v2\/types\/product"}],"version-history":[{"count":0,"href":"https:\/\/dev.wptheme.store\/s\/wpquat\/wp-json\/wp\/v2\/product\/170\/revisions"}],"wp:featuredmedia":[{"embeddable":true,"href":"https:\/\/dev.wptheme.store\/s\/wpquat\/wp-json\/wp\/v2\/media\/171"}],"wp:attachment":[{"href":"https:\/\/dev.wptheme.store\/s\/wpquat\/wp-json\/wp\/v2\/media?parent=170"}],"wp:term":[{"taxonomy":"product_cat","embeddable":true,"href":"https:\/\/dev.wptheme.store\/s\/wpquat\/wp-json\/wp\/v2\/product_cat?post=170"},{"taxonomy":"product_tag","embeddable":true,"href":"https:\/\/dev.wptheme.store\/s\/wpquat\/wp-json\/wp\/v2\/product_tag?post=170"},{"taxonomy":"ztteam_product_brand","embeddable":true,"href":"https:\/\/dev.wptheme.store\/s\/wpquat\/wp-json\/wp\/v2\/ztteam_product_brand?post=170"}],"curies":[{"name":"wp","href":"https:\/\/api.w.org\/{rel}","templated":true}]}}