{"id":178,"date":"2026-03-16T08:50:23","date_gmt":"2026-03-16T01:50:23","guid":{"rendered":"https:\/\/dev.wptheme.store\/s\/wpquat\/product\/quat-hut-mai-nha-xuong-qhm-700\/"},"modified":"2026-03-16T08:50:23","modified_gmt":"2026-03-16T01:50:23","slug":"quat-hut-mai-nha-xuong-qhm-700","status":"publish","type":"product","link":"https:\/\/dev.wptheme.store\/s\/wpquat\/product\/quat-hut-mai-nha-xuong-qhm-700\/","title":{"rendered":"Qu\u1ea1t H\u00fat M\u00e1i Nh\u00e0 X\u01b0\u1edfng QHM-700"},"content":{"rendered":"<p class=\"mb-4 leading-relaxed\">Qu\u1ea1t h\u00fat m\u00e1i nh\u00e0 x\u01b0\u1edfng QHM-700 l\u00e0 gi\u1ea3i ph\u00e1p l\u00fd t\u01b0\u1edfng cho vi\u1ec7c h\u00fat kh\u00ed n\u00f3ng v\u00e0 h\u01a1i \u1ea9m t\u1eeb b\u00ean trong nh\u00e0 x\u01b0\u1edfng ra ngo\u00e0i, gi\u00fap c\u00e2n b\u1eb1ng nhi\u1ec7t \u0111\u1ed9 v\u00e0 c\u1ea3i thi\u1ec7n m\u00f4i tr\u01b0\u1eddng l\u00e0m vi\u1ec7c. S\u1ea3n ph\u1ea9m ph\u00f9 h\u1ee3p v\u1edbi c\u00e1c nh\u00e0 x\u01b0\u1edfng quy m\u00f4 v\u1eeba, c\u1ea7n h\u1ec7 th\u1ed1ng th\u00f4ng gi\u00f3 \u1ed5n \u0111\u1ecbnh, ti\u1ebft ki\u1ec7m \u0111i\u1ec7n n\u0103ng nh\u01b0ng v\u1eabn \u0111\u1ea3m b\u1ea3o l\u01b0u l\u01b0\u1ee3ng gi\u00f3 m\u1ea1nh m\u1ebd.<\/p>\n<h2 class=\"py-2 my-4 text-2xl font-bold border-green-500 border-y border-opacity-10\">Th\u00f4ng s\u1ed1 k\u1ef9 thu\u1eadt qu\u1ea1t h\u00fat m\u00e1i nh\u00e0 x\u01b0\u1edfng QHM-700<\/h2>\n<p class=\"mb-4 leading-relaxed\">M\u00e3 s\u1ea3n ph\u1ea9m: QMH-700<\/p>\n<p class=\"mb-4 leading-relaxed\">Th\u01b0\u01a1ng hi\u1ec7u: ViFan<\/p>\n<p class=\"mb-4 leading-relaxed\">C\u00f4ng su\u1ea5t: 3HP<\/p>\n<p class=\"mb-4 leading-relaxed\">L\u01b0u l\u01b0\u1ee3ng gi\u00f3: 15.000 m\u00b3\/h<\/p>\n<p class=\"mb-4 leading-relaxed\">C\u1ed9t \u00e1p: 280 Pa<\/p>\n<p class=\"mb-4 leading-relaxed\">K\u00edch th\u01b0\u1edbc: 800x800mm<\/p>\n<p class=\"mb-4 leading-relaxed\">\u0110\u1ed9 \u1ed3n: &lt;60Db<\/p>\n<figure class=\"my-6 text-center\"><img><figcaption>H\u00ecnh \u1ea2nh S\u1ea3n Xu\u1ea5t Qu\u1ea1t H\u00fat M\u00e1i Nh\u00e0 X\u01b0\u1edfng<\/figcaption><\/figure>\n<p class=\"mb-4 leading-relaxed\">Tham kh\u1ea3o th\u00eam s\u1ea3n ph\u1ea9m kh\u00e1c:<\/p>\n<p class=\"mb-4 leading-relaxed\"><a href=\"https:\/\/quatcongnghiepvifan.com\/quat-hut-mai-nha-xuong-qhm-600\/\" class=\"text-red-900\">Qu\u1ea1t h\u00fat m\u00e1i nh\u00e0 x\u01b0\u1edfng QHM-600<\/a><\/p>\n<p class=\"mb-4 leading-relaxed\"><a href=\"https:\/\/quatcongnghiepvifan.com\/quat-hut-mai-nha-xuong-qhm-500\/\" class=\"text-red-900\">Qu\u1ea1t h\u00fat m\u00e1i nh\u00e0 x\u01b0\u1edfng QHM-500<\/a><\/p>\n<h2 class=\"py-2 my-4 text-2xl font-bold border-green-500 border-y border-opacity-10\">\u01afu \u0111i\u1ec3m n\u1ed5i b\u1eadt c\u1ee7a qu\u1ea1t h\u00fat n\u00f3c QHM-700<\/h2>\n<p class=\"mb-4 leading-relaxed\">Thi\u1ebft k\u1ebf t\u1ed1i \u01b0u cho vi\u1ec7c l\u1eafp \u0111\u1eb7t tr\u00ean m\u00e1i, \u0111\u1ea3m b\u1ea3o kh\u1ea3 n\u0103ng h\u00fat kh\u00ed n\u00f3ng v\u00e0 th\u1ea3i nhi\u1ec7t hi\u1ec7u qu\u1ea3.<\/p>\n<p class=\"mb-4 leading-relaxed\">C\u00f4ng su\u1ea5t 3HP \u2013 ti\u1ebft ki\u1ec7m \u0111i\u1ec7n nh\u01b0ng v\u1eabn \u0111\u1ee7 m\u1ea1nh \u0111\u1ec3 h\u00fat kh\u00f4ng kh\u00ed t\u1eeb kh\u00f4ng gian r\u1ed9ng v\u1eeba.<\/p>\n<p class=\"mb-4 leading-relaxed\">Ho\u1ea1t \u0111\u1ed9ng \u1ed5n \u0111\u1ecbnh, b\u1ec1n b\u1ec9, ph\u00f9 h\u1ee3p v\u1edbi m\u00f4i tr\u01b0\u1eddng l\u00e0m vi\u1ec7c li\u00ean t\u1ee5c.<\/p>\n<p class=\"mb-4 leading-relaxed\">Gi\u00fap gi\u1ea3m nhi\u1ec7t \u0111\u1ed9 nh\u00e0 x\u01b0\u1edfng, c\u1ea3i thi\u1ec7n ch\u1ea5t l\u01b0\u1ee3ng kh\u00f4ng kh\u00ed v\u00e0 n\u0103ng su\u1ea5t lao \u0111\u1ed9ng.<\/p>\n<p class=\"mb-4 leading-relaxed\">D\u1ec5 d\u00e0ng b\u1ea3o tr\u00ec v\u00e0 thay th\u1ebf linh ki\u1ec7n, ti\u1ebft ki\u1ec7m chi ph\u00ed v\u1eadn h\u00e0nh l\u00e2u d\u00e0i.<\/p>\n<h2 class=\"py-2 my-4 text-2xl font-bold border-green-500 border-y border-opacity-10\">\u1ee8ng d\u1ee5ng th\u1ef1c t\u1ebf c\u1ee7a qu\u1ea1t th\u00f4ng gi\u00f3 m\u00e1i QMH-700<\/h2>\n<p class=\"mb-4 leading-relaxed\">Nh\u00e0 x\u01b0\u1edfng s\u1ea3n xu\u1ea5t quy m\u00f4 v\u1eeba v\u00e0 nh\u1ecf.<\/p>\n<p class=\"mb-4 leading-relaxed\">Nh\u00e0 kho ch\u1ee9a h\u00e0ng, x\u01b0\u1edfng c\u01a1 kh\u00ed, x\u01b0\u1edfng g\u1ed7, bao b\u00ec, may m\u1eb7c.<\/p>\n<p class=\"mb-4 leading-relaxed\">Khu v\u1ef1c t\u00edch t\u1ee5 kh\u00ed n\u00f3ng ho\u1eb7c c\u1ea7n c\u1ea3i thi\u1ec7n l\u01b0u th\u00f4ng kh\u00f4ng kh\u00ed.<\/p>\n<p class=\"mb-4 leading-relaxed\">X\u01b0\u1edfng s\u1ea3n xu\u1ea5t trong c\u00e1c khu c\u00f4ng nghi\u1ec7p c\u00f3 m\u00e1i t\u00f4n, m\u00e1i ng\u00f3i h\u1ea5p th\u1ee5 nhi\u1ec7t l\u1edbn.<\/p>\n<p class=\"mb-4 leading-relaxed\">ViFan l\u00e0 th\u01b0\u01a1ng hi\u1ec7u Vi\u1ec7t uy t\u00edn trong l\u0129nh v\u1ef1c thi\u1ebft b\u1ecb th\u00f4ng gi\u00f3, lu\u00f4n ch\u00fa tr\u1ecdng ch\u1ea5t l\u01b0\u1ee3ng, \u0111\u1ed9 b\u1ec1n v\u00e0 hi\u1ec7u qu\u1ea3 v\u1eadn h\u00e0nh. D\u00f2ng <a href=\"https:\/\/quatcongnghiepvifan.com\/quat-hut-mai-nha-xuong\/\" class=\"text-red-900\">qu\u1ea1t h\u00fat m\u00e1i nh\u00e0 x\u01b0\u1edfng<\/a> l\u00e0 d\u00f2ng s\u1ea3n ph\u1ea9m \u0111\u01b0\u1ee3c t\u1ed1i \u01b0u c\u1ea3 v\u1ec1 thi\u1ebft k\u1ebf l\u1eabn hi\u1ec7u su\u1ea5t, \u0111\u01b0\u1ee3c nhi\u1ec1u doanh nghi\u1ec7p tin t\u01b0\u1edfng s\u1eed d\u1ee5ng l\u00e2u d\u00e0i.<\/p>\n","protected":false},"excerpt":{"rendered":"<div class=\"my-4 overflow-hidden bg-white rounded-lg shadow-xl \"><div class=\"overflow-x-auto\"><table class=\"min-w-full\" class=\"min-w-full\">\n<tbody class=\"bg-white divide-y divide-gray-100 \" class=\"bg-white divide-y divide-gray-100 \">\n<tr class=\"transition-all duration-200 ease-in-out group hover:bg-red-50 \" class=\"transition-all duration-200 ease-in-out group hover:bg-red-50 \">\n<td class=\"px-2 py-2 text-sm text-gray-700 transition-colors duration-200 group-hover:text-gray-900 \" class=\"px-2 py-2 text-sm text-gray-700 transition-colors duration-200 group-hover:text-gray-900 \"><strong class=\"font-cal-sans\">M\u00e3 s\u1ea3n ph\u1ea9m<\/strong><\/td>\n<td class=\"px-2 py-2 text-sm text-gray-700 transition-colors duration-200 group-hover:text-gray-900 \" class=\"px-2 py-2 text-sm text-gray-700 transition-colors duration-200 group-hover:text-gray-900 \">:<\/td>\n<td class=\"px-2 py-2 text-sm text-gray-700 transition-colors duration-200 group-hover:text-gray-900 \" class=\"px-2 py-2 text-sm text-gray-700 transition-colors duration-200 group-hover:text-gray-900 \">QMH-700<\/td>\n<\/tr>\n<tr class=\"transition-all duration-200 ease-in-out group hover:bg-red-50 \" class=\"transition-all duration-200 ease-in-out group hover:bg-red-50 \">\n<td class=\"px-2 py-2 text-sm text-gray-700 transition-colors duration-200 group-hover:text-gray-900 \" class=\"px-2 py-2 text-sm text-gray-700 transition-colors duration-200 group-hover:text-gray-900 \"><strong class=\"font-cal-sans\">Th\u01b0\u01a1ng hi\u1ec7u<\/strong><\/td>\n<td class=\"px-2 py-2 text-sm text-gray-700 transition-colors duration-200 group-hover:text-gray-900 \" class=\"px-2 py-2 text-sm text-gray-700 transition-colors duration-200 group-hover:text-gray-900 \">:<\/td>\n<td class=\"px-2 py-2 text-sm text-gray-700 transition-colors duration-200 group-hover:text-gray-900 \" class=\"px-2 py-2 text-sm text-gray-700 transition-colors duration-200 group-hover:text-gray-900 \">ViFan<\/td>\n<\/tr>\n<tr class=\"transition-all duration-200 ease-in-out group hover:bg-red-50 \" class=\"transition-all duration-200 ease-in-out group hover:bg-red-50 \">\n<td class=\"px-2 py-2 text-sm text-gray-700 transition-colors duration-200 group-hover:text-gray-900 \" class=\"px-2 py-2 text-sm text-gray-700 transition-colors duration-200 group-hover:text-gray-900 \"><strong class=\"font-cal-sans\">C\u00f4ng su\u1ea5t<\/strong><\/td>\n<td class=\"px-2 py-2 text-sm text-gray-700 transition-colors duration-200 group-hover:text-gray-900 \" class=\"px-2 py-2 text-sm text-gray-700 transition-colors duration-200 group-hover:text-gray-900 \">:<\/td>\n<td class=\"px-2 py-2 text-sm text-gray-700 transition-colors duration-200 group-hover:text-gray-900 \" class=\"px-2 py-2 text-sm text-gray-700 transition-colors duration-200 group-hover:text-gray-900 \">3HP<\/td>\n<\/tr>\n<tr class=\"transition-all duration-200 ease-in-out group hover:bg-red-50 \" class=\"transition-all duration-200 ease-in-out group hover:bg-red-50 \">\n<td class=\"px-2 py-2 text-sm text-gray-700 transition-colors duration-200 group-hover:text-gray-900 \" class=\"px-2 py-2 text-sm text-gray-700 transition-colors duration-200 group-hover:text-gray-900 \"><strong class=\"font-cal-sans\">C\u1ed9t \u00c1p<\/strong><\/td>\n<td class=\"px-2 py-2 text-sm text-gray-700 transition-colors duration-200 group-hover:text-gray-900 \" class=\"px-2 py-2 text-sm text-gray-700 transition-colors duration-200 group-hover:text-gray-900 \">:<\/td>\n<td class=\"px-2 py-2 text-sm text-gray-700 transition-colors duration-200 group-hover:text-gray-900 \" class=\"px-2 py-2 text-sm text-gray-700 transition-colors duration-200 group-hover:text-gray-900 \">280 Pa<\/td>\n<\/tr>\n<tr class=\"transition-all duration-200 ease-in-out group hover:bg-red-50 \" class=\"transition-all duration-200 ease-in-out group hover:bg-red-50 \">\n<td class=\"px-2 py-2 text-sm text-gray-700 transition-colors duration-200 group-hover:text-gray-900 \" class=\"px-2 py-2 text-sm text-gray-700 transition-colors duration-200 group-hover:text-gray-900 \"><strong class=\"font-cal-sans\">L\u01b0u l\u01b0\u1ee3ng<\/strong><\/td>\n<td class=\"px-2 py-2 text-sm text-gray-700 transition-colors duration-200 group-hover:text-gray-900 \" class=\"px-2 py-2 text-sm text-gray-700 transition-colors duration-200 group-hover:text-gray-900 \">:<\/td>\n<td class=\"px-2 py-2 text-sm text-gray-700 transition-colors duration-200 group-hover:text-gray-900 \" class=\"px-2 py-2 text-sm text-gray-700 transition-colors duration-200 group-hover:text-gray-900 \">15000 m3\/h<\/td>\n<\/tr>\n<tr class=\"transition-all duration-200 ease-in-out group hover:bg-red-50 \" class=\"transition-all duration-200 ease-in-out group hover:bg-red-50 \">\n<td class=\"px-2 py-2 text-sm text-gray-700 transition-colors duration-200 group-hover:text-gray-900 \" class=\"px-2 py-2 text-sm text-gray-700 transition-colors duration-200 group-hover:text-gray-900 \"><strong class=\"font-cal-sans\">B\u1ea3o h\u00e0nh<\/strong><\/td>\n<td class=\"px-2 py-2 text-sm text-gray-700 transition-colors duration-200 group-hover:text-gray-900 \" class=\"px-2 py-2 text-sm text-gray-700 transition-colors duration-200 group-hover:text-gray-900 \">:<\/td>\n<td class=\"px-2 py-2 text-sm text-gray-700 transition-colors duration-200 group-hover:text-gray-900 \" class=\"px-2 py-2 text-sm text-gray-700 transition-colors duration-200 group-hover:text-gray-900 \">12 th\u00e1ng<\/td>\n<\/tr>\n<tr class=\"transition-all duration-200 ease-in-out group hover:bg-red-50 \" class=\"transition-all duration-200 ease-in-out group hover:bg-red-50 \">\n<td class=\"px-2 py-2 text-sm text-gray-700 transition-colors duration-200 group-hover:text-gray-900 \" class=\"px-2 py-2 text-sm text-gray-700 transition-colors duration-200 group-hover:text-gray-900 \"><strong class=\"font-cal-sans\">Xu\u1ea5t x\u1ee9<\/strong><\/td>\n<td class=\"px-2 py-2 text-sm text-gray-700 transition-colors duration-200 group-hover:text-gray-900 \" class=\"px-2 py-2 text-sm text-gray-700 transition-colors duration-200 group-hover:text-gray-900 \">:<\/td>\n<td class=\"px-2 py-2 text-sm text-gray-700 transition-colors duration-200 group-hover:text-gray-900 \" class=\"px-2 py-2 text-sm text-gray-700 transition-colors duration-200 group-hover:text-gray-900 \">Vi\u1ec7t Nam<\/td>\n<\/tr>\n<\/tbody>\n<\/table><\/div><\/div>\n","protected":false},"featured_media":179,"template":"","meta":{"footnotes":""},"product_cat":[5],"product_tag":[],"ztteam_product_brand":[],"class_list":["post-178","product","type-product","status-publish","has-post-thumbnail","hentry","product_cat-quat-hut-mai-nha-xuong"],"meta_box":{"_sku":"QMH-700","_regular_price":"12055402","_sale_price":"11756394","_price":"11756394","_stock_status":"instock","_stock":"50","_manage_stock":"1","_weight":"","_length":"","_width":"","_height":"","_product_image_gallery":[{"width":150,"height":150,"file":"2026\/03\/quat-hut-mai-nha-2.png","filesize":100607,"sizes":[],"image_meta":{"aperture":"0","credit":"","camera":"","caption":"","created_timestamp":"0","copyright":"","focal_length":"0","iso":"0","shutter_speed":"0","title":"","orientation":"0","keywords":[]},"ID":"179","name":"quat-hut-mai-nha-2.png","path":"\/home\/dev.wptheme.store\/public_html\/s\/wpquat\/wp-content\/uploads\/2026\/03\/quat-hut-mai-nha-2.png","url":"https:\/\/dev.wptheme.store\/s\/wpquat\/wp-content\/uploads\/2026\/03\/quat-hut-mai-nha-2.png","full_url":"https:\/\/dev.wptheme.store\/s\/wpquat\/wp-content\/uploads\/2026\/03\/quat-hut-mai-nha-2.png","title":"Qu\u1ea1t H\u00fat M\u00e1i Nh\u00e0 X\u01b0\u1edfng","caption":"","description":"","alt":"","srcset":false}],"_featured":"0","_visibility":"visible","_virtual":"","_downloadable":"","product_type":"simple","product_attributes":[],"color_variations":[],"size_variations":[],"storage_variations":[],"material_variations":[]},"_links":{"self":[{"href":"https:\/\/dev.wptheme.store\/s\/wpquat\/wp-json\/wp\/v2\/product\/178","targetHints":{"allow":["GET"]}}],"collection":[{"href":"https:\/\/dev.wptheme.store\/s\/wpquat\/wp-json\/wp\/v2\/product"}],"about":[{"href":"https:\/\/dev.wptheme.store\/s\/wpquat\/wp-json\/wp\/v2\/types\/product"}],"version-history":[{"count":0,"href":"https:\/\/dev.wptheme.store\/s\/wpquat\/wp-json\/wp\/v2\/product\/178\/revisions"}],"wp:featuredmedia":[{"embeddable":true,"href":"https:\/\/dev.wptheme.store\/s\/wpquat\/wp-json\/wp\/v2\/media\/179"}],"wp:attachment":[{"href":"https:\/\/dev.wptheme.store\/s\/wpquat\/wp-json\/wp\/v2\/media?parent=178"}],"wp:term":[{"taxonomy":"product_cat","embeddable":true,"href":"https:\/\/dev.wptheme.store\/s\/wpquat\/wp-json\/wp\/v2\/product_cat?post=178"},{"taxonomy":"product_tag","embeddable":true,"href":"https:\/\/dev.wptheme.store\/s\/wpquat\/wp-json\/wp\/v2\/product_tag?post=178"},{"taxonomy":"ztteam_product_brand","embeddable":true,"href":"https:\/\/dev.wptheme.store\/s\/wpquat\/wp-json\/wp\/v2\/ztteam_product_brand?post=178"}],"curies":[{"name":"wp","href":"https:\/\/api.w.org\/{rel}","templated":true}]}}