{"id":188,"date":"2026-03-16T08:50:30","date_gmt":"2026-03-16T01:50:30","guid":{"rendered":"https:\/\/dev.wptheme.store\/s\/wpquat\/product\/quat-thong-gio-noi-ong-phi-315\/"},"modified":"2026-03-16T08:50:30","modified_gmt":"2026-03-16T01:50:30","slug":"quat-thong-gio-noi-ong-phi-315","status":"publish","type":"product","link":"https:\/\/dev.wptheme.store\/s\/wpquat\/product\/quat-thong-gio-noi-ong-phi-315\/","title":{"rendered":"Qu\u1ea1t Th\u00f4ng Gi\u00f3 N\u1ed1i \u1ed0ng Phi 315"},"content":{"rendered":"<p class=\"mb-4 leading-relaxed\">Qu\u1ea1t th\u00f4ng gi\u00f3 n\u1ed1i \u1ed1ng phi 315 KTO 315 l\u00e0 s\u1ef1 l\u1ef1a ch\u1ecdn h\u00e0ng \u0111\u1ea7u cho nh\u1eefng kh\u00f4ng gian c\u1ea7n th\u00f4ng gi\u00f3 m\u1ea1nh m\u1ebd v\u00e0 hi\u1ec7u qu\u1ea3. V\u1edbi thi\u1ebft k\u1ebf ti\u00ean ti\u1ebfn, qu\u1ea1t gi\u00fap lo\u1ea1i b\u1ecf m\u00f9i kh\u00f3 ch\u1ecbu v\u00e0 kh\u00ed th\u1ea3i nhanh ch\u00f3ng, mang l\u1ea1i b\u1ea7u kh\u00f4ng kh\u00ed trong l\u00e0nh cho nh\u00e0 b\u1ebfp, nh\u00e0 v\u1ec7 sinh v\u00e0 c\u00e1c khu c\u00f4ng nghi\u1ec7p.<\/p>\n<h2 class=\"py-2 my-4 text-2xl font-bold border-green-500 border-y border-opacity-10\">Th\u00f4ng s\u1ed1 k\u1ef9 thu\u1eadt qu\u1ea1t h\u00fat m\u00f9i n\u1ed1i \u1ed1ng phi 315<\/h2>\n<ul class=\"mb-4 space-y-1 list-none\">\n<li class=\"flex items-center gap-3 leading-relaxed text-gray-800 \"><div class=\"flex items-center justify-center w-5 h-5 bg-red-100 rounded-full shrink-0\"><svg class=\"w-3 h-3 text-red-600\" fill=\"none\" stroke=\"currentColor\" stroke- viewBox=\"0 0 24 24\"><path stroke-linecap=\"round\" stroke-linejoin=\"round\" d=\"M5 13l4 4L19 7\" \/><\/svg><\/div><div class=\"flex-1\">M\u00e3 s\u1ea3n ph\u1ea9m: KTO 315<\/div><\/li>\n<li class=\"flex items-center gap-3 leading-relaxed text-gray-800 \"><div class=\"flex items-center justify-center w-5 h-5 bg-red-100 rounded-full shrink-0\"><svg class=\"w-3 h-3 text-red-600\" fill=\"none\" stroke=\"currentColor\" stroke- viewBox=\"0 0 24 24\"><path stroke-linecap=\"round\" stroke-linejoin=\"round\" d=\"M5 13l4 4L19 7\" \/><\/svg><\/div><div class=\"flex-1\">\u0110\u01b0\u1eddng k\u00ednh \u1ed1ng: D315 mm<\/div><\/li>\n<li class=\"flex items-center gap-3 leading-relaxed text-gray-800 \"><div class=\"flex items-center justify-center w-5 h-5 bg-red-100 rounded-full shrink-0\"><svg class=\"w-3 h-3 text-red-600\" fill=\"none\" stroke=\"currentColor\" stroke- viewBox=\"0 0 24 24\"><path stroke-linecap=\"round\" stroke-linejoin=\"round\" d=\"M5 13l4 4L19 7\" \/><\/svg><\/div><div class=\"flex-1\">\u0110i\u1ec7n \u00e1p: 220V \/ 50Hz<\/div><\/li>\n<li class=\"flex items-center gap-3 leading-relaxed text-gray-800 \"><div class=\"flex items-center justify-center w-5 h-5 bg-red-100 rounded-full shrink-0\"><svg class=\"w-3 h-3 text-red-600\" fill=\"none\" stroke=\"currentColor\" stroke- viewBox=\"0 0 24 24\"><path stroke-linecap=\"round\" stroke-linejoin=\"round\" d=\"M5 13l4 4L19 7\" \/><\/svg><\/div><div class=\"flex-1\">C\u00f4ng su\u1ea5t: 280W<\/div><\/li>\n<li class=\"flex items-center gap-3 leading-relaxed text-gray-800 \"><div class=\"flex items-center justify-center w-5 h-5 bg-red-100 rounded-full shrink-0\"><svg class=\"w-3 h-3 text-red-600\" fill=\"none\" stroke=\"currentColor\" stroke- viewBox=\"0 0 24 24\"><path stroke-linecap=\"round\" stroke-linejoin=\"round\" d=\"M5 13l4 4L19 7\" \/><\/svg><\/div><div class=\"flex-1\">L\u01b0u l\u01b0\u1ee3ng gi\u00f3: 2.550 m\u00b3\/h<\/div><\/li>\n<li class=\"flex items-center gap-3 leading-relaxed text-gray-800 \"><div class=\"flex items-center justify-center w-5 h-5 bg-red-100 rounded-full shrink-0\"><svg class=\"w-3 h-3 text-red-600\" fill=\"none\" stroke=\"currentColor\" stroke- viewBox=\"0 0 24 24\"><path stroke-linecap=\"round\" stroke-linejoin=\"round\" d=\"M5 13l4 4L19 7\" \/><\/svg><\/div><div class=\"flex-1\">T\u1ed1c \u0111\u1ed9 quay: 2.600 v\u00f2ng\/ph\u00fat<\/div><\/li>\n<li class=\"flex items-center gap-3 leading-relaxed text-gray-800 \"><div class=\"flex items-center justify-center w-5 h-5 bg-red-100 rounded-full shrink-0\"><svg class=\"w-3 h-3 text-red-600\" fill=\"none\" stroke=\"currentColor\" stroke- viewBox=\"0 0 24 24\"><path stroke-linecap=\"round\" stroke-linejoin=\"round\" d=\"M5 13l4 4L19 7\" \/><\/svg><\/div><div class=\"flex-1\">C\u1ed9t \u00e1p: 830 Pa<\/div><\/li>\n<li class=\"flex items-center gap-3 leading-relaxed text-gray-800 \"><div class=\"flex items-center justify-center w-5 h-5 bg-red-100 rounded-full shrink-0\"><svg class=\"w-3 h-3 text-red-600\" fill=\"none\" stroke=\"currentColor\" stroke- viewBox=\"0 0 24 24\"><path stroke-linecap=\"round\" stroke-linejoin=\"round\" d=\"M5 13l4 4L19 7\" \/><\/svg><\/div><div class=\"flex-1\">\u0110\u1ed9 \u1ed3n: 65 dB<\/div><\/li>\n<li class=\"flex items-center gap-3 leading-relaxed text-gray-800 \"><div class=\"flex items-center justify-center w-5 h-5 bg-red-100 rounded-full shrink-0\"><svg class=\"w-3 h-3 text-red-600\" fill=\"none\" stroke=\"currentColor\" stroke- viewBox=\"0 0 24 24\"><path stroke-linecap=\"round\" stroke-linejoin=\"round\" d=\"M5 13l4 4L19 7\" \/><\/svg><\/div><div class=\"flex-1\">Ch\u1ea5t li\u1ec7u: Th\u00e9p s\u01a1n t\u0129nh \u0111i\u1ec7n<\/div><\/li>\n<\/ul>\n<p class=\"mb-4 leading-relaxed\">Xem th\u00eam s\u1ea3n ph\u1ea9m kh\u00e1c:<\/p>\n<p class=\"mb-4 leading-relaxed\"><a href=\"https:\/\/quatcongnghiepvifan.com\/quat-thong-gio-noi-ong-phi-250\/\" class=\"text-red-900\">Qu\u1ea1t th\u00f4ng gi\u00f3 n\u1ed1i \u1ed1ng phi 250<\/a><\/p>\n<p class=\"mb-4 leading-relaxed\"><a href=\"https:\/\/quatcongnghiepvifan.com\/quat-thong-gio-noi-ong-phi-200\/\" class=\"text-red-900\">Qu\u1ea1t th\u00f4ng gi\u00f3 n\u1ed1i \u1ed1ng phi 200<\/a><\/p>\n<p class=\"mb-4 leading-relaxed\"><span>C\u1ea5u t\u1ea1o v\u00e0 thi\u1ebft k\u1ebf qu\u1ea1t h\u00fat m\u00f9i n\u1ed1i \u1ed1ng 315<\/span><\/p>\n<p class=\"mb-4 leading-relaxed\">Qu\u1ea1t th\u00f4ng gi\u00f3 n\u1ed1i \u1ed1ng phi 315 KTO 315 \u0111\u01b0\u1ee3c thi\u1ebft k\u1ebf v\u1edbi phi \u1ed1ng D315, d\u1ec5 d\u00e0ng t\u00edch h\u1ee3p v\u00e0o c\u00e1c h\u1ec7 th\u1ed1ng th\u00f4ng gi\u00f3 hi\u1ec7n c\u00f3. V\u1edbi c\u00f4ng su\u1ea5t 265W v\u00e0 t\u1ed1c \u0111\u1ed9 quay 2600 v\u00f2ng\/ph\u00fat, qu\u1ea1t t\u1ea1o ra l\u01b0u l\u01b0\u1ee3ng gi\u00f3 \u1ea5n t\u01b0\u1ee3ng 1800 m\u00b3\/h, \u0111\u1ea3m b\u1ea3o kh\u1ea3 n\u0103ng h\u00fat m\u1ea1nh m\u1ebd, lo\u1ea1i b\u1ecf m\u00f9i v\u00e0 kh\u00ed th\u1ea3i hi\u1ec7u qu\u1ea3.<\/p>\n<p class=\"mb-4 leading-relaxed\">Qu\u1ea1t h\u00fat m\u00f9i n\u1ed1i \u1ed1ng KTO 315 \u0111\u01b0\u1ee3c ch\u1ebf t\u1ea1o t\u1eeb v\u1eadt li\u1ec7u cao c\u1ea5p, \u0111\u1ea3m b\u1ea3o \u0111\u1ed9 b\u1ec1n v\u00e0 kh\u1ea3 n\u0103ng ho\u1ea1t \u0111\u1ed9ng \u1ed5n \u0111\u1ecbnh. Ph\u1ea7n v\u1ecf qu\u1ea1t \u0111\u01b0\u1ee3c l\u00e0m t\u1eeb kim lo\u1ea1i ch\u1ea5t l\u01b0\u1ee3ng cao, ch\u1ecbu l\u1ef1c t\u1ed1t, gi\u00fap b\u1ea3o v\u1ec7 \u0111\u1ed9ng c\u01a1 v\u00e0 c\u00e1c linh ki\u1ec7n b\u00ean trong kh\u1ecfi va \u0111\u1eadp v\u00e0 c\u00e1c t\u00e1c \u0111\u1ed9ng t\u1eeb m\u00f4i tr\u01b0\u1eddng. C\u00e1nh qu\u1ea1t \u0111\u01b0\u1ee3c thi\u1ebft k\u1ebf t\u1ed1i \u01b0u v\u1edbi h\u00ecnh d\u1ea1ng kh\u00ed \u0111\u1ed9ng h\u1ecdc, gi\u00fap t\u0103ng hi\u1ec7u su\u1ea5t l\u01b0u th\u00f4ng kh\u00f4ng kh\u00ed v\u00e0 gi\u1ea3m thi\u1ec3u ti\u1ebfng \u1ed3n khi ho\u1ea1t \u0111\u1ed9ng.<\/p>\n<h2 class=\"py-2 my-4 text-2xl font-bold border-green-500 border-y border-opacity-10\">\u01afu \u0111i\u1ec3m n\u1ed5i b\u1eadt qu\u1ea1t c\u1ea5p gi\u00f3 t\u01b0\u01a1i KTO 315<\/h2>\n<p class=\"mb-4 leading-relaxed\">Hi\u1ec7u su\u1ea5t m\u1ea1nh m\u1ebd: Qu\u1ea1t n\u1ed1i \u1ed1ng 300 v\u1edbi l\u01b0u l\u01b0\u1ee3ng gi\u00f3 1800 m\u00b3\/h, qu\u1ea1t \u0111\u1ea3m b\u1ea3o kh\u1ea3 n\u0103ng h\u00fat m\u00f9i v\u00e0 th\u00f4ng gi\u00f3 nhanh ch\u00f3ng, ph\u00f9 h\u1ee3p cho c\u1ea3 kh\u00f4ng gian l\u1edbn.<\/p>\n<p class=\"mb-4 leading-relaxed\">Ti\u1ebft ki\u1ec7m n\u0103ng l\u01b0\u1ee3ng: C\u00f4ng su\u1ea5t 265W gi\u00fap qu\u1ea1t ho\u1ea1t \u0111\u1ed9ng hi\u1ec7u qu\u1ea3 m\u00e0 v\u1eabn ti\u1ebft ki\u1ec7m \u0111i\u1ec7n n\u0103ng, gi\u1ea3m chi ph\u00ed v\u1eadn h\u00e0nh.<\/p>\n<p class=\"mb-4 leading-relaxed\">D\u1ec5 d\u00e0ng l\u1eafp \u0111\u1eb7t: Thi\u1ebft k\u1ebf phi \u1ed1ng D315 gi\u00fap qu\u1ea1t d\u1ec5 d\u00e0ng k\u1ebft n\u1ed1i v\u00e0o c\u00e1c h\u1ec7 th\u1ed1ng th\u00f4ng gi\u00f3 hi\u1ec7n c\u00f3, ti\u1ebft ki\u1ec7m th\u1eddi gian v\u00e0 c\u00f4ng s\u1ee9c.<\/p>\n<p class=\"mb-4 leading-relaxed\">\u0110\u1ed9 b\u1ec1n cao: Qu\u1ea1t \u1ed1ng \u0111\u01b0\u1ee3c ch\u1ebf t\u1ea1o t\u1eeb c\u00e1c v\u1eadt li\u1ec7u ch\u1ea5t l\u01b0\u1ee3ng cao, \u0111\u1ea3m b\u1ea3o ho\u1ea1t \u0111\u1ed9ng b\u1ec1n b\u1ec9 trong th\u1eddi gian d\u00e0i.<\/p>\n<p class=\"mb-4 leading-relaxed\">Qu\u1ea1t h\u00fat m\u00f9i n\u1ed1i \u1ed1ng KTO 315 l\u00e0 gi\u1ea3i ph\u00e1p l\u00fd t\u01b0\u1edfng cho nhi\u1ec1u kh\u00f4ng gian kh\u00e1c nhau. Trong nh\u00e0 b\u1ebfp, qu\u1ea1t th\u00f4ng gi\u00f3 n\u1ed1i \u1ed1ng phi 315 gi\u00fap lo\u1ea1i b\u1ecf m\u00f9i th\u1ee9c \u0103n, kh\u00f3i v\u00e0 h\u01a1i n\u00f3ng, gi\u1eef kh\u00f4ng gian lu\u00f4n tho\u00e1ng \u0111\u00e3ng. Trong nh\u00e0 v\u1ec7 sinh, qu\u1ea1t gi\u00fap duy tr\u00ec kh\u00f4ng kh\u00ed s\u1ea1ch s\u1ebd, lo\u1ea1i b\u1ecf m\u00f9i h\u00f4i v\u00e0 \u1ea9m m\u1ed1c. Ngo\u00e0i ra, qu\u1ea1t c\u00f2n \u0111\u01b0\u1ee3c \u1ee9ng d\u1ee5ng r\u1ed9ng r\u00e3i trong c\u00e1c khu c\u00f4ng nghi\u1ec7p \u0111\u1ec3 h\u00fat kh\u00ed th\u1ea3i v\u00e0 cung c\u1ea5p kh\u00f4ng kh\u00ed t\u01b0\u01a1i, b\u1ea3o v\u1ec7 s\u1ee9c kh\u1ecfe ng\u01b0\u1eddi lao \u0111\u1ed9ng.<\/p>\n<h2 class=\"py-2 my-4 text-2xl font-bold border-green-500 border-y border-opacity-10\">Vifan &#8211; Th\u01b0\u01a1ng hi\u1ec7u b\u00e1n qu\u1ea1t n\u1ed1i \u1ed1ng 315 uy t\u00edn<\/h2>\n<p class=\"mb-4 leading-relaxed\">Vifan l\u00e0 th\u01b0\u01a1ng hi\u1ec7u uy t\u00edn h\u00e0ng \u0111\u1ea7u trong l\u0129nh v\u1ef1c cung c\u1ea5p <a href=\"https:\/\/quatcongnghiepvifan.com\/quat-hut-noi-ong\/\" class=\"text-red-900\">qu\u1ea1t th\u00f4ng gi\u00f3 h\u00fat m\u00f9i<\/a> .\u00a0 V\u1edbi nhi\u1ec1u n\u0103m kinh nghi\u1ec7m v\u00e0 s\u1ef1 am hi\u1ec3u s\u00e2u s\u1eafc v\u1ec1 nhu c\u1ea7u th\u1ef1c t\u1ebf, ch\u00fang t\u00f4i lu\u00f4n cam k\u1ebft mang \u0111\u1ebfn nh\u1eefng s\u1ea3n ph\u1ea9m ch\u1ea5t l\u01b0\u1ee3ng cao, v\u1eadn h\u00e0nh \u1ed5n \u0111\u1ecbnh v\u00e0 b\u1ec1n b\u1ec9 theo th\u1eddi gian.<\/p>\n<p class=\"mb-4 leading-relaxed\">Qu\u1ea1t h\u00fat m\u00f9i n\u1ed1i \u1ed1ng KTO 315 l\u00e0 m\u1ed9t trong nh\u1eefng d\u00f2ng s\u1ea3n ph\u1ea9m \u0111\u01b0\u1ee3c kh\u00e1ch h\u00e0ng tin t\u01b0\u1edfng l\u1ef1a ch\u1ecdn. S\u1ea3n ph\u1ea9m \u0111\u01b0\u1ee3c b\u1ea3o h\u00e0nh ch\u00ednh h\u00e3ng 12 th\u00e1ng tr\u00ean to\u00e0n qu\u1ed1c, gi\u00fap b\u1ea1n an t\u00e2m tuy\u1ec7t \u0111\u1ed1i trong qu\u00e1 tr\u00ecnh s\u1eed d\u1ee5ng.<\/p>\n","protected":false},"excerpt":{"rendered":"<div class=\"my-4 overflow-hidden bg-white rounded-lg shadow-xl \"><div class=\"overflow-x-auto\"><table class=\"min-w-full\" class=\"min-w-full\">\n<tbody class=\"bg-white divide-y divide-gray-100 \" class=\"bg-white divide-y divide-gray-100 \">\n<tr class=\"transition-all duration-200 ease-in-out group hover:bg-red-50 \" class=\"transition-all duration-200 ease-in-out group hover:bg-red-50 \">\n<td class=\"px-2 py-2 text-sm text-gray-700 transition-colors duration-200 group-hover:text-gray-900 \" class=\"px-2 py-2 text-sm text-gray-700 transition-colors duration-200 group-hover:text-gray-900 \"><strong class=\"font-cal-sans\">M\u00e3 s\u1ea3n ph\u1ea9m<\/strong><\/td>\n<td class=\"px-2 py-2 text-sm text-gray-700 transition-colors duration-200 group-hover:text-gray-900 \" class=\"px-2 py-2 text-sm text-gray-700 transition-colors duration-200 group-hover:text-gray-900 \">:<\/td>\n<td class=\"px-2 py-2 text-sm text-gray-700 transition-colors duration-200 group-hover:text-gray-900 \" class=\"px-2 py-2 text-sm text-gray-700 transition-colors duration-200 group-hover:text-gray-900 \">KTO-315<\/td>\n<\/tr>\n<tr class=\"transition-all duration-200 ease-in-out group hover:bg-red-50 \" class=\"transition-all duration-200 ease-in-out group hover:bg-red-50 \">\n<td class=\"px-2 py-2 text-sm text-gray-700 transition-colors duration-200 group-hover:text-gray-900 \" class=\"px-2 py-2 text-sm text-gray-700 transition-colors duration-200 group-hover:text-gray-900 \"><strong class=\"font-cal-sans\">Th\u01b0\u01a1ng hi\u1ec7u<\/strong><\/td>\n<td class=\"px-2 py-2 text-sm text-gray-700 transition-colors duration-200 group-hover:text-gray-900 \" class=\"px-2 py-2 text-sm text-gray-700 transition-colors duration-200 group-hover:text-gray-900 \">:<\/td>\n<td class=\"px-2 py-2 text-sm text-gray-700 transition-colors duration-200 group-hover:text-gray-900 \" class=\"px-2 py-2 text-sm text-gray-700 transition-colors duration-200 group-hover:text-gray-900 \">ViFan<\/td>\n<\/tr>\n<tr class=\"transition-all duration-200 ease-in-out group hover:bg-red-50 \" class=\"transition-all duration-200 ease-in-out group hover:bg-red-50 \">\n<td class=\"px-2 py-2 text-sm text-gray-700 transition-colors duration-200 group-hover:text-gray-900 \" class=\"px-2 py-2 text-sm text-gray-700 transition-colors duration-200 group-hover:text-gray-900 \"><strong class=\"font-cal-sans\">C\u00f4ng su\u1ea5t<\/strong><\/td>\n<td class=\"px-2 py-2 text-sm text-gray-700 transition-colors duration-200 group-hover:text-gray-900 \" class=\"px-2 py-2 text-sm text-gray-700 transition-colors duration-200 group-hover:text-gray-900 \">:<\/td>\n<td class=\"px-2 py-2 text-sm text-gray-700 transition-colors duration-200 group-hover:text-gray-900 \" class=\"px-2 py-2 text-sm text-gray-700 transition-colors duration-200 group-hover:text-gray-900 \">280 W<\/td>\n<\/tr>\n<tr class=\"transition-all duration-200 ease-in-out group hover:bg-red-50 \" class=\"transition-all duration-200 ease-in-out group hover:bg-red-50 \">\n<td class=\"px-2 py-2 text-sm text-gray-700 transition-colors duration-200 group-hover:text-gray-900 \" class=\"px-2 py-2 text-sm text-gray-700 transition-colors duration-200 group-hover:text-gray-900 \"><strong class=\"font-cal-sans\">C\u1ed9t \u00c1p<\/strong><\/td>\n<td class=\"px-2 py-2 text-sm text-gray-700 transition-colors duration-200 group-hover:text-gray-900 \" class=\"px-2 py-2 text-sm text-gray-700 transition-colors duration-200 group-hover:text-gray-900 \">:<\/td>\n<td class=\"px-2 py-2 text-sm text-gray-700 transition-colors duration-200 group-hover:text-gray-900 \" class=\"px-2 py-2 text-sm text-gray-700 transition-colors duration-200 group-hover:text-gray-900 \">830 Pa<\/td>\n<\/tr>\n<tr class=\"transition-all duration-200 ease-in-out group hover:bg-red-50 \" class=\"transition-all duration-200 ease-in-out group hover:bg-red-50 \">\n<td class=\"px-2 py-2 text-sm text-gray-700 transition-colors duration-200 group-hover:text-gray-900 \" class=\"px-2 py-2 text-sm text-gray-700 transition-colors duration-200 group-hover:text-gray-900 \"><strong class=\"font-cal-sans\">L\u01b0u l\u01b0\u1ee3ng<\/strong><\/td>\n<td class=\"px-2 py-2 text-sm text-gray-700 transition-colors duration-200 group-hover:text-gray-900 \" class=\"px-2 py-2 text-sm text-gray-700 transition-colors duration-200 group-hover:text-gray-900 \">:<\/td>\n<td class=\"px-2 py-2 text-sm text-gray-700 transition-colors duration-200 group-hover:text-gray-900 \" class=\"px-2 py-2 text-sm text-gray-700 transition-colors duration-200 group-hover:text-gray-900 \">1420 m3\/h<\/td>\n<\/tr>\n<tr class=\"transition-all duration-200 ease-in-out group hover:bg-red-50 \" class=\"transition-all duration-200 ease-in-out group hover:bg-red-50 \">\n<td class=\"px-2 py-2 text-sm text-gray-700 transition-colors duration-200 group-hover:text-gray-900 \" class=\"px-2 py-2 text-sm text-gray-700 transition-colors duration-200 group-hover:text-gray-900 \"><strong class=\"font-cal-sans\">B\u1ea3o h\u00e0nh<\/strong><\/td>\n<td class=\"px-2 py-2 text-sm text-gray-700 transition-colors duration-200 group-hover:text-gray-900 \" class=\"px-2 py-2 text-sm text-gray-700 transition-colors duration-200 group-hover:text-gray-900 \">:<\/td>\n<td class=\"px-2 py-2 text-sm text-gray-700 transition-colors duration-200 group-hover:text-gray-900 \" class=\"px-2 py-2 text-sm text-gray-700 transition-colors duration-200 group-hover:text-gray-900 \">12 th\u00e1ng<\/td>\n<\/tr>\n<tr class=\"transition-all duration-200 ease-in-out group hover:bg-red-50 \" class=\"transition-all duration-200 ease-in-out group hover:bg-red-50 \">\n<td class=\"px-2 py-2 text-sm text-gray-700 transition-colors duration-200 group-hover:text-gray-900 \" class=\"px-2 py-2 text-sm text-gray-700 transition-colors duration-200 group-hover:text-gray-900 \"><strong class=\"font-cal-sans\">Xu\u1ea5t x\u1ee9<\/strong><\/td>\n<td class=\"px-2 py-2 text-sm text-gray-700 transition-colors duration-200 group-hover:text-gray-900 \" class=\"px-2 py-2 text-sm text-gray-700 transition-colors duration-200 group-hover:text-gray-900 \">:<\/td>\n<td class=\"px-2 py-2 text-sm text-gray-700 transition-colors duration-200 group-hover:text-gray-900 \" class=\"px-2 py-2 text-sm text-gray-700 transition-colors duration-200 group-hover:text-gray-900 \">Trung Qu\u1ed1c<\/td>\n<\/tr>\n<\/tbody>\n<\/table><\/div><\/div>\n<p class=\"mb-4 leading-relaxed\">&nbsp;<\/p>\n","protected":false},"featured_media":189,"template":"","meta":{"footnotes":""},"product_cat":[14],"product_tag":[],"ztteam_product_brand":[],"class_list":["post-188","product","type-product","status-publish","has-post-thumbnail","hentry","product_cat-quat-hut-noi-ong"],"meta_box":{"_sku":"KTO-315","_regular_price":"14753215","_sale_price":"11508429","_price":"11508429","_stock_status":"instock","_stock":"50","_manage_stock":"1","_weight":"","_length":"","_width":"","_height":"","_product_image_gallery":[{"width":150,"height":150,"file":"2026\/03\/quat-thong-gio-noi-ong-phi-315.png","filesize":44747,"sizes":[],"image_meta":{"aperture":"0","credit":"","camera":"","caption":"","created_timestamp":"0","copyright":"","focal_length":"0","iso":"0","shutter_speed":"0","title":"","orientation":"0","keywords":[]},"ID":"189","name":"quat-thong-gio-noi-ong-phi-315.png","path":"\/home\/dev.wptheme.store\/public_html\/s\/wpquat\/wp-content\/uploads\/2026\/03\/quat-thong-gio-noi-ong-phi-315.png","url":"https:\/\/dev.wptheme.store\/s\/wpquat\/wp-content\/uploads\/2026\/03\/quat-thong-gio-noi-ong-phi-315.png","full_url":"https:\/\/dev.wptheme.store\/s\/wpquat\/wp-content\/uploads\/2026\/03\/quat-thong-gio-noi-ong-phi-315.png","title":"Qu\u1ea1t Th\u00f4ng Gi\u00f3 N\u1ed1i \u1ed0ng Phi 315","caption":"","description":"","alt":"","srcset":false}],"_featured":"0","_visibility":"visible","_virtual":"","_downloadable":"","product_type":"simple","product_attributes":[],"color_variations":[],"size_variations":[],"storage_variations":[],"material_variations":[]},"_links":{"self":[{"href":"https:\/\/dev.wptheme.store\/s\/wpquat\/wp-json\/wp\/v2\/product\/188","targetHints":{"allow":["GET"]}}],"collection":[{"href":"https:\/\/dev.wptheme.store\/s\/wpquat\/wp-json\/wp\/v2\/product"}],"about":[{"href":"https:\/\/dev.wptheme.store\/s\/wpquat\/wp-json\/wp\/v2\/types\/product"}],"version-history":[{"count":0,"href":"https:\/\/dev.wptheme.store\/s\/wpquat\/wp-json\/wp\/v2\/product\/188\/revisions"}],"wp:featuredmedia":[{"embeddable":true,"href":"https:\/\/dev.wptheme.store\/s\/wpquat\/wp-json\/wp\/v2\/media\/189"}],"wp:attachment":[{"href":"https:\/\/dev.wptheme.store\/s\/wpquat\/wp-json\/wp\/v2\/media?parent=188"}],"wp:term":[{"taxonomy":"product_cat","embeddable":true,"href":"https:\/\/dev.wptheme.store\/s\/wpquat\/wp-json\/wp\/v2\/product_cat?post=188"},{"taxonomy":"product_tag","embeddable":true,"href":"https:\/\/dev.wptheme.store\/s\/wpquat\/wp-json\/wp\/v2\/product_tag?post=188"},{"taxonomy":"ztteam_product_brand","embeddable":true,"href":"https:\/\/dev.wptheme.store\/s\/wpquat\/wp-json\/wp\/v2\/ztteam_product_brand?post=188"}],"curies":[{"name":"wp","href":"https:\/\/api.w.org\/{rel}","templated":true}]}}