{"id":194,"date":"2026-03-16T08:50:34","date_gmt":"2026-03-16T01:50:34","guid":{"rendered":"https:\/\/dev.wptheme.store\/s\/wpquat\/product\/quat-thong-gio-noi-ong-phi-150\/"},"modified":"2026-03-16T08:50:34","modified_gmt":"2026-03-16T01:50:34","slug":"quat-thong-gio-noi-ong-phi-150","status":"publish","type":"product","link":"https:\/\/dev.wptheme.store\/s\/wpquat\/product\/quat-thong-gio-noi-ong-phi-150\/","title":{"rendered":"Qu\u1ea1t Th\u00f4ng Gi\u00f3 N\u1ed1i \u1ed0ng Phi 150"},"content":{"rendered":"<p class=\"mb-4 leading-relaxed\">Qu\u1ea1t th\u00f4ng gi\u00f3 n\u1ed1i \u1ed1ng phi 150, \u0111\u1eb7c bi\u1ec7t l\u00e0 d\u00f2ng qu\u1ea1t h\u00fat m\u00f9i n\u1ed1i \u1ed1ng, gi\u00fap c\u1ea3i thi\u1ec7n l\u01b0u th\u00f4ng kh\u00f4ng kh\u00ed, mang l\u1ea1i m\u1ed9t m\u00f4i tr\u01b0\u1eddng trong l\u00e0nh v\u00e0 d\u1ec5 ch\u1ecbu cho ng\u01b0\u1eddi s\u1eed d\u1ee5ng. V\u1edbi k\u00edch th\u01b0\u1edbc ti\u00eau chu\u1ea9n c\u1ee7a \u1ed1ng n\u1ed1i l\u00e0 150mm, qu\u1ea1t n\u00e0y d\u1ec5 d\u00e0ng l\u1eafp \u0111\u1eb7t v\u00e0 t\u01b0\u01a1ng th\u00edch v\u1edbi h\u1ea7u h\u1ebft c\u00e1c h\u1ec7 th\u1ed1ng \u1ed1ng gi\u00f3 \u00e2m tr\u1ea7n hi\u1ec7n c\u00f3. \u0110\u1eb7c bi\u1ec7t, v\u1edbi thi\u1ebft k\u1ebf nh\u1ecf g\u1ecdn v\u00e0 hi\u1ec7u su\u1ea5t l\u00e0m vi\u1ec7c m\u1ea1nh m\u1ebd, qu\u1ea1t th\u00f4ng gi\u00f3 n\u1ed1i \u1ed1ng phi 150 Vifan s\u1ebd mang \u0111\u1ebfn m\u1ed9t gi\u1ea3i ph\u00e1p th\u00f4ng gi\u00f3 t\u1ed1i \u01b0u cho kh\u00f4ng gian s\u1ed1ng v\u00e0 l\u00e0m vi\u1ec7c c\u1ee7a b\u1ea1n.<\/p>\n<h2 class=\"py-2 my-4 text-2xl font-bold border-green-500 border-y border-opacity-10\">Th\u00f4ng s\u1ed1 k\u1ef9 thu\u1eadt qu\u1ea1t th\u00f4ng gi\u00f3 n\u1ed1i \u1ed1ng phi 150 Vifan<\/h2>\n<ul class=\"mb-4 space-y-1 list-none\">\n<li class=\"flex items-center gap-3 leading-relaxed text-gray-800 \"><div class=\"flex items-center justify-center w-5 h-5 bg-red-100 rounded-full shrink-0\"><svg class=\"w-3 h-3 text-red-600\" fill=\"none\" stroke=\"currentColor\" stroke- viewBox=\"0 0 24 24\"><path stroke-linecap=\"round\" stroke-linejoin=\"round\" d=\"M5 13l4 4L19 7\" \/><\/svg><\/div><div class=\"flex-1\">C\u00f4ng su\u1ea5t: 130W<\/div><\/li>\n<li class=\"flex items-center gap-3 leading-relaxed text-gray-800 \"><div class=\"flex items-center justify-center w-5 h-5 bg-red-100 rounded-full shrink-0\"><svg class=\"w-3 h-3 text-red-600\" fill=\"none\" stroke=\"currentColor\" stroke- viewBox=\"0 0 24 24\"><path stroke-linecap=\"round\" stroke-linejoin=\"round\" d=\"M5 13l4 4L19 7\" \/><\/svg><\/div><div class=\"flex-1\">L\u01b0u l\u01b0\u1ee3ng gi\u00f3: 720 m\u00b3\/h<\/div><\/li>\n<li class=\"flex items-center gap-3 leading-relaxed text-gray-800 \"><div class=\"flex items-center justify-center w-5 h-5 bg-red-100 rounded-full shrink-0\"><svg class=\"w-3 h-3 text-red-600\" fill=\"none\" stroke=\"currentColor\" stroke- viewBox=\"0 0 24 24\"><path stroke-linecap=\"round\" stroke-linejoin=\"round\" d=\"M5 13l4 4L19 7\" \/><\/svg><\/div><div class=\"flex-1\">T\u1ed1c \u0111\u1ed9 quay: 2150 v\/p<\/div><\/li>\n<li class=\"flex items-center gap-3 leading-relaxed text-gray-800 \"><div class=\"flex items-center justify-center w-5 h-5 bg-red-100 rounded-full shrink-0\"><svg class=\"w-3 h-3 text-red-600\" fill=\"none\" stroke=\"currentColor\" stroke- viewBox=\"0 0 24 24\"><path stroke-linecap=\"round\" stroke-linejoin=\"round\" d=\"M5 13l4 4L19 7\" \/><\/svg><\/div><div class=\"flex-1\">\u00c1p su\u1ea5t: 400 Pa<\/div><\/li>\n<li class=\"flex items-center gap-3 leading-relaxed text-gray-800 \"><div class=\"flex items-center justify-center w-5 h-5 bg-red-100 rounded-full shrink-0\"><svg class=\"w-3 h-3 text-red-600\" fill=\"none\" stroke=\"currentColor\" stroke- viewBox=\"0 0 24 24\"><path stroke-linecap=\"round\" stroke-linejoin=\"round\" d=\"M5 13l4 4L19 7\" \/><\/svg><\/div><div class=\"flex-1\">\u0110\u1ed9 \u1ed3n: 52 dB<\/div><\/li>\n<li class=\"flex items-center gap-3 leading-relaxed text-gray-800 \"><div class=\"flex items-center justify-center w-5 h-5 bg-red-100 rounded-full shrink-0\"><svg class=\"w-3 h-3 text-red-600\" fill=\"none\" stroke=\"currentColor\" stroke- viewBox=\"0 0 24 24\"><path stroke-linecap=\"round\" stroke-linejoin=\"round\" d=\"M5 13l4 4L19 7\" \/><\/svg><\/div><div class=\"flex-1\">Kh\u1ed1i l\u01b0\u1ee3ng: 3,5 Kg<\/div><\/li>\n<li class=\"flex items-center gap-3 leading-relaxed text-gray-800 \"><div class=\"flex items-center justify-center w-5 h-5 bg-red-100 rounded-full shrink-0\"><svg class=\"w-3 h-3 text-red-600\" fill=\"none\" stroke=\"currentColor\" stroke- viewBox=\"0 0 24 24\"><path stroke-linecap=\"round\" stroke-linejoin=\"round\" d=\"M5 13l4 4L19 7\" \/><\/svg><\/div><div class=\"flex-1\">M\u00e0u s\u1eafc: S\u01a1n t\u0129nh \u0111i\u1ec7n m\u00e0u \u0111en<\/div><\/li>\n<\/ul>\n<p class=\"mb-4 leading-relaxed\">Xem th\u00eam c\u00e1c model kh\u00e1c:<\/p>\n<p class=\"mb-4 leading-relaxed\"><a href=\"https:\/\/quatcongnghiepvifan.com\/quat-thong-gio-noi-ong-phi-125\/\" class=\"text-red-900\">Qu\u1ea1t th\u00f4ng gi\u00f3 n\u1ed1i \u1ed1ng phi 125<\/a><\/p>\n<p class=\"mb-4 leading-relaxed\"><a href=\"https:\/\/quatcongnghiepvifan.com\/quat-thong-gio-noi-ong-phi-100-2\/\" class=\"text-red-900\">Qu\u1ea1t th\u00f4ng gi\u00f3 n\u1ed1i \u1ed1ng phi 100<\/a><\/p>\n<h2 class=\"py-2 my-4 text-2xl font-bold border-green-500 border-y border-opacity-10\">C\u1ea5u t\u1ea1o qu\u1ea1t h\u00fat m\u00f9i n\u1ed1i \u1ed1ng KTO-150<\/h2>\n<p class=\"mb-4 leading-relaxed\">Qu\u1ea1t th\u00f4ng gi\u00f3 n\u1ed1i \u1ed1ng phi 150 Vifan c\u00f3 c\u1ea5u t\u1ea1o bao g\u1ed3m:<\/p>\n<ul class=\"mb-4 space-y-1 list-none\">\n<li class=\"flex items-center gap-3 leading-relaxed text-gray-800 \"><div class=\"flex items-center justify-center w-5 h-5 bg-red-100 rounded-full shrink-0\"><svg class=\"w-3 h-3 text-red-600\" fill=\"none\" stroke=\"currentColor\" stroke- viewBox=\"0 0 24 24\"><path stroke-linecap=\"round\" stroke-linejoin=\"round\" d=\"M5 13l4 4L19 7\" \/><\/svg><\/div><div class=\"flex-1\">Th\u00e2n v\u00e0 v\u1ecf qu\u1ea1t: L\u00e0m t\u1eeb th\u00e9p s\u01a1n t\u0129nh \u0111i\u1ec7n cao c\u1ea5p, ch\u1ed1ng g\u1ec9 s\u00e9t, gi\u00fap qu\u1ea1t c\u00f3 tu\u1ed5i th\u1ecd l\u00e2u d\u00e0i, ch\u1ecbu \u0111\u01b0\u1ee3c m\u00f4i tr\u01b0\u1eddng \u1ea9m \u01b0\u1edbt.<\/div><\/li>\n<li class=\"flex items-center gap-3 leading-relaxed text-gray-800 \"><div class=\"flex items-center justify-center w-5 h-5 bg-red-100 rounded-full shrink-0\"><svg class=\"w-3 h-3 text-red-600\" fill=\"none\" stroke=\"currentColor\" stroke- viewBox=\"0 0 24 24\"><path stroke-linecap=\"round\" stroke-linejoin=\"round\" d=\"M5 13l4 4L19 7\" \/><\/svg><\/div><div class=\"flex-1\">C\u00e1nh qu\u1ea1t: \u0110\u01b0\u1ee3c thi\u1ebft k\u1ebf ki\u1ec3u ly t\u00e2m, gi\u00fap t\u1ea1o ra s\u1ee9c gi\u00f3 m\u1ea1nh m\u1ebd v\u00e0 l\u1ef1c h\u00fat hi\u1ec7u qu\u1ea3, l\u00e0m cho kh\u00f4ng kh\u00ed \u0111\u01b0\u1ee3c l\u01b0u th\u00f4ng \u0111\u1ec1u v\u00e0 nhanh ch\u00f3ng.<\/div><\/li>\n<li class=\"flex items-center gap-3 leading-relaxed text-gray-800 \"><div class=\"flex items-center justify-center w-5 h-5 bg-red-100 rounded-full shrink-0\"><svg class=\"w-3 h-3 text-red-600\" fill=\"none\" stroke=\"currentColor\" stroke- viewBox=\"0 0 24 24\"><path stroke-linecap=\"round\" stroke-linejoin=\"round\" d=\"M5 13l4 4L19 7\" \/><\/svg><\/div><div class=\"flex-1\">\u0110\u1ed9ng c\u01a1: S\u1eed d\u1ee5ng \u0111\u1ed9ng c\u01a1 l\u00f5i \u0111\u1ed3ng nguy\u00ean ch\u1ea5t, gi\u00fap qu\u1ea1t ho\u1ea1t \u0111\u1ed9ng b\u1ec1n b\u1ec9, kh\u00f4ng g\u00e2y n\u00f3ng hay ch\u00e1y n\u1ed5, ti\u1ebft ki\u1ec7m n\u0103ng l\u01b0\u1ee3ng.<\/div><\/li>\n<\/ul>\n<h2 class=\"py-2 my-4 text-2xl font-bold border-green-500 border-y border-opacity-10\">L\u00fd do n\u00ean ch\u1ecdn qu\u1ea1t th\u00f4ng gi\u00f3 n\u1ed1i \u1ed1ng 150<\/h2>\n<p class=\"mb-4 leading-relaxed\">Hi\u1ec7u su\u1ea5t h\u00fat cao: Qu\u1ea1t th\u00f4ng gi\u00f3 n\u1ed1i \u1ed1ng phi 150 Vifan mang \u0111\u1ebfn kh\u1ea3 n\u0103ng h\u00fat gi\u00f3 m\u1ea1nh m\u1ebd, gi\u00fap kh\u00f4ng gian c\u1ee7a b\u1ea1n lu\u00f4n th\u00f4ng tho\u00e1ng. T\u1ed1c \u0111\u1ed9 quay \u0111\u1ea1t 2150 v\/p, t\u1ea1o ra l\u01b0u l\u01b0\u1ee3ng gi\u00f3 l\u00ean t\u1edbi 720 m\u00b3\/h, gi\u00fap kh\u00f4ng kh\u00ed \u0111\u01b0\u1ee3c l\u01b0u th\u00f4ng li\u00ean t\u1ee5c v\u00e0 hi\u1ec7u qu\u1ea3.<\/p>\n<p class=\"mb-4 leading-relaxed\">C\u1ea5p kh\u00ed t\u01b0\u01a1i: Qu\u1ea1t h\u00fat n\u1ed1i \u1ed1ng gi\u00fap cung c\u1ea5p kh\u00ed t\u01b0\u01a1i v\u00e0o kh\u00f4ng gian, t\u1ea1o ra m\u1ed9t m\u00f4i tr\u01b0\u1eddng s\u1ed1ng v\u00e0 l\u00e0m vi\u1ec7c trong l\u00e0nh v\u00e0 kh\u1ecfe m\u1ea1nh. \u0110\u1eb7c bi\u1ec7t, s\u1ea3n ph\u1ea9m c\u00f3 kh\u1ea3 n\u0103ng l\u00e0m m\u00e1t, gi\u1ea3m nhi\u1ec7t v\u00e0 h\u00fat m\u00f9i hi\u1ec7u qu\u1ea3, l\u00fd t\u01b0\u1edfng cho c\u00e1c khu v\u1ef1c nh\u01b0 b\u1ebfp, nh\u00e0 v\u1ec7 sinh, ho\u1eb7c ph\u00f2ng l\u00e0m vi\u1ec7c k\u00edn.<\/p>\n<p class=\"mb-4 leading-relaxed\">L\u1eafp \u0111\u1eb7t d\u1ec5 d\u00e0ng v\u00e0 linh ho\u1ea1t: V\u1edbi thi\u1ebft k\u1ebf nh\u1ecf g\u1ecdn v\u00e0 c\u00e1c kh\u1edbp n\u1ed1i linh ho\u1ea1t, qu\u1ea1t th\u00f4ng gi\u00f3 n\u1ed1i \u1ed1ng phi 150 Vifan c\u00f3 th\u1ec3 l\u1eafp \u0111\u1eb7t \u1edf nhi\u1ec1u v\u1ecb tr\u00ed kh\u00e1c nhau trong kh\u00f4ng gian. B\u1ea1n c\u00f3 th\u1ec3 d\u1ec5 d\u00e0ng l\u1eafp \u0111\u1eb7t qu\u1ea1t \u1edf t\u01b0\u1eddng, tr\u1ea7n ho\u1eb7c c\u00e1c khu v\u1ef1c kh\u00e1c m\u00e0 kh\u00f4ng lo ng\u1ea1i v\u1ec1 di\u1ec7n t\u00edch hay c\u1ea5u tr\u00fac kh\u00f4ng gian.<\/p>\n<p class=\"mb-4 leading-relaxed\">Ti\u1ebft ki\u1ec7m n\u0103ng l\u01b0\u1ee3ng v\u00e0 b\u1ec1n b\u1ec9: Qu\u1ea1t \u0111\u01b0\u1ee3c trang b\u1ecb \u0111\u1ed9ng c\u01a1 ti\u1ebft ki\u1ec7m n\u0103ng l\u01b0\u1ee3ng, gi\u00fap gi\u1ea3m chi ph\u00ed \u0111i\u1ec7n n\u0103ng m\u00e0 v\u1eabn duy tr\u00ec hi\u1ec7u su\u1ea5t l\u00e0m vi\u1ec7c \u1ed5n \u0111\u1ecbnh trong th\u1eddi gian d\u00e0i. V\u1edbi \u0111\u1ed9 b\u1ec1n cao, qu\u1ea1t th\u00f4ng gi\u00f3 n\u1ed1i \u1ed1ng phi 150 Vifan s\u1ebd l\u00e0 s\u1ef1 l\u1ef1a ch\u1ecdn ti\u1ebft ki\u1ec7m cho b\u1ea1n.<\/p>\n<h2 class=\"py-2 my-4 text-2xl font-bold border-green-500 border-y border-opacity-10\">\u1ee8ng d\u1ee5ng qu\u1ea1t h\u00fat m\u00f9i n\u1ed1i \u1ed1ng 150<\/h2>\n<p class=\"mb-4 leading-relaxed\">Kh\u00f4ng gian sinh ho\u1ea1t: Qu\u1ea1t th\u00f4ng gi\u00f3 n\u1ed1i \u1ed1ng phi 150 Vifan r\u1ea5t th\u00edch h\u1ee3p l\u1eafp \u0111\u1eb7t trong c\u00e1c c\u0103n h\u1ed9, ph\u00f2ng ng\u1ee7, ph\u00f2ng kh\u00e1ch \u0111\u1ec3 c\u1ea3i thi\u1ec7n kh\u00f4ng kh\u00ed v\u00e0 gi\u1ea3m thi\u1ec3u m\u00f9i h\u00f4i trong nh\u00e0.<\/p>\n<p class=\"mb-4 leading-relaxed\">Nh\u00e0 b\u1ebfp v\u00e0 nh\u00e0 v\u1ec7 sinh: Qu\u1ea1t c\u00f3 kh\u1ea3 n\u0103ng h\u00fat m\u00f9i, gi\u1ea3m nhi\u1ec7t \u0111\u1ed9 v\u00e0 cung c\u1ea5p kh\u00f4ng kh\u00ed t\u01b0\u01a1i m\u1edbi, r\u1ea5t ph\u00f9 h\u1ee3p cho c\u00e1c kh\u00f4ng gian b\u1ebfp ho\u1eb7c nh\u00e0 v\u1ec7 sinh.<\/p>\n<p class=\"mb-4 leading-relaxed\">Nh\u00e0 x\u01b0\u1edfng, c\u00f4ng x\u01b0\u1edfng: Qu\u1ea1t gi\u00fap t\u1ea1o ra lu\u1ed3ng kh\u00f4ng kh\u00ed trong l\u00e0nh, gi\u1ea3m \u0111\u1ed9 \u1ea9m v\u00e0 m\u00f9i kh\u00f3 ch\u1ecbu trong c\u00e1c nh\u00e0 m\u00e1y, khu v\u1ef1c s\u1ea3n xu\u1ea5t.<\/p>\n<h2 class=\"py-2 my-4 text-2xl font-bold border-green-500 border-y border-opacity-10\">T\u1ea1i sao n\u00ean s\u1eed d\u1ee5ng qu\u1ea1t n\u1ed1i \u1ed1ng Vifan?<\/h2>\n<p class=\"mb-4 leading-relaxed\">Vifan l\u00e0 th\u01b0\u01a1ng hi\u1ec7u n\u1ed5i ti\u1ebfng v\u1edbi c\u00e1c s\u1ea3n ph\u1ea9m <a href=\"https:\/\/quatcongnghiepvifan.com\/quat-hut-noi-ong\/\" class=\"text-red-900\">qu\u1ea1t th\u00f4ng gi\u00f3 n\u1ed1i \u1ed1ng<\/a> ch\u1ea5t l\u01b0\u1ee3ng cao, \u0111\u01b0\u1ee3c b\u1ea3o h\u00e0nh l\u00ean \u0111\u1ebfn 12 th\u00e1ng. C\u00e1c s\u1ea3n ph\u1ea9m c\u1ee7a Vifan cam k\u1ebft mang \u0111\u1ebfn s\u1ef1 h\u00e0i l\u00f2ng tuy\u1ec7t \u0111\u1ed1i v\u1edbi kh\u00e1ch h\u00e0ng nh\u1edd v\u00e0o ch\u1ea5t l\u01b0\u1ee3ng v\u01b0\u1ee3t tr\u1ed9i, \u0111\u1ed9 b\u1ec1n cao v\u00e0 kh\u1ea3 n\u0103ng v\u1eadn h\u00e0nh \u1ed5n \u0111\u1ecbnh.<\/p>\n<p class=\"mb-4 leading-relaxed\">H\u00e3y l\u1ef1a ch\u1ecdn qu\u1ea1t th\u00f4ng gi\u00f3 n\u1ed1i \u1ed1ng phi 150 Vifan \u0111\u1ec3 \u0111\u1ea3m b\u1ea3o kh\u00f4ng gian s\u1ed1ng v\u00e0 l\u00e0m vi\u1ec7c c\u1ee7a b\u1ea1n lu\u00f4n th\u00f4ng tho\u00e1ng, s\u1ea1ch s\u1ebd v\u00e0 \u0111\u1ea7y \u0111\u1ee7 kh\u00f4ng kh\u00ed t\u01b0\u01a1i m\u1edbi. \u0110\u1ec3 bi\u1ebft th\u00eam th\u00f4ng tin chi ti\u1ebft ho\u1eb7c \u0111\u1eb7t mua s\u1ea3n ph\u1ea9m, h\u00e3y li\u00ean h\u1ec7 v\u1edbi ch\u00fang t\u00f4i ngay h\u00f4m nay!<\/p>\n","protected":false},"excerpt":{"rendered":"<div class=\"my-4 overflow-hidden bg-white rounded-lg shadow-xl \"><div class=\"overflow-x-auto\"><table class=\"min-w-full\" class=\"min-w-full\">\n<tbody class=\"bg-white divide-y divide-gray-100 \" class=\"bg-white divide-y divide-gray-100 \">\n<tr class=\"transition-all duration-200 ease-in-out group hover:bg-red-50 \" class=\"transition-all duration-200 ease-in-out group hover:bg-red-50 \">\n<td class=\"px-2 py-2 text-sm text-gray-700 transition-colors duration-200 group-hover:text-gray-900 \" class=\"px-2 py-2 text-sm text-gray-700 transition-colors duration-200 group-hover:text-gray-900 \"><strong class=\"font-cal-sans\">M\u00e3 s\u1ea3n ph\u1ea9m<\/strong><\/td>\n<td class=\"px-2 py-2 text-sm text-gray-700 transition-colors duration-200 group-hover:text-gray-900 \" class=\"px-2 py-2 text-sm text-gray-700 transition-colors duration-200 group-hover:text-gray-900 \">:<\/td>\n<td class=\"px-2 py-2 text-sm text-gray-700 transition-colors duration-200 group-hover:text-gray-900 \" class=\"px-2 py-2 text-sm text-gray-700 transition-colors duration-200 group-hover:text-gray-900 \">KTO-150<\/td>\n<\/tr>\n<tr class=\"transition-all duration-200 ease-in-out group hover:bg-red-50 \" class=\"transition-all duration-200 ease-in-out group hover:bg-red-50 \">\n<td class=\"px-2 py-2 text-sm text-gray-700 transition-colors duration-200 group-hover:text-gray-900 \" class=\"px-2 py-2 text-sm text-gray-700 transition-colors duration-200 group-hover:text-gray-900 \"><strong class=\"font-cal-sans\">Th\u01b0\u01a1ng hi\u1ec7u<\/strong><\/td>\n<td class=\"px-2 py-2 text-sm text-gray-700 transition-colors duration-200 group-hover:text-gray-900 \" class=\"px-2 py-2 text-sm text-gray-700 transition-colors duration-200 group-hover:text-gray-900 \">:<\/td>\n<td class=\"px-2 py-2 text-sm text-gray-700 transition-colors duration-200 group-hover:text-gray-900 \" class=\"px-2 py-2 text-sm text-gray-700 transition-colors duration-200 group-hover:text-gray-900 \">ViFan<\/td>\n<\/tr>\n<tr class=\"transition-all duration-200 ease-in-out group hover:bg-red-50 \" class=\"transition-all duration-200 ease-in-out group hover:bg-red-50 \">\n<td class=\"px-2 py-2 text-sm text-gray-700 transition-colors duration-200 group-hover:text-gray-900 \" class=\"px-2 py-2 text-sm text-gray-700 transition-colors duration-200 group-hover:text-gray-900 \"><strong class=\"font-cal-sans\">C\u00f4ng su\u1ea5t<\/strong><\/td>\n<td class=\"px-2 py-2 text-sm text-gray-700 transition-colors duration-200 group-hover:text-gray-900 \" class=\"px-2 py-2 text-sm text-gray-700 transition-colors duration-200 group-hover:text-gray-900 \">:<\/td>\n<td class=\"px-2 py-2 text-sm text-gray-700 transition-colors duration-200 group-hover:text-gray-900 \" class=\"px-2 py-2 text-sm text-gray-700 transition-colors duration-200 group-hover:text-gray-900 \">130 W<\/td>\n<\/tr>\n<tr class=\"transition-all duration-200 ease-in-out group hover:bg-red-50 \" class=\"transition-all duration-200 ease-in-out group hover:bg-red-50 \">\n<td class=\"px-2 py-2 text-sm text-gray-700 transition-colors duration-200 group-hover:text-gray-900 \" class=\"px-2 py-2 text-sm text-gray-700 transition-colors duration-200 group-hover:text-gray-900 \"><strong class=\"font-cal-sans\">C\u1ed9t \u00c1p<\/strong><\/td>\n<td class=\"px-2 py-2 text-sm text-gray-700 transition-colors duration-200 group-hover:text-gray-900 \" class=\"px-2 py-2 text-sm text-gray-700 transition-colors duration-200 group-hover:text-gray-900 \">:<\/td>\n<td class=\"px-2 py-2 text-sm text-gray-700 transition-colors duration-200 group-hover:text-gray-900 \" class=\"px-2 py-2 text-sm text-gray-700 transition-colors duration-200 group-hover:text-gray-900 \">400 Pa<\/td>\n<\/tr>\n<tr class=\"transition-all duration-200 ease-in-out group hover:bg-red-50 \" class=\"transition-all duration-200 ease-in-out group hover:bg-red-50 \">\n<td class=\"px-2 py-2 text-sm text-gray-700 transition-colors duration-200 group-hover:text-gray-900 \" class=\"px-2 py-2 text-sm text-gray-700 transition-colors duration-200 group-hover:text-gray-900 \"><strong class=\"font-cal-sans\">L\u01b0u l\u01b0\u1ee3ng<\/strong><\/td>\n<td class=\"px-2 py-2 text-sm text-gray-700 transition-colors duration-200 group-hover:text-gray-900 \" class=\"px-2 py-2 text-sm text-gray-700 transition-colors duration-200 group-hover:text-gray-900 \">:<\/td>\n<td class=\"px-2 py-2 text-sm text-gray-700 transition-colors duration-200 group-hover:text-gray-900 \" class=\"px-2 py-2 text-sm text-gray-700 transition-colors duration-200 group-hover:text-gray-900 \">720 m3\/h<\/td>\n<\/tr>\n<tr class=\"transition-all duration-200 ease-in-out group hover:bg-red-50 \" class=\"transition-all duration-200 ease-in-out group hover:bg-red-50 \">\n<td class=\"px-2 py-2 text-sm text-gray-700 transition-colors duration-200 group-hover:text-gray-900 \" class=\"px-2 py-2 text-sm text-gray-700 transition-colors duration-200 group-hover:text-gray-900 \"><strong class=\"font-cal-sans\">B\u1ea3o h\u00e0nh<\/strong><\/td>\n<td class=\"px-2 py-2 text-sm text-gray-700 transition-colors duration-200 group-hover:text-gray-900 \" class=\"px-2 py-2 text-sm text-gray-700 transition-colors duration-200 group-hover:text-gray-900 \">:<\/td>\n<td class=\"px-2 py-2 text-sm text-gray-700 transition-colors duration-200 group-hover:text-gray-900 \" class=\"px-2 py-2 text-sm text-gray-700 transition-colors duration-200 group-hover:text-gray-900 \">12 th\u00e1ng<\/td>\n<\/tr>\n<tr class=\"transition-all duration-200 ease-in-out group hover:bg-red-50 \" class=\"transition-all duration-200 ease-in-out group hover:bg-red-50 \">\n<td class=\"px-2 py-2 text-sm text-gray-700 transition-colors duration-200 group-hover:text-gray-900 \" class=\"px-2 py-2 text-sm text-gray-700 transition-colors duration-200 group-hover:text-gray-900 \"><strong class=\"font-cal-sans\">Xu\u1ea5t x\u1ee9<\/strong><\/td>\n<td class=\"px-2 py-2 text-sm text-gray-700 transition-colors duration-200 group-hover:text-gray-900 \" class=\"px-2 py-2 text-sm text-gray-700 transition-colors duration-200 group-hover:text-gray-900 \">:<\/td>\n<td class=\"px-2 py-2 text-sm text-gray-700 transition-colors duration-200 group-hover:text-gray-900 \" class=\"px-2 py-2 text-sm text-gray-700 transition-colors duration-200 group-hover:text-gray-900 \">Trung Qu\u1ed1c<\/td>\n<\/tr>\n<\/tbody>\n<\/table><\/div><\/div>\n","protected":false},"featured_media":195,"template":"","meta":{"footnotes":""},"product_cat":[14],"product_tag":[],"ztteam_product_brand":[],"class_list":["post-194","product","type-product","status-publish","has-post-thumbnail","hentry","product_cat-quat-hut-noi-ong"],"meta_box":{"_sku":"KTO-150","_regular_price":"13467083","_sale_price":"10258479","_price":"10258479","_stock_status":"instock","_stock":"50","_manage_stock":"1","_weight":"","_length":"","_width":"","_height":"","_product_image_gallery":[{"width":150,"height":150,"file":"2026\/03\/quat-noi-ong-150.png","filesize":68213,"sizes":[],"image_meta":{"aperture":"0","credit":"","camera":"","caption":"","created_timestamp":"0","copyright":"","focal_length":"0","iso":"0","shutter_speed":"0","title":"","orientation":"0","keywords":[]},"ID":"195","name":"quat-noi-ong-150.png","path":"\/home\/dev.wptheme.store\/public_html\/s\/wpquat\/wp-content\/uploads\/2026\/03\/quat-noi-ong-150.png","url":"https:\/\/dev.wptheme.store\/s\/wpquat\/wp-content\/uploads\/2026\/03\/quat-noi-ong-150.png","full_url":"https:\/\/dev.wptheme.store\/s\/wpquat\/wp-content\/uploads\/2026\/03\/quat-noi-ong-150.png","title":"Qu\u1ea1t Th\u00f4ng Gi\u00f3 N\u1ed1i \u1ed0ng Phi 150","caption":"","description":"","alt":"","srcset":false}],"_featured":"0","_visibility":"visible","_virtual":"","_downloadable":"","product_type":"simple","product_attributes":[],"color_variations":[],"size_variations":[],"storage_variations":[],"material_variations":[]},"_links":{"self":[{"href":"https:\/\/dev.wptheme.store\/s\/wpquat\/wp-json\/wp\/v2\/product\/194","targetHints":{"allow":["GET"]}}],"collection":[{"href":"https:\/\/dev.wptheme.store\/s\/wpquat\/wp-json\/wp\/v2\/product"}],"about":[{"href":"https:\/\/dev.wptheme.store\/s\/wpquat\/wp-json\/wp\/v2\/types\/product"}],"version-history":[{"count":0,"href":"https:\/\/dev.wptheme.store\/s\/wpquat\/wp-json\/wp\/v2\/product\/194\/revisions"}],"wp:featuredmedia":[{"embeddable":true,"href":"https:\/\/dev.wptheme.store\/s\/wpquat\/wp-json\/wp\/v2\/media\/195"}],"wp:attachment":[{"href":"https:\/\/dev.wptheme.store\/s\/wpquat\/wp-json\/wp\/v2\/media?parent=194"}],"wp:term":[{"taxonomy":"product_cat","embeddable":true,"href":"https:\/\/dev.wptheme.store\/s\/wpquat\/wp-json\/wp\/v2\/product_cat?post=194"},{"taxonomy":"product_tag","embeddable":true,"href":"https:\/\/dev.wptheme.store\/s\/wpquat\/wp-json\/wp\/v2\/product_tag?post=194"},{"taxonomy":"ztteam_product_brand","embeddable":true,"href":"https:\/\/dev.wptheme.store\/s\/wpquat\/wp-json\/wp\/v2\/ztteam_product_brand?post=194"}],"curies":[{"name":"wp","href":"https:\/\/api.w.org\/{rel}","templated":true}]}}