{"id":202,"date":"2026-03-16T08:50:38","date_gmt":"2026-03-16T01:50:38","guid":{"rendered":"https:\/\/dev.wptheme.store\/s\/wpquat\/product\/quat-hut-mui-noi-ong-phi-315\/"},"modified":"2026-03-16T08:50:38","modified_gmt":"2026-03-16T01:50:38","slug":"quat-hut-mui-noi-ong-phi-315","status":"publish","type":"product","link":"https:\/\/dev.wptheme.store\/s\/wpquat\/product\/quat-hut-mui-noi-ong-phi-315\/","title":{"rendered":"Qu\u1ea1t H\u00fat M\u00f9i N\u1ed1i \u1ed0ng Phi 315"},"content":{"rendered":"<p class=\"mb-4 leading-relaxed\">Qu\u1ea1t h\u00fat m\u00f9i n\u1ed1i \u1ed1ng phi 315 c\u1ee7a th\u01b0\u01a1ng hi\u1ec7u ViFan l\u00e0 gi\u1ea3i ph\u00e1p t\u1ed1i \u01b0u cho vi\u1ec7c h\u00fat m\u00f9i, th\u00f4ng gi\u00f3 v\u00e0 cung c\u1ea5p kh\u00ed t\u01b0\u01a1i trong c\u00e1c m\u00f4i tr\u01b0\u1eddng c\u00f4ng nghi\u1ec7p v\u00e0 b\u00e1n c\u00f4ng nghi\u1ec7p. V\u1edbi c\u00f4ng su\u1ea5t 320W v\u00e0 l\u01b0u l\u01b0\u1ee3ng gi\u00f3 2900 m\u00b3\/h, s\u1ea3n ph\u1ea9m n\u00e0y \u0111\u00e1p \u1ee9ng nhu c\u1ea7u h\u00fat m\u00f9i, kh\u00f3i v\u00e0 c\u1ea3i thi\u1ec7n kh\u00f4ng kh\u00ed trong nhi\u1ec1u \u1ee9ng d\u1ee5ng kh\u00e1c nhau, t\u1eeb nh\u00e0 b\u1ebfp c\u00f4ng nghi\u1ec7p, trung t\u00e2m th\u01b0\u01a1ng m\u1ea1i \u0111\u1ebfn c\u00e1c h\u1ec7 th\u1ed1ng th\u00f4ng gi\u00f3 l\u1edbn.<\/p>\n<h2 class=\"py-2 my-4 text-2xl font-bold border-green-500 border-y border-opacity-10\">Th\u00f4ng s\u1ed1 k\u1ef9 thu\u1eadt qu\u1ea1t h\u00fat m\u00f9i n\u1ed1i \u1ed1ng phi 315<\/h2>\n<ul class=\"mb-4 space-y-1 list-none\">\n<li class=\"flex items-center gap-3 leading-relaxed text-gray-800 \"><div class=\"flex items-center justify-center w-5 h-5 bg-red-100 rounded-full shrink-0\"><svg class=\"w-3 h-3 text-red-600\" fill=\"none\" stroke=\"currentColor\" stroke- viewBox=\"0 0 24 24\"><path stroke-linecap=\"round\" stroke-linejoin=\"round\" d=\"M5 13l4 4L19 7\" \/><\/svg><\/div><div class=\"flex-1\">M\u00e3 s\u1ea3n ph\u1ea9m: P315<\/div><\/li>\n<li class=\"flex items-center gap-3 leading-relaxed text-gray-800 \"><div class=\"flex items-center justify-center w-5 h-5 bg-red-100 rounded-full shrink-0\"><svg class=\"w-3 h-3 text-red-600\" fill=\"none\" stroke=\"currentColor\" stroke- viewBox=\"0 0 24 24\"><path stroke-linecap=\"round\" stroke-linejoin=\"round\" d=\"M5 13l4 4L19 7\" \/><\/svg><\/div><div class=\"flex-1\">Th\u01b0\u01a1ng hi\u1ec7u: ViFan<\/div><\/li>\n<li class=\"flex items-center gap-3 leading-relaxed text-gray-800 \"><div class=\"flex items-center justify-center w-5 h-5 bg-red-100 rounded-full shrink-0\"><svg class=\"w-3 h-3 text-red-600\" fill=\"none\" stroke=\"currentColor\" stroke- viewBox=\"0 0 24 24\"><path stroke-linecap=\"round\" stroke-linejoin=\"round\" d=\"M5 13l4 4L19 7\" \/><\/svg><\/div><div class=\"flex-1\">C\u00f4ng su\u1ea5t: 320W<\/div><\/li>\n<li class=\"flex items-center gap-3 leading-relaxed text-gray-800 \"><div class=\"flex items-center justify-center w-5 h-5 bg-red-100 rounded-full shrink-0\"><svg class=\"w-3 h-3 text-red-600\" fill=\"none\" stroke=\"currentColor\" stroke- viewBox=\"0 0 24 24\"><path stroke-linecap=\"round\" stroke-linejoin=\"round\" d=\"M5 13l4 4L19 7\" \/><\/svg><\/div><div class=\"flex-1\">C\u1ed9t \u00e1p: 630 Pa<\/div><\/li>\n<li class=\"flex items-center gap-3 leading-relaxed text-gray-800 \"><div class=\"flex items-center justify-center w-5 h-5 bg-red-100 rounded-full shrink-0\"><svg class=\"w-3 h-3 text-red-600\" fill=\"none\" stroke=\"currentColor\" stroke- viewBox=\"0 0 24 24\"><path stroke-linecap=\"round\" stroke-linejoin=\"round\" d=\"M5 13l4 4L19 7\" \/><\/svg><\/div><div class=\"flex-1\">L\u01b0u l\u01b0\u1ee3ng gi\u00f3: 2.900 m\u00b3\/h<\/div><\/li>\n<li class=\"flex items-center gap-3 leading-relaxed text-gray-800 \"><div class=\"flex items-center justify-center w-5 h-5 bg-red-100 rounded-full shrink-0\"><svg class=\"w-3 h-3 text-red-600\" fill=\"none\" stroke=\"currentColor\" stroke- viewBox=\"0 0 24 24\"><path stroke-linecap=\"round\" stroke-linejoin=\"round\" d=\"M5 13l4 4L19 7\" \/><\/svg><\/div><div class=\"flex-1\">\u0110i\u1ec7n \u00e1p: 220V \/ 50Hz<\/div><\/li>\n<li class=\"flex items-center gap-3 leading-relaxed text-gray-800 \"><div class=\"flex items-center justify-center w-5 h-5 bg-red-100 rounded-full shrink-0\"><svg class=\"w-3 h-3 text-red-600\" fill=\"none\" stroke=\"currentColor\" stroke- viewBox=\"0 0 24 24\"><path stroke-linecap=\"round\" stroke-linejoin=\"round\" d=\"M5 13l4 4L19 7\" \/><\/svg><\/div><div class=\"flex-1\">\u0110\u01b0\u1eddng k\u00ednh \u1ed1ng: Phi 315 mm<\/div><\/li>\n<li class=\"flex items-center gap-3 leading-relaxed text-gray-800 \"><div class=\"flex items-center justify-center w-5 h-5 bg-red-100 rounded-full shrink-0\"><svg class=\"w-3 h-3 text-red-600\" fill=\"none\" stroke=\"currentColor\" stroke- viewBox=\"0 0 24 24\"><path stroke-linecap=\"round\" stroke-linejoin=\"round\" d=\"M5 13l4 4L19 7\" \/><\/svg><\/div><div class=\"flex-1\">\u0110\u1ed9 \u1ed3n: \u2264 65 dB<\/div><\/li>\n<li class=\"flex items-center gap-3 leading-relaxed text-gray-800 \"><div class=\"flex items-center justify-center w-5 h-5 bg-red-100 rounded-full shrink-0\"><svg class=\"w-3 h-3 text-red-600\" fill=\"none\" stroke=\"currentColor\" stroke- viewBox=\"0 0 24 24\"><path stroke-linecap=\"round\" stroke-linejoin=\"round\" d=\"M5 13l4 4L19 7\" \/><\/svg><\/div><div class=\"flex-1\">V\u1eadt li\u1ec7u v\u1ecf: Th\u00e9p s\u01a1n t\u0129nh \u0111i\u1ec7n ch\u1ed1ng r\u1ec9<\/div><\/li>\n<li class=\"flex items-center gap-3 leading-relaxed text-gray-800 \"><div class=\"flex items-center justify-center w-5 h-5 bg-red-100 rounded-full shrink-0\"><svg class=\"w-3 h-3 text-red-600\" fill=\"none\" stroke=\"currentColor\" stroke- viewBox=\"0 0 24 24\"><path stroke-linecap=\"round\" stroke-linejoin=\"round\" d=\"M5 13l4 4L19 7\" \/><\/svg><\/div><div class=\"flex-1\">C\u00e1nh qu\u1ea1t: Nh\u00f4m ho\u1eb7c th\u00e9p m\u1ea1 k\u1ebdm, thi\u1ebft k\u1ebf h\u01b0\u1edbng tr\u1ee5c<\/div><\/li>\n<li class=\"flex items-center gap-3 leading-relaxed text-gray-800 \"><div class=\"flex items-center justify-center w-5 h-5 bg-red-100 rounded-full shrink-0\"><svg class=\"w-3 h-3 text-red-600\" fill=\"none\" stroke=\"currentColor\" stroke- viewBox=\"0 0 24 24\"><path stroke-linecap=\"round\" stroke-linejoin=\"round\" d=\"M5 13l4 4L19 7\" \/><\/svg><\/div><div class=\"flex-1\">Ki\u1ec3u l\u1eafp \u0111\u1eb7t: N\u1ed1i \u1ed1ng tr\u00f2n, treo tr\u1ea7n ho\u1eb7c g\u1eafn v\u00e1ch<\/div><\/li>\n<li class=\"flex items-center gap-3 leading-relaxed text-gray-800 \"><div class=\"flex items-center justify-center w-5 h-5 bg-red-100 rounded-full shrink-0\"><svg class=\"w-3 h-3 text-red-600\" fill=\"none\" stroke=\"currentColor\" stroke- viewBox=\"0 0 24 24\"><path stroke-linecap=\"round\" stroke-linejoin=\"round\" d=\"M5 13l4 4L19 7\" \/><\/svg><\/div><div class=\"flex-1\">B\u1ea3o h\u00e0nh: 12 th\u00e1ng<\/div><\/li>\n<li class=\"flex items-center gap-3 leading-relaxed text-gray-800 \"><div class=\"flex items-center justify-center w-5 h-5 bg-red-100 rounded-full shrink-0\"><svg class=\"w-3 h-3 text-red-600\" fill=\"none\" stroke=\"currentColor\" stroke- viewBox=\"0 0 24 24\"><path stroke-linecap=\"round\" stroke-linejoin=\"round\" d=\"M5 13l4 4L19 7\" \/><\/svg><\/div><div class=\"flex-1\">Xu\u1ea5t x\u1ee9: Trung Qu\u1ed1c<\/div><\/li>\n<\/ul>\n<figure class=\"my-6 text-center\"><img><figcaption>K\u00edch Th\u01b0\u1edbc Qu\u1ea1t H\u00fat M\u00f9i N\u1ed1i \u1ed0ng Phi 315<\/figcaption><\/figure>\n<p class=\"mb-4 leading-relaxed\">Xem th\u00eam c\u00e1c model kh\u00e1c:<\/p>\n<p class=\"mb-4 leading-relaxed\"><a href=\"https:\/\/quatcongnghiepvifan.com\/quat-hut-mui-noi-ong-phi-250\/\" class=\"text-red-900\">Qu\u1ea1t h\u00fat m\u00f9i n\u1ed1i \u1ed1ng phi 250<\/a><\/p>\n<p class=\"mb-4 leading-relaxed\"><a href=\"https:\/\/quatcongnghiepvifan.com\/quat-hut-mui-noi-ong-phi-200\/\" class=\"text-red-900\">Qu\u1ea1t h\u00fat m\u00f9i n\u1ed1i \u1ed1ng phi 200<\/a><\/p>\n<h2 class=\"py-2 my-4 text-2xl font-bold border-green-500 border-y border-opacity-10\">\u01afu \u0111i\u1ec3m qu\u1ea1t th\u00f4ng gi\u00f3 n\u1ed1i \u1ed1ng phi 315<\/h2>\n<p class=\"mb-4 leading-relaxed\">Hi\u1ec7u qu\u1ea3 h\u00fat m\u00f9i v\u01b0\u1ee3t tr\u1ed9i: qu\u1ea1t h\u00fat n\u1ed1i \u1ed1ng 315 ho\u1ea1t \u0111\u1ed9ng m\u1ea1nh m\u1ebd v\u1edbi l\u01b0u l\u01b0\u1ee3ng gi\u00f3 l\u00ean \u0111\u1ebfn 2900 m\u00b3\/h, gi\u00fap lo\u1ea1i b\u1ecf m\u00f9i, kh\u00f3i v\u00e0 kh\u00ed th\u1ea3i nhanh ch\u00f3ng, mang l\u1ea1i kh\u00f4ng gian th\u00f4ng tho\u00e1ng v\u00e0 d\u1ec5 ch\u1ecbu.<\/p>\n<p class=\"mb-4 leading-relaxed\">Ti\u1ebft ki\u1ec7m n\u0103ng l\u01b0\u1ee3ng: v\u1edbi c\u00f4ng su\u1ea5t ch\u1ec9 320w, qu\u1ea1t v\u1eadn h\u00e0nh hi\u1ec7u qu\u1ea3, ti\u1ebft ki\u1ec7m \u0111i\u1ec7n n\u0103ng, gi\u00fap gi\u1ea3m chi ph\u00ed cho doanh nghi\u1ec7p m\u00e0 v\u1eabn \u0111\u1ea3m b\u1ea3o hi\u1ec7u su\u1ea5t t\u1ed1i \u01b0u.<\/p>\n<p class=\"mb-4 leading-relaxed\">\u0110\u1ed9 b\u1ec1n v\u01b0\u1ee3t tr\u1ed9i: qu\u1ea1t thong gi\u00f3 h\u00fat m\u00f9i b\u00e9p \u0111\u01b0\u1ee3c ch\u1ebf t\u1ea1o t\u1eeb c\u00e1c v\u1eadt li\u1ec7u cao c\u1ea5p, \u0111\u1ea3m b\u1ea3o \u0111\u1ed9 b\u1ec1n l\u00e2u d\u00e0i, ph\u00f9 h\u1ee3p v\u1edbi m\u00f4i tr\u01b0\u1eddng c\u00f4ng nghi\u1ec7p kh\u1eafc nghi\u1ec7t v\u00e0 c\u00f3 kh\u1ea3 n\u0103ng ho\u1ea1t \u0111\u1ed9ng \u1ed5n \u0111\u1ecbnh trong su\u1ed1t th\u1eddi gian s\u1eed d\u1ee5ng.<\/p>\n<p class=\"mb-4 leading-relaxed\">D\u1ec5 d\u00e0ng l\u1eafp \u0111\u1eb7t: v\u1edbi thi\u1ebft k\u1ebf n\u1ed1i \u1ed1ng phi 315, qu\u1ea1t c\u1ea5p gi\u00f3 t\u01b0\u01a1i c\u00f3 th\u1ec3 d\u1ec5 d\u00e0ng t\u00edch h\u1ee3p v\u00e0o h\u1ec7 th\u1ed1ng th\u00f4ng gi\u00f3 hi\u1ec7n c\u00f3 m\u00e0 kh\u00f4ng c\u1ea7n thay \u0111\u1ed5i c\u1ea5u tr\u00fac h\u1ec7 th\u1ed1ng, ti\u1ebft ki\u1ec7m th\u1eddi gian v\u00e0 c\u00f4ng s\u1ee9c l\u1eafp \u0111\u1eb7t.<\/p>\n<p class=\"mb-4 leading-relaxed\"><span>B\u1ea3o h\u00e0nh d\u00e0i h\u1ea1n: qu\u1ea1t h\u00fat n\u1ed1i \u1ed1ng p315 \u0111\u01b0\u1ee3c b\u1ea3o h\u00e0nh l\u00ean \u0111\u1ebfn 12 th\u00e1ng, mang \u0111\u1ebfn s\u1ef1 an t\u00e2m tuy\u1ec7t \u0111\u1ed1i cho ng\u01b0\u1eddi d\u00f9ng v\u1ec1 ch\u1ea5t l\u01b0\u1ee3ng v\u00e0 hi\u1ec7u su\u1ea5t l\u00e2u d\u00e0i c\u1ee7a s\u1ea3n ph\u1ea9m.<\/span><\/p>\n<p class=\"mb-4 leading-relaxed\">Qu\u1ea1t h\u00fat m\u00f9i n\u1ed1i \u1ed1ng phi 315 c\u1ee7a ViFan l\u00e0 m\u1ed9t gi\u1ea3i ph\u00e1p l\u00fd t\u01b0\u1edfng cho vi\u1ec7c h\u00fat m\u00f9i, kh\u00f3i, v\u00e0 cung c\u1ea5p kh\u00ed t\u01b0\u01a1i trong c\u00e1c \u1ee9ng d\u1ee5ng c\u00f4ng nghi\u1ec7p v\u00e0 b\u00e1n c\u00f4ng nghi\u1ec7p. V\u1edbi thi\u1ebft k\u1ebf hi\u1ec7u qu\u1ea3, \u0111\u1ed9 b\u1ec1n cao v\u00e0 kh\u1ea3 n\u0103ng v\u1eadn h\u00e0nh m\u1ea1nh m\u1ebd, s\u1ea3n ph\u1ea9m n\u00e0y gi\u00fap n\u00e2ng cao ch\u1ea5t l\u01b0\u1ee3ng kh\u00f4ng kh\u00ed, b\u1ea3o v\u1ec7 s\u1ee9c kh\u1ecfe ng\u01b0\u1eddi lao \u0111\u1ed9ng v\u00e0 t\u1ea1o ra kh\u00f4ng gian l\u00e0m vi\u1ec7c tho\u1ea3i m\u00e1i, an to\u00e0n.<\/p>\n<h2 class=\"py-2 my-4 text-2xl font-bold border-green-500 border-y border-opacity-10\">\u1ee8ng d\u1ee5ng \u0111a d\u1ea1ng qu\u1ea1t h\u00fat m\u00f9i n\u1ed1i \u1ed1ng phi 315<\/h2>\n<p class=\"mb-4 leading-relaxed\">Qu\u1ea1t P315 c\u00f3 th\u1ec3 \u0111\u01b0\u1ee3c l\u1eafp \u0111\u1eb7t \u00e2m tr\u1ea7n, gi\u00fap h\u00fat m\u00f9i hi\u1ec7u qu\u1ea3 trong c\u00e1c kh\u00f4ng gian nh\u01b0 tr\u01b0\u1eddng h\u1ecdc, b\u1ec7nh vi\u1ec7n, nh\u00e0 thi \u0111\u1ea5u, c\u00e1c khu v\u1ef1c th\u01b0\u01a1ng m\u1ea1i bu\u00f4n b\u00e1n v\u00e0 gi\u1ea3i tr\u00ed mang l\u1ea1i kh\u00f4ng kh\u00ed trong l\u00e0nh v\u00e0 d\u1ec5 ch\u1ecbu. V\u1edbi vai tr\u00f2 h\u00fat m\u00f9i, h\u00fat h\u01a1i n\u00f3ng<\/p>\n<p class=\"mb-4 leading-relaxed\">Qu\u1ea1t h\u00fat m\u00f9i phi 315 l\u00e0 s\u1ef1 l\u1ef1a ch\u1ecdn l\u00fd t\u01b0\u1edfng \u0111\u1ec3 h\u00fat kh\u00f3i trong c\u00e1c nh\u00e0 b\u1ebfp c\u00f4ng nghi\u1ec7p, nh\u00e0 h\u00e0ng ho\u1eb7c khu v\u1ef1c ch\u1ebf bi\u1ebfn th\u1ef1c ph\u1ea9m. Qu\u1ea1t gi\u00fap lo\u1ea1i b\u1ecf kh\u00f3i, m\u00f9i th\u1ee9c \u0103n v\u00e0 t\u1ea1o ra kh\u00f4ng gian b\u1ebfp tho\u00e1ng m\u00e1t.<\/p>\n<p class=\"mb-4 leading-relaxed\">V\u1edbi kh\u1ea3 n\u0103ng h\u00fat m\u00f9i v\u00e0 kh\u00ed th\u1ea3i m\u1ea1nh m\u1ebd, qu\u1ea1t P315 r\u1ea5t ph\u00f9 h\u1ee3p cho c\u00e1c trung t\u00e2m th\u01b0\u01a1ng m\u1ea1i v\u00e0 khu mua s\u1eafm. Qu\u1ea1t gi\u00fap duy tr\u00ec kh\u00f4ng kh\u00ed trong l\u00e0nh, t\u1ea1o s\u1ef1 tho\u1ea3i m\u00e1i cho kh\u00e1ch h\u00e0ng trong su\u1ed1t th\u1eddi gian mua s\u1eafm.<\/p>\n<p class=\"mb-4 leading-relaxed\">Qu\u1ea1t th\u00f4ng gi\u00f3 n\u1ed1i \u1ed1ng 315 c\u00f3 th\u1ec3 ho\u1ea1t \u0111\u1ed9ng nh\u01b0 m\u1ed9t qu\u1ea1t t\u0103ng \u00e1p, h\u1ed7 tr\u1ee3 \u0111\u1ea9y kh\u00f4ng kh\u00ed qua c\u00e1c \u1ed1ng d\u1eabn kh\u00ed, gi\u00fap h\u1ec7 th\u1ed1ng th\u00f4ng gi\u00f3 trong c\u00e1c t\u00f2a nh\u00e0 cao t\u1ea7ng ho\u1eb7c khu v\u1ef1c c\u00f3 \u0111\u01b0\u1eddng \u1ed1ng ph\u1ee9c t\u1ea1p ho\u1ea1t \u0111\u1ed9ng hi\u1ec7u qu\u1ea3.<\/p>\n<p class=\"mb-4 leading-relaxed\">V\u1edbi l\u01b0u l\u01b0\u1ee3ng gi\u00f3 l\u1edbn, qu\u1ea1t c\u1ea5p kh\u00ed t\u01b0\u01a1i P315 kh\u00f4ng ch\u1ec9 h\u00fat m\u00f9i m\u00e0 c\u00f2n cung c\u1ea5p kh\u00ed t\u01b0\u01a1i, \u0111\u1eb7c bi\u1ec7t trong c\u00e1c kh\u00f4ng gian nh\u01b0 nh\u00e0 x\u01b0\u1edfng, ph\u00f2ng m\u00e1y, gi\u00fap duy tr\u00ec m\u00f4i tr\u01b0\u1eddng l\u00e0m vi\u1ec7c trong l\u00e0nh v\u00e0 an to\u00e0n.<\/p>\n<h2 class=\"py-2 my-4 text-2xl font-bold border-green-500 border-y border-opacity-10\">T\u1ea1i sao n\u00ean ch\u1ecdn qu\u1ea1t n\u1ed1i \u1ed1ng phi 315 th\u01b0\u01a1ng hi\u1ec7u ViFan?<\/h2>\n<p class=\"mb-4 leading-relaxed\">Ch\u1ea5t l\u01b0\u1ee3ng \u0111\u1ea3m b\u1ea3o: ViFan l\u00e0 th\u01b0\u01a1ng hi\u1ec7u uy t\u00edn, chuy\u00ean cung c\u1ea5p <a href=\"https:\/\/quatcongnghiepvifan.com\/quat-hut-noi-ong\/\" class=\"text-red-900\">qu\u1ea1t h\u00fat m\u00f9i n\u1ed1i \u1ed1ng<\/a> ch\u1ea5t l\u01b0\u1ee3ng cao, v\u1eadn h\u00e0nh \u1ed5n \u0111\u1ecbnh trong nhi\u1ec1u \u0111i\u1ec1u ki\u1ec7n m\u00f4i tr\u01b0\u1eddng kh\u00e1c nhau.<\/p>\n<p class=\"mb-4 leading-relaxed\">Thi\u1ebft k\u1ebf ti\u1ec7n d\u1ee5ng: Ki\u1ec3u d\u00e1ng nh\u1ecf g\u1ecdn, d\u1ec5 d\u00e0ng l\u1eafp \u0111\u1eb7t v\u00e0o c\u00e1c h\u1ec7 th\u1ed1ng \u1ed1ng d\u1eabn tr\u00f2n ho\u1eb7c kh\u00f4ng gian tr\u1ea7n h\u1eb9p, ph\u00f9 h\u1ee3p c\u1ea3 nh\u1eefng v\u1ecb tr\u00ed c\u1ea7n gi\u1ea5u k\u00edn thi\u1ebft b\u1ecb.<\/p>\n<p class=\"mb-4 leading-relaxed\">Hi\u1ec7u su\u1ea5t cao, ti\u1ebft ki\u1ec7m \u0111i\u1ec7n: Qu\u1ea1t ho\u1ea1t \u0111\u1ed9ng m\u1ea1nh m\u1ebd nh\u01b0ng v\u1eabn ti\u1ebft ki\u1ec7m n\u0103ng l\u01b0\u1ee3ng, gi\u00fap t\u1ed1i \u01b0u chi ph\u00ed v\u1eadn h\u00e0nh cho doanh nghi\u1ec7p v\u00e0 h\u1ed9 gia \u0111\u00ecnh.<\/p>\n<p class=\"mb-4 leading-relaxed\">Ch\u00ednh h\u00e3ng, h\u1eadu m\u00e3i t\u1ed1t: S\u1ea3n ph\u1ea9m c\u00f3 ngu\u1ed3n g\u1ed1c r\u00f5 r\u00e0ng, \u0111\u1ea7y \u0111\u1ee7 CO, CQ, b\u1ea3o h\u00e0nh ch\u00ednh h\u00e3ng. ViFan c\u00f2n h\u1ed7 tr\u1ee3 t\u01b0 v\u1ea5n k\u1ef9 thu\u1eadt v\u00e0 giao h\u00e0ng tr\u00ean to\u00e0n qu\u1ed1c.<\/p>\n","protected":false},"excerpt":{"rendered":"<div class=\"my-4 overflow-hidden bg-white rounded-lg shadow-xl \"><div class=\"overflow-x-auto\"><table class=\"min-w-full\" class=\"min-w-full\">\n<tbody class=\"bg-white divide-y divide-gray-100 \" class=\"bg-white divide-y divide-gray-100 \">\n<tr class=\"transition-all duration-200 ease-in-out group hover:bg-red-50 \" class=\"transition-all duration-200 ease-in-out group hover:bg-red-50 \">\n<td class=\"px-2 py-2 text-sm text-gray-700 transition-colors duration-200 group-hover:text-gray-900 \" class=\"px-2 py-2 text-sm text-gray-700 transition-colors duration-200 group-hover:text-gray-900 \"><strong class=\"font-cal-sans\">M\u00e3 s\u1ea3n ph\u1ea9m<\/strong><\/td>\n<td class=\"px-2 py-2 text-sm text-gray-700 transition-colors duration-200 group-hover:text-gray-900 \" class=\"px-2 py-2 text-sm text-gray-700 transition-colors duration-200 group-hover:text-gray-900 \">:<\/td>\n<td class=\"px-2 py-2 text-sm text-gray-700 transition-colors duration-200 group-hover:text-gray-900 \" class=\"px-2 py-2 text-sm text-gray-700 transition-colors duration-200 group-hover:text-gray-900 \">P315<\/td>\n<\/tr>\n<tr class=\"transition-all duration-200 ease-in-out group hover:bg-red-50 \" class=\"transition-all duration-200 ease-in-out group hover:bg-red-50 \">\n<td class=\"px-2 py-2 text-sm text-gray-700 transition-colors duration-200 group-hover:text-gray-900 \" class=\"px-2 py-2 text-sm text-gray-700 transition-colors duration-200 group-hover:text-gray-900 \"><strong class=\"font-cal-sans\">Th\u01b0\u01a1ng hi\u1ec7u<\/strong><\/td>\n<td class=\"px-2 py-2 text-sm text-gray-700 transition-colors duration-200 group-hover:text-gray-900 \" class=\"px-2 py-2 text-sm text-gray-700 transition-colors duration-200 group-hover:text-gray-900 \">:<\/td>\n<td class=\"px-2 py-2 text-sm text-gray-700 transition-colors duration-200 group-hover:text-gray-900 \" class=\"px-2 py-2 text-sm text-gray-700 transition-colors duration-200 group-hover:text-gray-900 \">ViFan<\/td>\n<\/tr>\n<tr class=\"transition-all duration-200 ease-in-out group hover:bg-red-50 \" class=\"transition-all duration-200 ease-in-out group hover:bg-red-50 \">\n<td class=\"px-2 py-2 text-sm text-gray-700 transition-colors duration-200 group-hover:text-gray-900 \" class=\"px-2 py-2 text-sm text-gray-700 transition-colors duration-200 group-hover:text-gray-900 \"><strong class=\"font-cal-sans\">C\u00f4ng su\u1ea5t<\/strong><\/td>\n<td class=\"px-2 py-2 text-sm text-gray-700 transition-colors duration-200 group-hover:text-gray-900 \" class=\"px-2 py-2 text-sm text-gray-700 transition-colors duration-200 group-hover:text-gray-900 \">:<\/td>\n<td class=\"px-2 py-2 text-sm text-gray-700 transition-colors duration-200 group-hover:text-gray-900 \" class=\"px-2 py-2 text-sm text-gray-700 transition-colors duration-200 group-hover:text-gray-900 \">320 W<\/td>\n<\/tr>\n<tr class=\"transition-all duration-200 ease-in-out group hover:bg-red-50 \" class=\"transition-all duration-200 ease-in-out group hover:bg-red-50 \">\n<td class=\"px-2 py-2 text-sm text-gray-700 transition-colors duration-200 group-hover:text-gray-900 \" class=\"px-2 py-2 text-sm text-gray-700 transition-colors duration-200 group-hover:text-gray-900 \"><strong class=\"font-cal-sans\">C\u1ed9t \u00c1p<\/strong><\/td>\n<td class=\"px-2 py-2 text-sm text-gray-700 transition-colors duration-200 group-hover:text-gray-900 \" class=\"px-2 py-2 text-sm text-gray-700 transition-colors duration-200 group-hover:text-gray-900 \">:<\/td>\n<td class=\"px-2 py-2 text-sm text-gray-700 transition-colors duration-200 group-hover:text-gray-900 \" class=\"px-2 py-2 text-sm text-gray-700 transition-colors duration-200 group-hover:text-gray-900 \">630 Pa<\/td>\n<\/tr>\n<tr class=\"transition-all duration-200 ease-in-out group hover:bg-red-50 \" class=\"transition-all duration-200 ease-in-out group hover:bg-red-50 \">\n<td class=\"px-2 py-2 text-sm text-gray-700 transition-colors duration-200 group-hover:text-gray-900 \" class=\"px-2 py-2 text-sm text-gray-700 transition-colors duration-200 group-hover:text-gray-900 \"><strong class=\"font-cal-sans\">L\u01b0u l\u01b0\u1ee3ng<\/strong><\/td>\n<td class=\"px-2 py-2 text-sm text-gray-700 transition-colors duration-200 group-hover:text-gray-900 \" class=\"px-2 py-2 text-sm text-gray-700 transition-colors duration-200 group-hover:text-gray-900 \">:<\/td>\n<td class=\"px-2 py-2 text-sm text-gray-700 transition-colors duration-200 group-hover:text-gray-900 \" class=\"px-2 py-2 text-sm text-gray-700 transition-colors duration-200 group-hover:text-gray-900 \">2900 m3\/h<\/td>\n<\/tr>\n<tr class=\"transition-all duration-200 ease-in-out group hover:bg-red-50 \" class=\"transition-all duration-200 ease-in-out group hover:bg-red-50 \">\n<td class=\"px-2 py-2 text-sm text-gray-700 transition-colors duration-200 group-hover:text-gray-900 \" class=\"px-2 py-2 text-sm text-gray-700 transition-colors duration-200 group-hover:text-gray-900 \"><strong class=\"font-cal-sans\">B\u1ea3o h\u00e0nh<\/strong><\/td>\n<td class=\"px-2 py-2 text-sm text-gray-700 transition-colors duration-200 group-hover:text-gray-900 \" class=\"px-2 py-2 text-sm text-gray-700 transition-colors duration-200 group-hover:text-gray-900 \">:<\/td>\n<td class=\"px-2 py-2 text-sm text-gray-700 transition-colors duration-200 group-hover:text-gray-900 \" class=\"px-2 py-2 text-sm text-gray-700 transition-colors duration-200 group-hover:text-gray-900 \">12 th\u00e1ng<\/td>\n<\/tr>\n<tr class=\"transition-all duration-200 ease-in-out group hover:bg-red-50 \" class=\"transition-all duration-200 ease-in-out group hover:bg-red-50 \">\n<td class=\"px-2 py-2 text-sm text-gray-700 transition-colors duration-200 group-hover:text-gray-900 \" class=\"px-2 py-2 text-sm text-gray-700 transition-colors duration-200 group-hover:text-gray-900 \"><strong class=\"font-cal-sans\">Xu\u1ea5t x\u1ee9<\/strong><\/td>\n<td class=\"px-2 py-2 text-sm text-gray-700 transition-colors duration-200 group-hover:text-gray-900 \" class=\"px-2 py-2 text-sm text-gray-700 transition-colors duration-200 group-hover:text-gray-900 \">:<\/td>\n<td class=\"px-2 py-2 text-sm text-gray-700 transition-colors duration-200 group-hover:text-gray-900 \" class=\"px-2 py-2 text-sm text-gray-700 transition-colors duration-200 group-hover:text-gray-900 \">Trung Qu\u1ed1c<\/td>\n<\/tr>\n<\/tbody>\n<\/table><\/div><\/div>\n","protected":false},"featured_media":203,"template":"","meta":{"footnotes":""},"product_cat":[14],"product_tag":[],"ztteam_product_brand":[],"class_list":["post-202","product","type-product","status-publish","has-post-thumbnail","hentry","product_cat-quat-hut-noi-ong"],"meta_box":{"_sku":"P315","_regular_price":"12840238","_sale_price":"11330608","_price":"11330608","_stock_status":"instock","_stock":"50","_manage_stock":"1","_weight":"","_length":"","_width":"","_height":"","_product_image_gallery":[{"width":150,"height":150,"file":"2026\/03\/quat-hut-mui-noi-ong-phi-315.png","filesize":84784,"sizes":[],"image_meta":{"aperture":"0","credit":"","camera":"","caption":"","created_timestamp":"0","copyright":"","focal_length":"0","iso":"0","shutter_speed":"0","title":"","orientation":"0","keywords":[]},"ID":"203","name":"quat-hut-mui-noi-ong-phi-315.png","path":"\/home\/dev.wptheme.store\/public_html\/s\/wpquat\/wp-content\/uploads\/2026\/03\/quat-hut-mui-noi-ong-phi-315.png","url":"https:\/\/dev.wptheme.store\/s\/wpquat\/wp-content\/uploads\/2026\/03\/quat-hut-mui-noi-ong-phi-315.png","full_url":"https:\/\/dev.wptheme.store\/s\/wpquat\/wp-content\/uploads\/2026\/03\/quat-hut-mui-noi-ong-phi-315.png","title":"Qu\u1ea1t H\u00fat M\u00f9i N\u1ed1i \u1ed0ng Phi 315","caption":"","description":"","alt":"","srcset":false}],"_featured":"0","_visibility":"visible","_virtual":"","_downloadable":"","product_type":"simple","product_attributes":[],"color_variations":[],"size_variations":[],"storage_variations":[],"material_variations":[]},"_links":{"self":[{"href":"https:\/\/dev.wptheme.store\/s\/wpquat\/wp-json\/wp\/v2\/product\/202","targetHints":{"allow":["GET"]}}],"collection":[{"href":"https:\/\/dev.wptheme.store\/s\/wpquat\/wp-json\/wp\/v2\/product"}],"about":[{"href":"https:\/\/dev.wptheme.store\/s\/wpquat\/wp-json\/wp\/v2\/types\/product"}],"version-history":[{"count":0,"href":"https:\/\/dev.wptheme.store\/s\/wpquat\/wp-json\/wp\/v2\/product\/202\/revisions"}],"wp:featuredmedia":[{"embeddable":true,"href":"https:\/\/dev.wptheme.store\/s\/wpquat\/wp-json\/wp\/v2\/media\/203"}],"wp:attachment":[{"href":"https:\/\/dev.wptheme.store\/s\/wpquat\/wp-json\/wp\/v2\/media?parent=202"}],"wp:term":[{"taxonomy":"product_cat","embeddable":true,"href":"https:\/\/dev.wptheme.store\/s\/wpquat\/wp-json\/wp\/v2\/product_cat?post=202"},{"taxonomy":"product_tag","embeddable":true,"href":"https:\/\/dev.wptheme.store\/s\/wpquat\/wp-json\/wp\/v2\/product_tag?post=202"},{"taxonomy":"ztteam_product_brand","embeddable":true,"href":"https:\/\/dev.wptheme.store\/s\/wpquat\/wp-json\/wp\/v2\/ztteam_product_brand?post=202"}],"curies":[{"name":"wp","href":"https:\/\/api.w.org\/{rel}","templated":true}]}}