{"id":252,"date":"2026-03-16T08:51:10","date_gmt":"2026-03-16T01:51:10","guid":{"rendered":"https:\/\/dev.wptheme.store\/s\/wpquat\/product\/quat-dung-cong-nghiep-phun-suong-550\/"},"modified":"2026-03-16T08:51:10","modified_gmt":"2026-03-16T01:51:10","slug":"quat-dung-cong-nghiep-phun-suong-550","status":"publish","type":"product","link":"https:\/\/dev.wptheme.store\/s\/wpquat\/product\/quat-dung-cong-nghiep-phun-suong-550\/","title":{"rendered":"Qu\u1ea1t \u0110\u1ee9ng C\u00f4ng Nghi\u1ec7p Phun S\u01b0\u01a1ng 550"},"content":{"rendered":"<p class=\"mb-4 leading-relaxed\">Qu\u1ea1t \u0111\u1ee9ng c\u00f4ng nghi\u1ec7p phun s\u01b0\u01a1ng 550 ViFan l\u00e0 l\u1ef1a ch\u1ecdn l\u00fd t\u01b0\u1edfng cho c\u00e1c kh\u00f4ng gian nh\u1ecf v\u00e0 v\u1eeba nh\u01b0 qu\u00e1n c\u00e0 ph\u00ea, qu\u00e1n \u0103n v\u1ec9a h\u00e8, khu v\u1ef1c s\u1ea3n xu\u1ea5t quy m\u00f4 nh\u1ecf ho\u1eb7c ph\u00f2ng ch\u1edd ngo\u00e0i tr\u1eddi. V\u1edbi thi\u1ebft k\u1ebf g\u1ecdn nh\u1eb9, ho\u1ea1t \u0111\u1ed9ng \u1ed5n \u0111\u1ecbnh v\u00e0 t\u00edch h\u1ee3p ch\u1ee9c n\u0103ng phun s\u01b0\u01a1ng l\u00e0m m\u00e1t nhanh ch\u00f3ng, thi\u1ebft b\u1ecb gi\u00fap c\u1ea3i thi\u1ec7n kh\u00f4ng kh\u00ed \u0111\u00e1ng k\u1ec3 m\u00e0 v\u1eabn \u0111\u1ea3m b\u1ea3o ti\u1ebft ki\u1ec7m \u0111i\u1ec7n n\u0103ng.<\/p>\n<h2 class=\"py-2 my-4 text-2xl font-bold border-green-500 border-y border-opacity-10\">Th\u00f4ng s\u1ed1 k\u1ef9 thu\u1eadt qu\u1ea1t phun s\u01b0\u01a1ng c\u00f4ng nghi\u1ec7p 550 ViFan<\/h2>\n<ul class=\"mb-4 space-y-1 list-none\">\n<li class=\"flex items-center gap-3 leading-relaxed text-gray-800 \"><div class=\"flex items-center justify-center w-5 h-5 bg-red-100 rounded-full shrink-0\"><svg class=\"w-3 h-3 text-red-600\" fill=\"none\" stroke=\"currentColor\" stroke- viewBox=\"0 0 24 24\"><path stroke-linecap=\"round\" stroke-linejoin=\"round\" d=\"M5 13l4 4L19 7\" \/><\/svg><\/div><div class=\"flex-1\">M\u00e3 s\u1ea3n ph\u1ea9m: PS-550<\/div><\/li>\n<li class=\"flex items-center gap-3 leading-relaxed text-gray-800 \"><div class=\"flex items-center justify-center w-5 h-5 bg-red-100 rounded-full shrink-0\"><svg class=\"w-3 h-3 text-red-600\" fill=\"none\" stroke=\"currentColor\" stroke- viewBox=\"0 0 24 24\"><path stroke-linecap=\"round\" stroke-linejoin=\"round\" d=\"M5 13l4 4L19 7\" \/><\/svg><\/div><div class=\"flex-1\">Th\u01b0\u01a1ng hi\u1ec7u: ViFan<\/div><\/li>\n<li class=\"flex items-center gap-3 leading-relaxed text-gray-800 \"><div class=\"flex items-center justify-center w-5 h-5 bg-red-100 rounded-full shrink-0\"><svg class=\"w-3 h-3 text-red-600\" fill=\"none\" stroke=\"currentColor\" stroke- viewBox=\"0 0 24 24\"><path stroke-linecap=\"round\" stroke-linejoin=\"round\" d=\"M5 13l4 4L19 7\" \/><\/svg><\/div><div class=\"flex-1\">S\u1ea3i c\u00e1nh: 550 mm<\/div><\/li>\n<li class=\"flex items-center gap-3 leading-relaxed text-gray-800 \"><div class=\"flex items-center justify-center w-5 h-5 bg-red-100 rounded-full shrink-0\"><svg class=\"w-3 h-3 text-red-600\" fill=\"none\" stroke=\"currentColor\" stroke- viewBox=\"0 0 24 24\"><path stroke-linecap=\"round\" stroke-linejoin=\"round\" d=\"M5 13l4 4L19 7\" \/><\/svg><\/div><div class=\"flex-1\">C\u00f4ng su\u1ea5t: 230W<\/div><\/li>\n<li class=\"flex items-center gap-3 leading-relaxed text-gray-800 \"><div class=\"flex items-center justify-center w-5 h-5 bg-red-100 rounded-full shrink-0\"><svg class=\"w-3 h-3 text-red-600\" fill=\"none\" stroke=\"currentColor\" stroke- viewBox=\"0 0 24 24\"><path stroke-linecap=\"round\" stroke-linejoin=\"round\" d=\"M5 13l4 4L19 7\" \/><\/svg><\/div><div class=\"flex-1\">\u0110i\u1ec7n \u00e1p: 220V \u2013 50Hz<\/div><\/li>\n<li class=\"flex items-center gap-3 leading-relaxed text-gray-800 \"><div class=\"flex items-center justify-center w-5 h-5 bg-red-100 rounded-full shrink-0\"><svg class=\"w-3 h-3 text-red-600\" fill=\"none\" stroke=\"currentColor\" stroke- viewBox=\"0 0 24 24\"><path stroke-linecap=\"round\" stroke-linejoin=\"round\" d=\"M5 13l4 4L19 7\" \/><\/svg><\/div><div class=\"flex-1\">Di\u1ec7n t\u00edch l\u00e0m m\u00e1t hi\u1ec7u qu\u1ea3: kho\u1ea3ng 15 m\u00b2<\/div><\/li>\n<li class=\"flex items-center gap-3 leading-relaxed text-gray-800 \"><div class=\"flex items-center justify-center w-5 h-5 bg-red-100 rounded-full shrink-0\"><svg class=\"w-3 h-3 text-red-600\" fill=\"none\" stroke=\"currentColor\" stroke- viewBox=\"0 0 24 24\"><path stroke-linecap=\"round\" stroke-linejoin=\"round\" d=\"M5 13l4 4L19 7\" \/><\/svg><\/div><div class=\"flex-1\">T\u1ed1c \u0111\u1ed9 gi\u00f3: 3 m\u1ee9c \u0111i\u1ec1u ch\u1ec9nh linh ho\u1ea1t<\/div><\/li>\n<li class=\"flex items-center gap-3 leading-relaxed text-gray-800 \"><div class=\"flex items-center justify-center w-5 h-5 bg-red-100 rounded-full shrink-0\"><svg class=\"w-3 h-3 text-red-600\" fill=\"none\" stroke=\"currentColor\" stroke- viewBox=\"0 0 24 24\"><path stroke-linecap=\"round\" stroke-linejoin=\"round\" d=\"M5 13l4 4L19 7\" \/><\/svg><\/div><div class=\"flex-1\">Ch\u1ee9c n\u0103ng: L\u00e0m m\u00e1t k\u1ebft h\u1ee3p phun s\u01b0\u01a1ng<\/div><\/li>\n<li class=\"flex items-center gap-3 leading-relaxed text-gray-800 \"><div class=\"flex items-center justify-center w-5 h-5 bg-red-100 rounded-full shrink-0\"><svg class=\"w-3 h-3 text-red-600\" fill=\"none\" stroke=\"currentColor\" stroke- viewBox=\"0 0 24 24\"><path stroke-linecap=\"round\" stroke-linejoin=\"round\" d=\"M5 13l4 4L19 7\" \/><\/svg><\/div><div class=\"flex-1\">Ch\u1ea5t li\u1ec7u th\u00e2n v\u1ecf: Kim lo\u1ea1i v\u00e0 nh\u1ef1a cao c\u1ea5p, b\u1ec1n b\u1ec9<\/div><\/li>\n<li class=\"flex items-center gap-3 leading-relaxed text-gray-800 \"><div class=\"flex items-center justify-center w-5 h-5 bg-red-100 rounded-full shrink-0\"><svg class=\"w-3 h-3 text-red-600\" fill=\"none\" stroke=\"currentColor\" stroke- viewBox=\"0 0 24 24\"><path stroke-linecap=\"round\" stroke-linejoin=\"round\" d=\"M5 13l4 4L19 7\" \/><\/svg><\/div><div class=\"flex-1\">\u0110\u1ed9ng c\u01a1: D\u00e2y \u0111\u1ed3ng, ho\u1ea1t \u0111\u1ed9ng b\u1ec1n, \u00edt n\u00f3ng<\/div><\/li>\n<li class=\"flex items-center gap-3 leading-relaxed text-gray-800 \"><div class=\"flex items-center justify-center w-5 h-5 bg-red-100 rounded-full shrink-0\"><svg class=\"w-3 h-3 text-red-600\" fill=\"none\" stroke=\"currentColor\" stroke- viewBox=\"0 0 24 24\"><path stroke-linecap=\"round\" stroke-linejoin=\"round\" d=\"M5 13l4 4L19 7\" \/><\/svg><\/div><div class=\"flex-1\">B\u1ea3o h\u00e0nh: 12 th\u00e1ng<\/div><\/li>\n<li class=\"flex items-center gap-3 leading-relaxed text-gray-800 \"><div class=\"flex items-center justify-center w-5 h-5 bg-red-100 rounded-full shrink-0\"><svg class=\"w-3 h-3 text-red-600\" fill=\"none\" stroke=\"currentColor\" stroke- viewBox=\"0 0 24 24\"><path stroke-linecap=\"round\" stroke-linejoin=\"round\" d=\"M5 13l4 4L19 7\" \/><\/svg><\/div><div class=\"flex-1\">Xu\u1ea5t x\u1ee9: Trung Qu\u1ed1c<\/div><\/li>\n<\/ul>\n<figure class=\"my-6 text-center\"><img><figcaption>H\u00ecnh \u1ea2nh Qu\u1ea1t \u0110\u1ee9ng C\u00f4ng Nghi\u1ec7p Phun S\u01b0\u01a1ng 550<\/figcaption><\/figure>\n<p class=\"mb-4 leading-relaxed\">T\u00ecm hi\u1ec3u th\u00eam s\u1ea3n ph\u1ea9m kh\u00e1c:<\/p>\n<p class=\"mb-4 leading-relaxed\"><a href=\"https:\/\/quatcongnghiepvifan.com\/quat-dung-cong-nghiep-phun-suong-750\/\" class=\"text-red-900\">Qu\u1ea1t \u0110\u1ee9ng C\u00f4ng Nghi\u1ec7p Phun S\u01b0\u01a1ng 750<\/a><\/p>\n<p class=\"mb-4 leading-relaxed\"><a href=\"https:\/\/quatcongnghiepvifan.com\/quat-dung-cong-nghiep-phun-suong-650\/\" class=\"text-red-900\">Qu\u1ea1t \u0110\u1ee9ng C\u00f4ng Nghi\u1ec7p Phun S\u01b0\u01a1ng 650<\/a><\/p>\n<h2 class=\"py-2 my-4 text-2xl font-bold border-green-500 border-y border-opacity-10\">Ch\u1ee9c n\u0103ng n\u1ed5i b\u1eadt c\u1ee7a qu\u1ea1t \u0111\u1ee9ng phun s\u01b0\u01a1ng 550<\/h2>\n<p class=\"mb-4 leading-relaxed\">S\u1ea3n ph\u1ea9m \u0111\u01b0\u1ee3c trang b\u1ecb c\u00e1nh qu\u1ea1t \u0111\u01b0\u1eddng k\u00ednh 550mm, cho lu\u1ed3ng gi\u00f3 m\u1ea1nh v\u00e0 \u0111\u1ec1u, d\u1ec5 d\u00e0ng lan t\u1ecfa kh\u1eafp kh\u00f4ng gian. T\u00edch h\u1ee3p h\u1ec7 th\u1ed1ng phun s\u01b0\u01a1ng nh\u1eb9, thi\u1ebft b\u1ecb gi\u00fap gi\u1ea3m nhi\u1ec7t \u0111\u1ed9 m\u00f4i tr\u01b0\u1eddng m\u1ed9t c\u00e1ch nhanh ch\u00f3ng, \u0111\u1ed3ng th\u1eddi duy tr\u00ec \u0111\u1ed9 \u1ea9m ph\u00f9 h\u1ee3p trong nh\u1eefng ng\u00e0y n\u1eafng n\u00f3ng.<\/p>\n<p class=\"mb-4 leading-relaxed\">Ba m\u1ee9c t\u1ed1c \u0111\u1ed9 gi\u00f3 gi\u00fap ng\u01b0\u1eddi d\u00f9ng linh ho\u1ea1t \u0111i\u1ec1u ch\u1ec9nh theo nhu c\u1ea7u s\u1eed d\u1ee5ng. V\u1edbi thi\u1ebft k\u1ebf \u0111\u1ee9ng linh ho\u1ea1t, d\u1ec5 d\u00e0ng di chuy\u1ec3n, qu\u1ea1t ph\u00f9 h\u1ee3p s\u1eed d\u1ee5ng \u1edf nhi\u1ec1u kh\u00f4ng gian m\u00e0 kh\u00f4ng chi\u1ebfm qu\u00e1 nhi\u1ec1u di\u1ec7n t\u00edch.<\/p>\n<h2 class=\"py-2 my-4 text-2xl font-bold border-green-500 border-y border-opacity-10\">L\u1ee3i \u00edch khi s\u1eed d\u1ee5ng qu\u1ea1t phun s\u01b0\u01a1ng ViFan 550<\/h2>\n<p class=\"mb-4 leading-relaxed\">L\u00e0m m\u00e1t hi\u1ec7u qu\u1ea3 cho di\u1ec7n t\u00edch kho\u1ea3ng 15m\u00b2<\/p>\n<p class=\"mb-4 leading-relaxed\">Ti\u1ebft ki\u1ec7m \u0111i\u1ec7n n\u0103ng, ch\u1ec9 230W<\/p>\n<p class=\"mb-4 leading-relaxed\">T\u1ea1o m\u00f4i tr\u01b0\u1eddng m\u00e1t m\u1ebb, d\u1ec5 ch\u1ecbu trong nh\u1eefng ng\u00e0y h\u00e8 oi b\u1ee9c<\/p>\n<p class=\"mb-4 leading-relaxed\">Gi\u1ea3m nhi\u1ec7t nhanh nh\u1edd ch\u1ee9c n\u0103ng phun s\u01b0\u01a1ng, kh\u00f4ng g\u00e2y \u0111\u1ecdng n\u01b0\u1edbc<\/p>\n<p class=\"mb-4 leading-relaxed\">D\u1ec5 l\u1eafp \u0111\u1eb7t, di chuy\u1ec3n, th\u00edch h\u1ee3p cho qu\u00e1n \u0103n, h\u1ed9 kinh doanh, nh\u00e0 x\u01b0\u1edfng nh\u1ecf<\/p>\n<p class=\"mb-4 leading-relaxed\">Ho\u1ea1t \u0111\u1ed9ng b\u1ec1n b\u1ec9, \u00edt h\u01b0 h\u1ecfng, v\u1eadn h\u00e0nh \u00eam \u00e1i<\/p>\n<h2 class=\"py-2 my-4 text-2xl font-bold border-green-500 border-y border-opacity-10\">ViFan \u2013 Th\u01b0\u01a1ng hi\u1ec7u qu\u1ea1t c\u00f4ng nghi\u1ec7p phun s\u01b0\u01a1ng uy t\u00edn<\/h2>\n<p class=\"mb-4 leading-relaxed\">ViFan l\u00e0 th\u01b0\u01a1ng hi\u1ec7u \u0111\u01b0\u1ee3c ng\u01b0\u1eddi ti\u00eau d\u00f9ng tin t\u01b0\u1edfng trong l\u0129nh v\u1ef1c <a href=\"https:\/\/quatcongnghiepvifan.com\/quat-phun-suong-cong-nghiep\/\" class=\"text-red-900\">qu\u1ea1t phun s\u01b0\u01a1ng c\u00f4ng nghi\u1ec7p<\/a> . S\u1ea3n ph\u1ea9m qu\u1ea1t \u0111\u1ee9ng c\u00f4ng nghi\u1ec7p phun s\u01b0\u01a1ng c\u1ee7a ViFan n\u1ed5i b\u1eadt v\u1edbi \u0111\u1ed9 b\u1ec1n cao, hi\u1ec7u n\u0103ng \u1ed5n \u0111\u1ecbnh, m\u1eabu m\u00e3 \u0111\u1eb9p v\u00e0 m\u1ee9c gi\u00e1 h\u1ee3p l\u00fd.<\/p>\n<p class=\"mb-4 leading-relaxed\">Khi ch\u1ecdn mua s\u1ea3n ph\u1ea9m t\u1ea1i ViFan, b\u1ea1n s\u1ebd \u0111\u01b0\u1ee3c h\u01b0\u1edfng ch\u00ednh s\u00e1ch b\u1ea3o h\u00e0nh 12 th\u00e1ng, h\u1ed7 tr\u1ee3 t\u01b0 v\u1ea5n k\u1ef9 thu\u1eadt t\u1eadn t\u00ecnh, giao h\u00e0ng nhanh ch\u00f3ng v\u00e0 nhi\u1ec1u \u01b0u \u0111\u00e3i h\u1ea5p d\u1eabn.<\/p>\n","protected":false},"excerpt":{"rendered":"<div class=\"my-4 overflow-hidden bg-white rounded-lg shadow-xl \"><div class=\"overflow-x-auto\"><table class=\"min-w-full\" class=\"min-w-full\">\n<tbody class=\"bg-white divide-y divide-gray-100 \" class=\"bg-white divide-y divide-gray-100 \">\n<tr class=\"transition-all duration-200 ease-in-out group hover:bg-red-50 \" class=\"transition-all duration-200 ease-in-out group hover:bg-red-50 \">\n<td class=\"px-2 py-2 text-sm text-gray-700 transition-colors duration-200 group-hover:text-gray-900 \" class=\"px-2 py-2 text-sm text-gray-700 transition-colors duration-200 group-hover:text-gray-900 \"><strong class=\"font-cal-sans\">M\u00e3 s\u1ea3n ph\u1ea9m<\/strong><\/td>\n<td class=\"px-2 py-2 text-sm text-gray-700 transition-colors duration-200 group-hover:text-gray-900 \" class=\"px-2 py-2 text-sm text-gray-700 transition-colors duration-200 group-hover:text-gray-900 \">:<\/td>\n<td class=\"px-2 py-2 text-sm text-gray-700 transition-colors duration-200 group-hover:text-gray-900 \" class=\"px-2 py-2 text-sm text-gray-700 transition-colors duration-200 group-hover:text-gray-900 \">PS- 550<\/td>\n<\/tr>\n<tr class=\"transition-all duration-200 ease-in-out group hover:bg-red-50 \" class=\"transition-all duration-200 ease-in-out group hover:bg-red-50 \">\n<td class=\"px-2 py-2 text-sm text-gray-700 transition-colors duration-200 group-hover:text-gray-900 \" class=\"px-2 py-2 text-sm text-gray-700 transition-colors duration-200 group-hover:text-gray-900 \"><strong class=\"font-cal-sans\">Th\u01b0\u01a1ng hi\u1ec7u<\/strong><\/td>\n<td class=\"px-2 py-2 text-sm text-gray-700 transition-colors duration-200 group-hover:text-gray-900 \" class=\"px-2 py-2 text-sm text-gray-700 transition-colors duration-200 group-hover:text-gray-900 \">:<\/td>\n<td class=\"px-2 py-2 text-sm text-gray-700 transition-colors duration-200 group-hover:text-gray-900 \" class=\"px-2 py-2 text-sm text-gray-700 transition-colors duration-200 group-hover:text-gray-900 \">ViFan<\/td>\n<\/tr>\n<tr class=\"transition-all duration-200 ease-in-out group hover:bg-red-50 \" class=\"transition-all duration-200 ease-in-out group hover:bg-red-50 \">\n<td class=\"px-2 py-2 text-sm text-gray-700 transition-colors duration-200 group-hover:text-gray-900 \" class=\"px-2 py-2 text-sm text-gray-700 transition-colors duration-200 group-hover:text-gray-900 \"><strong class=\"font-cal-sans\">S\u1ea3i c\u00e1nh<\/strong><\/td>\n<td class=\"px-2 py-2 text-sm text-gray-700 transition-colors duration-200 group-hover:text-gray-900 \" class=\"px-2 py-2 text-sm text-gray-700 transition-colors duration-200 group-hover:text-gray-900 \">:<\/td>\n<td class=\"px-2 py-2 text-sm text-gray-700 transition-colors duration-200 group-hover:text-gray-900 \" class=\"px-2 py-2 text-sm text-gray-700 transition-colors duration-200 group-hover:text-gray-900 \">550 mm<\/td>\n<\/tr>\n<tr class=\"transition-all duration-200 ease-in-out group hover:bg-red-50 \" class=\"transition-all duration-200 ease-in-out group hover:bg-red-50 \">\n<td class=\"px-2 py-2 text-sm text-gray-700 transition-colors duration-200 group-hover:text-gray-900 \" class=\"px-2 py-2 text-sm text-gray-700 transition-colors duration-200 group-hover:text-gray-900 \"><strong class=\"font-cal-sans\">C\u00f4ng su\u1ea5t<\/strong><\/td>\n<td class=\"px-2 py-2 text-sm text-gray-700 transition-colors duration-200 group-hover:text-gray-900 \" class=\"px-2 py-2 text-sm text-gray-700 transition-colors duration-200 group-hover:text-gray-900 \">:<\/td>\n<td class=\"px-2 py-2 text-sm text-gray-700 transition-colors duration-200 group-hover:text-gray-900 \" class=\"px-2 py-2 text-sm text-gray-700 transition-colors duration-200 group-hover:text-gray-900 \">230 W<\/td>\n<\/tr>\n<tr class=\"transition-all duration-200 ease-in-out group hover:bg-red-50 \" class=\"transition-all duration-200 ease-in-out group hover:bg-red-50 \">\n<td class=\"px-2 py-2 text-sm text-gray-700 transition-colors duration-200 group-hover:text-gray-900 \" class=\"px-2 py-2 text-sm text-gray-700 transition-colors duration-200 group-hover:text-gray-900 \"><strong class=\"font-cal-sans\">Di\u1ec7n t\u00edch l\u00e0m m\u00e1t<\/strong><\/td>\n<td class=\"px-2 py-2 text-sm text-gray-700 transition-colors duration-200 group-hover:text-gray-900 \" class=\"px-2 py-2 text-sm text-gray-700 transition-colors duration-200 group-hover:text-gray-900 \">:<\/td>\n<td class=\"px-2 py-2 text-sm text-gray-700 transition-colors duration-200 group-hover:text-gray-900 \" class=\"px-2 py-2 text-sm text-gray-700 transition-colors duration-200 group-hover:text-gray-900 \">15 m2<\/td>\n<\/tr>\n<tr class=\"transition-all duration-200 ease-in-out group hover:bg-red-50 \" class=\"transition-all duration-200 ease-in-out group hover:bg-red-50 \">\n<td class=\"px-2 py-2 text-sm text-gray-700 transition-colors duration-200 group-hover:text-gray-900 \" class=\"px-2 py-2 text-sm text-gray-700 transition-colors duration-200 group-hover:text-gray-900 \"><strong class=\"font-cal-sans\">B\u1ea3o h\u00e0nh<\/strong><\/td>\n<td class=\"px-2 py-2 text-sm text-gray-700 transition-colors duration-200 group-hover:text-gray-900 \" class=\"px-2 py-2 text-sm text-gray-700 transition-colors duration-200 group-hover:text-gray-900 \">:<\/td>\n<td class=\"px-2 py-2 text-sm text-gray-700 transition-colors duration-200 group-hover:text-gray-900 \" class=\"px-2 py-2 text-sm text-gray-700 transition-colors duration-200 group-hover:text-gray-900 \">12 th\u00e1ng<\/td>\n<\/tr>\n<tr class=\"transition-all duration-200 ease-in-out group hover:bg-red-50 \" class=\"transition-all duration-200 ease-in-out group hover:bg-red-50 \">\n<td class=\"px-2 py-2 text-sm text-gray-700 transition-colors duration-200 group-hover:text-gray-900 \" class=\"px-2 py-2 text-sm text-gray-700 transition-colors duration-200 group-hover:text-gray-900 \"><strong class=\"font-cal-sans\">Xu\u1ea5t x\u1ee9<\/strong><\/td>\n<td class=\"px-2 py-2 text-sm text-gray-700 transition-colors duration-200 group-hover:text-gray-900 \" class=\"px-2 py-2 text-sm text-gray-700 transition-colors duration-200 group-hover:text-gray-900 \">:<\/td>\n<td class=\"px-2 py-2 text-sm text-gray-700 transition-colors duration-200 group-hover:text-gray-900 \" class=\"px-2 py-2 text-sm text-gray-700 transition-colors duration-200 group-hover:text-gray-900 \">Trung Qu\u1ed1c<\/td>\n<\/tr>\n<\/tbody>\n<\/table><\/div><\/div>\n","protected":false},"featured_media":253,"template":"","meta":{"footnotes":""},"product_cat":[17],"product_tag":[],"ztteam_product_brand":[],"class_list":["post-252","product","type-product","status-publish","has-post-thumbnail","hentry","product_cat-quat-phun-suong-cong-nghiep"],"meta_box":{"_sku":"PS- 550","_regular_price":"13994510","_sale_price":"11649222","_price":"11649222","_stock_status":"instock","_stock":"50","_manage_stock":"1","_weight":"","_length":"","_width":"","_height":"","_product_image_gallery":[{"width":150,"height":150,"file":"2026\/03\/quat-dung-cong-nghiep-phun-suong-550.png","filesize":67883,"sizes":[],"image_meta":{"aperture":"0","credit":"","camera":"","caption":"","created_timestamp":"0","copyright":"","focal_length":"0","iso":"0","shutter_speed":"0","title":"","orientation":"0","keywords":[]},"ID":"253","name":"quat-dung-cong-nghiep-phun-suong-550.png","path":"\/home\/dev.wptheme.store\/public_html\/s\/wpquat\/wp-content\/uploads\/2026\/03\/quat-dung-cong-nghiep-phun-suong-550.png","url":"https:\/\/dev.wptheme.store\/s\/wpquat\/wp-content\/uploads\/2026\/03\/quat-dung-cong-nghiep-phun-suong-550.png","full_url":"https:\/\/dev.wptheme.store\/s\/wpquat\/wp-content\/uploads\/2026\/03\/quat-dung-cong-nghiep-phun-suong-550.png","title":"Qu\u1ea1t \u0110\u1ee9ng C\u00f4ng Nghi\u1ec7p Phun S\u01b0\u01a1ng 550","caption":"","description":"","alt":"","srcset":false}],"_featured":"0","_visibility":"visible","_virtual":"","_downloadable":"","product_type":"simple","product_attributes":[],"color_variations":[],"size_variations":[],"storage_variations":[],"material_variations":[]},"_links":{"self":[{"href":"https:\/\/dev.wptheme.store\/s\/wpquat\/wp-json\/wp\/v2\/product\/252","targetHints":{"allow":["GET"]}}],"collection":[{"href":"https:\/\/dev.wptheme.store\/s\/wpquat\/wp-json\/wp\/v2\/product"}],"about":[{"href":"https:\/\/dev.wptheme.store\/s\/wpquat\/wp-json\/wp\/v2\/types\/product"}],"version-history":[{"count":0,"href":"https:\/\/dev.wptheme.store\/s\/wpquat\/wp-json\/wp\/v2\/product\/252\/revisions"}],"wp:featuredmedia":[{"embeddable":true,"href":"https:\/\/dev.wptheme.store\/s\/wpquat\/wp-json\/wp\/v2\/media\/253"}],"wp:attachment":[{"href":"https:\/\/dev.wptheme.store\/s\/wpquat\/wp-json\/wp\/v2\/media?parent=252"}],"wp:term":[{"taxonomy":"product_cat","embeddable":true,"href":"https:\/\/dev.wptheme.store\/s\/wpquat\/wp-json\/wp\/v2\/product_cat?post=252"},{"taxonomy":"product_tag","embeddable":true,"href":"https:\/\/dev.wptheme.store\/s\/wpquat\/wp-json\/wp\/v2\/product_tag?post=252"},{"taxonomy":"ztteam_product_brand","embeddable":true,"href":"https:\/\/dev.wptheme.store\/s\/wpquat\/wp-json\/wp\/v2\/ztteam_product_brand?post=252"}],"curies":[{"name":"wp","href":"https:\/\/api.w.org\/{rel}","templated":true}]}}