{"id":254,"date":"2026-03-16T08:51:13","date_gmt":"2026-03-16T01:51:13","guid":{"rendered":"https:\/\/dev.wptheme.store\/s\/wpquat\/product\/quat-say-cong-nghiep-30kw\/"},"modified":"2026-03-16T08:51:13","modified_gmt":"2026-03-16T01:51:13","slug":"quat-say-cong-nghiep-30kw","status":"publish","type":"product","link":"https:\/\/dev.wptheme.store\/s\/wpquat\/product\/quat-say-cong-nghiep-30kw\/","title":{"rendered":"Qu\u1ea1t S\u1ea5y C\u00f4ng Nghi\u1ec7p 30KW"},"content":{"rendered":"<p class=\"mb-4 leading-relaxed\">Trong m\u00f4i tr\u01b0\u1eddng c\u00f4ng nghi\u1ec7p hi\u1ec7n \u0111\u1ea1i, vi\u1ec7c ki\u1ec3m so\u00e1t nhi\u1ec7t \u0111\u1ed9 v\u00e0 \u0111\u1ed9 \u1ea9m l\u00e0 y\u1ebfu t\u1ed1 quan tr\u1ecdng gi\u00fap t\u1ed1i \u01b0u h\u00f3a qu\u00e1 tr\u00ecnh s\u1ea3n xu\u1ea5t v\u00e0 b\u1ea3o qu\u1ea3n s\u1ea3n ph\u1ea9m. Qu\u1ea1t s\u1ea5y c\u00f4ng nghi\u1ec7p 30KW th\u01b0\u01a1ng hi\u1ec7u ViFan l\u00e0 thi\u1ebft b\u1ecb s\u01b0\u1edfi c\u00f4ng nghi\u1ec7p hi\u1ec7u su\u1ea5t cao, ph\u00f9 h\u1ee3p v\u1edbi nhi\u1ec1u l\u0129nh v\u1ef1c nh\u01b0 s\u1ea5y n\u00f4ng s\u1ea3n, s\u1ea5y g\u1ed7, s\u1ea5y th\u1ef1c ph\u1ea9m v\u00e0 s\u1eed d\u1ee5ng \u0111\u1ec3 s\u01b0\u1edfi \u1ea5m nh\u00e0 x\u01b0\u1edfng, kho b\u00e3i. \u0110\u00e2y l\u00e0 l\u1ef1a ch\u1ecdn l\u00fd t\u01b0\u1edfng cho c\u00e1c doanh nghi\u1ec7p \u0111ang t\u00ecm ki\u1ebfm qu\u1ea1t s\u1ea5y c\u00f4ng nghi\u1ec7p 30kW, v\u1eadn h\u00e0nh b\u1ec1n b\u1ec9, ti\u1ebft ki\u1ec7m \u0111i\u1ec7n v\u00e0 an to\u00e0n.<\/p>\n<h2 class=\"py-2 my-4 text-2xl font-bold border-green-500 border-y border-opacity-10\">Th\u00f4ng s\u1ed1 k\u1ef9 thu\u1eadt qu\u1ea1t s\u1ea5y gi\u00f3 n\u00f3ng ViFan EH-30<\/h2>\n<ul class=\"mb-4 space-y-1 list-none\">\n<li class=\"flex items-center gap-3 leading-relaxed text-gray-800 \"><div class=\"flex items-center justify-center w-5 h-5 bg-red-100 rounded-full shrink-0\"><svg class=\"w-3 h-3 text-red-600\" fill=\"none\" stroke=\"currentColor\" stroke- viewBox=\"0 0 24 24\"><path stroke-linecap=\"round\" stroke-linejoin=\"round\" d=\"M5 13l4 4L19 7\" \/><\/svg><\/div><div class=\"flex-1\">M\u00e3 s\u1ea3n ph\u1ea9m: EH-30<\/div><\/li>\n<li class=\"flex items-center gap-3 leading-relaxed text-gray-800 \"><div class=\"flex items-center justify-center w-5 h-5 bg-red-100 rounded-full shrink-0\"><svg class=\"w-3 h-3 text-red-600\" fill=\"none\" stroke=\"currentColor\" stroke- viewBox=\"0 0 24 24\"><path stroke-linecap=\"round\" stroke-linejoin=\"round\" d=\"M5 13l4 4L19 7\" \/><\/svg><\/div><div class=\"flex-1\">Th\u01b0\u01a1ng hi\u1ec7u: ViFan<\/div><\/li>\n<li class=\"flex items-center gap-3 leading-relaxed text-gray-800 \"><div class=\"flex items-center justify-center w-5 h-5 bg-red-100 rounded-full shrink-0\"><svg class=\"w-3 h-3 text-red-600\" fill=\"none\" stroke=\"currentColor\" stroke- viewBox=\"0 0 24 24\"><path stroke-linecap=\"round\" stroke-linejoin=\"round\" d=\"M5 13l4 4L19 7\" \/><\/svg><\/div><div class=\"flex-1\">C\u00f4ng su\u1ea5t nhi\u1ec7t: 30.000W<\/div><\/li>\n<li class=\"flex items-center gap-3 leading-relaxed text-gray-800 \"><div class=\"flex items-center justify-center w-5 h-5 bg-red-100 rounded-full shrink-0\"><svg class=\"w-3 h-3 text-red-600\" fill=\"none\" stroke=\"currentColor\" stroke- viewBox=\"0 0 24 24\"><path stroke-linecap=\"round\" stroke-linejoin=\"round\" d=\"M5 13l4 4L19 7\" \/><\/svg><\/div><div class=\"flex-1\">Ngu\u1ed3n \u0111i\u1ec7n: 380V \u2013 50Hz (3 pha)<\/div><\/li>\n<li class=\"flex items-center gap-3 leading-relaxed text-gray-800 \"><div class=\"flex items-center justify-center w-5 h-5 bg-red-100 rounded-full shrink-0\"><svg class=\"w-3 h-3 text-red-600\" fill=\"none\" stroke=\"currentColor\" stroke- viewBox=\"0 0 24 24\"><path stroke-linecap=\"round\" stroke-linejoin=\"round\" d=\"M5 13l4 4L19 7\" \/><\/svg><\/div><div class=\"flex-1\">L\u01b0u l\u01b0\u1ee3ng gi\u00f3: 1.911 m\u00b3\/h<\/div><\/li>\n<li class=\"flex items-center gap-3 leading-relaxed text-gray-800 \"><div class=\"flex items-center justify-center w-5 h-5 bg-red-100 rounded-full shrink-0\"><svg class=\"w-3 h-3 text-red-600\" fill=\"none\" stroke=\"currentColor\" stroke- viewBox=\"0 0 24 24\"><path stroke-linecap=\"round\" stroke-linejoin=\"round\" d=\"M5 13l4 4L19 7\" \/><\/svg><\/div><div class=\"flex-1\">D\u1ea3i nhi\u1ec7t \u0111\u1ed9 \u0111i\u1ec1u ch\u1ec9nh: 0 \u2013 85\u00b0C<\/div><\/li>\n<li class=\"flex items-center gap-3 leading-relaxed text-gray-800 \"><div class=\"flex items-center justify-center w-5 h-5 bg-red-100 rounded-full shrink-0\"><svg class=\"w-3 h-3 text-red-600\" fill=\"none\" stroke=\"currentColor\" stroke- viewBox=\"0 0 24 24\"><path stroke-linecap=\"round\" stroke-linejoin=\"round\" d=\"M5 13l4 4L19 7\" \/><\/svg><\/div><div class=\"flex-1\">Di\u1ec7n t\u00edch s\u1eed d\u1ee5ng hi\u1ec7u qu\u1ea3: L\u00ean \u0111\u1ebfn 180 m\u00b2<\/div><\/li>\n<li class=\"flex items-center gap-3 leading-relaxed text-gray-800 \"><div class=\"flex items-center justify-center w-5 h-5 bg-red-100 rounded-full shrink-0\"><svg class=\"w-3 h-3 text-red-600\" fill=\"none\" stroke=\"currentColor\" stroke- viewBox=\"0 0 24 24\"><path stroke-linecap=\"round\" stroke-linejoin=\"round\" d=\"M5 13l4 4L19 7\" \/><\/svg><\/div><div class=\"flex-1\">K\u00edch th\u01b0\u1edbc (DxRxC): 645 x 565 x 860 mm<\/div><\/li>\n<li class=\"flex items-center gap-3 leading-relaxed text-gray-800 \"><div class=\"flex items-center justify-center w-5 h-5 bg-red-100 rounded-full shrink-0\"><svg class=\"w-3 h-3 text-red-600\" fill=\"none\" stroke=\"currentColor\" stroke- viewBox=\"0 0 24 24\"><path stroke-linecap=\"round\" stroke-linejoin=\"round\" d=\"M5 13l4 4L19 7\" \/><\/svg><\/div><div class=\"flex-1\">Kh\u1ed1i l\u01b0\u1ee3ng: 34 kg<\/div><\/li>\n<li class=\"flex items-center gap-3 leading-relaxed text-gray-800 \"><div class=\"flex items-center justify-center w-5 h-5 bg-red-100 rounded-full shrink-0\"><svg class=\"w-3 h-3 text-red-600\" fill=\"none\" stroke=\"currentColor\" stroke- viewBox=\"0 0 24 24\"><path stroke-linecap=\"round\" stroke-linejoin=\"round\" d=\"M5 13l4 4L19 7\" \/><\/svg><\/div><div class=\"flex-1\">Ch\u1ea5t li\u1ec7u v\u1ecf: Th\u00e9p CT3 s\u01a1n t\u0129nh \u0111i\u1ec7n ch\u1ed1ng g\u1ec9<\/div><\/li>\n<li class=\"flex items-center gap-3 leading-relaxed text-gray-800 \"><div class=\"flex items-center justify-center w-5 h-5 bg-red-100 rounded-full shrink-0\"><svg class=\"w-3 h-3 text-red-600\" fill=\"none\" stroke=\"currentColor\" stroke- viewBox=\"0 0 24 24\"><path stroke-linecap=\"round\" stroke-linejoin=\"round\" d=\"M5 13l4 4L19 7\" \/><\/svg><\/div><div class=\"flex-1\">C\u00f4ng ngh\u1ec7 s\u1ea3n xu\u1ea5t: Nh\u1eadt B\u1ea3n<\/div><\/li>\n<li class=\"flex items-center gap-3 leading-relaxed text-gray-800 \"><div class=\"flex items-center justify-center w-5 h-5 bg-red-100 rounded-full shrink-0\"><svg class=\"w-3 h-3 text-red-600\" fill=\"none\" stroke=\"currentColor\" stroke- viewBox=\"0 0 24 24\"><path stroke-linecap=\"round\" stroke-linejoin=\"round\" d=\"M5 13l4 4L19 7\" \/><\/svg><\/div><div class=\"flex-1\">Xu\u1ea5t x\u1ee9: Trung Qu\u1ed1c<\/div><\/li>\n<li class=\"flex items-center gap-3 leading-relaxed text-gray-800 \"><div class=\"flex items-center justify-center w-5 h-5 bg-red-100 rounded-full shrink-0\"><svg class=\"w-3 h-3 text-red-600\" fill=\"none\" stroke=\"currentColor\" stroke- viewBox=\"0 0 24 24\"><path stroke-linecap=\"round\" stroke-linejoin=\"round\" d=\"M5 13l4 4L19 7\" \/><\/svg><\/div><div class=\"flex-1\">B\u1ea3o h\u00e0nh: 12 th\u00e1ng<\/div><\/li>\n<\/ul>\n<p class=\"mb-4 leading-relaxed\">T\u00ecm hi\u1ec3u th\u00eam model kh\u00e1c:<\/p>\n<p class=\"mb-4 leading-relaxed\"><a href=\"https:\/\/quatcongnghiepvifan.com\/quat-say-cong-nghiep-15kw\/\" class=\"text-red-900\">Qu\u1ea1t s\u1ea5y c\u00f4ng nghi\u1ec7p 15KW<\/a><\/p>\n<p class=\"mb-4 leading-relaxed\"><a href=\"https:\/\/quatcongnghiepvifan.com\/quat-say-cong-nghiep-9kw\/\" class=\"text-red-900\">Qu\u1ea1t s\u1ea5y c\u00f4ng nghi\u1ec7p 9KW<\/a><\/p>\n<h2 class=\"py-2 my-4 text-2xl font-bold border-green-500 border-y border-opacity-10\">\u01afu \u0111i\u1ec3m n\u1ed5i b\u1eadt c\u1ee7a qu\u1ea1t s\u1ea5y c\u00f4ng nghi\u1ec7p EH-30 ViFan<\/h2>\n<p class=\"mb-4 leading-relaxed\">Thi\u1ebft k\u1ebf ch\u1eafc ch\u1eafn, ki\u1ec3u d\u00e1ng c\u00f4ng nghi\u1ec7p, c\u00f3 b\u00e1nh xe ti\u1ec7n l\u1ee3i gi\u00fap qu\u1ea1t s\u1ea5y gi\u00f3 n\u00f3ng 3 pha ViFan d\u1ec5 d\u00e0ng di chuy\u1ec3n gi\u1eefa c\u00e1c khu v\u1ef1c s\u1ea3n xu\u1ea5t.<\/p>\n<p class=\"mb-4 leading-relaxed\">S\u1eed d\u1ee5ng \u0111i\u1ec7n tr\u1edf s\u1ea5y b\u1eb1ng th\u00e9p kh\u00f4ng g\u1ec9, gi\u00fap thi\u1ebft b\u1ecb ho\u1ea1t \u0111\u1ed9ng \u1ed5n \u0111\u1ecbnh, ch\u1ecbu nhi\u1ec7t t\u1ed1t v\u00e0 c\u00f3 tu\u1ed5i th\u1ecd cao.<\/p>\n<p class=\"mb-4 leading-relaxed\">Trang b\u1ecb h\u1ec7 th\u1ed1ng b\u1ea3o v\u1ec7 qu\u00e1 t\u1ea3i, gi\u00fap qu\u1ea1t s\u1ea5y c\u00f4ng nghi\u1ec7p ViFan EH-30 v\u1eadn h\u00e0nh an to\u00e0n, tr\u00e1nh ch\u00e1y n\u1ed5 ho\u1eb7c ch\u1eadp \u0111i\u1ec7n.<\/p>\n<p class=\"mb-4 leading-relaxed\">V\u1ecf ngo\u00e0i \u0111\u01b0\u1ee3c s\u01a1n t\u0129nh \u0111i\u1ec7n ch\u1ed1ng g\u1ec9, ph\u00f9 h\u1ee3p v\u1edbi m\u00f4i tr\u01b0\u1eddng c\u00f3 \u0111\u1ed9 \u1ea9m cao ho\u1eb7c ch\u1ee9a nhi\u1ec1u h\u00f3a ch\u1ea5t.<\/p>\n<p class=\"mb-4 leading-relaxed\">Kh\u00f4ng \u0111\u1ed1t ch\u00e1y oxy, gi\u1eef cho m\u00f4i tr\u01b0\u1eddng l\u00e0m vi\u1ec7c lu\u00f4n trong l\u00e0nh, th\u00edch h\u1ee3p cho c\u00e1c kh\u00f4ng gian k\u00edn nh\u01b0 ph\u00f2ng s\u01a1n, nh\u00e0 kho.<\/p>\n<p class=\"mb-4 leading-relaxed\">Sau khi t\u1eaft, qu\u1ea1t v\u1eabn ti\u1ebfp t\u1ee5c ho\u1ea1t \u0111\u1ed9ng trong 1 ph\u00fat \u0111\u1ec3 l\u00e0m m\u00e1t \u0111i\u1ec7n tr\u1edf, t\u0103ng \u0111\u1ed9 b\u1ec1n thi\u1ebft b\u1ecb.<\/p>\n<p class=\"mb-4 leading-relaxed\">Ho\u1ea1t \u0111\u1ed9ng \u00eam \u00e1i, \u0111\u1ed9 \u1ed3n th\u1ea5p, kh\u00f4ng g\u00e2y \u1ea3nh h\u01b0\u1edfng \u0111\u1ebfn ng\u01b0\u1eddi lao \u0111\u1ed9ng trong qu\u00e1 tr\u00ecnh s\u1ea3n xu\u1ea5t.<\/p>\n<h2 class=\"py-2 my-4 text-2xl font-bold border-green-500 border-y border-opacity-10\">\u1ee8ng d\u1ee5ng th\u1ef1c t\u1ebf c\u1ee7a qu\u1ea1t s\u1ea5y gi\u00f3 n\u00f3ng EH-30<\/h2>\n<p class=\"mb-4 leading-relaxed\">Qu\u1ea1t s\u1ea5y c\u00f4ng nghi\u1ec7p EH-30 ph\u00f9 h\u1ee3p v\u1edbi nhi\u1ec1u ng\u00e0nh ngh\u1ec1 v\u00e0 m\u1ee5c \u0111\u00edch s\u1eed d\u1ee5ng nh\u01b0:<\/p>\n<p class=\"mb-4 leading-relaxed\">S\u1ea5y th\u1ef1c ph\u1ea9m, s\u1ea5y n\u00f4ng s\u1ea3n, \u0111\u1ea3m b\u1ea3o gi\u1eef nguy\u00ean d\u01b0\u1ee1ng ch\u1ea5t v\u00e0 ch\u1ea5t l\u01b0\u1ee3ng th\u00e0nh ph\u1ea9m.<\/p>\n<p class=\"mb-4 leading-relaxed\">S\u1eed d\u1ee5ng \u0111\u1ec3 s\u1ea5y g\u1ed7, s\u1ea5y bao b\u00ec, s\u1ea5y gi\u1ea5y ho\u1eb7c c\u00e1c v\u1eadt li\u1ec7u d\u1ec5 b\u1ecb \u1ea9m.<\/p>\n<p class=\"mb-4 leading-relaxed\">D\u00f9ng trong ph\u00f2ng s\u01a1n c\u00f4ng nghi\u1ec7p, ph\u00f2ng nghi\u00ean c\u1ee9u, kho ch\u1ee9a v\u1eadt t\u01b0.<\/p>\n<p class=\"mb-4 leading-relaxed\">S\u01b0\u1edfi \u1ea5m trong nh\u00e0 x\u01b0\u1edfng, gara \u00f4 t\u00f4, tr\u1ea1i gi\u1ed1ng, nh\u00e0 k\u00ednh trong n\u00f4ng nghi\u1ec7p c\u00f4ng ngh\u1ec7 cao.<\/p>\n<p class=\"mb-4 leading-relaxed\">R\u1ea5t ph\u00f9 h\u1ee3p l\u00e0m qu\u1ea1t s\u1ea5y c\u00f4ng nghi\u1ec7p cho nh\u00e0 x\u01b0\u1edfng, nh\u1edd hi\u1ec7u su\u1ea5t cao v\u00e0 kh\u1ea3 n\u0103ng ph\u00e2n b\u1ed1 nhi\u1ec7t \u0111\u1ed3ng \u0111\u1ec1u.<\/p>\n<h2 class=\"py-2 my-4 text-2xl font-bold border-green-500 border-y border-opacity-10\">T\u1ea1i sao n\u00ean ch\u1ecdn qu\u1ea1t s\u1ea5y gi\u00f3 n\u00f3ng ViFan EH-30?<\/h2>\n<p class=\"mb-4 leading-relaxed\">ViFan l\u00e0 th\u01b0\u01a1ng hi\u1ec7u chuy\u00ean cung c\u1ea5p c\u00e1c d\u00f2ng <a href=\"https:\/\/quatcongnghiepvifan.com\/quat-say-cong-nghiep\/\" class=\"text-red-900\">qu\u1ea1t s\u1ea5y c\u00f4ng nghi\u1ec7p<\/a> ch\u1ea5t l\u01b0\u1ee3ng cao, uy t\u00edn tr\u00ean th\u1ecb tr\u01b0\u1eddng. S\u1ea3n ph\u1ea9m \u0111\u01b0\u1ee3c thi\u1ebft k\u1ebf v\u00e0 s\u1ea3n xu\u1ea5t theo ti\u00eau chu\u1ea9n nghi\u00eam ng\u1eb7t, \u0111\u1ea3m b\u1ea3o t\u00ednh \u1ed5n \u0111\u1ecbnh, hi\u1ec7u qu\u1ea3 v\u00e0 \u0111\u1ed9 b\u1ec1n trong qu\u00e1 tr\u00ecnh s\u1eed d\u1ee5ng. Khi l\u1ef1a ch\u1ecdn qu\u1ea1t s\u1ea5y gi\u00f3 n\u00f3ng c\u00f4ng nghi\u1ec7p EH-30 ViFan, b\u1ea1n ho\u00e0n to\u00e0n y\u00ean t\u00e2m v\u1ec1:<\/p>\n<ul class=\"mb-4 space-y-1 list-none\">\n<li class=\"flex items-center gap-3 leading-relaxed text-gray-800 \"><div class=\"flex items-center justify-center w-5 h-5 bg-red-100 rounded-full shrink-0\"><svg class=\"w-3 h-3 text-red-600\" fill=\"none\" stroke=\"currentColor\" stroke- viewBox=\"0 0 24 24\"><path stroke-linecap=\"round\" stroke-linejoin=\"round\" d=\"M5 13l4 4L19 7\" \/><\/svg><\/div><div class=\"flex-1\">S\u1ea3n ph\u1ea9m ch\u00ednh h\u00e3ng, th\u00f4ng s\u1ed1 r\u00f5 r\u00e0ng.<\/div><\/li>\n<li class=\"flex items-center gap-3 leading-relaxed text-gray-800 \"><div class=\"flex items-center justify-center w-5 h-5 bg-red-100 rounded-full shrink-0\"><svg class=\"w-3 h-3 text-red-600\" fill=\"none\" stroke=\"currentColor\" stroke- viewBox=\"0 0 24 24\"><path stroke-linecap=\"round\" stroke-linejoin=\"round\" d=\"M5 13l4 4L19 7\" \/><\/svg><\/div><div class=\"flex-1\">Ch\u00ednh s\u00e1ch b\u1ea3o h\u00e0nh uy t\u00edn 12 th\u00e1ng.<\/div><\/li>\n<li class=\"flex items-center gap-3 leading-relaxed text-gray-800 \"><div class=\"flex items-center justify-center w-5 h-5 bg-red-100 rounded-full shrink-0\"><svg class=\"w-3 h-3 text-red-600\" fill=\"none\" stroke=\"currentColor\" stroke- viewBox=\"0 0 24 24\"><path stroke-linecap=\"round\" stroke-linejoin=\"round\" d=\"M5 13l4 4L19 7\" \/><\/svg><\/div><div class=\"flex-1\">Gi\u00e1 c\u1ea3 c\u1ea1nh tranh, h\u1ed7 tr\u1ee3 t\u01b0 v\u1ea5n k\u1ef9 thu\u1eadt.<\/div><\/li>\n<li class=\"flex items-center gap-3 leading-relaxed text-gray-800 \"><div class=\"flex items-center justify-center w-5 h-5 bg-red-100 rounded-full shrink-0\"><svg class=\"w-3 h-3 text-red-600\" fill=\"none\" stroke=\"currentColor\" stroke- viewBox=\"0 0 24 24\"><path stroke-linecap=\"round\" stroke-linejoin=\"round\" d=\"M5 13l4 4L19 7\" \/><\/svg><\/div><div class=\"flex-1\">Ph\u00f9 h\u1ee3p v\u1edbi nhi\u1ec1u m\u00f4 h\u00ecnh s\u1ea3n xu\u1ea5t v\u1eeba v\u00e0 l\u1edbn.<\/div><\/li>\n<\/ul>\n","protected":false},"excerpt":{"rendered":"<div class=\"my-4 overflow-hidden bg-white rounded-lg shadow-xl \"><div class=\"overflow-x-auto\"><table class=\"min-w-full\" class=\"min-w-full\">\n<tbody class=\"bg-white divide-y divide-gray-100 \" class=\"bg-white divide-y divide-gray-100 \">\n<tr class=\"transition-all duration-200 ease-in-out group hover:bg-red-50 \" class=\"transition-all duration-200 ease-in-out group hover:bg-red-50 \">\n<td class=\"px-2 py-2 text-sm text-gray-700 transition-colors duration-200 group-hover:text-gray-900 \" class=\"px-2 py-2 text-sm text-gray-700 transition-colors duration-200 group-hover:text-gray-900 \"><strong class=\"font-cal-sans\">M\u00e3 s\u1ea3n ph\u1ea9m<\/strong><\/td>\n<td class=\"px-2 py-2 text-sm text-gray-700 transition-colors duration-200 group-hover:text-gray-900 \" class=\"px-2 py-2 text-sm text-gray-700 transition-colors duration-200 group-hover:text-gray-900 \">:<\/td>\n<td class=\"px-2 py-2 text-sm text-gray-700 transition-colors duration-200 group-hover:text-gray-900 \" class=\"px-2 py-2 text-sm text-gray-700 transition-colors duration-200 group-hover:text-gray-900 \">EH30<\/td>\n<\/tr>\n<tr class=\"transition-all duration-200 ease-in-out group hover:bg-red-50 \" class=\"transition-all duration-200 ease-in-out group hover:bg-red-50 \">\n<td class=\"px-2 py-2 text-sm text-gray-700 transition-colors duration-200 group-hover:text-gray-900 \" class=\"px-2 py-2 text-sm text-gray-700 transition-colors duration-200 group-hover:text-gray-900 \"><strong class=\"font-cal-sans\">Th\u01b0\u01a1ng hi\u1ec7u<\/strong><\/td>\n<td class=\"px-2 py-2 text-sm text-gray-700 transition-colors duration-200 group-hover:text-gray-900 \" class=\"px-2 py-2 text-sm text-gray-700 transition-colors duration-200 group-hover:text-gray-900 \">:<\/td>\n<td class=\"px-2 py-2 text-sm text-gray-700 transition-colors duration-200 group-hover:text-gray-900 \" class=\"px-2 py-2 text-sm text-gray-700 transition-colors duration-200 group-hover:text-gray-900 \">ViFan<\/td>\n<\/tr>\n<tr class=\"transition-all duration-200 ease-in-out group hover:bg-red-50 \" class=\"transition-all duration-200 ease-in-out group hover:bg-red-50 \">\n<td class=\"px-2 py-2 text-sm text-gray-700 transition-colors duration-200 group-hover:text-gray-900 \" class=\"px-2 py-2 text-sm text-gray-700 transition-colors duration-200 group-hover:text-gray-900 \"><strong class=\"font-cal-sans\">C\u00f4ng su\u1ea5t nhi\u1ec7t<\/strong><\/td>\n<td class=\"px-2 py-2 text-sm text-gray-700 transition-colors duration-200 group-hover:text-gray-900 \" class=\"px-2 py-2 text-sm text-gray-700 transition-colors duration-200 group-hover:text-gray-900 \">:<\/td>\n<td class=\"px-2 py-2 text-sm text-gray-700 transition-colors duration-200 group-hover:text-gray-900 \" class=\"px-2 py-2 text-sm text-gray-700 transition-colors duration-200 group-hover:text-gray-900 \">30000 W<\/td>\n<\/tr>\n<tr class=\"transition-all duration-200 ease-in-out group hover:bg-red-50 \" class=\"transition-all duration-200 ease-in-out group hover:bg-red-50 \">\n<td class=\"px-2 py-2 text-sm text-gray-700 transition-colors duration-200 group-hover:text-gray-900 \" class=\"px-2 py-2 text-sm text-gray-700 transition-colors duration-200 group-hover:text-gray-900 \"><strong class=\"font-cal-sans\">Nhi\u1ec7t \u0111\u1ed9<\/strong><\/td>\n<td class=\"px-2 py-2 text-sm text-gray-700 transition-colors duration-200 group-hover:text-gray-900 \" class=\"px-2 py-2 text-sm text-gray-700 transition-colors duration-200 group-hover:text-gray-900 \">:<\/td>\n<td class=\"px-2 py-2 text-sm text-gray-700 transition-colors duration-200 group-hover:text-gray-900 \" class=\"px-2 py-2 text-sm text-gray-700 transition-colors duration-200 group-hover:text-gray-900 \">0-85 \u00b0 C<\/td>\n<\/tr>\n<tr class=\"transition-all duration-200 ease-in-out group hover:bg-red-50 \" class=\"transition-all duration-200 ease-in-out group hover:bg-red-50 \">\n<td class=\"px-2 py-2 text-sm text-gray-700 transition-colors duration-200 group-hover:text-gray-900 \" class=\"px-2 py-2 text-sm text-gray-700 transition-colors duration-200 group-hover:text-gray-900 \"><strong class=\"font-cal-sans\">L\u01b0u l\u01b0\u1ee3ng<\/strong><\/td>\n<td class=\"px-2 py-2 text-sm text-gray-700 transition-colors duration-200 group-hover:text-gray-900 \" class=\"px-2 py-2 text-sm text-gray-700 transition-colors duration-200 group-hover:text-gray-900 \">:<\/td>\n<td class=\"px-2 py-2 text-sm text-gray-700 transition-colors duration-200 group-hover:text-gray-900 \" class=\"px-2 py-2 text-sm text-gray-700 transition-colors duration-200 group-hover:text-gray-900 \">1911 m3\/h<\/td>\n<\/tr>\n<tr class=\"transition-all duration-200 ease-in-out group hover:bg-red-50 \" class=\"transition-all duration-200 ease-in-out group hover:bg-red-50 \">\n<td class=\"px-2 py-2 text-sm text-gray-700 transition-colors duration-200 group-hover:text-gray-900 \" class=\"px-2 py-2 text-sm text-gray-700 transition-colors duration-200 group-hover:text-gray-900 \"><strong class=\"font-cal-sans\">B\u1ea3o h\u00e0nh<\/strong><\/td>\n<td class=\"px-2 py-2 text-sm text-gray-700 transition-colors duration-200 group-hover:text-gray-900 \" class=\"px-2 py-2 text-sm text-gray-700 transition-colors duration-200 group-hover:text-gray-900 \">:<\/td>\n<td class=\"px-2 py-2 text-sm text-gray-700 transition-colors duration-200 group-hover:text-gray-900 \" class=\"px-2 py-2 text-sm text-gray-700 transition-colors duration-200 group-hover:text-gray-900 \">12 th\u00e1ng<\/td>\n<\/tr>\n<tr class=\"transition-all duration-200 ease-in-out group hover:bg-red-50 \" class=\"transition-all duration-200 ease-in-out group hover:bg-red-50 \">\n<td class=\"px-2 py-2 text-sm text-gray-700 transition-colors duration-200 group-hover:text-gray-900 \" class=\"px-2 py-2 text-sm text-gray-700 transition-colors duration-200 group-hover:text-gray-900 \"><strong class=\"font-cal-sans\">Xu\u1ea5t x\u1ee9<\/strong><\/td>\n<td class=\"px-2 py-2 text-sm text-gray-700 transition-colors duration-200 group-hover:text-gray-900 \" class=\"px-2 py-2 text-sm text-gray-700 transition-colors duration-200 group-hover:text-gray-900 \">:<\/td>\n<td class=\"px-2 py-2 text-sm text-gray-700 transition-colors duration-200 group-hover:text-gray-900 \" class=\"px-2 py-2 text-sm text-gray-700 transition-colors duration-200 group-hover:text-gray-900 \">Trung Qu\u1ed1c<\/td>\n<\/tr>\n<\/tbody>\n<\/table><\/div><\/div>\n","protected":false},"featured_media":255,"template":"","meta":{"footnotes":""},"product_cat":[18],"product_tag":[],"ztteam_product_brand":[],"class_list":["post-254","product","type-product","status-publish","has-post-thumbnail","hentry","product_cat-quat-say-cong-nghiep"],"meta_box":{"_sku":"EH30","_regular_price":"12958786","_sale_price":"11399944","_price":"11399944","_stock_status":"instock","_stock":"50","_manage_stock":"1","_weight":"","_length":"","_width":"","_height":"","_product_image_gallery":[{"width":150,"height":150,"file":"2026\/03\/quat-say-cong-nghiep-30kw.png","filesize":97356,"sizes":[],"image_meta":{"aperture":"0","credit":"","camera":"","caption":"","created_timestamp":"0","copyright":"","focal_length":"0","iso":"0","shutter_speed":"0","title":"","orientation":"0","keywords":[]},"ID":"255","name":"quat-say-cong-nghiep-30kw.png","path":"\/home\/dev.wptheme.store\/public_html\/s\/wpquat\/wp-content\/uploads\/2026\/03\/quat-say-cong-nghiep-30kw.png","url":"https:\/\/dev.wptheme.store\/s\/wpquat\/wp-content\/uploads\/2026\/03\/quat-say-cong-nghiep-30kw.png","full_url":"https:\/\/dev.wptheme.store\/s\/wpquat\/wp-content\/uploads\/2026\/03\/quat-say-cong-nghiep-30kw.png","title":"Qu\u1ea1t S\u1ea5y C\u00f4ng Nghi\u1ec7p 30KW","caption":"","description":"","alt":"","srcset":false}],"_featured":"0","_visibility":"visible","_virtual":"","_downloadable":"","product_type":"simple","product_attributes":[],"color_variations":[],"size_variations":[],"storage_variations":[],"material_variations":[]},"_links":{"self":[{"href":"https:\/\/dev.wptheme.store\/s\/wpquat\/wp-json\/wp\/v2\/product\/254","targetHints":{"allow":["GET"]}}],"collection":[{"href":"https:\/\/dev.wptheme.store\/s\/wpquat\/wp-json\/wp\/v2\/product"}],"about":[{"href":"https:\/\/dev.wptheme.store\/s\/wpquat\/wp-json\/wp\/v2\/types\/product"}],"version-history":[{"count":0,"href":"https:\/\/dev.wptheme.store\/s\/wpquat\/wp-json\/wp\/v2\/product\/254\/revisions"}],"wp:featuredmedia":[{"embeddable":true,"href":"https:\/\/dev.wptheme.store\/s\/wpquat\/wp-json\/wp\/v2\/media\/255"}],"wp:attachment":[{"href":"https:\/\/dev.wptheme.store\/s\/wpquat\/wp-json\/wp\/v2\/media?parent=254"}],"wp:term":[{"taxonomy":"product_cat","embeddable":true,"href":"https:\/\/dev.wptheme.store\/s\/wpquat\/wp-json\/wp\/v2\/product_cat?post=254"},{"taxonomy":"product_tag","embeddable":true,"href":"https:\/\/dev.wptheme.store\/s\/wpquat\/wp-json\/wp\/v2\/product_tag?post=254"},{"taxonomy":"ztteam_product_brand","embeddable":true,"href":"https:\/\/dev.wptheme.store\/s\/wpquat\/wp-json\/wp\/v2\/ztteam_product_brand?post=254"}],"curies":[{"name":"wp","href":"https:\/\/api.w.org\/{rel}","templated":true}]}}