{"id":256,"date":"2026-03-16T08:51:14","date_gmt":"2026-03-16T01:51:14","guid":{"rendered":"https:\/\/dev.wptheme.store\/s\/wpquat\/product\/quat-say-cong-nghiep-15kw\/"},"modified":"2026-03-16T08:51:14","modified_gmt":"2026-03-16T01:51:14","slug":"quat-say-cong-nghiep-15kw","status":"publish","type":"product","link":"https:\/\/dev.wptheme.store\/s\/wpquat\/product\/quat-say-cong-nghiep-15kw\/","title":{"rendered":"Qu\u1ea1t S\u1ea5y C\u00f4ng Nghi\u1ec7p 15KW"},"content":{"rendered":"<p class=\"mb-4 leading-relaxed\">Trong c\u00e1c ng\u00e0nh s\u1ea3n xu\u1ea5t hi\u1ec7n \u0111\u1ea1i, vi\u1ec7c s\u1ea5y kh\u00f4 nguy\u00ean v\u1eadt li\u1ec7u ho\u1eb7c duy tr\u00ec nhi\u1ec7t \u0111\u1ed9 m\u00f4i tr\u01b0\u1eddng \u1ed5n \u0111\u1ecbnh l\u00e0 y\u1ebfu t\u1ed1 quan tr\u1ecdng \u0111\u1ec3 \u0111\u1ea3m b\u1ea3o ch\u1ea5t l\u01b0\u1ee3ng th\u00e0nh ph\u1ea9m. Qu\u1ea1t s\u1ea5y gi\u00f3 n\u00f3ng c\u00f4ng nghi\u1ec7p EH-15 th\u01b0\u01a1ng hi\u1ec7u ViFan l\u00e0 gi\u1ea3i ph\u00e1p s\u1ea5y hi\u1ec7u qu\u1ea3 v\u1edbi c\u00f4ng su\u1ea5t 15kW, ph\u00f9 h\u1ee3p v\u1edbi nhi\u1ec1u \u1ee9ng d\u1ee5ng th\u1ef1c t\u1ebf nh\u01b0 s\u1ea5y n\u00f4ng s\u1ea3n, g\u1ed7, th\u1ef1c ph\u1ea9m, ph\u00f2ng s\u01a1n ho\u1eb7c s\u01b0\u1edfi \u1ea5m nh\u00e0 x\u01b0\u1edfng. \u0110\u00e2y l\u00e0 m\u1ed9t trong nh\u1eefng d\u00f2ng qu\u1ea1t s\u1ea5y c\u00f4ng nghi\u1ec7p 15kW \u0111\u01b0\u1ee3c \u01b0a chu\u1ed9ng nh\u1ea5t hi\u1ec7n nay nh\u1edd hi\u1ec7u su\u1ea5t cao, an to\u00e0n v\u00e0 v\u1eadn h\u00e0nh b\u1ec1n b\u1ec9.<\/p>\n<h2 class=\"py-2 my-4 text-2xl font-bold border-green-500 border-y border-opacity-10\">Th\u00f4ng s\u1ed1 k\u1ef9 thu\u1eadt qu\u1ea1t s\u1ea5y c\u00f4ng nghi\u1ec7p 15KW EH-15<\/h2>\n<ul class=\"mb-4 space-y-1 list-none\">\n<li class=\"flex items-center gap-3 leading-relaxed text-gray-800 \"><div class=\"flex items-center justify-center w-5 h-5 bg-red-100 rounded-full shrink-0\"><svg class=\"w-3 h-3 text-red-600\" fill=\"none\" stroke=\"currentColor\" stroke- viewBox=\"0 0 24 24\"><path stroke-linecap=\"round\" stroke-linejoin=\"round\" d=\"M5 13l4 4L19 7\" \/><\/svg><\/div><div class=\"flex-1\">M\u00e3 s\u1ea3n ph\u1ea9m: EH-15<\/div><\/li>\n<li class=\"flex items-center gap-3 leading-relaxed text-gray-800 \"><div class=\"flex items-center justify-center w-5 h-5 bg-red-100 rounded-full shrink-0\"><svg class=\"w-3 h-3 text-red-600\" fill=\"none\" stroke=\"currentColor\" stroke- viewBox=\"0 0 24 24\"><path stroke-linecap=\"round\" stroke-linejoin=\"round\" d=\"M5 13l4 4L19 7\" \/><\/svg><\/div><div class=\"flex-1\">Th\u01b0\u01a1ng hi\u1ec7u: ViFan<\/div><\/li>\n<li class=\"flex items-center gap-3 leading-relaxed text-gray-800 \"><div class=\"flex items-center justify-center w-5 h-5 bg-red-100 rounded-full shrink-0\"><svg class=\"w-3 h-3 text-red-600\" fill=\"none\" stroke=\"currentColor\" stroke- viewBox=\"0 0 24 24\"><path stroke-linecap=\"round\" stroke-linejoin=\"round\" d=\"M5 13l4 4L19 7\" \/><\/svg><\/div><div class=\"flex-1\">C\u00f4ng su\u1ea5t nhi\u1ec7t: 15.000W<\/div><\/li>\n<li class=\"flex items-center gap-3 leading-relaxed text-gray-800 \"><div class=\"flex items-center justify-center w-5 h-5 bg-red-100 rounded-full shrink-0\"><svg class=\"w-3 h-3 text-red-600\" fill=\"none\" stroke=\"currentColor\" stroke- viewBox=\"0 0 24 24\"><path stroke-linecap=\"round\" stroke-linejoin=\"round\" d=\"M5 13l4 4L19 7\" \/><\/svg><\/div><div class=\"flex-1\">Ngu\u1ed3n \u0111i\u1ec7n: 380V \u2013 50Hz (3 pha)<\/div><\/li>\n<li class=\"flex items-center gap-3 leading-relaxed text-gray-800 \"><div class=\"flex items-center justify-center w-5 h-5 bg-red-100 rounded-full shrink-0\"><svg class=\"w-3 h-3 text-red-600\" fill=\"none\" stroke=\"currentColor\" stroke- viewBox=\"0 0 24 24\"><path stroke-linecap=\"round\" stroke-linejoin=\"round\" d=\"M5 13l4 4L19 7\" \/><\/svg><\/div><div class=\"flex-1\">L\u01b0u l\u01b0\u1ee3ng gi\u00f3: 1.292 m\u00b3\/h<\/div><\/li>\n<li class=\"flex items-center gap-3 leading-relaxed text-gray-800 \"><div class=\"flex items-center justify-center w-5 h-5 bg-red-100 rounded-full shrink-0\"><svg class=\"w-3 h-3 text-red-600\" fill=\"none\" stroke=\"currentColor\" stroke- viewBox=\"0 0 24 24\"><path stroke-linecap=\"round\" stroke-linejoin=\"round\" d=\"M5 13l4 4L19 7\" \/><\/svg><\/div><div class=\"flex-1\">D\u1ea3i nhi\u1ec7t \u0111\u1ed9 \u0111i\u1ec1u ch\u1ec9nh: 0 \u2013 85\u00b0C<\/div><\/li>\n<li class=\"flex items-center gap-3 leading-relaxed text-gray-800 \"><div class=\"flex items-center justify-center w-5 h-5 bg-red-100 rounded-full shrink-0\"><svg class=\"w-3 h-3 text-red-600\" fill=\"none\" stroke=\"currentColor\" stroke- viewBox=\"0 0 24 24\"><path stroke-linecap=\"round\" stroke-linejoin=\"round\" d=\"M5 13l4 4L19 7\" \/><\/svg><\/div><div class=\"flex-1\">Di\u1ec7n t\u00edch s\u1eed d\u1ee5ng hi\u1ec7u qu\u1ea3: ~100 \u2013 120 m\u00b2<\/div><\/li>\n<li class=\"flex items-center gap-3 leading-relaxed text-gray-800 \"><div class=\"flex items-center justify-center w-5 h-5 bg-red-100 rounded-full shrink-0\"><svg class=\"w-3 h-3 text-red-600\" fill=\"none\" stroke=\"currentColor\" stroke- viewBox=\"0 0 24 24\"><path stroke-linecap=\"round\" stroke-linejoin=\"round\" d=\"M5 13l4 4L19 7\" \/><\/svg><\/div><div class=\"flex-1\">K\u00edch th\u01b0\u1edbc (DxRxC): 520 x 500 x 660 mm<\/div><\/li>\n<li class=\"flex items-center gap-3 leading-relaxed text-gray-800 \"><div class=\"flex items-center justify-center w-5 h-5 bg-red-100 rounded-full shrink-0\"><svg class=\"w-3 h-3 text-red-600\" fill=\"none\" stroke=\"currentColor\" stroke- viewBox=\"0 0 24 24\"><path stroke-linecap=\"round\" stroke-linejoin=\"round\" d=\"M5 13l4 4L19 7\" \/><\/svg><\/div><div class=\"flex-1\">Kh\u1ed1i l\u01b0\u1ee3ng: ~25 kg<\/div><\/li>\n<li class=\"flex items-center gap-3 leading-relaxed text-gray-800 \"><div class=\"flex items-center justify-center w-5 h-5 bg-red-100 rounded-full shrink-0\"><svg class=\"w-3 h-3 text-red-600\" fill=\"none\" stroke=\"currentColor\" stroke- viewBox=\"0 0 24 24\"><path stroke-linecap=\"round\" stroke-linejoin=\"round\" d=\"M5 13l4 4L19 7\" \/><\/svg><\/div><div class=\"flex-1\">Ch\u1ea5t li\u1ec7u v\u1ecf: Th\u00e9p CT3 s\u01a1n t\u0129nh \u0111i\u1ec7n<\/div><\/li>\n<li class=\"flex items-center gap-3 leading-relaxed text-gray-800 \"><div class=\"flex items-center justify-center w-5 h-5 bg-red-100 rounded-full shrink-0\"><svg class=\"w-3 h-3 text-red-600\" fill=\"none\" stroke=\"currentColor\" stroke- viewBox=\"0 0 24 24\"><path stroke-linecap=\"round\" stroke-linejoin=\"round\" d=\"M5 13l4 4L19 7\" \/><\/svg><\/div><div class=\"flex-1\">Xu\u1ea5t x\u1ee9: Trung Qu\u1ed1c<\/div><\/li>\n<li class=\"flex items-center gap-3 leading-relaxed text-gray-800 \"><div class=\"flex items-center justify-center w-5 h-5 bg-red-100 rounded-full shrink-0\"><svg class=\"w-3 h-3 text-red-600\" fill=\"none\" stroke=\"currentColor\" stroke- viewBox=\"0 0 24 24\"><path stroke-linecap=\"round\" stroke-linejoin=\"round\" d=\"M5 13l4 4L19 7\" \/><\/svg><\/div><div class=\"flex-1\">B\u1ea3o h\u00e0nh: 12 th\u00e1ng<\/div><\/li>\n<\/ul>\n<p class=\"mb-4 leading-relaxed\">T\u00ecm hi\u1ec3u th\u00eam s\u1ea3n ph\u1ea9m kh\u00e1c: <a href=\"https:\/\/quatcongnghiepvifan.com\/quat-say-cong-nghiep-5kw\/\" class=\"text-red-900\">Qu\u1ea1t s\u1ea5y c\u00f4ng nghi\u1ec7p 5KW<\/a> ; <a href=\"https:\/\/quatcongnghiepvifan.com\/quat-say-cong-nghiep-9kw\/\" class=\"text-red-900\">Qu\u1ea1t s\u1ea5y c\u00f4ng nghi\u1ec7p 9KW<\/a><\/p>\n<h2 class=\"py-2 my-4 text-2xl font-bold border-green-500 border-y border-opacity-10\">\u01afu \u0111i\u1ec3m n\u1ed5i b\u1eadt c\u1ee7a qu\u1ea1t s\u1ea5y c\u00f4ng nghi\u1ec7p EH-15 ViFan<\/h2>\n<p class=\"mb-4 leading-relaxed\">Thi\u1ebft k\u1ebf nh\u1ecf g\u1ecdn, ch\u1eafc ch\u1eafn, d\u1ec5 d\u00e0ng di chuy\u1ec3n v\u1edbi tay c\u1ea7m v\u00e0 b\u00e1nh xe linh ho\u1ea1t.<\/p>\n<p class=\"mb-4 leading-relaxed\">L\u00e0 d\u00f2ng qu\u1ea1t s\u1ea5y c\u00f4ng nghi\u1ec7p 3 pha 15kW, cho kh\u1ea3 n\u0103ng sinh nhi\u1ec7t nhanh, m\u1ea1nh v\u00e0 \u0111\u1ec1u.<\/p>\n<p class=\"mb-4 leading-relaxed\">C\u00e1nh qu\u1ea1t h\u01b0\u1edbng tr\u1ee5c gi\u00fap l\u01b0u th\u00f4ng kh\u00f4ng kh\u00ed hi\u1ec7u qu\u1ea3, t\u0103ng t\u1ed1c \u0111\u1ed9 s\u1ea5y.<\/p>\n<p class=\"mb-4 leading-relaxed\">C\u00f3 h\u1ec7 th\u1ed1ng b\u1ea3o v\u1ec7 qu\u00e1 t\u1ea3i, \u0111\u1ea3m b\u1ea3o an to\u00e0n tuy\u1ec7t \u0111\u1ed1i khi v\u1eadn h\u00e0nh li\u00ean t\u1ee5c trong th\u1eddi gian d\u00e0i.<\/p>\n<p class=\"mb-4 leading-relaxed\">Khung v\u1ecf th\u00e9p s\u01a1n t\u0129nh \u0111i\u1ec7n c\u00e1ch nhi\u1ec7t, ch\u1ecbu va \u0111\u1eadp t\u1ed1t, tu\u1ed5i th\u1ecd cao trong m\u00f4i tr\u01b0\u1eddng c\u00f4ng nghi\u1ec7p.<\/p>\n<p class=\"mb-4 leading-relaxed\">Kh\u00f4ng g\u00e2y \u0111\u1ed1t ch\u00e1y oxy, kh\u00f4ng ph\u00e1t t\u00e1n m\u00f9i kh\u00f3 ch\u1ecbu, gi\u1eef m\u00f4i tr\u01b0\u1eddng l\u00e0m vi\u1ec7c trong l\u00e0nh.<\/p>\n<p class=\"mb-4 leading-relaxed\">Qu\u1ea1t v\u1eabn ch\u1ea1y trong 60 gi\u00e2y sau khi t\u1eaft \u0111\u1ec3 l\u00e0m m\u00e1t \u0111i\u1ec7n tr\u1edf, t\u0103ng \u0111\u1ed9 b\u1ec1n thi\u1ebft b\u1ecb.<\/p>\n<h2 class=\"py-2 my-4 text-2xl font-bold border-green-500 border-y border-opacity-10\">\u1ee8ng d\u1ee5ng th\u1ef1c t\u1ebf c\u1ee7a qu\u1ea1t s\u1ea5y EH-15 ViFan<\/h2>\n<p class=\"mb-4 leading-relaxed\">S\u1ea5y g\u1ed7, s\u1ea5y gi\u1ea5y, s\u1ea5y bao b\u00ec ho\u1eb7c v\u1eadt li\u1ec7u d\u1ec5 \u1ea9m.<\/p>\n<p class=\"mb-4 leading-relaxed\">S\u1ea5y n\u00f4ng s\u1ea3n, s\u1ea5y th\u1ef1c ph\u1ea9m nh\u01b0 l\u00faa, ng\u00f4, ti\u00eau, h\u1ea1t \u0111i\u1ec1u, v.v.<\/p>\n<p class=\"mb-4 leading-relaxed\">D\u00f9ng trong ph\u00f2ng s\u01a1n, x\u01b0\u1edfng ch\u1ebf t\u1ea1o, kho ch\u1ee9a h\u00e0ng h\u00f3a.<\/p>\n<p class=\"mb-4 leading-relaxed\">S\u01b0\u1edfi \u1ea5m nh\u00e0 x\u01b0\u1edfng, tr\u1ea1i gi\u1ed1ng, nh\u00e0 k\u00ednh ho\u1eb7c gara \u00f4 t\u00f4.<\/p>\n<p class=\"mb-4 leading-relaxed\">Ph\u00f9 h\u1ee3p cho c\u00e1c kh\u00f4ng gian t\u1eeb 100 \u2013 120m\u00b2 v\u1edbi nhu c\u1ea7u gia nhi\u1ec7t nhanh ch\u00f3ng.<\/p>\n<h2 class=\"py-2 my-4 text-2xl font-bold border-green-500 border-y border-opacity-10\">L\u00fd do n\u00ean ch\u1ecdn qu\u1ea1t s\u1ea5y gi\u00f3 n\u00f3ng EH-15 ViFan<\/h2>\n<p class=\"mb-4 leading-relaxed\">Th\u01b0\u01a1ng hi\u1ec7u uy t\u00edn: ViFan l\u00e0 \u0111\u01a1n v\u1ecb chuy\u00ean s\u1ea3n xu\u1ea5t thi\u1ebft b\u1ecb <a href=\"https:\/\/quatcongnghiepvifan.com\/quat-say-cong-nghiep\/\" class=\"text-red-900\">qu\u1ea1t s\u1ea5y c\u00f4ng nghi\u1ec7p<\/a> b\u1eb1ng \u0111i\u1ec7n, \u0111\u01b0\u1ee3c nhi\u1ec1u doanh nghi\u1ec7p tin d\u00f9ng trong c\u00e1c ng\u00e0nh s\u1ea5y g\u1ed7, n\u00f4ng s\u1ea3n, th\u1ef1c ph\u1ea9m, c\u01a1 kh\u00ed\u2026<\/p>\n<p class=\"mb-4 leading-relaxed\">Ch\u1ea5t l\u01b0\u1ee3ng v\u01b0\u1ee3t tr\u1ed9i: Qu\u1ea1t s\u1ea5y EH-15 \u0111\u01b0\u1ee3c thi\u1ebft k\u1ebf ch\u1eafc ch\u1eafn, ho\u1ea1t \u0111\u1ed9ng \u1ed5n \u0111\u1ecbnh, kh\u1ea3 n\u0103ng sinh nhi\u1ec7t nhanh, \u0111\u00e1p \u1ee9ng t\u1ed1t y\u00eau c\u1ea7u v\u1eadn h\u00e0nh li\u00ean t\u1ee5c trong m\u00f4i tr\u01b0\u1eddng c\u00f4ng nghi\u1ec7p.<\/p>\n<p class=\"mb-4 leading-relaxed\">Hi\u1ec7u qu\u1ea3 kinh t\u1ebf cao: D\u1ec5 s\u1eed d\u1ee5ng, d\u1ec5 l\u1eafp \u0111\u1eb7t v\u00e0 b\u1ea3o tr\u00ec. Thi\u1ebft b\u1ecb gi\u00fap ti\u1ebft ki\u1ec7m th\u1eddi gian s\u1ea5y, gi\u1ea3m chi ph\u00ed v\u1eadn h\u00e0nh v\u00e0 mang l\u1ea1i hi\u1ec7u qu\u1ea3 \u0111\u1ea7u t\u01b0 b\u1ec1n v\u1eefng.<\/p>\n<p class=\"mb-4 leading-relaxed\">H\u1eadu m\u00e3i chuy\u00ean nghi\u1ec7p: Ch\u00ednh s\u00e1ch b\u1ea3o h\u00e0nh r\u00f5 r\u00e0ng, h\u1ed7 tr\u1ee3 k\u1ef9 thu\u1eadt t\u1eadn t\u00e2m gi\u00fap kh\u00e1ch h\u00e0ng an t\u00e2m s\u1eed d\u1ee5ng l\u00e2u d\u00e0i.<\/p>\n","protected":false},"excerpt":{"rendered":"<div class=\"my-4 overflow-hidden bg-white rounded-lg shadow-xl \"><div class=\"overflow-x-auto\"><table class=\"min-w-full\" class=\"min-w-full\">\n<tbody class=\"bg-white divide-y divide-gray-100 \" class=\"bg-white divide-y divide-gray-100 \">\n<tr class=\"transition-all duration-200 ease-in-out group hover:bg-red-50 \" class=\"transition-all duration-200 ease-in-out group hover:bg-red-50 \">\n<td class=\"px-2 py-2 text-sm text-gray-700 transition-colors duration-200 group-hover:text-gray-900 \" class=\"px-2 py-2 text-sm text-gray-700 transition-colors duration-200 group-hover:text-gray-900 \"><strong class=\"font-cal-sans\">M\u00e3 s\u1ea3n ph\u1ea9m<\/strong><\/td>\n<td class=\"px-2 py-2 text-sm text-gray-700 transition-colors duration-200 group-hover:text-gray-900 \" class=\"px-2 py-2 text-sm text-gray-700 transition-colors duration-200 group-hover:text-gray-900 \">:<\/td>\n<td class=\"px-2 py-2 text-sm text-gray-700 transition-colors duration-200 group-hover:text-gray-900 \" class=\"px-2 py-2 text-sm text-gray-700 transition-colors duration-200 group-hover:text-gray-900 \">EH15<\/td>\n<\/tr>\n<tr class=\"transition-all duration-200 ease-in-out group hover:bg-red-50 \" class=\"transition-all duration-200 ease-in-out group hover:bg-red-50 \">\n<td class=\"px-2 py-2 text-sm text-gray-700 transition-colors duration-200 group-hover:text-gray-900 \" class=\"px-2 py-2 text-sm text-gray-700 transition-colors duration-200 group-hover:text-gray-900 \"><strong class=\"font-cal-sans\">Th\u01b0\u01a1ng hi\u1ec7u<\/strong><\/td>\n<td class=\"px-2 py-2 text-sm text-gray-700 transition-colors duration-200 group-hover:text-gray-900 \" class=\"px-2 py-2 text-sm text-gray-700 transition-colors duration-200 group-hover:text-gray-900 \">:<\/td>\n<td class=\"px-2 py-2 text-sm text-gray-700 transition-colors duration-200 group-hover:text-gray-900 \" class=\"px-2 py-2 text-sm text-gray-700 transition-colors duration-200 group-hover:text-gray-900 \">ViFan<\/td>\n<\/tr>\n<tr class=\"transition-all duration-200 ease-in-out group hover:bg-red-50 \" class=\"transition-all duration-200 ease-in-out group hover:bg-red-50 \">\n<td class=\"px-2 py-2 text-sm text-gray-700 transition-colors duration-200 group-hover:text-gray-900 \" class=\"px-2 py-2 text-sm text-gray-700 transition-colors duration-200 group-hover:text-gray-900 \"><strong class=\"font-cal-sans\">C\u00f4ng su\u1ea5t nhi\u1ec7t<\/strong><\/td>\n<td class=\"px-2 py-2 text-sm text-gray-700 transition-colors duration-200 group-hover:text-gray-900 \" class=\"px-2 py-2 text-sm text-gray-700 transition-colors duration-200 group-hover:text-gray-900 \">:<\/td>\n<td class=\"px-2 py-2 text-sm text-gray-700 transition-colors duration-200 group-hover:text-gray-900 \" class=\"px-2 py-2 text-sm text-gray-700 transition-colors duration-200 group-hover:text-gray-900 \">15000 W<\/td>\n<\/tr>\n<tr class=\"transition-all duration-200 ease-in-out group hover:bg-red-50 \" class=\"transition-all duration-200 ease-in-out group hover:bg-red-50 \">\n<td class=\"px-2 py-2 text-sm text-gray-700 transition-colors duration-200 group-hover:text-gray-900 \" class=\"px-2 py-2 text-sm text-gray-700 transition-colors duration-200 group-hover:text-gray-900 \"><strong class=\"font-cal-sans\">Nhi\u1ec7t \u0111\u1ed9<\/strong><\/td>\n<td class=\"px-2 py-2 text-sm text-gray-700 transition-colors duration-200 group-hover:text-gray-900 \" class=\"px-2 py-2 text-sm text-gray-700 transition-colors duration-200 group-hover:text-gray-900 \">:<\/td>\n<td class=\"px-2 py-2 text-sm text-gray-700 transition-colors duration-200 group-hover:text-gray-900 \" class=\"px-2 py-2 text-sm text-gray-700 transition-colors duration-200 group-hover:text-gray-900 \">0-85 \u00b0 C<\/td>\n<\/tr>\n<tr class=\"transition-all duration-200 ease-in-out group hover:bg-red-50 \" class=\"transition-all duration-200 ease-in-out group hover:bg-red-50 \">\n<td class=\"px-2 py-2 text-sm text-gray-700 transition-colors duration-200 group-hover:text-gray-900 \" class=\"px-2 py-2 text-sm text-gray-700 transition-colors duration-200 group-hover:text-gray-900 \"><strong class=\"font-cal-sans\">L\u01b0u l\u01b0\u1ee3ng<\/strong><\/td>\n<td class=\"px-2 py-2 text-sm text-gray-700 transition-colors duration-200 group-hover:text-gray-900 \" class=\"px-2 py-2 text-sm text-gray-700 transition-colors duration-200 group-hover:text-gray-900 \">:<\/td>\n<td class=\"px-2 py-2 text-sm text-gray-700 transition-colors duration-200 group-hover:text-gray-900 \" class=\"px-2 py-2 text-sm text-gray-700 transition-colors duration-200 group-hover:text-gray-900 \">1292 m3\/h<\/td>\n<\/tr>\n<tr class=\"transition-all duration-200 ease-in-out group hover:bg-red-50 \" class=\"transition-all duration-200 ease-in-out group hover:bg-red-50 \">\n<td class=\"px-2 py-2 text-sm text-gray-700 transition-colors duration-200 group-hover:text-gray-900 \" class=\"px-2 py-2 text-sm text-gray-700 transition-colors duration-200 group-hover:text-gray-900 \"><strong class=\"font-cal-sans\">B\u1ea3o h\u00e0nh<\/strong><\/td>\n<td class=\"px-2 py-2 text-sm text-gray-700 transition-colors duration-200 group-hover:text-gray-900 \" class=\"px-2 py-2 text-sm text-gray-700 transition-colors duration-200 group-hover:text-gray-900 \">:<\/td>\n<td class=\"px-2 py-2 text-sm text-gray-700 transition-colors duration-200 group-hover:text-gray-900 \" class=\"px-2 py-2 text-sm text-gray-700 transition-colors duration-200 group-hover:text-gray-900 \">12 th\u00e1ng<\/td>\n<\/tr>\n<tr class=\"transition-all duration-200 ease-in-out group hover:bg-red-50 \" class=\"transition-all duration-200 ease-in-out group hover:bg-red-50 \">\n<td class=\"px-2 py-2 text-sm text-gray-700 transition-colors duration-200 group-hover:text-gray-900 \" class=\"px-2 py-2 text-sm text-gray-700 transition-colors duration-200 group-hover:text-gray-900 \"><strong class=\"font-cal-sans\">Xu\u1ea5t x\u1ee9<\/strong><\/td>\n<td class=\"px-2 py-2 text-sm text-gray-700 transition-colors duration-200 group-hover:text-gray-900 \" class=\"px-2 py-2 text-sm text-gray-700 transition-colors duration-200 group-hover:text-gray-900 \">:<\/td>\n<td class=\"px-2 py-2 text-sm text-gray-700 transition-colors duration-200 group-hover:text-gray-900 \" class=\"px-2 py-2 text-sm text-gray-700 transition-colors duration-200 group-hover:text-gray-900 \">Trung Qu\u1ed1c<\/td>\n<\/tr>\n<\/tbody>\n<\/table><\/div><\/div>\n<p class=\"mb-4 leading-relaxed\">&nbsp;<\/p>\n","protected":false},"featured_media":257,"template":"","meta":{"footnotes":""},"product_cat":[18],"product_tag":[],"ztteam_product_brand":[],"class_list":["post-256","product","type-product","status-publish","has-post-thumbnail","hentry","product_cat-quat-say-cong-nghiep"],"meta_box":{"_sku":"EH15","_regular_price":"13661358","_sale_price":"11565685","_price":"11565685","_stock_status":"instock","_stock":"50","_manage_stock":"1","_weight":"","_length":"","_width":"","_height":"","_product_image_gallery":[{"width":150,"height":150,"file":"2026\/03\/quat-say-gio-nong-15kw.png","filesize":125849,"sizes":[],"image_meta":{"aperture":"0","credit":"","camera":"","caption":"","created_timestamp":"0","copyright":"","focal_length":"0","iso":"0","shutter_speed":"0","title":"","orientation":"0","keywords":[]},"ID":"257","name":"quat-say-gio-nong-15kw.png","path":"\/home\/dev.wptheme.store\/public_html\/s\/wpquat\/wp-content\/uploads\/2026\/03\/quat-say-gio-nong-15kw.png","url":"https:\/\/dev.wptheme.store\/s\/wpquat\/wp-content\/uploads\/2026\/03\/quat-say-gio-nong-15kw.png","full_url":"https:\/\/dev.wptheme.store\/s\/wpquat\/wp-content\/uploads\/2026\/03\/quat-say-gio-nong-15kw.png","title":"Qu\u1ea1t S\u1ea5y C\u00f4ng Nghi\u1ec7p 15KW","caption":"","description":"","alt":"","srcset":false}],"_featured":"0","_visibility":"visible","_virtual":"","_downloadable":"","product_type":"simple","product_attributes":[],"color_variations":[],"size_variations":[],"storage_variations":[],"material_variations":[]},"_links":{"self":[{"href":"https:\/\/dev.wptheme.store\/s\/wpquat\/wp-json\/wp\/v2\/product\/256","targetHints":{"allow":["GET"]}}],"collection":[{"href":"https:\/\/dev.wptheme.store\/s\/wpquat\/wp-json\/wp\/v2\/product"}],"about":[{"href":"https:\/\/dev.wptheme.store\/s\/wpquat\/wp-json\/wp\/v2\/types\/product"}],"version-history":[{"count":0,"href":"https:\/\/dev.wptheme.store\/s\/wpquat\/wp-json\/wp\/v2\/product\/256\/revisions"}],"wp:featuredmedia":[{"embeddable":true,"href":"https:\/\/dev.wptheme.store\/s\/wpquat\/wp-json\/wp\/v2\/media\/257"}],"wp:attachment":[{"href":"https:\/\/dev.wptheme.store\/s\/wpquat\/wp-json\/wp\/v2\/media?parent=256"}],"wp:term":[{"taxonomy":"product_cat","embeddable":true,"href":"https:\/\/dev.wptheme.store\/s\/wpquat\/wp-json\/wp\/v2\/product_cat?post=256"},{"taxonomy":"product_tag","embeddable":true,"href":"https:\/\/dev.wptheme.store\/s\/wpquat\/wp-json\/wp\/v2\/product_tag?post=256"},{"taxonomy":"ztteam_product_brand","embeddable":true,"href":"https:\/\/dev.wptheme.store\/s\/wpquat\/wp-json\/wp\/v2\/ztteam_product_brand?post=256"}],"curies":[{"name":"wp","href":"https:\/\/api.w.org\/{rel}","templated":true}]}}