{"id":258,"date":"2026-03-16T08:51:15","date_gmt":"2026-03-16T01:51:15","guid":{"rendered":"https:\/\/dev.wptheme.store\/s\/wpquat\/product\/quat-say-cong-nghiep-9kw\/"},"modified":"2026-03-16T08:51:15","modified_gmt":"2026-03-16T01:51:15","slug":"quat-say-cong-nghiep-9kw","status":"publish","type":"product","link":"https:\/\/dev.wptheme.store\/s\/wpquat\/product\/quat-say-cong-nghiep-9kw\/","title":{"rendered":"Qu\u1ea1t S\u1ea5y C\u00f4ng Nghi\u1ec7p 9KW"},"content":{"rendered":"<p class=\"mb-4 leading-relaxed\">Trong l\u0129nh v\u1ef1c s\u1ea5y kh\u00f4 nguy\u00ean li\u1ec7u v\u00e0 ki\u1ec3m so\u00e1t nhi\u1ec7t \u0111\u1ed9 m\u00f4i tr\u01b0\u1eddng s\u1ea3n xu\u1ea5t, qu\u1ea1t s\u1ea5y c\u00f4ng nghi\u1ec7p 9kW EH-9 ViFan l\u00e0 m\u1ed9t l\u1ef1a ch\u1ecdn l\u00fd t\u01b0\u1edfng cho c\u00e1c x\u01b0\u1edfng nh\u1ecf, ph\u00f2ng s\u01a1n, nh\u00e0 kho, gara, ho\u1eb7c khu v\u1ef1c c\u1ea7n l\u00e0m \u1ea5m c\u1ee5c b\u1ed9. Thi\u1ebft b\u1ecb c\u00f3 kh\u1ea3 n\u0103ng ho\u1ea1t \u0111\u1ed9ng \u1ed5n \u0111\u1ecbnh, b\u1ec1n b\u1ec9 v\u00e0 an to\u00e0n, \u0111\u01b0\u1ee3c thi\u1ebft k\u1ebf chuy\u00ean d\u1ee5ng cho nhu c\u1ea7u s\u1ea5y nhanh \u2013 ti\u1ebft ki\u1ec7m \u2013 hi\u1ec7u qu\u1ea3.<\/p>\n<h2 class=\"py-2 my-4 text-2xl font-bold border-green-500 border-y border-opacity-10\">Th\u00f4ng s\u1ed1 k\u1ef9 thu\u1eadt qu\u1ea1t s\u1ea5y c\u00f4ng nghi\u1ec7p ViFan EH-09<\/h2>\n<ul class=\"mb-4 space-y-1 list-none\">\n<li class=\"flex items-center gap-3 leading-relaxed text-gray-800 \"><div class=\"flex items-center justify-center w-5 h-5 bg-red-100 rounded-full shrink-0\"><svg class=\"w-3 h-3 text-red-600\" fill=\"none\" stroke=\"currentColor\" stroke- viewBox=\"0 0 24 24\"><path stroke-linecap=\"round\" stroke-linejoin=\"round\" d=\"M5 13l4 4L19 7\" \/><\/svg><\/div><div class=\"flex-1\">M\u00e3 s\u1ea3n ph\u1ea9m: EH-09<\/div><\/li>\n<li class=\"flex items-center gap-3 leading-relaxed text-gray-800 \"><div class=\"flex items-center justify-center w-5 h-5 bg-red-100 rounded-full shrink-0\"><svg class=\"w-3 h-3 text-red-600\" fill=\"none\" stroke=\"currentColor\" stroke- viewBox=\"0 0 24 24\"><path stroke-linecap=\"round\" stroke-linejoin=\"round\" d=\"M5 13l4 4L19 7\" \/><\/svg><\/div><div class=\"flex-1\">Th\u01b0\u01a1ng hi\u1ec7u: ViFan<\/div><\/li>\n<li class=\"flex items-center gap-3 leading-relaxed text-gray-800 \"><div class=\"flex items-center justify-center w-5 h-5 bg-red-100 rounded-full shrink-0\"><svg class=\"w-3 h-3 text-red-600\" fill=\"none\" stroke=\"currentColor\" stroke- viewBox=\"0 0 24 24\"><path stroke-linecap=\"round\" stroke-linejoin=\"round\" d=\"M5 13l4 4L19 7\" \/><\/svg><\/div><div class=\"flex-1\">C\u00f4ng su\u1ea5t nhi\u1ec7t: 9.000W<\/div><\/li>\n<li class=\"flex items-center gap-3 leading-relaxed text-gray-800 \"><div class=\"flex items-center justify-center w-5 h-5 bg-red-100 rounded-full shrink-0\"><svg class=\"w-3 h-3 text-red-600\" fill=\"none\" stroke=\"currentColor\" stroke- viewBox=\"0 0 24 24\"><path stroke-linecap=\"round\" stroke-linejoin=\"round\" d=\"M5 13l4 4L19 7\" \/><\/svg><\/div><div class=\"flex-1\">Ngu\u1ed3n \u0111i\u1ec7n: 380V \u2013 50Hz (3 pha)<\/div><\/li>\n<li class=\"flex items-center gap-3 leading-relaxed text-gray-800 \"><div class=\"flex items-center justify-center w-5 h-5 bg-red-100 rounded-full shrink-0\"><svg class=\"w-3 h-3 text-red-600\" fill=\"none\" stroke=\"currentColor\" stroke- viewBox=\"0 0 24 24\"><path stroke-linecap=\"round\" stroke-linejoin=\"round\" d=\"M5 13l4 4L19 7\" \/><\/svg><\/div><div class=\"flex-1\">L\u01b0u l\u01b0\u1ee3ng gi\u00f3: 410 m\u00b3\/h<\/div><\/li>\n<li class=\"flex items-center gap-3 leading-relaxed text-gray-800 \"><div class=\"flex items-center justify-center w-5 h-5 bg-red-100 rounded-full shrink-0\"><svg class=\"w-3 h-3 text-red-600\" fill=\"none\" stroke=\"currentColor\" stroke- viewBox=\"0 0 24 24\"><path stroke-linecap=\"round\" stroke-linejoin=\"round\" d=\"M5 13l4 4L19 7\" \/><\/svg><\/div><div class=\"flex-1\">D\u1ea3i nhi\u1ec7t \u0111\u1ed9 \u0111i\u1ec1u ch\u1ec9nh: 0 \u2013 85\u00b0C<\/div><\/li>\n<li class=\"flex items-center gap-3 leading-relaxed text-gray-800 \"><div class=\"flex items-center justify-center w-5 h-5 bg-red-100 rounded-full shrink-0\"><svg class=\"w-3 h-3 text-red-600\" fill=\"none\" stroke=\"currentColor\" stroke- viewBox=\"0 0 24 24\"><path stroke-linecap=\"round\" stroke-linejoin=\"round\" d=\"M5 13l4 4L19 7\" \/><\/svg><\/div><div class=\"flex-1\">Di\u1ec7n t\u00edch s\u1eed d\u1ee5ng hi\u1ec7u qu\u1ea3: ~30 \u2013 50 m\u00b2<\/div><\/li>\n<li class=\"flex items-center gap-3 leading-relaxed text-gray-800 \"><div class=\"flex items-center justify-center w-5 h-5 bg-red-100 rounded-full shrink-0\"><svg class=\"w-3 h-3 text-red-600\" fill=\"none\" stroke=\"currentColor\" stroke- viewBox=\"0 0 24 24\"><path stroke-linecap=\"round\" stroke-linejoin=\"round\" d=\"M5 13l4 4L19 7\" \/><\/svg><\/div><div class=\"flex-1\">Ch\u1ea5t li\u1ec7u v\u1ecf: Th\u00e9p CT3 s\u01a1n t\u0129nh \u0111i\u1ec7n<\/div><\/li>\n<li class=\"flex items-center gap-3 leading-relaxed text-gray-800 \"><div class=\"flex items-center justify-center w-5 h-5 bg-red-100 rounded-full shrink-0\"><svg class=\"w-3 h-3 text-red-600\" fill=\"none\" stroke=\"currentColor\" stroke- viewBox=\"0 0 24 24\"><path stroke-linecap=\"round\" stroke-linejoin=\"round\" d=\"M5 13l4 4L19 7\" \/><\/svg><\/div><div class=\"flex-1\">K\u00edch th\u01b0\u1edbc tham kh\u1ea3o: 450 x 420 x 520 mm<\/div><\/li>\n<li class=\"flex items-center gap-3 leading-relaxed text-gray-800 \"><div class=\"flex items-center justify-center w-5 h-5 bg-red-100 rounded-full shrink-0\"><svg class=\"w-3 h-3 text-red-600\" fill=\"none\" stroke=\"currentColor\" stroke- viewBox=\"0 0 24 24\"><path stroke-linecap=\"round\" stroke-linejoin=\"round\" d=\"M5 13l4 4L19 7\" \/><\/svg><\/div><div class=\"flex-1\">Tr\u1ecdng l\u01b0\u1ee3ng: ~18 kg<\/div><\/li>\n<li class=\"flex items-center gap-3 leading-relaxed text-gray-800 \"><div class=\"flex items-center justify-center w-5 h-5 bg-red-100 rounded-full shrink-0\"><svg class=\"w-3 h-3 text-red-600\" fill=\"none\" stroke=\"currentColor\" stroke- viewBox=\"0 0 24 24\"><path stroke-linecap=\"round\" stroke-linejoin=\"round\" d=\"M5 13l4 4L19 7\" \/><\/svg><\/div><div class=\"flex-1\">Xu\u1ea5t x\u1ee9: Trung Qu\u1ed1c<\/div><\/li>\n<li class=\"flex items-center gap-3 leading-relaxed text-gray-800 \"><div class=\"flex items-center justify-center w-5 h-5 bg-red-100 rounded-full shrink-0\"><svg class=\"w-3 h-3 text-red-600\" fill=\"none\" stroke=\"currentColor\" stroke- viewBox=\"0 0 24 24\"><path stroke-linecap=\"round\" stroke-linejoin=\"round\" d=\"M5 13l4 4L19 7\" \/><\/svg><\/div><div class=\"flex-1\">B\u1ea3o h\u00e0nh: 12 th\u00e1ng<\/div><\/li>\n<\/ul>\n<p class=\"mb-4 leading-relaxed\">T\u00ecm hi\u1ec3u th\u00eam s\u1ea3n ph\u1ea9m kh\u00e1c:<\/p>\n<p class=\"mb-4 leading-relaxed\"><a href=\"https:\/\/quatcongnghiepvifan.com\/quat-say-cong-nghiep-5kw\/\" class=\"text-red-900\">Qu\u1ea1t s\u1ea5y c\u00f4ng nghi\u1ec7p 5KW<\/a><\/p>\n<p class=\"mb-4 leading-relaxed\"><a href=\"https:\/\/quatcongnghiepvifan.com\/quat-say-cong-nghiep-3kw\/\" class=\"text-red-900\">Qu\u1ea1t s\u1ea5y c\u00f4ng nghi\u1ec7p 3KW<\/a><\/p>\n<h2 class=\"py-2 my-4 text-2xl font-bold border-green-500 border-y border-opacity-10\">\u01afu \u0111i\u1ec3m n\u1ed5i b\u1eadt c\u1ee7a qu\u1ea1t s\u1ea5y EH-09 ViFan<\/h2>\n<p class=\"mb-4 leading-relaxed\">Thi\u1ebft k\u1ebf nh\u1ecf g\u1ecdn, ch\u1eafc ch\u1eafn, d\u1ec5 di chuy\u1ec3n, ph\u00f9 h\u1ee3p kh\u00f4ng gian h\u1eb9p ho\u1eb7c y\u00eau c\u1ea7u di \u0111\u1ed9ng cao.<\/p>\n<p class=\"mb-4 leading-relaxed\">L\u00e0 d\u00f2ng qu\u1ea1t s\u1ea5y gi\u00f3 n\u00f3ng c\u00f4ng nghi\u1ec7p 3 pha 9kW cho kh\u1ea3 n\u0103ng gia nhi\u1ec7t nhanh, \u1ed5n \u0111\u1ecbnh v\u00e0 \u0111\u1ec1u.<\/p>\n<p class=\"mb-4 leading-relaxed\">T\u00edch h\u1ee3p b\u1ed9 \u0111i\u1ec1u ch\u1ec9nh nhi\u1ec7t t\u1eeb 0 \u2013 85\u00b0C, ph\u00f9 h\u1ee3p cho nhi\u1ec1u lo\u1ea1i v\u1eadt li\u1ec7u v\u00e0 m\u00f4i tr\u01b0\u1eddng s\u1ea5y.<\/p>\n<p class=\"mb-4 leading-relaxed\">Trang b\u1ecb h\u1ec7 th\u1ed1ng b\u1ea3o v\u1ec7 qu\u00e1 nhi\u1ec7t v\u00e0 qu\u1ea1t t\u1ea3n nhi\u1ec7t sau khi t\u1eaft m\u00e1y, t\u0103ng tu\u1ed5i th\u1ecd \u0111i\u1ec7n tr\u1edf.<\/p>\n<p class=\"mb-4 leading-relaxed\">Ch\u1ea5t li\u1ec7u v\u1ecf s\u01a1n t\u0129nh \u0111i\u1ec7n ch\u1ed1ng r\u1ec9, ch\u1ed1ng n\u00f3ng, b\u1ec1n b\u1ec9 khi s\u1eed d\u1ee5ng l\u00e2u d\u00e0i.<\/p>\n<p class=\"mb-4 leading-relaxed\">V\u1eadn h\u00e0nh \u00eam \u00e1i, kh\u00f4ng ph\u00e1t sinh m\u00f9i, kh\u00f4ng \u0111\u1ed1t ch\u00e1y oxy \u2013 \u0111\u1ea3m b\u1ea3o an to\u00e0n cho ng\u01b0\u1eddi s\u1eed d\u1ee5ng.<\/p>\n<h2 class=\"py-2 my-4 text-2xl font-bold border-green-500 border-y border-opacity-10\">\u1ee8ng d\u1ee5ng th\u1ef1c t\u1ebf c\u1ee7a qu\u1ea1t s\u1ea5y c\u00f4ng nghi\u1ec7p EH-09 ViFan<\/h2>\n<p class=\"mb-4 leading-relaxed\">Qu\u1ea1t s\u1ea5y c\u00f4ng nghi\u1ec7p EH-09 ViFan l\u00e0 thi\u1ebft b\u1ecb \u0111a n\u0103ng, \u0111\u00e1p \u1ee9ng hi\u1ec7u qu\u1ea3 nhi\u1ec1u nhu c\u1ea7u s\u1ea5y v\u00e0 gia nhi\u1ec7t trong s\u1ea3n xu\u1ea5t c\u00f4ng nghi\u1ec7p c\u0169ng nh\u01b0 sinh ho\u1ea1t. Thi\u1ebft b\u1ecb \u0111\u1eb7c bi\u1ec7t ph\u00f9 h\u1ee3p v\u1edbi c\u00e1c \u1ee9ng d\u1ee5ng sau:<\/p>\n<p class=\"mb-4 leading-relaxed\">S\u1ea5y n\u00f4ng s\u1ea3n nh\u01b0 ti\u00eau, \u0111i\u1ec1u, c\u00e0 ph\u00ea, ng\u0169 c\u1ed1c, rau c\u1ee7\u2026 gi\u00fap b\u1ea3o qu\u1ea3n v\u00e0 n\u00e2ng cao ch\u1ea5t l\u01b0\u1ee3ng s\u1ea3n ph\u1ea9m.<\/p>\n<p class=\"mb-4 leading-relaxed\">S\u1ea5y g\u1ed7, gi\u1ea5y, bao b\u00ec trong c\u00e1c x\u01b0\u1edfng m\u1ed9c, nh\u00e0 in v\u00e0 c\u00e1c ng\u00e0nh s\u1ea3n xu\u1ea5t th\u1ee7 c\u00f4ng.<\/p>\n<p class=\"mb-4 leading-relaxed\">Gia nhi\u1ec7t ph\u00f2ng s\u01a1n, l\u00e0m \u1ea5m khu v\u1ef1c l\u00e0m vi\u1ec7c, tr\u1ea1m b\u1ea3o tr\u00ec, gara \u00f4 t\u00f4 \u2014 t\u1ea1o m\u00f4i tr\u01b0\u1eddng l\u00fd t\u01b0\u1edfng \u0111\u1ec3 l\u00e0m vi\u1ec7c v\u00e0 b\u1ea3o qu\u1ea3n thi\u1ebft b\u1ecb.<\/p>\n<p class=\"mb-4 leading-relaxed\">Ph\u00f9 h\u1ee3p v\u1edbi nh\u00e0 x\u01b0\u1edfng nh\u1ecf, ph\u00f2ng s\u1ea3n xu\u1ea5t th\u1ee7 c\u00f4ng ho\u1eb7c khu v\u1ef1c s\u1ea5y t\u1ea1m th\u1eddi, mang l\u1ea1i hi\u1ec7u qu\u1ea3 nhanh ch\u00f3ng v\u00e0 ti\u1ebft ki\u1ec7m di\u1ec7n t\u00edch.<\/p>\n<p class=\"mb-4 leading-relaxed\">S\u01b0\u1edfi \u1ea5m kh\u00f4ng gian k\u00edn v\u00e0o m\u00f9a l\u1ea1nh, \u0111\u1ea3m b\u1ea3o m\u00f4i tr\u01b0\u1eddng l\u00e0m vi\u1ec7c \u1ea5m \u00e1p, an to\u00e0n v\u00e0 tho\u1ea3i m\u00e1i.<\/p>\n<p class=\"mb-4 leading-relaxed\">V\u1edbi thi\u1ebft k\u1ebf g\u1ecdn nh\u1eb9, c\u00f4ng su\u1ea5t 9kW c\u00f9ng kh\u1ea3 n\u0103ng \u0111i\u1ec1u ch\u1ec9nh nhi\u1ec7t linh ho\u1ea1t, qu\u1ea1t s\u1ea5y EH-09 ViFan l\u00e0 l\u1ef1a ch\u1ecdn ho\u00e0n h\u1ea3o cho nh\u1eefng ai \u0111ang t\u00ecm ki\u1ebfm gi\u1ea3i ph\u00e1p s\u1ea5y v\u00e0 gia nhi\u1ec7t hi\u1ec7u qu\u1ea3, b\u1ec1n b\u1ec9.<\/p>\n<p class=\"mb-4 leading-relaxed\">ViFan t\u1ef1 h\u00e0o l\u00e0 th\u01b0\u01a1ng hi\u1ec7u h\u00e0ng \u0111\u1ea7u cung c\u1ea5p thi\u1ebft b\u1ecb <a href=\"https:\/\/quatcongnghiepvifan.com\/quat-say-cong-nghiep\/\" class=\"text-red-900\">qu\u1ea1t s\u1ea5y gi\u00f3 n\u00f3ng<\/a> ch\u1ea5t l\u01b0\u1ee3ng cao, cam k\u1ebft mang \u0111\u1ebfn cho kh\u00e1ch h\u00e0ng s\u1ea3n ph\u1ea9m b\u1ec1n b\u1ec9, gi\u00e1 h\u1ee3p l\u00fd v\u00e0 d\u1ecbch v\u1ee5 b\u1ea3o h\u00e0nh uy t\u00edn. Li\u00ean h\u1ec7 ngay \u0111\u1ec3 \u0111\u01b0\u1ee3c t\u01b0 v\u1ea5n v\u00e0 h\u1ed7 tr\u1ee3 t\u1eadn t\u00e2m!<\/p>\n","protected":false},"excerpt":{"rendered":"<div class=\"my-4 overflow-hidden bg-white rounded-lg shadow-xl \"><div class=\"overflow-x-auto\"><table class=\"min-w-full\" class=\"min-w-full\">\n<tbody class=\"bg-white divide-y divide-gray-100 \" class=\"bg-white divide-y divide-gray-100 \">\n<tr class=\"transition-all duration-200 ease-in-out group hover:bg-red-50 \" class=\"transition-all duration-200 ease-in-out group hover:bg-red-50 \">\n<td class=\"px-2 py-2 text-sm text-gray-700 transition-colors duration-200 group-hover:text-gray-900 \" class=\"px-2 py-2 text-sm text-gray-700 transition-colors duration-200 group-hover:text-gray-900 \"><strong class=\"font-cal-sans\">M\u00e3 s\u1ea3n ph\u1ea9m<\/strong><\/td>\n<td class=\"px-2 py-2 text-sm text-gray-700 transition-colors duration-200 group-hover:text-gray-900 \" class=\"px-2 py-2 text-sm text-gray-700 transition-colors duration-200 group-hover:text-gray-900 \">:<\/td>\n<td class=\"px-2 py-2 text-sm text-gray-700 transition-colors duration-200 group-hover:text-gray-900 \" class=\"px-2 py-2 text-sm text-gray-700 transition-colors duration-200 group-hover:text-gray-900 \">EH09<\/td>\n<\/tr>\n<tr class=\"transition-all duration-200 ease-in-out group hover:bg-red-50 \" class=\"transition-all duration-200 ease-in-out group hover:bg-red-50 \">\n<td class=\"px-2 py-2 text-sm text-gray-700 transition-colors duration-200 group-hover:text-gray-900 \" class=\"px-2 py-2 text-sm text-gray-700 transition-colors duration-200 group-hover:text-gray-900 \"><strong class=\"font-cal-sans\">Th\u01b0\u01a1ng hi\u1ec7u<\/strong><\/td>\n<td class=\"px-2 py-2 text-sm text-gray-700 transition-colors duration-200 group-hover:text-gray-900 \" class=\"px-2 py-2 text-sm text-gray-700 transition-colors duration-200 group-hover:text-gray-900 \">:<\/td>\n<td class=\"px-2 py-2 text-sm text-gray-700 transition-colors duration-200 group-hover:text-gray-900 \" class=\"px-2 py-2 text-sm text-gray-700 transition-colors duration-200 group-hover:text-gray-900 \">ViFan<\/td>\n<\/tr>\n<tr class=\"transition-all duration-200 ease-in-out group hover:bg-red-50 \" class=\"transition-all duration-200 ease-in-out group hover:bg-red-50 \">\n<td class=\"px-2 py-2 text-sm text-gray-700 transition-colors duration-200 group-hover:text-gray-900 \" class=\"px-2 py-2 text-sm text-gray-700 transition-colors duration-200 group-hover:text-gray-900 \"><strong class=\"font-cal-sans\">C\u00f4ng su\u1ea5t nhi\u1ec7t<\/strong><\/td>\n<td class=\"px-2 py-2 text-sm text-gray-700 transition-colors duration-200 group-hover:text-gray-900 \" class=\"px-2 py-2 text-sm text-gray-700 transition-colors duration-200 group-hover:text-gray-900 \">:<\/td>\n<td class=\"px-2 py-2 text-sm text-gray-700 transition-colors duration-200 group-hover:text-gray-900 \" class=\"px-2 py-2 text-sm text-gray-700 transition-colors duration-200 group-hover:text-gray-900 \">9000 W<\/td>\n<\/tr>\n<tr class=\"transition-all duration-200 ease-in-out group hover:bg-red-50 \" class=\"transition-all duration-200 ease-in-out group hover:bg-red-50 \">\n<td class=\"px-2 py-2 text-sm text-gray-700 transition-colors duration-200 group-hover:text-gray-900 \" class=\"px-2 py-2 text-sm text-gray-700 transition-colors duration-200 group-hover:text-gray-900 \"><strong class=\"font-cal-sans\">Nhi\u1ec7t \u0111\u1ed9<\/strong><\/td>\n<td class=\"px-2 py-2 text-sm text-gray-700 transition-colors duration-200 group-hover:text-gray-900 \" class=\"px-2 py-2 text-sm text-gray-700 transition-colors duration-200 group-hover:text-gray-900 \">:<\/td>\n<td class=\"px-2 py-2 text-sm text-gray-700 transition-colors duration-200 group-hover:text-gray-900 \" class=\"px-2 py-2 text-sm text-gray-700 transition-colors duration-200 group-hover:text-gray-900 \">0-85 \u00b0 C<\/td>\n<\/tr>\n<tr class=\"transition-all duration-200 ease-in-out group hover:bg-red-50 \" class=\"transition-all duration-200 ease-in-out group hover:bg-red-50 \">\n<td class=\"px-2 py-2 text-sm text-gray-700 transition-colors duration-200 group-hover:text-gray-900 \" class=\"px-2 py-2 text-sm text-gray-700 transition-colors duration-200 group-hover:text-gray-900 \"><strong class=\"font-cal-sans\">L\u01b0u l\u01b0\u1ee3ng<\/strong><\/td>\n<td class=\"px-2 py-2 text-sm text-gray-700 transition-colors duration-200 group-hover:text-gray-900 \" class=\"px-2 py-2 text-sm text-gray-700 transition-colors duration-200 group-hover:text-gray-900 \">:<\/td>\n<td class=\"px-2 py-2 text-sm text-gray-700 transition-colors duration-200 group-hover:text-gray-900 \" class=\"px-2 py-2 text-sm text-gray-700 transition-colors duration-200 group-hover:text-gray-900 \">410 m3\/h<\/td>\n<\/tr>\n<tr class=\"transition-all duration-200 ease-in-out group hover:bg-red-50 \" class=\"transition-all duration-200 ease-in-out group hover:bg-red-50 \">\n<td class=\"px-2 py-2 text-sm text-gray-700 transition-colors duration-200 group-hover:text-gray-900 \" class=\"px-2 py-2 text-sm text-gray-700 transition-colors duration-200 group-hover:text-gray-900 \"><strong class=\"font-cal-sans\">B\u1ea3o h\u00e0nh<\/strong><\/td>\n<td class=\"px-2 py-2 text-sm text-gray-700 transition-colors duration-200 group-hover:text-gray-900 \" class=\"px-2 py-2 text-sm text-gray-700 transition-colors duration-200 group-hover:text-gray-900 \">:<\/td>\n<td class=\"px-2 py-2 text-sm text-gray-700 transition-colors duration-200 group-hover:text-gray-900 \" class=\"px-2 py-2 text-sm text-gray-700 transition-colors duration-200 group-hover:text-gray-900 \">12 th\u00e1ng<\/td>\n<\/tr>\n<tr class=\"transition-all duration-200 ease-in-out group hover:bg-red-50 \" class=\"transition-all duration-200 ease-in-out group hover:bg-red-50 \">\n<td class=\"px-2 py-2 text-sm text-gray-700 transition-colors duration-200 group-hover:text-gray-900 \" class=\"px-2 py-2 text-sm text-gray-700 transition-colors duration-200 group-hover:text-gray-900 \"><strong class=\"font-cal-sans\">Xu\u1ea5t x\u1ee9<\/strong><\/td>\n<td class=\"px-2 py-2 text-sm text-gray-700 transition-colors duration-200 group-hover:text-gray-900 \" class=\"px-2 py-2 text-sm text-gray-700 transition-colors duration-200 group-hover:text-gray-900 \">:<\/td>\n<td class=\"px-2 py-2 text-sm text-gray-700 transition-colors duration-200 group-hover:text-gray-900 \" class=\"px-2 py-2 text-sm text-gray-700 transition-colors duration-200 group-hover:text-gray-900 \">Trung Qu\u1ed1c<\/td>\n<\/tr>\n<\/tbody>\n<\/table><\/div><\/div>\n<p class=\"mb-4 leading-relaxed\">&nbsp;<\/p>\n","protected":false},"featured_media":259,"template":"","meta":{"footnotes":""},"product_cat":[18],"product_tag":[],"ztteam_product_brand":[],"class_list":["post-258","product","type-product","status-publish","has-post-thumbnail","hentry","product_cat-quat-say-cong-nghiep"],"meta_box":{"_sku":"EH09","_regular_price":"12464298","_sale_price":"11879767","_price":"11879767","_stock_status":"instock","_stock":"50","_manage_stock":"1","_weight":"","_length":"","_width":"","_height":"","_product_image_gallery":[{"width":150,"height":150,"file":"2026\/03\/quat-say-gio-nong-9kw.png","filesize":123785,"sizes":[],"image_meta":{"aperture":"0","credit":"","camera":"","caption":"","created_timestamp":"0","copyright":"","focal_length":"0","iso":"0","shutter_speed":"0","title":"","orientation":"0","keywords":[]},"ID":"259","name":"quat-say-gio-nong-9kw.png","path":"\/home\/dev.wptheme.store\/public_html\/s\/wpquat\/wp-content\/uploads\/2026\/03\/quat-say-gio-nong-9kw.png","url":"https:\/\/dev.wptheme.store\/s\/wpquat\/wp-content\/uploads\/2026\/03\/quat-say-gio-nong-9kw.png","full_url":"https:\/\/dev.wptheme.store\/s\/wpquat\/wp-content\/uploads\/2026\/03\/quat-say-gio-nong-9kw.png","title":"Qu\u1ea1t S\u1ea5y Gi\u00f3 N\u00f3ng 9KW","caption":"","description":"","alt":"","srcset":false}],"_featured":"0","_visibility":"visible","_virtual":"","_downloadable":"","product_type":"simple","product_attributes":[],"color_variations":[],"size_variations":[],"storage_variations":[],"material_variations":[]},"_links":{"self":[{"href":"https:\/\/dev.wptheme.store\/s\/wpquat\/wp-json\/wp\/v2\/product\/258","targetHints":{"allow":["GET"]}}],"collection":[{"href":"https:\/\/dev.wptheme.store\/s\/wpquat\/wp-json\/wp\/v2\/product"}],"about":[{"href":"https:\/\/dev.wptheme.store\/s\/wpquat\/wp-json\/wp\/v2\/types\/product"}],"version-history":[{"count":0,"href":"https:\/\/dev.wptheme.store\/s\/wpquat\/wp-json\/wp\/v2\/product\/258\/revisions"}],"wp:featuredmedia":[{"embeddable":true,"href":"https:\/\/dev.wptheme.store\/s\/wpquat\/wp-json\/wp\/v2\/media\/259"}],"wp:attachment":[{"href":"https:\/\/dev.wptheme.store\/s\/wpquat\/wp-json\/wp\/v2\/media?parent=258"}],"wp:term":[{"taxonomy":"product_cat","embeddable":true,"href":"https:\/\/dev.wptheme.store\/s\/wpquat\/wp-json\/wp\/v2\/product_cat?post=258"},{"taxonomy":"product_tag","embeddable":true,"href":"https:\/\/dev.wptheme.store\/s\/wpquat\/wp-json\/wp\/v2\/product_tag?post=258"},{"taxonomy":"ztteam_product_brand","embeddable":true,"href":"https:\/\/dev.wptheme.store\/s\/wpquat\/wp-json\/wp\/v2\/ztteam_product_brand?post=258"}],"curies":[{"name":"wp","href":"https:\/\/api.w.org\/{rel}","templated":true}]}}