{"id":260,"date":"2026-03-16T08:51:16","date_gmt":"2026-03-16T01:51:16","guid":{"rendered":"https:\/\/dev.wptheme.store\/s\/wpquat\/product\/quat-say-cong-nghiep-5kw\/"},"modified":"2026-03-16T08:51:16","modified_gmt":"2026-03-16T01:51:16","slug":"quat-say-cong-nghiep-5kw","status":"publish","type":"product","link":"https:\/\/dev.wptheme.store\/s\/wpquat\/product\/quat-say-cong-nghiep-5kw\/","title":{"rendered":"Qu\u1ea1t S\u1ea5y C\u00f4ng Nghi\u1ec7p 5KW"},"content":{"rendered":"<p class=\"mb-4 leading-relaxed\">Qu\u1ea1t s\u1ea5y c\u00f4ng nghi\u1ec7p 5kW EH-05 l\u00e0 thi\u1ebft b\u1ecb chuy\u00ean d\u1ee5ng do ViFan tr\u1ef1c ti\u1ebfp s\u1ea3n xu\u1ea5t v\u00e0 ph\u00e2n ph\u1ed1i, \u0111\u01b0\u1ee3c thi\u1ebft k\u1ebf nh\u1eb1m \u0111\u00e1p \u1ee9ng t\u1ed1i \u0111a nhu c\u1ea7u s\u1ea5y kh\u00f4, gia nhi\u1ec7t, gi\u1ea3m \u1ea9m trong m\u00f4i tr\u01b0\u1eddng c\u00f4ng nghi\u1ec7p. V\u1edbi c\u00f4ng su\u1ea5t m\u1ea1nh m\u1ebd 5000W v\u00e0 kh\u1ea3 n\u0103ng l\u00e0m vi\u1ec7c \u1ed5n \u0111\u1ecbnh trong th\u1eddi gian d\u00e0i, s\u1ea3n ph\u1ea9m \u0111\u01b0\u1ee3c \u1ee9ng d\u1ee5ng r\u1ed9ng r\u00e3i trong c\u00e1c nh\u00e0 m\u00e1y, x\u01b0\u1edfng s\u1ea3n xu\u1ea5t g\u1ed7, x\u01b0\u1edfng s\u01a1n, kho b\u00e3i, hay nh\u1eefng khu v\u1ef1c c\u1ea7n l\u00e0m kh\u00f4 nhanh ch\u00f3ng v\u00e0 \u0111\u1ec1u nhi\u1ec7t.<\/p>\n<h2 class=\"py-2 my-4 text-2xl font-bold border-green-500 border-y border-opacity-10\">Th\u00f4ng s\u1ed1 k\u1ef9 thu\u1eadt n\u1ed5i b\u1eadt c\u1ee7a qu\u1ea1t s\u1ea5y c\u00f4ng nghi\u1ec7p EH-05<\/h2>\n<ul class=\"mb-4 space-y-1 list-none\">\n<li class=\"flex items-center gap-3 leading-relaxed text-gray-800 \"><div class=\"flex items-center justify-center w-5 h-5 bg-red-100 rounded-full shrink-0\"><svg class=\"w-3 h-3 text-red-600\" fill=\"none\" stroke=\"currentColor\" stroke- viewBox=\"0 0 24 24\"><path stroke-linecap=\"round\" stroke-linejoin=\"round\" d=\"M5 13l4 4L19 7\" \/><\/svg><\/div><div class=\"flex-1\">M\u00e3 s\u1ea3n ph\u1ea9m: EH-05<\/div><\/li>\n<li class=\"flex items-center gap-3 leading-relaxed text-gray-800 \"><div class=\"flex items-center justify-center w-5 h-5 bg-red-100 rounded-full shrink-0\"><svg class=\"w-3 h-3 text-red-600\" fill=\"none\" stroke=\"currentColor\" stroke- viewBox=\"0 0 24 24\"><path stroke-linecap=\"round\" stroke-linejoin=\"round\" d=\"M5 13l4 4L19 7\" \/><\/svg><\/div><div class=\"flex-1\">C\u00f4ng su\u1ea5t: 5.000W<\/div><\/li>\n<li class=\"flex items-center gap-3 leading-relaxed text-gray-800 \"><div class=\"flex items-center justify-center w-5 h-5 bg-red-100 rounded-full shrink-0\"><svg class=\"w-3 h-3 text-red-600\" fill=\"none\" stroke=\"currentColor\" stroke- viewBox=\"0 0 24 24\"><path stroke-linecap=\"round\" stroke-linejoin=\"round\" d=\"M5 13l4 4L19 7\" \/><\/svg><\/div><div class=\"flex-1\">Nhi\u1ec7t \u0111\u1ed9 \u0111i\u1ec1u ch\u1ec9nh: 0 \u2013 85\u00b0C<\/div><\/li>\n<li class=\"flex items-center gap-3 leading-relaxed text-gray-800 \"><div class=\"flex items-center justify-center w-5 h-5 bg-red-100 rounded-full shrink-0\"><svg class=\"w-3 h-3 text-red-600\" fill=\"none\" stroke=\"currentColor\" stroke- viewBox=\"0 0 24 24\"><path stroke-linecap=\"round\" stroke-linejoin=\"round\" d=\"M5 13l4 4L19 7\" \/><\/svg><\/div><div class=\"flex-1\">L\u01b0u l\u01b0\u1ee3ng gi\u00f3: 320 m\u00b3\/h<\/div><\/li>\n<li class=\"flex items-center gap-3 leading-relaxed text-gray-800 \"><div class=\"flex items-center justify-center w-5 h-5 bg-red-100 rounded-full shrink-0\"><svg class=\"w-3 h-3 text-red-600\" fill=\"none\" stroke=\"currentColor\" stroke- viewBox=\"0 0 24 24\"><path stroke-linecap=\"round\" stroke-linejoin=\"round\" d=\"M5 13l4 4L19 7\" \/><\/svg><\/div><div class=\"flex-1\">\u0110i\u1ec7n \u00e1p: 380V \/ 3 pha<\/div><\/li>\n<li class=\"flex items-center gap-3 leading-relaxed text-gray-800 \"><div class=\"flex items-center justify-center w-5 h-5 bg-red-100 rounded-full shrink-0\"><svg class=\"w-3 h-3 text-red-600\" fill=\"none\" stroke=\"currentColor\" stroke- viewBox=\"0 0 24 24\"><path stroke-linecap=\"round\" stroke-linejoin=\"round\" d=\"M5 13l4 4L19 7\" \/><\/svg><\/div><div class=\"flex-1\">K\u00edch th\u01b0\u1edbc: 35 x 35 x 40 cm<\/div><\/li>\n<li class=\"flex items-center gap-3 leading-relaxed text-gray-800 \"><div class=\"flex items-center justify-center w-5 h-5 bg-red-100 rounded-full shrink-0\"><svg class=\"w-3 h-3 text-red-600\" fill=\"none\" stroke=\"currentColor\" stroke- viewBox=\"0 0 24 24\"><path stroke-linecap=\"round\" stroke-linejoin=\"round\" d=\"M5 13l4 4L19 7\" \/><\/svg><\/div><div class=\"flex-1\">Tr\u1ecdng l\u01b0\u1ee3ng: 5kg<\/div><\/li>\n<li class=\"flex items-center gap-3 leading-relaxed text-gray-800 \"><div class=\"flex items-center justify-center w-5 h-5 bg-red-100 rounded-full shrink-0\"><svg class=\"w-3 h-3 text-red-600\" fill=\"none\" stroke=\"currentColor\" stroke- viewBox=\"0 0 24 24\"><path stroke-linecap=\"round\" stroke-linejoin=\"round\" d=\"M5 13l4 4L19 7\" \/><\/svg><\/div><div class=\"flex-1\">V\u1ecf m\u00e1y: Th\u00e9p CT3 s\u01a1n t\u0129nh \u0111i\u1ec7n<\/div><\/li>\n<li class=\"flex items-center gap-3 leading-relaxed text-gray-800 \"><div class=\"flex items-center justify-center w-5 h-5 bg-red-100 rounded-full shrink-0\"><svg class=\"w-3 h-3 text-red-600\" fill=\"none\" stroke=\"currentColor\" stroke- viewBox=\"0 0 24 24\"><path stroke-linecap=\"round\" stroke-linejoin=\"round\" d=\"M5 13l4 4L19 7\" \/><\/svg><\/div><div class=\"flex-1\">B\u1ea3o h\u00e0nh: 12 th\u00e1ng<\/div><\/li>\n<li class=\"flex items-center gap-3 leading-relaxed text-gray-800 \"><div class=\"flex items-center justify-center w-5 h-5 bg-red-100 rounded-full shrink-0\"><svg class=\"w-3 h-3 text-red-600\" fill=\"none\" stroke=\"currentColor\" stroke- viewBox=\"0 0 24 24\"><path stroke-linecap=\"round\" stroke-linejoin=\"round\" d=\"M5 13l4 4L19 7\" \/><\/svg><\/div><div class=\"flex-1\">Xu\u1ea5t x\u1ee9: Trung Qu\u1ed1c<\/div><\/li>\n<\/ul>\n<p class=\"mb-4 leading-relaxed\">Xem th\u00eam c\u00e1c s\u1ea3n ph\u1ea9m kh\u00e1c:<\/p>\n<p class=\"mb-4 leading-relaxed\"><a href=\"https:\/\/quatcongnghiepvifan.com\/quat-say-cong-nghiep-3kw\/\" class=\"text-red-900\">Qu\u1ea1t s\u1ea5y c\u00f4ng nghi\u1ec7p 3KW<\/a><\/p>\n<p class=\"mb-4 leading-relaxed\"><a href=\"https:\/\/quatcongnghiepvifan.com\/quat-say-gio-nong-cong-nghiep-dien-tro-80kw\/\" class=\"text-red-900\">Qu\u1ea1t s\u1ea5y gi\u00f3 n\u00f3ng c\u00f4ng nghi\u1ec7p \u0111i\u1ec7n tr\u1edf 80KW<\/a><\/p>\n<h2 class=\"py-2 my-4 text-2xl font-bold border-green-500 border-y border-opacity-10\">\u01afu \u0111i\u1ec3m v\u01b0\u1ee3t tr\u1ed9i c\u1ee7a qu\u1ea1t s\u1ea5y c\u00f4ng nghi\u1ec7p 5kW EH-05<\/h2>\n<p class=\"mb-4 leading-relaxed\">Qu\u1ea1t \u0111\u01b0\u1ee3c thi\u1ebft k\u1ebf nh\u1ecf g\u1ecdn, ti\u1ec7n l\u1ee3i, d\u1ec5 d\u00e0ng l\u1eafp \u0111\u1eb7t v\u00e0 di chuy\u1ec3n linh ho\u1ea1t. Kh\u1ea3 n\u0103ng l\u00e0m n\u00f3ng nhanh, \u1ed5n \u0111\u1ecbnh gi\u00fap ti\u1ebft ki\u1ec7m th\u1eddi gian v\u00e0 chi ph\u00ed v\u1eadn h\u00e0nh. D\u1ea3i nhi\u1ec7t \u0111\u1ed9 linh ho\u1ea1t gi\u00fap ng\u01b0\u1eddi d\u00f9ng \u0111i\u1ec1u ch\u1ec9nh theo t\u1eebng nhu c\u1ea7u c\u1ee5 th\u1ec3. \u0110\u1eb7c bi\u1ec7t, l\u1edbp v\u1ecf b\u1eb1ng th\u00e9p CT3 ph\u1ee7 s\u01a1n t\u0129nh \u0111i\u1ec7n kh\u00f4ng ch\u1ec9 t\u0103ng t\u00ednh th\u1ea9m m\u1ef9 m\u00e0 c\u00f2n \u0111\u1ea3m b\u1ea3o \u0111\u1ed9 b\u1ec1n cao ngay c\u1ea3 trong m\u00f4i tr\u01b0\u1eddng l\u00e0m vi\u1ec7c kh\u1eafc nghi\u1ec7t.<\/p>\n<p class=\"mb-4 leading-relaxed\">S\u1eed d\u1ee5ng qu\u1ea1t s\u1ea5y c\u00f4ng nghi\u1ec7p 5kW EH-05 ch\u00ednh l\u00e0 gi\u1ea3i ph\u00e1p t\u1ed1i \u01b0u cho nh\u1eefng \u0111\u01a1n v\u1ecb c\u1ea7n m\u00e1y s\u1ea5y c\u00f4ng nghi\u1ec7p c\u00f4ng su\u1ea5t l\u1edbn, qu\u1ea1t s\u1ea5y 380V, qu\u1ea1t s\u1ea5y gia nhi\u1ec7t hi\u1ec7u qu\u1ea3, \u0111\u00e1p \u1ee9ng ti\u00eau chu\u1ea9n v\u1ec1 t\u1ed1c \u0111\u1ed9 v\u00e0 \u0111\u1ed9 an to\u00e0n.<\/p>\n<h2 class=\"py-2 my-4 text-2xl font-bold border-green-500 border-y border-opacity-10\">\u1ee8ng d\u1ee5ng th\u1ef1c t\u1ebf c\u1ee7a qu\u1ea1t s\u1ea5y c\u00f4ng nghi\u1ec7p ViFan EH-05<\/h2>\n<p class=\"mb-4 leading-relaxed\">Qu\u1ea1t s\u1ea5y c\u00f4ng nghi\u1ec7p 5kW EH-05 c\u1ee7a ViFan l\u00e0 thi\u1ebft b\u1ecb kh\u00f4ng th\u1ec3 thi\u1ebfu trong nhi\u1ec1u ng\u00e0nh s\u1ea3n xu\u1ea5t v\u00e0 ch\u1ebf bi\u1ebfn nh\u1edd kh\u1ea3 n\u0103ng gia nhi\u1ec7t nhanh, \u1ed5n \u0111\u1ecbnh v\u00e0 ti\u1ebft ki\u1ec7m \u0111i\u1ec7n. S\u1ea3n ph\u1ea9m \u0111\u01b0\u1ee3c \u1ee9ng d\u1ee5ng r\u1ed9ng r\u00e3i trong c\u00e1c l\u0129nh v\u1ef1c sau:<\/p>\n<p class=\"mb-4 leading-relaxed\">S\u1ea5y kh\u00f4 g\u1ed7, n\u00f4ng s\u1ea3n, th\u1ef1c ph\u1ea9m: Gi\u00fap l\u00e0m kh\u00f4 nguy\u00ean li\u1ec7u m\u1ed9t c\u00e1ch nhanh ch\u00f3ng v\u00e0 \u0111\u1ed3ng \u0111\u1ec1u, h\u1ea1n ch\u1ebf \u1ea9m m\u1ed1c, n\u00e2ng cao ch\u1ea5t l\u01b0\u1ee3ng th\u00e0nh ph\u1ea9m trong ng\u00e0nh ch\u1ebf bi\u1ebfn n\u00f4ng l\u00e2m s\u1ea3n.<\/p>\n<p class=\"mb-4 leading-relaxed\">Gia nhi\u1ec7t cho x\u01b0\u1edfng c\u01a1 kh\u00ed, x\u01b0\u1edfng s\u01a1n, ph\u00f2ng s\u1ea5y: Gi\u1eef nhi\u1ec7t \u0111\u1ed9 \u1ed5n \u0111\u1ecbnh \u0111\u1ec3 h\u1ed7 tr\u1ee3 qu\u00e1 tr\u00ecnh s\u01a1n ph\u1ee7, s\u1ea5y s\u01a1n, l\u00e0m kh\u00f4 linh ki\u1ec7n ho\u1eb7c t\u1ea1o m\u00f4i tr\u01b0\u1eddng l\u00e0m vi\u1ec7c ph\u00f9 h\u1ee3p cho c\u00f4ng nh\u00e2n.<\/p>\n<p class=\"mb-4 leading-relaxed\">\u0110\u1ea9y nhanh qu\u00e1 tr\u00ecnh kh\u00f4 sau s\u01a1n ho\u1eb7c sau r\u1eeda m\u00e1y m\u00f3c, thi\u1ebft b\u1ecb: Qu\u1ea1t gi\u00fap l\u00e0m kh\u00f4 b\u1ec1 m\u1eb7t nhanh ch\u00f3ng, h\u1ea1n ch\u1ebf han g\u1ec9, \u0111\u1ea3m b\u1ea3o ti\u1ebfn \u0111\u1ed9 s\u1ea3n xu\u1ea5t v\u00e0 ch\u1ea5t l\u01b0\u1ee3ng m\u00e1y m\u00f3c sau v\u1ec7 sinh.<\/p>\n<p class=\"mb-4 leading-relaxed\">L\u00e0m \u1ea5m v\u00e0 \u1ed5n \u0111\u1ecbnh \u0111\u1ed9 \u1ea9m cho nh\u00e0 x\u01b0\u1edfng, kho h\u00e0ng, container: \u0110\u1eb7c bi\u1ec7t h\u1eefu \u00edch trong m\u00f9a l\u1ea1nh ho\u1eb7c v\u00f9ng c\u00f3 \u0111\u1ed9 \u1ea9m cao, gi\u00fap b\u1ea3o qu\u1ea3n h\u00e0ng h\u00f3a t\u1ed1t h\u01a1n v\u00e0 \u0111\u1ea3m b\u1ea3o an to\u00e0n lao \u0111\u1ed9ng.<\/p>\n<p class=\"mb-4 leading-relaxed\">S\u1ea5y linh ki\u1ec7n \u0111i\u1ec7n t\u1eed, v\u1eadt li\u1ec7u nh\u1ef1a, cao su: H\u1ea1n ch\u1ebf t\u00ecnh tr\u1ea1ng \u1ea9m \u01b0\u1edbt, cong v\u00eanh ho\u1eb7c bi\u1ebfn d\u1ea1ng s\u1ea3n ph\u1ea9m trong qu\u00e1 tr\u00ecnh s\u1ea3n xu\u1ea5t, \u0111\u00f3ng g\u00f3i v\u00e0 l\u01b0u tr\u1eef.<\/p>\n<p class=\"mb-4 leading-relaxed\">\u1ee8ng d\u1ee5ng trong ng\u00e0nh in \u1ea5n, bao b\u00ec, may m\u1eb7c: S\u1ea5y kh\u00f4 m\u00e0u in, s\u1ea5y v\u1ea3i, s\u1ea5y keo nhanh ch\u00f3ng \u0111\u1ec3 n\u00e2ng cao hi\u1ec7u su\u1ea5t d\u00e2y chuy\u1ec1n v\u00e0 ch\u1ea5t l\u01b0\u1ee3ng s\u1ea3n ph\u1ea9m \u0111\u1ea7u ra.<\/p>\n<h2 class=\"py-2 my-4 text-2xl font-bold border-green-500 border-y border-opacity-10\">ViFan \u2013 \u0110\u01a1n v\u1ecb cung c\u1ea5p Qu\u1ea1t S\u1ea5y C\u00f4ng Nghi\u1ec7p h\u00e0ng \u0111\u1ea7u<\/h2>\n<p class=\"mb-4 leading-relaxed\">ViFan kh\u00f4ng ch\u1ec9 l\u00e0 nh\u00e0 s\u1ea3n xu\u1ea5t m\u00e0 c\u00f2n l\u00e0 \u0111\u1ed1i t\u00e1c uy t\u00edn \u0111\u01b0\u1ee3c nhi\u1ec1u doanh nghi\u1ec7p tin ch\u1ecdn trong su\u1ed1t nhi\u1ec1u n\u0103m qua trong l\u0129nh v\u1ef1c <a href=\"https:\/\/quatcongnghiepvifan.com\/quat-say-cong-nghiep\/\" class=\"text-red-900\">qu\u1ea1t s\u1ea5y gi\u00f3 n\u00f3ng c\u00f4ng nghi\u1ec7p<\/a>. Khi mua qu\u1ea1t s\u1ea5y c\u00f4ng nghi\u1ec7p EH-05 t\u1ea1i ViFan, b\u1ea1n s\u1ebd nh\u1eadn \u0111\u01b0\u1ee3c s\u1ea3n ph\u1ea9m ch\u00ednh h\u00e3ng v\u1edbi gi\u00e1 th\u00e0nh c\u1ea1nh tranh, ch\u1ea5t l\u01b0\u1ee3ng \u0111\u1ea3m b\u1ea3o, ch\u1ebf \u0111\u1ed9 b\u1ea3o h\u00e0nh r\u00f5 r\u00e0ng v\u00e0 \u0111\u1ed9i ng\u0169 t\u01b0 v\u1ea5n k\u1ef9 thu\u1eadt chuy\u00ean s\u00e2u, h\u1ed7 tr\u1ee3 t\u1eeb kh\u00e2u ch\u1ecdn l\u1ef1a \u0111\u1ebfn l\u1eafp \u0111\u1eb7t v\u00e0 v\u1eadn h\u00e0nh.<\/p>\n<p class=\"mb-4 leading-relaxed\">Ch\u00fang t\u00f4i hi\u1ec3u r\u1eb1ng trong s\u1ea3n xu\u1ea5t c\u00f4ng nghi\u1ec7p, th\u1eddi gian l\u00e0 ti\u1ec1n b\u1ea1c. V\u00ec v\u1eady, ViFan cam k\u1ebft giao h\u00e0ng nhanh, h\u1ed7 tr\u1ee3 k\u1ef9 thu\u1eadt t\u1eadn n\u01a1i v\u00e0 lu\u00f4n s\u1eb5n s\u00e0ng \u0111\u1ed3ng h\u00e0nh c\u00f9ng b\u1ea1n trong m\u1ecdi c\u00f4ng tr\u00ecnh.<\/p>\n","protected":false},"excerpt":{"rendered":"<div class=\"my-4 overflow-hidden bg-white rounded-lg shadow-xl \"><div class=\"overflow-x-auto\"><table class=\"min-w-full\" class=\"min-w-full\">\n<tbody class=\"bg-white divide-y divide-gray-100 \" class=\"bg-white divide-y divide-gray-100 \">\n<tr class=\"transition-all duration-200 ease-in-out group hover:bg-red-50 \" class=\"transition-all duration-200 ease-in-out group hover:bg-red-50 \">\n<td class=\"px-2 py-2 text-sm text-gray-700 transition-colors duration-200 group-hover:text-gray-900 \" class=\"px-2 py-2 text-sm text-gray-700 transition-colors duration-200 group-hover:text-gray-900 \"><strong class=\"font-cal-sans\">M\u00e3 s\u1ea3n ph\u1ea9m<\/strong><\/td>\n<td class=\"px-2 py-2 text-sm text-gray-700 transition-colors duration-200 group-hover:text-gray-900 \" class=\"px-2 py-2 text-sm text-gray-700 transition-colors duration-200 group-hover:text-gray-900 \">:<\/td>\n<td class=\"px-2 py-2 text-sm text-gray-700 transition-colors duration-200 group-hover:text-gray-900 \" class=\"px-2 py-2 text-sm text-gray-700 transition-colors duration-200 group-hover:text-gray-900 \">EH05<\/td>\n<\/tr>\n<tr class=\"transition-all duration-200 ease-in-out group hover:bg-red-50 \" class=\"transition-all duration-200 ease-in-out group hover:bg-red-50 \">\n<td class=\"px-2 py-2 text-sm text-gray-700 transition-colors duration-200 group-hover:text-gray-900 \" class=\"px-2 py-2 text-sm text-gray-700 transition-colors duration-200 group-hover:text-gray-900 \"><strong class=\"font-cal-sans\">Th\u01b0\u01a1ng hi\u1ec7u<\/strong><\/td>\n<td class=\"px-2 py-2 text-sm text-gray-700 transition-colors duration-200 group-hover:text-gray-900 \" class=\"px-2 py-2 text-sm text-gray-700 transition-colors duration-200 group-hover:text-gray-900 \">:<\/td>\n<td class=\"px-2 py-2 text-sm text-gray-700 transition-colors duration-200 group-hover:text-gray-900 \" class=\"px-2 py-2 text-sm text-gray-700 transition-colors duration-200 group-hover:text-gray-900 \">ViFan<\/td>\n<\/tr>\n<tr class=\"transition-all duration-200 ease-in-out group hover:bg-red-50 \" class=\"transition-all duration-200 ease-in-out group hover:bg-red-50 \">\n<td class=\"px-2 py-2 text-sm text-gray-700 transition-colors duration-200 group-hover:text-gray-900 \" class=\"px-2 py-2 text-sm text-gray-700 transition-colors duration-200 group-hover:text-gray-900 \"><strong class=\"font-cal-sans\">C\u00f4ng su\u1ea5t nhi\u1ec7t<\/strong><\/td>\n<td class=\"px-2 py-2 text-sm text-gray-700 transition-colors duration-200 group-hover:text-gray-900 \" class=\"px-2 py-2 text-sm text-gray-700 transition-colors duration-200 group-hover:text-gray-900 \">:<\/td>\n<td class=\"px-2 py-2 text-sm text-gray-700 transition-colors duration-200 group-hover:text-gray-900 \" class=\"px-2 py-2 text-sm text-gray-700 transition-colors duration-200 group-hover:text-gray-900 \">5000 W<\/td>\n<\/tr>\n<tr class=\"transition-all duration-200 ease-in-out group hover:bg-red-50 \" class=\"transition-all duration-200 ease-in-out group hover:bg-red-50 \">\n<td class=\"px-2 py-2 text-sm text-gray-700 transition-colors duration-200 group-hover:text-gray-900 \" class=\"px-2 py-2 text-sm text-gray-700 transition-colors duration-200 group-hover:text-gray-900 \"><strong class=\"font-cal-sans\">Nhi\u1ec7t \u0111\u1ed9<\/strong><\/td>\n<td class=\"px-2 py-2 text-sm text-gray-700 transition-colors duration-200 group-hover:text-gray-900 \" class=\"px-2 py-2 text-sm text-gray-700 transition-colors duration-200 group-hover:text-gray-900 \">:<\/td>\n<td class=\"px-2 py-2 text-sm text-gray-700 transition-colors duration-200 group-hover:text-gray-900 \" class=\"px-2 py-2 text-sm text-gray-700 transition-colors duration-200 group-hover:text-gray-900 \">0-85 \u00b0 C<\/td>\n<\/tr>\n<tr class=\"transition-all duration-200 ease-in-out group hover:bg-red-50 \" class=\"transition-all duration-200 ease-in-out group hover:bg-red-50 \">\n<td class=\"px-2 py-2 text-sm text-gray-700 transition-colors duration-200 group-hover:text-gray-900 \" class=\"px-2 py-2 text-sm text-gray-700 transition-colors duration-200 group-hover:text-gray-900 \"><strong class=\"font-cal-sans\">L\u01b0u l\u01b0\u1ee3ng<\/strong><\/td>\n<td class=\"px-2 py-2 text-sm text-gray-700 transition-colors duration-200 group-hover:text-gray-900 \" class=\"px-2 py-2 text-sm text-gray-700 transition-colors duration-200 group-hover:text-gray-900 \">:<\/td>\n<td class=\"px-2 py-2 text-sm text-gray-700 transition-colors duration-200 group-hover:text-gray-900 \" class=\"px-2 py-2 text-sm text-gray-700 transition-colors duration-200 group-hover:text-gray-900 \">320 m3\/h<\/td>\n<\/tr>\n<tr class=\"transition-all duration-200 ease-in-out group hover:bg-red-50 \" class=\"transition-all duration-200 ease-in-out group hover:bg-red-50 \">\n<td class=\"px-2 py-2 text-sm text-gray-700 transition-colors duration-200 group-hover:text-gray-900 \" class=\"px-2 py-2 text-sm text-gray-700 transition-colors duration-200 group-hover:text-gray-900 \"><strong class=\"font-cal-sans\">B\u1ea3o h\u00e0nh<\/strong><\/td>\n<td class=\"px-2 py-2 text-sm text-gray-700 transition-colors duration-200 group-hover:text-gray-900 \" class=\"px-2 py-2 text-sm text-gray-700 transition-colors duration-200 group-hover:text-gray-900 \">:<\/td>\n<td class=\"px-2 py-2 text-sm text-gray-700 transition-colors duration-200 group-hover:text-gray-900 \" class=\"px-2 py-2 text-sm text-gray-700 transition-colors duration-200 group-hover:text-gray-900 \">12 th\u00e1ng<\/td>\n<\/tr>\n<tr class=\"transition-all duration-200 ease-in-out group hover:bg-red-50 \" class=\"transition-all duration-200 ease-in-out group hover:bg-red-50 \">\n<td class=\"px-2 py-2 text-sm text-gray-700 transition-colors duration-200 group-hover:text-gray-900 \" class=\"px-2 py-2 text-sm text-gray-700 transition-colors duration-200 group-hover:text-gray-900 \"><strong class=\"font-cal-sans\">Xu\u1ea5t x\u1ee9<\/strong><\/td>\n<td class=\"px-2 py-2 text-sm text-gray-700 transition-colors duration-200 group-hover:text-gray-900 \" class=\"px-2 py-2 text-sm text-gray-700 transition-colors duration-200 group-hover:text-gray-900 \">:<\/td>\n<td class=\"px-2 py-2 text-sm text-gray-700 transition-colors duration-200 group-hover:text-gray-900 \" class=\"px-2 py-2 text-sm text-gray-700 transition-colors duration-200 group-hover:text-gray-900 \">Trung Qu\u1ed1c<\/td>\n<\/tr>\n<\/tbody>\n<\/table><\/div><\/div>\n","protected":false},"featured_media":261,"template":"","meta":{"footnotes":""},"product_cat":[18],"product_tag":[],"ztteam_product_brand":[],"class_list":["post-260","product","type-product","status-publish","has-post-thumbnail","hentry","product_cat-quat-say-cong-nghiep"],"meta_box":{"_sku":"EH05","_regular_price":"12436008","_sale_price":"10668980","_price":"10668980","_stock_status":"instock","_stock":"50","_manage_stock":"1","_weight":"","_length":"","_width":"","_height":"","_product_image_gallery":[{"width":150,"height":150,"file":"2026\/03\/quat-say-cong-nghiep-5kw-1.png","filesize":97864,"sizes":[],"image_meta":{"aperture":"0","credit":"","camera":"","caption":"","created_timestamp":"0","copyright":"","focal_length":"0","iso":"0","shutter_speed":"0","title":"","orientation":"0","keywords":[]},"ID":"261","name":"quat-say-cong-nghiep-5kw-1.png","path":"\/home\/dev.wptheme.store\/public_html\/s\/wpquat\/wp-content\/uploads\/2026\/03\/quat-say-cong-nghiep-5kw-1.png","url":"https:\/\/dev.wptheme.store\/s\/wpquat\/wp-content\/uploads\/2026\/03\/quat-say-cong-nghiep-5kw-1.png","full_url":"https:\/\/dev.wptheme.store\/s\/wpquat\/wp-content\/uploads\/2026\/03\/quat-say-cong-nghiep-5kw-1.png","title":"Qu\u1ea1t S\u1ea5y C\u00f4ng Nghi\u1ec7p 5KW","caption":"","description":"","alt":"","srcset":false}],"_featured":"0","_visibility":"visible","_virtual":"","_downloadable":"","product_type":"simple","product_attributes":[],"color_variations":[],"size_variations":[],"storage_variations":[],"material_variations":[]},"_links":{"self":[{"href":"https:\/\/dev.wptheme.store\/s\/wpquat\/wp-json\/wp\/v2\/product\/260","targetHints":{"allow":["GET"]}}],"collection":[{"href":"https:\/\/dev.wptheme.store\/s\/wpquat\/wp-json\/wp\/v2\/product"}],"about":[{"href":"https:\/\/dev.wptheme.store\/s\/wpquat\/wp-json\/wp\/v2\/types\/product"}],"version-history":[{"count":0,"href":"https:\/\/dev.wptheme.store\/s\/wpquat\/wp-json\/wp\/v2\/product\/260\/revisions"}],"wp:featuredmedia":[{"embeddable":true,"href":"https:\/\/dev.wptheme.store\/s\/wpquat\/wp-json\/wp\/v2\/media\/261"}],"wp:attachment":[{"href":"https:\/\/dev.wptheme.store\/s\/wpquat\/wp-json\/wp\/v2\/media?parent=260"}],"wp:term":[{"taxonomy":"product_cat","embeddable":true,"href":"https:\/\/dev.wptheme.store\/s\/wpquat\/wp-json\/wp\/v2\/product_cat?post=260"},{"taxonomy":"product_tag","embeddable":true,"href":"https:\/\/dev.wptheme.store\/s\/wpquat\/wp-json\/wp\/v2\/product_tag?post=260"},{"taxonomy":"ztteam_product_brand","embeddable":true,"href":"https:\/\/dev.wptheme.store\/s\/wpquat\/wp-json\/wp\/v2\/ztteam_product_brand?post=260"}],"curies":[{"name":"wp","href":"https:\/\/api.w.org\/{rel}","templated":true}]}}