{"id":276,"date":"2026-03-16T08:51:28","date_gmt":"2026-03-16T01:51:28","guid":{"rendered":"https:\/\/dev.wptheme.store\/s\/wpquat\/product\/quat-thoi-so-cong-nghiep-1100w\/"},"modified":"2026-03-16T08:51:28","modified_gmt":"2026-03-16T01:51:28","slug":"quat-thoi-so-cong-nghiep-1100w","status":"publish","type":"product","link":"https:\/\/dev.wptheme.store\/s\/wpquat\/product\/quat-thoi-so-cong-nghiep-1100w\/","title":{"rendered":"Qu\u1ea1t Th\u1ed5i S\u00f2 C\u00f4ng Nghi\u1ec7p 1100W"},"content":{"rendered":"<p class=\"mb-4 leading-relaxed\">Qu\u1ea1t th\u1ed5i s\u00f2 c\u00f4ng nghi\u1ec7p 1100W l\u00e0 gi\u1ea3i ph\u00e1p l\u00fd t\u01b0\u1edfng cho vi\u1ec7c c\u1ea3i thi\u1ec7n ch\u1ea5t l\u01b0\u1ee3ng kh\u00f4ng kh\u00ed, b\u1ea3o v\u1ec7 thi\u1ebft b\u1ecb v\u00e0 \u0111\u1ea3m b\u1ea3o hi\u1ec7u su\u1ea5t v\u1eadn h\u00e0nh trong nhi\u1ec1u l\u0129nh v\u1ef1c c\u00f4ng nghi\u1ec7p v\u00e0 d\u00e2n d\u1ee5ng.<\/p>\n<h2 class=\"py-2 my-4 text-2xl font-bold border-green-500 border-y border-opacity-10\">Th\u00f4ng s\u1ed1 k\u1ef9 thu\u1eadt qu\u1ea1t th\u1ed5i s\u00f2 c\u00f4ng nghi\u1ec7p 1100W<\/h2>\n<ul class=\"mb-4 space-y-1 list-none\">\n<li class=\"flex items-center gap-3 leading-relaxed text-gray-800 \"><div class=\"flex items-center justify-center w-5 h-5 bg-red-100 rounded-full shrink-0\"><svg class=\"w-3 h-3 text-red-600\" fill=\"none\" stroke=\"currentColor\" stroke- viewBox=\"0 0 24 24\"><path stroke-linecap=\"round\" stroke-linejoin=\"round\" d=\"M5 13l4 4L19 7\" \/><\/svg><\/div><div class=\"flex-1\">M\u00e3 s\u1ea3n ph\u1ea9m: TZY1100<\/div><\/li>\n<li class=\"flex items-center gap-3 leading-relaxed text-gray-800 \"><div class=\"flex items-center justify-center w-5 h-5 bg-red-100 rounded-full shrink-0\"><svg class=\"w-3 h-3 text-red-600\" fill=\"none\" stroke=\"currentColor\" stroke- viewBox=\"0 0 24 24\"><path stroke-linecap=\"round\" stroke-linejoin=\"round\" d=\"M5 13l4 4L19 7\" \/><\/svg><\/div><div class=\"flex-1\">Th\u01b0\u01a1ng hi\u1ec7u: Vifan<\/div><\/li>\n<li class=\"flex items-center gap-3 leading-relaxed text-gray-800 \"><div class=\"flex items-center justify-center w-5 h-5 bg-red-100 rounded-full shrink-0\"><svg class=\"w-3 h-3 text-red-600\" fill=\"none\" stroke=\"currentColor\" stroke- viewBox=\"0 0 24 24\"><path stroke-linecap=\"round\" stroke-linejoin=\"round\" d=\"M5 13l4 4L19 7\" \/><\/svg><\/div><div class=\"flex-1\">C\u00f4ng su\u1ea5t: 1100W<\/div><\/li>\n<li class=\"flex items-center gap-3 leading-relaxed text-gray-800 \"><div class=\"flex items-center justify-center w-5 h-5 bg-red-100 rounded-full shrink-0\"><svg class=\"w-3 h-3 text-red-600\" fill=\"none\" stroke=\"currentColor\" stroke- viewBox=\"0 0 24 24\"><path stroke-linecap=\"round\" stroke-linejoin=\"round\" d=\"M5 13l4 4L19 7\" \/><\/svg><\/div><div class=\"flex-1\">\u0110i\u1ec7n \u00e1p: 220V \/ 50Hz \/ 1 pha<\/div><\/li>\n<li class=\"flex items-center gap-3 leading-relaxed text-gray-800 \"><div class=\"flex items-center justify-center w-5 h-5 bg-red-100 rounded-full shrink-0\"><svg class=\"w-3 h-3 text-red-600\" fill=\"none\" stroke=\"currentColor\" stroke- viewBox=\"0 0 24 24\"><path stroke-linecap=\"round\" stroke-linejoin=\"round\" d=\"M5 13l4 4L19 7\" \/><\/svg><\/div><div class=\"flex-1\">C\u1ed9t \u00e1p: 2100 Pa<\/div><\/li>\n<li class=\"flex items-center gap-3 leading-relaxed text-gray-800 \"><div class=\"flex items-center justify-center w-5 h-5 bg-red-100 rounded-full shrink-0\"><svg class=\"w-3 h-3 text-red-600\" fill=\"none\" stroke=\"currentColor\" stroke- viewBox=\"0 0 24 24\"><path stroke-linecap=\"round\" stroke-linejoin=\"round\" d=\"M5 13l4 4L19 7\" \/><\/svg><\/div><div class=\"flex-1\">L\u01b0u l\u01b0\u1ee3ng gi\u00f3: 1380 m\u00b3\/h<\/div><\/li>\n<li class=\"flex items-center gap-3 leading-relaxed text-gray-800 \"><div class=\"flex items-center justify-center w-5 h-5 bg-red-100 rounded-full shrink-0\"><svg class=\"w-3 h-3 text-red-600\" fill=\"none\" stroke=\"currentColor\" stroke- viewBox=\"0 0 24 24\"><path stroke-linecap=\"round\" stroke-linejoin=\"round\" d=\"M5 13l4 4L19 7\" \/><\/svg><\/div><div class=\"flex-1\">T\u1ed1c \u0111\u1ed9 v\u00f2ng quay: 2800 v\u00f2ng\/ph\u00fat<\/div><\/li>\n<li class=\"flex items-center gap-3 leading-relaxed text-gray-800 \"><div class=\"flex items-center justify-center w-5 h-5 bg-red-100 rounded-full shrink-0\"><svg class=\"w-3 h-3 text-red-600\" fill=\"none\" stroke=\"currentColor\" stroke- viewBox=\"0 0 24 24\"><path stroke-linecap=\"round\" stroke-linejoin=\"round\" d=\"M5 13l4 4L19 7\" \/><\/svg><\/div><div class=\"flex-1\">\u0110\u1ed9 \u1ed3n: D\u01b0\u1edbi 60 dB<\/div><\/li>\n<li class=\"flex items-center gap-3 leading-relaxed text-gray-800 \"><div class=\"flex items-center justify-center w-5 h-5 bg-red-100 rounded-full shrink-0\"><svg class=\"w-3 h-3 text-red-600\" fill=\"none\" stroke=\"currentColor\" stroke- viewBox=\"0 0 24 24\"><path stroke-linecap=\"round\" stroke-linejoin=\"round\" d=\"M5 13l4 4L19 7\" \/><\/svg><\/div><div class=\"flex-1\">Ch\u1ea5t li\u1ec7u v\u1ecf: Th\u00e9p s\u01a1n t\u0129nh \u0111i\u1ec7n, ch\u1ed1ng g\u1ec9<\/div><\/li>\n<li class=\"flex items-center gap-3 leading-relaxed text-gray-800 \"><div class=\"flex items-center justify-center w-5 h-5 bg-red-100 rounded-full shrink-0\"><svg class=\"w-3 h-3 text-red-600\" fill=\"none\" stroke=\"currentColor\" stroke- viewBox=\"0 0 24 24\"><path stroke-linecap=\"round\" stroke-linejoin=\"round\" d=\"M5 13l4 4L19 7\" \/><\/svg><\/div><div class=\"flex-1\">C\u00e1nh qu\u1ea1t: H\u1ee3p kim nh\u00f4m kh\u00f4ng g\u1ec9<\/div><\/li>\n<li class=\"flex items-center gap-3 leading-relaxed text-gray-800 \"><div class=\"flex items-center justify-center w-5 h-5 bg-red-100 rounded-full shrink-0\"><svg class=\"w-3 h-3 text-red-600\" fill=\"none\" stroke=\"currentColor\" stroke- viewBox=\"0 0 24 24\"><path stroke-linecap=\"round\" stroke-linejoin=\"round\" d=\"M5 13l4 4L19 7\" \/><\/svg><\/div><div class=\"flex-1\">\u0110\u1ed9ng c\u01a1: D\u00e2y \u0111\u1ed3ng 100%, c\u00e1ch \u0111i\u1ec7n l\u1edbp F<\/div><\/li>\n<li class=\"flex items-center gap-3 leading-relaxed text-gray-800 \"><div class=\"flex items-center justify-center w-5 h-5 bg-red-100 rounded-full shrink-0\"><svg class=\"w-3 h-3 text-red-600\" fill=\"none\" stroke=\"currentColor\" stroke- viewBox=\"0 0 24 24\"><path stroke-linecap=\"round\" stroke-linejoin=\"round\" d=\"M5 13l4 4L19 7\" \/><\/svg><\/div><div class=\"flex-1\">B\u1ea3o v\u1ec7 \u0111\u1ed9ng c\u01a1: Chu\u1ea9n IP54<\/div><\/li>\n<li class=\"flex items-center gap-3 leading-relaxed text-gray-800 \"><div class=\"flex items-center justify-center w-5 h-5 bg-red-100 rounded-full shrink-0\"><svg class=\"w-3 h-3 text-red-600\" fill=\"none\" stroke=\"currentColor\" stroke- viewBox=\"0 0 24 24\"><path stroke-linecap=\"round\" stroke-linejoin=\"round\" d=\"M5 13l4 4L19 7\" \/><\/svg><\/div><div class=\"flex-1\">Tr\u1ecdng l\u01b0\u1ee3ng: 20kg<\/div><\/li>\n<li class=\"flex items-center gap-3 leading-relaxed text-gray-800 \"><div class=\"flex items-center justify-center w-5 h-5 bg-red-100 rounded-full shrink-0\"><svg class=\"w-3 h-3 text-red-600\" fill=\"none\" stroke=\"currentColor\" stroke- viewBox=\"0 0 24 24\"><path stroke-linecap=\"round\" stroke-linejoin=\"round\" d=\"M5 13l4 4L19 7\" \/><\/svg><\/div><div class=\"flex-1\">B\u1ea3o h\u00e0nh: 12 th\u00e1ng ch\u00ednh h\u00e3ng<\/div><\/li>\n<\/ul>\n<figure class=\"my-6 text-center\"><img><figcaption>\u1ea2nh Th\u1eadt Qu\u1ea1t Th\u1ed5i S\u00f2 C\u00f4ng Nghi\u1ec7p 1100W<\/figcaption><\/figure>\n<p class=\"mb-4 leading-relaxed\">T\u00ecm hi\u1ec3u th\u00eam s\u1ea3n ph\u1ea9m kh\u00e1c:<\/p>\n<p class=\"mb-4 leading-relaxed\"><a href=\"https:\/\/quatcongnghiepvifan.com\/quat-thoi-so-cong-nghiep-750w\/\" class=\"text-red-900\">Qu\u1ea1t th\u1ed5i s\u00f2 c\u00f4ng nghi\u1ec7p 750W<\/a><\/p>\n<p class=\"mb-4 leading-relaxed\"><a href=\"https:\/\/quatcongnghiepvifan.com\/quat-thoi-so-cong-nghiep-550w\/\" class=\"text-red-900\">Qu\u1ea1t th\u1ed5i s\u00f2 c\u00f4ng nghi\u1ec7p 550W<\/a><\/p>\n<h2 class=\"py-2 my-4 text-2xl font-bold border-green-500 border-y border-opacity-10\">Nguy\u00ean l\u00fd ho\u1ea1t \u0111\u1ed9ng qu\u1ea1t s\u00f2 c\u00f4ng nghi\u1ec7p 1100W<\/h2>\n<p class=\"mb-4 leading-relaxed\">Qu\u1ea1t th\u1ed5i l\u00f2 c\u00f4ng nghi\u1ec7p 1100W ho\u1ea1t \u0111\u1ed9ng theo nguy\u00ean l\u00fd ly t\u00e2m. Kh\u00f4ng kh\u00ed \u0111\u01b0\u1ee3c h\u00fat v\u00e0o qua mi\u1ec7ng h\u00fat, sau \u0111\u00f3 \u0111\u01b0\u1ee3c gia t\u1ed1c b\u1edfi c\u00e1nh qu\u1ea1t v\u00e0 tho\u00e1t ra ngo\u00e0i qua mi\u1ec7ng th\u1ed5i v\u1edbi \u00e1p su\u1ea5t cao. Thi\u1ebft k\u1ebf n\u00e0y gi\u00fap qu\u1ea1t c\u00f3 kh\u1ea3 n\u0103ng t\u1ea1o ra lu\u1ed3ng kh\u00ed m\u1ea1nh m\u1ebd v\u00e0 \u1ed5n \u0111\u1ecbnh, l\u00fd t\u01b0\u1edfng cho vi\u1ec7c di chuy\u1ec3n kh\u00f4ng kh\u00ed qua c\u00e1c h\u1ec7 th\u1ed1ng \u1ed1ng d\u1eabn d\u00e0i ho\u1eb7c ch\u1ed1ng l\u1ea1i \u00e1p su\u1ea5t ng\u01b0\u1ee3c trong m\u00f4i tr\u01b0\u1eddng c\u00f4ng nghi\u1ec7p.<\/p>\n<h2 class=\"py-2 my-4 text-2xl font-bold border-green-500 border-y border-opacity-10\">\u1ee8ng d\u1ee5ng qu\u1ea1t th\u1ed5i gi\u00f3 c\u00f4ng nghi\u1ec7p 1100W<\/h2>\n<p class=\"mb-4 leading-relaxed\">T\u00f2a nh\u00e0 v\u00e0 ph\u00f2ng \u1ed1c: Qu\u1ea1t th\u1ed5i l\u00f2 c\u00f4ng nghi\u1ec7p 1100W \u0111\u01b0\u1ee3c s\u1eed d\u1ee5ng \u0111\u1ec3 l\u01b0u th\u00f4ng v\u00e0 ph\u00e2n ph\u1ed1i kh\u00f4ng kh\u00ed kh\u1eafp c\u00e1c t\u00f2a nh\u00e0 ho\u1eb7c ph\u00f2ng, gi\u00fap lo\u1ea1i b\u1ecf kh\u00f4ng kh\u00ed c\u0169, \u0111\u1ed9 \u1ea9m d\u01b0 th\u1eeba v\u00e0 c\u00e1c ch\u1ea5t g\u00e2y \u00f4 nhi\u1ec5m, \u0111\u1ed3ng th\u1eddi mang l\u1ea1i kh\u00f4ng kh\u00ed trong l\u00e0nh, c\u1ea3i thi\u1ec7n ch\u1ea5t l\u01b0\u1ee3ng kh\u00f4ng kh\u00ed v\u00e0 \u0111i\u1ec1u ch\u1ec9nh nhi\u1ec7t \u0111\u1ed9.<\/p>\n<p class=\"mb-4 leading-relaxed\">Quy tr\u00ecnh c\u00f4ng nghi\u1ec7p: S\u1eed d\u1ee5ng trong c\u00e1c nh\u00e0 m\u00e1y th\u00e9p, nh\u00e0 m\u00e1y xi m\u0103ng, c\u01a1 s\u1edf ch\u1ebf bi\u1ebfn th\u1ef1c ph\u1ea9m v\u00e0 nh\u00e0 m\u00e1y h\u00f3a ch\u1ea5t \u0111\u1ec3 cung c\u1ea5p lu\u1ed3ng kh\u00f4ng kh\u00ed cho qu\u00e1 tr\u00ecnh \u0111\u1ed1t ch\u00e1y, l\u00e0m m\u00e1t, s\u1ea5y kh\u00f4, v\u1eadn chuy\u1ec3n kh\u00ed n\u00e9n v\u00e0 nhi\u1ec1u \u1ee9ng d\u1ee5ng kh\u00e1c.<\/p>\n<p class=\"mb-4 leading-relaxed\">Nh\u00e0 m\u00e1y \u0111i\u1ec7n: Trong nh\u00e0 m\u00e1y \u0111i\u1ec7n, qu\u1ea1t th\u1ed5i s\u00f2 c\u00f4ng nghi\u1ec7p 1100W \u0111\u01b0\u1ee3c d\u00f9ng \u0111\u1ec3 cung c\u1ea5p kh\u00f4ng kh\u00ed \u0111\u1ed1t cho l\u00f2 \u0111\u1ed1t, l\u00e0m m\u00e1t b\u00ecnh ng\u01b0ng v\u00e0 th\u00f4ng gi\u00f3 cho ph\u00f2ng \u0111i\u1ec1u khi\u1ec3n, gi\u00fap \u0111\u1ea3m b\u1ea3o ho\u1ea1t \u0111\u1ed9ng hi\u1ec7u qu\u1ea3 v\u00e0 an to\u00e0n.<\/p>\n<p class=\"mb-4 leading-relaxed\">Thi\u1ebft b\u1ecb \u0111i\u1ec7n t\u1eed: \u0110\u01b0\u1ee3c s\u1eed d\u1ee5ng trong m\u00e1y t\u00ednh, m\u00e1y ch\u1ee7, v\u00e0 b\u1ed9 khu\u1ebfch \u0111\u1ea1i \u00e2m thanh \u0111\u1ec3 t\u1ea3n nhi\u1ec7t v\u00e0 ng\u0103n qu\u00e1 nhi\u1ec7t, gi\u00fap k\u00e9o d\u00e0i tu\u1ed5i th\u1ecd v\u00e0 c\u1ea3i thi\u1ec7n hi\u1ec7u su\u1ea5t c\u1ee7a linh ki\u1ec7n \u0111i\u1ec7n t\u1eed.<\/p>\n<p class=\"mb-4 leading-relaxed\">\u00d4 t\u00f4 v\u00e0 giao th\u00f4ng v\u1eadn t\u1ea3i: Qu\u1ea1t th\u1ed5i s\u00f2 1100W cung c\u1ea5p kh\u00f4ng kh\u00ed l\u01b0u th\u00f4ng trong xe c\u1ed9 \u0111\u1ec3 s\u01b0\u1edfi \u1ea5m, l\u00e0m m\u00e1t v\u00e0 r\u00e3 \u0111\u00f4ng, c\u0169ng nh\u01b0 trong xe bu\u00fdt, xe l\u1eeda v\u00e0 m\u00e1y bay \u0111\u1ec3 \u0111\u1ea3m b\u1ea3o h\u1ec7 th\u1ed1ng th\u00f4ng gi\u00f3 v\u00e0 \u0111i\u1ec1u h\u00f2a kh\u00f4ng kh\u00ed cho h\u00e0nh kh\u00e1ch.<\/p>\n<h2 class=\"py-2 my-4 text-2xl font-bold border-green-500 border-y border-opacity-10\">V\u00ec sao n\u00ean ch\u1ecdn qu\u1ea1t th\u1ed5i s\u00f2 c\u00f4ng su\u1ea5t 1.1KW Vifan?<\/h2>\n<p class=\"mb-4 leading-relaxed\">Ch\u1ea5t l\u01b0\u1ee3ng h\u00e0ng \u0111\u1ea7u: S\u1ea3n ph\u1ea9m \u0111\u01b0\u1ee3c s\u1ea3n xu\u1ea5t theo quy tr\u00ecnh nghi\u00eam ng\u1eb7t, \u0111\u1ea3m b\u1ea3o hi\u1ec7u su\u1ea5t v\u00e0 tu\u1ed5i th\u1ecd l\u00e2u d\u00e0i.<\/p>\n<p class=\"mb-4 leading-relaxed\">Gi\u00e1 c\u1ea3 c\u1ea1nh tranh: Vifan lu\u00f4n mang \u0111\u1ebfn m\u1ee9c gi\u00e1 h\u1ee3p l\u00fd c\u00f9ng ch\u00ednh s\u00e1ch chi\u1ebft kh\u1ea5u h\u1ea5p d\u1eabn.<\/p>\n<p class=\"mb-4 leading-relaxed\">H\u1ed7 tr\u1ee3 t\u1eadn t\u00e2m: \u0110\u1ed9i ng\u0169 k\u1ef9 thu\u1eadt t\u01b0 v\u1ea5n chuy\u00ean s\u00e2u, h\u01b0\u1edbng d\u1eabn l\u1eafp \u0111\u1eb7t, b\u1ea3o tr\u00ec nhanh ch\u00f3ng.<\/p>\n<p class=\"mb-4 leading-relaxed\">B\u1ea3o h\u00e0nh ch\u00ednh h\u00e3ng: Th\u1eddi gian b\u1ea3o h\u00e0nh l\u00ean \u0111\u1ebfn 12 th\u00e1ng, \u0111\u1ed5i m\u1edbi nhanh ch\u00f3ng n\u1ebfu c\u00f3 l\u1ed7i t\u1eeb nh\u00e0 s\u1ea3n xu\u1ea5t.<\/p>\n<p class=\"mb-4 leading-relaxed\">H\u00e3y li\u00ean h\u1ec7 ngay v\u1edbi Vifan \u0111\u1ec3 nh\u1eadn b\u00e1o gi\u00e1 v\u00e0 t\u01b0 v\u1ea5n chi ti\u1ebft v\u1ec1 <a href=\"https:\/\/quatcongnghiepvifan.com\/quat-thoi-khi-con-so\/\" class=\"text-red-900\">qu\u1ea1t th\u1ed5i kh\u00ed con s\u00f2<\/a> .<\/p>\n<p class=\"mb-4 leading-relaxed\">Vifan \u2013 \u0110\u1ed3ng h\u00e0nh c\u00f9ng nh\u00e0 x\u01b0\u1edfng Vi\u1ec7t v\u1edbi nh\u1eefng gi\u1ea3i ph\u00e1p th\u00f4ng gi\u00f3 m\u1ea1nh m\u1ebd, an to\u00e0n v\u00e0 b\u1ec1n b\u1ec9.<\/p>\n","protected":false},"excerpt":{"rendered":"<div class=\"my-4 overflow-hidden bg-white rounded-lg shadow-xl \"><div class=\"overflow-x-auto\"><table class=\"min-w-full\" class=\"min-w-full\">\n<tbody class=\"bg-white divide-y divide-gray-100 \" class=\"bg-white divide-y divide-gray-100 \">\n<tr class=\"transition-all duration-200 ease-in-out group hover:bg-red-50 \" class=\"transition-all duration-200 ease-in-out group hover:bg-red-50 \">\n<td class=\"px-2 py-2 text-sm text-gray-700 transition-colors duration-200 group-hover:text-gray-900 \" class=\"px-2 py-2 text-sm text-gray-700 transition-colors duration-200 group-hover:text-gray-900 \"><strong class=\"font-cal-sans\">M\u00e3 s\u1ea3n ph\u1ea9m<\/strong><\/td>\n<td class=\"px-2 py-2 text-sm text-gray-700 transition-colors duration-200 group-hover:text-gray-900 \" class=\"px-2 py-2 text-sm text-gray-700 transition-colors duration-200 group-hover:text-gray-900 \">:<\/td>\n<td class=\"px-2 py-2 text-sm text-gray-700 transition-colors duration-200 group-hover:text-gray-900 \" class=\"px-2 py-2 text-sm text-gray-700 transition-colors duration-200 group-hover:text-gray-900 \">TZY1100<\/td>\n<\/tr>\n<tr class=\"transition-all duration-200 ease-in-out group hover:bg-red-50 \" class=\"transition-all duration-200 ease-in-out group hover:bg-red-50 \">\n<td class=\"px-2 py-2 text-sm text-gray-700 transition-colors duration-200 group-hover:text-gray-900 \" class=\"px-2 py-2 text-sm text-gray-700 transition-colors duration-200 group-hover:text-gray-900 \"><strong class=\"font-cal-sans\">Th\u01b0\u01a1ng hi\u1ec7u<\/strong><\/td>\n<td class=\"px-2 py-2 text-sm text-gray-700 transition-colors duration-200 group-hover:text-gray-900 \" class=\"px-2 py-2 text-sm text-gray-700 transition-colors duration-200 group-hover:text-gray-900 \">:<\/td>\n<td class=\"px-2 py-2 text-sm text-gray-700 transition-colors duration-200 group-hover:text-gray-900 \" class=\"px-2 py-2 text-sm text-gray-700 transition-colors duration-200 group-hover:text-gray-900 \">ViFan<\/td>\n<\/tr>\n<tr class=\"transition-all duration-200 ease-in-out group hover:bg-red-50 \" class=\"transition-all duration-200 ease-in-out group hover:bg-red-50 \">\n<td class=\"px-2 py-2 text-sm text-gray-700 transition-colors duration-200 group-hover:text-gray-900 \" class=\"px-2 py-2 text-sm text-gray-700 transition-colors duration-200 group-hover:text-gray-900 \"><strong class=\"font-cal-sans\">C\u00f4ng su\u1ea5t<\/strong><\/td>\n<td class=\"px-2 py-2 text-sm text-gray-700 transition-colors duration-200 group-hover:text-gray-900 \" class=\"px-2 py-2 text-sm text-gray-700 transition-colors duration-200 group-hover:text-gray-900 \">:<\/td>\n<td class=\"px-2 py-2 text-sm text-gray-700 transition-colors duration-200 group-hover:text-gray-900 \" class=\"px-2 py-2 text-sm text-gray-700 transition-colors duration-200 group-hover:text-gray-900 \">1100 W<\/td>\n<\/tr>\n<tr class=\"transition-all duration-200 ease-in-out group hover:bg-red-50 \" class=\"transition-all duration-200 ease-in-out group hover:bg-red-50 \">\n<td class=\"px-2 py-2 text-sm text-gray-700 transition-colors duration-200 group-hover:text-gray-900 \" class=\"px-2 py-2 text-sm text-gray-700 transition-colors duration-200 group-hover:text-gray-900 \"><strong class=\"font-cal-sans\">C\u1ed9t \u00c1p<\/strong><\/td>\n<td class=\"px-2 py-2 text-sm text-gray-700 transition-colors duration-200 group-hover:text-gray-900 \" class=\"px-2 py-2 text-sm text-gray-700 transition-colors duration-200 group-hover:text-gray-900 \">:<\/td>\n<td class=\"px-2 py-2 text-sm text-gray-700 transition-colors duration-200 group-hover:text-gray-900 \" class=\"px-2 py-2 text-sm text-gray-700 transition-colors duration-200 group-hover:text-gray-900 \">2100 Pa<\/td>\n<\/tr>\n<tr class=\"transition-all duration-200 ease-in-out group hover:bg-red-50 \" class=\"transition-all duration-200 ease-in-out group hover:bg-red-50 \">\n<td class=\"px-2 py-2 text-sm text-gray-700 transition-colors duration-200 group-hover:text-gray-900 \" class=\"px-2 py-2 text-sm text-gray-700 transition-colors duration-200 group-hover:text-gray-900 \"><strong class=\"font-cal-sans\">L\u01b0u l\u01b0\u1ee3ng<\/strong><\/td>\n<td class=\"px-2 py-2 text-sm text-gray-700 transition-colors duration-200 group-hover:text-gray-900 \" class=\"px-2 py-2 text-sm text-gray-700 transition-colors duration-200 group-hover:text-gray-900 \">:<\/td>\n<td class=\"px-2 py-2 text-sm text-gray-700 transition-colors duration-200 group-hover:text-gray-900 \" class=\"px-2 py-2 text-sm text-gray-700 transition-colors duration-200 group-hover:text-gray-900 \">1380 m3\/h<\/td>\n<\/tr>\n<tr class=\"transition-all duration-200 ease-in-out group hover:bg-red-50 \" class=\"transition-all duration-200 ease-in-out group hover:bg-red-50 \">\n<td class=\"px-2 py-2 text-sm text-gray-700 transition-colors duration-200 group-hover:text-gray-900 \" class=\"px-2 py-2 text-sm text-gray-700 transition-colors duration-200 group-hover:text-gray-900 \"><strong class=\"font-cal-sans\">B\u1ea3o h\u00e0nh<\/strong><\/td>\n<td class=\"px-2 py-2 text-sm text-gray-700 transition-colors duration-200 group-hover:text-gray-900 \" class=\"px-2 py-2 text-sm text-gray-700 transition-colors duration-200 group-hover:text-gray-900 \">:<\/td>\n<td class=\"px-2 py-2 text-sm text-gray-700 transition-colors duration-200 group-hover:text-gray-900 \" class=\"px-2 py-2 text-sm text-gray-700 transition-colors duration-200 group-hover:text-gray-900 \">12 th\u00e1ng<\/td>\n<\/tr>\n<tr class=\"transition-all duration-200 ease-in-out group hover:bg-red-50 \" class=\"transition-all duration-200 ease-in-out group hover:bg-red-50 \">\n<td class=\"px-2 py-2 text-sm text-gray-700 transition-colors duration-200 group-hover:text-gray-900 \" class=\"px-2 py-2 text-sm text-gray-700 transition-colors duration-200 group-hover:text-gray-900 \"><strong class=\"font-cal-sans\">Xu\u1ea5t x\u1ee9<\/strong><\/td>\n<td class=\"px-2 py-2 text-sm text-gray-700 transition-colors duration-200 group-hover:text-gray-900 \" class=\"px-2 py-2 text-sm text-gray-700 transition-colors duration-200 group-hover:text-gray-900 \">:<\/td>\n<td class=\"px-2 py-2 text-sm text-gray-700 transition-colors duration-200 group-hover:text-gray-900 \" class=\"px-2 py-2 text-sm text-gray-700 transition-colors duration-200 group-hover:text-gray-900 \">Trung Qu\u1ed1c<\/td>\n<\/tr>\n<\/tbody>\n<\/table><\/div><\/div>\n","protected":false},"featured_media":277,"template":"","meta":{"footnotes":""},"product_cat":[19],"product_tag":[],"ztteam_product_brand":[],"class_list":["post-276","product","type-product","status-publish","has-post-thumbnail","hentry","product_cat-quat-thoi-khi-con-so"],"meta_box":{"_sku":"TZY1100","_regular_price":"13885570","_sale_price":"11175190","_price":"11175190","_stock_status":"instock","_stock":"50","_manage_stock":"1","_weight":"","_length":"","_width":"","_height":"","_product_image_gallery":[{"width":150,"height":150,"file":"2026\/03\/quat-thoi-so-cong-nghiep-1100w.png","filesize":118099,"sizes":[],"image_meta":{"aperture":"0","credit":"","camera":"","caption":"","created_timestamp":"0","copyright":"","focal_length":"0","iso":"0","shutter_speed":"0","title":"","orientation":"0","keywords":[]},"ID":"277","name":"quat-thoi-so-cong-nghiep-1100w.png","path":"\/home\/dev.wptheme.store\/public_html\/s\/wpquat\/wp-content\/uploads\/2026\/03\/quat-thoi-so-cong-nghiep-1100w.png","url":"https:\/\/dev.wptheme.store\/s\/wpquat\/wp-content\/uploads\/2026\/03\/quat-thoi-so-cong-nghiep-1100w.png","full_url":"https:\/\/dev.wptheme.store\/s\/wpquat\/wp-content\/uploads\/2026\/03\/quat-thoi-so-cong-nghiep-1100w.png","title":"Qu\u1ea1t Th\u1ed5i S\u00f2 C\u00f4ng Nghi\u1ec7p 1100W","caption":"","description":"","alt":"","srcset":false}],"_featured":"0","_visibility":"visible","_virtual":"","_downloadable":"","product_type":"simple","product_attributes":[],"color_variations":[],"size_variations":[],"storage_variations":[],"material_variations":[]},"_links":{"self":[{"href":"https:\/\/dev.wptheme.store\/s\/wpquat\/wp-json\/wp\/v2\/product\/276","targetHints":{"allow":["GET"]}}],"collection":[{"href":"https:\/\/dev.wptheme.store\/s\/wpquat\/wp-json\/wp\/v2\/product"}],"about":[{"href":"https:\/\/dev.wptheme.store\/s\/wpquat\/wp-json\/wp\/v2\/types\/product"}],"version-history":[{"count":0,"href":"https:\/\/dev.wptheme.store\/s\/wpquat\/wp-json\/wp\/v2\/product\/276\/revisions"}],"wp:featuredmedia":[{"embeddable":true,"href":"https:\/\/dev.wptheme.store\/s\/wpquat\/wp-json\/wp\/v2\/media\/277"}],"wp:attachment":[{"href":"https:\/\/dev.wptheme.store\/s\/wpquat\/wp-json\/wp\/v2\/media?parent=276"}],"wp:term":[{"taxonomy":"product_cat","embeddable":true,"href":"https:\/\/dev.wptheme.store\/s\/wpquat\/wp-json\/wp\/v2\/product_cat?post=276"},{"taxonomy":"product_tag","embeddable":true,"href":"https:\/\/dev.wptheme.store\/s\/wpquat\/wp-json\/wp\/v2\/product_tag?post=276"},{"taxonomy":"ztteam_product_brand","embeddable":true,"href":"https:\/\/dev.wptheme.store\/s\/wpquat\/wp-json\/wp\/v2\/ztteam_product_brand?post=276"}],"curies":[{"name":"wp","href":"https:\/\/api.w.org\/{rel}","templated":true}]}}