{"id":282,"date":"2026-03-16T08:51:31","date_gmt":"2026-03-16T01:51:31","guid":{"rendered":"https:\/\/dev.wptheme.store\/s\/wpquat\/product\/quat-thoi-so-cong-nghiep-370w\/"},"modified":"2026-03-16T08:51:31","modified_gmt":"2026-03-16T01:51:31","slug":"quat-thoi-so-cong-nghiep-370w","status":"publish","type":"product","link":"https:\/\/dev.wptheme.store\/s\/wpquat\/product\/quat-thoi-so-cong-nghiep-370w\/","title":{"rendered":"Qu\u1ea1t Th\u1ed5i S\u00f2 C\u00f4ng Nghi\u1ec7p 370W"},"content":{"rendered":"<p class=\"mb-4 leading-relaxed\">Qu\u1ea1t th\u1ed5i s\u00f2 c\u00f4ng nghi\u1ec7p 370W c\u1ee7a th\u01b0\u01a1ng hi\u1ec7u Vifan, m\u00e3 TZY370, l\u00e0 thi\u1ebft b\u1ecb l\u00fd t\u01b0\u1edfng cho c\u00e1c nhu c\u1ea7u th\u00f4ng gi\u00f3, h\u00fat kh\u00f3i v\u00e0 c\u1ea5p kh\u00ed trong c\u00e1c m\u00f4i tr\u01b0\u1eddng c\u00f4ng nghi\u1ec7p. V\u1edbi c\u00f4ng su\u1ea5t 370W v\u00e0 l\u01b0u l\u01b0\u1ee3ng gi\u00f3 690m\u00b3\/h, qu\u1ea1t mang l\u1ea1i hi\u1ec7u qu\u1ea3 cao trong vi\u1ec7c duy tr\u00ec kh\u00f4ng gian th\u00f4ng tho\u00e1ng v\u00e0 s\u1ea1ch s\u1ebd. \u0110\u00e2y l\u00e0 s\u1ef1 l\u1ef1a ch\u1ecdn tuy\u1ec7t v\u1eddi cho c\u00e1c nh\u00e0 m\u00e1y, x\u01b0\u1edfng s\u1ea3n xu\u1ea5t, b\u1ebfp c\u00f4ng nghi\u1ec7p v\u00e0 nhi\u1ec1u \u1ee9ng d\u1ee5ng kh\u00e1c.<\/p>\n<h2 class=\"py-2 my-4 text-2xl font-bold border-green-500 border-y border-opacity-10\">Th\u00f4ng s\u1ed1 qu\u1ea1t th\u1ed5 s\u00f2 c\u00f4ng su\u1ea5t 370W<\/h2>\n<ul class=\"mb-4 space-y-1 list-none\">\n<li class=\"flex items-center gap-3 leading-relaxed text-gray-800 \"><div class=\"flex items-center justify-center w-5 h-5 bg-red-100 rounded-full shrink-0\"><svg class=\"w-3 h-3 text-red-600\" fill=\"none\" stroke=\"currentColor\" stroke- viewBox=\"0 0 24 24\"><path stroke-linecap=\"round\" stroke-linejoin=\"round\" d=\"M5 13l4 4L19 7\" \/><\/svg><\/div><div class=\"flex-1\">M\u00e3 s\u1ea3n ph\u1ea9m: TZY370<\/div><\/li>\n<li class=\"flex items-center gap-3 leading-relaxed text-gray-800 \"><div class=\"flex items-center justify-center w-5 h-5 bg-red-100 rounded-full shrink-0\"><svg class=\"w-3 h-3 text-red-600\" fill=\"none\" stroke=\"currentColor\" stroke- viewBox=\"0 0 24 24\"><path stroke-linecap=\"round\" stroke-linejoin=\"round\" d=\"M5 13l4 4L19 7\" \/><\/svg><\/div><div class=\"flex-1\">Th\u01b0\u01a1ng hi\u1ec7u: ViFan<\/div><\/li>\n<li class=\"flex items-center gap-3 leading-relaxed text-gray-800 \"><div class=\"flex items-center justify-center w-5 h-5 bg-red-100 rounded-full shrink-0\"><svg class=\"w-3 h-3 text-red-600\" fill=\"none\" stroke=\"currentColor\" stroke- viewBox=\"0 0 24 24\"><path stroke-linecap=\"round\" stroke-linejoin=\"round\" d=\"M5 13l4 4L19 7\" \/><\/svg><\/div><div class=\"flex-1\">C\u00f4ng su\u1ea5t: 370W<\/div><\/li>\n<li class=\"flex items-center gap-3 leading-relaxed text-gray-800 \"><div class=\"flex items-center justify-center w-5 h-5 bg-red-100 rounded-full shrink-0\"><svg class=\"w-3 h-3 text-red-600\" fill=\"none\" stroke=\"currentColor\" stroke- viewBox=\"0 0 24 24\"><path stroke-linecap=\"round\" stroke-linejoin=\"round\" d=\"M5 13l4 4L19 7\" \/><\/svg><\/div><div class=\"flex-1\">\u0110i\u1ec7n \u00e1p: 220V \/ 50Hz \/ 1 pha<\/div><\/li>\n<li class=\"flex items-center gap-3 leading-relaxed text-gray-800 \"><div class=\"flex items-center justify-center w-5 h-5 bg-red-100 rounded-full shrink-0\"><svg class=\"w-3 h-3 text-red-600\" fill=\"none\" stroke=\"currentColor\" stroke- viewBox=\"0 0 24 24\"><path stroke-linecap=\"round\" stroke-linejoin=\"round\" d=\"M5 13l4 4L19 7\" \/><\/svg><\/div><div class=\"flex-1\">T\u1ed1c \u0111\u1ed9 v\u00f2ng quay: 2800 v\u00f2ng\/ph\u00fat<\/div><\/li>\n<li class=\"flex items-center gap-3 leading-relaxed text-gray-800 \"><div class=\"flex items-center justify-center w-5 h-5 bg-red-100 rounded-full shrink-0\"><svg class=\"w-3 h-3 text-red-600\" fill=\"none\" stroke=\"currentColor\" stroke- viewBox=\"0 0 24 24\"><path stroke-linecap=\"round\" stroke-linejoin=\"round\" d=\"M5 13l4 4L19 7\" \/><\/svg><\/div><div class=\"flex-1\">C\u1ed9t \u00e1p: 7800 Pa<\/div><\/li>\n<li class=\"flex items-center gap-3 leading-relaxed text-gray-800 \"><div class=\"flex items-center justify-center w-5 h-5 bg-red-100 rounded-full shrink-0\"><svg class=\"w-3 h-3 text-red-600\" fill=\"none\" stroke=\"currentColor\" stroke- viewBox=\"0 0 24 24\"><path stroke-linecap=\"round\" stroke-linejoin=\"round\" d=\"M5 13l4 4L19 7\" \/><\/svg><\/div><div class=\"flex-1\">L\u01b0u l\u01b0\u1ee3ng gi\u00f3: 1400 m\u00b3\/h<\/div><\/li>\n<li class=\"flex items-center gap-3 leading-relaxed text-gray-800 \"><div class=\"flex items-center justify-center w-5 h-5 bg-red-100 rounded-full shrink-0\"><svg class=\"w-3 h-3 text-red-600\" fill=\"none\" stroke=\"currentColor\" stroke- viewBox=\"0 0 24 24\"><path stroke-linecap=\"round\" stroke-linejoin=\"round\" d=\"M5 13l4 4L19 7\" \/><\/svg><\/div><div class=\"flex-1\">Mi\u1ec7ng h\u00fat: \u00d890 mm<\/div><\/li>\n<li class=\"flex items-center gap-3 leading-relaxed text-gray-800 \"><div class=\"flex items-center justify-center w-5 h-5 bg-red-100 rounded-full shrink-0\"><svg class=\"w-3 h-3 text-red-600\" fill=\"none\" stroke=\"currentColor\" stroke- viewBox=\"0 0 24 24\"><path stroke-linecap=\"round\" stroke-linejoin=\"round\" d=\"M5 13l4 4L19 7\" \/><\/svg><\/div><div class=\"flex-1\">Mi\u1ec7ng th\u1ed5i: \u00d865 mm<\/div><\/li>\n<li class=\"flex items-center gap-3 leading-relaxed text-gray-800 \"><div class=\"flex items-center justify-center w-5 h-5 bg-red-100 rounded-full shrink-0\"><svg class=\"w-3 h-3 text-red-600\" fill=\"none\" stroke=\"currentColor\" stroke- viewBox=\"0 0 24 24\"><path stroke-linecap=\"round\" stroke-linejoin=\"round\" d=\"M5 13l4 4L19 7\" \/><\/svg><\/div><div class=\"flex-1\">C\u00e1nh qu\u1ea1t: H\u1ee3p kim nh\u00f4m \u0111\u00fac nguy\u00ean kh\u1ed1i, ch\u1ed1ng \u0103n m\u00f2n<\/div><\/li>\n<li class=\"flex items-center gap-3 leading-relaxed text-gray-800 \"><div class=\"flex items-center justify-center w-5 h-5 bg-red-100 rounded-full shrink-0\"><svg class=\"w-3 h-3 text-red-600\" fill=\"none\" stroke=\"currentColor\" stroke- viewBox=\"0 0 24 24\"><path stroke-linecap=\"round\" stroke-linejoin=\"round\" d=\"M5 13l4 4L19 7\" \/><\/svg><\/div><div class=\"flex-1\">V\u1ecf qu\u1ea1t: Th\u00e9p t\u1ea5m s\u01a1n t\u0129nh \u0111i\u1ec7n ch\u1ed1ng oxy h\u00f3a<\/div><\/li>\n<li class=\"flex items-center gap-3 leading-relaxed text-gray-800 \"><div class=\"flex items-center justify-center w-5 h-5 bg-red-100 rounded-full shrink-0\"><svg class=\"w-3 h-3 text-red-600\" fill=\"none\" stroke=\"currentColor\" stroke- viewBox=\"0 0 24 24\"><path stroke-linecap=\"round\" stroke-linejoin=\"round\" d=\"M5 13l4 4L19 7\" \/><\/svg><\/div><div class=\"flex-1\">\u0110\u1ed9ng c\u01a1: D\u00e2y \u0111\u1ed3ng 100%, ch\u1ecbu t\u1ea3i cao<\/div><\/li>\n<li class=\"flex items-center gap-3 leading-relaxed text-gray-800 \"><div class=\"flex items-center justify-center w-5 h-5 bg-red-100 rounded-full shrink-0\"><svg class=\"w-3 h-3 text-red-600\" fill=\"none\" stroke=\"currentColor\" stroke- viewBox=\"0 0 24 24\"><path stroke-linecap=\"round\" stroke-linejoin=\"round\" d=\"M5 13l4 4L19 7\" \/><\/svg><\/div><div class=\"flex-1\">Ch\u1ed1ng n\u01b0\u1edbc v\u00e0 b\u1ee5i: Chu\u1ea9n IP54<\/div><\/li>\n<li class=\"flex items-center gap-3 leading-relaxed text-gray-800 \"><div class=\"flex items-center justify-center w-5 h-5 bg-red-100 rounded-full shrink-0\"><svg class=\"w-3 h-3 text-red-600\" fill=\"none\" stroke=\"currentColor\" stroke- viewBox=\"0 0 24 24\"><path stroke-linecap=\"round\" stroke-linejoin=\"round\" d=\"M5 13l4 4L19 7\" \/><\/svg><\/div><div class=\"flex-1\">\u0110\u1ed9 \u1ed3n: D\u01b0\u1edbi 60 dB<\/div><\/li>\n<li class=\"flex items-center gap-3 leading-relaxed text-gray-800 \"><div class=\"flex items-center justify-center w-5 h-5 bg-red-100 rounded-full shrink-0\"><svg class=\"w-3 h-3 text-red-600\" fill=\"none\" stroke=\"currentColor\" stroke- viewBox=\"0 0 24 24\"><path stroke-linecap=\"round\" stroke-linejoin=\"round\" d=\"M5 13l4 4L19 7\" \/><\/svg><\/div><div class=\"flex-1\">Xu\u1ea5t x\u1ee9: Trung Qu\u1ed1c<\/div><\/li>\n<li class=\"flex items-center gap-3 leading-relaxed text-gray-800 \"><div class=\"flex items-center justify-center w-5 h-5 bg-red-100 rounded-full shrink-0\"><svg class=\"w-3 h-3 text-red-600\" fill=\"none\" stroke=\"currentColor\" stroke- viewBox=\"0 0 24 24\"><path stroke-linecap=\"round\" stroke-linejoin=\"round\" d=\"M5 13l4 4L19 7\" \/><\/svg><\/div><div class=\"flex-1\">B\u1ea3o h\u00e0nh: 12 th\u00e1ng<\/div><\/li>\n<\/ul>\n<figure class=\"my-6 text-center\"><img><figcaption>H\u00ecnh \u1ea2nh Qu\u1ea1t Th\u1ed5i Cao \u00c1p<\/figcaption><\/figure>\n<h2 class=\"py-2 my-4 text-2xl font-bold border-green-500 border-y border-opacity-10\">C\u1ea5u t\u1ea1o qu\u1ea1t th\u1ed5i s\u00f2 c\u00f4ng nghi\u1ec7p 370W<\/h2>\n<p class=\"mb-4 leading-relaxed\">Qu\u1ea1t th\u1ed5i s\u00f2 370W c\u00f3 c\u1ea5u t\u1ea1o \u0111\u01a1n gi\u1ea3n nh\u01b0ng hi\u1ec7u qu\u1ea3. C\u00e1nh qu\u1ea1t \u0111\u01b0\u1ee3c thi\u1ebft k\u1ebf d\u1ea1ng ly t\u00e2m, gi\u00fap t\u0103ng \u00e1p su\u1ea5t v\u00e0 l\u01b0u l\u01b0\u1ee3ng kh\u00ed, \u0111\u1ed3ng th\u1eddi gi\u1ea3m ti\u1ebfng \u1ed3n. Th\u00e2n qu\u1ea1t \u0111\u01b0\u1ee3c l\u00e0m t\u1eeb ch\u1ea5t li\u1ec7u b\u1ec1n ch\u1eafc, ch\u1ecbu \u0111\u01b0\u1ee3c c\u00e1c t\u00e1c \u0111\u1ed9ng t\u1eeb m\u00f4i tr\u01b0\u1eddng c\u00f4ng nghi\u1ec7p kh\u1eafc nghi\u1ec7t. \u0110\u1ed9ng c\u01a1 m\u1ea1nh m\u1ebd v\u1edbi v\u00f2ng quay l\u00ean \u0111\u1ebfn 2800V\/P, mang l\u1ea1i hi\u1ec7u su\u1ea5t cao v\u00e0 ti\u1ebft ki\u1ec7m n\u0103ng l\u01b0\u1ee3ng. C\u00e1c b\u1ed9 ph\u1eadn c\u1ee7a qu\u1ea1t c\u00f3 th\u1ec3 th\u00e1o r\u1eddi d\u1ec5 d\u00e0ng \u0111\u1ec3 b\u1ea3o d\u01b0\u1ee1ng v\u00e0 v\u1ec7 sinh.<\/p>\n<h2 class=\"py-2 my-4 text-2xl font-bold border-green-500 border-y border-opacity-10\">\u01afu \u0111i\u1ec3m v\u01b0\u1ee3t tr\u1ed9i qu\u1ea1t th\u1ed5i l\u00f2 c\u00f4ng nghi\u1ec7p 370W<\/h2>\n<p class=\"mb-4 leading-relaxed\">Hi\u1ec7u su\u1ea5t cao: Qu\u1ea1t cung c\u1ea5p l\u01b0u l\u01b0\u1ee3ng gi\u00f3 690m\u00b3\/h, gi\u00fap t\u1ed1i \u01b0u h\u00f3a qu\u00e1 tr\u00ecnh th\u00f4ng gi\u00f3 v\u00e0 h\u00fat kh\u00ed.<\/p>\n<p class=\"mb-4 leading-relaxed\">\u0110\u1ed9 \u1ed3n th\u1ea5p: V\u1edbi \u0111\u1ed9 \u1ed3n ch\u1ec9 78dB, qu\u1ea1t v\u1eadn h\u00e0nh \u00eam \u00e1i, kh\u00f4ng g\u00e2y \u1ea3nh h\u01b0\u1edfng \u0111\u1ebfn m\u00f4i tr\u01b0\u1eddng l\u00e0m vi\u1ec7c.<\/p>\n<p class=\"mb-4 leading-relaxed\">B\u1ec1n b\u1ec9 v\u00e0 ti\u1ebft ki\u1ec7m: Qu\u1ea1t th\u1ed5i s\u00f2 c\u00f4ng nghi\u1ec7p 370W \u0111\u01b0\u1ee3c trang b\u1ecb \u0111\u1ed9ng c\u01a1 m\u1ea1nh m\u1ebd, qu\u1ea1t c\u00f3 tu\u1ed5i th\u1ecd l\u00e2u d\u00e0i v\u00e0 ti\u1ebft ki\u1ec7m n\u0103ng l\u01b0\u1ee3ng.<\/p>\n<p class=\"mb-4 leading-relaxed\">\u1ee8ng d\u1ee5ng r\u1ed9ng r\u00e3i: Th\u00edch h\u1ee3p s\u1eed d\u1ee5ng cho nh\u00e0 m\u00e1y, x\u01b0\u1edfng s\u1ea3n xu\u1ea5t, h\u1ec7 th\u1ed1ng b\u1ebfp c\u00f4ng nghi\u1ec7p v\u00e0 c\u00e1c m\u00f4i tr\u01b0\u1eddng c\u1ea7n l\u01b0u th\u00f4ng kh\u00ed.<\/p>\n<p class=\"mb-4 leading-relaxed\">B\u1ea3o h\u00e0nh 1 n\u0103m: Qu\u1ea1t th\u1ed5i l\u00f2 c\u00f4ng nghi\u1ec7p 370W \u0111\u01b0\u1ee3c b\u1ea3o h\u00e0nh 1 n\u0103m tr\u00ean to\u00e0n qu\u1ed1c, gi\u00fap kh\u00e1ch h\u00e0ng y\u00ean t\u00e2m v\u1ec1 ch\u1ea5t l\u01b0\u1ee3ng s\u1ea3n ph\u1ea9m.<\/p>\n<figure class=\"my-6 text-center\"><img><figcaption>\u1ea2nh Th\u1eadt Qu\u1ea1t Th\u1ed5i S\u00f2 C\u00f4ng Nghi\u1ec7p 370W<\/figcaption><\/figure>\n<h2 class=\"py-2 my-4 text-2xl font-bold border-green-500 border-y border-opacity-10\">Vai tr\u00f2 qu\u1ea1t s\u00f2 c\u00f4ng nghi\u1ec7p 370W<\/h2>\n<p class=\"mb-4 leading-relaxed\">Qu\u1ea1t th\u1ed5i s\u00f2 c\u00f4ng nghi\u1ec7p 370W \u0111\u00f3ng vai tr\u00f2 quan tr\u1ecdng trong vi\u1ec7c cung c\u1ea5p kh\u00f4ng kh\u00ed t\u01b0\u01a1i, th\u1ed5i bay lo\u1ea1i b\u1ecf kh\u00ed n\u00f3ng v\u00e0 b\u1ee5i b\u1ea9n, \u0111\u1ed3ng th\u1eddi c\u1ea3i thi\u1ec7n m\u00f4i tr\u01b0\u1eddng l\u00e0m vi\u1ec7c. Ngo\u00e0i ra, qu\u1ea1t c\u00f2n gi\u00fap t\u0103ng c\u01b0\u1eddng qu\u00e1 tr\u00ecnh \u0111\u1ed1t ch\u00e1y, l\u00e0m m\u00e1t thi\u1ebft b\u1ecb m\u00e1y m\u00f3c v\u00e0 b\u1ea3o v\u1ec7 s\u1ee9c kh\u1ecfe ng\u01b0\u1eddi lao \u0111\u1ed9ng.<\/p>\n<h2 class=\"py-2 my-4 text-2xl font-bold border-green-500 border-y border-opacity-10\">ViFan \u2013 \u0110\u01a1n v\u1ecb chuy\u00ean cung c\u1ea5p qu\u1ea1t th\u1ed5i s\u00f2 uy t\u00edn, gi\u00e1 t\u1ed1t<\/h2>\n<p class=\"mb-4 leading-relaxed\">ViFan l\u00e0 th\u01b0\u01a1ng hi\u1ec7u \u0111\u01b0\u1ee3c nhi\u1ec1u doanh nghi\u1ec7p l\u1ef1a ch\u1ecdn nh\u1edd s\u1ea3n ph\u1ea9m ch\u1ea5t l\u01b0\u1ee3ng cao, gi\u00e1 c\u1ea1nh tranh v\u00e0 d\u1ecbch v\u1ee5 h\u1ed7 tr\u1ee3 t\u1eadn t\u00e2m. Khi mua <a href=\"https:\/\/quatcongnghiepvifan.com\/quat-thoi-khi-con-so\/\" class=\"text-red-900\">qu\u1ea1t th\u1ed5i kh\u00ed con s\u00f2<\/a>\u00a0 t\u1ea1i ViFan, kh\u00e1ch h\u00e0ng \u0111\u01b0\u1ee3c:<\/p>\n<ul class=\"mb-4 space-y-1 list-none\">\n<li class=\"flex items-center gap-3 leading-relaxed text-gray-800 \"><div class=\"flex items-center justify-center w-5 h-5 bg-red-100 rounded-full shrink-0\"><svg class=\"w-3 h-3 text-red-600\" fill=\"none\" stroke=\"currentColor\" stroke- viewBox=\"0 0 24 24\"><path stroke-linecap=\"round\" stroke-linejoin=\"round\" d=\"M5 13l4 4L19 7\" \/><\/svg><\/div><div class=\"flex-1\">T\u01b0 v\u1ea5n k\u1ef9 thu\u1eadt mi\u1ec5n ph\u00ed, ch\u1ecdn \u0111\u00fang c\u00f4ng su\u1ea5t cho nhu c\u1ea7u th\u1ef1c t\u1ebf<\/div><\/li>\n<li class=\"flex items-center gap-3 leading-relaxed text-gray-800 \"><div class=\"flex items-center justify-center w-5 h-5 bg-red-100 rounded-full shrink-0\"><svg class=\"w-3 h-3 text-red-600\" fill=\"none\" stroke=\"currentColor\" stroke- viewBox=\"0 0 24 24\"><path stroke-linecap=\"round\" stroke-linejoin=\"round\" d=\"M5 13l4 4L19 7\" \/><\/svg><\/div><div class=\"flex-1\">H\u1ed7 tr\u1ee3 v\u1eadn chuy\u1ec3n to\u00e0n qu\u1ed1c<\/div><\/li>\n<li class=\"flex items-center gap-3 leading-relaxed text-gray-800 \"><div class=\"flex items-center justify-center w-5 h-5 bg-red-100 rounded-full shrink-0\"><svg class=\"w-3 h-3 text-red-600\" fill=\"none\" stroke=\"currentColor\" stroke- viewBox=\"0 0 24 24\"><path stroke-linecap=\"round\" stroke-linejoin=\"round\" d=\"M5 13l4 4L19 7\" \/><\/svg><\/div><div class=\"flex-1\">Ch\u00ednh s\u00e1ch b\u1ea3o h\u00e0nh minh b\u1ea1ch, nhanh ch\u00f3ng<\/div><\/li>\n<li class=\"flex items-center gap-3 leading-relaxed text-gray-800 \"><div class=\"flex items-center justify-center w-5 h-5 bg-red-100 rounded-full shrink-0\"><svg class=\"w-3 h-3 text-red-600\" fill=\"none\" stroke=\"currentColor\" stroke- viewBox=\"0 0 24 24\"><path stroke-linecap=\"round\" stroke-linejoin=\"round\" d=\"M5 13l4 4L19 7\" \/><\/svg><\/div><div class=\"flex-1\">Cam k\u1ebft s\u1ea3n ph\u1ea9m m\u1edbi 100%, c\u00f3 ki\u1ec3m tra tr\u01b0\u1edbc khi giao h\u00e0ng<\/div><\/li>\n<\/ul>\n<p class=\"mb-4 leading-relaxed\">Li\u00ean h\u1ec7 ngay v\u1edbi ViFan \u0111\u1ec3 nh\u1eadn b\u00e1o gi\u00e1 \u01b0u \u0111\u00e3i v\u00e0 \u0111\u01b0\u1ee3c \u0111\u1ed9i ng\u0169 k\u1ef9 thu\u1eadt h\u1ed7 tr\u1ee3 chi ti\u1ebft.<\/p>\n","protected":false},"excerpt":{"rendered":"<div class=\"my-4 overflow-hidden bg-white rounded-lg shadow-xl \"><div class=\"overflow-x-auto\"><table class=\"min-w-full\" class=\"min-w-full\">\n<tbody class=\"bg-white divide-y divide-gray-100 \" class=\"bg-white divide-y divide-gray-100 \">\n<tr class=\"transition-all duration-200 ease-in-out group hover:bg-red-50 \" class=\"transition-all duration-200 ease-in-out group hover:bg-red-50 \">\n<td class=\"px-2 py-2 text-sm text-gray-700 transition-colors duration-200 group-hover:text-gray-900 \" class=\"px-2 py-2 text-sm text-gray-700 transition-colors duration-200 group-hover:text-gray-900 \"><strong class=\"font-cal-sans\">M\u00e3 s\u1ea3n ph\u1ea9m<\/strong><\/td>\n<td class=\"px-2 py-2 text-sm text-gray-700 transition-colors duration-200 group-hover:text-gray-900 \" class=\"px-2 py-2 text-sm text-gray-700 transition-colors duration-200 group-hover:text-gray-900 \">:<\/td>\n<td class=\"px-2 py-2 text-sm text-gray-700 transition-colors duration-200 group-hover:text-gray-900 \" class=\"px-2 py-2 text-sm text-gray-700 transition-colors duration-200 group-hover:text-gray-900 \">TZY370<\/td>\n<\/tr>\n<tr class=\"transition-all duration-200 ease-in-out group hover:bg-red-50 \" class=\"transition-all duration-200 ease-in-out group hover:bg-red-50 \">\n<td class=\"px-2 py-2 text-sm text-gray-700 transition-colors duration-200 group-hover:text-gray-900 \" class=\"px-2 py-2 text-sm text-gray-700 transition-colors duration-200 group-hover:text-gray-900 \"><strong class=\"font-cal-sans\">Th\u01b0\u01a1ng hi\u1ec7u<\/strong><\/td>\n<td class=\"px-2 py-2 text-sm text-gray-700 transition-colors duration-200 group-hover:text-gray-900 \" class=\"px-2 py-2 text-sm text-gray-700 transition-colors duration-200 group-hover:text-gray-900 \">:<\/td>\n<td class=\"px-2 py-2 text-sm text-gray-700 transition-colors duration-200 group-hover:text-gray-900 \" class=\"px-2 py-2 text-sm text-gray-700 transition-colors duration-200 group-hover:text-gray-900 \">ViFan<\/td>\n<\/tr>\n<tr class=\"transition-all duration-200 ease-in-out group hover:bg-red-50 \" class=\"transition-all duration-200 ease-in-out group hover:bg-red-50 \">\n<td class=\"px-2 py-2 text-sm text-gray-700 transition-colors duration-200 group-hover:text-gray-900 \" class=\"px-2 py-2 text-sm text-gray-700 transition-colors duration-200 group-hover:text-gray-900 \"><strong class=\"font-cal-sans\">C\u00f4ng su\u1ea5t<\/strong><\/td>\n<td class=\"px-2 py-2 text-sm text-gray-700 transition-colors duration-200 group-hover:text-gray-900 \" class=\"px-2 py-2 text-sm text-gray-700 transition-colors duration-200 group-hover:text-gray-900 \">:<\/td>\n<td class=\"px-2 py-2 text-sm text-gray-700 transition-colors duration-200 group-hover:text-gray-900 \" class=\"px-2 py-2 text-sm text-gray-700 transition-colors duration-200 group-hover:text-gray-900 \">370 W<\/td>\n<\/tr>\n<tr class=\"transition-all duration-200 ease-in-out group hover:bg-red-50 \" class=\"transition-all duration-200 ease-in-out group hover:bg-red-50 \">\n<td class=\"px-2 py-2 text-sm text-gray-700 transition-colors duration-200 group-hover:text-gray-900 \" class=\"px-2 py-2 text-sm text-gray-700 transition-colors duration-200 group-hover:text-gray-900 \"><strong class=\"font-cal-sans\">C\u1ed9t \u00c1p<\/strong><\/td>\n<td class=\"px-2 py-2 text-sm text-gray-700 transition-colors duration-200 group-hover:text-gray-900 \" class=\"px-2 py-2 text-sm text-gray-700 transition-colors duration-200 group-hover:text-gray-900 \">:<\/td>\n<td class=\"px-2 py-2 text-sm text-gray-700 transition-colors duration-200 group-hover:text-gray-900 \" class=\"px-2 py-2 text-sm text-gray-700 transition-colors duration-200 group-hover:text-gray-900 \">7800 Pa<\/td>\n<\/tr>\n<tr class=\"transition-all duration-200 ease-in-out group hover:bg-red-50 \" class=\"transition-all duration-200 ease-in-out group hover:bg-red-50 \">\n<td class=\"px-2 py-2 text-sm text-gray-700 transition-colors duration-200 group-hover:text-gray-900 \" class=\"px-2 py-2 text-sm text-gray-700 transition-colors duration-200 group-hover:text-gray-900 \"><strong class=\"font-cal-sans\">L\u01b0u l\u01b0\u1ee3ng<\/strong><\/td>\n<td class=\"px-2 py-2 text-sm text-gray-700 transition-colors duration-200 group-hover:text-gray-900 \" class=\"px-2 py-2 text-sm text-gray-700 transition-colors duration-200 group-hover:text-gray-900 \">:<\/td>\n<td class=\"px-2 py-2 text-sm text-gray-700 transition-colors duration-200 group-hover:text-gray-900 \" class=\"px-2 py-2 text-sm text-gray-700 transition-colors duration-200 group-hover:text-gray-900 \">1400 m3\/h<\/td>\n<\/tr>\n<tr class=\"transition-all duration-200 ease-in-out group hover:bg-red-50 \" class=\"transition-all duration-200 ease-in-out group hover:bg-red-50 \">\n<td class=\"px-2 py-2 text-sm text-gray-700 transition-colors duration-200 group-hover:text-gray-900 \" class=\"px-2 py-2 text-sm text-gray-700 transition-colors duration-200 group-hover:text-gray-900 \"><strong class=\"font-cal-sans\">B\u1ea3o h\u00e0nh<\/strong><\/td>\n<td class=\"px-2 py-2 text-sm text-gray-700 transition-colors duration-200 group-hover:text-gray-900 \" class=\"px-2 py-2 text-sm text-gray-700 transition-colors duration-200 group-hover:text-gray-900 \">:<\/td>\n<td class=\"px-2 py-2 text-sm text-gray-700 transition-colors duration-200 group-hover:text-gray-900 \" class=\"px-2 py-2 text-sm text-gray-700 transition-colors duration-200 group-hover:text-gray-900 \">12 th\u00e1ng<\/td>\n<\/tr>\n<tr class=\"transition-all duration-200 ease-in-out group hover:bg-red-50 \" class=\"transition-all duration-200 ease-in-out group hover:bg-red-50 \">\n<td class=\"px-2 py-2 text-sm text-gray-700 transition-colors duration-200 group-hover:text-gray-900 \" class=\"px-2 py-2 text-sm text-gray-700 transition-colors duration-200 group-hover:text-gray-900 \"><strong class=\"font-cal-sans\">Xu\u1ea5t x\u1ee9<\/strong><\/td>\n<td class=\"px-2 py-2 text-sm text-gray-700 transition-colors duration-200 group-hover:text-gray-900 \" class=\"px-2 py-2 text-sm text-gray-700 transition-colors duration-200 group-hover:text-gray-900 \">:<\/td>\n<td class=\"px-2 py-2 text-sm text-gray-700 transition-colors duration-200 group-hover:text-gray-900 \" class=\"px-2 py-2 text-sm text-gray-700 transition-colors duration-200 group-hover:text-gray-900 \">Trung Qu\u1ed1c<\/td>\n<\/tr>\n<\/tbody>\n<\/table><\/div><\/div>\n","protected":false},"featured_media":283,"template":"","meta":{"footnotes":""},"product_cat":[19],"product_tag":[],"ztteam_product_brand":[],"class_list":["post-282","product","type-product","status-publish","has-post-thumbnail","hentry","product_cat-quat-thoi-khi-con-so"],"meta_box":{"_sku":"TZY370","_regular_price":"13490058","_sale_price":"11621371","_price":"11621371","_stock_status":"instock","_stock":"50","_manage_stock":"1","_weight":"","_length":"","_width":"","_height":"","_product_image_gallery":[{"width":150,"height":150,"file":"2026\/03\/quat-thoi-so-cong-nghiep-370w.png","filesize":118099,"sizes":[],"image_meta":{"aperture":"0","credit":"","camera":"","caption":"","created_timestamp":"0","copyright":"","focal_length":"0","iso":"0","shutter_speed":"0","title":"","orientation":"0","keywords":[]},"ID":"283","name":"quat-thoi-so-cong-nghiep-370w.png","path":"\/home\/dev.wptheme.store\/public_html\/s\/wpquat\/wp-content\/uploads\/2026\/03\/quat-thoi-so-cong-nghiep-370w.png","url":"https:\/\/dev.wptheme.store\/s\/wpquat\/wp-content\/uploads\/2026\/03\/quat-thoi-so-cong-nghiep-370w.png","full_url":"https:\/\/dev.wptheme.store\/s\/wpquat\/wp-content\/uploads\/2026\/03\/quat-thoi-so-cong-nghiep-370w.png","title":"Qu\u1ea1t Th\u1ed5i S\u00f2 C\u00f4ng Nghi\u1ec7p 370W","caption":"","description":"","alt":"","srcset":false}],"_featured":"0","_visibility":"visible","_virtual":"","_downloadable":"","product_type":"simple","product_attributes":[],"color_variations":[],"size_variations":[],"storage_variations":[],"material_variations":[]},"_links":{"self":[{"href":"https:\/\/dev.wptheme.store\/s\/wpquat\/wp-json\/wp\/v2\/product\/282","targetHints":{"allow":["GET"]}}],"collection":[{"href":"https:\/\/dev.wptheme.store\/s\/wpquat\/wp-json\/wp\/v2\/product"}],"about":[{"href":"https:\/\/dev.wptheme.store\/s\/wpquat\/wp-json\/wp\/v2\/types\/product"}],"version-history":[{"count":0,"href":"https:\/\/dev.wptheme.store\/s\/wpquat\/wp-json\/wp\/v2\/product\/282\/revisions"}],"wp:featuredmedia":[{"embeddable":true,"href":"https:\/\/dev.wptheme.store\/s\/wpquat\/wp-json\/wp\/v2\/media\/283"}],"wp:attachment":[{"href":"https:\/\/dev.wptheme.store\/s\/wpquat\/wp-json\/wp\/v2\/media?parent=282"}],"wp:term":[{"taxonomy":"product_cat","embeddable":true,"href":"https:\/\/dev.wptheme.store\/s\/wpquat\/wp-json\/wp\/v2\/product_cat?post=282"},{"taxonomy":"product_tag","embeddable":true,"href":"https:\/\/dev.wptheme.store\/s\/wpquat\/wp-json\/wp\/v2\/product_tag?post=282"},{"taxonomy":"ztteam_product_brand","embeddable":true,"href":"https:\/\/dev.wptheme.store\/s\/wpquat\/wp-json\/wp\/v2\/ztteam_product_brand?post=282"}],"curies":[{"name":"wp","href":"https:\/\/api.w.org\/{rel}","templated":true}]}}