{"id":288,"date":"2026-03-16T08:51:34","date_gmt":"2026-03-16T01:51:34","guid":{"rendered":"https:\/\/dev.wptheme.store\/s\/wpquat\/product\/quat-thoi-so-nhom-15hp\/"},"modified":"2026-03-16T08:51:34","modified_gmt":"2026-03-16T01:51:34","slug":"quat-thoi-so-nhom-15hp","status":"publish","type":"product","link":"https:\/\/dev.wptheme.store\/s\/wpquat\/product\/quat-thoi-so-nhom-15hp\/","title":{"rendered":"Qu\u1ea1t Th\u1ed5i S\u00f2 Nh\u00f4m 15HP"},"content":{"rendered":"<p class=\"mb-4 leading-relaxed\">Qu\u1ea1t s\u00f2 nh\u00f4m 15HP l\u00e0 thi\u1ebft b\u1ecb chuy\u00ean d\u1ee5ng trong c\u00e1c h\u1ec7 th\u1ed1ng th\u00f4ng gi\u00f3, h\u00fat th\u1ed5i kh\u00ed c\u00f4ng nghi\u1ec7p y\u00eau c\u1ea7u \u00e1p su\u1ea5t l\u1edbn v\u00e0 l\u01b0u l\u01b0\u1ee3ng \u1ed5n \u0111\u1ecbnh. Thu\u1ed9c d\u00f2ng qu\u1ea1t cao \u00e1p d\u1ea1ng s\u00f2, qu\u1ea1t th\u1ed5i s\u00f2 nh\u00f4m 15HP th\u01b0\u01a1ng hi\u1ec7u ViFan \u0111\u01b0\u1ee3c thi\u1ebft k\u1ebf t\u1ed1i \u01b0u \u0111\u1ec3 v\u1eadn h\u00e0nh hi\u1ec7u qu\u1ea3, b\u1ec1n b\u1ec9 v\u00e0 ti\u1ebft ki\u1ec7m \u0111i\u1ec7n trong m\u00f4i tr\u01b0\u1eddng kh\u1eafc nghi\u1ec7t.<\/p>\n<h2 class=\"py-2 my-4 text-2xl font-bold border-green-500 border-y border-opacity-10\">Th\u00f4ng s\u1ed1 k\u1ef9 thu\u1eadt qu\u1ea1t th\u1ed5i s\u00f2 nh\u00f4m 15HP \u2013 ViFan<\/h2>\n<ul class=\"mb-4 space-y-1 list-none\">\n<li class=\"flex items-center gap-3 leading-relaxed text-gray-800 \"><div class=\"flex items-center justify-center w-5 h-5 bg-red-100 rounded-full shrink-0\"><svg class=\"w-3 h-3 text-red-600\" fill=\"none\" stroke=\"currentColor\" stroke- viewBox=\"0 0 24 24\"><path stroke-linecap=\"round\" stroke-linejoin=\"round\" d=\"M5 13l4 4L19 7\" \/><\/svg><\/div><div class=\"flex-1\">M\u00e3 s\u1ea3n ph\u1ea9m: QSN 15HP<\/div><\/li>\n<li class=\"flex items-center gap-3 leading-relaxed text-gray-800 \"><div class=\"flex items-center justify-center w-5 h-5 bg-red-100 rounded-full shrink-0\"><svg class=\"w-3 h-3 text-red-600\" fill=\"none\" stroke=\"currentColor\" stroke- viewBox=\"0 0 24 24\"><path stroke-linecap=\"round\" stroke-linejoin=\"round\" d=\"M5 13l4 4L19 7\" \/><\/svg><\/div><div class=\"flex-1\">C\u00f4ng su\u1ea5t motor: 15HP (~11kW)<\/div><\/li>\n<li class=\"flex items-center gap-3 leading-relaxed text-gray-800 \"><div class=\"flex items-center justify-center w-5 h-5 bg-red-100 rounded-full shrink-0\"><svg class=\"w-3 h-3 text-red-600\" fill=\"none\" stroke=\"currentColor\" stroke- viewBox=\"0 0 24 24\"><path stroke-linecap=\"round\" stroke-linejoin=\"round\" d=\"M5 13l4 4L19 7\" \/><\/svg><\/div><div class=\"flex-1\">C\u1ed9t \u00e1p: 7000 Pa<\/div><\/li>\n<li class=\"flex items-center gap-3 leading-relaxed text-gray-800 \"><div class=\"flex items-center justify-center w-5 h-5 bg-red-100 rounded-full shrink-0\"><svg class=\"w-3 h-3 text-red-600\" fill=\"none\" stroke=\"currentColor\" stroke- viewBox=\"0 0 24 24\"><path stroke-linecap=\"round\" stroke-linejoin=\"round\" d=\"M5 13l4 4L19 7\" \/><\/svg><\/div><div class=\"flex-1\">L\u01b0u l\u01b0\u1ee3ng gi\u00f3: 10.000 m\u00b3\/h<\/div><\/li>\n<li class=\"flex items-center gap-3 leading-relaxed text-gray-800 \"><div class=\"flex items-center justify-center w-5 h-5 bg-red-100 rounded-full shrink-0\"><svg class=\"w-3 h-3 text-red-600\" fill=\"none\" stroke=\"currentColor\" stroke- viewBox=\"0 0 24 24\"><path stroke-linecap=\"round\" stroke-linejoin=\"round\" d=\"M5 13l4 4L19 7\" \/><\/svg><\/div><div class=\"flex-1\">\u0110i\u1ec7n \u00e1p: 380V \u2013 3 pha \u2013 50Hz<\/div><\/li>\n<li class=\"flex items-center gap-3 leading-relaxed text-gray-800 \"><div class=\"flex items-center justify-center w-5 h-5 bg-red-100 rounded-full shrink-0\"><svg class=\"w-3 h-3 text-red-600\" fill=\"none\" stroke=\"currentColor\" stroke- viewBox=\"0 0 24 24\"><path stroke-linecap=\"round\" stroke-linejoin=\"round\" d=\"M5 13l4 4L19 7\" \/><\/svg><\/div><div class=\"flex-1\">Ch\u1ea5t li\u1ec7u v\u1ecf qu\u1ea1t &amp; c\u00e1nh qu\u1ea1t: H\u1ee3p kim nh\u00f4m \u0111\u00fac nguy\u00ean kh\u1ed1i<\/div><\/li>\n<li class=\"flex items-center gap-3 leading-relaxed text-gray-800 \"><div class=\"flex items-center justify-center w-5 h-5 bg-red-100 rounded-full shrink-0\"><svg class=\"w-3 h-3 text-red-600\" fill=\"none\" stroke=\"currentColor\" stroke- viewBox=\"0 0 24 24\"><path stroke-linecap=\"round\" stroke-linejoin=\"round\" d=\"M5 13l4 4L19 7\" \/><\/svg><\/div><div class=\"flex-1\">Thi\u1ebft k\u1ebf: D\u1ea1ng s\u00f2 \u2013 c\u00e1nh \u0111\u1ea9y ly t\u00e2m<\/div><\/li>\n<li class=\"flex items-center gap-3 leading-relaxed text-gray-800 \"><div class=\"flex items-center justify-center w-5 h-5 bg-red-100 rounded-full shrink-0\"><svg class=\"w-3 h-3 text-red-600\" fill=\"none\" stroke=\"currentColor\" stroke- viewBox=\"0 0 24 24\"><path stroke-linecap=\"round\" stroke-linejoin=\"round\" d=\"M5 13l4 4L19 7\" \/><\/svg><\/div><div class=\"flex-1\">B\u1ea3o h\u00e0nh: 12 th\u00e1ng<\/div><\/li>\n<li class=\"flex items-center gap-3 leading-relaxed text-gray-800 \"><div class=\"flex items-center justify-center w-5 h-5 bg-red-100 rounded-full shrink-0\"><svg class=\"w-3 h-3 text-red-600\" fill=\"none\" stroke=\"currentColor\" stroke- viewBox=\"0 0 24 24\"><path stroke-linecap=\"round\" stroke-linejoin=\"round\" d=\"M5 13l4 4L19 7\" \/><\/svg><\/div><div class=\"flex-1\">Xu\u1ea5t x\u1ee9: Vi\u1ec7t Nam<\/div><\/li>\n<li class=\"flex items-center gap-3 leading-relaxed text-gray-800 \"><div class=\"flex items-center justify-center w-5 h-5 bg-red-100 rounded-full shrink-0\"><svg class=\"w-3 h-3 text-red-600\" fill=\"none\" stroke=\"currentColor\" stroke- viewBox=\"0 0 24 24\"><path stroke-linecap=\"round\" stroke-linejoin=\"round\" d=\"M5 13l4 4L19 7\" \/><\/svg><\/div><div class=\"flex-1\">Th\u01b0\u01a1ng hi\u1ec7u: ViFan<\/div><\/li>\n<\/ul>\n<p class=\"mb-4 leading-relaxed\">Xem th\u00eam s\u1ea3n ph\u1ea9m:<\/p>\n<p class=\"mb-4 leading-relaxed\"><a href=\"https:\/\/quatcongnghiepvifan.com\/quat-thoi-so-nhom-10hp\/\" class=\"text-red-900\">Qu\u1ea1t th\u1ed5i s\u00f2 nh\u00f4m 10HP<\/a><\/p>\n<p class=\"mb-4 leading-relaxed\"><a href=\"https:\/\/quatcongnghiepvifan.com\/quat-thoi-so-nhom-7-5hp\/\" class=\"text-red-900\">Qu\u1ea1t th\u1ed5i s\u00f2 nh\u00f4m 7.5HP<\/a><\/p>\n<h2 class=\"py-2 my-4 text-2xl font-bold border-green-500 border-y border-opacity-10\">\u0110i\u1ec3m n\u1ed5i b\u1eadt c\u1ee7a qu\u1ea1t s\u00f2 nh\u00f4m c\u00f4ng su\u1ea5t 15HP ViFan<\/h2>\n<p class=\"mb-4 leading-relaxed\">\u00c1p l\u1ef1c m\u1ea1nh m\u1ebd: C\u1ed9t \u00e1p l\u00ean \u0111\u1ebfn 7000 Pa gi\u00fap \u0111\u1ea9y kh\u00ed qua c\u00e1c h\u1ec7 th\u1ed1ng \u1ed1ng d\u1eabn d\u00e0i, cao t\u1ea7ng ho\u1eb7c nhi\u1ec1u kh\u00fac g\u1ea5p.<\/p>\n<p class=\"mb-4 leading-relaxed\">C\u00e1nh ly t\u00e2m hi\u1ec7u su\u1ea5t cao: Cho l\u1ef1c h\u00fat v\u00e0 \u0111\u1ea9y kh\u00ed c\u1ef1c kh\u1ecfe, ho\u1ea1t \u0111\u1ed9ng \u1ed5n \u0111\u1ecbnh trong m\u00f4i tr\u01b0\u1eddng s\u1ea3n xu\u1ea5t li\u00ean t\u1ee5c.<\/p>\n<p class=\"mb-4 leading-relaxed\">Ch\u1ed1ng rung, \u00eam \u00e1i: \u0110\u1ed9ng c\u01a1 c\u00e2n b\u1eb1ng \u0111\u1ed9ng t\u1ed1t, gi\u1ea3m ti\u1ebfng \u1ed3n v\u00e0 rung l\u1eafc trong qu\u00e1 tr\u00ecnh v\u1eadn h\u00e0nh.<\/p>\n<p class=\"mb-4 leading-relaxed\">V\u1ecf v\u00e0 c\u00e1nh b\u1eb1ng h\u1ee3p kim nh\u00f4m: T\u0103ng \u0111\u1ed9 b\u1ec1n, nh\u1eb9, t\u1ea3n nhi\u1ec7t nhanh v\u00e0 ch\u1ed1ng \u0103n m\u00f2n t\u1ed1t.<\/p>\n<p class=\"mb-4 leading-relaxed\">D\u1ec5 d\u00e0ng l\u1eafp \u0111\u1eb7t: Thi\u1ebft k\u1ebf nh\u1ecf g\u1ecdn so v\u1edbi c\u00f4ng su\u1ea5t, ph\u00f9 h\u1ee3p nhi\u1ec1u v\u1ecb tr\u00ed kh\u00f4ng gian h\u1eb9p.<\/p>\n<h2 class=\"py-2 my-4 text-2xl font-bold border-green-500 border-y border-opacity-10\">\u1ee8ng d\u1ee5ng c\u1ee7a qu\u1ea1t s\u00f2 nh\u00f4m 15HP trong th\u1ef1c t\u1ebf<\/h2>\n<p class=\"mb-4 leading-relaxed\">Qu\u1ea1t th\u1ed5i s\u00f2 nh\u00f4m 15HP \u0111\u01b0\u1ee3c s\u1eed d\u1ee5ng ph\u1ed5 bi\u1ebfn trong nhi\u1ec1u ng\u00e0nh c\u00f4ng nghi\u1ec7p c\u1ea7n h\u00fat ho\u1eb7c \u0111\u1ea9y kh\u00ed m\u1ea1nh, c\u1ee5 th\u1ec3:<\/p>\n<p class=\"mb-4 leading-relaxed\">L\u00f2 h\u01a1i \u2013 L\u00f2 \u0111\u1ed1t c\u00f4ng nghi\u1ec7p: C\u1ea5p kh\u00ed \u0111\u1ed1t, \u0111\u1ea9y kh\u00f3i n\u00f3ng, \u0111\u1ea3m b\u1ea3o qu\u00e1 tr\u00ecnh \u0111\u1ed1t di\u1ec5n ra hi\u1ec7u qu\u1ea3.<\/p>\n<p class=\"mb-4 leading-relaxed\">D\u00e2y chuy\u1ec1n s\u1ea5y \u2013 S\u1ea5y n\u00f4ng s\u1ea3n, g\u1ed7, s\u01a1n, gi\u1ea5y: T\u0103ng t\u1ed1c qu\u00e1 tr\u00ecnh l\u00e0m kh\u00f4 b\u1eb1ng lu\u1ed3ng kh\u00ed n\u00f3ng l\u01b0u th\u00f4ng li\u00ean t\u1ee5c.<\/p>\n<p class=\"mb-4 leading-relaxed\">X\u01b0\u1edfng c\u01a1 kh\u00ed \u2013 nh\u00e0 m\u00e1y ch\u1ebf bi\u1ebfn: H\u00fat kh\u00f3i h\u00e0n, b\u1ee5i m\u1ecbn, h\u01a1i n\u00f3ng trong c\u00e1c khu v\u1ef1c s\u1ea3n xu\u1ea5t.<\/p>\n<p class=\"mb-4 leading-relaxed\">C\u1ea5p kh\u00ed t\u01b0\u01a1i \u2013 th\u00f4ng gi\u00f3 c\u1ee5c b\u1ed9: T\u0103ng tu\u1ea7n ho\u00e0n kh\u00f4ng kh\u00ed cho khu v\u1ef1c thi\u1ebfu gi\u00f3 nh\u01b0 t\u1ea7ng h\u1ea7m, h\u1ea7m m\u1ecf, h\u1ea7m l\u00f2.<\/p>\n<p class=\"mb-4 leading-relaxed\">H\u1ec7 th\u1ed1ng h\u00fat m\u00f9i \u2013 x\u1eed l\u00fd kh\u00ed th\u1ea3i: D\u1eabn kh\u00ed \u0111\u1ed9c, h\u01a1i dung m\u00f4i, m\u00f9i c\u00f4ng nghi\u1ec7p ra ngo\u00e0i m\u00f4i tr\u01b0\u1eddng.<\/p>\n<p class=\"mb-4 leading-relaxed\">L\u00e0m m\u00e1t thi\u1ebft b\u1ecb \u2013 m\u00e1y m\u00f3c l\u1edbn: Th\u1ed5i kh\u00ed l\u00e0m m\u00e1t l\u00f2 nung, bu\u1ed3ng \u0111\u1ed1t, \u0111\u1ed9ng c\u01a1 c\u00f4ng su\u1ea5t l\u1edbn.<\/p>\n<h2 class=\"py-2 my-4 text-2xl font-bold border-green-500 border-y border-opacity-10\">Mua qu\u1ea1t s\u00f2 nh\u00f4m c\u00f4ng su\u1ea5t 15HP t\u1ea1i ViFan<\/h2>\n<p class=\"mb-4 leading-relaxed\">Vifan l\u00e0 \u0111\u01a1n v\u1ecb ph\u00e2n ph\u1ed1i tr\u1ef1c ti\u1ebfp c\u00e1c d\u00f2ng <a href=\"https:\/\/quatcongnghiepvifan.com\/quat-thoi-khi-con-so\/\" class=\"text-red-900\">qu\u1ea1t th\u1ed5i s\u00f2 nh\u00f4m<\/a> c\u00f4ng nghi\u1ec7p c\u1ee7a th\u01b0\u01a1ng hi\u1ec7u ViFan, cam k\u1ebft:<\/p>\n<p class=\"mb-4 leading-relaxed\">H\u00e0ng ch\u00ednh h\u00e3ng \u2013 \u0111\u1ea7y \u0111\u1ee7 CO, CQ<\/p>\n<p class=\"mb-4 leading-relaxed\">Gi\u00e1 c\u1ea1nh tranh \u2013 chi\u1ebft kh\u1ea5u cao cho \u0111\u01a1n h\u00e0ng s\u1ed1 l\u01b0\u1ee3ng l\u1edbn<\/p>\n<p class=\"mb-4 leading-relaxed\">H\u1ed7 tr\u1ee3 t\u01b0 v\u1ea5n k\u1ef9 thu\u1eadt \u2013 l\u1eafp \u0111\u1eb7t to\u00e0n qu\u1ed1c<\/p>\n<p class=\"mb-4 leading-relaxed\">Ch\u00ednh s\u00e1ch b\u1ea3o h\u00e0nh 12 th\u00e1ng \u2013 \u0111\u1ed5i m\u1edbi nhanh n\u1ebfu l\u1ed7i k\u1ef9 thu\u1eadt<\/p>\n","protected":false},"excerpt":{"rendered":"<div class=\"my-4 overflow-hidden bg-white rounded-lg shadow-xl \"><div class=\"overflow-x-auto\"><table class=\"min-w-full\" class=\"min-w-full\">\n<tbody class=\"bg-white divide-y divide-gray-100 \" class=\"bg-white divide-y divide-gray-100 \">\n<tr class=\"transition-all duration-200 ease-in-out group hover:bg-red-50 \" class=\"transition-all duration-200 ease-in-out group hover:bg-red-50 \">\n<td class=\"px-2 py-2 text-sm text-gray-700 transition-colors duration-200 group-hover:text-gray-900 \" class=\"px-2 py-2 text-sm text-gray-700 transition-colors duration-200 group-hover:text-gray-900 \"><strong class=\"font-cal-sans\">M\u00e3 s\u1ea3n ph\u1ea9m<\/strong><\/td>\n<td class=\"px-2 py-2 text-sm text-gray-700 transition-colors duration-200 group-hover:text-gray-900 \" class=\"px-2 py-2 text-sm text-gray-700 transition-colors duration-200 group-hover:text-gray-900 \">:<\/td>\n<td class=\"px-2 py-2 text-sm text-gray-700 transition-colors duration-200 group-hover:text-gray-900 \" class=\"px-2 py-2 text-sm text-gray-700 transition-colors duration-200 group-hover:text-gray-900 \">QSN 15HP<\/td>\n<\/tr>\n<tr class=\"transition-all duration-200 ease-in-out group hover:bg-red-50 \" class=\"transition-all duration-200 ease-in-out group hover:bg-red-50 \">\n<td class=\"px-2 py-2 text-sm text-gray-700 transition-colors duration-200 group-hover:text-gray-900 \" class=\"px-2 py-2 text-sm text-gray-700 transition-colors duration-200 group-hover:text-gray-900 \"><strong class=\"font-cal-sans\">Th\u01b0\u01a1ng hi\u1ec7u<\/strong><\/td>\n<td class=\"px-2 py-2 text-sm text-gray-700 transition-colors duration-200 group-hover:text-gray-900 \" class=\"px-2 py-2 text-sm text-gray-700 transition-colors duration-200 group-hover:text-gray-900 \">:<\/td>\n<td class=\"px-2 py-2 text-sm text-gray-700 transition-colors duration-200 group-hover:text-gray-900 \" class=\"px-2 py-2 text-sm text-gray-700 transition-colors duration-200 group-hover:text-gray-900 \">ViFan<\/td>\n<\/tr>\n<tr class=\"transition-all duration-200 ease-in-out group hover:bg-red-50 \" class=\"transition-all duration-200 ease-in-out group hover:bg-red-50 \">\n<td class=\"px-2 py-2 text-sm text-gray-700 transition-colors duration-200 group-hover:text-gray-900 \" class=\"px-2 py-2 text-sm text-gray-700 transition-colors duration-200 group-hover:text-gray-900 \"><strong class=\"font-cal-sans\">C\u00f4ng su\u1ea5t<\/strong><\/td>\n<td class=\"px-2 py-2 text-sm text-gray-700 transition-colors duration-200 group-hover:text-gray-900 \" class=\"px-2 py-2 text-sm text-gray-700 transition-colors duration-200 group-hover:text-gray-900 \">:<\/td>\n<td class=\"px-2 py-2 text-sm text-gray-700 transition-colors duration-200 group-hover:text-gray-900 \" class=\"px-2 py-2 text-sm text-gray-700 transition-colors duration-200 group-hover:text-gray-900 \">15 HP<\/td>\n<\/tr>\n<tr class=\"transition-all duration-200 ease-in-out group hover:bg-red-50 \" class=\"transition-all duration-200 ease-in-out group hover:bg-red-50 \">\n<td class=\"px-2 py-2 text-sm text-gray-700 transition-colors duration-200 group-hover:text-gray-900 \" class=\"px-2 py-2 text-sm text-gray-700 transition-colors duration-200 group-hover:text-gray-900 \"><strong class=\"font-cal-sans\">C\u1ed9t \u00e1p<\/strong><\/td>\n<td class=\"px-2 py-2 text-sm text-gray-700 transition-colors duration-200 group-hover:text-gray-900 \" class=\"px-2 py-2 text-sm text-gray-700 transition-colors duration-200 group-hover:text-gray-900 \">:<\/td>\n<td class=\"px-2 py-2 text-sm text-gray-700 transition-colors duration-200 group-hover:text-gray-900 \" class=\"px-2 py-2 text-sm text-gray-700 transition-colors duration-200 group-hover:text-gray-900 \">7000 Pa<\/td>\n<\/tr>\n<tr class=\"transition-all duration-200 ease-in-out group hover:bg-red-50 \" class=\"transition-all duration-200 ease-in-out group hover:bg-red-50 \">\n<td class=\"px-2 py-2 text-sm text-gray-700 transition-colors duration-200 group-hover:text-gray-900 \" class=\"px-2 py-2 text-sm text-gray-700 transition-colors duration-200 group-hover:text-gray-900 \"><strong class=\"font-cal-sans\">L\u01b0u l\u01b0\u1ee3ng<\/strong><\/td>\n<td class=\"px-2 py-2 text-sm text-gray-700 transition-colors duration-200 group-hover:text-gray-900 \" class=\"px-2 py-2 text-sm text-gray-700 transition-colors duration-200 group-hover:text-gray-900 \">:<\/td>\n<td class=\"px-2 py-2 text-sm text-gray-700 transition-colors duration-200 group-hover:text-gray-900 \" class=\"px-2 py-2 text-sm text-gray-700 transition-colors duration-200 group-hover:text-gray-900 \">10000 m3\/h<\/td>\n<\/tr>\n<tr class=\"transition-all duration-200 ease-in-out group hover:bg-red-50 \" class=\"transition-all duration-200 ease-in-out group hover:bg-red-50 \">\n<td class=\"px-2 py-2 text-sm text-gray-700 transition-colors duration-200 group-hover:text-gray-900 \" class=\"px-2 py-2 text-sm text-gray-700 transition-colors duration-200 group-hover:text-gray-900 \"><strong class=\"font-cal-sans\">B\u1ea3o h\u00e0nh<\/strong><\/td>\n<td class=\"px-2 py-2 text-sm text-gray-700 transition-colors duration-200 group-hover:text-gray-900 \" class=\"px-2 py-2 text-sm text-gray-700 transition-colors duration-200 group-hover:text-gray-900 \">:<\/td>\n<td class=\"px-2 py-2 text-sm text-gray-700 transition-colors duration-200 group-hover:text-gray-900 \" class=\"px-2 py-2 text-sm text-gray-700 transition-colors duration-200 group-hover:text-gray-900 \">12 th\u00e1ng<\/td>\n<\/tr>\n<tr class=\"transition-all duration-200 ease-in-out group hover:bg-red-50 \" class=\"transition-all duration-200 ease-in-out group hover:bg-red-50 \">\n<td class=\"px-2 py-2 text-sm text-gray-700 transition-colors duration-200 group-hover:text-gray-900 \" class=\"px-2 py-2 text-sm text-gray-700 transition-colors duration-200 group-hover:text-gray-900 \"><strong class=\"font-cal-sans\">Xu\u1ea5t x\u1ee9<\/strong><\/td>\n<td class=\"px-2 py-2 text-sm text-gray-700 transition-colors duration-200 group-hover:text-gray-900 \" class=\"px-2 py-2 text-sm text-gray-700 transition-colors duration-200 group-hover:text-gray-900 \">:<\/td>\n<td class=\"px-2 py-2 text-sm text-gray-700 transition-colors duration-200 group-hover:text-gray-900 \" class=\"px-2 py-2 text-sm text-gray-700 transition-colors duration-200 group-hover:text-gray-900 \">Vi\u1ec7t Nam<\/td>\n<\/tr>\n<\/tbody>\n<\/table><\/div><\/div>\n","protected":false},"featured_media":289,"template":"","meta":{"footnotes":""},"product_cat":[19],"product_tag":[],"ztteam_product_brand":[],"class_list":["post-288","product","type-product","status-publish","has-post-thumbnail","hentry","product_cat-quat-thoi-khi-con-so"],"meta_box":{"_sku":"QSN 15HP","_regular_price":"14902764","_sale_price":"11631171","_price":"11631171","_stock_status":"instock","_stock":"50","_manage_stock":"1","_weight":"","_length":"","_width":"","_height":"","_product_image_gallery":[{"width":150,"height":150,"file":"2026\/03\/quat-thoi-so-nhom-15HP-1.png","filesize":142769,"sizes":[],"image_meta":{"aperture":"0","credit":"","camera":"","caption":"","created_timestamp":"0","copyright":"","focal_length":"0","iso":"0","shutter_speed":"0","title":"","orientation":"0","keywords":[]},"ID":"289","name":"quat-thoi-so-nhom-15HP-1.png","path":"\/home\/dev.wptheme.store\/public_html\/s\/wpquat\/wp-content\/uploads\/2026\/03\/quat-thoi-so-nhom-15HP-1.png","url":"https:\/\/dev.wptheme.store\/s\/wpquat\/wp-content\/uploads\/2026\/03\/quat-thoi-so-nhom-15HP-1.png","full_url":"https:\/\/dev.wptheme.store\/s\/wpquat\/wp-content\/uploads\/2026\/03\/quat-thoi-so-nhom-15HP-1.png","title":"Qu\u1ea1t Th\u1ed5i S\u00f2 Nh\u00f4m 15HP","caption":"","description":"","alt":"","srcset":false}],"_featured":"0","_visibility":"visible","_virtual":"","_downloadable":"","product_type":"simple","product_attributes":[],"color_variations":[],"size_variations":[],"storage_variations":[],"material_variations":[]},"_links":{"self":[{"href":"https:\/\/dev.wptheme.store\/s\/wpquat\/wp-json\/wp\/v2\/product\/288","targetHints":{"allow":["GET"]}}],"collection":[{"href":"https:\/\/dev.wptheme.store\/s\/wpquat\/wp-json\/wp\/v2\/product"}],"about":[{"href":"https:\/\/dev.wptheme.store\/s\/wpquat\/wp-json\/wp\/v2\/types\/product"}],"version-history":[{"count":0,"href":"https:\/\/dev.wptheme.store\/s\/wpquat\/wp-json\/wp\/v2\/product\/288\/revisions"}],"wp:featuredmedia":[{"embeddable":true,"href":"https:\/\/dev.wptheme.store\/s\/wpquat\/wp-json\/wp\/v2\/media\/289"}],"wp:attachment":[{"href":"https:\/\/dev.wptheme.store\/s\/wpquat\/wp-json\/wp\/v2\/media?parent=288"}],"wp:term":[{"taxonomy":"product_cat","embeddable":true,"href":"https:\/\/dev.wptheme.store\/s\/wpquat\/wp-json\/wp\/v2\/product_cat?post=288"},{"taxonomy":"product_tag","embeddable":true,"href":"https:\/\/dev.wptheme.store\/s\/wpquat\/wp-json\/wp\/v2\/product_tag?post=288"},{"taxonomy":"ztteam_product_brand","embeddable":true,"href":"https:\/\/dev.wptheme.store\/s\/wpquat\/wp-json\/wp\/v2\/ztteam_product_brand?post=288"}],"curies":[{"name":"wp","href":"https:\/\/api.w.org\/{rel}","templated":true}]}}