{"id":292,"date":"2026-03-16T08:51:37","date_gmt":"2026-03-16T01:51:37","guid":{"rendered":"https:\/\/dev.wptheme.store\/s\/wpquat\/product\/quat-thoi-so-nhom-7-5hp\/"},"modified":"2026-03-16T08:51:37","modified_gmt":"2026-03-16T01:51:37","slug":"quat-thoi-so-nhom-7-5hp","status":"publish","type":"product","link":"https:\/\/dev.wptheme.store\/s\/wpquat\/product\/quat-thoi-so-nhom-7-5hp\/","title":{"rendered":"Qu\u1ea1t Th\u1ed5i S\u00f2 Nh\u00f4m 7.5HP"},"content":{"rendered":"<p class=\"mb-4 leading-relaxed\">Qu\u1ea1t th\u1ed5i s\u00f2 nh\u00f4m 7.5HP l\u00e0 d\u00f2ng qu\u1ea1t ly t\u00e2m cao \u00e1p \u0111\u01b0\u1ee3c ViFan s\u1ea3n xu\u1ea5t chuy\u00ean d\u1ee5ng cho c\u00e1c h\u1ec7 th\u1ed1ng c\u1ea7n l\u1ef1c \u0111\u1ea9y gi\u00f3 l\u1edbn, h\u00fat kh\u00f3i, c\u1ea5p kh\u00ed n\u00f3ng ho\u1eb7c th\u00f4ng gi\u00f3 c\u1ee5c b\u1ed9. V\u1edbi thi\u1ebft k\u1ebf t\u1ed1i \u01b0u, v\u1eadt li\u1ec7u nh\u00f4m \u0111\u00fac ch\u1eafc ch\u1eafn, \u0111\u1ed9ng c\u01a1 c\u00f4ng su\u1ea5t kh\u1ecfe, qu\u1ea1t s\u00f2 nh\u00f4m 7.5HP \u0111\u00e1p \u1ee9ng t\u1ed1t nhu c\u1ea7u trong m\u00f4i tr\u01b0\u1eddng c\u00f4ng nghi\u1ec7p \u0111\u00f2i h\u1ecfi \u0111\u1ed9 b\u1ec1n v\u00e0 hi\u1ec7u su\u1ea5t cao.<\/p>\n<h2 class=\"py-2 my-4 text-2xl font-bold border-green-500 border-y border-opacity-10\">Th\u00f4ng s\u1ed1 k\u1ef9 thu\u1eadt qu\u1ea1t th\u1ed5i s\u00f2 nh\u00f4m 7.5HP ViFan<\/h2>\n<ul class=\"mb-4 space-y-1 list-none\">\n<li class=\"flex items-center gap-3 leading-relaxed text-gray-800 \"><div class=\"flex items-center justify-center w-5 h-5 bg-red-100 rounded-full shrink-0\"><svg class=\"w-3 h-3 text-red-600\" fill=\"none\" stroke=\"currentColor\" stroke- viewBox=\"0 0 24 24\"><path stroke-linecap=\"round\" stroke-linejoin=\"round\" d=\"M5 13l4 4L19 7\" \/><\/svg><\/div><div class=\"flex-1\">M\u00e3 s\u1ea3n ph\u1ea9m: QSN 7.5HP<\/div><\/li>\n<li class=\"flex items-center gap-3 leading-relaxed text-gray-800 \"><div class=\"flex items-center justify-center w-5 h-5 bg-red-100 rounded-full shrink-0\"><svg class=\"w-3 h-3 text-red-600\" fill=\"none\" stroke=\"currentColor\" stroke- viewBox=\"0 0 24 24\"><path stroke-linecap=\"round\" stroke-linejoin=\"round\" d=\"M5 13l4 4L19 7\" \/><\/svg><\/div><div class=\"flex-1\">C\u00f4ng su\u1ea5t \u0111\u1ed9ng c\u01a1: 7.5HP (~5.5kW)<\/div><\/li>\n<li class=\"flex items-center gap-3 leading-relaxed text-gray-800 \"><div class=\"flex items-center justify-center w-5 h-5 bg-red-100 rounded-full shrink-0\"><svg class=\"w-3 h-3 text-red-600\" fill=\"none\" stroke=\"currentColor\" stroke- viewBox=\"0 0 24 24\"><path stroke-linecap=\"round\" stroke-linejoin=\"round\" d=\"M5 13l4 4L19 7\" \/><\/svg><\/div><div class=\"flex-1\">L\u01b0u l\u01b0\u1ee3ng gi\u00f3: 7.300 m\u00b3\/h<\/div><\/li>\n<li class=\"flex items-center gap-3 leading-relaxed text-gray-800 \"><div class=\"flex items-center justify-center w-5 h-5 bg-red-100 rounded-full shrink-0\"><svg class=\"w-3 h-3 text-red-600\" fill=\"none\" stroke=\"currentColor\" stroke- viewBox=\"0 0 24 24\"><path stroke-linecap=\"round\" stroke-linejoin=\"round\" d=\"M5 13l4 4L19 7\" \/><\/svg><\/div><div class=\"flex-1\">C\u1ed9t \u00e1p: 4.500 Pa<\/div><\/li>\n<li class=\"flex items-center gap-3 leading-relaxed text-gray-800 \"><div class=\"flex items-center justify-center w-5 h-5 bg-red-100 rounded-full shrink-0\"><svg class=\"w-3 h-3 text-red-600\" fill=\"none\" stroke=\"currentColor\" stroke- viewBox=\"0 0 24 24\"><path stroke-linecap=\"round\" stroke-linejoin=\"round\" d=\"M5 13l4 4L19 7\" \/><\/svg><\/div><div class=\"flex-1\">\u0110i\u1ec7n \u00e1p: 380V \u2013 3 pha \u2013 50Hz<\/div><\/li>\n<li class=\"flex items-center gap-3 leading-relaxed text-gray-800 \"><div class=\"flex items-center justify-center w-5 h-5 bg-red-100 rounded-full shrink-0\"><svg class=\"w-3 h-3 text-red-600\" fill=\"none\" stroke=\"currentColor\" stroke- viewBox=\"0 0 24 24\"><path stroke-linecap=\"round\" stroke-linejoin=\"round\" d=\"M5 13l4 4L19 7\" \/><\/svg><\/div><div class=\"flex-1\">Thi\u1ebft k\u1ebf c\u00e1nh: Ly t\u00e2m c\u00e1nh th\u1eb3ng, t\u0103ng \u00e1p l\u1ef1c gi\u00f3<\/div><\/li>\n<li class=\"flex items-center gap-3 leading-relaxed text-gray-800 \"><div class=\"flex items-center justify-center w-5 h-5 bg-red-100 rounded-full shrink-0\"><svg class=\"w-3 h-3 text-red-600\" fill=\"none\" stroke=\"currentColor\" stroke- viewBox=\"0 0 24 24\"><path stroke-linecap=\"round\" stroke-linejoin=\"round\" d=\"M5 13l4 4L19 7\" \/><\/svg><\/div><div class=\"flex-1\">Ch\u1ea5t li\u1ec7u: V\u1ecf v\u00e0 c\u00e1nh l\u00e0m b\u1eb1ng h\u1ee3p kim nh\u00f4m nguy\u00ean kh\u1ed1i<\/div><\/li>\n<li class=\"flex items-center gap-3 leading-relaxed text-gray-800 \"><div class=\"flex items-center justify-center w-5 h-5 bg-red-100 rounded-full shrink-0\"><svg class=\"w-3 h-3 text-red-600\" fill=\"none\" stroke=\"currentColor\" stroke- viewBox=\"0 0 24 24\"><path stroke-linecap=\"round\" stroke-linejoin=\"round\" d=\"M5 13l4 4L19 7\" \/><\/svg><\/div><div class=\"flex-1\">Ki\u1ec3u d\u00e1ng: D\u1ea1ng s\u00f2 \u2013 ti\u1ebft ki\u1ec7m kh\u00f4ng gian, d\u1ec5 l\u1eafp \u0111\u1eb7t<\/div><\/li>\n<li class=\"flex items-center gap-3 leading-relaxed text-gray-800 \"><div class=\"flex items-center justify-center w-5 h-5 bg-red-100 rounded-full shrink-0\"><svg class=\"w-3 h-3 text-red-600\" fill=\"none\" stroke=\"currentColor\" stroke- viewBox=\"0 0 24 24\"><path stroke-linecap=\"round\" stroke-linejoin=\"round\" d=\"M5 13l4 4L19 7\" \/><\/svg><\/div><div class=\"flex-1\">B\u1ea3o h\u00e0nh: 12 th\u00e1ng<\/div><\/li>\n<li class=\"flex items-center gap-3 leading-relaxed text-gray-800 \"><div class=\"flex items-center justify-center w-5 h-5 bg-red-100 rounded-full shrink-0\"><svg class=\"w-3 h-3 text-red-600\" fill=\"none\" stroke=\"currentColor\" stroke- viewBox=\"0 0 24 24\"><path stroke-linecap=\"round\" stroke-linejoin=\"round\" d=\"M5 13l4 4L19 7\" \/><\/svg><\/div><div class=\"flex-1\">Th\u01b0\u01a1ng hi\u1ec7u: ViFan<\/div><\/li>\n<li class=\"flex items-center gap-3 leading-relaxed text-gray-800 \"><div class=\"flex items-center justify-center w-5 h-5 bg-red-100 rounded-full shrink-0\"><svg class=\"w-3 h-3 text-red-600\" fill=\"none\" stroke=\"currentColor\" stroke- viewBox=\"0 0 24 24\"><path stroke-linecap=\"round\" stroke-linejoin=\"round\" d=\"M5 13l4 4L19 7\" \/><\/svg><\/div><div class=\"flex-1\">Xu\u1ea5t x\u1ee9: Vi\u1ec7t Nam<\/div><\/li>\n<\/ul>\n<figure class=\"my-6 text-center\"><img><figcaption>H\u00ecnh \u1ea2nh Qu\u1ea1t Th\u1ed5i S\u00f2 Nh\u00f4m 7.5HP<\/figcaption><\/figure>\n<p class=\"mb-4 leading-relaxed\">Xem th\u00eam s\u1ea3n ph\u1ea9m kh\u00e1c:<\/p>\n<p class=\"mb-4 leading-relaxed\"><a href=\"https:\/\/quatcongnghiepvifan.com\/quat-thoi-so-nhom-5-5hp\/\" class=\"text-red-900\">Qu\u1ea1t th\u1ed5i s\u00f2 nh\u00f4m 5.5HP<\/a><\/p>\n<p class=\"mb-4 leading-relaxed\"><a href=\"https:\/\/quatcongnghiepvifan.com\/quat-thoi-so-nhom-3hp\/\" class=\"text-red-900\">Qu\u1ea1t th\u1ed5i s\u00f2 nh\u00f4m 3HP<\/a><\/p>\n<h2 class=\"py-2 my-4 text-2xl font-bold border-green-500 border-y border-opacity-10\">\u01afu \u0111i\u1ec3m n\u1ed5i b\u1eadt c\u1ee7a qu\u1ea1t s\u00f2 nh\u00f4m c\u00f4ng su\u1ea5t 7.5HP<\/h2>\n<p class=\"mb-4 leading-relaxed\">\u00c1p su\u1ea5t cao \u2013 l\u01b0u l\u01b0\u1ee3ng l\u1edbn: \u0110\u00e1p \u1ee9ng t\u1ed1t c\u00e1c h\u1ec7 th\u1ed1ng \u1ed1ng d\u1eabn d\u00e0i, c\u1ea7n l\u1ef1c th\u1ed5i m\u1ea1nh.<\/p>\n<p class=\"mb-4 leading-relaxed\">C\u00e1nh qu\u1ea1t h\u1ee3p kim nh\u00f4m: Nh\u1eb9, b\u1ec1n, kh\u00f4ng r\u1ec9 s\u00e9t, ch\u1ecbu \u0111\u01b0\u1ee3c nhi\u1ec7t \u0111\u1ed9 cao.<\/p>\n<p class=\"mb-4 leading-relaxed\">\u0110\u1ed9ng c\u01a1 ho\u1ea1t \u0111\u1ed9ng \u1ed5n \u0111\u1ecbnh: V\u1eadn h\u00e0nh \u00eam \u00e1i, h\u1ea1n ch\u1ebf rung l\u1eafc v\u00e0 ti\u1ebft ki\u1ec7m \u0111i\u1ec7n.<\/p>\n<p class=\"mb-4 leading-relaxed\">Thi\u1ebft k\u1ebf chuy\u00ean d\u1ee5ng cho c\u00f4ng nghi\u1ec7p: G\u1ecdn, d\u1ec5 b\u1ea3o tr\u00ec, ph\u00f9 h\u1ee3p nhi\u1ec1u lo\u1ea1i h\u00ecnh s\u1ea3n xu\u1ea5t.<\/p>\n<p class=\"mb-4 leading-relaxed\">\u0110\u1ed9 b\u1ec1n cao \u2013 b\u1ea3o h\u00e0nh ch\u00ednh h\u00e3ng: S\u1eed d\u1ee5ng l\u00e2u d\u00e0i, gi\u1ea3m thi\u1ec3u h\u1ecfng h\u00f3c trong m\u00f4i tr\u01b0\u1eddng kh\u1eafc nghi\u1ec7t.<\/p>\n<h2 class=\"py-2 my-4 text-2xl font-bold border-green-500 border-y border-opacity-10\">\u1ee8ng d\u1ee5ng c\u1ee7a qu\u1ea1t th\u1ed5i s\u00f2 nh\u00f4m 7.5HP<\/h2>\n<p class=\"mb-4 leading-relaxed\">Qu\u1ea1t s\u00f2 nh\u00f4m 7.5HP ViFan \u0111\u01b0\u1ee3c \u1ee9ng d\u1ee5ng \u0111a d\u1ea1ng trong c\u00e1c h\u1ec7 th\u1ed1ng:<\/p>\n<p class=\"mb-4 leading-relaxed\">C\u1ea5p kh\u00ed cho l\u00f2 h\u01a1i, l\u00f2 \u0111\u1ed1t \u2013 t\u0103ng hi\u1ec7u qu\u1ea3 ch\u00e1y.<\/p>\n<p class=\"mb-4 leading-relaxed\">H\u1ec7 th\u1ed1ng s\u1ea5y c\u00f4ng nghi\u1ec7p \u2013 s\u1ea5y g\u1ed7, s\u1ea5y s\u01a1n, s\u1ea5y l\u01b0\u01a1ng th\u1ef1c.<\/p>\n<p class=\"mb-4 leading-relaxed\">H\u00fat kh\u00f3i, h\u00fat kh\u00ed n\u00f3ng \u2013 trong c\u00e1c x\u01b0\u1edfng s\u1ea3n xu\u1ea5t, khu v\u1ef1c h\u00e0n c\u1eaft, gia c\u00f4ng.<\/p>\n<p class=\"mb-4 leading-relaxed\">Th\u00f4ng gi\u00f3 cho h\u1ec7 th\u1ed1ng t\u1ea7ng h\u1ea7m, bu\u1ed3ng k\u00edn \u2013 \u0111\u1ea3m b\u1ea3o kh\u00f4ng kh\u00ed l\u01b0u th\u00f4ng.<\/p>\n<p class=\"mb-4 leading-relaxed\">L\u00e0m m\u00e1t thi\u1ebft b\u1ecb c\u00f4ng nghi\u1ec7p \u2013 t\u0103ng tu\u1ed5i th\u1ecd m\u00e1y m\u00f3c.<\/p>\n<h2 class=\"py-2 my-4 text-2xl font-bold border-green-500 border-y border-opacity-10\">Mua qu\u1ea1t th\u1ed5i s\u00f2 nh\u00f4m 7.5HP ch\u00ednh h\u00e3ng ViFan t\u1ea1i Vifan<\/h2>\n<p class=\"mb-4 leading-relaxed\">Vifan chuy\u00ean ph\u00e2n ph\u1ed1i <a href=\"https:\/\/quatcongnghiepvifan.com\/quat-thoi-khi-con-so\/\" class=\"text-red-900\">qu\u1ea1t th\u1ed5i s\u00f2 c\u00f4ng nghi\u1ec7p<\/a> th\u01b0\u01a1ng hi\u1ec7u ViFan \u2013 th\u01b0\u01a1ng hi\u1ec7u uy t\u00edn t\u1ea1i Vi\u1ec7t Nam v\u1edbi:<\/p>\n<p class=\"mb-4 leading-relaxed\">H\u00e0ng ch\u00ednh h\u00e3ng \u2013 B\u1ea3o h\u00e0nh 12 th\u00e1ng<\/p>\n<p class=\"mb-4 leading-relaxed\">T\u01b0 v\u1ea5n k\u1ef9 thu\u1eadt t\u1eadn n\u01a1i, h\u1ed7 tr\u1ee3 ch\u1ecdn model ph\u00f9 h\u1ee3p<\/p>\n<p class=\"mb-4 leading-relaxed\">Giao h\u00e0ng to\u00e0n qu\u1ed1c \u2013 H\u1ed7 tr\u1ee3 l\u1eafp \u0111\u1eb7t t\u1eadn n\u01a1i<\/p>\n<p class=\"mb-4 leading-relaxed\">Gi\u00e1 c\u1ea3 c\u1ea1nh tranh \u2013 \u01afu \u0111\u00e3i t\u1ed1t cho \u0111\u01a1n h\u00e0ng s\u1ed1 l\u01b0\u1ee3ng<\/p>\n","protected":false},"excerpt":{"rendered":"<div class=\"my-4 overflow-hidden bg-white rounded-lg shadow-xl \"><div class=\"overflow-x-auto\"><table class=\"min-w-full\" class=\"min-w-full\">\n<tbody class=\"bg-white divide-y divide-gray-100 \" class=\"bg-white divide-y divide-gray-100 \">\n<tr class=\"transition-all duration-200 ease-in-out group hover:bg-red-50 \" class=\"transition-all duration-200 ease-in-out group hover:bg-red-50 \">\n<td class=\"px-2 py-2 text-sm text-gray-700 transition-colors duration-200 group-hover:text-gray-900 \" class=\"px-2 py-2 text-sm text-gray-700 transition-colors duration-200 group-hover:text-gray-900 \"><strong class=\"font-cal-sans\">M\u00e3 s\u1ea3n ph\u1ea9m<\/strong><\/td>\n<td class=\"px-2 py-2 text-sm text-gray-700 transition-colors duration-200 group-hover:text-gray-900 \" class=\"px-2 py-2 text-sm text-gray-700 transition-colors duration-200 group-hover:text-gray-900 \">:<\/td>\n<td class=\"px-2 py-2 text-sm text-gray-700 transition-colors duration-200 group-hover:text-gray-900 \" class=\"px-2 py-2 text-sm text-gray-700 transition-colors duration-200 group-hover:text-gray-900 \">QSN 7.5HP<\/td>\n<\/tr>\n<tr class=\"transition-all duration-200 ease-in-out group hover:bg-red-50 \" class=\"transition-all duration-200 ease-in-out group hover:bg-red-50 \">\n<td class=\"px-2 py-2 text-sm text-gray-700 transition-colors duration-200 group-hover:text-gray-900 \" class=\"px-2 py-2 text-sm text-gray-700 transition-colors duration-200 group-hover:text-gray-900 \"><strong class=\"font-cal-sans\">Th\u01b0\u01a1ng hi\u1ec7u<\/strong><\/td>\n<td class=\"px-2 py-2 text-sm text-gray-700 transition-colors duration-200 group-hover:text-gray-900 \" class=\"px-2 py-2 text-sm text-gray-700 transition-colors duration-200 group-hover:text-gray-900 \">:<\/td>\n<td class=\"px-2 py-2 text-sm text-gray-700 transition-colors duration-200 group-hover:text-gray-900 \" class=\"px-2 py-2 text-sm text-gray-700 transition-colors duration-200 group-hover:text-gray-900 \">ViFan<\/td>\n<\/tr>\n<tr class=\"transition-all duration-200 ease-in-out group hover:bg-red-50 \" class=\"transition-all duration-200 ease-in-out group hover:bg-red-50 \">\n<td class=\"px-2 py-2 text-sm text-gray-700 transition-colors duration-200 group-hover:text-gray-900 \" class=\"px-2 py-2 text-sm text-gray-700 transition-colors duration-200 group-hover:text-gray-900 \"><strong class=\"font-cal-sans\">C\u00f4ng su\u1ea5t<\/strong><\/td>\n<td class=\"px-2 py-2 text-sm text-gray-700 transition-colors duration-200 group-hover:text-gray-900 \" class=\"px-2 py-2 text-sm text-gray-700 transition-colors duration-200 group-hover:text-gray-900 \">:<\/td>\n<td class=\"px-2 py-2 text-sm text-gray-700 transition-colors duration-200 group-hover:text-gray-900 \" class=\"px-2 py-2 text-sm text-gray-700 transition-colors duration-200 group-hover:text-gray-900 \">7.5 HP<\/td>\n<\/tr>\n<tr class=\"transition-all duration-200 ease-in-out group hover:bg-red-50 \" class=\"transition-all duration-200 ease-in-out group hover:bg-red-50 \">\n<td class=\"px-2 py-2 text-sm text-gray-700 transition-colors duration-200 group-hover:text-gray-900 \" class=\"px-2 py-2 text-sm text-gray-700 transition-colors duration-200 group-hover:text-gray-900 \"><strong class=\"font-cal-sans\">C\u1ed9t \u00e1p<\/strong><\/td>\n<td class=\"px-2 py-2 text-sm text-gray-700 transition-colors duration-200 group-hover:text-gray-900 \" class=\"px-2 py-2 text-sm text-gray-700 transition-colors duration-200 group-hover:text-gray-900 \">:<\/td>\n<td class=\"px-2 py-2 text-sm text-gray-700 transition-colors duration-200 group-hover:text-gray-900 \" class=\"px-2 py-2 text-sm text-gray-700 transition-colors duration-200 group-hover:text-gray-900 \">4500 Pa<\/td>\n<\/tr>\n<tr class=\"transition-all duration-200 ease-in-out group hover:bg-red-50 \" class=\"transition-all duration-200 ease-in-out group hover:bg-red-50 \">\n<td class=\"px-2 py-2 text-sm text-gray-700 transition-colors duration-200 group-hover:text-gray-900 \" class=\"px-2 py-2 text-sm text-gray-700 transition-colors duration-200 group-hover:text-gray-900 \"><strong class=\"font-cal-sans\">L\u01b0u l\u01b0\u1ee3ng<\/strong><\/td>\n<td class=\"px-2 py-2 text-sm text-gray-700 transition-colors duration-200 group-hover:text-gray-900 \" class=\"px-2 py-2 text-sm text-gray-700 transition-colors duration-200 group-hover:text-gray-900 \">:<\/td>\n<td class=\"px-2 py-2 text-sm text-gray-700 transition-colors duration-200 group-hover:text-gray-900 \" class=\"px-2 py-2 text-sm text-gray-700 transition-colors duration-200 group-hover:text-gray-900 \">7300 m3\/h<\/td>\n<\/tr>\n<tr class=\"transition-all duration-200 ease-in-out group hover:bg-red-50 \" class=\"transition-all duration-200 ease-in-out group hover:bg-red-50 \">\n<td class=\"px-2 py-2 text-sm text-gray-700 transition-colors duration-200 group-hover:text-gray-900 \" class=\"px-2 py-2 text-sm text-gray-700 transition-colors duration-200 group-hover:text-gray-900 \"><strong class=\"font-cal-sans\">B\u1ea3o h\u00e0nh<\/strong><\/td>\n<td class=\"px-2 py-2 text-sm text-gray-700 transition-colors duration-200 group-hover:text-gray-900 \" class=\"px-2 py-2 text-sm text-gray-700 transition-colors duration-200 group-hover:text-gray-900 \">:<\/td>\n<td class=\"px-2 py-2 text-sm text-gray-700 transition-colors duration-200 group-hover:text-gray-900 \" class=\"px-2 py-2 text-sm text-gray-700 transition-colors duration-200 group-hover:text-gray-900 \">12 th\u00e1ng<\/td>\n<\/tr>\n<tr class=\"transition-all duration-200 ease-in-out group hover:bg-red-50 \" class=\"transition-all duration-200 ease-in-out group hover:bg-red-50 \">\n<td class=\"px-2 py-2 text-sm text-gray-700 transition-colors duration-200 group-hover:text-gray-900 \" class=\"px-2 py-2 text-sm text-gray-700 transition-colors duration-200 group-hover:text-gray-900 \"><strong class=\"font-cal-sans\">Xu\u1ea5t x\u1ee9<\/strong><\/td>\n<td class=\"px-2 py-2 text-sm text-gray-700 transition-colors duration-200 group-hover:text-gray-900 \" class=\"px-2 py-2 text-sm text-gray-700 transition-colors duration-200 group-hover:text-gray-900 \">:<\/td>\n<td class=\"px-2 py-2 text-sm text-gray-700 transition-colors duration-200 group-hover:text-gray-900 \" class=\"px-2 py-2 text-sm text-gray-700 transition-colors duration-200 group-hover:text-gray-900 \">Vi\u1ec7t Nam<\/td>\n<\/tr>\n<\/tbody>\n<\/table><\/div><\/div>\n","protected":false},"featured_media":293,"template":"","meta":{"footnotes":""},"product_cat":[19],"product_tag":[],"ztteam_product_brand":[],"class_list":["post-292","product","type-product","status-publish","has-post-thumbnail","hentry","product_cat-quat-thoi-khi-con-so"],"meta_box":{"_sku":"QSN 7.5HP","_regular_price":"12150529","_sale_price":"10266984","_price":"10266984","_stock_status":"instock","_stock":"50","_manage_stock":"1","_weight":"","_length":"","_width":"","_height":"","_product_image_gallery":[{"width":150,"height":150,"file":"2026\/03\/quat-thoi-so-nhom-7-5hp.png","filesize":142769,"sizes":[],"image_meta":{"aperture":"0","credit":"","camera":"","caption":"","created_timestamp":"0","copyright":"","focal_length":"0","iso":"0","shutter_speed":"0","title":"","orientation":"0","keywords":[]},"ID":"293","name":"quat-thoi-so-nhom-7-5hp.png","path":"\/home\/dev.wptheme.store\/public_html\/s\/wpquat\/wp-content\/uploads\/2026\/03\/quat-thoi-so-nhom-7-5hp.png","url":"https:\/\/dev.wptheme.store\/s\/wpquat\/wp-content\/uploads\/2026\/03\/quat-thoi-so-nhom-7-5hp.png","full_url":"https:\/\/dev.wptheme.store\/s\/wpquat\/wp-content\/uploads\/2026\/03\/quat-thoi-so-nhom-7-5hp.png","title":"Qu\u1ea1t Th\u1ed5i S\u00f2 Nh\u00f4m 7.5HP","caption":"","description":"","alt":"","srcset":false}],"_featured":"0","_visibility":"visible","_virtual":"","_downloadable":"","product_type":"simple","product_attributes":[],"color_variations":[],"size_variations":[],"storage_variations":[],"material_variations":[]},"_links":{"self":[{"href":"https:\/\/dev.wptheme.store\/s\/wpquat\/wp-json\/wp\/v2\/product\/292","targetHints":{"allow":["GET"]}}],"collection":[{"href":"https:\/\/dev.wptheme.store\/s\/wpquat\/wp-json\/wp\/v2\/product"}],"about":[{"href":"https:\/\/dev.wptheme.store\/s\/wpquat\/wp-json\/wp\/v2\/types\/product"}],"version-history":[{"count":0,"href":"https:\/\/dev.wptheme.store\/s\/wpquat\/wp-json\/wp\/v2\/product\/292\/revisions"}],"wp:featuredmedia":[{"embeddable":true,"href":"https:\/\/dev.wptheme.store\/s\/wpquat\/wp-json\/wp\/v2\/media\/293"}],"wp:attachment":[{"href":"https:\/\/dev.wptheme.store\/s\/wpquat\/wp-json\/wp\/v2\/media?parent=292"}],"wp:term":[{"taxonomy":"product_cat","embeddable":true,"href":"https:\/\/dev.wptheme.store\/s\/wpquat\/wp-json\/wp\/v2\/product_cat?post=292"},{"taxonomy":"product_tag","embeddable":true,"href":"https:\/\/dev.wptheme.store\/s\/wpquat\/wp-json\/wp\/v2\/product_tag?post=292"},{"taxonomy":"ztteam_product_brand","embeddable":true,"href":"https:\/\/dev.wptheme.store\/s\/wpquat\/wp-json\/wp\/v2\/ztteam_product_brand?post=292"}],"curies":[{"name":"wp","href":"https:\/\/api.w.org\/{rel}","templated":true}]}}