{"id":296,"date":"2026-03-16T08:51:41","date_gmt":"2026-03-16T01:51:41","guid":{"rendered":"https:\/\/dev.wptheme.store\/s\/wpquat\/product\/quat-thong-gio-tron-canh-500\/"},"modified":"2026-03-16T08:51:41","modified_gmt":"2026-03-16T01:51:41","slug":"quat-thong-gio-tron-canh-500","status":"publish","type":"product","link":"https:\/\/dev.wptheme.store\/s\/wpquat\/product\/quat-thong-gio-tron-canh-500\/","title":{"rendered":"Qu\u1ea1t Th\u00f4ng Gi\u00f3 Tr\u00f2n C\u00e1nh 500"},"content":{"rendered":"<p class=\"mb-4 leading-relaxed\">Qu\u1ea1t th\u00f4ng gi\u00f3 tr\u00f2n c\u00e1nh 500 l\u00e0 thi\u1ebft b\u1ecb c\u1ea7n thi\u1ebft trong vi\u1ec7c duy tr\u00ec kh\u00f4ng gian tho\u00e1ng m\u00e1t v\u00e0 trong l\u00e0nh. V\u1edbi thi\u1ebft k\u1ebf tinh t\u1ebf, qu\u1ea1t th\u00f4ng gi\u00f3 tr\u00f2n c\u00e1nh 600 m\u00e3 s\u1ea3n ph\u1ea9m TVF 500 t\u1eeb th\u01b0\u01a1ng hi\u1ec7u ViFan mang \u0111\u1ebfn s\u1ef1 k\u1ebft h\u1ee3p ho\u00e0n h\u1ea3o gi\u1eefa hi\u1ec7u su\u1ea5t v\u00e0 \u0111\u1ed9 b\u1ec1n, gi\u00fap t\u1ed1i \u01b0u h\u00f3a vi\u1ec7c l\u01b0u th\u00f4ng kh\u00f4ng kh\u00ed trong nhi\u1ec1u kh\u00f4ng gian kh\u00e1c nhau.<\/p>\n<h2 class=\"py-2 my-4 text-2xl font-bold border-green-500 border-y border-opacity-10\">\u0110\u1eb7c \u0111i\u1ec3m n\u1ed5i b\u1eadt qu\u1ea1t th\u00f4ng gi\u00f3 tr\u00f2n c\u00e1nh 500<\/h2>\n<p class=\"mb-4 leading-relaxed\">Thi\u1ebft k\u1ebf ch\u1eafc ch\u1eafn, b\u1ec1n b\u1ec9: Qu\u1ea1t th\u00f4ng gi\u00f3 tr\u00f2n c\u00e1nh 600 \u0111\u01b0\u1ee3c ch\u1ebf t\u1ea1o t\u1eeb v\u1eadt li\u1ec7u cao c\u1ea5p, c\u00e1nh qu\u1ea1t v\u00e0 th\u00e2n qu\u1ea1t \u0111\u01b0\u1ee3c s\u01a1n t\u0129nh \u0111i\u1ec7n, gi\u00fap ch\u1ed1ng \u0103n m\u00f2n v\u00e0 \u0111\u1ea3m b\u1ea3o tu\u1ed5i th\u1ecd d\u00e0i l\u00e2u. Thi\u1ebft k\u1ebf nh\u1ecf g\u1ecdn v\u1edbi k\u00edch th\u01b0\u1edbc 580x260x580mm, d\u1ec5 d\u00e0ng l\u1eafp \u0111\u1eb7t \u1edf nhi\u1ec1u v\u1ecb tr\u00ed kh\u00e1c nhau, t\u1eeb nh\u00e0 x\u01b0\u1edfng \u0111\u1ebfn c\u00e1c khu v\u1ef1c th\u01b0\u01a1ng m\u1ea1i v\u00e0 d\u00e2n d\u1ee5ng.<\/p>\n<p class=\"mb-4 leading-relaxed\">Hi\u1ec7u su\u1ea5t v\u01b0\u1ee3t tr\u1ed9i: V\u1edbi c\u00f4ng su\u1ea5t 250W, qu\u1ea1t h\u00fat tr\u00f2n c\u00f4ng nghi\u1ec7p c\u00f3 th\u1ec3 t\u1ea1o ra l\u01b0u l\u01b0\u1ee3ng gi\u00f3 l\u00ean \u0111\u1ebfn 9600 m\u00b3\/h, gi\u00fap nhanh ch\u00f3ng lu\u00e2n chuy\u1ec3n kh\u00f4ng kh\u00ed, lo\u1ea1i b\u1ecf kh\u00ed th\u1ea3i, b\u1ee5i b\u1ea9n v\u00e0 mang \u0111\u1ebfn kh\u00f4ng gian tho\u00e1ng \u0111\u00e3ng. Qu\u1ea1t ho\u1ea1t \u0111\u1ed9ng \u00eam \u00e1i, ti\u1ebft ki\u1ec7m n\u0103ng l\u01b0\u1ee3ng nh\u01b0ng v\u1eabn \u0111\u1ea3m b\u1ea3o hi\u1ec7u su\u1ea5t t\u1ed1i \u0111a.<\/p>\n<p class=\"mb-4 leading-relaxed\">\u0110\u1ed9ng c\u01a1 \u1ed5n \u0111\u1ecbnh, ti\u1ebft ki\u1ec7m n\u0103ng l\u01b0\u1ee3ng: Qu\u1ea1t th\u00f4ng gi\u00f3 tr\u00f2n c\u00e1nh 500 \u0111\u01b0\u1ee3c trang b\u1ecb \u0111\u1ed9ng c\u01a1 m\u1ea1nh m\u1ebd nh\u01b0ng ti\u1ebft ki\u1ec7m \u0111i\u1ec7n, qu\u1ea1t th\u00f4ng gi\u00f3 tr\u00f2n c\u00e1nh 600 c\u1ee7a ViFan s\u1eed d\u1ee5ng 100% l\u00f5i \u0111\u1ed3ng, gi\u00fap gi\u1ea3m thi\u1ec3u ti\u1ebfng \u1ed3n trong qu\u00e1 tr\u00ecnh ho\u1ea1t \u0111\u1ed9ng, \u0111\u1ed3ng th\u1eddi t\u0103ng c\u01b0\u1eddng tu\u1ed5i th\u1ecd s\u1ea3n ph\u1ea9m.<\/p>\n<h2 class=\"py-2 my-4 text-2xl font-bold border-green-500 border-y border-opacity-10\">Th\u00f4ng s\u1ed1 k\u1ef9 thu\u1eadt qu\u1ea1t tr\u00f2n c\u00f4ng nghi\u1ec7p D500<\/h2>\n<ul class=\"mb-4 space-y-1 list-none\">\n<li class=\"flex items-center gap-3 leading-relaxed text-gray-800 \"><div class=\"flex items-center justify-center w-5 h-5 bg-red-100 rounded-full shrink-0\"><svg class=\"w-3 h-3 text-red-600\" fill=\"none\" stroke=\"currentColor\" stroke- viewBox=\"0 0 24 24\"><path stroke-linecap=\"round\" stroke-linejoin=\"round\" d=\"M5 13l4 4L19 7\" \/><\/svg><\/div><div class=\"flex-1\">M\u00e3 s\u1ea3n ph\u1ea9m: TVF 500<\/div><\/li>\n<li class=\"flex items-center gap-3 leading-relaxed text-gray-800 \"><div class=\"flex items-center justify-center w-5 h-5 bg-red-100 rounded-full shrink-0\"><svg class=\"w-3 h-3 text-red-600\" fill=\"none\" stroke=\"currentColor\" stroke- viewBox=\"0 0 24 24\"><path stroke-linecap=\"round\" stroke-linejoin=\"round\" d=\"M5 13l4 4L19 7\" \/><\/svg><\/div><div class=\"flex-1\">Th\u01b0\u01a1ng hi\u1ec7u: ViFan<\/div><\/li>\n<li class=\"flex items-center gap-3 leading-relaxed text-gray-800 \"><div class=\"flex items-center justify-center w-5 h-5 bg-red-100 rounded-full shrink-0\"><svg class=\"w-3 h-3 text-red-600\" fill=\"none\" stroke=\"currentColor\" stroke- viewBox=\"0 0 24 24\"><path stroke-linecap=\"round\" stroke-linejoin=\"round\" d=\"M5 13l4 4L19 7\" \/><\/svg><\/div><div class=\"flex-1\">K\u00edch th\u01b0\u1edbc: 580x260x580mm<\/div><\/li>\n<li class=\"flex items-center gap-3 leading-relaxed text-gray-800 \"><div class=\"flex items-center justify-center w-5 h-5 bg-red-100 rounded-full shrink-0\"><svg class=\"w-3 h-3 text-red-600\" fill=\"none\" stroke=\"currentColor\" stroke- viewBox=\"0 0 24 24\"><path stroke-linecap=\"round\" stroke-linejoin=\"round\" d=\"M5 13l4 4L19 7\" \/><\/svg><\/div><div class=\"flex-1\">C\u00f4ng su\u1ea5t: 250W<\/div><\/li>\n<li class=\"flex items-center gap-3 leading-relaxed text-gray-800 \"><div class=\"flex items-center justify-center w-5 h-5 bg-red-100 rounded-full shrink-0\"><svg class=\"w-3 h-3 text-red-600\" fill=\"none\" stroke=\"currentColor\" stroke- viewBox=\"0 0 24 24\"><path stroke-linecap=\"round\" stroke-linejoin=\"round\" d=\"M5 13l4 4L19 7\" \/><\/svg><\/div><div class=\"flex-1\">L\u01b0u l\u01b0\u1ee3ng: 9600 m\u00b3\/h<\/div><\/li>\n<li class=\"flex items-center gap-3 leading-relaxed text-gray-800 \"><div class=\"flex items-center justify-center w-5 h-5 bg-red-100 rounded-full shrink-0\"><svg class=\"w-3 h-3 text-red-600\" fill=\"none\" stroke=\"currentColor\" stroke- viewBox=\"0 0 24 24\"><path stroke-linecap=\"round\" stroke-linejoin=\"round\" d=\"M5 13l4 4L19 7\" \/><\/svg><\/div><div class=\"flex-1\">B\u1ea3o h\u00e0nh: 12 th\u00e1ng<\/div><\/li>\n<li class=\"flex items-center gap-3 leading-relaxed text-gray-800 \"><div class=\"flex items-center justify-center w-5 h-5 bg-red-100 rounded-full shrink-0\"><svg class=\"w-3 h-3 text-red-600\" fill=\"none\" stroke=\"currentColor\" stroke- viewBox=\"0 0 24 24\"><path stroke-linecap=\"round\" stroke-linejoin=\"round\" d=\"M5 13l4 4L19 7\" \/><\/svg><\/div><div class=\"flex-1\">Xu\u1ea5t x\u1ee9: Vi\u1ec7t Nam<\/div><\/li>\n<\/ul>\n<p class=\"mb-4 leading-relaxed\">Xem th\u00eam s\u1ea3n ph\u1ea9m kh\u00e1c:<\/p>\n<p class=\"mb-4 leading-relaxed\"><a href=\"https:\/\/quatcongnghiepvifan.com\/quat-thong-gio-tron-canh-400\/\" class=\"text-red-900\">Qu\u1ea1t th\u00f4ng gi\u00f3 tr\u00f2n c\u00e1nh 400<\/a><\/p>\n<p class=\"mb-4 leading-relaxed\"><a href=\"https:\/\/quatcongnghiepvifan.com\/quat-thong-gio-tron-canh-350\/\" class=\"text-red-900\">Qu\u1ea1t th\u00f4ng gi\u00f3 tr\u00f2n c\u00e1nh 350<\/a><\/p>\n<h2 class=\"py-2 my-4 text-2xl font-bold border-green-500 border-y border-opacity-10\">\u1ee8ng d\u1ee5ng th\u1ef1cti\u1ec5n qu\u1ea1t th\u00f4ng gi\u00f3 c\u00f4ng nghi\u1ec7p tr\u00f2n phi 500<\/h2>\n<p class=\"mb-4 leading-relaxed\">L\u01b0u th\u00f4ng kh\u00f4ng kh\u00ed: Qu\u1ea1t th\u00f4ng gi\u00f3 tr\u00f2n c\u00e1nh 600 gi\u00fap lu\u00e2n chuy\u1ec3n kh\u00f4ng kh\u00ed trong c\u00e1c nh\u00e0 x\u01b0\u1edfng, qu\u00e1n \u0103n, hay khu v\u1ef1c \u0111\u00f4ng ng\u01b0\u1eddi, gi\u1ea3m thi\u1ec3u t\u00ecnh tr\u1ea1ng ng\u1ed9t ng\u1ea1t, t\u1ea1o m\u00f4i tr\u01b0\u1eddng l\u00e0m vi\u1ec7c v\u00e0 sinh ho\u1ea1t tho\u00e1ng m\u00e1t h\u01a1n.<\/p>\n<p class=\"mb-4 leading-relaxed\">H\u00fat m\u00f9i hi\u1ec7u qu\u1ea3: V\u1edbi kh\u1ea3 n\u0103ng l\u01b0u th\u00f4ng kh\u00f4ng kh\u00ed m\u1ea1nh m\u1ebd, qu\u1ea1t nhanh ch\u00f3ng lo\u1ea1i b\u1ecf m\u00f9i h\u00f4i, kh\u00f3i b\u1ee5i trong kh\u00f4ng gian b\u1ebfp, nh\u00e0 x\u01b0\u1edfng hay qu\u00e1n \u0103n, \u0111\u1ea3m b\u1ea3o m\u00f4i tr\u01b0\u1eddng s\u1ea1ch s\u1ebd v\u00e0 trong l\u00e0nh.<\/p>\n<h2 class=\"py-2 my-4 text-2xl font-bold border-green-500 border-y border-opacity-10\">L\u00fd do ch\u1ecdn qu\u1ea1t h\u00fat tr\u00f2n c\u00f4ng nghi\u1ec7p phi 500<\/h2>\n<p class=\"mb-4 leading-relaxed\">Ch\u1ea5t l\u01b0\u1ee3ng \u0111\u1ea3m b\u1ea3o: ViFan cam k\u1ebft cung c\u1ea5p c\u00e1c s\u1ea3n ph\u1ea9m <a href=\"https:\/\/quatcongnghiepvifan.com\/quat-thong-gio-cong-nghiep\/\" class=\"text-red-900\">qu\u1ea1t th\u00f4ng gi\u00f3<\/a> \u0111\u1ea1t chu\u1ea9n ch\u1ea5t l\u01b0\u1ee3ng, \u0111\u01b0\u1ee3c ki\u1ec3m \u0111\u1ecbnh k\u1ef9 l\u01b0\u1ee1ng tr\u01b0\u1edbc khi \u0111\u1ebfn tay ng\u01b0\u1eddi ti\u00eau d\u00f9ng. V\u1edbi ch\u1ee9ng t\u1eeb \u0111\u1ea7y \u0111\u1ee7 v\u00e0 ch\u00ednh s\u00e1ch b\u1ea3o h\u00e0nh 12 th\u00e1ng, kh\u00e1ch h\u00e0ng c\u00f3 th\u1ec3 ho\u00e0n to\u00e0n y\u00ean t\u00e2m khi s\u1eed d\u1ee5ng s\u1ea3n ph\u1ea9m.<\/p>\n<p class=\"mb-4 leading-relaxed\">D\u1ecbch v\u1ee5 chuy\u00ean nghi\u1ec7p: ViFan t\u1ef1 h\u00e0o v\u1edbi \u0111\u1ed9i ng\u0169 nh\u00e2n vi\u00ean t\u01b0 v\u1ea5n nhi\u1ec7t t\u00ecnh, s\u1eb5n s\u00e0ng h\u1ed7 tr\u1ee3 kh\u00e1ch h\u00e0ng l\u1ef1a ch\u1ecdn s\u1ea3n ph\u1ea9m ph\u00f9 h\u1ee3p nh\u1ea5t. C\u00e1c d\u1ecbch v\u1ee5 h\u1eadu m\u00e3i nh\u01b0 b\u1ea3o tr\u00ec, s\u1eeda ch\u1eefa lu\u00f4n s\u1eb5n s\u00e0ng \u0111\u1ec3 \u0111\u1ea3m b\u1ea3o qu\u1ea1t ho\u1ea1t \u0111\u1ed9ng t\u1ed1t nh\u1ea5t trong su\u1ed1t qu\u00e1 tr\u00ecnh s\u1eed d\u1ee5ng.<\/p>\n<p class=\"mb-4 leading-relaxed\">Gi\u00e1 c\u1ea3 c\u1ea1nh tranh: D\u00f9 \u0111\u01b0\u1ee3c s\u1ea3n xu\u1ea5t t\u1eeb c\u00e1c v\u1eadt li\u1ec7u ch\u1ea5t l\u01b0\u1ee3ng cao, qu\u1ea1t th\u00f4ng gi\u00f3 tr\u00f2n c\u00e1nh 600 c\u1ee7a ViFan lu\u00f4n c\u00f3 m\u1ee9c gi\u00e1 c\u1ea1nh tranh, ph\u00f9 h\u1ee3p v\u1edbi ng\u00e2n s\u00e1ch c\u1ee7a nhi\u1ec1u \u0111\u1ed1i t\u01b0\u1ee3ng kh\u00e1ch h\u00e0ng, mang l\u1ea1i gi\u00e1 tr\u1ecb v\u01b0\u1ee3t tr\u1ed9i.<\/p>\n","protected":false},"excerpt":{"rendered":"<div class=\"my-4 overflow-hidden bg-white rounded-lg shadow-xl \"><div class=\"overflow-x-auto\"><table class=\"min-w-full\" class=\"min-w-full\">\n<tbody class=\"bg-white divide-y divide-gray-100 \" class=\"bg-white divide-y divide-gray-100 \">\n<tr class=\"transition-all duration-200 ease-in-out group hover:bg-red-50 \" class=\"transition-all duration-200 ease-in-out group hover:bg-red-50 \">\n<td class=\"px-2 py-2 text-sm text-gray-700 transition-colors duration-200 group-hover:text-gray-900 \" class=\"px-2 py-2 text-sm text-gray-700 transition-colors duration-200 group-hover:text-gray-900 \"><strong class=\"font-cal-sans\">M\u00e3 s\u1ea3n ph\u1ea9m<\/strong><\/td>\n<td class=\"px-2 py-2 text-sm text-gray-700 transition-colors duration-200 group-hover:text-gray-900 \" class=\"px-2 py-2 text-sm text-gray-700 transition-colors duration-200 group-hover:text-gray-900 \">:<\/td>\n<td class=\"px-2 py-2 text-sm text-gray-700 transition-colors duration-200 group-hover:text-gray-900 \" class=\"px-2 py-2 text-sm text-gray-700 transition-colors duration-200 group-hover:text-gray-900 \">TVF 500<\/td>\n<\/tr>\n<tr class=\"transition-all duration-200 ease-in-out group hover:bg-red-50 \" class=\"transition-all duration-200 ease-in-out group hover:bg-red-50 \">\n<td class=\"px-2 py-2 text-sm text-gray-700 transition-colors duration-200 group-hover:text-gray-900 \" class=\"px-2 py-2 text-sm text-gray-700 transition-colors duration-200 group-hover:text-gray-900 \"><strong class=\"font-cal-sans\">Th\u01b0\u01a1ng hi\u1ec7u<\/strong><\/td>\n<td class=\"px-2 py-2 text-sm text-gray-700 transition-colors duration-200 group-hover:text-gray-900 \" class=\"px-2 py-2 text-sm text-gray-700 transition-colors duration-200 group-hover:text-gray-900 \">:<\/td>\n<td class=\"px-2 py-2 text-sm text-gray-700 transition-colors duration-200 group-hover:text-gray-900 \" class=\"px-2 py-2 text-sm text-gray-700 transition-colors duration-200 group-hover:text-gray-900 \">ViFan<\/td>\n<\/tr>\n<tr class=\"transition-all duration-200 ease-in-out group hover:bg-red-50 \" class=\"transition-all duration-200 ease-in-out group hover:bg-red-50 \">\n<td class=\"px-2 py-2 text-sm text-gray-700 transition-colors duration-200 group-hover:text-gray-900 \" class=\"px-2 py-2 text-sm text-gray-700 transition-colors duration-200 group-hover:text-gray-900 \"><strong class=\"font-cal-sans\">K\u00edch th\u01b0\u1edbc<\/strong><\/td>\n<td class=\"px-2 py-2 text-sm text-gray-700 transition-colors duration-200 group-hover:text-gray-900 \" class=\"px-2 py-2 text-sm text-gray-700 transition-colors duration-200 group-hover:text-gray-900 \">:<\/td>\n<td class=\"px-2 py-2 text-sm text-gray-700 transition-colors duration-200 group-hover:text-gray-900 \" class=\"px-2 py-2 text-sm text-gray-700 transition-colors duration-200 group-hover:text-gray-900 \">580x260x580mm<\/td>\n<\/tr>\n<tr class=\"transition-all duration-200 ease-in-out group hover:bg-red-50 \" class=\"transition-all duration-200 ease-in-out group hover:bg-red-50 \">\n<td class=\"px-2 py-2 text-sm text-gray-700 transition-colors duration-200 group-hover:text-gray-900 \" class=\"px-2 py-2 text-sm text-gray-700 transition-colors duration-200 group-hover:text-gray-900 \"><strong class=\"font-cal-sans\">C\u00f4ng su\u1ea5t<\/strong><\/td>\n<td class=\"px-2 py-2 text-sm text-gray-700 transition-colors duration-200 group-hover:text-gray-900 \" class=\"px-2 py-2 text-sm text-gray-700 transition-colors duration-200 group-hover:text-gray-900 \">:<\/td>\n<td class=\"px-2 py-2 text-sm text-gray-700 transition-colors duration-200 group-hover:text-gray-900 \" class=\"px-2 py-2 text-sm text-gray-700 transition-colors duration-200 group-hover:text-gray-900 \">250 W<\/td>\n<\/tr>\n<tr class=\"transition-all duration-200 ease-in-out group hover:bg-red-50 \" class=\"transition-all duration-200 ease-in-out group hover:bg-red-50 \">\n<td class=\"px-2 py-2 text-sm text-gray-700 transition-colors duration-200 group-hover:text-gray-900 \" class=\"px-2 py-2 text-sm text-gray-700 transition-colors duration-200 group-hover:text-gray-900 \"><strong class=\"font-cal-sans\">L\u01b0u l\u01b0\u1ee3ng<\/strong><\/td>\n<td class=\"px-2 py-2 text-sm text-gray-700 transition-colors duration-200 group-hover:text-gray-900 \" class=\"px-2 py-2 text-sm text-gray-700 transition-colors duration-200 group-hover:text-gray-900 \">:<\/td>\n<td class=\"px-2 py-2 text-sm text-gray-700 transition-colors duration-200 group-hover:text-gray-900 \" class=\"px-2 py-2 text-sm text-gray-700 transition-colors duration-200 group-hover:text-gray-900 \">9600 m3\/h<\/td>\n<\/tr>\n<tr class=\"transition-all duration-200 ease-in-out group hover:bg-red-50 \" class=\"transition-all duration-200 ease-in-out group hover:bg-red-50 \">\n<td class=\"px-2 py-2 text-sm text-gray-700 transition-colors duration-200 group-hover:text-gray-900 \" class=\"px-2 py-2 text-sm text-gray-700 transition-colors duration-200 group-hover:text-gray-900 \"><strong class=\"font-cal-sans\">B\u1ea3o h\u00e0nh<\/strong><\/td>\n<td class=\"px-2 py-2 text-sm text-gray-700 transition-colors duration-200 group-hover:text-gray-900 \" class=\"px-2 py-2 text-sm text-gray-700 transition-colors duration-200 group-hover:text-gray-900 \">:<\/td>\n<td class=\"px-2 py-2 text-sm text-gray-700 transition-colors duration-200 group-hover:text-gray-900 \" class=\"px-2 py-2 text-sm text-gray-700 transition-colors duration-200 group-hover:text-gray-900 \">12 th\u00e1ng<\/td>\n<\/tr>\n<tr class=\"transition-all duration-200 ease-in-out group hover:bg-red-50 \" class=\"transition-all duration-200 ease-in-out group hover:bg-red-50 \">\n<td class=\"px-2 py-2 text-sm text-gray-700 transition-colors duration-200 group-hover:text-gray-900 \" class=\"px-2 py-2 text-sm text-gray-700 transition-colors duration-200 group-hover:text-gray-900 \"><strong class=\"font-cal-sans\">Xu\u1ea5t x\u1ee9<\/strong><\/td>\n<td class=\"px-2 py-2 text-sm text-gray-700 transition-colors duration-200 group-hover:text-gray-900 \" class=\"px-2 py-2 text-sm text-gray-700 transition-colors duration-200 group-hover:text-gray-900 \">:<\/td>\n<td class=\"px-2 py-2 text-sm text-gray-700 transition-colors duration-200 group-hover:text-gray-900 \" class=\"px-2 py-2 text-sm text-gray-700 transition-colors duration-200 group-hover:text-gray-900 \">Vi\u1ec7t Nam<\/td>\n<\/tr>\n<\/tbody>\n<\/table><\/div><\/div>\n","protected":false},"featured_media":297,"template":"","meta":{"footnotes":""},"product_cat":[20],"product_tag":[],"ztteam_product_brand":[],"class_list":["post-296","product","type-product","status-publish","has-post-thumbnail","hentry","product_cat-quat-thong-gio-cong-nghiep"],"meta_box":{"_sku":"TVF 500","_regular_price":"13835126","_sale_price":"11029427","_price":"11029427","_stock_status":"instock","_stock":"50","_manage_stock":"1","_weight":"","_length":"","_width":"","_height":"","_product_image_gallery":[{"width":150,"height":150,"file":"2026\/03\/quat-thong-gio-tron-canh-500-1.png","filesize":96465,"sizes":[],"image_meta":{"aperture":"0","credit":"","camera":"","caption":"","created_timestamp":"0","copyright":"","focal_length":"0","iso":"0","shutter_speed":"0","title":"","orientation":"0","keywords":[]},"ID":"297","name":"quat-thong-gio-tron-canh-500-1.png","path":"\/home\/dev.wptheme.store\/public_html\/s\/wpquat\/wp-content\/uploads\/2026\/03\/quat-thong-gio-tron-canh-500-1.png","url":"https:\/\/dev.wptheme.store\/s\/wpquat\/wp-content\/uploads\/2026\/03\/quat-thong-gio-tron-canh-500-1.png","full_url":"https:\/\/dev.wptheme.store\/s\/wpquat\/wp-content\/uploads\/2026\/03\/quat-thong-gio-tron-canh-500-1.png","title":"Qu\u1ea1t Th\u00f4ng Gi\u00f3 Tr\u00f2n C\u00e1nh 500","caption":"","description":"","alt":"","srcset":false}],"_featured":"0","_visibility":"visible","_virtual":"","_downloadable":"","product_type":"simple","product_attributes":[],"color_variations":[],"size_variations":[],"storage_variations":[],"material_variations":[]},"_links":{"self":[{"href":"https:\/\/dev.wptheme.store\/s\/wpquat\/wp-json\/wp\/v2\/product\/296","targetHints":{"allow":["GET"]}}],"collection":[{"href":"https:\/\/dev.wptheme.store\/s\/wpquat\/wp-json\/wp\/v2\/product"}],"about":[{"href":"https:\/\/dev.wptheme.store\/s\/wpquat\/wp-json\/wp\/v2\/types\/product"}],"version-history":[{"count":0,"href":"https:\/\/dev.wptheme.store\/s\/wpquat\/wp-json\/wp\/v2\/product\/296\/revisions"}],"wp:featuredmedia":[{"embeddable":true,"href":"https:\/\/dev.wptheme.store\/s\/wpquat\/wp-json\/wp\/v2\/media\/297"}],"wp:attachment":[{"href":"https:\/\/dev.wptheme.store\/s\/wpquat\/wp-json\/wp\/v2\/media?parent=296"}],"wp:term":[{"taxonomy":"product_cat","embeddable":true,"href":"https:\/\/dev.wptheme.store\/s\/wpquat\/wp-json\/wp\/v2\/product_cat?post=296"},{"taxonomy":"product_tag","embeddable":true,"href":"https:\/\/dev.wptheme.store\/s\/wpquat\/wp-json\/wp\/v2\/product_tag?post=296"},{"taxonomy":"ztteam_product_brand","embeddable":true,"href":"https:\/\/dev.wptheme.store\/s\/wpquat\/wp-json\/wp\/v2\/ztteam_product_brand?post=296"}],"curies":[{"name":"wp","href":"https:\/\/api.w.org\/{rel}","templated":true}]}}