{"id":32,"date":"2026-03-16T08:48:46","date_gmt":"2026-03-16T01:48:46","guid":{"rendered":"https:\/\/dev.wptheme.store\/s\/wpquat\/product\/may-lam-mat-cong-nghiep-co-dinh-aircooler-50000\/"},"modified":"2026-03-16T08:48:46","modified_gmt":"2026-03-16T01:48:46","slug":"may-lam-mat-cong-nghiep-co-dinh-aircooler-50000","status":"publish","type":"product","link":"https:\/\/dev.wptheme.store\/s\/wpquat\/product\/may-lam-mat-cong-nghiep-co-dinh-aircooler-50000\/","title":{"rendered":"M\u00e1y L\u00e0m M\u00e1t C\u00f4ng Nghi\u1ec7p C\u1ed1 \u0110\u1ecbnh Aircooler 50000"},"content":{"rendered":"<p class=\"mb-4 leading-relaxed\">M\u00e1y L\u00e0m M\u00e1t C\u00f4ng Nghi\u1ec7p C\u1ed1 \u0110\u1ecbnh Aircooler 50000 th\u01b0\u01a1ng hi\u1ec7u Vifan l\u00e0 thi\u1ebft b\u1ecb chuy\u00ean d\u1ee5ng d\u00e0nh cho nh\u00e0 x\u01b0\u1edfng, nh\u00e0 m\u00e1y, khu c\u00f4ng nghi\u1ec7p c\u00f3 di\u1ec7n t\u00edch l\u1edbn. V\u1edbi l\u01b0u l\u01b0\u1ee3ng gi\u00f3 c\u1ef1c m\u1ea1nh l\u00ean \u0111\u1ebfn 50.000 m\u00b3\/h v\u00e0 c\u00f4ng su\u1ea5t cao 5,5kW, \u0111\u00e2y l\u00e0 d\u00f2ng m\u00e1y t\u1ed1i \u01b0u cho c\u00e1c kh\u00f4ng gian n\u00f3ng, ng\u1ed9t ng\u1ea1t, gi\u00fap h\u1ea1 nhi\u1ec7t nhanh ch\u00f3ng, t\u1ea1o m\u00f4i tr\u01b0\u1eddng l\u00e0m vi\u1ec7c tho\u1ea3i m\u00e1i, t\u0103ng hi\u1ec7u su\u1ea5t lao \u0111\u1ed9ng v\u00e0 b\u1ea3o v\u1ec7 thi\u1ebft b\u1ecb m\u00e1y m\u00f3c kh\u1ecfi qu\u00e1 nhi\u1ec7t.<\/p>\n<h2 class=\"py-2 my-4 text-2xl font-bold border-green-500 border-y border-opacity-10\">\u01afu \u0111i\u1ec3m v\u01b0\u1ee3t tr\u1ed9i c\u1ee7a m\u00e1y l\u00e0m m\u00e1t c\u00f4ng nghi\u1ec7p c\u1ed1 \u0111\u1ecbnh Aircooler 50000<\/h2>\n<p class=\"mb-4 leading-relaxed\">L\u01b0u l\u01b0\u1ee3ng gi\u00f3 l\u1edbn \u0111\u1ebfn 50.000 m\u00b3\/h: L\u00e0m m\u00e1t hi\u1ec7u qu\u1ea3 trong di\u1ec7n t\u00edch t\u1eeb 280 \u2013 340 m\u00b2.<\/p>\n<p class=\"mb-4 leading-relaxed\">C\u00f4ng su\u1ea5t 5,5kW: V\u1eadn h\u00e0nh m\u1ea1nh m\u1ebd, b\u1ec1n b\u1ec9 v\u00e0 li\u00ean t\u1ee5c trong m\u00f4i tr\u01b0\u1eddng kh\u1eafc nghi\u1ec7t.<\/p>\n<p class=\"mb-4 leading-relaxed\">Ti\u1ebft ki\u1ec7m \u0111i\u1ec7n n\u0103ng: So v\u1edbi h\u1ec7 th\u1ed1ng \u0111i\u1ec1u h\u00f2a truy\u1ec1n th\u1ed1ng, m\u00e1y l\u00e0m m\u00e1t air cooler c\u1ee7a Vifan gi\u00fap gi\u1ea3m t\u1eeb 70 \u2013 80% chi ph\u00ed \u0111i\u1ec7n n\u0103ng.<\/p>\n<p class=\"mb-4 leading-relaxed\">V\u1eadn h\u00e0nh \u0111\u01a1n gi\u1ea3n \u2013 b\u1ea3o tr\u00ec d\u1ec5 d\u00e0ng: C\u00e1c linh ki\u1ec7n d\u1ec5 th\u00e1o l\u1eafp, v\u1ec7 sinh thu\u1eadn ti\u1ec7n, chi ph\u00ed b\u1ea3o tr\u00ec th\u1ea5p.<\/p>\n<p class=\"mb-4 leading-relaxed\">Th\u00e2n thi\u1ec7n v\u1edbi m\u00f4i tr\u01b0\u1eddng: Kh\u00f4ng d\u00f9ng kh\u00ed gas \u0111\u1ed9c h\u1ea1i, s\u1eed d\u1ee5ng c\u00f4ng ngh\u1ec7 l\u00e0m m\u00e1t b\u1eb1ng bay h\u01a1i n\u01b0\u1edbc t\u1ef1 nhi\u00ean.<\/p>\n<p class=\"mb-4 leading-relaxed\">\u0110\u1ed9 b\u1ec1n cao: Th\u00e2n m\u00e1y b\u1eb1ng nh\u1ef1a PP nguy\u00ean ch\u1ea5t ch\u1ed1ng tia UV, \u0111\u1ed9ng c\u01a1 qu\u1ea5n l\u00f5i \u0111\u1ed3ng ch\u1ea5t l\u01b0\u1ee3ng cao.<\/p>\n<h2 class=\"py-2 my-4 text-2xl font-bold border-green-500 border-y border-opacity-10\">\u1ee8ng d\u1ee5ng <span>m\u00e1y l\u00e0m m\u00e1t air cooler<\/span>\u00a0linh ho\u1ea1t trong m\u1ecdi m\u00f4i tr\u01b0\u1eddng s\u1ea3n xu\u1ea5t<\/h2>\n<p class=\"mb-4 leading-relaxed\">M\u00e1y l\u00e0m m\u00e1t c\u00f4ng nghi\u1ec7p nh\u00e0 x\u01b0\u1edfng 50000 Vifan c\u00f3 th\u1ec3 l\u1eafp \u0111\u1eb7t c\u1ed1 \u0111\u1ecbnh ho\u1eb7c theo h\u1ec7 th\u1ed1ng l\u00e0m m\u00e1t c\u00f4ng nghi\u1ec7p l\u1edbn. S\u1ea3n ph\u1ea9m l\u00fd t\u01b0\u1edfng cho:<\/p>\n<p class=\"mb-4 leading-relaxed\">X\u01b0\u1edfng may, x\u01b0\u1edfng c\u01a1 kh\u00ed, ch\u1ebf bi\u1ebfn g\u1ed7, th\u1ef1c ph\u1ea9m, \u0111i\u1ec7n t\u1eed.<\/p>\n<p class=\"mb-4 leading-relaxed\">Nh\u00e0 x\u01b0\u1edfng m\u00e1i t\u00f4n, kho h\u00e0ng, b\u00e3i xe, trung t\u00e2m logistics.<\/p>\n<p class=\"mb-4 leading-relaxed\">Khu v\u1ef1c n\u00f4ng nghi\u1ec7p, nh\u00e0 k\u00ednh, ch\u0103n nu\u00f4i quy m\u00f4 l\u1edbn.<\/p>\n<p class=\"mb-4 leading-relaxed\">C\u00e1c kh\u00f4ng gian \u0111\u00f4ng ng\u01b0\u1eddi nh\u01b0 si\u00eau th\u1ecb, nh\u00e0 h\u00e0ng, tr\u01b0\u1eddng h\u1ecdc, trung t\u00e2m h\u1ed9i ngh\u1ecb.<\/p>\n<p class=\"mb-4 leading-relaxed\">&nbsp;<\/p>\n<figure class=\"my-6 text-center\"><img><figcaption>\u1ea2nh Th\u1ef1c T\u1ebf M\u00e1y L\u00e0m M\u00e1t C\u00f4ng Nghi\u1ec7p C\u1ed1 \u0110\u1ecbnh Aircooler 50000<\/figcaption><\/figure>\n<h2 class=\"py-2 my-4 text-2xl font-bold border-green-500 border-y border-opacity-10\">Th\u00f4ng s\u1ed1 k\u1ef9 thu\u1eadt <span>m\u00e1y l\u00e0m m\u00e1t c\u00f4ng nghi\u1ec7p air cooler 50000 m3\/h<\/span><\/h2>\n<ul class=\"mb-4 space-y-1 list-none\">\n<li class=\"flex items-center gap-3 leading-relaxed text-gray-800 \"><div class=\"flex items-center justify-center w-5 h-5 bg-red-100 rounded-full shrink-0\"><svg class=\"w-3 h-3 text-red-600\" fill=\"none\" stroke=\"currentColor\" stroke- viewBox=\"0 0 24 24\"><path stroke-linecap=\"round\" stroke-linejoin=\"round\" d=\"M5 13l4 4L19 7\" \/><\/svg><\/div><div class=\"flex-1\">Model: VF50000<\/div><\/li>\n<li class=\"flex items-center gap-3 leading-relaxed text-gray-800 \"><div class=\"flex items-center justify-center w-5 h-5 bg-red-100 rounded-full shrink-0\"><svg class=\"w-3 h-3 text-red-600\" fill=\"none\" stroke=\"currentColor\" stroke- viewBox=\"0 0 24 24\"><path stroke-linecap=\"round\" stroke-linejoin=\"round\" d=\"M5 13l4 4L19 7\" \/><\/svg><\/div><div class=\"flex-1\">L\u01b0u l\u01b0\u1ee3ng gi\u00f3 50.000 m\u00b3\/h<\/div><\/li>\n<li class=\"flex items-center gap-3 leading-relaxed text-gray-800 \"><div class=\"flex items-center justify-center w-5 h-5 bg-red-100 rounded-full shrink-0\"><svg class=\"w-3 h-3 text-red-600\" fill=\"none\" stroke=\"currentColor\" stroke- viewBox=\"0 0 24 24\"><path stroke-linecap=\"round\" stroke-linejoin=\"round\" d=\"M5 13l4 4L19 7\" \/><\/svg><\/div><div class=\"flex-1\">C\u00f4ng su\u1ea5t 5,5 kW<\/div><\/li>\n<li class=\"flex items-center gap-3 leading-relaxed text-gray-800 \"><div class=\"flex items-center justify-center w-5 h-5 bg-red-100 rounded-full shrink-0\"><svg class=\"w-3 h-3 text-red-600\" fill=\"none\" stroke=\"currentColor\" stroke- viewBox=\"0 0 24 24\"><path stroke-linecap=\"round\" stroke-linejoin=\"round\" d=\"M5 13l4 4L19 7\" \/><\/svg><\/div><div class=\"flex-1\">\u0110i\u1ec7n \u00e1p 380V \/ 50Hz<\/div><\/li>\n<li class=\"flex items-center gap-3 leading-relaxed text-gray-800 \"><div class=\"flex items-center justify-center w-5 h-5 bg-red-100 rounded-full shrink-0\"><svg class=\"w-3 h-3 text-red-600\" fill=\"none\" stroke=\"currentColor\" stroke- viewBox=\"0 0 24 24\"><path stroke-linecap=\"round\" stroke-linejoin=\"round\" d=\"M5 13l4 4L19 7\" \/><\/svg><\/div><div class=\"flex-1\">K\u00edch th\u01b0\u1edbc m\u00e1y 1500 x 1500 x 1450 mm<\/div><\/li>\n<li class=\"flex items-center gap-3 leading-relaxed text-gray-800 \"><div class=\"flex items-center justify-center w-5 h-5 bg-red-100 rounded-full shrink-0\"><svg class=\"w-3 h-3 text-red-600\" fill=\"none\" stroke=\"currentColor\" stroke- viewBox=\"0 0 24 24\"><path stroke-linecap=\"round\" stroke-linejoin=\"round\" d=\"M5 13l4 4L19 7\" \/><\/svg><\/div><div class=\"flex-1\">K\u00edch th\u01b0\u1edbc mi\u1ec7ng gi\u00f3 900 x 900 mm<\/div><\/li>\n<li class=\"flex items-center gap-3 leading-relaxed text-gray-800 \"><div class=\"flex items-center justify-center w-5 h-5 bg-red-100 rounded-full shrink-0\"><svg class=\"w-3 h-3 text-red-600\" fill=\"none\" stroke=\"currentColor\" stroke- viewBox=\"0 0 24 24\"><path stroke-linecap=\"round\" stroke-linejoin=\"round\" d=\"M5 13l4 4L19 7\" \/><\/svg><\/div><div class=\"flex-1\">\u0110\u1ed9 \u1ed3n \u226478 dB(A)<\/div><\/li>\n<li class=\"flex items-center gap-3 leading-relaxed text-gray-800 \"><div class=\"flex items-center justify-center w-5 h-5 bg-red-100 rounded-full shrink-0\"><svg class=\"w-3 h-3 text-red-600\" fill=\"none\" stroke=\"currentColor\" stroke- viewBox=\"0 0 24 24\"><path stroke-linecap=\"round\" stroke-linejoin=\"round\" d=\"M5 13l4 4L19 7\" \/><\/svg><\/div><div class=\"flex-1\">L\u01b0\u1ee3ng n\u01b0\u1edbc ti\u00eau hao 30 \u2013 50 l\u00edt\/gi\u1edd<\/div><\/li>\n<li class=\"flex items-center gap-3 leading-relaxed text-gray-800 \"><div class=\"flex items-center justify-center w-5 h-5 bg-red-100 rounded-full shrink-0\"><svg class=\"w-3 h-3 text-red-600\" fill=\"none\" stroke=\"currentColor\" stroke- viewBox=\"0 0 24 24\"><path stroke-linecap=\"round\" stroke-linejoin=\"round\" d=\"M5 13l4 4L19 7\" \/><\/svg><\/div><div class=\"flex-1\">Tr\u1ecdng l\u01b0\u1ee3ng 120 kg<\/div><\/li>\n<li class=\"flex items-center gap-3 leading-relaxed text-gray-800 \"><div class=\"flex items-center justify-center w-5 h-5 bg-red-100 rounded-full shrink-0\"><svg class=\"w-3 h-3 text-red-600\" fill=\"none\" stroke=\"currentColor\" stroke- viewBox=\"0 0 24 24\"><path stroke-linecap=\"round\" stroke-linejoin=\"round\" d=\"M5 13l4 4L19 7\" \/><\/svg><\/div><div class=\"flex-1\">Di\u1ec7n t\u00edch l\u00e0m m\u00e1t 280 \u2013 340 m\u00b2<\/div><\/li>\n<li class=\"flex items-center gap-3 leading-relaxed text-gray-800 \"><div class=\"flex items-center justify-center w-5 h-5 bg-red-100 rounded-full shrink-0\"><svg class=\"w-3 h-3 text-red-600\" fill=\"none\" stroke=\"currentColor\" stroke- viewBox=\"0 0 24 24\"><path stroke-linecap=\"round\" stroke-linejoin=\"round\" d=\"M5 13l4 4L19 7\" \/><\/svg><\/div><div class=\"flex-1\">Ch\u1ea5t li\u1ec7u v\u1ecf m\u00e1y Nh\u1ef1a PP nguy\u00ean ch\u1ea5t ch\u1ed1ng UV<\/div><\/li>\n<li class=\"flex items-center gap-3 leading-relaxed text-gray-800 \"><div class=\"flex items-center justify-center w-5 h-5 bg-red-100 rounded-full shrink-0\"><svg class=\"w-3 h-3 text-red-600\" fill=\"none\" stroke=\"currentColor\" stroke- viewBox=\"0 0 24 24\"><path stroke-linecap=\"round\" stroke-linejoin=\"round\" d=\"M5 13l4 4L19 7\" \/><\/svg><\/div><div class=\"flex-1\">B\u1ea3o h\u00e0nh 12 th\u00e1ng<\/div><\/li>\n<\/ul>\n<h2 class=\"py-2 my-4 text-2xl font-bold border-green-500 border-y border-opacity-10\">Gi\u00e1 m\u00e1y l\u00e0m m\u00e1t c\u00f4ng nghi\u1ec7p Vifan bao nhi\u00eau? C\u00f3 \u0111\u00e1ng \u0111\u1ea7u t\u01b0 kh\u00f4ng?<\/h2>\n<p class=\"mb-4 leading-relaxed\">Gi\u00e1 m\u00e1y l\u00e0m m\u00e1t c\u00f4ng nghi\u1ec7p 50000 Vifan c\u00f4ng su\u1ea5t 5,5kW hi\u1ec7n dao \u0111\u1ed9ng t\u1eeb 22.500.000\u0111 \u0111\u1ebfn 25.000.000\u0111, t\u00f9y theo c\u1ea5u h\u00ecnh, ph\u1ee5 ki\u1ec7n v\u00e0 t\u00ednh n\u0103ng. \u0110\u00e2y l\u00e0 m\u1ee9c gi\u00e1 v\u00f4 c\u00f9ng h\u1ee3p l\u00fd cho m\u1ed9t h\u1ec7 th\u1ed1ng l\u00e0m m\u00e1t c\u00f4ng nghi\u1ec7p ch\u1ea5t l\u01b0\u1ee3ng cao, gi\u00fap doanh nghi\u1ec7p ti\u1ebft ki\u1ec7m chi ph\u00ed v\u1eadn h\u00e0nh d\u00e0i h\u1ea1n v\u00e0 \u0111\u1ea3m b\u1ea3o m\u00f4i tr\u01b0\u1eddng l\u00e0m vi\u1ec7c t\u1ed1i \u01b0u.<\/p>\n<h2 class=\"py-2 my-4 text-2xl font-bold border-green-500 border-y border-opacity-10\">T\u1ea1i sao n\u00ean ch\u1ecdn m\u00e1y l\u00e0m m\u00e1t air cooler Vifan cho nh\u00e0 x\u01b0\u1edfng c\u1ee7a b\u1ea1n?<\/h2>\n<p class=\"mb-4 leading-relaxed\">B\u1ea1n \u0111ang t\u00ecm ki\u1ebfm m\u1ed9t thi\u1ebft b\u1ecb <a href=\"https:\/\/quatcongnghiepvifan.com\/may-lam-mat-cong-nghiep\/\" class=\"text-red-900\">m\u00e1y l\u00e0m m\u00e1t c\u00f4ng nghi\u1ec7p nh\u00e0 x\u01b0\u1edfng<\/a> m\u1ea1nh m\u1ebd, ti\u1ebft ki\u1ec7m \u0111i\u1ec7n v\u00e0 \u0111\u1ed9 b\u1ec1n cao? M\u00e1y L\u00e0m M\u00e1t C\u00f4ng Nghi\u1ec7p C\u1ed1 \u0110\u1ecbnh Aircooler 50000 th\u01b0\u01a1ng hi\u1ec7u Vifan ch\u00ednh l\u00e0 l\u1ef1a ch\u1ecdn \u0111\u00e1ng \u0111\u1ea7u t\u01b0 cho nh\u00e0 x\u01b0\u1edfng, x\u00ed nghi\u1ec7p, kho h\u00e0ng ho\u1eb7c khu s\u1ea3n xu\u1ea5t quy m\u00f4 l\u1edbn. Ch\u00fang t\u00f4i cam k\u1ebft:<\/p>\n<p class=\"mb-4 leading-relaxed\">S\u1ea3n ph\u1ea9m ch\u00ednh h\u00e3ng, \u0111\u1ea7y \u0111\u1ee7 CO, CQ<\/p>\n<p class=\"mb-4 leading-relaxed\">Giao h\u00e0ng v\u00e0 l\u1eafp \u0111\u1eb7t nhanh ch\u00f3ng<\/p>\n<p class=\"mb-4 leading-relaxed\">T\u01b0 v\u1ea5n gi\u1ea3i ph\u00e1p ph\u00f9 h\u1ee3p nh\u1ea5t v\u1edbi chi ph\u00ed t\u1ed1i \u01b0u<\/p>\n<p class=\"mb-4 leading-relaxed\">\u01afu \u0111\u00e3i h\u1ea5p d\u1eabn cho kh\u00e1ch h\u00e0ng mua s\u1ed1 l\u01b0\u1ee3ng l\u1edbn<\/p>\n<p class=\"mb-4 leading-relaxed\">Li\u00ean h\u1ec7 ngay h\u00f4m nay \u0111\u1ec3 \u0111\u01b0\u1ee3c t\u01b0 v\u1ea5n chi ti\u1ebft v\u00e0 nh\u1eadn b\u00e1o gi\u00e1 t\u1ed1t nh\u1ea5t th\u1ecb tr\u01b0\u1eddng!<\/p>\n<p class=\"mb-4 leading-relaxed\">N\u1ebfu mu\u1ed1n ti\u1ebft ki\u1ec7m chi ph\u00ed h\u01a1n, qu\u00fd kh\u00e1ch c\u00f3 th\u1ec3 t\u00ecm hi\u1ec3u c\u00e1c d\u00f2ng c\u00f3 th\u00f4ng s\u1ed1 nh\u1ecf h\u01a1n nh\u01b0:<\/p>\n<p class=\"mb-4 leading-relaxed\"><a href=\"https:\/\/quatcongnghiepvifan.com\/may-lam-mat-cong-nghiep-co-dinh-aircooler-40000\/\" class=\"text-red-900\">M\u00e1y l\u00e0m m\u00e1t c\u00f4ng nghi\u1ec7p c\u1ed1 \u0111\u1ecbnh Aircooler 40000<\/a><\/p>\n<p class=\"mb-4 leading-relaxed\"><a href=\"https:\/\/quatcongnghiepvifan.com\/may-lam-mat-cong-nghiep-co-dinh-aircooler-30000\/\" class=\"text-red-900\">M\u00e1y l\u00e0m m\u00e1t c\u00f4ng nghi\u1ec7p c\u1ed1 \u0111\u1ecbnh Aircooler 30000<\/a><\/p>\n<p class=\"mb-4 leading-relaxed\"><a href=\"https:\/\/quatcongnghiepvifan.com\/may-lam-mat-cong-nghiep-co-dinh-aircooler-25000\/\" class=\"text-red-900\">M\u00e1y l\u00e0m m\u00e1t c\u00f4ng nghi\u1ec7p c\u1ed1 \u0111\u1ecbnh Aircooler 25000<\/a><\/p>\n","protected":false},"excerpt":{"rendered":"<div class=\"my-4 overflow-hidden bg-white rounded-lg shadow-xl \"><div class=\"overflow-x-auto\"><table class=\"min-w-full\" class=\"min-w-full\">\n<tbody class=\"bg-white divide-y divide-gray-100 \" class=\"bg-white divide-y divide-gray-100 \">\n<tr class=\"transition-all duration-200 ease-in-out group hover:bg-red-50 \" class=\"transition-all duration-200 ease-in-out group hover:bg-red-50 \">\n<td class=\"px-2 py-2 text-sm text-gray-700 transition-colors duration-200 group-hover:text-gray-900 \" class=\"px-2 py-2 text-sm text-gray-700 transition-colors duration-200 group-hover:text-gray-900 \"><strong class=\"font-cal-sans\">M\u00e3 s\u1ea3n ph\u1ea9m<\/strong><\/td>\n<td class=\"px-2 py-2 text-sm text-gray-700 transition-colors duration-200 group-hover:text-gray-900 \" class=\"px-2 py-2 text-sm text-gray-700 transition-colors duration-200 group-hover:text-gray-900 \">:<\/td>\n<td class=\"px-2 py-2 text-sm text-gray-700 transition-colors duration-200 group-hover:text-gray-900 \" class=\"px-2 py-2 text-sm text-gray-700 transition-colors duration-200 group-hover:text-gray-900 \">VF50000<\/td>\n<\/tr>\n<tr class=\"transition-all duration-200 ease-in-out group hover:bg-red-50 \" class=\"transition-all duration-200 ease-in-out group hover:bg-red-50 \">\n<td class=\"px-2 py-2 text-sm text-gray-700 transition-colors duration-200 group-hover:text-gray-900 \" class=\"px-2 py-2 text-sm text-gray-700 transition-colors duration-200 group-hover:text-gray-900 \"><strong class=\"font-cal-sans\">Th\u01b0\u01a1ng hi\u1ec7u<\/strong><\/td>\n<td class=\"px-2 py-2 text-sm text-gray-700 transition-colors duration-200 group-hover:text-gray-900 \" class=\"px-2 py-2 text-sm text-gray-700 transition-colors duration-200 group-hover:text-gray-900 \">:<\/td>\n<td class=\"px-2 py-2 text-sm text-gray-700 transition-colors duration-200 group-hover:text-gray-900 \" class=\"px-2 py-2 text-sm text-gray-700 transition-colors duration-200 group-hover:text-gray-900 \">Aircooler<\/td>\n<\/tr>\n<tr class=\"transition-all duration-200 ease-in-out group hover:bg-red-50 \" class=\"transition-all duration-200 ease-in-out group hover:bg-red-50 \">\n<td class=\"px-2 py-2 text-sm text-gray-700 transition-colors duration-200 group-hover:text-gray-900 \" class=\"px-2 py-2 text-sm text-gray-700 transition-colors duration-200 group-hover:text-gray-900 \"><strong class=\"font-cal-sans\">K\u00edch th\u01b0\u1edbc<\/strong><\/td>\n<td class=\"px-2 py-2 text-sm text-gray-700 transition-colors duration-200 group-hover:text-gray-900 \" class=\"px-2 py-2 text-sm text-gray-700 transition-colors duration-200 group-hover:text-gray-900 \">:<\/td>\n<td class=\"px-2 py-2 text-sm text-gray-700 transition-colors duration-200 group-hover:text-gray-900 \" class=\"px-2 py-2 text-sm text-gray-700 transition-colors duration-200 group-hover:text-gray-900 \">1500x1500x1450 mm<\/td>\n<\/tr>\n<tr class=\"transition-all duration-200 ease-in-out group hover:bg-red-50 \" class=\"transition-all duration-200 ease-in-out group hover:bg-red-50 \">\n<td class=\"px-2 py-2 text-sm text-gray-700 transition-colors duration-200 group-hover:text-gray-900 \" class=\"px-2 py-2 text-sm text-gray-700 transition-colors duration-200 group-hover:text-gray-900 \"><strong class=\"font-cal-sans\">C\u00f4ng su\u1ea5t<\/strong><\/td>\n<td class=\"px-2 py-2 text-sm text-gray-700 transition-colors duration-200 group-hover:text-gray-900 \" class=\"px-2 py-2 text-sm text-gray-700 transition-colors duration-200 group-hover:text-gray-900 \">:<\/td>\n<td class=\"px-2 py-2 text-sm text-gray-700 transition-colors duration-200 group-hover:text-gray-900 \" class=\"px-2 py-2 text-sm text-gray-700 transition-colors duration-200 group-hover:text-gray-900 \">5.5 Kw<\/td>\n<\/tr>\n<tr class=\"transition-all duration-200 ease-in-out group hover:bg-red-50 \" class=\"transition-all duration-200 ease-in-out group hover:bg-red-50 \">\n<td class=\"px-2 py-2 text-sm text-gray-700 transition-colors duration-200 group-hover:text-gray-900 \" class=\"px-2 py-2 text-sm text-gray-700 transition-colors duration-200 group-hover:text-gray-900 \"><strong class=\"font-cal-sans\">L\u01b0u l\u01b0\u1ee3ng<\/strong><\/td>\n<td class=\"px-2 py-2 text-sm text-gray-700 transition-colors duration-200 group-hover:text-gray-900 \" class=\"px-2 py-2 text-sm text-gray-700 transition-colors duration-200 group-hover:text-gray-900 \">:<\/td>\n<td class=\"px-2 py-2 text-sm text-gray-700 transition-colors duration-200 group-hover:text-gray-900 \" class=\"px-2 py-2 text-sm text-gray-700 transition-colors duration-200 group-hover:text-gray-900 \">50.000 m3\/h<\/td>\n<\/tr>\n<tr class=\"transition-all duration-200 ease-in-out group hover:bg-red-50 \" class=\"transition-all duration-200 ease-in-out group hover:bg-red-50 \">\n<td class=\"px-2 py-2 text-sm text-gray-700 transition-colors duration-200 group-hover:text-gray-900 \" class=\"px-2 py-2 text-sm text-gray-700 transition-colors duration-200 group-hover:text-gray-900 \"><strong class=\"font-cal-sans\">B\u1ea3o h\u00e0nh<\/strong><\/td>\n<td class=\"px-2 py-2 text-sm text-gray-700 transition-colors duration-200 group-hover:text-gray-900 \" class=\"px-2 py-2 text-sm text-gray-700 transition-colors duration-200 group-hover:text-gray-900 \">:<\/td>\n<td class=\"px-2 py-2 text-sm text-gray-700 transition-colors duration-200 group-hover:text-gray-900 \" class=\"px-2 py-2 text-sm text-gray-700 transition-colors duration-200 group-hover:text-gray-900 \">12 th\u00e1ng<\/td>\n<\/tr>\n<tr class=\"transition-all duration-200 ease-in-out group hover:bg-red-50 \" class=\"transition-all duration-200 ease-in-out group hover:bg-red-50 \">\n<td class=\"px-2 py-2 text-sm text-gray-700 transition-colors duration-200 group-hover:text-gray-900 \" class=\"px-2 py-2 text-sm text-gray-700 transition-colors duration-200 group-hover:text-gray-900 \"><strong class=\"font-cal-sans\">Xu\u1ea5t x\u1ee9<\/strong><\/td>\n<td class=\"px-2 py-2 text-sm text-gray-700 transition-colors duration-200 group-hover:text-gray-900 \" class=\"px-2 py-2 text-sm text-gray-700 transition-colors duration-200 group-hover:text-gray-900 \">:<\/td>\n<td class=\"px-2 py-2 text-sm text-gray-700 transition-colors duration-200 group-hover:text-gray-900 \" class=\"px-2 py-2 text-sm text-gray-700 transition-colors duration-200 group-hover:text-gray-900 \">Vi\u1ec7t nam<\/td>\n<\/tr>\n<\/tbody>\n<\/table><\/div><\/div>\n","protected":false},"featured_media":33,"template":"","meta":{"footnotes":""},"product_cat":[6],"product_tag":[],"ztteam_product_brand":[],"class_list":["post-32","product","type-product","status-publish","has-post-thumbnail","hentry","product_cat-may-lam-mat-cong-nghiep"],"meta_box":{"_sku":"VF50000","_regular_price":"12659043","_sale_price":"10157775","_price":"10157775","_stock_status":"instock","_stock":"50","_manage_stock":"1","_weight":"","_length":"","_width":"","_height":"","_product_image_gallery":[{"width":150,"height":150,"file":"2026\/03\/may-lam-mat-cong-nghiep-co-dinh-Aircooler-50000-2.png","filesize":157179,"sizes":[],"image_meta":{"aperture":"0","credit":"","camera":"","caption":"","created_timestamp":"0","copyright":"","focal_length":"0","iso":"0","shutter_speed":"0","title":"","orientation":"0","keywords":[]},"ID":"33","name":"may-lam-mat-cong-nghiep-co-dinh-Aircooler-50000-2.png","path":"\/home\/dev.wptheme.store\/public_html\/s\/wpquat\/wp-content\/uploads\/2026\/03\/may-lam-mat-cong-nghiep-co-dinh-Aircooler-50000-2.png","url":"https:\/\/dev.wptheme.store\/s\/wpquat\/wp-content\/uploads\/2026\/03\/may-lam-mat-cong-nghiep-co-dinh-Aircooler-50000-2.png","full_url":"https:\/\/dev.wptheme.store\/s\/wpquat\/wp-content\/uploads\/2026\/03\/may-lam-mat-cong-nghiep-co-dinh-Aircooler-50000-2.png","title":"M\u00e1y L\u00e0m M\u00e1t C\u00f4ng Nghi\u1ec7p C\u1ed1 \u0110\u1ecbnh Aircooler 50000","caption":"","description":"","alt":"","srcset":false}],"_featured":"0","_visibility":"visible","_virtual":"","_downloadable":"","product_type":"simple","product_attributes":[],"color_variations":[],"size_variations":[],"storage_variations":[],"material_variations":[]},"_links":{"self":[{"href":"https:\/\/dev.wptheme.store\/s\/wpquat\/wp-json\/wp\/v2\/product\/32","targetHints":{"allow":["GET"]}}],"collection":[{"href":"https:\/\/dev.wptheme.store\/s\/wpquat\/wp-json\/wp\/v2\/product"}],"about":[{"href":"https:\/\/dev.wptheme.store\/s\/wpquat\/wp-json\/wp\/v2\/types\/product"}],"version-history":[{"count":0,"href":"https:\/\/dev.wptheme.store\/s\/wpquat\/wp-json\/wp\/v2\/product\/32\/revisions"}],"wp:featuredmedia":[{"embeddable":true,"href":"https:\/\/dev.wptheme.store\/s\/wpquat\/wp-json\/wp\/v2\/media\/33"}],"wp:attachment":[{"href":"https:\/\/dev.wptheme.store\/s\/wpquat\/wp-json\/wp\/v2\/media?parent=32"}],"wp:term":[{"taxonomy":"product_cat","embeddable":true,"href":"https:\/\/dev.wptheme.store\/s\/wpquat\/wp-json\/wp\/v2\/product_cat?post=32"},{"taxonomy":"product_tag","embeddable":true,"href":"https:\/\/dev.wptheme.store\/s\/wpquat\/wp-json\/wp\/v2\/product_tag?post=32"},{"taxonomy":"ztteam_product_brand","embeddable":true,"href":"https:\/\/dev.wptheme.store\/s\/wpquat\/wp-json\/wp\/v2\/ztteam_product_brand?post=32"}],"curies":[{"name":"wp","href":"https:\/\/api.w.org\/{rel}","templated":true}]}}