{"id":40,"date":"2026-03-16T08:48:50","date_gmt":"2026-03-16T01:48:50","guid":{"rendered":"https:\/\/dev.wptheme.store\/s\/wpquat\/product\/may-lam-mat-cong-nghiep-co-dinh-aircooler-22000\/"},"modified":"2026-03-16T08:48:50","modified_gmt":"2026-03-16T01:48:50","slug":"may-lam-mat-cong-nghiep-co-dinh-aircooler-22000","status":"publish","type":"product","link":"https:\/\/dev.wptheme.store\/s\/wpquat\/product\/may-lam-mat-cong-nghiep-co-dinh-aircooler-22000\/","title":{"rendered":"M\u00e1y L\u00e0m M\u00e1t C\u00f4ng Nghi\u1ec7p C\u1ed1 \u0110\u1ecbnh Aircooler 22000"},"content":{"rendered":"<p class=\"mb-4 leading-relaxed\">Trong m\u00f4i tr\u01b0\u1eddng c\u00f4ng nghi\u1ec7p, vi\u1ec7c duy tr\u00ec kh\u00f4ng gian l\u00e0m vi\u1ec7c m\u00e1t m\u1ebb v\u00e0 th\u00f4ng tho\u00e1ng \u0111\u00f3ng vai tr\u00f2 quan tr\u1ecdng trong vi\u1ec7c \u0111\u1ea3m b\u1ea3o hi\u1ec7u su\u1ea5t s\u1ea3n xu\u1ea5t. M\u00e1y l\u00e0m m\u00e1t c\u00f4ng nghi\u1ec7p c\u1ed1 \u0111\u1ecbnh aircooler 22000 v\u1edbi l\u01b0u l\u01b0\u1ee3ng gi\u00f3 l\u1edbn, c\u00f4ng su\u1ea5t m\u1ea1nh m\u1ebd, l\u00e0 gi\u1ea3i ph\u00e1p h\u00e0ng \u0111\u1ea7u d\u00e0nh cho c\u00e1c nh\u00e0 x\u01b0\u1edfng, kho b\u00e3i, v\u00e0 kh\u00f4ng gian l\u1edbn. \u0110\u00e2y l\u00e0 m\u1ed9t trong nh\u1eefng d\u00f2ng qu\u1ea1t h\u01a1i n\u01b0\u1edbc c\u00f4ng nghi\u1ec7p hi\u1ec7n \u0111\u1ea1i v\u00e0 \u0111\u01b0\u1ee3c \u01b0a chu\u1ed9ng nh\u1ea5t hi\u1ec7n nay.<\/p>\n<h2 class=\"py-2 my-4 text-2xl font-bold border-green-500 border-y border-opacity-10\">\u0110\u1eb7c \u0111i\u1ec3m n\u1ed5i b\u1eadt c\u1ee7a m\u00e1y l\u00e0m m\u00e1t c\u1ed1 \u0111\u1ecbnh c\u00f4ng nghi\u1ec7p Aircooler 22000<\/h2>\n<p class=\"mb-4 leading-relaxed\">M\u00e1y l\u00e0m m\u00e1t c\u1ed1 \u0111\u1ecbnh c\u00f4ng nghi\u1ec7p Aircooler 22000 \u0111\u01b0\u1ee3c thi\u1ebft k\u1ebf \u0111\u1ec3 \u0111\u00e1p \u1ee9ng nhu c\u1ea7u l\u00e0m m\u00e1t c\u00e1c kh\u00f4ng gian r\u1ed9ng l\u1edbn v\u1edbi hi\u1ec7u qu\u1ea3 v\u01b0\u1ee3t tr\u1ed9i:<\/p>\n<p class=\"mb-4 leading-relaxed\">L\u01b0u l\u01b0\u1ee3ng gi\u00f3 m\u1ea1nh m\u1ebd: 22,000 m\u00b3\/h, l\u00e0m m\u00e1t hi\u1ec7u qu\u1ea3 cho di\u1ec7n t\u00edch tr\u00ean 120 m\u00b2.<\/p>\n<p class=\"mb-4 leading-relaxed\">C\u00f4ng su\u1ea5t 1.5kW (380V): \u0110\u1ea3m b\u1ea3o v\u1eadn h\u00e0nh \u1ed5n \u0111\u1ecbnh v\u00e0 ti\u1ebft ki\u1ec7m n\u0103ng l\u01b0\u1ee3ng.<\/p>\n<p class=\"mb-4 leading-relaxed\">H\u01b0\u1edbng th\u1ed5i linh ho\u1ea1t: Tr\u00ean, d\u01b0\u1edbi, ngang, ph\u00f9 h\u1ee3p v\u1edbi nhi\u1ec1u kh\u00f4ng gian kh\u00e1c nhau.<\/p>\n<p class=\"mb-4 leading-relaxed\">K\u00edch th\u01b0\u1edbc t\u1ed1i \u01b0u: 1100x1100x940 mm, d\u1ec5 d\u00e0ng l\u1eafp \u0111\u1eb7t c\u1ed1 \u0111\u1ecbnh tr\u00ean t\u01b0\u1eddng ho\u1eb7c m\u00e1i nh\u00e0.<\/p>\n<p class=\"mb-4 leading-relaxed\">M\u00e1y l\u00e0m m\u00e1t n\u00e0y kh\u00f4ng ch\u1ec9 l\u00e0 l\u1ef1a ch\u1ecdn l\u00fd t\u01b0\u1edfng cho h\u1ec7 th\u1ed1ng l\u00e0m m\u00e1t c\u1ee7a nh\u00e0 x\u01b0\u1edfng m\u00e0 c\u00f2n ph\u00f9 h\u1ee3p v\u1edbi c\u00e1c kh\u00f4ng gian l\u1edbn s\u1eed d\u1ee5ng qu\u1ea1t h\u01a1i n\u01b0\u1edbc c\u00f4ng su\u1ea5t l\u1edbn ho\u1eb7c qu\u1ea1t n\u01b0\u1edbc c\u00f4ng nghi\u1ec7p.<\/p>\n<h2 class=\"py-2 my-4 text-2xl font-bold border-green-500 border-y border-opacity-10\">C\u1ea5u t\u1ea1o chi ti\u1ebft c\u1ee7a m\u00e1y l\u00e0m m\u00e1t Aircooler<\/h2>\n<p class=\"mb-4 leading-relaxed\">S\u1ea3n ph\u1ea9m qu\u1ea1t h\u01a1i n\u01b0\u1edbc c\u00f4ng nghi\u1ec7p \u0111\u01b0\u1ee3c thi\u1ebft k\u1ebf v\u1edbi nh\u1eefng v\u1eadt li\u1ec7u cao c\u1ea5p, \u0111\u1ea3m b\u1ea3o \u0111\u1ed9 b\u1ec1n v\u00e0 hi\u1ec7u su\u1ea5t trong m\u00f4i tr\u01b0\u1eddng c\u00f4ng nghi\u1ec7p:<\/p>\n<ul class=\"mb-4 space-y-1 list-none\">\n<li class=\"flex items-center gap-3 leading-relaxed text-gray-800 \"><div class=\"flex items-center justify-center w-5 h-5 bg-red-100 rounded-full shrink-0\"><svg class=\"w-3 h-3 text-red-600\" fill=\"none\" stroke=\"currentColor\" stroke- viewBox=\"0 0 24 24\"><path stroke-linecap=\"round\" stroke-linejoin=\"round\" d=\"M5 13l4 4L19 7\" \/><\/svg><\/div><div class=\"flex-1\">Motor l\u00f5i \u0111\u1ed3ng: Kh\u1ea3 n\u0103ng ch\u1ed1ng nhi\u1ec5m \u0111i\u1ec7n v\u00e0 nhi\u1ec5m n\u01b0\u1edbc \u0111\u1ea1t ti\u00eau chu\u1ea9n IP 4.4, t\u0103ng tu\u1ed5i th\u1ecd l\u00ean g\u1ea5p 1.5 l\u1ea7n so v\u1edbi c\u00e1c d\u00f2ng motor th\u00f4ng th\u01b0\u1eddng.<\/div><\/li>\n<li class=\"flex items-center gap-3 leading-relaxed text-gray-800 \"><div class=\"flex items-center justify-center w-5 h-5 bg-red-100 rounded-full shrink-0\"><svg class=\"w-3 h-3 text-red-600\" fill=\"none\" stroke=\"currentColor\" stroke- viewBox=\"0 0 24 24\"><path stroke-linecap=\"round\" stroke-linejoin=\"round\" d=\"M5 13l4 4L19 7\" \/><\/svg><\/div><div class=\"flex-1\">C\u00e1nh qu\u1ea1t nh\u1ef1a ch\u1ea5t l\u01b0\u1ee3ng cao: Thi\u1ebft k\u1ebf kh\u00ed \u0111\u1ed9ng h\u1ecdc, gi\u1ea3m ti\u1ebfng \u1ed3n, t\u0103ng l\u01b0u l\u01b0\u1ee3ng gi\u00f3 v\u00e0 \u0111\u1ed9 b\u1ec1n.<\/div><\/li>\n<li class=\"flex items-center gap-3 leading-relaxed text-gray-800 \"><div class=\"flex items-center justify-center w-5 h-5 bg-red-100 rounded-full shrink-0\"><svg class=\"w-3 h-3 text-red-600\" fill=\"none\" stroke=\"currentColor\" stroke- viewBox=\"0 0 24 24\"><path stroke-linecap=\"round\" stroke-linejoin=\"round\" d=\"M5 13l4 4L19 7\" \/><\/svg><\/div><div class=\"flex-1\">V\u1ecf m\u00e1y nh\u1ef1a cao c\u1ea5p: Ch\u1ed1ng n\u1eafng, ch\u1ed1ng oxy h\u00f3a, th\u00edch h\u1ee3p cho m\u00f4i tr\u01b0\u1eddng kh\u1eafc nghi\u1ec7t.<\/div><\/li>\n<li class=\"flex items-center gap-3 leading-relaxed text-gray-800 \"><div class=\"flex items-center justify-center w-5 h-5 bg-red-100 rounded-full shrink-0\"><svg class=\"w-3 h-3 text-red-600\" fill=\"none\" stroke=\"currentColor\" stroke- viewBox=\"0 0 24 24\"><path stroke-linecap=\"round\" stroke-linejoin=\"round\" d=\"M5 13l4 4L19 7\" \/><\/svg><\/div><div class=\"flex-1\">Phao c\u01a1 ch\u1ed1ng tr\u00e0n v\u00e0 phao ch\u1ed1ng tr\u00e0n th\u00f4ng minh: \u0110\u1ea3m b\u1ea3o an to\u00e0n trong qu\u00e1 tr\u00ecnh v\u1eadn h\u00e0nh, h\u1ea1n ch\u1ebf t\u00ecnh tr\u1ea1ng tr\u00e0n n\u01b0\u1edbc kh\u00f4ng mong mu\u1ed1n.<\/div><\/li>\n<li class=\"flex items-center gap-3 leading-relaxed text-gray-800 \"><div class=\"flex items-center justify-center w-5 h-5 bg-red-100 rounded-full shrink-0\"><svg class=\"w-3 h-3 text-red-600\" fill=\"none\" stroke=\"currentColor\" stroke- viewBox=\"0 0 24 24\"><path stroke-linecap=\"round\" stroke-linejoin=\"round\" d=\"M5 13l4 4L19 7\" \/><\/svg><\/div><div class=\"flex-1\">T\u1ea5m Cooling Pad b\u1eb1ng g\u1ed7 t\u1ef1 nhi\u00ean: \u0110\u01b0\u1ee3c ph\u1ee7 l\u1edbp ch\u1ed1ng rong r\u00eau, gi\u00fap gi\u1ea3m thi\u1ec3u n\u1ea5m m\u1ed1c v\u00e0 vi khu\u1ea9n, \u0111\u1ea3m b\u1ea3o kh\u00f4ng kh\u00ed trong l\u00e0nh.<\/div><\/li>\n<li class=\"flex items-center gap-3 leading-relaxed text-gray-800 \"><div class=\"flex items-center justify-center w-5 h-5 bg-red-100 rounded-full shrink-0\"><svg class=\"w-3 h-3 text-red-600\" fill=\"none\" stroke=\"currentColor\" stroke- viewBox=\"0 0 24 24\"><path stroke-linecap=\"round\" stroke-linejoin=\"round\" d=\"M5 13l4 4L19 7\" \/><\/svg><\/div><div class=\"flex-1\">L\u01b0\u1edbi l\u1ecdc kh\u00f4ng kh\u00ed d\u00e0y: Hi\u1ec7u qu\u1ea3 trong vi\u1ec7c lo\u1ea1i b\u1ecf b\u1ee5i b\u1ea9n v\u00e0 m\u00f9i h\u00f4i, mang l\u1ea1i kh\u00f4ng gian s\u1ea1ch s\u1ebd.<\/div><\/li>\n<li class=\"flex items-center gap-3 leading-relaxed text-gray-800 \"><div class=\"flex items-center justify-center w-5 h-5 bg-red-100 rounded-full shrink-0\"><svg class=\"w-3 h-3 text-red-600\" fill=\"none\" stroke=\"currentColor\" stroke- viewBox=\"0 0 24 24\"><path stroke-linecap=\"round\" stroke-linejoin=\"round\" d=\"M5 13l4 4L19 7\" \/><\/svg><\/div><div class=\"flex-1\">Ph\u1ee5 ki\u1ec7n inox 304: T\u1eeb thanh \u0111\u1ee1, \u1ed1c v\u00edt \u0111\u1ebfn gi\u00e1 \u0111\u1ee1 motor, t\u1ea5t c\u1ea3 \u0111\u1ec1u ch\u1ed1ng g\u1ec9 s\u00e9t, t\u0103ng \u0111\u1ed9 b\u1ec1n b\u1ec9 trong m\u00f4i tr\u01b0\u1eddng n\u01b0\u1edbc.<\/div><\/li>\n<\/ul>\n<p class=\"mb-4 leading-relaxed\">Ngo\u00e0i ra, n\u1ebfu b\u1ea1n c\u1ea7n bi\u1ebft c\u00e1ch th\u00e1o qu\u1ea1t h\u01a1i n\u01b0\u1edbc, h\u1ec7 th\u1ed1ng c\u1ee7a m\u00e1y l\u00e0m m\u00e1t \u0111\u01b0\u1ee3c thi\u1ebft k\u1ebf d\u1ec5 d\u00e0ng \u0111\u1ec3 th\u00e1o l\u1eafp v\u00e0 b\u1ea3o tr\u00ec.<\/p>\n<figure class=\"my-6 text-center\"><img><figcaption>C\u1ea5u T\u1ea1p M\u00e1y L\u00e0m M\u00e1t C\u1ed1 \u0110\u1ecbnh<\/figcaption><\/figure>\n<h2 class=\"py-2 my-4 text-2xl font-bold border-green-500 border-y border-opacity-10\">\u1ee8ng d\u1ee5ng \u0111a d\u1ea1ng c\u1ee7a qu\u1ea1t h\u01a1i n\u01b0\u1edbc c\u00f4ng nghi\u1ec7p 22000<\/h2>\n<p class=\"mb-4 leading-relaxed\">Nh\u00e0 x\u01b0\u1edfng s\u1ea3n xu\u1ea5t: Gi\u1ea3m nhi\u1ec7t \u0111\u1ed9 v\u00e0 t\u0103ng s\u1ef1 tho\u1ea3i m\u00e1i cho c\u00f4ng nh\u00e2n.<\/p>\n<p class=\"mb-4 leading-relaxed\">Kho b\u00e3i: M\u00e1y l\u00e0m m\u00e1t c\u00f4ng nghi\u1ec7p c\u1ed1 \u0111\u1ecbnh aircooler 22000 l\u00e0m m\u00e1t kh\u00f4ng gian l\u1edbn, \u0111\u1ea3m b\u1ea3o h\u00e0ng h\u00f3a kh\u00f4ng b\u1ecb \u1ea3nh h\u01b0\u1edfng b\u1edfi nhi\u1ec7t \u0111\u1ed9 cao.<\/p>\n<p class=\"mb-4 leading-relaxed\">Trang tr\u1ea1i, nh\u00e0 k\u00ednh: Gi\u00fap \u0111i\u1ec1u h\u00f2a kh\u00f4ng kh\u00ed v\u00e0 gi\u1ea3m \u0111\u1ed9 \u1ea9m hi\u1ec7u qu\u1ea3.<\/p>\n<p class=\"mb-4 leading-relaxed\">Kh\u00f4ng gian s\u1ef1 ki\u1ec7n: Th\u00edch h\u1ee3p cho h\u1ed9i tr\u01b0\u1eddng, s\u00e2n kh\u1ea5u ngo\u00e0i tr\u1eddi ho\u1eb7c khu v\u1ef1c \u0111\u00f4ng ng\u01b0\u1eddi.<\/p>\n<p class=\"mb-4 leading-relaxed\">V\u1edbi nh\u1eefng \u0111\u1eb7c \u0111i\u1ec3m n\u00e0y, d\u00f2ng s\u1ea3n ph\u1ea9m m\u00e1y l\u00e0m m\u00e1t nh\u00e0 x\u01b0\u1edfng Aircooler 22000 \u0111\u00e3 kh\u1eb3ng \u0111\u1ecbnh v\u1ecb tr\u00ed h\u00e0ng \u0111\u1ea7u trong danh m\u1ee5c m\u00e1y l\u00e0m m\u00e1t v\u00e0 qu\u1ea1t c\u00f4ng nghi\u1ec7p h\u01a1i n\u01b0\u1edbc.<\/p>\n<p class=\"mb-4 leading-relaxed\">&nbsp;<\/p>\n<figure class=\"my-6 text-center\"><img><figcaption>M\u00e1y L\u00e0m M\u00e1t C\u1ed1 \u0110\u1ecbnh C\u00f4ng Nghi\u1ec7p Aircooler 22000<\/figcaption><\/figure>\n<h2 class=\"py-2 my-4 text-2xl font-bold border-green-500 border-y border-opacity-10\">L\u1ee3i \u00edch khi s\u1eed d\u1ee5ng m\u00e1y l\u00e0m m\u00e1t c\u00f4ng nghi\u1ec7p Aircooler 22000<\/h2>\n<p class=\"mb-4 leading-relaxed\">Ti\u1ebft ki\u1ec7m chi ph\u00ed: Gi\u1ea3m thi\u1ec3u \u0111i\u1ec7n n\u0103ng ti\u00eau th\u1ee5 so v\u1edbi \u0111i\u1ec1u h\u00f2a c\u00f4ng nghi\u1ec7p.<\/p>\n<p class=\"mb-4 leading-relaxed\">Th\u00e2n thi\u1ec7n v\u1edbi m\u00f4i tr\u01b0\u1eddng: Kh\u00f4ng s\u1eed d\u1ee5ng h\u00f3a ch\u1ea5t l\u00e0m l\u1ea1nh, an to\u00e0n cho s\u1ee9c kh\u1ecfe.<\/p>\n<p class=\"mb-4 leading-relaxed\">D\u1ec5 d\u00e0ng l\u1eafp \u0111\u1eb7t v\u00e0 b\u1ea3o tr\u00ec: Thi\u1ebft k\u1ebf t\u1ed1i \u01b0u, thu\u1eadn ti\u1ec7n cho vi\u1ec7c b\u1ea3o d\u01b0\u1ee1ng \u0111\u1ecbnh k\u1ef3.<\/p>\n<p class=\"mb-4 leading-relaxed\">Hi\u1ec7u qu\u1ea3 cao: L\u00e0 l\u1ef1a ch\u1ecdn l\u00fd t\u01b0\u1edfng cho c\u00e1c kh\u00f4ng gian l\u1edbn c\u1ea7n s\u1eed d\u1ee5ng m\u00e1y qu\u1ea1t h\u01a1i n\u01b0\u1edbc ho\u1eb7c qu\u1ea1t h\u01a1i n\u01b0\u1edbc l\u1edbn.<\/p>\n<h2 class=\"py-2 my-4 text-2xl font-bold border-green-500 border-y border-opacity-10\">Mua m\u00e1y l\u00e0m m\u00e1t c\u00f4ng nghi\u1ec7p 1.5KW \u1edf \u0111\u00e2u?<\/h2>\n<p class=\"mb-4 leading-relaxed\">ViFan l\u00e0 \u0111\u01a1n v\u1ecb cung c\u1ea5p <a href=\"https:\/\/quatcongnghiepvifan.com\/may-lam-mat-cong-nghiep\/\" class=\"text-red-900\">m\u00e1y l\u00e0m m\u00e1t c\u00f4ng nghi\u1ec7p<\/a>, qu\u1ea1t h\u01a1i n\u01b0\u1edbc c\u00f4ng nghi\u1ec7p, v\u00e0 m\u00e1y l\u00e0m m\u00e1t nh\u00e0 x\u01b0\u1edfng h\u00e0ng \u0111\u1ea7u t\u1ea1i Vi\u1ec7t Nam.<\/p>\n<p class=\"mb-4 leading-relaxed\">Ch\u00fang t\u00f4i cam k\u1ebft:<\/p>\n<ul class=\"mb-4 space-y-1 list-none\">\n<li class=\"flex items-center gap-3 leading-relaxed text-gray-800 \"><div class=\"flex items-center justify-center w-5 h-5 bg-red-100 rounded-full shrink-0\"><svg class=\"w-3 h-3 text-red-600\" fill=\"none\" stroke=\"currentColor\" stroke- viewBox=\"0 0 24 24\"><path stroke-linecap=\"round\" stroke-linejoin=\"round\" d=\"M5 13l4 4L19 7\" \/><\/svg><\/div><div class=\"flex-1\">S\u1ea3n ph\u1ea9m ch\u00ednh h\u00e3ng, b\u1ea3o h\u00e0nh 12 th\u00e1ng.<\/div><\/li>\n<li class=\"flex items-center gap-3 leading-relaxed text-gray-800 \"><div class=\"flex items-center justify-center w-5 h-5 bg-red-100 rounded-full shrink-0\"><svg class=\"w-3 h-3 text-red-600\" fill=\"none\" stroke=\"currentColor\" stroke- viewBox=\"0 0 24 24\"><path stroke-linecap=\"round\" stroke-linejoin=\"round\" d=\"M5 13l4 4L19 7\" \/><\/svg><\/div><div class=\"flex-1\">T\u01b0 v\u1ea5n chuy\u00ean nghi\u1ec7p, l\u1eafp \u0111\u1eb7t t\u1eadn n\u01a1i.<\/div><\/li>\n<li class=\"flex items-center gap-3 leading-relaxed text-gray-800 \"><div class=\"flex items-center justify-center w-5 h-5 bg-red-100 rounded-full shrink-0\"><svg class=\"w-3 h-3 text-red-600\" fill=\"none\" stroke=\"currentColor\" stroke- viewBox=\"0 0 24 24\"><path stroke-linecap=\"round\" stroke-linejoin=\"round\" d=\"M5 13l4 4L19 7\" \/><\/svg><\/div><div class=\"flex-1\">Gi\u00e1 c\u1ea3 c\u1ea1nh tranh v\u1edbi nhi\u1ec1u \u01b0u \u0111\u00e3i h\u1ea5p d\u1eabn.<\/div><\/li>\n<\/ul>\n<p class=\"mb-4 leading-relaxed\">H\u00e3y li\u00ean h\u1ec7 ngay \u0111\u1ec3 \u0111\u01b0\u1ee3c h\u1ed7 tr\u1ee3 v\u00e0 nh\u1eadn gi\u1ea3i ph\u00e1p l\u00e0m m\u00e1t t\u1ed1i \u01b0u nh\u1ea5t cho doanh nghi\u1ec7p c\u1ee7a b\u1ea1n!<\/p>\n<p class=\"mb-4 leading-relaxed\">T\u00ecm hi\u1ec3u th\u00eam:<\/p>\n<p class=\"mb-4 leading-relaxed\"><a href=\"https:\/\/quatcongnghiepvifan.com\/may-lam-mat-cong-nghiep-co-dinh-aircooler-18000\/\" class=\"text-red-900\">M\u00e1y L\u00e0m M\u00e1t C\u00f4ng Nghi\u1ec7p C\u1ed1 \u0110\u1ecbnh Aircooler 18000<\/a><\/p>\n<p class=\"mb-4 leading-relaxed\"><a href=\"https:\/\/quatcongnghiepvifan.com\/may-lam-mat-cong-nghiep-di-dong-aircooler-23000\/\" class=\"text-red-900\">M\u00e1y L\u00e0m M\u00e1t C\u00f4ng Nghi\u1ec7p Di \u0110\u1ed9ng Aircooler 23000<\/a><\/p>\n","protected":false},"excerpt":{"rendered":"<div class=\"my-4 overflow-hidden bg-white rounded-lg shadow-xl \"><div class=\"overflow-x-auto\"><table class=\"min-w-full\" class=\"min-w-full\">\n<tbody class=\"bg-white divide-y divide-gray-100 \" class=\"bg-white divide-y divide-gray-100 \">\n<tr class=\"transition-all duration-200 ease-in-out group hover:bg-red-50 \" class=\"transition-all duration-200 ease-in-out group hover:bg-red-50 \">\n<td class=\"px-2 py-2 text-sm text-gray-700 transition-colors duration-200 group-hover:text-gray-900 \" class=\"px-2 py-2 text-sm text-gray-700 transition-colors duration-200 group-hover:text-gray-900 \"><strong class=\"font-cal-sans\">M\u00e3 s\u1ea3n ph\u1ea9m<\/strong><\/td>\n<td class=\"px-2 py-2 text-sm text-gray-700 transition-colors duration-200 group-hover:text-gray-900 \" class=\"px-2 py-2 text-sm text-gray-700 transition-colors duration-200 group-hover:text-gray-900 \">:<\/td>\n<td class=\"px-2 py-2 text-sm text-gray-700 transition-colors duration-200 group-hover:text-gray-900 \" class=\"px-2 py-2 text-sm text-gray-700 transition-colors duration-200 group-hover:text-gray-900 \">VF 22000<\/td>\n<\/tr>\n<tr class=\"transition-all duration-200 ease-in-out group hover:bg-red-50 \" class=\"transition-all duration-200 ease-in-out group hover:bg-red-50 \">\n<td class=\"px-2 py-2 text-sm text-gray-700 transition-colors duration-200 group-hover:text-gray-900 \" class=\"px-2 py-2 text-sm text-gray-700 transition-colors duration-200 group-hover:text-gray-900 \"><strong class=\"font-cal-sans\">Th\u01b0\u01a1ng hi\u1ec7u<\/strong><\/td>\n<td class=\"px-2 py-2 text-sm text-gray-700 transition-colors duration-200 group-hover:text-gray-900 \" class=\"px-2 py-2 text-sm text-gray-700 transition-colors duration-200 group-hover:text-gray-900 \">:<\/td>\n<td class=\"px-2 py-2 text-sm text-gray-700 transition-colors duration-200 group-hover:text-gray-900 \" class=\"px-2 py-2 text-sm text-gray-700 transition-colors duration-200 group-hover:text-gray-900 \">Aircooler<\/td>\n<\/tr>\n<tr class=\"transition-all duration-200 ease-in-out group hover:bg-red-50 \" class=\"transition-all duration-200 ease-in-out group hover:bg-red-50 \">\n<td class=\"px-2 py-2 text-sm text-gray-700 transition-colors duration-200 group-hover:text-gray-900 \" class=\"px-2 py-2 text-sm text-gray-700 transition-colors duration-200 group-hover:text-gray-900 \"><strong class=\"font-cal-sans\">K\u00edch th\u01b0\u1edbc<\/strong><\/td>\n<td class=\"px-2 py-2 text-sm text-gray-700 transition-colors duration-200 group-hover:text-gray-900 \" class=\"px-2 py-2 text-sm text-gray-700 transition-colors duration-200 group-hover:text-gray-900 \">:<\/td>\n<td class=\"px-2 py-2 text-sm text-gray-700 transition-colors duration-200 group-hover:text-gray-900 \" class=\"px-2 py-2 text-sm text-gray-700 transition-colors duration-200 group-hover:text-gray-900 \">1100x1100x940 mm<\/td>\n<\/tr>\n<tr class=\"transition-all duration-200 ease-in-out group hover:bg-red-50 \" class=\"transition-all duration-200 ease-in-out group hover:bg-red-50 \">\n<td class=\"px-2 py-2 text-sm text-gray-700 transition-colors duration-200 group-hover:text-gray-900 \" class=\"px-2 py-2 text-sm text-gray-700 transition-colors duration-200 group-hover:text-gray-900 \"><strong class=\"font-cal-sans\">C\u00f4ng su\u1ea5t<\/strong><\/td>\n<td class=\"px-2 py-2 text-sm text-gray-700 transition-colors duration-200 group-hover:text-gray-900 \" class=\"px-2 py-2 text-sm text-gray-700 transition-colors duration-200 group-hover:text-gray-900 \">:<\/td>\n<td class=\"px-2 py-2 text-sm text-gray-700 transition-colors duration-200 group-hover:text-gray-900 \" class=\"px-2 py-2 text-sm text-gray-700 transition-colors duration-200 group-hover:text-gray-900 \">1.5 Kw<\/td>\n<\/tr>\n<tr class=\"transition-all duration-200 ease-in-out group hover:bg-red-50 \" class=\"transition-all duration-200 ease-in-out group hover:bg-red-50 \">\n<td class=\"px-2 py-2 text-sm text-gray-700 transition-colors duration-200 group-hover:text-gray-900 \" class=\"px-2 py-2 text-sm text-gray-700 transition-colors duration-200 group-hover:text-gray-900 \"><strong class=\"font-cal-sans\">L\u01b0u l\u01b0\u1ee3ng<\/strong><\/td>\n<td class=\"px-2 py-2 text-sm text-gray-700 transition-colors duration-200 group-hover:text-gray-900 \" class=\"px-2 py-2 text-sm text-gray-700 transition-colors duration-200 group-hover:text-gray-900 \">:<\/td>\n<td class=\"px-2 py-2 text-sm text-gray-700 transition-colors duration-200 group-hover:text-gray-900 \" class=\"px-2 py-2 text-sm text-gray-700 transition-colors duration-200 group-hover:text-gray-900 \">22.000 m3\/h<\/td>\n<\/tr>\n<tr class=\"transition-all duration-200 ease-in-out group hover:bg-red-50 \" class=\"transition-all duration-200 ease-in-out group hover:bg-red-50 \">\n<td class=\"px-2 py-2 text-sm text-gray-700 transition-colors duration-200 group-hover:text-gray-900 \" class=\"px-2 py-2 text-sm text-gray-700 transition-colors duration-200 group-hover:text-gray-900 \"><strong class=\"font-cal-sans\">B\u1ea3o h\u00e0nh<\/strong><\/td>\n<td class=\"px-2 py-2 text-sm text-gray-700 transition-colors duration-200 group-hover:text-gray-900 \" class=\"px-2 py-2 text-sm text-gray-700 transition-colors duration-200 group-hover:text-gray-900 \">:<\/td>\n<td class=\"px-2 py-2 text-sm text-gray-700 transition-colors duration-200 group-hover:text-gray-900 \" class=\"px-2 py-2 text-sm text-gray-700 transition-colors duration-200 group-hover:text-gray-900 \">12 th\u00e1ng<\/td>\n<\/tr>\n<tr class=\"transition-all duration-200 ease-in-out group hover:bg-red-50 \" class=\"transition-all duration-200 ease-in-out group hover:bg-red-50 \">\n<td class=\"px-2 py-2 text-sm text-gray-700 transition-colors duration-200 group-hover:text-gray-900 \" class=\"px-2 py-2 text-sm text-gray-700 transition-colors duration-200 group-hover:text-gray-900 \"><strong class=\"font-cal-sans\">Xu\u1ea5t x\u1ee9<\/strong><\/td>\n<td class=\"px-2 py-2 text-sm text-gray-700 transition-colors duration-200 group-hover:text-gray-900 \" class=\"px-2 py-2 text-sm text-gray-700 transition-colors duration-200 group-hover:text-gray-900 \">:<\/td>\n<td class=\"px-2 py-2 text-sm text-gray-700 transition-colors duration-200 group-hover:text-gray-900 \" class=\"px-2 py-2 text-sm text-gray-700 transition-colors duration-200 group-hover:text-gray-900 \">Vi\u1ec7t nam<\/td>\n<\/tr>\n<\/tbody>\n<\/table><\/div><\/div>\n","protected":false},"featured_media":41,"template":"","meta":{"footnotes":""},"product_cat":[6],"product_tag":[],"ztteam_product_brand":[],"class_list":["post-40","product","type-product","status-publish","has-post-thumbnail","hentry","product_cat-may-lam-mat-cong-nghiep"],"meta_box":{"_sku":"VF 22000","_regular_price":"13167687","_sale_price":"11261369","_price":"11261369","_stock_status":"instock","_stock":"50","_manage_stock":"1","_weight":"","_length":"","_width":"","_height":"","_product_image_gallery":[{"width":150,"height":150,"file":"2026\/03\/may-lam-mat-cong-nghiep-co-dinh-Aircooler-22000-2.png","filesize":157179,"sizes":[],"image_meta":{"aperture":"0","credit":"","camera":"","caption":"","created_timestamp":"0","copyright":"","focal_length":"0","iso":"0","shutter_speed":"0","title":"","orientation":"0","keywords":[]},"ID":"41","name":"may-lam-mat-cong-nghiep-co-dinh-Aircooler-22000-2.png","path":"\/home\/dev.wptheme.store\/public_html\/s\/wpquat\/wp-content\/uploads\/2026\/03\/may-lam-mat-cong-nghiep-co-dinh-Aircooler-22000-2.png","url":"https:\/\/dev.wptheme.store\/s\/wpquat\/wp-content\/uploads\/2026\/03\/may-lam-mat-cong-nghiep-co-dinh-Aircooler-22000-2.png","full_url":"https:\/\/dev.wptheme.store\/s\/wpquat\/wp-content\/uploads\/2026\/03\/may-lam-mat-cong-nghiep-co-dinh-Aircooler-22000-2.png","title":"M\u00e1y L\u00e0m M\u00e1t C\u1ed1 \u0110\u1ecbnh C\u00f4ng Nghi\u1ec7p Aircooler 22000","caption":"","description":"","alt":"","srcset":false}],"_featured":"0","_visibility":"visible","_virtual":"","_downloadable":"","product_type":"simple","product_attributes":[],"color_variations":[],"size_variations":[],"storage_variations":[],"material_variations":[]},"_links":{"self":[{"href":"https:\/\/dev.wptheme.store\/s\/wpquat\/wp-json\/wp\/v2\/product\/40","targetHints":{"allow":["GET"]}}],"collection":[{"href":"https:\/\/dev.wptheme.store\/s\/wpquat\/wp-json\/wp\/v2\/product"}],"about":[{"href":"https:\/\/dev.wptheme.store\/s\/wpquat\/wp-json\/wp\/v2\/types\/product"}],"version-history":[{"count":0,"href":"https:\/\/dev.wptheme.store\/s\/wpquat\/wp-json\/wp\/v2\/product\/40\/revisions"}],"wp:featuredmedia":[{"embeddable":true,"href":"https:\/\/dev.wptheme.store\/s\/wpquat\/wp-json\/wp\/v2\/media\/41"}],"wp:attachment":[{"href":"https:\/\/dev.wptheme.store\/s\/wpquat\/wp-json\/wp\/v2\/media?parent=40"}],"wp:term":[{"taxonomy":"product_cat","embeddable":true,"href":"https:\/\/dev.wptheme.store\/s\/wpquat\/wp-json\/wp\/v2\/product_cat?post=40"},{"taxonomy":"product_tag","embeddable":true,"href":"https:\/\/dev.wptheme.store\/s\/wpquat\/wp-json\/wp\/v2\/product_tag?post=40"},{"taxonomy":"ztteam_product_brand","embeddable":true,"href":"https:\/\/dev.wptheme.store\/s\/wpquat\/wp-json\/wp\/v2\/ztteam_product_brand?post=40"}],"curies":[{"name":"wp","href":"https:\/\/api.w.org\/{rel}","templated":true}]}}