{"id":42,"date":"2026-03-16T08:48:52","date_gmt":"2026-03-16T01:48:52","guid":{"rendered":"https:\/\/dev.wptheme.store\/s\/wpquat\/product\/may-lam-mat-cong-nghiep-co-dinh-aircooler-18000\/"},"modified":"2026-03-16T08:48:52","modified_gmt":"2026-03-16T01:48:52","slug":"may-lam-mat-cong-nghiep-co-dinh-aircooler-18000","status":"publish","type":"product","link":"https:\/\/dev.wptheme.store\/s\/wpquat\/product\/may-lam-mat-cong-nghiep-co-dinh-aircooler-18000\/","title":{"rendered":"M\u00e1y L\u00e0m M\u00e1t C\u00f4ng Nghi\u1ec7p C\u1ed1 \u0110\u1ecbnh Aircooler 18000"},"content":{"rendered":"<p class=\"mb-4 leading-relaxed\">M\u00e1y l\u00e0m m\u00e1t c\u00f4ng nghi\u1ec7p c\u1ed1 \u0111\u1ecbnh AirCooler 18000 l\u00e0 thi\u1ebft b\u1ecb l\u00e0m m\u00e1t ti\u00ean ti\u1ebfn, mang \u0111\u1ebfn gi\u1ea3i ph\u00e1p \u0111i\u1ec1u h\u00f2a kh\u00f4ng kh\u00ed hi\u1ec7u qu\u1ea3 cho nh\u00e0 x\u01b0\u1edfng, nh\u00e0 m\u00e1y v\u00e0 c\u00e1c kh\u00f4ng gian l\u1edbn. V\u1edbi thi\u1ebft k\u1ebf hi\u1ec7n \u0111\u1ea1i, c\u00f4ng ngh\u1ec7 ti\u00ean ti\u1ebfn, m\u00e1y kh\u00f4ng ch\u1ec9 gi\u00fap ti\u1ebft ki\u1ec7m n\u0103ng l\u01b0\u1ee3ng m\u00e0 c\u00f2n t\u0103ng hi\u1ec7u qu\u1ea3 l\u00e0m vi\u1ec7c nh\u1edd kh\u1ea3 n\u0103ng l\u00e0m m\u00e1t nhanh ch\u00f3ng v\u00e0 b\u1ec1n b\u1ec9.<\/p>\n<h2 class=\"py-2 my-4 text-2xl font-bold border-green-500 border-y border-opacity-10\">Th\u00f4ng s\u1ed1 k\u1ef9 thu\u1eadt c\u1ee7a m\u00e1y l\u00e0m m\u00e1t c\u00f4ng nghi\u1ec7p c\u1ed1 \u0111\u1ecbnh Air Cooler 18000<\/h2>\n<p class=\"mb-4 leading-relaxed\">L\u01b0u l\u01b0\u1ee3ng gi\u00f3: 18,000 m\u00b3\/h<\/p>\n<p class=\"mb-4 leading-relaxed\">C\u00f4ng su\u1ea5t: 1.1kW, s\u1eed d\u1ee5ng ngu\u1ed3n \u0111i\u1ec7n 380V<\/p>\n<p class=\"mb-4 leading-relaxed\">K\u00edch th\u01b0\u1edbc mi\u1ec7ng gi\u00f3: 670\u00d7670 mm<\/p>\n<p class=\"mb-4 leading-relaxed\">K\u00edch th\u01b0\u1edbc t\u1ed5ng th\u1ec3: 1,100\u00d71,100\u00d7940 mm<\/p>\n<p class=\"mb-4 leading-relaxed\">H\u01b0\u1edbng th\u1ed5i: Tr\u00ean, D\u01b0\u1edbi, Ngang<\/p>\n<figure class=\"my-6 text-center\"><img><figcaption>H\u01b0\u1edbng Th\u1ed5i M\u00e1y L\u1ea1nh C\u1ed1 \u0110\u1ecbnh Aircooler<\/figcaption><\/figure>\n<h2 class=\"py-2 my-4 text-2xl font-bold border-green-500 border-y border-opacity-10\">M\u00e1y l<span>\u00e0m m\u00e1t c\u00f4ng nghi\u1ec7p air cooler <\/span>c\u00f3 nhi\u1ec1u phi\u00ean b\u1ea3n kh\u00e1c nhau:<\/h2>\n<ul class=\"mb-4 space-y-1 list-none\">\n<li class=\"flex items-center gap-3 leading-relaxed text-gray-800 \"><div class=\"flex items-center justify-center w-5 h-5 bg-red-100 rounded-full shrink-0\"><svg class=\"w-3 h-3 text-red-600\" fill=\"none\" stroke=\"currentColor\" stroke- viewBox=\"0 0 24 24\"><path stroke-linecap=\"round\" stroke-linejoin=\"round\" d=\"M5 13l4 4L19 7\" \/><\/svg><\/div><div class=\"flex-1\">H\u1ec7 th\u1ed1ng kh\u00f4ng b\u01a1m van.<\/div><\/li>\n<li class=\"flex items-center gap-3 leading-relaxed text-gray-800 \"><div class=\"flex items-center justify-center w-5 h-5 bg-red-100 rounded-full shrink-0\"><svg class=\"w-3 h-3 text-red-600\" fill=\"none\" stroke=\"currentColor\" stroke- viewBox=\"0 0 24 24\"><path stroke-linecap=\"round\" stroke-linejoin=\"round\" d=\"M5 13l4 4L19 7\" \/><\/svg><\/div><div class=\"flex-1\">M\u00e1y \u0111\u1ed9c l\u1eadp c\u00f3 b\u01a1m van phao, \u0111i\u1ec1u khi\u1ec3n 1 t\u1ed1c \u0111\u1ed9.<\/div><\/li>\n<li class=\"flex items-center gap-3 leading-relaxed text-gray-800 \"><div class=\"flex items-center justify-center w-5 h-5 bg-red-100 rounded-full shrink-0\"><svg class=\"w-3 h-3 text-red-600\" fill=\"none\" stroke=\"currentColor\" stroke- viewBox=\"0 0 24 24\"><path stroke-linecap=\"round\" stroke-linejoin=\"round\" d=\"M5 13l4 4L19 7\" \/><\/svg><\/div><div class=\"flex-1\">M\u00e1y \u0111\u1ed9c l\u1eadp c\u00f3 b\u01a1m van phao, \u0111i\u1ec1u khi\u1ec3n 50 t\u1ed1c \u0111\u1ed9.<\/div><\/li>\n<li class=\"flex items-center gap-3 leading-relaxed text-gray-800 \"><div class=\"flex items-center justify-center w-5 h-5 bg-red-100 rounded-full shrink-0\"><svg class=\"w-3 h-3 text-red-600\" fill=\"none\" stroke=\"currentColor\" stroke- viewBox=\"0 0 24 24\"><path stroke-linecap=\"round\" stroke-linejoin=\"round\" d=\"M5 13l4 4L19 7\" \/><\/svg><\/div><div class=\"flex-1\">M\u00e1y \u0111\u1ed9c l\u1eadp c\u00f3 b\u01a1m van phao, bo m\u1ea1ch \u0111i\u1ec1u khi\u1ec3n 12 t\u1ed1c \u0111\u1ed9.<\/div><\/li>\n<\/ul>\n<h2 class=\"py-2 my-4 text-2xl font-bold border-green-500 border-y border-opacity-10\">\u01afu \u0111i\u1ec3m n\u1ed5i b\u1eadt c\u1ee7a qu\u1ea1t h\u01a1i n\u01b0\u1edbc c\u00f4ng nghi\u1ec7p Air Cooler 18000<\/h2>\n<p class=\"mb-4 leading-relaxed\">Motor l\u00f5i \u0111\u1ed3ng: Gi\u00fap t\u0103ng tu\u1ed5i th\u1ecd l\u00ean g\u1ea5p 1.5 l\u1ea7n so v\u1edbi c\u00e1c lo\u1ea1i motor th\u00f4ng th\u01b0\u1eddng. Ch\u1ec9 s\u1ed1 ch\u1ed1ng nhi\u1ec5m \u0111i\u1ec7n, nhi\u1ec5m n\u01b0\u1edbc \u0111\u1ea1t ti\u00eau chu\u1ea9n IP 4.4 tr\u1edf l\u00ean.<\/p>\n<p class=\"mb-4 leading-relaxed\">Gi\u00e1 \u0111\u1ee1 motor qu\u1ea1t h\u01a1i n\u01b0\u1edbc c\u00f4ng nghi\u1ec7p Aircooler b\u1eb1ng gang \u0111\u1eb7c: Ch\u1ed1ng \u0103n m\u00f2n, gi\u1ea3m oxy h\u00f3a, \u0111\u1ea3m b\u1ea3o \u0111\u1ed9 ch\u1eafc ch\u1eafn.<\/p>\n<p class=\"mb-4 leading-relaxed\">V\u1ecf m\u00e1y b\u1eb1ng nh\u1ef1a ABS cao c\u1ea5p: Ch\u1ed1ng ch\u1ecbu va \u0111\u1eadp, b\u1ec1n b\u1ec9 v\u1edbi th\u1eddi gian.<\/p>\n<p class=\"mb-4 leading-relaxed\">C\u00e1nh qu\u1ea1t khoa h\u1ecdc: Thi\u1ebft k\u1ebf c\u00e1nh m\u00e1y l\u00e0m m\u00e1t c\u00f4ng nghi\u1ec7p Air Cooler t\u1ed1i \u01b0u gi\u1ea3m \u0111\u1ed9 \u1ed3n, gia t\u0103ng tu\u1ed5i th\u1ecd.<\/p>\n<p class=\"mb-4 leading-relaxed\">Ph\u1ee5 ki\u1ec7n inox 304: Bao g\u1ed3m thanh \u0111\u1ee1, \u1ed1c v\u00edt, ch\u1ed1ng r\u1ec9 s\u00e9t v\u00e0 oxy h\u00f3a khi l\u00e0m vi\u1ec7c trong m\u00f4i tr\u01b0\u1eddng n\u01b0\u1edbc.<\/p>\n<p class=\"mb-4 leading-relaxed\">T\u1ea5m Cooling Pad t\u1eeb g\u1ed7 t\u1ef1 nhi\u00ean: Ph\u1ee7 l\u1edbp ch\u1ed1ng rong r\u00eau, n\u1ea5m m\u1ed1c, gi\u00fap m\u00e1y ho\u1ea1t \u0111\u1ed9ng \u1ed5n \u0111\u1ecbnh v\u00e0 s\u1ea1ch khu\u1ea9n.<\/p>\n<p class=\"mb-4 leading-relaxed\">T\u1ea5m l\u01b0\u1edbi l\u1ecdc d\u00e0y \u0111\u1eb7c: L\u1ecdc s\u1ea1ch b\u1ee5i li ti, m\u00f9i h\u00f4i, mang l\u1ea1i kh\u00f4ng gian trong l\u00e0nh.<\/p>\n<h2 class=\"py-2 my-4 text-2xl font-bold border-green-500 border-y border-opacity-10\">\u1ee8ng d\u1ee5ng c\u1ee7a m\u00e1y l\u00e0m m\u00e1t c\u00f4ng nghi\u1ec7p Air Cooler 18000<\/h2>\n<p class=\"mb-4 leading-relaxed\">L\u00e0m m\u00e1t nh\u00e0 x\u01b0\u1edfng: m\u00e1y l\u00e0m m\u00e1t c\u00f4ng nghi\u1ec7p c\u1ed1 \u0111\u1ecbnh Air Cooler 18000 gi\u00fap kh\u00f4ng gian l\u00e0m vi\u1ec7c lu\u00f4n tho\u00e1ng m\u00e1t, t\u0103ng n\u0103ng su\u1ea5t lao \u0111\u1ed9ng.<\/p>\n<p class=\"mb-4 leading-relaxed\">Qu\u1ea1t h\u01a1i n\u01b0\u1edbc c\u00f4ng su\u1ea5t l\u1edbn: Ph\u00f9 h\u1ee3p v\u1edbi c\u00e1c khu v\u1ef1c r\u1ed9ng nh\u01b0 nh\u00e0 kho, nh\u00e0 m\u00e1y s\u1ea3n xu\u1ea5t.<\/p>\n<p class=\"mb-4 leading-relaxed\">\u0110i\u1ec1u h\u00f2a c\u00f4ng nghi\u1ec7p: Gi\u1ea3i ph\u00e1p thay th\u1ebf hi\u1ec7u qu\u1ea3 cho \u0111i\u1ec1u h\u00f2a truy\u1ec1n th\u1ed1ng v\u1edbi chi ph\u00ed v\u1eadn h\u00e0nh th\u1ea5p.<\/p>\n<figure class=\"my-6 text-center\"><img><figcaption>L\u1eafp \u0110\u1eb7t M\u00e1y L\u00e0m M\u00e1t C\u00f4ng Nghi\u1ec7p C\u1ed1 \u0110\u1ecbnh Aircooler 18000<\/figcaption><\/figure>\n<h2 class=\"py-2 my-4 text-2xl font-bold border-green-500 border-y border-opacity-10\">T\u1ea1i sao n\u00ean ch\u1ecdn m\u00e1y l\u00e0m m\u00e1t nh\u00e0 x\u01b0\u1edfng Air Cooler 18000?<\/h2>\n<p class=\"mb-4 leading-relaxed\">Hi\u1ec7u qu\u1ea3 l\u00e0m m\u00e1t v\u01b0\u1ee3t tr\u1ed9i: C\u00f4ng su\u1ea5t l\u1edbn, l\u01b0u l\u01b0\u1ee3ng gi\u00f3 cao, l\u00e0m m\u00e1t di\u1ec7n t\u00edch r\u1ed9ng nhanh ch\u00f3ng.<\/p>\n<p class=\"mb-4 leading-relaxed\">Ti\u1ebft ki\u1ec7m chi ph\u00ed: \u0110i\u1ec7n n\u0103ng ti\u00eau th\u1ee5 th\u1ea5p h\u01a1n so v\u1edbi c\u00e1c lo\u1ea1i \u0111i\u1ec1u h\u00f2a c\u00f4ng nghi\u1ec7p kh\u00e1c.<\/p>\n<p class=\"mb-4 leading-relaxed\">B\u1ec1n b\u1ec9, ch\u1ea5t l\u01b0\u1ee3ng cao: S\u1eed d\u1ee5ng v\u1eadt li\u1ec7u cao c\u1ea5p, thi\u1ebft k\u1ebf t\u1ed1i \u01b0u \u0111\u1ea3m b\u1ea3o tu\u1ed5i th\u1ecd d\u00e0i l\u00e2u.<\/p>\n<p class=\"mb-4 leading-relaxed\">D\u1ec5 d\u00e0ng b\u1ea3o tr\u00ec v\u00e0 v\u1ec7 sinh: H\u1ec7 th\u1ed1ng l\u01b0\u1edbi l\u1ecdc v\u00e0 Cooling Pad d\u1ec5 th\u00e1o l\u1eafp v\u00e0 l\u00e0m s\u1ea1ch.<\/p>\n<h2 class=\"py-2 my-4 text-2xl font-bold border-green-500 border-y border-opacity-10\">Mua qu\u1ea1t c\u00f4ng nghi\u1ec7p h\u01a1i n\u01b0\u1edbc Air Cooler 18000 \u1edf \u0111\u00e2u?<\/h2>\n<p class=\"mb-4 leading-relaxed\">ViFan l\u00e0 \u0111\u01a1n v\u1ecb h\u00e0ng \u0111\u1ea7u cung c\u1ea5p m\u00e1y l\u00e0m m\u00e1t c\u00f4ng nghi\u1ec7p Air Cooler 18000 v\u00e0 c\u00e1c lo\u1ea1i <a href=\"https:\/\/quatcongnghiepvifan.com\/may-lam-mat-cong-nghiep\/\" class=\"text-red-900\"><span>m\u00e1y l\u00e0m m\u00e1t c\u00f4ng nghi\u1ec7p air cooler<\/span><\/a> ch\u1ea5t l\u01b0\u1ee3ng cao. V\u1edbi ch\u00ednh s\u00e1ch b\u1ea3o h\u00e0nh chu \u0111\u00e1o, t\u01b0 v\u1ea5n t\u1eadn t\u00ecnh, ch\u00fang t\u00f4i cam k\u1ebft mang \u0111\u1ebfn s\u1ea3n ph\u1ea9m t\u1ed1t nh\u1ea5t v\u1edbi gi\u00e1 c\u1ea3 h\u1ee3p l\u00fd.<\/p>\n<p class=\"mb-4 leading-relaxed\">Li\u00ean h\u1ec7 ngay v\u1edbi ViFan \u0111\u1ec3 \u0111\u01b0\u1ee3c t\u01b0 v\u1ea5n chi ti\u1ebft v\u00e0 nh\u1eadn \u01b0u \u0111\u00e3i h\u1ea5p d\u1eabn!<\/p>\n<p class=\"mb-4 leading-relaxed\">T\u00ecm hi\u1ec3u th\u00eam:<\/p>\n<ul class=\"mb-4 space-y-1 list-none\">\n<li class=\"flex items-center gap-3 leading-relaxed text-gray-800 \"><div class=\"flex items-center justify-center w-5 h-5 bg-red-100 rounded-full shrink-0\"><svg class=\"w-3 h-3 text-red-600\" fill=\"none\" stroke=\"currentColor\" stroke- viewBox=\"0 0 24 24\"><path stroke-linecap=\"round\" stroke-linejoin=\"round\" d=\"M5 13l4 4L19 7\" \/><\/svg><\/div><div class=\"flex-1\"><a href=\"https:\/\/quatcongnghiepvifan.com\/may-lam-mat-cong-nghiep-di-dong-aircooler-23000\/\" class=\"text-red-900\">M\u00e1y L\u00e0m M\u00e1t C\u00f4ng Nghi\u1ec7p Di \u0110\u1ed9ng Aircooler 23000<\/a><\/div><\/li>\n<li class=\"flex items-center gap-3 leading-relaxed text-gray-800 \"><div class=\"flex items-center justify-center w-5 h-5 bg-red-100 rounded-full shrink-0\"><svg class=\"w-3 h-3 text-red-600\" fill=\"none\" stroke=\"currentColor\" stroke- viewBox=\"0 0 24 24\"><path stroke-linecap=\"round\" stroke-linejoin=\"round\" d=\"M5 13l4 4L19 7\" \/><\/svg><\/div><div class=\"flex-1\"><a href=\"https:\/\/quatcongnghiepvifan.com\/may-lam-mat-cong-nghiep-di-dong-aircooler-18000\/\" class=\"text-red-900\">M\u00e1y L\u00e0m M\u00e1t C\u00f4ng Nghi\u1ec7p Di \u0110\u1ed9ng Aircooler 18000<\/a><\/div><\/li>\n<\/ul>\n","protected":false},"excerpt":{"rendered":"<div class=\"my-4 overflow-hidden bg-white rounded-lg shadow-xl \"><div class=\"overflow-x-auto\"><table class=\"min-w-full\" class=\"min-w-full\">\n<tbody class=\"bg-white divide-y divide-gray-100 \" class=\"bg-white divide-y divide-gray-100 \">\n<tr class=\"transition-all duration-200 ease-in-out group hover:bg-red-50 \" class=\"transition-all duration-200 ease-in-out group hover:bg-red-50 \">\n<td class=\"px-2 py-2 text-sm text-gray-700 transition-colors duration-200 group-hover:text-gray-900 \" class=\"px-2 py-2 text-sm text-gray-700 transition-colors duration-200 group-hover:text-gray-900 \"><strong class=\"font-cal-sans\">M\u00e3 s\u1ea3n ph\u1ea9m<\/strong><\/td>\n<td class=\"px-2 py-2 text-sm text-gray-700 transition-colors duration-200 group-hover:text-gray-900 \" class=\"px-2 py-2 text-sm text-gray-700 transition-colors duration-200 group-hover:text-gray-900 \">:<\/td>\n<td class=\"px-2 py-2 text-sm text-gray-700 transition-colors duration-200 group-hover:text-gray-900 \" class=\"px-2 py-2 text-sm text-gray-700 transition-colors duration-200 group-hover:text-gray-900 \">VF 18000<\/td>\n<\/tr>\n<tr class=\"transition-all duration-200 ease-in-out group hover:bg-red-50 \" class=\"transition-all duration-200 ease-in-out group hover:bg-red-50 \">\n<td class=\"px-2 py-2 text-sm text-gray-700 transition-colors duration-200 group-hover:text-gray-900 \" class=\"px-2 py-2 text-sm text-gray-700 transition-colors duration-200 group-hover:text-gray-900 \"><strong class=\"font-cal-sans\">Th\u01b0\u01a1ng hi\u1ec7u<\/strong><\/td>\n<td class=\"px-2 py-2 text-sm text-gray-700 transition-colors duration-200 group-hover:text-gray-900 \" class=\"px-2 py-2 text-sm text-gray-700 transition-colors duration-200 group-hover:text-gray-900 \">:<\/td>\n<td class=\"px-2 py-2 text-sm text-gray-700 transition-colors duration-200 group-hover:text-gray-900 \" class=\"px-2 py-2 text-sm text-gray-700 transition-colors duration-200 group-hover:text-gray-900 \">Aircooler<\/td>\n<\/tr>\n<tr class=\"transition-all duration-200 ease-in-out group hover:bg-red-50 \" class=\"transition-all duration-200 ease-in-out group hover:bg-red-50 \">\n<td class=\"px-2 py-2 text-sm text-gray-700 transition-colors duration-200 group-hover:text-gray-900 \" class=\"px-2 py-2 text-sm text-gray-700 transition-colors duration-200 group-hover:text-gray-900 \"><strong class=\"font-cal-sans\">K\u00edch th\u01b0\u1edbc<\/strong><\/td>\n<td class=\"px-2 py-2 text-sm text-gray-700 transition-colors duration-200 group-hover:text-gray-900 \" class=\"px-2 py-2 text-sm text-gray-700 transition-colors duration-200 group-hover:text-gray-900 \">:<\/td>\n<td class=\"px-2 py-2 text-sm text-gray-700 transition-colors duration-200 group-hover:text-gray-900 \" class=\"px-2 py-2 text-sm text-gray-700 transition-colors duration-200 group-hover:text-gray-900 \">1100x1100x940 mm<\/td>\n<\/tr>\n<tr class=\"transition-all duration-200 ease-in-out group hover:bg-red-50 \" class=\"transition-all duration-200 ease-in-out group hover:bg-red-50 \">\n<td class=\"px-2 py-2 text-sm text-gray-700 transition-colors duration-200 group-hover:text-gray-900 \" class=\"px-2 py-2 text-sm text-gray-700 transition-colors duration-200 group-hover:text-gray-900 \"><strong class=\"font-cal-sans\">C\u00f4ng su\u1ea5t<\/strong><\/td>\n<td class=\"px-2 py-2 text-sm text-gray-700 transition-colors duration-200 group-hover:text-gray-900 \" class=\"px-2 py-2 text-sm text-gray-700 transition-colors duration-200 group-hover:text-gray-900 \">:<\/td>\n<td class=\"px-2 py-2 text-sm text-gray-700 transition-colors duration-200 group-hover:text-gray-900 \" class=\"px-2 py-2 text-sm text-gray-700 transition-colors duration-200 group-hover:text-gray-900 \">1.1 Kw<\/td>\n<\/tr>\n<tr class=\"transition-all duration-200 ease-in-out group hover:bg-red-50 \" class=\"transition-all duration-200 ease-in-out group hover:bg-red-50 \">\n<td class=\"px-2 py-2 text-sm text-gray-700 transition-colors duration-200 group-hover:text-gray-900 \" class=\"px-2 py-2 text-sm text-gray-700 transition-colors duration-200 group-hover:text-gray-900 \"><strong class=\"font-cal-sans\">L\u01b0u l\u01b0\u1ee3ng<\/strong><\/td>\n<td class=\"px-2 py-2 text-sm text-gray-700 transition-colors duration-200 group-hover:text-gray-900 \" class=\"px-2 py-2 text-sm text-gray-700 transition-colors duration-200 group-hover:text-gray-900 \">:<\/td>\n<td class=\"px-2 py-2 text-sm text-gray-700 transition-colors duration-200 group-hover:text-gray-900 \" class=\"px-2 py-2 text-sm text-gray-700 transition-colors duration-200 group-hover:text-gray-900 \">18.000 m3\/h<\/td>\n<\/tr>\n<tr class=\"transition-all duration-200 ease-in-out group hover:bg-red-50 \" class=\"transition-all duration-200 ease-in-out group hover:bg-red-50 \">\n<td class=\"px-2 py-2 text-sm text-gray-700 transition-colors duration-200 group-hover:text-gray-900 \" class=\"px-2 py-2 text-sm text-gray-700 transition-colors duration-200 group-hover:text-gray-900 \"><strong class=\"font-cal-sans\">B\u1ea3o h\u00e0nh<\/strong><\/td>\n<td class=\"px-2 py-2 text-sm text-gray-700 transition-colors duration-200 group-hover:text-gray-900 \" class=\"px-2 py-2 text-sm text-gray-700 transition-colors duration-200 group-hover:text-gray-900 \">:<\/td>\n<td class=\"px-2 py-2 text-sm text-gray-700 transition-colors duration-200 group-hover:text-gray-900 \" class=\"px-2 py-2 text-sm text-gray-700 transition-colors duration-200 group-hover:text-gray-900 \">12 th\u00e1ng<\/td>\n<\/tr>\n<tr class=\"transition-all duration-200 ease-in-out group hover:bg-red-50 \" class=\"transition-all duration-200 ease-in-out group hover:bg-red-50 \">\n<td class=\"px-2 py-2 text-sm text-gray-700 transition-colors duration-200 group-hover:text-gray-900 \" class=\"px-2 py-2 text-sm text-gray-700 transition-colors duration-200 group-hover:text-gray-900 \"><strong class=\"font-cal-sans\">Xu\u1ea5t x\u1ee9<\/strong><\/td>\n<td class=\"px-2 py-2 text-sm text-gray-700 transition-colors duration-200 group-hover:text-gray-900 \" class=\"px-2 py-2 text-sm text-gray-700 transition-colors duration-200 group-hover:text-gray-900 \">:<\/td>\n<td class=\"px-2 py-2 text-sm text-gray-700 transition-colors duration-200 group-hover:text-gray-900 \" class=\"px-2 py-2 text-sm text-gray-700 transition-colors duration-200 group-hover:text-gray-900 \">Vi\u1ec7t nam<\/td>\n<\/tr>\n<\/tbody>\n<\/table><\/div><\/div>\n","protected":false},"featured_media":43,"template":"","meta":{"footnotes":""},"product_cat":[6],"product_tag":[],"ztteam_product_brand":[],"class_list":["post-42","product","type-product","status-publish","has-post-thumbnail","hentry","product_cat-may-lam-mat-cong-nghiep"],"meta_box":{"_sku":"VF 18000","_regular_price":"12246111","_sale_price":"10030145","_price":"10030145","_stock_status":"instock","_stock":"50","_manage_stock":"1","_weight":"","_length":"","_width":"","_height":"","_product_image_gallery":[{"width":150,"height":150,"file":"2026\/03\/may-lam-mat-cong-nghiep-co-dinh-Aircooler-18000-2.png","filesize":157179,"sizes":[],"image_meta":{"aperture":"0","credit":"","camera":"","caption":"","created_timestamp":"0","copyright":"","focal_length":"0","iso":"0","shutter_speed":"0","title":"","orientation":"0","keywords":[]},"ID":"43","name":"may-lam-mat-cong-nghiep-co-dinh-Aircooler-18000-2.png","path":"\/home\/dev.wptheme.store\/public_html\/s\/wpquat\/wp-content\/uploads\/2026\/03\/may-lam-mat-cong-nghiep-co-dinh-Aircooler-18000-2.png","url":"https:\/\/dev.wptheme.store\/s\/wpquat\/wp-content\/uploads\/2026\/03\/may-lam-mat-cong-nghiep-co-dinh-Aircooler-18000-2.png","full_url":"https:\/\/dev.wptheme.store\/s\/wpquat\/wp-content\/uploads\/2026\/03\/may-lam-mat-cong-nghiep-co-dinh-Aircooler-18000-2.png","title":"M\u00e1y L\u00e0m M\u00e1t C\u1ed1 \u0110\u1ecbnh C\u00f4ng Nghi\u1ec7p Aircooler 18000","caption":"","description":"","alt":"","srcset":false}],"_featured":"0","_visibility":"visible","_virtual":"","_downloadable":"","product_type":"simple","product_attributes":[],"color_variations":[],"size_variations":[],"storage_variations":[],"material_variations":[]},"_links":{"self":[{"href":"https:\/\/dev.wptheme.store\/s\/wpquat\/wp-json\/wp\/v2\/product\/42","targetHints":{"allow":["GET"]}}],"collection":[{"href":"https:\/\/dev.wptheme.store\/s\/wpquat\/wp-json\/wp\/v2\/product"}],"about":[{"href":"https:\/\/dev.wptheme.store\/s\/wpquat\/wp-json\/wp\/v2\/types\/product"}],"version-history":[{"count":0,"href":"https:\/\/dev.wptheme.store\/s\/wpquat\/wp-json\/wp\/v2\/product\/42\/revisions"}],"wp:featuredmedia":[{"embeddable":true,"href":"https:\/\/dev.wptheme.store\/s\/wpquat\/wp-json\/wp\/v2\/media\/43"}],"wp:attachment":[{"href":"https:\/\/dev.wptheme.store\/s\/wpquat\/wp-json\/wp\/v2\/media?parent=42"}],"wp:term":[{"taxonomy":"product_cat","embeddable":true,"href":"https:\/\/dev.wptheme.store\/s\/wpquat\/wp-json\/wp\/v2\/product_cat?post=42"},{"taxonomy":"product_tag","embeddable":true,"href":"https:\/\/dev.wptheme.store\/s\/wpquat\/wp-json\/wp\/v2\/product_tag?post=42"},{"taxonomy":"ztteam_product_brand","embeddable":true,"href":"https:\/\/dev.wptheme.store\/s\/wpquat\/wp-json\/wp\/v2\/ztteam_product_brand?post=42"}],"curies":[{"name":"wp","href":"https:\/\/api.w.org\/{rel}","templated":true}]}}