{"id":46,"date":"2026-03-16T08:48:54","date_gmt":"2026-03-16T01:48:54","guid":{"rendered":"https:\/\/dev.wptheme.store\/s\/wpquat\/product\/may-lam-mat-cong-nghiep-di-dong-aircooler-18000\/"},"modified":"2026-03-16T08:48:54","modified_gmt":"2026-03-16T01:48:54","slug":"may-lam-mat-cong-nghiep-di-dong-aircooler-18000","status":"publish","type":"product","link":"https:\/\/dev.wptheme.store\/s\/wpquat\/product\/may-lam-mat-cong-nghiep-di-dong-aircooler-18000\/","title":{"rendered":"M\u00e1y L\u00e0m M\u00e1t C\u00f4ng Nghi\u1ec7p Di \u0110\u1ed9ng Aircooler 18000"},"content":{"rendered":"<p class=\"mb-4 leading-relaxed\">M\u00e1y l\u00e0m m\u00e1t c\u00f4ng nghi\u1ec7p di \u0111\u1ed9ng Aircooler 18000 l\u00e0 m\u1ed9t trong nh\u1eefng gi\u1ea3i ph\u00e1p t\u1ed1i \u01b0u gi\u00fap l\u00e0m m\u00e1t kh\u00f4ng gian c\u00f4ng nghi\u1ec7p, nh\u00e0 x\u01b0\u1edfng, v\u00e0 c\u00e1c khu v\u1ef1c r\u1ed9ng l\u1edbn. S\u1ea3n ph\u1ea9m n\u00e0y \u0111\u01b0\u1ee3c trang b\u1ecb nh\u1eefng t\u00ednh n\u0103ng hi\u1ec7n \u0111\u1ea1i, d\u1ec5 d\u00e0ng di chuy\u1ec3n v\u00e0 v\u1eadn h\u00e0nh hi\u1ec7u qu\u1ea3 trong m\u00f4i tr\u01b0\u1eddng c\u00f4ng nghi\u1ec7p. D\u01b0\u1edbi \u0111\u00e2y l\u00e0 c\u00e1c th\u00f4ng tin chi ti\u1ebft v\u1ec1 s\u1ea3n ph\u1ea9m:<\/p>\n<h2 class=\"py-2 my-4 text-2xl font-bold border-green-500 border-y border-opacity-10\">Th\u00f4ng s\u1ed1 k\u1ef9 thu\u1eadt m\u00e1y l\u00e0m m\u00e1t c\u00f4ng nghi\u1ec7p di \u0111\u1ed9ng Aircooler 18000<\/h2>\n<ul class=\"mb-4 space-y-1 list-none\">\n<li class=\"flex items-center gap-3 leading-relaxed text-gray-800 \"><div class=\"flex items-center justify-center w-5 h-5 bg-red-100 rounded-full shrink-0\"><svg class=\"w-3 h-3 text-red-600\" fill=\"none\" stroke=\"currentColor\" stroke- viewBox=\"0 0 24 24\"><path stroke-linecap=\"round\" stroke-linejoin=\"round\" d=\"M5 13l4 4L19 7\" \/><\/svg><\/div><div class=\"flex-1\">C\u00f4ng su\u1ea5t: 1100W, ti\u1ebft ki\u1ec7m \u0111i\u1ec7n n\u0103ng, hi\u1ec7u su\u1ea5t cao.<\/div><\/li>\n<li class=\"flex items-center gap-3 leading-relaxed text-gray-800 \"><div class=\"flex items-center justify-center w-5 h-5 bg-red-100 rounded-full shrink-0\"><svg class=\"w-3 h-3 text-red-600\" fill=\"none\" stroke=\"currentColor\" stroke- viewBox=\"0 0 24 24\"><path stroke-linecap=\"round\" stroke-linejoin=\"round\" d=\"M5 13l4 4L19 7\" \/><\/svg><\/div><div class=\"flex-1\">L\u01b0u l\u01b0\u1ee3ng gi\u00f3: T\u1eeb 15,000 m\u00b3\/h \u0111\u1ebfn 18,000 m\u00b3\/h, kh\u1ea3 n\u0103ng l\u00e0m m\u00e1t di\u1ec7n t\u00edch r\u1ed9ng l\u1edbn.<\/div><\/li>\n<li class=\"flex items-center gap-3 leading-relaxed text-gray-800 \"><div class=\"flex items-center justify-center w-5 h-5 bg-red-100 rounded-full shrink-0\"><svg class=\"w-3 h-3 text-red-600\" fill=\"none\" stroke=\"currentColor\" stroke- viewBox=\"0 0 24 24\"><path stroke-linecap=\"round\" stroke-linejoin=\"round\" d=\"M5 13l4 4L19 7\" \/><\/svg><\/div><div class=\"flex-1\">\u0110\u1ed9 \u1ed3n: 65 &#8211; 68dB, \u0111\u1ea3m b\u1ea3o ho\u1ea1t \u0111\u1ed9ng \u00eam \u00e1i m\u00e0 kh\u00f4ng g\u00e2y \u1ea3nh h\u01b0\u1edfng t\u1edbi m\u00f4i tr\u01b0\u1eddng l\u00e0m vi\u1ec7c.<\/div><\/li>\n<li class=\"flex items-center gap-3 leading-relaxed text-gray-800 \"><div class=\"flex items-center justify-center w-5 h-5 bg-red-100 rounded-full shrink-0\"><svg class=\"w-3 h-3 text-red-600\" fill=\"none\" stroke=\"currentColor\" stroke- viewBox=\"0 0 24 24\"><path stroke-linecap=\"round\" stroke-linejoin=\"round\" d=\"M5 13l4 4L19 7\" \/><\/svg><\/div><div class=\"flex-1\">Ngu\u1ed3n \u0111i\u1ec7n: 380V, ph\u00f9 h\u1ee3p v\u1edbi nhi\u1ec1u h\u1ec7 th\u1ed1ng \u0111i\u1ec7n c\u00f4ng nghi\u1ec7p.<\/div><\/li>\n<li class=\"flex items-center gap-3 leading-relaxed text-gray-800 \"><div class=\"flex items-center justify-center w-5 h-5 bg-red-100 rounded-full shrink-0\"><svg class=\"w-3 h-3 text-red-600\" fill=\"none\" stroke=\"currentColor\" stroke- viewBox=\"0 0 24 24\"><path stroke-linecap=\"round\" stroke-linejoin=\"round\" d=\"M5 13l4 4L19 7\" \/><\/svg><\/div><div class=\"flex-1\">Ph\u00e2n ph\u1ed1i ch\u00ednh: ViFan<\/div><\/li>\n<li class=\"flex items-center gap-3 leading-relaxed text-gray-800 \"><div class=\"flex items-center justify-center w-5 h-5 bg-red-100 rounded-full shrink-0\"><svg class=\"w-3 h-3 text-red-600\" fill=\"none\" stroke=\"currentColor\" stroke- viewBox=\"0 0 24 24\"><path stroke-linecap=\"round\" stroke-linejoin=\"round\" d=\"M5 13l4 4L19 7\" \/><\/svg><\/div><div class=\"flex-1\">Linh ki\u1ec7n s\u1ea3n xu\u1ea5t t\u1ea1i: Trung Qu\u1ed1c, l\u1eafp r\u00e1p t\u1ea1i Vi\u1ec7t Nam.<\/div><\/li>\n<li class=\"flex items-center gap-3 leading-relaxed text-gray-800 \"><div class=\"flex items-center justify-center w-5 h-5 bg-red-100 rounded-full shrink-0\"><svg class=\"w-3 h-3 text-red-600\" fill=\"none\" stroke=\"currentColor\" stroke- viewBox=\"0 0 24 24\"><path stroke-linecap=\"round\" stroke-linejoin=\"round\" d=\"M5 13l4 4L19 7\" \/><\/svg><\/div><div class=\"flex-1\">B\u1ea3o h\u00e0nh: 12 th\u00e1ng.<\/div><\/li>\n<\/ul>\n<h2 class=\"py-2 my-4 text-2xl font-bold border-green-500 border-y border-opacity-10\">C\u1ea5u t\u1ea1o m\u00e1y l\u00e0m m\u00e1t c\u00f4ng nghi\u1ec7p di \u0110\u1ed9ng Aircooler 18000<\/h2>\n<p class=\"mb-4 leading-relaxed\">M\u00e1y l\u00e0m m\u00e1t Aircooler 18000 \u0111\u01b0\u1ee3c thi\u1ebft k\u1ebf ch\u1eafc ch\u1eafn, v\u1edbi c\u00e1c th\u00e0nh ph\u1ea7n c\u1ea5u t\u1ea1o ch\u1ea5t l\u01b0\u1ee3ng cao:<\/p>\n<p class=\"mb-4 leading-relaxed\">\u0110\u1ed9ng c\u01a1 100% d\u00e2y \u0111\u1ed3ng: Gi\u00fap m\u00e1y ho\u1ea1t \u0111\u1ed9ng b\u1ec1n b\u1ec9 v\u00e0 \u1ed5n \u0111\u1ecbnh, t\u0103ng tu\u1ed5i th\u1ecd cho s\u1ea3n ph\u1ea9m.<\/p>\n<p class=\"mb-4 leading-relaxed\">Phao ch\u1ed1ng tr\u00e0n v\u00e0 phao c\u01a1 ch\u1ed1ng tr\u00e0n: \u0110\u1ea3m b\u1ea3o an to\u00e0n cho h\u1ec7 th\u1ed1ng, tr\u00e1nh t\u00ecnh tr\u1ea1ng tr\u00e0n n\u01b0\u1edbc, gi\u00fap m\u00e1y v\u1eadn h\u00e0nh \u1ed5n \u0111\u1ecbnh.<\/p>\n<p class=\"mb-4 leading-relaxed\">C\u00e1nh qu\u1ea1t nh\u1ef1a cao c\u1ea5p: \u0110\u01b0\u1ee3c thi\u1ebft k\u1ebf khoa h\u1ecdc \u0111\u1ec3 gi\u1ea3m \u0111\u1ed9 \u1ed3n v\u00e0 t\u0103ng hi\u1ec7u su\u1ea5t l\u00e0m m\u00e1t.<\/p>\n<p class=\"mb-4 leading-relaxed\">V\u1ecf m\u00e1y ch\u1eafc ch\u1eafn: B\u1ec1n b\u1ec9 v\u00e0 ch\u1ed1ng ch\u1ecbu \u0111\u01b0\u1ee3c t\u00e1c \u0111\u1ed9ng t\u1eeb m\u00f4i tr\u01b0\u1eddng c\u00f4ng nghi\u1ec7p.<\/p>\n<p class=\"mb-4 leading-relaxed\">M\u00e1y l\u00e0m m\u00e1t c\u00f4ng nghi\u1ec7p di \u0111\u1ed9ng Aircooler 18000 c\u00f3 4 b\u00e1nh xe linh ho\u1ea1t gi\u00fap vi\u1ec7c di chuy\u1ec3n d\u1ec5 d\u00e0ng, th\u00edch h\u1ee3p cho c\u00e1c kh\u00f4ng gian c\u1ea7n l\u00e0m m\u00e1t nhanh ch\u00f3ng v\u00e0 hi\u1ec7u qu\u1ea3.<\/p>\n<figure class=\"my-6 text-center\"><img><figcaption>C\u1ea5u T\u1ea1o M\u00e1y L\u00e0m M\u00e1t C\u00f4ng Nghi\u1ec7p Di \u0110\u1ed9ng<\/figcaption><\/figure>\n<h2 class=\"py-2 my-4 text-2xl font-bold border-green-500 border-y border-opacity-10\">\u1ee8ng D\u1ee5ng c\u1ee7a <span>qu\u1ea1t h\u01a1i n\u01b0\u1edbc c\u00f4ng nghi\u1ec7p Air Cooler<\/span><\/h2>\n<p class=\"mb-4 leading-relaxed\">M\u00e1y l\u00e0m m\u00e1t c\u00f4ng nghi\u1ec7p Aircooler 18000 l\u00e0 l\u1ef1a ch\u1ecdn l\u00fd t\u01b0\u1edfng cho c\u00e1c m\u00f4i tr\u01b0\u1eddng c\u00f4ng nghi\u1ec7p v\u00e0 kh\u00f4ng gian r\u1ed9ng l\u1edbn:<\/p>\n<p class=\"mb-4 leading-relaxed\">M\u00e1y l\u00e0m m\u00e1t nh\u00e0 x\u01b0\u1edfng: Gi\u00fap gi\u1ea3m nhi\u1ec7t \u0111\u1ed9 trong c\u00e1c nh\u00e0 x\u01b0\u1edfng, kho b\u00e3i, n\u00e2ng cao hi\u1ec7u qu\u1ea3 l\u00e0m vi\u1ec7c.<\/p>\n<p class=\"mb-4 leading-relaxed\">Qu\u1ea1t h\u01a1i n\u01b0\u1edbc c\u00f4ng su\u1ea5t l\u1edbn: \u0110\u1ea3m b\u1ea3o kh\u00f4ng kh\u00ed lu\u00f4n m\u00e1t m\u1ebb, \u0111\u1eb7c bi\u1ec7t trong m\u00f4i tr\u01b0\u1eddng l\u00e0m vi\u1ec7c c\u00f3 nhi\u1ec1u thi\u1ebft b\u1ecb ho\u1ea1t \u0111\u1ed9ng li\u00ean t\u1ee5c.<\/p>\n<p class=\"mb-4 leading-relaxed\">Qu\u1ea1t h\u01a1i n\u01b0\u1edbc c\u00f4ng nghi\u1ec7p: C\u00f3 th\u1ec3 di chuy\u1ec3n \u0111\u1ebfn b\u1ea5t k\u1ef3 v\u1ecb tr\u00ed n\u00e0o trong kh\u00f4ng gian, mang l\u1ea1i s\u1ef1 linh ho\u1ea1t t\u1ed1i \u01b0u.<\/p>\n<p class=\"mb-4 leading-relaxed\">Ngo\u00e0i ra, qu\u1ea1t h\u01a1i n\u01b0\u1edbc c\u0169ng c\u00f3 th\u1ec3 \u0111\u01b0\u1ee3c s\u1eed d\u1ee5ng trong c\u00e1c khu v\u1ef1c s\u1ef1 ki\u1ec7n ngo\u00e0i tr\u1eddi ho\u1eb7c trong c\u00e1c m\u00f4i tr\u01b0\u1eddng c\u00f3 nhi\u1ec7t \u0111\u1ed9 cao, gi\u00fap t\u1ea1o kh\u00f4ng gian m\u00e1t m\u1ebb cho ng\u01b0\u1eddi tham gia.<\/p>\n<p class=\"mb-4 leading-relaxed\">&nbsp;<\/p>\n<figure class=\"my-6 text-center\"><img><figcaption>H\u00ecnh Th\u1eadt M\u00e1y L\u00e0m M\u00e1t C\u00f4ng Nghi\u1ec7p Di \u0110\u1ed9ng Aircooler 18000<\/figcaption><\/figure>\n<h2 class=\"py-2 my-4 text-2xl font-bold border-green-500 border-y border-opacity-10\">L\u1ee3i \u00edch qu\u1ea1t h\u01a1i n\u01b0\u1edbc c\u00f4ng nghi\u1ec7p Aircooler 18000 di \u0111\u1ed9ng<\/h2>\n<p class=\"mb-4 leading-relaxed\">Di \u0111\u1ed9ng v\u00e0 ti\u1ec7n l\u1ee3i: M\u00e1y c\u00f3 4 b\u00e1nh xe gi\u00fap d\u1ec5 d\u00e0ng di chuy\u1ec3n \u0111\u1ebfn m\u1ecdi v\u1ecb tr\u00ed, \u0111\u00e1p \u1ee9ng nhu c\u1ea7u l\u00e0m m\u00e1t t\u1ee9c th\u1eddi.<\/p>\n<p class=\"mb-4 leading-relaxed\">Hi\u1ec7u qu\u1ea3 l\u00e0m m\u00e1t cao: L\u01b0u l\u01b0\u1ee3ng gi\u00f3 l\u00ean t\u1edbi 18,000 m\u00b3\/h gi\u00fap l\u00e0m m\u00e1t di\u1ec7n t\u00edch r\u1ed9ng, ti\u1ebft ki\u1ec7m th\u1eddi gian v\u00e0 n\u0103ng l\u01b0\u1ee3ng.<\/p>\n<p class=\"mb-4 leading-relaxed\">Ch\u1ed1ng tr\u00e0n hi\u1ec7u qu\u1ea3: Phao c\u01a1 ch\u1ed1ng tr\u00e0n v\u00e0 c\u00e1c h\u1ec7 th\u1ed1ng b\u1ea3o v\u1ec7 gi\u00fap b\u1ea3o \u0111\u1ea3m an to\u00e0n trong qu\u00e1 tr\u00ecnh s\u1eed d\u1ee5ng.<\/p>\n<p class=\"mb-4 leading-relaxed\">Ti\u1ebft ki\u1ec7m chi ph\u00ed: So v\u1edbi \u0111i\u1ec1u h\u00f2a c\u00f4ng nghi\u1ec7p, m\u00e1y l\u00e0m m\u00e1t h\u01a1i n\u01b0\u1edbc di \u0111\u1ed9ng ti\u00eau th\u1ee5 \u00edt n\u0103ng l\u01b0\u1ee3ng, gi\u00fap ti\u1ebft ki\u1ec7m chi ph\u00ed v\u1eadn h\u00e0nh.<\/p>\n<figure class=\"my-6 text-center\"><img><figcaption>H\u01b0\u1edbng Th\u1ed5i M\u00e1y L\u00e0m M\u00e1t H\u01a1i N\u01b0\u1edbc Air Cooler<\/figcaption><\/figure>\n<h2 class=\"py-2 my-4 text-2xl font-bold border-green-500 border-y border-opacity-10\">Mua m\u00e1y l\u00e0m m\u00e1t c\u00f4ng nghi\u1ec7p di \u0111\u1ed9ng Aircooler 18000 \u1edf \u0111\u00e2u?<\/h2>\n<p class=\"mb-4 leading-relaxed\">ViFan l\u00e0 \u0111\u1ecba ch\u1ec9 uy t\u00edn chuy\u00ean cung c\u1ea5p c\u00e1c d\u00f2ng m\u00e1y l\u00e0m m\u00e1t c\u00f4ng nghi\u1ec7p, bao g\u1ed3m c\u00e1c d\u00f2ng qu\u1ea1t h\u01a1i n\u01b0\u1edbc, <a href=\"https:\/\/quatcongnghiepvifan.com\/may-lam-mat-cong-nghiep\/\" class=\"text-red-900\">m\u00e1y l\u00e0m m\u00e1t c\u00f4ng nghi\u1ec7p<\/a>, v\u00e0 c\u00e1c gi\u1ea3i ph\u00e1p l\u00e0m m\u00e1t ti\u00ean ti\u1ebfn. Ch\u00fang t\u00f4i cung c\u1ea5p qu\u1ea1t c\u00f4ng nghi\u1ec7p h\u01a1i n\u01b0\u1edbc ch\u1ea5t l\u01b0\u1ee3ng, b\u1ea3o h\u00e0nh ch\u00ednh h\u00e3ng, v\u00e0 h\u1ed7 tr\u1ee3 v\u1eadn chuy\u1ec3n l\u1eafp \u0111\u1eb7t t\u1eadn n\u01a1i.<\/p>\n<p class=\"mb-4 leading-relaxed\">Li\u00ean h\u1ec7 ngay v\u1edbi ch\u00fang t\u00f4i \u0111\u1ec3 \u0111\u01b0\u1ee3c t\u01b0 v\u1ea5n v\u00e0 l\u1ef1a ch\u1ecdn m\u00e1y l\u00e0m m\u00e1t ph\u00f9 h\u1ee3p cho kh\u00f4ng gian c\u1ee7a b\u1ea1n!<\/p>\n<p class=\"mb-4 leading-relaxed\">Qu\u00fd kh\u00e1ch h\u00e0ng c\u00f3 th\u1ec3 tham kh\u1ea3o th\u00eam:<\/p>\n<p class=\"mb-4 leading-relaxed\"><a href=\"https:\/\/quatcongnghiepvifan.com\/may-lam-mat-cong-nghiep-co-dinh-aircooler-50000\/\" class=\"text-red-900\">M\u00e1y L\u00e0m M\u00e1t C\u00f4ng Nghi\u1ec7p C\u1ed1 \u0110\u1ecbnh Aircooler 50000<\/a><\/p>\n<p class=\"mb-4 leading-relaxed\"><a href=\"https:\/\/quatcongnghiepvifan.com\/may-lam-mat-cong-nghiep-co-dinh-aircooler-40000\/\" class=\"text-red-900\">M\u00e1y L\u00e0m M\u00e1t C\u00f4ng Nghi\u1ec7p C\u1ed1 \u0110\u1ecbnh Aircooler 40000<\/a><\/p>\n","protected":false},"excerpt":{"rendered":"<div class=\"my-4 overflow-hidden bg-white rounded-lg shadow-xl \"><div class=\"overflow-x-auto\"><table class=\"min-w-full\" class=\"min-w-full\">\n<tbody class=\"bg-white divide-y divide-gray-100 \" class=\"bg-white divide-y divide-gray-100 \">\n<tr class=\"transition-all duration-200 ease-in-out group hover:bg-red-50 \" class=\"transition-all duration-200 ease-in-out group hover:bg-red-50 \">\n<td class=\"px-2 py-2 text-sm text-gray-700 transition-colors duration-200 group-hover:text-gray-900 \" class=\"px-2 py-2 text-sm text-gray-700 transition-colors duration-200 group-hover:text-gray-900 \"><strong class=\"font-cal-sans\">M\u00e3 s\u1ea3n ph\u1ea9m<\/strong><\/td>\n<td class=\"px-2 py-2 text-sm text-gray-700 transition-colors duration-200 group-hover:text-gray-900 \" class=\"px-2 py-2 text-sm text-gray-700 transition-colors duration-200 group-hover:text-gray-900 \">:<\/td>\n<td class=\"px-2 py-2 text-sm text-gray-700 transition-colors duration-200 group-hover:text-gray-900 \" class=\"px-2 py-2 text-sm text-gray-700 transition-colors duration-200 group-hover:text-gray-900 \">VF 18<\/td>\n<\/tr>\n<tr class=\"transition-all duration-200 ease-in-out group hover:bg-red-50 \" class=\"transition-all duration-200 ease-in-out group hover:bg-red-50 \">\n<td class=\"px-2 py-2 text-sm text-gray-700 transition-colors duration-200 group-hover:text-gray-900 \" class=\"px-2 py-2 text-sm text-gray-700 transition-colors duration-200 group-hover:text-gray-900 \"><strong class=\"font-cal-sans\">Th\u01b0\u01a1ng hi\u1ec7u<\/strong><\/td>\n<td class=\"px-2 py-2 text-sm text-gray-700 transition-colors duration-200 group-hover:text-gray-900 \" class=\"px-2 py-2 text-sm text-gray-700 transition-colors duration-200 group-hover:text-gray-900 \">:<\/td>\n<td class=\"px-2 py-2 text-sm text-gray-700 transition-colors duration-200 group-hover:text-gray-900 \" class=\"px-2 py-2 text-sm text-gray-700 transition-colors duration-200 group-hover:text-gray-900 \">Aircooler<\/td>\n<\/tr>\n<tr class=\"transition-all duration-200 ease-in-out group hover:bg-red-50 \" class=\"transition-all duration-200 ease-in-out group hover:bg-red-50 \">\n<td class=\"px-2 py-2 text-sm text-gray-700 transition-colors duration-200 group-hover:text-gray-900 \" class=\"px-2 py-2 text-sm text-gray-700 transition-colors duration-200 group-hover:text-gray-900 \"><strong class=\"font-cal-sans\">K\u00edch th\u01b0\u1edbc<\/strong><\/td>\n<td class=\"px-2 py-2 text-sm text-gray-700 transition-colors duration-200 group-hover:text-gray-900 \" class=\"px-2 py-2 text-sm text-gray-700 transition-colors duration-200 group-hover:text-gray-900 \">:<\/td>\n<td class=\"px-2 py-2 text-sm text-gray-700 transition-colors duration-200 group-hover:text-gray-900 \" class=\"px-2 py-2 text-sm text-gray-700 transition-colors duration-200 group-hover:text-gray-900 \">1100x1100x1950 mm<\/td>\n<\/tr>\n<tr class=\"transition-all duration-200 ease-in-out group hover:bg-red-50 \" class=\"transition-all duration-200 ease-in-out group hover:bg-red-50 \">\n<td class=\"px-2 py-2 text-sm text-gray-700 transition-colors duration-200 group-hover:text-gray-900 \" class=\"px-2 py-2 text-sm text-gray-700 transition-colors duration-200 group-hover:text-gray-900 \"><strong class=\"font-cal-sans\">C\u00f4ng su\u1ea5t<\/strong><\/td>\n<td class=\"px-2 py-2 text-sm text-gray-700 transition-colors duration-200 group-hover:text-gray-900 \" class=\"px-2 py-2 text-sm text-gray-700 transition-colors duration-200 group-hover:text-gray-900 \">:<\/td>\n<td class=\"px-2 py-2 text-sm text-gray-700 transition-colors duration-200 group-hover:text-gray-900 \" class=\"px-2 py-2 text-sm text-gray-700 transition-colors duration-200 group-hover:text-gray-900 \">1.1 Kw<\/td>\n<\/tr>\n<tr class=\"transition-all duration-200 ease-in-out group hover:bg-red-50 \" class=\"transition-all duration-200 ease-in-out group hover:bg-red-50 \">\n<td class=\"px-2 py-2 text-sm text-gray-700 transition-colors duration-200 group-hover:text-gray-900 \" class=\"px-2 py-2 text-sm text-gray-700 transition-colors duration-200 group-hover:text-gray-900 \"><strong class=\"font-cal-sans\">L\u01b0u l\u01b0\u1ee3ng<\/strong><\/td>\n<td class=\"px-2 py-2 text-sm text-gray-700 transition-colors duration-200 group-hover:text-gray-900 \" class=\"px-2 py-2 text-sm text-gray-700 transition-colors duration-200 group-hover:text-gray-900 \">:<\/td>\n<td class=\"px-2 py-2 text-sm text-gray-700 transition-colors duration-200 group-hover:text-gray-900 \" class=\"px-2 py-2 text-sm text-gray-700 transition-colors duration-200 group-hover:text-gray-900 \">18.000 m3\/h<\/td>\n<\/tr>\n<tr class=\"transition-all duration-200 ease-in-out group hover:bg-red-50 \" class=\"transition-all duration-200 ease-in-out group hover:bg-red-50 \">\n<td class=\"px-2 py-2 text-sm text-gray-700 transition-colors duration-200 group-hover:text-gray-900 \" class=\"px-2 py-2 text-sm text-gray-700 transition-colors duration-200 group-hover:text-gray-900 \"><strong class=\"font-cal-sans\">B\u1ea3o h\u00e0nh<\/strong><\/td>\n<td class=\"px-2 py-2 text-sm text-gray-700 transition-colors duration-200 group-hover:text-gray-900 \" class=\"px-2 py-2 text-sm text-gray-700 transition-colors duration-200 group-hover:text-gray-900 \">:<\/td>\n<td class=\"px-2 py-2 text-sm text-gray-700 transition-colors duration-200 group-hover:text-gray-900 \" class=\"px-2 py-2 text-sm text-gray-700 transition-colors duration-200 group-hover:text-gray-900 \">12 th\u00e1ng<\/td>\n<\/tr>\n<tr class=\"transition-all duration-200 ease-in-out group hover:bg-red-50 \" class=\"transition-all duration-200 ease-in-out group hover:bg-red-50 \">\n<td class=\"px-2 py-2 text-sm text-gray-700 transition-colors duration-200 group-hover:text-gray-900 \" class=\"px-2 py-2 text-sm text-gray-700 transition-colors duration-200 group-hover:text-gray-900 \"><strong class=\"font-cal-sans\">Xu\u1ea5t x\u1ee9<\/strong><\/td>\n<td class=\"px-2 py-2 text-sm text-gray-700 transition-colors duration-200 group-hover:text-gray-900 \" class=\"px-2 py-2 text-sm text-gray-700 transition-colors duration-200 group-hover:text-gray-900 \">:<\/td>\n<td class=\"px-2 py-2 text-sm text-gray-700 transition-colors duration-200 group-hover:text-gray-900 \" class=\"px-2 py-2 text-sm text-gray-700 transition-colors duration-200 group-hover:text-gray-900 \">Vi\u1ec7t nam<\/td>\n<\/tr>\n<\/tbody>\n<\/table><\/div><\/div>\n","protected":false},"featured_media":47,"template":"","meta":{"footnotes":""},"product_cat":[6],"product_tag":[],"ztteam_product_brand":[],"class_list":["post-46","product","type-product","status-publish","has-post-thumbnail","hentry","product_cat-may-lam-mat-cong-nghiep"],"meta_box":{"_sku":"VF 18","_regular_price":"14328045","_sale_price":"11597304","_price":"11597304","_stock_status":"instock","_stock":"50","_manage_stock":"1","_weight":"","_length":"","_width":"","_height":"","_product_image_gallery":[{"width":150,"height":150,"file":"2026\/03\/may-lam-mat-cong-nghiep-aircooler-18000-1.png","filesize":112341,"sizes":[],"image_meta":{"aperture":"0","credit":"","camera":"","caption":"","created_timestamp":"0","copyright":"","focal_length":"0","iso":"0","shutter_speed":"0","title":"","orientation":"0","keywords":[]},"ID":"47","name":"may-lam-mat-cong-nghiep-aircooler-18000-1.png","path":"\/home\/dev.wptheme.store\/public_html\/s\/wpquat\/wp-content\/uploads\/2026\/03\/may-lam-mat-cong-nghiep-aircooler-18000-1.png","url":"https:\/\/dev.wptheme.store\/s\/wpquat\/wp-content\/uploads\/2026\/03\/may-lam-mat-cong-nghiep-aircooler-18000-1.png","full_url":"https:\/\/dev.wptheme.store\/s\/wpquat\/wp-content\/uploads\/2026\/03\/may-lam-mat-cong-nghiep-aircooler-18000-1.png","title":"M\u00e1y L\u00e0m M\u00e1t C\u00f4ng Nghi\u1ec7p Di \u0110\u1ed9ng Aircooler 18000","caption":"","description":"","alt":"","srcset":false}],"_featured":"0","_visibility":"visible","_virtual":"","_downloadable":"","product_type":"simple","product_attributes":[],"color_variations":[],"size_variations":[],"storage_variations":[],"material_variations":[]},"_links":{"self":[{"href":"https:\/\/dev.wptheme.store\/s\/wpquat\/wp-json\/wp\/v2\/product\/46","targetHints":{"allow":["GET"]}}],"collection":[{"href":"https:\/\/dev.wptheme.store\/s\/wpquat\/wp-json\/wp\/v2\/product"}],"about":[{"href":"https:\/\/dev.wptheme.store\/s\/wpquat\/wp-json\/wp\/v2\/types\/product"}],"version-history":[{"count":0,"href":"https:\/\/dev.wptheme.store\/s\/wpquat\/wp-json\/wp\/v2\/product\/46\/revisions"}],"wp:featuredmedia":[{"embeddable":true,"href":"https:\/\/dev.wptheme.store\/s\/wpquat\/wp-json\/wp\/v2\/media\/47"}],"wp:attachment":[{"href":"https:\/\/dev.wptheme.store\/s\/wpquat\/wp-json\/wp\/v2\/media?parent=46"}],"wp:term":[{"taxonomy":"product_cat","embeddable":true,"href":"https:\/\/dev.wptheme.store\/s\/wpquat\/wp-json\/wp\/v2\/product_cat?post=46"},{"taxonomy":"product_tag","embeddable":true,"href":"https:\/\/dev.wptheme.store\/s\/wpquat\/wp-json\/wp\/v2\/product_tag?post=46"},{"taxonomy":"ztteam_product_brand","embeddable":true,"href":"https:\/\/dev.wptheme.store\/s\/wpquat\/wp-json\/wp\/v2\/ztteam_product_brand?post=46"}],"curies":[{"name":"wp","href":"https:\/\/api.w.org\/{rel}","templated":true}]}}