{"id":52,"date":"2026-03-16T08:48:58","date_gmt":"2026-03-16T01:48:58","guid":{"rendered":"https:\/\/dev.wptheme.store\/s\/wpquat\/product\/quat-cat-gio-1m5\/"},"modified":"2026-03-16T08:48:58","modified_gmt":"2026-03-16T01:48:58","slug":"quat-cat-gio-1m5","status":"publish","type":"product","link":"https:\/\/dev.wptheme.store\/s\/wpquat\/product\/quat-cat-gio-1m5\/","title":{"rendered":"Qu\u1ea1t C\u1eaft Gi\u00f3 1M5"},"content":{"rendered":"<p class=\"mb-4 leading-relaxed\">Qu\u1ea1t c\u1eaft gi\u00f3 1m5, c\u00f2n g\u1ecdi l\u00e0 qu\u1ea1t ch\u1eafn gi\u00f3 hay m\u00e1y c\u1eaft gi\u00f3 \u0111i\u1ec1u h\u00f2a, l\u00e0 thi\u1ebft b\u1ecb chuy\u00ean d\u1ee5ng gi\u00fap ng\u0103n kh\u00ed l\u1ea1nh tho\u00e1t ra v\u00e0 kh\u00ed n\u00f3ng x\u00e2m nh\u1eadp v\u00e0o kh\u00f4ng gian s\u1eed d\u1ee5ng \u0111i\u1ec1u h\u00f2a. V\u1edbi m\u00e3 s\u1ea3n ph\u1ea9m FM-1215 t\u1eeb th\u01b0\u01a1ng hi\u1ec7u ViFan, \u0111\u00e2y l\u00e0 s\u1ef1 l\u1ef1a ch\u1ecdn l\u00fd t\u01b0\u1edfng \u0111\u1ec3 ti\u1ebft ki\u1ec7m n\u0103ng l\u01b0\u1ee3ng v\u00e0 t\u0103ng hi\u1ec7u qu\u1ea3 l\u00e0m l\u1ea1nh.<\/p>\n<h2 class=\"py-2 my-4 text-2xl font-bold border-green-500 border-y border-opacity-10\">Th\u00f4ng s\u1ed1 k\u1ef9 thu\u1eadt qu\u1ea1t c\u1eaft gi\u00f3 1m5 vifan FM-1215<\/h2>\n<ul class=\"mb-4 space-y-1 list-none\">\n<li class=\"flex items-center gap-3 leading-relaxed text-gray-800 \"><div class=\"flex items-center justify-center w-5 h-5 bg-red-100 rounded-full shrink-0\"><svg class=\"w-3 h-3 text-red-600\" fill=\"none\" stroke=\"currentColor\" stroke- viewBox=\"0 0 24 24\"><path stroke-linecap=\"round\" stroke-linejoin=\"round\" d=\"M5 13l4 4L19 7\" \/><\/svg><\/div><div class=\"flex-1\">M\u00e3 s\u1ea3n ph\u1ea9m: FM-1215<\/div><\/li>\n<li class=\"flex items-center gap-3 leading-relaxed text-gray-800 \"><div class=\"flex items-center justify-center w-5 h-5 bg-red-100 rounded-full shrink-0\"><svg class=\"w-3 h-3 text-red-600\" fill=\"none\" stroke=\"currentColor\" stroke- viewBox=\"0 0 24 24\"><path stroke-linecap=\"round\" stroke-linejoin=\"round\" d=\"M5 13l4 4L19 7\" \/><\/svg><\/div><div class=\"flex-1\">Th\u01b0\u01a1ng hi\u1ec7u: ViFan<\/div><\/li>\n<li class=\"flex items-center gap-3 leading-relaxed text-gray-800 \"><div class=\"flex items-center justify-center w-5 h-5 bg-red-100 rounded-full shrink-0\"><svg class=\"w-3 h-3 text-red-600\" fill=\"none\" stroke=\"currentColor\" stroke- viewBox=\"0 0 24 24\"><path stroke-linecap=\"round\" stroke-linejoin=\"round\" d=\"M5 13l4 4L19 7\" \/><\/svg><\/div><div class=\"flex-1\">Chi\u1ec1u d\u00e0i: 1.5 m<\/div><\/li>\n<li class=\"flex items-center gap-3 leading-relaxed text-gray-800 \"><div class=\"flex items-center justify-center w-5 h-5 bg-red-100 rounded-full shrink-0\"><svg class=\"w-3 h-3 text-red-600\" fill=\"none\" stroke=\"currentColor\" stroke- viewBox=\"0 0 24 24\"><path stroke-linecap=\"round\" stroke-linejoin=\"round\" d=\"M5 13l4 4L19 7\" \/><\/svg><\/div><div class=\"flex-1\">C\u00f4ng su\u1ea5t: 160 W<\/div><\/li>\n<li class=\"flex items-center gap-3 leading-relaxed text-gray-800 \"><div class=\"flex items-center justify-center w-5 h-5 bg-red-100 rounded-full shrink-0\"><svg class=\"w-3 h-3 text-red-600\" fill=\"none\" stroke=\"currentColor\" stroke- viewBox=\"0 0 24 24\"><path stroke-linecap=\"round\" stroke-linejoin=\"round\" d=\"M5 13l4 4L19 7\" \/><\/svg><\/div><div class=\"flex-1\">L\u01b0u l\u01b0\u1ee3ng gi\u00f3: 2100 m\u00b3\/h<\/div><\/li>\n<li class=\"flex items-center gap-3 leading-relaxed text-gray-800 \"><div class=\"flex items-center justify-center w-5 h-5 bg-red-100 rounded-full shrink-0\"><svg class=\"w-3 h-3 text-red-600\" fill=\"none\" stroke=\"currentColor\" stroke- viewBox=\"0 0 24 24\"><path stroke-linecap=\"round\" stroke-linejoin=\"round\" d=\"M5 13l4 4L19 7\" \/><\/svg><\/div><div class=\"flex-1\">B\u1ea3o h\u00e0nh: 12 th\u00e1ng<\/div><\/li>\n<li class=\"flex items-center gap-3 leading-relaxed text-gray-800 \"><div class=\"flex items-center justify-center w-5 h-5 bg-red-100 rounded-full shrink-0\"><svg class=\"w-3 h-3 text-red-600\" fill=\"none\" stroke=\"currentColor\" stroke- viewBox=\"0 0 24 24\"><path stroke-linecap=\"round\" stroke-linejoin=\"round\" d=\"M5 13l4 4L19 7\" \/><\/svg><\/div><div class=\"flex-1\">Xu\u1ea5t x\u1ee9: Trung Qu\u1ed1c<\/div><\/li>\n<\/ul>\n<h2 class=\"py-2 my-4 text-2xl font-bold border-green-500 border-y border-opacity-10\">\u01afu \u0111i\u1ec3m n\u1ed5i b\u1eadt c\u1ee7a qu\u1ea1t c\u1eaft gi\u00f3 \u0111i\u1ec1u ho\u00e0 1m5<\/h2>\n<p class=\"mb-4 leading-relaxed\">Ti\u1ebft ki\u1ec7m n\u0103ng l\u01b0\u1ee3ng hi\u1ec7u qu\u1ea3: Qu\u1ea1t c\u1eaft gi\u00f3 1m5 t\u1ea1o m\u1ed9t l\u1edbp ch\u1eafn kh\u00f4ng kh\u00ed v\u00f4 h\u00ecnh t\u1ea1i c\u1eeda ra v\u00e0o, gi\u00fap gi\u1ea3m th\u1ea5t tho\u00e1t kh\u00ed l\u1ea1nh, t\u1eeb \u0111\u00f3 t\u1ed1i \u01b0u h\u00f3a c\u00f4ng su\u1ea5t \u0111i\u1ec1u h\u00f2a v\u00e0 ti\u1ebft ki\u1ec7m chi ph\u00ed \u0111i\u1ec7n n\u0103ng.<\/p>\n<p class=\"mb-4 leading-relaxed\">Thi\u1ebft k\u1ebf nh\u1ecf g\u1ecdn, linh ho\u1ea1t: V\u1edbi k\u00edch th\u01b0\u1edbc qu\u1ea1t c\u1eaft gi\u00f3 1m5, thi\u1ebft b\u1ecb d\u1ec5 d\u00e0ng l\u1eafp \u0111\u1eb7t tr\u00ean c\u1eeda ra v\u00e0o c\u1ee7a v\u0103n ph\u00f2ng, nh\u00e0 h\u00e0ng, qu\u00e1n c\u00e0 ph\u00ea, ho\u1eb7c c\u00e1c khu v\u1ef1c kinh doanh.<\/p>\n<p class=\"mb-4 leading-relaxed\">\u0110\u1ed9ng c\u01a1 m\u1ea1nh m\u1ebd, v\u1eadn h\u00e0nh \u00eam \u00e1i: C\u00f4ng su\u1ea5t 200 W k\u1ebft h\u1ee3p v\u1edbi l\u01b0u l\u01b0\u1ee3ng gi\u00f3 2100 m\u00b3\/h gi\u00fap qu\u1ea1t ho\u1ea1t \u0111\u1ed9ng \u1ed5n \u0111\u1ecbnh m\u00e0 kh\u00f4ng g\u00e2y ti\u1ebfng \u1ed3n l\u1edbn.<\/p>\n<p class=\"mb-4 leading-relaxed\">\u0110a ch\u1ee9c n\u0103ng: Ngo\u00e0i vi\u1ec7c ng\u0103n kh\u00ed l\u1ea1nh, qu\u1ea1t c\u00f2n h\u1ea1n ch\u1ebf b\u1ee5i b\u1ea9n, c\u00f4n tr\u00f9ng v\u00e0 ti\u1ebfng \u1ed3n t\u1eeb b\u00ean ngo\u00e0i x\u00e2m nh\u1eadp, gi\u1eef cho kh\u00f4ng gian lu\u00f4n tho\u00e1ng m\u00e1t, s\u1ea1ch s\u1ebd.<\/p>\n<p class=\"mb-4 leading-relaxed\">\u0110\u1ed9 b\u1ec1n cao, b\u1ea3o h\u00e0nh 12 th\u00e1ng: S\u1ea3n ph\u1ea9m \u0111\u01b0\u1ee3c ch\u1ebf t\u1ea1o t\u1eeb v\u1eadt li\u1ec7u b\u1ec1n b\u1ec9, \u0111\u1ea3m b\u1ea3o ho\u1ea1t \u0111\u1ed9ng l\u00e2u d\u00e0i v\u00e0 \u0111\u01b0\u1ee3c b\u1ea3o h\u00e0nh 12 th\u00e1ng ch\u00ednh h\u00e3ng.<\/p>\n<figure class=\"my-6 text-center\"><img><figcaption>Qu\u1ea1t C\u1eaft Gi\u00f3 \u0110i\u1ec1u H\u00f2a 1M5<\/figcaption><\/figure>\n<h2 class=\"py-2 my-4 text-2xl font-bold border-green-500 border-y border-opacity-10\">L\u1ee3i \u00edch khi s\u1eed d\u1ee5ng qu\u1ea1t ch\u1eafn gi\u00f3 1m5<\/h2>\n<p class=\"mb-4 leading-relaxed\">Gi\u1ea3m th\u1ea5t tho\u00e1t kh\u00ed l\u1ea1nh v\u00e0 ti\u1ebft ki\u1ec7m \u0111i\u1ec7n n\u0103ng.<\/p>\n<p class=\"mb-4 leading-relaxed\">Duy tr\u00ec nhi\u1ec7t \u0111\u1ed9 \u1ed5n \u0111\u1ecbnh trong kh\u00f4ng gian s\u1eed d\u1ee5ng \u0111i\u1ec1u h\u00f2a.<\/p>\n<p class=\"mb-4 leading-relaxed\">Gi\u1eef m\u00f4i tr\u01b0\u1eddng s\u1ea1ch s\u1ebd, h\u1ea1n ch\u1ebf b\u1ee5i b\u1ea9n, c\u00f4n tr\u00f9ng.<\/p>\n<p class=\"mb-4 leading-relaxed\">D\u1ec5 d\u00e0ng l\u1eafp \u0111\u1eb7t v\u00e0 ph\u00f9 h\u1ee3p v\u1edbi nhi\u1ec1u k\u00edch th\u01b0\u1edbc c\u1eeda ra v\u00e0o.<\/p>\n<h2 class=\"py-2 my-4 text-2xl font-bold border-green-500 border-y border-opacity-10\">\u1ee8ng d\u1ee5ng c\u1ee7a m\u00e1y c\u1eaft gi\u00f3 1m5 trong \u0111\u1eddi s\u1ed1ng<\/h2>\n<p class=\"mb-4 leading-relaxed\">Qu\u1ea1t c\u1eaft gi\u00f3 1m5 ViFan FM-1215 l\u00e0 gi\u1ea3i ph\u00e1p t\u1ed1i \u01b0u cho:<\/p>\n<p class=\"mb-4 leading-relaxed\">V\u0103n ph\u00f2ng l\u00e0m vi\u1ec7c, c\u1eeda h\u00e0ng, qu\u00e1n c\u00e0 ph\u00ea.<\/p>\n<p class=\"mb-4 leading-relaxed\">Nh\u00e0 h\u00e0ng, kh\u00e1ch s\u1ea1n, trung t\u00e2m th\u01b0\u01a1ng m\u1ea1i.<\/p>\n<p class=\"mb-4 leading-relaxed\">C\u00e1c khu v\u1ef1c c\u1ea7n ng\u0103n c\u00e1ch kh\u00f4ng kh\u00ed nh\u01b0ng v\u1eabn \u0111\u1ea3m b\u1ea3o l\u1ed1i \u0111i th\u00f4ng tho\u00e1ng.<\/p>\n<p class=\"mb-4 leading-relaxed\">Qu\u1ea1t c\u1eaft gi\u00f3 1m5 ViFan FM-1215 mang l\u1ea1i hi\u1ec7u qu\u1ea3 v\u01b0\u1ee3t tr\u1ed9i v\u1edbi m\u1ee9c gi\u00e1 h\u1ee3p l\u00fd. <a href=\"https:\/\/quatcongnghiepvifan.com\/quat-cat-gio-dieu-hoa\/\" class=\"text-red-900\">Gi\u00e1 qu\u1ea1t c\u1eaft gi\u00f3 \u0111i\u1ec1u h\u00f2a<\/a> Vifan \u0111ang \u0111\u01b0\u1ee3c h\u1ed7 tr\u1ee3 nhi\u1ec1u. \u0110\u1ea7u t\u01b0 ngay h\u00f4m nay \u0111\u1ec3 t\u1ed1i \u01b0u h\u00f3a kh\u00f4ng gian v\u00e0 ti\u1ebft ki\u1ec7m chi ph\u00ed v\u1eadn h\u00e0nh!<\/p>\n<p class=\"mb-4 leading-relaxed\">Ngo\u00e0i ra, qu\u00fd kh\u00e1ch c\u00f3 th\u00eam tham kh\u1ea3o m\u1ed9t s\u1ed1 k\u00edch th\u01b0\u1edbc nh\u1ecf h\u01a1n:<\/p>\n<p class=\"mb-4 leading-relaxed\"><a href=\"https:\/\/quatcongnghiepvifan.com\/quat-cat-gio-1m2\/\" class=\"text-red-900\">Qu\u1ea1t C\u1eaft Gi\u00f3 1M2<\/a><\/p>\n<p class=\"mb-4 leading-relaxed\"><a href=\"https:\/\/quatcongnghiepvifan.com\/quat-cat-gio-1m\/\" class=\"text-red-900\">Qu\u1ea1t C\u1eaft Gi\u00f3 1M<\/a><\/p>\n","protected":false},"excerpt":{"rendered":"<div class=\"my-4 overflow-hidden bg-white rounded-lg shadow-xl \"><div class=\"overflow-x-auto\"><table class=\"min-w-full\" class=\"min-w-full\">\n<tbody class=\"bg-white divide-y divide-gray-100 \" class=\"bg-white divide-y divide-gray-100 \">\n<tr class=\"transition-all duration-200 ease-in-out group hover:bg-red-50 \" class=\"transition-all duration-200 ease-in-out group hover:bg-red-50 \">\n<td class=\"px-2 py-2 text-sm text-gray-700 transition-colors duration-200 group-hover:text-gray-900 \" class=\"px-2 py-2 text-sm text-gray-700 transition-colors duration-200 group-hover:text-gray-900 \"><strong class=\"font-cal-sans\">M\u00e3 s\u1ea3n ph\u1ea9m<\/strong><\/td>\n<td class=\"px-2 py-2 text-sm text-gray-700 transition-colors duration-200 group-hover:text-gray-900 \" class=\"px-2 py-2 text-sm text-gray-700 transition-colors duration-200 group-hover:text-gray-900 \">:<\/td>\n<td class=\"px-2 py-2 text-sm text-gray-700 transition-colors duration-200 group-hover:text-gray-900 \" class=\"px-2 py-2 text-sm text-gray-700 transition-colors duration-200 group-hover:text-gray-900 \">FM-1215<\/td>\n<\/tr>\n<tr class=\"transition-all duration-200 ease-in-out group hover:bg-red-50 \" class=\"transition-all duration-200 ease-in-out group hover:bg-red-50 \">\n<td class=\"px-2 py-2 text-sm text-gray-700 transition-colors duration-200 group-hover:text-gray-900 \" class=\"px-2 py-2 text-sm text-gray-700 transition-colors duration-200 group-hover:text-gray-900 \"><strong class=\"font-cal-sans\">Th\u01b0\u01a1ng hi\u1ec7u<\/strong><\/td>\n<td class=\"px-2 py-2 text-sm text-gray-700 transition-colors duration-200 group-hover:text-gray-900 \" class=\"px-2 py-2 text-sm text-gray-700 transition-colors duration-200 group-hover:text-gray-900 \">:<\/td>\n<td class=\"px-2 py-2 text-sm text-gray-700 transition-colors duration-200 group-hover:text-gray-900 \" class=\"px-2 py-2 text-sm text-gray-700 transition-colors duration-200 group-hover:text-gray-900 \">ViFan<\/td>\n<\/tr>\n<tr class=\"transition-all duration-200 ease-in-out group hover:bg-red-50 \" class=\"transition-all duration-200 ease-in-out group hover:bg-red-50 \">\n<td class=\"px-2 py-2 text-sm text-gray-700 transition-colors duration-200 group-hover:text-gray-900 \" class=\"px-2 py-2 text-sm text-gray-700 transition-colors duration-200 group-hover:text-gray-900 \"><strong class=\"font-cal-sans\">Chi\u1ec1u d\u00e0i<\/strong><\/td>\n<td class=\"px-2 py-2 text-sm text-gray-700 transition-colors duration-200 group-hover:text-gray-900 \" class=\"px-2 py-2 text-sm text-gray-700 transition-colors duration-200 group-hover:text-gray-900 \">:<\/td>\n<td class=\"px-2 py-2 text-sm text-gray-700 transition-colors duration-200 group-hover:text-gray-900 \" class=\"px-2 py-2 text-sm text-gray-700 transition-colors duration-200 group-hover:text-gray-900 \">1.5 m<\/td>\n<\/tr>\n<tr class=\"transition-all duration-200 ease-in-out group hover:bg-red-50 \" class=\"transition-all duration-200 ease-in-out group hover:bg-red-50 \">\n<td class=\"px-2 py-2 text-sm text-gray-700 transition-colors duration-200 group-hover:text-gray-900 \" class=\"px-2 py-2 text-sm text-gray-700 transition-colors duration-200 group-hover:text-gray-900 \"><strong class=\"font-cal-sans\">C\u00f4ng su\u1ea5t<\/strong><\/td>\n<td class=\"px-2 py-2 text-sm text-gray-700 transition-colors duration-200 group-hover:text-gray-900 \" class=\"px-2 py-2 text-sm text-gray-700 transition-colors duration-200 group-hover:text-gray-900 \">:<\/td>\n<td class=\"px-2 py-2 text-sm text-gray-700 transition-colors duration-200 group-hover:text-gray-900 \" class=\"px-2 py-2 text-sm text-gray-700 transition-colors duration-200 group-hover:text-gray-900 \">160 W<\/td>\n<\/tr>\n<tr class=\"transition-all duration-200 ease-in-out group hover:bg-red-50 \" class=\"transition-all duration-200 ease-in-out group hover:bg-red-50 \">\n<td class=\"px-2 py-2 text-sm text-gray-700 transition-colors duration-200 group-hover:text-gray-900 \" class=\"px-2 py-2 text-sm text-gray-700 transition-colors duration-200 group-hover:text-gray-900 \"><strong class=\"font-cal-sans\">L\u01b0u l\u01b0\u1ee3ng<\/strong><\/td>\n<td class=\"px-2 py-2 text-sm text-gray-700 transition-colors duration-200 group-hover:text-gray-900 \" class=\"px-2 py-2 text-sm text-gray-700 transition-colors duration-200 group-hover:text-gray-900 \">:<\/td>\n<td class=\"px-2 py-2 text-sm text-gray-700 transition-colors duration-200 group-hover:text-gray-900 \" class=\"px-2 py-2 text-sm text-gray-700 transition-colors duration-200 group-hover:text-gray-900 \">2100 m3\/h<\/td>\n<\/tr>\n<tr class=\"transition-all duration-200 ease-in-out group hover:bg-red-50 \" class=\"transition-all duration-200 ease-in-out group hover:bg-red-50 \">\n<td class=\"px-2 py-2 text-sm text-gray-700 transition-colors duration-200 group-hover:text-gray-900 \" class=\"px-2 py-2 text-sm text-gray-700 transition-colors duration-200 group-hover:text-gray-900 \"><strong class=\"font-cal-sans\">B\u1ea3o h\u00e0nh<\/strong><\/td>\n<td class=\"px-2 py-2 text-sm text-gray-700 transition-colors duration-200 group-hover:text-gray-900 \" class=\"px-2 py-2 text-sm text-gray-700 transition-colors duration-200 group-hover:text-gray-900 \">:<\/td>\n<td class=\"px-2 py-2 text-sm text-gray-700 transition-colors duration-200 group-hover:text-gray-900 \" class=\"px-2 py-2 text-sm text-gray-700 transition-colors duration-200 group-hover:text-gray-900 \">12 th\u00e1ng<\/td>\n<\/tr>\n<tr class=\"transition-all duration-200 ease-in-out group hover:bg-red-50 \" class=\"transition-all duration-200 ease-in-out group hover:bg-red-50 \">\n<td class=\"px-2 py-2 text-sm text-gray-700 transition-colors duration-200 group-hover:text-gray-900 \" class=\"px-2 py-2 text-sm text-gray-700 transition-colors duration-200 group-hover:text-gray-900 \"><strong class=\"font-cal-sans\">Xu\u1ea5t x\u1ee9<\/strong><\/td>\n<td class=\"px-2 py-2 text-sm text-gray-700 transition-colors duration-200 group-hover:text-gray-900 \" class=\"px-2 py-2 text-sm text-gray-700 transition-colors duration-200 group-hover:text-gray-900 \">:<\/td>\n<td class=\"px-2 py-2 text-sm text-gray-700 transition-colors duration-200 group-hover:text-gray-900 \" class=\"px-2 py-2 text-sm text-gray-700 transition-colors duration-200 group-hover:text-gray-900 \">Trung Qu\u1ed1c<\/td>\n<\/tr>\n<\/tbody>\n<\/table><\/div><\/div>\n","protected":false},"featured_media":53,"template":"","meta":{"footnotes":""},"product_cat":[7],"product_tag":[],"ztteam_product_brand":[],"class_list":["post-52","product","type-product","status-publish","has-post-thumbnail","hentry","product_cat-quat-cat-gio-dieu-hoa"],"meta_box":{"_sku":"FM-1215","_regular_price":"14733909","_sale_price":"10194363","_price":"10194363","_stock_status":"instock","_stock":"50","_manage_stock":"1","_weight":"","_length":"","_width":"","_height":"","_product_image_gallery":[{"width":150,"height":150,"file":"2026\/03\/quat-chan-gio-1m5.png","filesize":96146,"sizes":[],"image_meta":{"aperture":"0","credit":"","camera":"","caption":"","created_timestamp":"0","copyright":"","focal_length":"0","iso":"0","shutter_speed":"0","title":"","orientation":"0","keywords":[]},"ID":"53","name":"quat-chan-gio-1m5.png","path":"\/home\/dev.wptheme.store\/public_html\/s\/wpquat\/wp-content\/uploads\/2026\/03\/quat-chan-gio-1m5.png","url":"https:\/\/dev.wptheme.store\/s\/wpquat\/wp-content\/uploads\/2026\/03\/quat-chan-gio-1m5.png","full_url":"https:\/\/dev.wptheme.store\/s\/wpquat\/wp-content\/uploads\/2026\/03\/quat-chan-gio-1m5.png","title":"Qu\u1ea1t Ch\u1eafn Gi\u00f3 1M5","caption":"","description":"","alt":"","srcset":false}],"_featured":"0","_visibility":"visible","_virtual":"","_downloadable":"","product_type":"simple","product_attributes":[],"color_variations":[],"size_variations":[],"storage_variations":[],"material_variations":[]},"_links":{"self":[{"href":"https:\/\/dev.wptheme.store\/s\/wpquat\/wp-json\/wp\/v2\/product\/52","targetHints":{"allow":["GET"]}}],"collection":[{"href":"https:\/\/dev.wptheme.store\/s\/wpquat\/wp-json\/wp\/v2\/product"}],"about":[{"href":"https:\/\/dev.wptheme.store\/s\/wpquat\/wp-json\/wp\/v2\/types\/product"}],"version-history":[{"count":0,"href":"https:\/\/dev.wptheme.store\/s\/wpquat\/wp-json\/wp\/v2\/product\/52\/revisions"}],"wp:featuredmedia":[{"embeddable":true,"href":"https:\/\/dev.wptheme.store\/s\/wpquat\/wp-json\/wp\/v2\/media\/53"}],"wp:attachment":[{"href":"https:\/\/dev.wptheme.store\/s\/wpquat\/wp-json\/wp\/v2\/media?parent=52"}],"wp:term":[{"taxonomy":"product_cat","embeddable":true,"href":"https:\/\/dev.wptheme.store\/s\/wpquat\/wp-json\/wp\/v2\/product_cat?post=52"},{"taxonomy":"product_tag","embeddable":true,"href":"https:\/\/dev.wptheme.store\/s\/wpquat\/wp-json\/wp\/v2\/product_tag?post=52"},{"taxonomy":"ztteam_product_brand","embeddable":true,"href":"https:\/\/dev.wptheme.store\/s\/wpquat\/wp-json\/wp\/v2\/ztteam_product_brand?post=52"}],"curies":[{"name":"wp","href":"https:\/\/api.w.org\/{rel}","templated":true}]}}