{"id":56,"date":"2026-03-16T08:49:01","date_gmt":"2026-03-16T01:49:01","guid":{"rendered":"https:\/\/dev.wptheme.store\/s\/wpquat\/product\/quat-cat-gio-1m\/"},"modified":"2026-03-16T08:49:01","modified_gmt":"2026-03-16T01:49:01","slug":"quat-cat-gio-1m","status":"publish","type":"product","link":"https:\/\/dev.wptheme.store\/s\/wpquat\/product\/quat-cat-gio-1m\/","title":{"rendered":"Qu\u1ea1t C\u1eaft Gi\u00f3 1M"},"content":{"rendered":"<p class=\"mb-4 leading-relaxed\">Qu\u1ea1t c\u1eaft gi\u00f3 1m ViFan FM-1210 l\u00e0 m\u1ed9t trong nh\u1eefng s\u1ea3n ph\u1ea9m n\u1ed5i b\u1eadt c\u1ee7a th\u01b0\u01a1ng hi\u1ec7u ViFan, gi\u00fap duy tr\u00ec kh\u00f4ng gian m\u00e1t m\u1ebb, tho\u1ea3i m\u00e1i, ng\u0103n ng\u1eeba kh\u00ed n\u00f3ng, b\u1ee5i b\u1ea9n v\u00e0 c\u00f4n tr\u00f9ng x\u00e2m nh\u1eadp hi\u1ec7u qu\u1ea3. V\u1edbi c\u00f4ng su\u1ea5t 140W v\u00e0 l\u01b0u l\u01b0\u1ee3ng gi\u00f3 l\u00ean \u0111\u1ebfn 1300 m\u00b3\/h, qu\u1ea1t c\u1eaft gi\u00f3 n\u00e0y l\u00e0 l\u1ef1a ch\u1ecdn l\u00fd t\u01b0\u1edfng cho c\u00e1c kh\u00f4ng gian nh\u01b0 v\u0103n ph\u00f2ng, nh\u00e0 h\u00e0ng, qu\u00e1n c\u00e0 ph\u00ea, trung t\u00e2m th\u01b0\u01a1ng m\u1ea1i, si\u00eau th\u1ecb, v\u00e0 c\u00e1c c\u1eeda h\u00e0ng c\u00f3 nhu c\u1ea7u b\u1ea3o v\u1ec7 m\u00f4i tr\u01b0\u1eddng trong v\u00e0 ngo\u00e0i.<\/p>\n<h2 class=\"py-2 my-4 text-2xl font-bold border-green-500 border-y border-opacity-10\">\u0110i\u1ec3m n\u1ed5i b\u1eadt c\u1ee7a qu\u1ea1t c\u1eaft gi\u00f3 1M ViFan FM-1210<\/h2>\n<p class=\"mb-4 leading-relaxed\">Ti\u1ebft ki\u1ec7m \u0111i\u1ec7n n\u0103ng: V\u1edbi c\u00f4ng su\u1ea5t ch\u1ec9 140W, qu\u1ea1t c\u1eaft gi\u00f3 ViFan FM-1210 gi\u00fap gi\u1ea3m thi\u1ec3u chi ph\u00ed s\u1eed d\u1ee5ng \u0111i\u1ec7n n\u0103ng so v\u1edbi c\u00e1c thi\u1ebft b\u1ecb l\u00e0m m\u00e1t kh\u00e1c, \u0111\u1ed3ng th\u1eddi duy tr\u00ec hi\u1ec7u qu\u1ea3 l\u00e0m m\u00e1t t\u1ed1i \u01b0u.<\/p>\n<p class=\"mb-4 leading-relaxed\">C\u1ea3i thi\u1ec7n kh\u00f4ng kh\u00ed: S\u1ea3n ph\u1ea9m gi\u00fap ng\u0103n ch\u1eb7n kh\u00ed n\u00f3ng, b\u1ee5i b\u1ea9n, v\u00e0 c\u00e1c t\u00e1c nh\u00e2n c\u00f3 h\u1ea1i t\u1eeb m\u00f4i tr\u01b0\u1eddng b\u00ean ngo\u00e0i, duy tr\u00ec m\u1ed9t kh\u00f4ng gian s\u1ea1ch s\u1ebd v\u00e0 tho\u1ea3i m\u00e1i, ph\u00f9 h\u1ee3p v\u1edbi c\u00e1c kh\u00f4ng gian y\u00eau c\u1ea7u ch\u1ea5t l\u01b0\u1ee3ng kh\u00f4ng kh\u00ed cao.<\/p>\n<p class=\"mb-4 leading-relaxed\">L\u1eafp \u0111\u1eb7t d\u1ec5 d\u00e0ng, ph\u00f9 h\u1ee3p nhi\u1ec1u kh\u00f4ng gia: Qu\u1ea1t ch\u1eafn gi\u00f3 \u0111i\u1ec1u h\u00f2a 1m2 c\u00f3 thi\u1ebft k\u1ebf nh\u1ecf g\u1ecdn v\u00e0 d\u1ec5 d\u00e0ng l\u1eafp \u0111\u1eb7t t\u1ea1i c\u00e1c c\u1eeda ra v\u00e0o, c\u1eeda s\u1ed5 ho\u1eb7c nh\u1eefng khu v\u1ef1c c\u1ea7n t\u1ea1o l\u1edbp ch\u1eafn kh\u00ed. \u0110\u00e2y l\u00e0 gi\u1ea3i ph\u00e1p l\u00fd t\u01b0\u1edfng cho c\u00e1c kh\u00f4ng gian c\u1ea7n c\u1ea3i thi\u1ec7n l\u01b0u th\u00f4ng kh\u00f4ng kh\u00ed v\u00e0 b\u1ea3o v\u1ec7 h\u1ec7 th\u1ed1ng \u0111i\u1ec1u h\u00f2a.<\/p>\n<p class=\"mb-4 leading-relaxed\">V\u1edbi b\u1ea3o h\u00e0nh l\u00ean \u0111\u1ebfn 12 th\u00e1ng, qu\u1ea1t c\u1eaft gi\u00f3 1M mang \u0111\u1ebfn s\u1ef1 y\u00ean t\u00e2m cho ng\u01b0\u1eddi s\u1eed d\u1ee5ng v\u1ec1 ch\u1ea5t l\u01b0\u1ee3ng s\u1ea3n ph\u1ea9m v\u00e0 d\u1ecbch v\u1ee5 h\u1eadu m\u00e3i.<\/p>\n<figure class=\"my-6 text-center\"><img><figcaption>Qu\u1ea1t C\u1eaft Gi\u00f3 1M<\/figcaption><\/figure>\n<h2 class=\"py-2 my-4 text-2xl font-bold border-green-500 border-y border-opacity-10\">Kh\u00f4ng gian s\u1eed d\u1ee5ng qu\u1ea1t ch\u1eafn gi\u00f3 \u0111i\u1ec1uu h\u00f2a FM-1210<\/h2>\n<p class=\"mb-4 leading-relaxed\">Qu\u1ea1t ch\u1eb7n gi\u00f3 \u0111i\u1ec1u h\u00f2a 1M l\u00e0 s\u1ea3n ph\u1ea9m l\u00fd t\u01b0\u1edfng cho c\u00e1c kh\u00f4ng gian c\u00f3 l\u01b0u l\u01b0\u1ee3ng ng\u01b0\u1eddi l\u1edbn ho\u1eb7c y\u00eau c\u1ea7u gi\u1eef kh\u00f4ng kh\u00ed s\u1ea1ch s\u1ebd, tho\u00e1ng m\u00e1t. M\u1ed9t s\u1ed1 kh\u00f4ng gian ph\u00f9 h\u1ee3p v\u1edbi s\u1ea3n ph\u1ea9m n\u00e0y bao g\u1ed3m:<\/p>\n<ul class=\"mb-4 space-y-1 list-none\">\n<li class=\"flex items-center gap-3 leading-relaxed text-gray-800 \"><div class=\"flex items-center justify-center w-5 h-5 bg-red-100 rounded-full shrink-0\"><svg class=\"w-3 h-3 text-red-600\" fill=\"none\" stroke=\"currentColor\" stroke- viewBox=\"0 0 24 24\"><path stroke-linecap=\"round\" stroke-linejoin=\"round\" d=\"M5 13l4 4L19 7\" \/><\/svg><\/div><div class=\"flex-1\">V\u0103n ph\u00f2ng l\u00e0m vi\u1ec7c: T\u1ea1o m\u00f4i tr\u01b0\u1eddng l\u00e0m vi\u1ec7c tho\u1ea3i m\u00e1i, m\u00e1t m\u1ebb, gi\u00fap gi\u1ea3m thi\u1ec3u m\u1ec7t m\u1ecfi v\u00e0 t\u0103ng hi\u1ec7u qu\u1ea3 c\u00f4ng vi\u1ec7c.<\/div><\/li>\n<li class=\"flex items-center gap-3 leading-relaxed text-gray-800 \"><div class=\"flex items-center justify-center w-5 h-5 bg-red-100 rounded-full shrink-0\"><svg class=\"w-3 h-3 text-red-600\" fill=\"none\" stroke=\"currentColor\" stroke- viewBox=\"0 0 24 24\"><path stroke-linecap=\"round\" stroke-linejoin=\"round\" d=\"M5 13l4 4L19 7\" \/><\/svg><\/div><div class=\"flex-1\">Nh\u00e0 h\u00e0ng, qu\u00e1n c\u00e0 ph\u00ea: Gi\u00fap duy tr\u00ec kh\u00f4ng kh\u00ed m\u00e1t m\u1ebb cho kh\u00e1ch h\u00e0ng, gi\u1ea3m t\u00e1c \u0111\u1ed9ng c\u1ee7a \u0111i\u1ec1u h\u00f2a v\u00e0 b\u1ea3o v\u1ec7 kh\u00f4ng gian kh\u1ecfi b\u1ee5i b\u1ea9n.<\/div><\/li>\n<li class=\"flex items-center gap-3 leading-relaxed text-gray-800 \"><div class=\"flex items-center justify-center w-5 h-5 bg-red-100 rounded-full shrink-0\"><svg class=\"w-3 h-3 text-red-600\" fill=\"none\" stroke=\"currentColor\" stroke- viewBox=\"0 0 24 24\"><path stroke-linecap=\"round\" stroke-linejoin=\"round\" d=\"M5 13l4 4L19 7\" \/><\/svg><\/div><div class=\"flex-1\">C\u1eeda h\u00e0ng, trung t\u00e2m th\u01b0\u01a1ng m\u1ea1i, si\u00eau th\u1ecb: C\u1ea3i thi\u1ec7n m\u00f4i tr\u01b0\u1eddng mua s\u1eafm, gi\u1eef cho kh\u00f4ng kh\u00ed lu\u00f4n tho\u00e1ng \u0111\u00e3ng, m\u00e1t m\u1ebb.<\/div><\/li>\n<li class=\"flex items-center gap-3 leading-relaxed text-gray-800 \"><div class=\"flex items-center justify-center w-5 h-5 bg-red-100 rounded-full shrink-0\"><svg class=\"w-3 h-3 text-red-600\" fill=\"none\" stroke=\"currentColor\" stroke- viewBox=\"0 0 24 24\"><path stroke-linecap=\"round\" stroke-linejoin=\"round\" d=\"M5 13l4 4L19 7\" \/><\/svg><\/div><div class=\"flex-1\">C\u00e1c khu v\u1ef1c c\u1ea7n ng\u0103n c\u00e1ch kh\u00ed l\u1ea1nh: Ch\u1eb7n s\u1ef1 x\u00e2m nh\u1eadp c\u1ee7a kh\u00ed n\u00f3ng t\u1eeb b\u00ean ngo\u00e0i, b\u1ea3o v\u1ec7 kh\u00f4ng gian b\u00ean trong lu\u00f4n \u1ed5n \u0111\u1ecbnh nhi\u1ec7t \u0111\u1ed9.<\/div><\/li>\n<\/ul>\n<h2 class=\"py-2 my-4 text-2xl font-bold border-green-500 border-y border-opacity-10\">T\u1ea1i sao n\u00ean mua m\u00e1y c\u1eaft gi\u00f3 1M c\u1ee7a Vifan?<\/h2>\n<p class=\"mb-4 leading-relaxed\">Ch\u1ea5t l\u01b0\u1ee3ng cao: S\u1ea3n ph\u1ea9m\u00a0<a href=\"https:\/\/quatcongnghiepvifan.com\/quat-cat-gio-dieu-hoa\/\" class=\"text-red-900\">qu\u1ea1t c\u1eaft gi\u00f3 \u0111i\u1ec1u h\u00f2a<\/a> <span>\u0111\u1ebfn t\u1eeb th\u01b0\u01a1ng hi\u1ec7u ViFan n\u1ed5i ti\u1ebfng v\u1edbi ch\u1ea5t l\u01b0\u1ee3ng v\u01b0\u1ee3t tr\u1ed9i v\u00e0 \u0111\u1ed9 b\u1ec1n cao.<\/span><\/p>\n<p class=\"mb-4 leading-relaxed\">Gi\u1ea3m thi\u1ec3u chi ph\u00ed cho b\u1ea1n: Qu\u1ea1t c\u1eaft gi\u00f3 1M gi\u00fap ti\u1ebft ki\u1ec7m n\u0103ng l\u01b0\u1ee3ng, gi\u1ea3m chi ph\u00ed v\u1eadn h\u00e0nh h\u1ec7 th\u1ed1ng \u0111i\u1ec1u h\u00f2a.<\/p>\n<p class=\"mb-4 leading-relaxed\">Hi\u1ec7u qu\u1ea3 d\u00f9ng v\u01b0\u1ee3t tr\u1ed9i: Ng\u0103n kh\u00ed n\u00f3ng, b\u1ea3o v\u1ec7 kh\u00f4ng gian s\u1ed1ng v\u00e0 l\u00e0m vi\u1ec7c, gi\u00fap duy tr\u00ec kh\u00f4ng kh\u00ed m\u00e1t m\u1ebb v\u00e0 trong l\u00e0nh.<\/p>\n<p class=\"mb-4 leading-relaxed\">L\u1eafp \u0111\u1eb7t \u0111\u01a1n gi\u1ea3n: Thi\u1ebft k\u1ebf nh\u1ecf g\u1ecdn v\u00e0 ti\u1ec7n d\u1ee5ng gi\u00fap b\u1ea1n d\u1ec5 d\u00e0ng l\u1eafp \u0111\u1eb7t \u1edf nhi\u1ec1u kh\u00f4ng gian kh\u00e1c nhau.<\/p>\n<p class=\"mb-4 leading-relaxed\">Xem th\u00eam:<\/p>\n<p class=\"mb-4 leading-relaxed\"><a href=\"https:\/\/quatcongnghiepvifan.com\/quat-cat-gio-90cm\/\" class=\"text-red-900\">Qu\u1ea1t C\u1eaft Gi\u00f3 90CM<\/a><\/p>\n<p class=\"mb-4 leading-relaxed\"><a href=\"https:\/\/quatcongnghiepvifan.com\/quat-cat-gio-60cm\/\" class=\"text-red-900\">Qu\u1ea1t C\u1eaft Gi\u00f3 60CM<\/a><\/p>\n","protected":false},"excerpt":{"rendered":"<div class=\"my-4 overflow-hidden bg-white rounded-lg shadow-xl \"><div class=\"overflow-x-auto\"><table class=\"min-w-full\" class=\"min-w-full\">\n<tbody class=\"bg-white divide-y divide-gray-100 \" class=\"bg-white divide-y divide-gray-100 \">\n<tr class=\"transition-all duration-200 ease-in-out group hover:bg-red-50 \" class=\"transition-all duration-200 ease-in-out group hover:bg-red-50 \">\n<td class=\"px-2 py-2 text-sm text-gray-700 transition-colors duration-200 group-hover:text-gray-900 \" class=\"px-2 py-2 text-sm text-gray-700 transition-colors duration-200 group-hover:text-gray-900 \"><strong class=\"font-cal-sans\">M\u00e3 s\u1ea3n ph\u1ea9m<\/strong><\/td>\n<td class=\"px-2 py-2 text-sm text-gray-700 transition-colors duration-200 group-hover:text-gray-900 \" class=\"px-2 py-2 text-sm text-gray-700 transition-colors duration-200 group-hover:text-gray-900 \">:<\/td>\n<td class=\"px-2 py-2 text-sm text-gray-700 transition-colors duration-200 group-hover:text-gray-900 \" class=\"px-2 py-2 text-sm text-gray-700 transition-colors duration-200 group-hover:text-gray-900 \">FM-1210<\/td>\n<\/tr>\n<tr class=\"transition-all duration-200 ease-in-out group hover:bg-red-50 \" class=\"transition-all duration-200 ease-in-out group hover:bg-red-50 \">\n<td class=\"px-2 py-2 text-sm text-gray-700 transition-colors duration-200 group-hover:text-gray-900 \" class=\"px-2 py-2 text-sm text-gray-700 transition-colors duration-200 group-hover:text-gray-900 \"><strong class=\"font-cal-sans\">Th\u01b0\u01a1ng hi\u1ec7u<\/strong><\/td>\n<td class=\"px-2 py-2 text-sm text-gray-700 transition-colors duration-200 group-hover:text-gray-900 \" class=\"px-2 py-2 text-sm text-gray-700 transition-colors duration-200 group-hover:text-gray-900 \">:<\/td>\n<td class=\"px-2 py-2 text-sm text-gray-700 transition-colors duration-200 group-hover:text-gray-900 \" class=\"px-2 py-2 text-sm text-gray-700 transition-colors duration-200 group-hover:text-gray-900 \">ViFan<\/td>\n<\/tr>\n<tr class=\"transition-all duration-200 ease-in-out group hover:bg-red-50 \" class=\"transition-all duration-200 ease-in-out group hover:bg-red-50 \">\n<td class=\"px-2 py-2 text-sm text-gray-700 transition-colors duration-200 group-hover:text-gray-900 \" class=\"px-2 py-2 text-sm text-gray-700 transition-colors duration-200 group-hover:text-gray-900 \"><strong class=\"font-cal-sans\">Chi\u1ec1u d\u00e0i<\/strong><\/td>\n<td class=\"px-2 py-2 text-sm text-gray-700 transition-colors duration-200 group-hover:text-gray-900 \" class=\"px-2 py-2 text-sm text-gray-700 transition-colors duration-200 group-hover:text-gray-900 \">:<\/td>\n<td class=\"px-2 py-2 text-sm text-gray-700 transition-colors duration-200 group-hover:text-gray-900 \" class=\"px-2 py-2 text-sm text-gray-700 transition-colors duration-200 group-hover:text-gray-900 \">1m<\/td>\n<\/tr>\n<tr class=\"transition-all duration-200 ease-in-out group hover:bg-red-50 \" class=\"transition-all duration-200 ease-in-out group hover:bg-red-50 \">\n<td class=\"px-2 py-2 text-sm text-gray-700 transition-colors duration-200 group-hover:text-gray-900 \" class=\"px-2 py-2 text-sm text-gray-700 transition-colors duration-200 group-hover:text-gray-900 \"><strong class=\"font-cal-sans\">C\u00f4ng su\u1ea5t<\/strong><\/td>\n<td class=\"px-2 py-2 text-sm text-gray-700 transition-colors duration-200 group-hover:text-gray-900 \" class=\"px-2 py-2 text-sm text-gray-700 transition-colors duration-200 group-hover:text-gray-900 \">:<\/td>\n<td class=\"px-2 py-2 text-sm text-gray-700 transition-colors duration-200 group-hover:text-gray-900 \" class=\"px-2 py-2 text-sm text-gray-700 transition-colors duration-200 group-hover:text-gray-900 \">140 W<\/td>\n<\/tr>\n<tr class=\"transition-all duration-200 ease-in-out group hover:bg-red-50 \" class=\"transition-all duration-200 ease-in-out group hover:bg-red-50 \">\n<td class=\"px-2 py-2 text-sm text-gray-700 transition-colors duration-200 group-hover:text-gray-900 \" class=\"px-2 py-2 text-sm text-gray-700 transition-colors duration-200 group-hover:text-gray-900 \"><strong class=\"font-cal-sans\">L\u01b0u l\u01b0\u1ee3ng<\/strong><\/td>\n<td class=\"px-2 py-2 text-sm text-gray-700 transition-colors duration-200 group-hover:text-gray-900 \" class=\"px-2 py-2 text-sm text-gray-700 transition-colors duration-200 group-hover:text-gray-900 \">:<\/td>\n<td class=\"px-2 py-2 text-sm text-gray-700 transition-colors duration-200 group-hover:text-gray-900 \" class=\"px-2 py-2 text-sm text-gray-700 transition-colors duration-200 group-hover:text-gray-900 \">1300 m3\/h<\/td>\n<\/tr>\n<tr class=\"transition-all duration-200 ease-in-out group hover:bg-red-50 \" class=\"transition-all duration-200 ease-in-out group hover:bg-red-50 \">\n<td class=\"px-2 py-2 text-sm text-gray-700 transition-colors duration-200 group-hover:text-gray-900 \" class=\"px-2 py-2 text-sm text-gray-700 transition-colors duration-200 group-hover:text-gray-900 \"><strong class=\"font-cal-sans\">B\u1ea3o h\u00e0nh<\/strong><\/td>\n<td class=\"px-2 py-2 text-sm text-gray-700 transition-colors duration-200 group-hover:text-gray-900 \" class=\"px-2 py-2 text-sm text-gray-700 transition-colors duration-200 group-hover:text-gray-900 \">:<\/td>\n<td class=\"px-2 py-2 text-sm text-gray-700 transition-colors duration-200 group-hover:text-gray-900 \" class=\"px-2 py-2 text-sm text-gray-700 transition-colors duration-200 group-hover:text-gray-900 \">12 th\u00e1ng<\/td>\n<\/tr>\n<tr class=\"transition-all duration-200 ease-in-out group hover:bg-red-50 \" class=\"transition-all duration-200 ease-in-out group hover:bg-red-50 \">\n<td class=\"px-2 py-2 text-sm text-gray-700 transition-colors duration-200 group-hover:text-gray-900 \" class=\"px-2 py-2 text-sm text-gray-700 transition-colors duration-200 group-hover:text-gray-900 \"><strong class=\"font-cal-sans\">Xu\u1ea5t x\u1ee9<\/strong><\/td>\n<td class=\"px-2 py-2 text-sm text-gray-700 transition-colors duration-200 group-hover:text-gray-900 \" class=\"px-2 py-2 text-sm text-gray-700 transition-colors duration-200 group-hover:text-gray-900 \">:<\/td>\n<td class=\"px-2 py-2 text-sm text-gray-700 transition-colors duration-200 group-hover:text-gray-900 \" class=\"px-2 py-2 text-sm text-gray-700 transition-colors duration-200 group-hover:text-gray-900 \">Trung Qu\u1ed1c<\/td>\n<\/tr>\n<\/tbody>\n<\/table><\/div><\/div>\n","protected":false},"featured_media":57,"template":"","meta":{"footnotes":""},"product_cat":[7],"product_tag":[],"ztteam_product_brand":[],"class_list":["post-56","product","type-product","status-publish","has-post-thumbnail","hentry","product_cat-quat-cat-gio-dieu-hoa"],"meta_box":{"_sku":"FM-1210","_regular_price":"12799771","_sale_price":"10287741","_price":"10287741","_stock_status":"instock","_stock":"50","_manage_stock":"1","_weight":"","_length":"","_width":"","_height":"","_product_image_gallery":[{"width":150,"height":150,"file":"2026\/03\/quat-chan-gio-1-m.png","filesize":96146,"sizes":[],"image_meta":{"aperture":"0","credit":"","camera":"","caption":"","created_timestamp":"0","copyright":"","focal_length":"0","iso":"0","shutter_speed":"0","title":"","orientation":"0","keywords":[]},"ID":"57","name":"quat-chan-gio-1-m.png","path":"\/home\/dev.wptheme.store\/public_html\/s\/wpquat\/wp-content\/uploads\/2026\/03\/quat-chan-gio-1-m.png","url":"https:\/\/dev.wptheme.store\/s\/wpquat\/wp-content\/uploads\/2026\/03\/quat-chan-gio-1-m.png","full_url":"https:\/\/dev.wptheme.store\/s\/wpquat\/wp-content\/uploads\/2026\/03\/quat-chan-gio-1-m.png","title":"Qu\u1ea1t Ch\u1eafn Gi\u00f3 1M","caption":"","description":"","alt":"","srcset":false}],"_featured":"0","_visibility":"visible","_virtual":"","_downloadable":"","product_type":"simple","product_attributes":[],"color_variations":[],"size_variations":[],"storage_variations":[],"material_variations":[]},"_links":{"self":[{"href":"https:\/\/dev.wptheme.store\/s\/wpquat\/wp-json\/wp\/v2\/product\/56","targetHints":{"allow":["GET"]}}],"collection":[{"href":"https:\/\/dev.wptheme.store\/s\/wpquat\/wp-json\/wp\/v2\/product"}],"about":[{"href":"https:\/\/dev.wptheme.store\/s\/wpquat\/wp-json\/wp\/v2\/types\/product"}],"version-history":[{"count":0,"href":"https:\/\/dev.wptheme.store\/s\/wpquat\/wp-json\/wp\/v2\/product\/56\/revisions"}],"wp:featuredmedia":[{"embeddable":true,"href":"https:\/\/dev.wptheme.store\/s\/wpquat\/wp-json\/wp\/v2\/media\/57"}],"wp:attachment":[{"href":"https:\/\/dev.wptheme.store\/s\/wpquat\/wp-json\/wp\/v2\/media?parent=56"}],"wp:term":[{"taxonomy":"product_cat","embeddable":true,"href":"https:\/\/dev.wptheme.store\/s\/wpquat\/wp-json\/wp\/v2\/product_cat?post=56"},{"taxonomy":"product_tag","embeddable":true,"href":"https:\/\/dev.wptheme.store\/s\/wpquat\/wp-json\/wp\/v2\/product_tag?post=56"},{"taxonomy":"ztteam_product_brand","embeddable":true,"href":"https:\/\/dev.wptheme.store\/s\/wpquat\/wp-json\/wp\/v2\/ztteam_product_brand?post=56"}],"curies":[{"name":"wp","href":"https:\/\/api.w.org\/{rel}","templated":true}]}}