{"id":58,"date":"2026-03-16T08:49:02","date_gmt":"2026-03-16T01:49:02","guid":{"rendered":"https:\/\/dev.wptheme.store\/s\/wpquat\/product\/quat-cat-gio-90cm\/"},"modified":"2026-03-16T08:49:02","modified_gmt":"2026-03-16T01:49:02","slug":"quat-cat-gio-90cm","status":"publish","type":"product","link":"https:\/\/dev.wptheme.store\/s\/wpquat\/product\/quat-cat-gio-90cm\/","title":{"rendered":"Qu\u1ea1t C\u1eaft Gi\u00f3 90CM"},"content":{"rendered":"<h2 class=\"py-2 my-4 text-2xl font-bold border-green-500 border-y border-opacity-10\">Gi\u1edbi thi\u1ec7u qu\u1ea1t c\u1eaft gi\u00f3 90cm c\u1ee7a Vifan<\/h2>\n<p class=\"mb-4 leading-relaxed\">Qu\u1ea1t c\u1eaft gi\u00f3 0.9M ViFan FM-1209 l\u00e0 m\u1ed9t trong nh\u1eefng s\u1ea3n ph\u1ea9m n\u1ed5i b\u1eadt c\u1ee7a th\u01b0\u01a1ng hi\u1ec7u ViFan, gi\u00fap t\u1ea1o ra m\u1ed9t l\u1edbp ch\u1eafn gi\u00f3 hi\u1ec7u qu\u1ea3, b\u1ea3o v\u1ec7 kh\u00f4ng gian b\u00ean trong kh\u1ecfi kh\u00ed n\u00f3ng, b\u1ee5i b\u1ea9n v\u00e0 c\u00f4n tr\u00f9ng x\u00e2m nh\u1eadp. V\u1edbi c\u00f4ng su\u1ea5t 125W v\u00e0 l\u01b0u l\u01b0\u1ee3ng gi\u00f3 1200 m\u00b3\/h, qu\u1ea1t c\u1eaft gi\u00f3 n\u00e0y l\u00e0 gi\u1ea3i ph\u00e1p t\u1ed1i \u01b0u cho c\u00e1c kh\u00f4ng gian nh\u01b0 v\u0103n ph\u00f2ng, c\u1eeda h\u00e0ng, nh\u00e0 h\u00e0ng, qu\u00e1n c\u00e0 ph\u00ea v\u00e0 c\u00e1c khu v\u1ef1c c\u1ea7n ng\u0103n c\u00e1ch kh\u00ed n\u00f3ng v\u00e0 b\u1ea3o v\u1ec7 m\u00f4i tr\u01b0\u1eddng s\u1ed1ng s\u1ea1ch s\u1ebd.<\/p>\n<h2 class=\"py-2 my-4 text-2xl font-bold border-green-500 border-y border-opacity-10\">Qu\u1ea1t c\u1eaft gi\u00f3 l\u00e0 g\u00ec?<\/h2>\n<p class=\"mb-4 leading-relaxed\">Qu\u1ea1t c\u1eaft gi\u00f3 l\u00e0 m\u1ed9t thi\u1ebft b\u1ecb \u0111\u01b0\u1ee3c thi\u1ebft k\u1ebf \u0111\u1ec3 t\u1ea1o m\u1ed9t d\u00f2ng kh\u00f4ng kh\u00ed m\u1ea1nh m\u1ebd, ng\u0103n ch\u1eb7n s\u1ef1 x\u00e2m nh\u1eadp c\u1ee7a kh\u00ed n\u00f3ng, b\u1ee5i b\u1ea9n v\u00e0 c\u00e1c t\u00e1c nh\u00e2n kh\u00f4ng mong mu\u1ed1n v\u00e0o kh\u00f4ng gian b\u00ean trong. Qu\u1ea1t ho\u1ea1t \u0111\u1ed9ng d\u1ef1a tr\u00ean nguy\u00ean l\u00fd t\u1ea1o ra m\u1ed9t m\u00e0n ch\u1eafn gi\u00f3, gi\u1eef cho kh\u00f4ng kh\u00ed b\u00ean trong lu\u00f4n tho\u00e1ng \u0111\u00e3ng v\u00e0 m\u00e1t m\u1ebb, \u0111\u1ed3ng th\u1eddi b\u1ea3o v\u1ec7 hi\u1ec7u qu\u1ea3 c\u00e1c h\u1ec7 th\u1ed1ng \u0111i\u1ec1u h\u00f2a kh\u00f4ng kh\u00ed.<\/p>\n<h2 class=\"py-2 my-4 text-2xl font-bold border-green-500 border-y border-opacity-10\">\u01afu \u0111i\u1ec3m n\u1ed5i b\u1eadt qu\u1ea1t c\u1eaft gi\u00f3 \u0111i\u1ec1u h\u00f2a 0.9M ViFan FM-1209<\/h2>\n<p class=\"mb-4 leading-relaxed\">Ti\u1ebft ki\u1ec7m \u0111i\u1ec7n n\u0103ng: V\u1edbi c\u00f4ng su\u1ea5t 125W, qu\u1ea1t c\u1eaft gi\u00f3 ViFan FM-1209 ti\u1ebft ki\u1ec7m n\u0103ng l\u01b0\u1ee3ng, gi\u00fap gi\u1ea3m chi ph\u00ed \u0111i\u1ec7n n\u0103ng trong khi v\u1eabn \u0111\u1ea3m b\u1ea3o hi\u1ec7u su\u1ea5t l\u00e0m vi\u1ec7c t\u1ed1i \u01b0u.<\/p>\n<p class=\"mb-4 leading-relaxed\">Hi\u1ec7u qu\u1ea3 trong vi\u1ec7c ng\u0103n ch\u1eb7n kh\u00ed n\u00f3ng: Qu\u1ea1t c\u1eaft gi\u00f3 90cm t\u1ea1o ra m\u1ed9t m\u00e0n ch\u1eafn kh\u00f4ng kh\u00ed m\u1ea1nh m\u1ebd, ng\u0103n kh\u00ed n\u00f3ng x\u00e2m nh\u1eadp v\u00e0o kh\u00f4ng gian b\u00ean trong, gi\u00fap duy tr\u00ec nhi\u1ec7t \u0111\u1ed9 \u1ed5n \u0111\u1ecbnh v\u00e0 d\u1ec5 ch\u1ecbu, \u0111\u1eb7c bi\u1ec7t l\u00e0 trong nh\u1eefng ng\u00e0y h\u00e8 oi \u1ea3.<\/p>\n<p class=\"mb-4 leading-relaxed\">Ng\u0103n ng\u1eeba b\u1ee5i b\u1ea9n v\u00e0 c\u00f4n tr\u00f9ng: V\u1edbi c\u01a1 ch\u1ebf ho\u1ea1t \u0111\u1ed9ng m\u1ea1nh m\u1ebd, qu\u1ea1t c\u1eaft gi\u00f3 ViFan FM-1209 c\u0169ng gi\u00fap ng\u0103n ch\u1eb7n b\u1ee5i b\u1ea9n v\u00e0 c\u00f4n tr\u00f9ng x\u00e2m nh\u1eadp t\u1eeb b\u00ean ngo\u00e0i, b\u1ea3o v\u1ec7 kh\u00f4ng gian s\u1ed1ng v\u00e0 l\u00e0m vi\u1ec7c lu\u00f4n s\u1ea1ch s\u1ebd.<\/p>\n<p class=\"mb-4 leading-relaxed\">L\u1eafp \u0111\u1eb7t d\u1ec5 d\u00e0ng v\u00e0 ph\u00f9 h\u1ee3p v\u1edbi nhi\u1ec1u kh\u00f4ng gian: S\u1ea3n ph\u1ea9m c\u00f3 thi\u1ebft k\u1ebf nh\u1ecf g\u1ecdn, d\u1ec5 d\u00e0ng l\u1eafp \u0111\u1eb7t t\u1ea1i c\u1eeda ra v\u00e0o, c\u1eeda s\u1ed5 ho\u1eb7c nh\u1eefng khu v\u1ef1c c\u1ea7n b\u1ea3o v\u1ec7 kh\u00f4ng gian kh\u1ecfi c\u00e1c y\u1ebfu t\u1ed1 b\u00ean ngo\u00e0i.<\/p>\n<figure class=\"my-6 text-center\"><img><figcaption>Qu\u1ea1t C\u1eaft Gi\u00f3 90CM<\/figcaption><\/figure>\n<h2 class=\"py-2 my-4 text-2xl font-bold border-green-500 border-y border-opacity-10\">Qu\u1ea1t ch\u1eafn gi\u00f3 \u0111i\u1ec1u h\u00f2a v\u00e0 nh\u1eefng \u1ee9ng d\u1ee5ng m\u00e1y c\u1eaft gi\u00f3 FN1209<\/h2>\n<p class=\"mb-4 leading-relaxed\">Qu\u1ea1t c\u1eaft gi\u00f3 \u0111i\u1ec1u h\u00f2a hay c\u00f2n g\u1ecdi l\u00e0 <a href=\"https:\/\/quatcongnghiepvifan.com\/quat-cat-gio-dieu-hoa\/\" class=\"text-red-900\">m\u00e1y c\u1eaft gi\u00f3 \u0111i\u1ec1u h\u00f2a<\/a>, l\u00e0 m\u1ed9t thi\u1ebft b\u1ecb gi\u00fap ng\u0103n ch\u1eb7n s\u1ef1 x\u00e2m nh\u1eadp c\u1ee7a kh\u00f4ng kh\u00ed n\u00f3ng v\u00e0 gi\u1eef cho kh\u00f4ng gian trong ph\u00f2ng lu\u00f4n m\u00e1t m\u1ebb. ViFan FM-1209 l\u00e0 m\u1ed9t s\u1ea3n ph\u1ea9m ti\u00eau bi\u1ec3u gi\u00fap b\u1ea3o v\u1ec7 h\u1ec7 th\u1ed1ng \u0111i\u1ec1u h\u00f2a kh\u1ecfi t\u00e1c \u0111\u1ed9ng c\u1ee7a kh\u00ed n\u00f3ng t\u1eeb b\u00ean ngo\u00e0i, gi\u00fap h\u1ec7 th\u1ed1ng \u0111i\u1ec1u h\u00f2a ho\u1ea1t \u0111\u1ed9ng hi\u1ec7u qu\u1ea3 h\u01a1n v\u00e0 ti\u1ebft ki\u1ec7m n\u0103ng l\u01b0\u1ee3ng.<\/p>\n<p class=\"mb-4 leading-relaxed\">Qu\u1ea1t c\u1eaft gi\u00f3 90cm c\u00f2n \u0111\u01b0\u1ee3c g\u1ecdi l\u00e0 qu\u1ea1t ch\u1eafn gi\u00f3, qu\u1ea1t ch\u1eb7n gi\u00f3 \u0111i\u1ec1u h\u00f2a, t\u1ea1o ra m\u1ed9t l\u1edbp ch\u1eafn kh\u00f4ng kh\u00ed, b\u1ea3o v\u1ec7 kh\u00f4ng gian l\u00e0m vi\u1ec7c v\u00e0 sinh ho\u1ea1t. S\u1ea3n ph\u1ea9m n\u00e0y \u0111\u1eb7c bi\u1ec7t th\u00edch h\u1ee3p v\u1edbi c\u00e1c khu v\u1ef1c nh\u01b0:<\/p>\n<ul class=\"mb-4 space-y-1 list-none\">\n<li class=\"flex items-center gap-3 leading-relaxed text-gray-800 \"><div class=\"flex items-center justify-center w-5 h-5 bg-red-100 rounded-full shrink-0\"><svg class=\"w-3 h-3 text-red-600\" fill=\"none\" stroke=\"currentColor\" stroke- viewBox=\"0 0 24 24\"><path stroke-linecap=\"round\" stroke-linejoin=\"round\" d=\"M5 13l4 4L19 7\" \/><\/svg><\/div><div class=\"flex-1\">V\u0103n ph\u00f2ng l\u00e0m vi\u1ec7c: T\u1ea1o kh\u00f4ng gian m\u00e1t m\u1ebb, tho\u1ea3i m\u00e1i, gi\u00fap gi\u1ea3m thi\u1ec3u m\u1ec7t m\u1ecfi v\u00e0 n\u00e2ng cao hi\u1ec7u qu\u1ea3 c\u00f4ng vi\u1ec7c.<\/div><\/li>\n<li class=\"flex items-center gap-3 leading-relaxed text-gray-800 \"><div class=\"flex items-center justify-center w-5 h-5 bg-red-100 rounded-full shrink-0\"><svg class=\"w-3 h-3 text-red-600\" fill=\"none\" stroke=\"currentColor\" stroke- viewBox=\"0 0 24 24\"><path stroke-linecap=\"round\" stroke-linejoin=\"round\" d=\"M5 13l4 4L19 7\" \/><\/svg><\/div><div class=\"flex-1\">Nh\u00e0 h\u00e0ng, qu\u00e1n c\u00e0 ph\u00ea: Gi\u1eef cho kh\u00f4ng kh\u00ed lu\u00f4n d\u1ec5 ch\u1ecbu cho kh\u00e1ch h\u00e0ng, gi\u00fap b\u1ea3o v\u1ec7 c\u00e1c thi\u1ebft b\u1ecb \u0111i\u1ec1u h\u00f2a kh\u00f4ng kh\u00ed.<\/div><\/li>\n<li class=\"flex items-center gap-3 leading-relaxed text-gray-800 \"><div class=\"flex items-center justify-center w-5 h-5 bg-red-100 rounded-full shrink-0\"><svg class=\"w-3 h-3 text-red-600\" fill=\"none\" stroke=\"currentColor\" stroke- viewBox=\"0 0 24 24\"><path stroke-linecap=\"round\" stroke-linejoin=\"round\" d=\"M5 13l4 4L19 7\" \/><\/svg><\/div><div class=\"flex-1\">C\u1eeda h\u00e0ng v\u00e0 si\u00eau th\u1ecb: C\u1ea3i thi\u1ec7n kh\u00f4ng gian mua s\u1eafm, t\u1ea1o s\u1ef1 tho\u1ea3i m\u00e1i cho kh\u00e1ch h\u00e0ng trong su\u1ed1t qu\u00e1 tr\u00ecnh mua s\u1eafm.<\/div><\/li>\n<\/ul>\n<p class=\"mb-4 leading-relaxed\">T\u00ecm hi\u1ec3u th\u00eam model kh\u00e1c: <a href=\"https:\/\/quatcongnghiepvifan.com\/quat-cat-gio-60cm\/\" class=\"text-red-900\">Qu\u1ea1t C\u1eaft Gi\u00f3 60CM<\/a> ; <a href=\"https:\/\/quatcongnghiepvifan.com\/quat-cat-gio-nanyoo-fm-5515z-l-y\/\" class=\"text-red-900\">Qu\u1ea1t C\u1eaft Gi\u00f3 Nanyoo FM 5515Z-L\/Y<\/a><\/p>\n","protected":false},"excerpt":{"rendered":"<div class=\"my-4 overflow-hidden bg-white rounded-lg shadow-xl \"><div class=\"overflow-x-auto\"><table class=\"min-w-full\" class=\"min-w-full\">\n<tbody class=\"bg-white divide-y divide-gray-100 \" class=\"bg-white divide-y divide-gray-100 \">\n<tr class=\"transition-all duration-200 ease-in-out group hover:bg-red-50 \" class=\"transition-all duration-200 ease-in-out group hover:bg-red-50 \">\n<td class=\"px-2 py-2 text-sm text-gray-700 transition-colors duration-200 group-hover:text-gray-900 \" class=\"px-2 py-2 text-sm text-gray-700 transition-colors duration-200 group-hover:text-gray-900 \"><strong class=\"font-cal-sans\">M\u00e3 s\u1ea3n ph\u1ea9m<\/strong><\/td>\n<td class=\"px-2 py-2 text-sm text-gray-700 transition-colors duration-200 group-hover:text-gray-900 \" class=\"px-2 py-2 text-sm text-gray-700 transition-colors duration-200 group-hover:text-gray-900 \">:<\/td>\n<td class=\"px-2 py-2 text-sm text-gray-700 transition-colors duration-200 group-hover:text-gray-900 \" class=\"px-2 py-2 text-sm text-gray-700 transition-colors duration-200 group-hover:text-gray-900 \">FM-1209<\/td>\n<\/tr>\n<tr class=\"transition-all duration-200 ease-in-out group hover:bg-red-50 \" class=\"transition-all duration-200 ease-in-out group hover:bg-red-50 \">\n<td class=\"px-2 py-2 text-sm text-gray-700 transition-colors duration-200 group-hover:text-gray-900 \" class=\"px-2 py-2 text-sm text-gray-700 transition-colors duration-200 group-hover:text-gray-900 \"><strong class=\"font-cal-sans\">Th\u01b0\u01a1ng hi\u1ec7u<\/strong><\/td>\n<td class=\"px-2 py-2 text-sm text-gray-700 transition-colors duration-200 group-hover:text-gray-900 \" class=\"px-2 py-2 text-sm text-gray-700 transition-colors duration-200 group-hover:text-gray-900 \">:<\/td>\n<td class=\"px-2 py-2 text-sm text-gray-700 transition-colors duration-200 group-hover:text-gray-900 \" class=\"px-2 py-2 text-sm text-gray-700 transition-colors duration-200 group-hover:text-gray-900 \">ViFan<\/td>\n<\/tr>\n<tr class=\"transition-all duration-200 ease-in-out group hover:bg-red-50 \" class=\"transition-all duration-200 ease-in-out group hover:bg-red-50 \">\n<td class=\"px-2 py-2 text-sm text-gray-700 transition-colors duration-200 group-hover:text-gray-900 \" class=\"px-2 py-2 text-sm text-gray-700 transition-colors duration-200 group-hover:text-gray-900 \"><strong class=\"font-cal-sans\">Chi\u1ec1u d\u00e0i<\/strong><\/td>\n<td class=\"px-2 py-2 text-sm text-gray-700 transition-colors duration-200 group-hover:text-gray-900 \" class=\"px-2 py-2 text-sm text-gray-700 transition-colors duration-200 group-hover:text-gray-900 \">:<\/td>\n<td class=\"px-2 py-2 text-sm text-gray-700 transition-colors duration-200 group-hover:text-gray-900 \" class=\"px-2 py-2 text-sm text-gray-700 transition-colors duration-200 group-hover:text-gray-900 \">0.9 m<\/td>\n<\/tr>\n<tr class=\"transition-all duration-200 ease-in-out group hover:bg-red-50 \" class=\"transition-all duration-200 ease-in-out group hover:bg-red-50 \">\n<td class=\"px-2 py-2 text-sm text-gray-700 transition-colors duration-200 group-hover:text-gray-900 \" class=\"px-2 py-2 text-sm text-gray-700 transition-colors duration-200 group-hover:text-gray-900 \"><strong class=\"font-cal-sans\">C\u00f4ng su\u1ea5t<\/strong><\/td>\n<td class=\"px-2 py-2 text-sm text-gray-700 transition-colors duration-200 group-hover:text-gray-900 \" class=\"px-2 py-2 text-sm text-gray-700 transition-colors duration-200 group-hover:text-gray-900 \">:<\/td>\n<td class=\"px-2 py-2 text-sm text-gray-700 transition-colors duration-200 group-hover:text-gray-900 \" class=\"px-2 py-2 text-sm text-gray-700 transition-colors duration-200 group-hover:text-gray-900 \">125 W<\/td>\n<\/tr>\n<tr class=\"transition-all duration-200 ease-in-out group hover:bg-red-50 \" class=\"transition-all duration-200 ease-in-out group hover:bg-red-50 \">\n<td class=\"px-2 py-2 text-sm text-gray-700 transition-colors duration-200 group-hover:text-gray-900 \" class=\"px-2 py-2 text-sm text-gray-700 transition-colors duration-200 group-hover:text-gray-900 \"><strong class=\"font-cal-sans\">L\u01b0u l\u01b0\u1ee3ng<\/strong><\/td>\n<td class=\"px-2 py-2 text-sm text-gray-700 transition-colors duration-200 group-hover:text-gray-900 \" class=\"px-2 py-2 text-sm text-gray-700 transition-colors duration-200 group-hover:text-gray-900 \">:<\/td>\n<td class=\"px-2 py-2 text-sm text-gray-700 transition-colors duration-200 group-hover:text-gray-900 \" class=\"px-2 py-2 text-sm text-gray-700 transition-colors duration-200 group-hover:text-gray-900 \">1200 m3\/h<\/td>\n<\/tr>\n<tr class=\"transition-all duration-200 ease-in-out group hover:bg-red-50 \" class=\"transition-all duration-200 ease-in-out group hover:bg-red-50 \">\n<td class=\"px-2 py-2 text-sm text-gray-700 transition-colors duration-200 group-hover:text-gray-900 \" class=\"px-2 py-2 text-sm text-gray-700 transition-colors duration-200 group-hover:text-gray-900 \"><strong class=\"font-cal-sans\">B\u1ea3o h\u00e0nh<\/strong><\/td>\n<td class=\"px-2 py-2 text-sm text-gray-700 transition-colors duration-200 group-hover:text-gray-900 \" class=\"px-2 py-2 text-sm text-gray-700 transition-colors duration-200 group-hover:text-gray-900 \">:<\/td>\n<td class=\"px-2 py-2 text-sm text-gray-700 transition-colors duration-200 group-hover:text-gray-900 \" class=\"px-2 py-2 text-sm text-gray-700 transition-colors duration-200 group-hover:text-gray-900 \">12 th\u00e1ng<\/td>\n<\/tr>\n<tr class=\"transition-all duration-200 ease-in-out group hover:bg-red-50 \" class=\"transition-all duration-200 ease-in-out group hover:bg-red-50 \">\n<td class=\"px-2 py-2 text-sm text-gray-700 transition-colors duration-200 group-hover:text-gray-900 \" class=\"px-2 py-2 text-sm text-gray-700 transition-colors duration-200 group-hover:text-gray-900 \"><strong class=\"font-cal-sans\">Xu\u1ea5t x\u1ee9<\/strong><\/td>\n<td class=\"px-2 py-2 text-sm text-gray-700 transition-colors duration-200 group-hover:text-gray-900 \" class=\"px-2 py-2 text-sm text-gray-700 transition-colors duration-200 group-hover:text-gray-900 \">:<\/td>\n<td class=\"px-2 py-2 text-sm text-gray-700 transition-colors duration-200 group-hover:text-gray-900 \" class=\"px-2 py-2 text-sm text-gray-700 transition-colors duration-200 group-hover:text-gray-900 \">Trung Qu\u1ed1c<\/td>\n<\/tr>\n<\/tbody>\n<\/table><\/div><\/div>\n","protected":false},"featured_media":59,"template":"","meta":{"footnotes":""},"product_cat":[7],"product_tag":[],"ztteam_product_brand":[],"class_list":["post-58","product","type-product","status-publish","has-post-thumbnail","hentry","product_cat-quat-cat-gio-dieu-hoa"],"meta_box":{"_sku":"FM-1209","_regular_price":"12949441","_sale_price":"11327224","_price":"11327224","_stock_status":"instock","_stock":"50","_manage_stock":"1","_weight":"","_length":"","_width":"","_height":"","_product_image_gallery":[{"width":150,"height":150,"file":"2026\/03\/quat-chan-gio-09-m-1.png","filesize":96146,"sizes":[],"image_meta":{"aperture":"0","credit":"","camera":"","caption":"","created_timestamp":"0","copyright":"","focal_length":"0","iso":"0","shutter_speed":"0","title":"","orientation":"0","keywords":[]},"ID":"59","name":"quat-chan-gio-09-m-1.png","path":"\/home\/dev.wptheme.store\/public_html\/s\/wpquat\/wp-content\/uploads\/2026\/03\/quat-chan-gio-09-m-1.png","url":"https:\/\/dev.wptheme.store\/s\/wpquat\/wp-content\/uploads\/2026\/03\/quat-chan-gio-09-m-1.png","full_url":"https:\/\/dev.wptheme.store\/s\/wpquat\/wp-content\/uploads\/2026\/03\/quat-chan-gio-09-m-1.png","title":"Qu\u1ea1t Ch\u1eafn Gi\u00f3 90CM","caption":"","description":"","alt":"","srcset":false}],"_featured":"0","_visibility":"visible","_virtual":"","_downloadable":"","product_type":"simple","product_attributes":[],"color_variations":[],"size_variations":[],"storage_variations":[],"material_variations":[]},"_links":{"self":[{"href":"https:\/\/dev.wptheme.store\/s\/wpquat\/wp-json\/wp\/v2\/product\/58","targetHints":{"allow":["GET"]}}],"collection":[{"href":"https:\/\/dev.wptheme.store\/s\/wpquat\/wp-json\/wp\/v2\/product"}],"about":[{"href":"https:\/\/dev.wptheme.store\/s\/wpquat\/wp-json\/wp\/v2\/types\/product"}],"version-history":[{"count":0,"href":"https:\/\/dev.wptheme.store\/s\/wpquat\/wp-json\/wp\/v2\/product\/58\/revisions"}],"wp:featuredmedia":[{"embeddable":true,"href":"https:\/\/dev.wptheme.store\/s\/wpquat\/wp-json\/wp\/v2\/media\/59"}],"wp:attachment":[{"href":"https:\/\/dev.wptheme.store\/s\/wpquat\/wp-json\/wp\/v2\/media?parent=58"}],"wp:term":[{"taxonomy":"product_cat","embeddable":true,"href":"https:\/\/dev.wptheme.store\/s\/wpquat\/wp-json\/wp\/v2\/product_cat?post=58"},{"taxonomy":"product_tag","embeddable":true,"href":"https:\/\/dev.wptheme.store\/s\/wpquat\/wp-json\/wp\/v2\/product_tag?post=58"},{"taxonomy":"ztteam_product_brand","embeddable":true,"href":"https:\/\/dev.wptheme.store\/s\/wpquat\/wp-json\/wp\/v2\/ztteam_product_brand?post=58"}],"curies":[{"name":"wp","href":"https:\/\/api.w.org\/{rel}","templated":true}]}}