{"id":64,"date":"2026-03-16T08:49:05","date_gmt":"2026-03-16T01:49:05","guid":{"rendered":"https:\/\/dev.wptheme.store\/s\/wpquat\/product\/quat-cat-gio-nanyoo-fm-5518z-l-y\/"},"modified":"2026-03-16T08:49:05","modified_gmt":"2026-03-16T01:49:05","slug":"quat-cat-gio-nanyoo-fm-5518z-l-y","status":"publish","type":"product","link":"https:\/\/dev.wptheme.store\/s\/wpquat\/product\/quat-cat-gio-nanyoo-fm-5518z-l-y\/","title":{"rendered":"Qu\u1ea1t C\u1eaft Gi\u00f3 Nanyoo FM 5518Z-L\/Y"},"content":{"rendered":"<p class=\"mb-4 leading-relaxed\">Khi b\u1ea1n c\u1ea7n m\u1ed9t gi\u1ea3i ph\u00e1p hi\u1ec7u qu\u1ea3 v\u00e0 m\u1ea1nh m\u1ebd \u0111\u1ec3 ng\u0103n gi\u00f3 v\u00e0 gi\u1eef kh\u00f4ng gian trong nh\u00e0 x\u01b0\u1edfng, trung t\u00e2m th\u01b0\u01a1ng m\u1ea1i hay c\u00e1c khu v\u1ef1c c\u00f4ng nghi\u1ec7p r\u1ed9ng l\u1edbn. Qu\u1ea1t c\u1eaft gi\u00f3 Nanyoo FM 5518Z-L\/Y ch\u00ednh l\u00e0 l\u1ef1a ch\u1ecdn l\u00fd t\u01b0\u1edfng. V\u1edbi c\u00f4ng su\u1ea5t m\u1ea1nh m\u1ebd v\u00e0 thi\u1ebft k\u1ebf t\u1ed1i \u01b0u, s\u1ea3n ph\u1ea9m n\u00e0y s\u1ebd gi\u00fap b\u1ea1n duy tr\u00ec kh\u00f4ng kh\u00ed trong l\u00e0nh, ti\u1ebft ki\u1ec7m n\u0103ng l\u01b0\u1ee3ng v\u00e0 gi\u1ea3m thi\u1ec3u t\u00e1c \u0111\u1ed9ng c\u1ee7a m\u00f4i tr\u01b0\u1eddng b\u00ean ngo\u00e0i.<\/p>\n<h2 class=\"py-2 my-4 text-2xl font-bold border-green-500 border-y border-opacity-10\">\u0110\u1eb7c \u0111i\u1ec3m k\u1ef9 thu\u1eadt \u1ea5n t\u01b0\u1ee3ng qu\u1ea1t c\u1eaft gi\u00f3 Nanyoo FM 5518Z-L\/Y<\/h2>\n<p class=\"mb-4 leading-relaxed\">C\u00f4ng su\u1ea5t cao: Qu\u1ea1t c\u00f3 c\u00f4ng su\u1ea5t l\u00ean \u0111\u1ebfn 800W, gi\u00fap n\u00f3 d\u1ec5 d\u00e0ng ho\u1ea1t \u0111\u1ed9ng hi\u1ec7u qu\u1ea3 trong c\u00e1c kh\u00f4ng gian l\u1edbn, nh\u01b0 nh\u00e0 x\u01b0\u1edfng, trung t\u00e2m th\u01b0\u01a1ng m\u1ea1i, v\u00e0 c\u00e1c khu c\u00f4ng nghi\u1ec7p.<\/p>\n<p class=\"mb-4 leading-relaxed\">L\u01b0u l\u01b0\u1ee3ng gi\u00f3 m\u1ea1nh m\u1ebd: V\u1edbi l\u01b0u l\u01b0\u1ee3ng gi\u00f3 l\u00ean t\u1edbi 2.900 m\u00b3\/h, qu\u1ea1t t\u1ea1o ra m\u1ed9t l\u1edbp m\u00e0n ch\u1eafn gi\u00f3 v\u1eefng ch\u1eafc, ng\u0103n ng\u1eeba s\u1ef1 trao \u0111\u1ed5i nhi\u1ec7t v\u00e0 b\u1ee5i b\u1ea9n t\u1eeb m\u00f4i tr\u01b0\u1eddng b\u00ean ngo\u00e0i x\u00e2m nh\u1eadp v\u00e0o kh\u00f4ng gian b\u00ean trong.<\/p>\n<p class=\"mb-4 leading-relaxed\">T\u1ed1c \u0111\u1ed9 gi\u00f3: Qu\u1ea1t c\u00f3 t\u1ed1c \u0111\u1ed9 gi\u00f3 \u0111\u1ea1t 20 m\/s, gi\u00fap gi\u00f3 \u0111\u01b0\u1ee3c th\u1ed5i ra m\u1ea1nh m\u1ebd v\u00e0 li\u00ean t\u1ee5c, \u0111\u1ea3m b\u1ea3o hi\u1ec7u qu\u1ea3 trong vi\u1ec7c duy tr\u00ec m\u00f4i tr\u01b0\u1eddng trong l\u00e0nh, \u1ed5n \u0111\u1ecbnh nhi\u1ec7t \u0111\u1ed9 trong c\u00e1c khu v\u1ef1c r\u1ed9ng l\u1edbn.<\/p>\n<p class=\"mb-4 leading-relaxed\">\u0110\u1ed9 \u1ed3n th\u1ea5p: M\u1ed9t trong nh\u1eefng \u0111i\u1ec3m m\u1ea1nh c\u1ee7a Nanyoo FM 5518Z-L\/Y l\u00e0 \u0111\u1ed9 \u1ed3n ch\u1ec9 d\u01b0\u1edbi 54 dB, gi\u00fap duy tr\u00ec s\u1ef1 y\u00ean t\u0129nh cho kh\u00f4ng gian l\u00e0m vi\u1ec7c m\u00e0 kh\u00f4ng l\u00e0m gi\u00e1n \u0111o\u1ea1n c\u00e1c ho\u1ea1t \u0111\u1ed9ng c\u00f4ng nghi\u1ec7p ho\u1eb7c th\u01b0\u01a1ng m\u1ea1i.<\/p>\n<p class=\"mb-4 leading-relaxed\">K\u00edch th\u01b0\u1edbc l\u1edbn: Qu\u1ea1t c\u00f3 k\u00edch th\u01b0\u1edbc 1.800 x 230 x 215 mm, ph\u00f9 h\u1ee3p v\u1edbi c\u00e1c c\u1eeda ra v\u00e0o l\u1edbn, gi\u00fap bao ph\u1ee7 v\u00e0 b\u1ea3o v\u1ec7 hi\u1ec7u qu\u1ea3 kh\u00f4ng gian r\u1ed9ng.<\/p>\n<figure class=\"my-6 text-center\"><img><figcaption>Qu\u1ea1t C\u1eaft Gi\u00f3 Nanyoo FM 5518Z-L\/Y 1.8M<\/figcaption><\/figure>\n<h2 class=\"py-2 my-4 text-2xl font-bold border-green-500 border-y border-opacity-10\">\u01afu \u0111i\u1ec3m c\u1ee7a qu\u1ea1t c\u1eaft gi\u00f3 \u0111i\u1ec1u h\u00f2a Nanyoo FM 5518Z-L\/Y<\/h2>\n<p class=\"mb-4 leading-relaxed\">Hi\u1ec7u qu\u1ea3 n\u0103ng l\u01b0\u1ee3ng: V\u1edbi thi\u1ebft k\u1ebf t\u1ed1i \u01b0u, qu\u1ea1t gi\u00fap ti\u1ebft ki\u1ec7m \u0111i\u1ec7n n\u0103ng \u0111\u00e1ng k\u1ec3. \u0110i\u1ec1u n\u00e0y gi\u00fap gi\u1ea3m chi ph\u00ed v\u1eadn h\u00e0nh v\u00e0 b\u1ea3o v\u1ec7 m\u00f4i tr\u01b0\u1eddng, \u0111\u1eb7c bi\u1ec7t quan tr\u1ecdng trong c\u00e1c kh\u00f4ng gian l\u1edbn v\u1edbi nhu c\u1ea7u s\u1eed d\u1ee5ng l\u00e2u d\u00e0i.<\/p>\n<p class=\"mb-4 leading-relaxed\">T\u0103ng tu\u1ed5i th\u1ecd m\u00e1y \u0111i\u1ec1u h\u00f2a: Qu\u1ea1t c\u1eaft gi\u00f3 Nanyoo FM 5518Z-L\/Y gi\u00fap gi\u1ea3m t\u1ea3i cho h\u1ec7 th\u1ed1ng \u0111i\u1ec1u h\u00f2a, ng\u0103n ng\u1eeba kh\u00f4ng kh\u00ed n\u00f3ng ho\u1eb7c l\u1ea1nh t\u1eeb b\u00ean ngo\u00e0i x\u00e2m nh\u1eadp v\u00e0o, gi\u1eef nhi\u1ec7t \u0111\u1ed9 \u1ed5n \u0111\u1ecbnh. \u0110i\u1ec1u n\u00e0y l\u00e0m gi\u1ea3m \u00e1p l\u1ef1c l\u00ean m\u00e1y l\u1ea1nh v\u00e0 k\u00e9o d\u00e0i tu\u1ed5i th\u1ecd c\u1ee7a c\u00e1c thi\u1ebft b\u1ecb \u0111i\u1ec1u h\u00f2a kh\u00f4ng kh\u00ed.<\/p>\n<p class=\"mb-4 leading-relaxed\">B\u1ec1n b\u1ec9 v\u00e0 d\u1ec5 b\u1ea3o tr\u00ec: \u0110\u01b0\u1ee3c thi\u1ebft k\u1ebf v\u1edbi ch\u1ea5t li\u1ec7u cao c\u1ea5p v\u00e0 t\u00ednh n\u0103ng v\u1eadn h\u00e0nh \u1ed5n \u0111\u1ecbnh, qu\u1ea1t c\u1eaft gi\u00f3 Nanyoo FM-5518Z-L\/Y c\u00f3 \u0111\u1ed9 b\u1ec1n cao v\u00e0 d\u1ec5 d\u00e0ng b\u1ea3o tr\u00ec, \u0111\u1ea3m b\u1ea3o ho\u1ea1t \u0111\u1ed9ng li\u00ean t\u1ee5c trong th\u1eddi gian d\u00e0i m\u00e0 kh\u00f4ng g\u1eb7p ph\u1ea3i s\u1ef1 c\u1ed1 l\u1edbn.<\/p>\n<h2 class=\"py-2 my-4 text-2xl font-bold border-green-500 border-y border-opacity-10\">\u1ee8ng d\u1ee5ng c\u1ee7a qu\u1ea1t ch\u1eafn gi\u00f3 Nanyoo FM 5518Z-L\/Y<\/h2>\n<p class=\"mb-4 leading-relaxed\">Nh\u00e0 m\u00e1y s\u1ea3n xu\u1ea5t: Qu\u1ea1t c\u1eaft gi\u00f3 Nanyoo FM 5518Z-L\/Y gi\u00fap ng\u0103n ng\u1eeba b\u1ee5i b\u1ea9n, gi\u1eef kh\u00f4ng kh\u00ed trong l\u00e0nh v\u00e0 s\u1ea1ch s\u1ebd, \u0111\u1eb7c bi\u1ec7t quan tr\u1ecdng trong c\u00e1c nh\u00e0 m\u00e1y s\u1ea3n xu\u1ea5t c\u00f4ng nghi\u1ec7p. N\u00f3 gi\u00fap b\u1ea3o v\u1ec7 s\u1ee9c kh\u1ecfe c\u00f4ng nh\u00e2n v\u00e0 gi\u1eef cho m\u00f4i tr\u01b0\u1eddng l\u00e0m vi\u1ec7c lu\u00f4n an to\u00e0n.<\/p>\n<p class=\"mb-4 leading-relaxed\">Trung t\u00e2m th\u01b0\u01a1ng m\u1ea1i l\u1edbn: C\u00e1c trung t\u00e2m th\u01b0\u01a1ng m\u1ea1i c\u00f3 di\u1ec7n t\u00edch r\u1ed9ng c\u1ea7n m\u1ed9t gi\u1ea3i ph\u00e1p hi\u1ec7u qu\u1ea3 \u0111\u1ec3 duy tr\u00ec nhi\u1ec7t \u0111\u1ed9 \u1ed5n \u0111\u1ecbnh v\u00e0 ti\u1ebft ki\u1ec7m n\u0103ng l\u01b0\u1ee3ng. Qu\u1ea1t c\u1eaft gi\u00f3 Nanyoo FM 5518Z-L\/Y l\u00e0 l\u1ef1a ch\u1ecdn ho\u00e0n h\u1ea3o, v\u1eeba gi\u00fap ng\u0103n c\u1ea3n kh\u00f4ng kh\u00ed n\u00f3ng, v\u1eeba ti\u1ebft ki\u1ec7m \u0111i\u1ec7n n\u0103ng, gi\u00fap gi\u1ea3m chi ph\u00ed v\u1eadn h\u00e0nh cho c\u00e1c trung t\u00e2m th\u01b0\u01a1ng m\u1ea1i.<\/p>\n<p class=\"mb-4 leading-relaxed\">Kho l\u1ea1nh v\u00e0 c\u00e1c khu v\u1ef1c b\u1ea3o qu\u1ea3n: Qu\u1ea1t c\u1eaft gi\u00f3 c\u00f2n \u0111\u01b0\u1ee3c s\u1eed d\u1ee5ng hi\u1ec7u qu\u1ea3 trong c\u00e1c kho l\u1ea1nh ho\u1eb7c khu v\u1ef1c c\u1ea7n duy tr\u00ec nhi\u1ec7t \u0111\u1ed9 \u1ed5n \u0111\u1ecbnh, b\u1ea3o v\u1ec7 ch\u1ea5t l\u01b0\u1ee3ng s\u1ea3n ph\u1ea9m.<\/p>\n<h2 class=\"py-2 my-4 text-2xl font-bold border-green-500 border-y border-opacity-10\">T\u1ea1i sao n\u00ean ch\u1ecdn mua qu\u1ea1t c\u1eaft gi\u00f3 c\u00f4ng nghi\u1ec7p Nanyoo FM 5518Z-L\/Y t\u1ea1i Ph\u00fa \u0110\u1ea1t V\u01b0\u1ee3ng?<\/h2>\n<p class=\"mb-4 leading-relaxed\">Gi\u00e1 c\u1ea3 c\u1ea1nh tranh: T\u1ea1i Ph\u00fa \u0110\u1ea1t V\u01b0\u1ee3ng, b\u1ea1n s\u1ebd lu\u00f4n t\u00ecm th\u1ea5y m\u1ee9c gi\u00e1 h\u1ee3p l\u00fd nh\u1ea5t cho qu\u1ea1t c\u1eaft gi\u00f3 Nanyoo FM 5518Z-L\/Y, \u0111\u1ed3ng th\u1eddi th\u01b0\u1eddng xuy\u00ean c\u00f3 c\u00e1c ch\u01b0\u01a1ng tr\u00ecnh khuy\u1ebfn m\u00e3i h\u1ea5p d\u1eabn, gi\u00fap b\u1ea1n ti\u1ebft ki\u1ec7m chi ph\u00ed.<\/p>\n<p class=\"mb-4 leading-relaxed\">H\u1ed7 tr\u1ee3 k\u1ef9 thu\u1eadt 24\/7: Ph\u00fa \u0110\u1ea1t V\u01b0\u1ee3ng cung c\u1ea5p d\u1ecbch v\u1ee5 h\u1ed7 tr\u1ee3 k\u1ef9 thu\u1eadt 24\/7, \u0111\u1ea3m b\u1ea3o b\u1ea1n s\u1ebd nh\u1eadn \u0111\u01b0\u1ee3c s\u1ef1 t\u01b0 v\u1ea5n, h\u1ed7 tr\u1ee3 v\u00e0 gi\u1ea3i \u0111\u00e1p m\u1ecdi th\u1eafc m\u1eafc trong su\u1ed1t qu\u00e1 tr\u00ecnh s\u1eed d\u1ee5ng s\u1ea3n ph\u1ea9m.<\/p>\n<p class=\"mb-4 leading-relaxed\">D\u1ecbch v\u1ee5 t\u01b0 v\u1ea5n t\u1eadn t\u00e2m: Ch\u00fang t\u00f4i cam k\u1ebft cung c\u1ea5p d\u1ecbch v\u1ee5 t\u01b0 v\u1ea5n nhi\u1ec7t t\u00ecnh, gi\u00fap b\u1ea1n l\u1ef1a ch\u1ecdn s\u1ea3n ph\u1ea9m ph\u00f9 h\u1ee3p nh\u1ea5t v\u1edbi nhu c\u1ea7u c\u1ee7a m\u00ecnh. \u0110\u1ed9i ng\u0169 nh\u00e2n vi\u00ean gi\u00e0u kinh nghi\u1ec7m lu\u00f4n s\u1eb5n s\u00e0ng gi\u00fap \u0111\u1ee1 b\u1ea1n.<\/p>\n<p class=\"mb-4 leading-relaxed\">Ch\u1ebf \u0111\u1ed9 b\u1ea3o h\u00e0nh v\u00e0 h\u1eadu m\u00e3i t\u1ed1t: Ph\u00fa \u0110\u1ea1t V\u01b0\u1ee3ng cam k\u1ebft b\u1ea3o h\u00e0nh s\u1ea3n ph\u1ea9m <a href=\"https:\/\/quatcongnghiepvifan.com\/quat-cat-gio-dieu-hoa\/\" class=\"text-red-900\">qu\u1ea1t c\u1eaft gi\u00f3 \u0111i\u1ec1u h\u00f2a<\/a> l\u00ean t\u1edbi 12 th\u00e1ng v\u00e0 h\u1ed7 tr\u1ee3 \u0111\u1ed5i tr\u1ea3 n\u1ebfu c\u00f3 l\u1ed7i t\u1eeb nh\u00e0 s\u1ea3n xu\u1ea5t trong v\u00f2ng 10 ng\u00e0y. D\u1ecbch v\u1ee5 h\u1eadu m\u00e3i chuy\u00ean nghi\u1ec7p \u0111\u1ea3m b\u1ea3o s\u1ef1 h\u00e0i l\u00f2ng c\u1ee7a kh\u00e1ch h\u00e0ng.<\/p>\n<p class=\"mb-4 leading-relaxed\">M\u1eddi qu\u00fd kh\u00e1ch tham kh\u00e1c c\u00e1c model c\u00f4ng su\u1ea5t b\u00e9 h\u01a1n:<\/p>\n<p class=\"mb-4 leading-relaxed\"><a href=\"https:\/\/quatcongnghiepvifan.com\/quat-cat-gio-nanyoo-fm-5512z-l-y\/\" class=\"text-red-900\">Qu\u1ea1t C\u1eaft Gi\u00f3 Nanyoo FM 5512Z-L\/Y<\/a><\/p>\n<p class=\"mb-4 leading-relaxed\"><a href=\"https:\/\/quatcongnghiepvifan.com\/quat-cat-gio-nanyoo-fm-5510z-l-y\/\" class=\"text-red-900\">Qu\u1ea1t C\u1eaft Gi\u00f3 Nanyoo FM 5510Z-L\/Y<\/a><\/p>\n","protected":false},"excerpt":{"rendered":"<div class=\"my-4 overflow-hidden bg-white rounded-lg shadow-xl \"><div class=\"overflow-x-auto\"><table class=\"min-w-full\" class=\"min-w-full\">\n<tbody class=\"bg-white divide-y divide-gray-100 \" class=\"bg-white divide-y divide-gray-100 \">\n<tr class=\"transition-all duration-200 ease-in-out group hover:bg-red-50 \" class=\"transition-all duration-200 ease-in-out group hover:bg-red-50 \">\n<td class=\"px-2 py-2 text-sm text-gray-700 transition-colors duration-200 group-hover:text-gray-900 \" class=\"px-2 py-2 text-sm text-gray-700 transition-colors duration-200 group-hover:text-gray-900 \"><strong class=\"font-cal-sans\">M\u00e3 s\u1ea3n ph\u1ea9m<\/strong><\/td>\n<td class=\"px-2 py-2 text-sm text-gray-700 transition-colors duration-200 group-hover:text-gray-900 \" class=\"px-2 py-2 text-sm text-gray-700 transition-colors duration-200 group-hover:text-gray-900 \">:<\/td>\n<td class=\"px-2 py-2 text-sm text-gray-700 transition-colors duration-200 group-hover:text-gray-900 \" class=\"px-2 py-2 text-sm text-gray-700 transition-colors duration-200 group-hover:text-gray-900 \">FM-5518Z-L\/Y<\/td>\n<\/tr>\n<tr class=\"transition-all duration-200 ease-in-out group hover:bg-red-50 \" class=\"transition-all duration-200 ease-in-out group hover:bg-red-50 \">\n<td class=\"px-2 py-2 text-sm text-gray-700 transition-colors duration-200 group-hover:text-gray-900 \" class=\"px-2 py-2 text-sm text-gray-700 transition-colors duration-200 group-hover:text-gray-900 \"><strong class=\"font-cal-sans\">Th\u01b0\u01a1ng hi\u1ec7u<\/strong><\/td>\n<td class=\"px-2 py-2 text-sm text-gray-700 transition-colors duration-200 group-hover:text-gray-900 \" class=\"px-2 py-2 text-sm text-gray-700 transition-colors duration-200 group-hover:text-gray-900 \">:<\/td>\n<td class=\"px-2 py-2 text-sm text-gray-700 transition-colors duration-200 group-hover:text-gray-900 \" class=\"px-2 py-2 text-sm text-gray-700 transition-colors duration-200 group-hover:text-gray-900 \">Nanyoo<\/td>\n<\/tr>\n<tr class=\"transition-all duration-200 ease-in-out group hover:bg-red-50 \" class=\"transition-all duration-200 ease-in-out group hover:bg-red-50 \">\n<td class=\"px-2 py-2 text-sm text-gray-700 transition-colors duration-200 group-hover:text-gray-900 \" class=\"px-2 py-2 text-sm text-gray-700 transition-colors duration-200 group-hover:text-gray-900 \"><strong class=\"font-cal-sans\">Chi\u1ec1u d\u00e0i<\/strong><\/td>\n<td class=\"px-2 py-2 text-sm text-gray-700 transition-colors duration-200 group-hover:text-gray-900 \" class=\"px-2 py-2 text-sm text-gray-700 transition-colors duration-200 group-hover:text-gray-900 \">:<\/td>\n<td class=\"px-2 py-2 text-sm text-gray-700 transition-colors duration-200 group-hover:text-gray-900 \" class=\"px-2 py-2 text-sm text-gray-700 transition-colors duration-200 group-hover:text-gray-900 \">1.8 m<\/td>\n<\/tr>\n<tr class=\"transition-all duration-200 ease-in-out group hover:bg-red-50 \" class=\"transition-all duration-200 ease-in-out group hover:bg-red-50 \">\n<td class=\"px-2 py-2 text-sm text-gray-700 transition-colors duration-200 group-hover:text-gray-900 \" class=\"px-2 py-2 text-sm text-gray-700 transition-colors duration-200 group-hover:text-gray-900 \"><strong class=\"font-cal-sans\">C\u00f4ng su\u1ea5t<\/strong><\/td>\n<td class=\"px-2 py-2 text-sm text-gray-700 transition-colors duration-200 group-hover:text-gray-900 \" class=\"px-2 py-2 text-sm text-gray-700 transition-colors duration-200 group-hover:text-gray-900 \">:<\/td>\n<td class=\"px-2 py-2 text-sm text-gray-700 transition-colors duration-200 group-hover:text-gray-900 \" class=\"px-2 py-2 text-sm text-gray-700 transition-colors duration-200 group-hover:text-gray-900 \">800 W<\/td>\n<\/tr>\n<tr class=\"transition-all duration-200 ease-in-out group hover:bg-red-50 \" class=\"transition-all duration-200 ease-in-out group hover:bg-red-50 \">\n<td class=\"px-2 py-2 text-sm text-gray-700 transition-colors duration-200 group-hover:text-gray-900 \" class=\"px-2 py-2 text-sm text-gray-700 transition-colors duration-200 group-hover:text-gray-900 \"><strong class=\"font-cal-sans\">L\u01b0u l\u01b0\u1ee3ng<\/strong><\/td>\n<td class=\"px-2 py-2 text-sm text-gray-700 transition-colors duration-200 group-hover:text-gray-900 \" class=\"px-2 py-2 text-sm text-gray-700 transition-colors duration-200 group-hover:text-gray-900 \">:<\/td>\n<td class=\"px-2 py-2 text-sm text-gray-700 transition-colors duration-200 group-hover:text-gray-900 \" class=\"px-2 py-2 text-sm text-gray-700 transition-colors duration-200 group-hover:text-gray-900 \">2.900 m3\/h<\/td>\n<\/tr>\n<tr class=\"transition-all duration-200 ease-in-out group hover:bg-red-50 \" class=\"transition-all duration-200 ease-in-out group hover:bg-red-50 \">\n<td class=\"px-2 py-2 text-sm text-gray-700 transition-colors duration-200 group-hover:text-gray-900 \" class=\"px-2 py-2 text-sm text-gray-700 transition-colors duration-200 group-hover:text-gray-900 \"><strong class=\"font-cal-sans\">B\u1ea3o h\u00e0nh<\/strong><\/td>\n<td class=\"px-2 py-2 text-sm text-gray-700 transition-colors duration-200 group-hover:text-gray-900 \" class=\"px-2 py-2 text-sm text-gray-700 transition-colors duration-200 group-hover:text-gray-900 \">:<\/td>\n<td class=\"px-2 py-2 text-sm text-gray-700 transition-colors duration-200 group-hover:text-gray-900 \" class=\"px-2 py-2 text-sm text-gray-700 transition-colors duration-200 group-hover:text-gray-900 \">12 th\u00e1ng<\/td>\n<\/tr>\n<tr class=\"transition-all duration-200 ease-in-out group hover:bg-red-50 \" class=\"transition-all duration-200 ease-in-out group hover:bg-red-50 \">\n<td class=\"px-2 py-2 text-sm text-gray-700 transition-colors duration-200 group-hover:text-gray-900 \" class=\"px-2 py-2 text-sm text-gray-700 transition-colors duration-200 group-hover:text-gray-900 \"><strong class=\"font-cal-sans\">Xu\u1ea5t x\u1ee9<\/strong><\/td>\n<td class=\"px-2 py-2 text-sm text-gray-700 transition-colors duration-200 group-hover:text-gray-900 \" class=\"px-2 py-2 text-sm text-gray-700 transition-colors duration-200 group-hover:text-gray-900 \">:<\/td>\n<td class=\"px-2 py-2 text-sm text-gray-700 transition-colors duration-200 group-hover:text-gray-900 \" class=\"px-2 py-2 text-sm text-gray-700 transition-colors duration-200 group-hover:text-gray-900 \">Trung Qu\u1ed1c<\/td>\n<\/tr>\n<\/tbody>\n<\/table><\/div><\/div>\n<p class=\"mb-4 leading-relaxed\">&nbsp;<\/p>\n","protected":false},"featured_media":65,"template":"","meta":{"footnotes":""},"product_cat":[7],"product_tag":[],"ztteam_product_brand":[],"class_list":["post-64","product","type-product","status-publish","has-post-thumbnail","hentry","product_cat-quat-cat-gio-dieu-hoa"],"meta_box":{"_sku":"FM-5518Z-L\/Y","_regular_price":"14699106","_sale_price":"11126939","_price":"11126939","_stock_status":"instock","_stock":"50","_manage_stock":"1","_weight":"","_length":"","_width":"","_height":"","_product_image_gallery":[{"width":150,"height":150,"file":"2026\/03\/quat-cat-gio-nanyoo-FM-5518Z-L-Y.png","filesize":65524,"sizes":[],"image_meta":{"aperture":"0","credit":"","camera":"","caption":"","created_timestamp":"0","copyright":"","focal_length":"0","iso":"0","shutter_speed":"0","title":"","orientation":"0","keywords":[]},"ID":"65","name":"quat-cat-gio-nanyoo-FM-5518Z-L-Y.png","path":"\/home\/dev.wptheme.store\/public_html\/s\/wpquat\/wp-content\/uploads\/2026\/03\/quat-cat-gio-nanyoo-FM-5518Z-L-Y.png","url":"https:\/\/dev.wptheme.store\/s\/wpquat\/wp-content\/uploads\/2026\/03\/quat-cat-gio-nanyoo-FM-5518Z-L-Y.png","full_url":"https:\/\/dev.wptheme.store\/s\/wpquat\/wp-content\/uploads\/2026\/03\/quat-cat-gio-nanyoo-FM-5518Z-L-Y.png","title":"Qu\u1ea1t C\u1eaft Gi\u00f3 Nanyoo FM 5518Z-L\/Y","caption":"","description":"","alt":"","srcset":false}],"_featured":"0","_visibility":"visible","_virtual":"","_downloadable":"","product_type":"simple","product_attributes":[],"color_variations":[],"size_variations":[],"storage_variations":[],"material_variations":[]},"_links":{"self":[{"href":"https:\/\/dev.wptheme.store\/s\/wpquat\/wp-json\/wp\/v2\/product\/64","targetHints":{"allow":["GET"]}}],"collection":[{"href":"https:\/\/dev.wptheme.store\/s\/wpquat\/wp-json\/wp\/v2\/product"}],"about":[{"href":"https:\/\/dev.wptheme.store\/s\/wpquat\/wp-json\/wp\/v2\/types\/product"}],"version-history":[{"count":0,"href":"https:\/\/dev.wptheme.store\/s\/wpquat\/wp-json\/wp\/v2\/product\/64\/revisions"}],"wp:featuredmedia":[{"embeddable":true,"href":"https:\/\/dev.wptheme.store\/s\/wpquat\/wp-json\/wp\/v2\/media\/65"}],"wp:attachment":[{"href":"https:\/\/dev.wptheme.store\/s\/wpquat\/wp-json\/wp\/v2\/media?parent=64"}],"wp:term":[{"taxonomy":"product_cat","embeddable":true,"href":"https:\/\/dev.wptheme.store\/s\/wpquat\/wp-json\/wp\/v2\/product_cat?post=64"},{"taxonomy":"product_tag","embeddable":true,"href":"https:\/\/dev.wptheme.store\/s\/wpquat\/wp-json\/wp\/v2\/product_tag?post=64"},{"taxonomy":"ztteam_product_brand","embeddable":true,"href":"https:\/\/dev.wptheme.store\/s\/wpquat\/wp-json\/wp\/v2\/ztteam_product_brand?post=64"}],"curies":[{"name":"wp","href":"https:\/\/api.w.org\/{rel}","templated":true}]}}