{"id":66,"date":"2026-03-16T08:49:06","date_gmt":"2026-03-16T01:49:06","guid":{"rendered":"https:\/\/dev.wptheme.store\/s\/wpquat\/product\/quat-cat-gio-nanyoo-fm-5512z-l-y\/"},"modified":"2026-03-16T08:49:06","modified_gmt":"2026-03-16T01:49:06","slug":"quat-cat-gio-nanyoo-fm-5512z-l-y","status":"publish","type":"product","link":"https:\/\/dev.wptheme.store\/s\/wpquat\/product\/quat-cat-gio-nanyoo-fm-5512z-l-y\/","title":{"rendered":"Qu\u1ea1t C\u1eaft Gi\u00f3 Nanyoo FM 5512Z-L\/Y"},"content":{"rendered":"<p class=\"mb-4 leading-relaxed\">Khi kh\u00f4ng gian c\u1ee7a b\u1ea1n kh\u00e1 r\u1ed9ng v\u00e0 c\u1ea7n m\u1ed9t gi\u1ea3i ph\u00e1p m\u1ea1nh m\u1ebd \u0111\u1ec3 ng\u0103n gi\u00f3 v\u00e0 duy tr\u00ec nhi\u1ec7t \u0111\u1ed9 \u1ed5n \u0111\u1ecbnh, Qu\u1ea1t c\u1eaft gi\u00f3 Nanyoo FM 5512Z-L\/Y ch\u00ednh l\u00e0 s\u1ef1 l\u1ef1a ch\u1ecdn l\u00fd t\u01b0\u1edfng. V\u1edbi c\u00f4ng su\u1ea5t cao v\u00e0 hi\u1ec7u qu\u1ea3 ho\u1ea1t \u0111\u1ed9ng v\u01b0\u1ee3t tr\u1ed9i, s\u1ea3n ph\u1ea9m n\u00e0y s\u1ebd gi\u00fap ng\u0103n ng\u1eeba s\u1ef1 trao \u0111\u1ed5i kh\u00f4ng kh\u00ed kh\u00f4ng mong mu\u1ed1n, ti\u1ebft ki\u1ec7m n\u0103ng l\u01b0\u1ee3ng cho c\u00e1c h\u1ec7 th\u1ed1ng \u0111i\u1ec1u h\u00f2a v\u00e0 t\u1ea1o ra m\u1ed9t m\u00f4i tr\u01b0\u1eddng trong l\u00e0nh, tho\u1ea3i m\u00e1i.<\/p>\n<h2 class=\"py-2 my-4 text-2xl font-bold border-green-500 border-y border-opacity-10\">Th\u00f4ng s\u1ed1 k\u1ef9 thu\u1eadt n\u1ed5i b\u1eadt qu\u1ea1t c\u1eaft gi\u00f3 Nanyoo FM 5512Z-L\/Y<\/h2>\n<p class=\"mb-4 leading-relaxed\">C\u00f4ng su\u1ea5t m\u1ea1nh m\u1ebd: V\u1edbi c\u00f4ng su\u1ea5t 560W, qu\u1ea1t c\u1eaft gi\u00f3 Nanyoo FM-5512Z-L\/Y \u0111\u1ee7 s\u1ee9c \u0111\u00e1p \u1ee9ng nhu c\u1ea7u c\u1ee7a c\u00e1c c\u1eeda ra v\u00e0o l\u1edbn, khu v\u1ef1c c\u00f3 l\u01b0u l\u01b0\u1ee3ng ng\u01b0\u1eddi qua l\u1ea1i nhi\u1ec1u m\u00e0 v\u1eabn \u0111\u1ea3m b\u1ea3o hi\u1ec7u su\u1ea5t t\u1ed1i \u0111a.<\/p>\n<p class=\"mb-4 leading-relaxed\">L\u01b0u l\u01b0\u1ee3ng gi\u00f3: Qu\u1ea1t c\u00f3 l\u01b0u l\u01b0\u1ee3ng gi\u00f3 \u0111\u1ea1t 1.930 m\u00b3\/h, t\u1ea1o ra m\u1ed9t l\u1edbp m\u00e0n ch\u1eafn gi\u00f3 ch\u1eafc ch\u1eafn, gi\u00fap ng\u0103n b\u1ee5i b\u1ea9n, kh\u00ed n\u00f3ng t\u1eeb m\u00f4i tr\u01b0\u1eddng b\u00ean ngo\u00e0i x\u00e2m nh\u1eadp v\u00e0o kh\u00f4ng gian b\u00ean trong.<\/p>\n<p class=\"mb-4 leading-relaxed\">T\u1ed1c \u0111\u1ed9 gi\u00f3: T\u1ed1c \u0111\u1ed9 gi\u00f3 l\u00ean \u0111\u1ebfn 20 m\/s, t\u1ea1o ra lu\u1ed3ng gi\u00f3 m\u1ea1nh m\u1ebd v\u00e0 \u1ed5n \u0111\u1ecbnh, gi\u1eef cho kh\u00f4ng kh\u00ed b\u00ean trong lu\u00f4n \u0111\u01b0\u1ee3c b\u1ea3o v\u1ec7, t\u1ea1o s\u1ef1 tho\u1ea3i m\u00e1i cho ng\u01b0\u1eddi s\u1eed d\u1ee5ng.<\/p>\n<p class=\"mb-4 leading-relaxed\">\u0110\u1ed9 \u1ed3n th\u1ea5p: V\u1edbi \u0111\u1ed9 \u1ed3n ch\u1ec9 d\u01b0\u1edbi 49 dB, qu\u1ea1t Nanyoo FM 5512Z-L\/Y ho\u1ea1t \u0111\u1ed9ng \u00eam \u00e1i, kh\u00f4ng g\u00e2y \u1ed3n \u00e0o, ph\u00f9 h\u1ee3p v\u1edbi c\u00e1c kh\u00f4ng gian y\u00eau c\u1ea7u s\u1ef1 y\u00ean t\u0129nh nh\u01b0 trung t\u00e2m th\u01b0\u01a1ng m\u1ea1i, v\u0103n ph\u00f2ng, hay khu v\u1ef1c s\u1ea3n xu\u1ea5t.<\/p>\n<p class=\"mb-4 leading-relaxed\">K\u00edch th\u01b0\u1edbc qu\u1ea1t: 1.200 x 230 x 215 mm, thi\u1ebft k\u1ebf v\u1eeba v\u1eb7n, ph\u00f9 h\u1ee3p v\u1edbi c\u00e1c c\u1eeda ra v\u00e0o r\u1ed9ng l\u1edbn, d\u1ec5 d\u00e0ng l\u1eafp \u0111\u1eb7t m\u00e0 kh\u00f4ng chi\u1ebfm qu\u00e1 nhi\u1ec1u kh\u00f4ng gian.<\/p>\n<figure class=\"my-6 text-center\"><img><figcaption>Th\u00f4ng tin qu\u1ea1t C\u1eaft Gi\u00f3 Nanyoo<\/figcaption><\/figure>\n<h2 class=\"py-2 my-4 text-2xl font-bold border-green-500 border-y border-opacity-10\">\u01afu \u0111i\u1ec3m n\u1ed5i b\u1eadt qu\u1ea1t c\u1eaft gi\u00f3 c\u00f4ng nghi\u1ec7p Nanyoo FM 5512Z-L\/Y<\/h2>\n<p class=\"mb-4 leading-relaxed\">Ho\u1ea1t \u0111\u1ed9ng \u1ed5n \u0111\u1ecbnh, b\u1ec1n b\u1ec9: Qu\u1ea1t ch\u1eafn gi\u00f3 \u0111i\u1ec1u h\u00f2a Nanyoo FM 5512Z-L\/Y \u0111\u01b0\u1ee3c thi\u1ebft k\u1ebf \u0111\u1ec3 ho\u1ea1t \u0111\u1ed9ng li\u00ean t\u1ee5c, b\u1ec1n b\u1ec9 trong th\u1eddi gian d\u00e0i m\u00e0 kh\u00f4ng g\u1eb7p ph\u1ea3i s\u1ef1 c\u1ed1 l\u1edbn, th\u00edch h\u1ee3p cho c\u00e1c kh\u00f4ng gian c\u00f3 y\u00eau c\u1ea7u s\u1eed d\u1ee5ng li\u00ean t\u1ee5c.<\/p>\n<p class=\"mb-4 leading-relaxed\">Ti\u1ebft ki\u1ec7m n\u0103ng l\u01b0\u1ee3ng: Vi\u1ec7c s\u1eed d\u1ee5ng qu\u1ea1t c\u1eaft gi\u00f3 gi\u00fap gi\u1ea3m t\u1ea3i cho h\u1ec7 th\u1ed1ng \u0111i\u1ec1u h\u00f2a, t\u1eeb \u0111\u00f3 ti\u1ebft ki\u1ec7m chi ph\u00ed \u0111i\u1ec7n n\u0103ng \u0111\u00e1ng k\u1ec3. Qu\u1ea1t ng\u0103n kh\u00f4ng kh\u00ed n\u00f3ng x\u00e2m nh\u1eadp v\u00e0 gi\u1eef kh\u00f4ng gian b\u00ean trong lu\u00f4n m\u00e1t m\u1ebb m\u00e0 kh\u00f4ng c\u1ea7n ph\u1ea3i \u0111i\u1ec1u ch\u1ec9nh nhi\u1ec7t \u0111\u1ed9 qu\u00e1 th\u1ea5p.<\/p>\n<p class=\"mb-4 leading-relaxed\">D\u1ec5 d\u00e0ng l\u1eafp \u0111\u1eb7t v\u00e0 b\u1ea3o tr\u00ec: Qu\u1ea1t c\u00f3 thi\u1ebft k\u1ebf \u0111\u01a1n gi\u1ea3n, d\u1ec5 d\u00e0ng l\u1eafp \u0111\u1eb7t v\u00e0 b\u1ea3o tr\u00ec. B\u1ea1n c\u00f3 th\u1ec3 th\u1ef1c hi\u1ec7n v\u1ec7 sinh qu\u1ea1t m\u1ed9t c\u00e1ch nhanh ch\u00f3ng m\u00e0 kh\u00f4ng g\u1eb7p ph\u1ea3i nhi\u1ec1u kh\u00f3 kh\u0103n.<\/p>\n<h2 class=\"py-2 my-4 text-2xl font-bold border-green-500 border-y border-opacity-10\">Nguy\u00ean l\u00fd ho\u1ea1t \u0111\u1ed9ng c\u1ee7a qu\u1ea1t c\u1eaft gi\u00f3 \u0111i\u1ec1u h\u00f2a Nanyoo FM 5512Z-L\/Y<\/h2>\n<p class=\"mb-4 leading-relaxed\">Qu\u1ea1t c\u1eaft gi\u00f3 Nanyoo FM 5512Z-L\/Y ho\u1ea1t \u0111\u1ed9ng d\u1ef1a tr\u00ean nguy\u00ean l\u00fd t\u1ea1o ra m\u1ed9t l\u1edbp kh\u00f4ng kh\u00ed m\u1ea1nh m\u1ebd v\u00e0 li\u00ean t\u1ee5c gi\u1eefa kh\u00f4ng gian trong v\u00e0 ngo\u00e0i. Khi kh\u00f4ng kh\u00ed \u0111\u01b0\u1ee3c h\u00fat v\u00e0o, c\u00e1c qu\u1ea1t trong m\u00e1y s\u1ebd th\u1ed5i kh\u00f4ng kh\u00ed m\u1ea1nh m\u1ebd ra ngo\u00e0i, t\u1ea1o th\u00e0nh m\u1ed9t d\u00f2ng kh\u00f4ng kh\u00ed c\u1eaft ngang c\u1eeda ra v\u00e0o. L\u1edbp m\u00e0n gi\u00f3 n\u00e0y ng\u0103n kh\u00f4ng kh\u00ed n\u00f3ng ho\u1eb7c l\u1ea1nh t\u1eeb m\u00f4i tr\u01b0\u1eddng b\u00ean ngo\u00e0i x\u00e2m nh\u1eadp v\u00e0o, gi\u1eef kh\u00f4ng kh\u00ed b\u00ean trong lu\u00f4n \u1ed5n \u0111\u1ecbnh v\u00e0 s\u1ea1ch s\u1ebd.<\/p>\n<p class=\"mb-4 leading-relaxed\">H\u01b0\u1edbng d\u1eabn s\u1eed d\u1ee5ng qu\u1ea1t ch\u1eafn gi\u00f3 Nanyoo<\/p>\n<p class=\"mb-4 leading-relaxed\">B\u01b0\u1edbc 1: L\u1eafp \u0111\u1eb7t qu\u1ea1t c\u1eaft gi\u00f3 t\u1ea1i v\u1ecb tr\u00ed c\u1eeda ra v\u00e0o l\u1edbn ho\u1eb7c c\u00e1c khu v\u1ef1c c\u1ea7n ki\u1ec3m so\u00e1t kh\u00f4ng kh\u00ed hi\u1ec7u qu\u1ea3. \u0110\u1ea3m b\u1ea3o r\u1eb1ng qu\u1ea1t \u0111\u01b0\u1ee3c g\u1eafn ch\u1eafc ch\u1eafn v\u00e0 kh\u00f4ng b\u1ecb c\u1ea3n tr\u1edf b\u1edfi v\u1eadt c\u1ea3n n\u00e0o.<\/p>\n<p class=\"mb-4 leading-relaxed\">B\u01b0\u1edbc 2: K\u1ebft n\u1ed1i qu\u1ea1t v\u1edbi ngu\u1ed3n \u0111i\u1ec7n theo h\u01b0\u1edbng d\u1eabn c\u1ee7a nh\u00e0 s\u1ea3n xu\u1ea5t.<\/p>\n<p class=\"mb-4 leading-relaxed\">B\u01b0\u1edbc 3: B\u1eadt qu\u1ea1t v\u00e0 \u0111i\u1ec1u ch\u1ec9nh t\u1ed1c \u0111\u1ed9 gi\u00f3 sao cho ph\u00f9 h\u1ee3p v\u1edbi nhu c\u1ea7u c\u1ee7a kh\u00f4ng gian s\u1eed d\u1ee5ng.<\/p>\n<p class=\"mb-4 leading-relaxed\">B\u01b0\u1edbc 4: \u0110\u1ea3m b\u1ea3o qu\u1ea1t \u0111\u01b0\u1ee3c v\u1ec7 sinh \u0111\u1ecbnh k\u1ef3, l\u00e0m s\u1ea1ch l\u01b0\u1edbi h\u00fat gi\u00f3 v\u00e0 c\u00e1c b\u1ed9 ph\u1eadn qu\u1ea1t \u0111\u1ec3 \u0111\u1ea3m b\u1ea3o hi\u1ec7u su\u1ea5t ho\u1ea1t \u0111\u1ed9ng.<\/p>\n<h2 class=\"py-2 my-4 text-2xl font-bold border-green-500 border-y border-opacity-10\">\u1ee8ng d\u1ee5ng c\u1ee7a qu\u1ea1t c\u1eaft gi\u00f3 Nanyoo FM 5512Z-L\/Y<\/h2>\n<p class=\"mb-4 leading-relaxed\">Trung t\u00e2m th\u01b0\u01a1ng m\u1ea1i: Gi\u00fap ng\u0103n s\u1ef1 th\u1ea5t tho\u00e1t kh\u00ed l\u1ea1nh khi c\u1eeda ra v\u00e0o m\u1edf th\u01b0\u1eddng xuy\u00ean, gi\u1eef cho kh\u00f4ng gian lu\u00f4n m\u00e1t m\u1ebb v\u00e0 ti\u1ebft ki\u1ec7m chi ph\u00ed \u0111i\u1ec7n n\u0103ng cho h\u1ec7 th\u1ed1ng \u0111i\u1ec1u h\u00f2a.<\/p>\n<p class=\"mb-4 leading-relaxed\">Kho l\u1ea1nh nh\u1ecf: Qu\u1ea1t c\u1eaft gi\u00f3 Nanyoo FM 5512-l\/y gi\u00fap duy tr\u00ec m\u00f4i tr\u01b0\u1eddng \u1ed5n \u0111\u1ecbnh v\u1ec1 nhi\u1ec7t \u0111\u1ed9, b\u1ea3o v\u1ec7 c\u00e1c s\u1ea3n ph\u1ea9m trong kho kh\u00f4ng b\u1ecb \u1ea3nh h\u01b0\u1edfng b\u1edfi nhi\u1ec7t \u0111\u1ed9 b\u00ean ngo\u00e0i.<\/p>\n<p class=\"mb-4 leading-relaxed\">Khu v\u1ef1c s\u1ea3n xu\u1ea5t v\u00e0 ch\u1ebf bi\u1ebfn: Ng\u0103n b\u1ee5i b\u1ea9n v\u00e0 c\u00e1c y\u1ebfu t\u1ed1 m\u00f4i tr\u01b0\u1eddng x\u00e2m nh\u1eadp v\u00e0o khu v\u1ef1c s\u1ea3n xu\u1ea5t, b\u1ea3o v\u1ec7 kh\u00f4ng gian l\u00e0m vi\u1ec7c s\u1ea1ch s\u1ebd v\u00e0 an to\u00e0n cho c\u00f4ng nh\u00e2n.<\/p>\n<h2 class=\"py-2 my-4 text-2xl font-bold border-green-500 border-y border-opacity-10\">V\u00ec sao ch\u1ecdn mua qu\u1ea1t ch\u1eafn gi\u00f3 \u0111i\u1ec1u h\u00f2a Nanyoo t\u1ea1i Ph\u00fa \u0110\u1ea1t V\u01b0\u1ee3ng?<\/h2>\n<p class=\"mb-4 leading-relaxed\">Cam k\u1ebft ch\u00ednh h\u00e3ng: Ph\u00fa \u0110\u1ea1t V\u01b0\u1ee3ng lu\u00f4n \u0111\u1ea3m b\u1ea3o cung c\u1ea5p c\u00e1c s\u1ea3n ph\u1ea9m <a href=\"https:\/\/quatcongnghiepvifan.com\/quat-cat-gio-dieu-hoa\/\" class=\"text-red-900\">qu\u1ea1t c\u1eaft gi\u00f3 ch\u00ednh h\u00e3ng<\/a> , nh\u1eadp kh\u1ea9u ch\u1ea5t l\u01b0\u1ee3ng cao, gi\u00fap kh\u00e1ch h\u00e0ng y\u00ean t\u00e2m khi mua s\u1eafm.<\/p>\n<p class=\"mb-4 leading-relaxed\">Gi\u00e1 c\u1ea3 c\u1ea1nh tranh: Ch\u00fang t\u00f4i cam k\u1ebft cung c\u1ea5p qu\u1ea1t c\u1eaft gi\u00f3 Nanyoo FM 5512Z-L\/Y v\u1edbi m\u1ee9c gi\u00e1 t\u1ed1t nh\u1ea5t tr\u00ean th\u1ecb tr\u01b0\u1eddng, \u0111\u1ed3ng th\u1eddi th\u01b0\u1eddng xuy\u00ean c\u00f3 c\u00e1c ch\u01b0\u01a1ng tr\u00ecnh \u01b0u \u0111\u00e3i h\u1ea5p d\u1eabn.<\/p>\n<p class=\"mb-4 leading-relaxed\">D\u1ecbch v\u1ee5 h\u1ed7 tr\u1ee3 nhanh ch\u00f3ng: Ph\u00fa \u0110\u1ea1t V\u01b0\u1ee3ng h\u1ed7 tr\u1ee3 l\u1eafp \u0111\u1eb7t qu\u1ea1t c\u1eaft gi\u00f3 nhanh ch\u00f3ng v\u00e0 hi\u1ec7u qu\u1ea3, v\u1edbi \u0111\u1ed9i ng\u0169 k\u1ef9 thu\u1eadt vi\u00ean chuy\u00ean nghi\u1ec7p, s\u1eb5n s\u00e0ng t\u01b0 v\u1ea5n v\u00e0 gi\u1ea3i quy\u1ebft m\u1ecdi y\u00eau c\u1ea7u c\u1ee7a kh\u00e1ch h\u00e0ng.<\/p>\n<p class=\"mb-4 leading-relaxed\">Ch\u1ebf \u0111\u1ed9 h\u1eadu m\u00e3i chuy\u00ean nghi\u1ec7p: Ch\u00fang t\u00f4i lu\u00f4n \u0111\u1ed3ng h\u00e0nh c\u00f9ng kh\u00e1ch h\u00e0ng qua d\u1ecbch v\u1ee5 h\u1eadu m\u00e3i t\u1eadn t\u00e2m, b\u1ea3o h\u00e0nh d\u00e0i h\u1ea1n v\u00e0 h\u1ed7 tr\u1ee3 b\u1ea3o tr\u00ec, v\u1ec7 sinh qu\u1ea1t \u0111\u1ec3 \u0111\u1ea3m b\u1ea3o hi\u1ec7u su\u1ea5t t\u1ed1i \u0111a.<\/p>\n<p class=\"mb-4 leading-relaxed\">M\u1eddi qu\u00fd kh\u00e1ch t\u00ecm hi\u1ec3u th\u00eam:<\/p>\n<p class=\"mb-4 leading-relaxed\"><a href=\"https:\/\/quatcongnghiepvifan.com\/quat-cat-gio-nanyoo-fm-5510z-l-y\/\" class=\"text-red-900\">Qu\u1ea1t C\u1eaft Gi\u00f3 Nanyoo FM 5510Z-L\/Y <\/a><\/p>\n<p class=\"mb-4 leading-relaxed\">Qu\u1ea1t C\u1eaft Gi\u00f3 Nanyoo FM 5509Z-L\/Y<\/p>\n","protected":false},"excerpt":{"rendered":"<div class=\"my-4 overflow-hidden bg-white rounded-lg shadow-xl \"><div class=\"overflow-x-auto\"><table class=\"min-w-full\" class=\"min-w-full\">\n<tbody class=\"bg-white divide-y divide-gray-100 \" class=\"bg-white divide-y divide-gray-100 \">\n<tr class=\"transition-all duration-200 ease-in-out group hover:bg-red-50 \" class=\"transition-all duration-200 ease-in-out group hover:bg-red-50 \">\n<td class=\"px-2 py-2 text-sm text-gray-700 transition-colors duration-200 group-hover:text-gray-900 \" class=\"px-2 py-2 text-sm text-gray-700 transition-colors duration-200 group-hover:text-gray-900 \"><strong class=\"font-cal-sans\">M\u00e3 s\u1ea3n ph\u1ea9m<\/strong><\/td>\n<td class=\"px-2 py-2 text-sm text-gray-700 transition-colors duration-200 group-hover:text-gray-900 \" class=\"px-2 py-2 text-sm text-gray-700 transition-colors duration-200 group-hover:text-gray-900 \">:<\/td>\n<td class=\"px-2 py-2 text-sm text-gray-700 transition-colors duration-200 group-hover:text-gray-900 \" class=\"px-2 py-2 text-sm text-gray-700 transition-colors duration-200 group-hover:text-gray-900 \">FM-5512Z-L\/Y<\/td>\n<\/tr>\n<tr class=\"transition-all duration-200 ease-in-out group hover:bg-red-50 \" class=\"transition-all duration-200 ease-in-out group hover:bg-red-50 \">\n<td class=\"px-2 py-2 text-sm text-gray-700 transition-colors duration-200 group-hover:text-gray-900 \" class=\"px-2 py-2 text-sm text-gray-700 transition-colors duration-200 group-hover:text-gray-900 \"><strong class=\"font-cal-sans\">Th\u01b0\u01a1ng hi\u1ec7u<\/strong><\/td>\n<td class=\"px-2 py-2 text-sm text-gray-700 transition-colors duration-200 group-hover:text-gray-900 \" class=\"px-2 py-2 text-sm text-gray-700 transition-colors duration-200 group-hover:text-gray-900 \">:<\/td>\n<td class=\"px-2 py-2 text-sm text-gray-700 transition-colors duration-200 group-hover:text-gray-900 \" class=\"px-2 py-2 text-sm text-gray-700 transition-colors duration-200 group-hover:text-gray-900 \">Nanyoo<\/td>\n<\/tr>\n<tr class=\"transition-all duration-200 ease-in-out group hover:bg-red-50 \" class=\"transition-all duration-200 ease-in-out group hover:bg-red-50 \">\n<td class=\"px-2 py-2 text-sm text-gray-700 transition-colors duration-200 group-hover:text-gray-900 \" class=\"px-2 py-2 text-sm text-gray-700 transition-colors duration-200 group-hover:text-gray-900 \"><strong class=\"font-cal-sans\">Chi\u1ec1u d\u00e0i<\/strong><\/td>\n<td class=\"px-2 py-2 text-sm text-gray-700 transition-colors duration-200 group-hover:text-gray-900 \" class=\"px-2 py-2 text-sm text-gray-700 transition-colors duration-200 group-hover:text-gray-900 \">:<\/td>\n<td class=\"px-2 py-2 text-sm text-gray-700 transition-colors duration-200 group-hover:text-gray-900 \" class=\"px-2 py-2 text-sm text-gray-700 transition-colors duration-200 group-hover:text-gray-900 \">1.2 m<\/td>\n<\/tr>\n<tr class=\"transition-all duration-200 ease-in-out group hover:bg-red-50 \" class=\"transition-all duration-200 ease-in-out group hover:bg-red-50 \">\n<td class=\"px-2 py-2 text-sm text-gray-700 transition-colors duration-200 group-hover:text-gray-900 \" class=\"px-2 py-2 text-sm text-gray-700 transition-colors duration-200 group-hover:text-gray-900 \"><strong class=\"font-cal-sans\">C\u00f4ng su\u1ea5t<\/strong><\/td>\n<td class=\"px-2 py-2 text-sm text-gray-700 transition-colors duration-200 group-hover:text-gray-900 \" class=\"px-2 py-2 text-sm text-gray-700 transition-colors duration-200 group-hover:text-gray-900 \">:<\/td>\n<td class=\"px-2 py-2 text-sm text-gray-700 transition-colors duration-200 group-hover:text-gray-900 \" class=\"px-2 py-2 text-sm text-gray-700 transition-colors duration-200 group-hover:text-gray-900 \">560 W<\/td>\n<\/tr>\n<tr class=\"transition-all duration-200 ease-in-out group hover:bg-red-50 \" class=\"transition-all duration-200 ease-in-out group hover:bg-red-50 \">\n<td class=\"px-2 py-2 text-sm text-gray-700 transition-colors duration-200 group-hover:text-gray-900 \" class=\"px-2 py-2 text-sm text-gray-700 transition-colors duration-200 group-hover:text-gray-900 \"><strong class=\"font-cal-sans\">L\u01b0u l\u01b0\u1ee3ng<\/strong><\/td>\n<td class=\"px-2 py-2 text-sm text-gray-700 transition-colors duration-200 group-hover:text-gray-900 \" class=\"px-2 py-2 text-sm text-gray-700 transition-colors duration-200 group-hover:text-gray-900 \">:<\/td>\n<td class=\"px-2 py-2 text-sm text-gray-700 transition-colors duration-200 group-hover:text-gray-900 \" class=\"px-2 py-2 text-sm text-gray-700 transition-colors duration-200 group-hover:text-gray-900 \">1.930 m3\/h<\/td>\n<\/tr>\n<tr class=\"transition-all duration-200 ease-in-out group hover:bg-red-50 \" class=\"transition-all duration-200 ease-in-out group hover:bg-red-50 \">\n<td class=\"px-2 py-2 text-sm text-gray-700 transition-colors duration-200 group-hover:text-gray-900 \" class=\"px-2 py-2 text-sm text-gray-700 transition-colors duration-200 group-hover:text-gray-900 \"><strong class=\"font-cal-sans\">B\u1ea3o h\u00e0nh<\/strong><\/td>\n<td class=\"px-2 py-2 text-sm text-gray-700 transition-colors duration-200 group-hover:text-gray-900 \" class=\"px-2 py-2 text-sm text-gray-700 transition-colors duration-200 group-hover:text-gray-900 \">:<\/td>\n<td class=\"px-2 py-2 text-sm text-gray-700 transition-colors duration-200 group-hover:text-gray-900 \" class=\"px-2 py-2 text-sm text-gray-700 transition-colors duration-200 group-hover:text-gray-900 \">12 th\u00e1ng<\/td>\n<\/tr>\n<tr class=\"transition-all duration-200 ease-in-out group hover:bg-red-50 \" class=\"transition-all duration-200 ease-in-out group hover:bg-red-50 \">\n<td class=\"px-2 py-2 text-sm text-gray-700 transition-colors duration-200 group-hover:text-gray-900 \" class=\"px-2 py-2 text-sm text-gray-700 transition-colors duration-200 group-hover:text-gray-900 \"><strong class=\"font-cal-sans\">Xu\u1ea5t x\u1ee9<\/strong><\/td>\n<td class=\"px-2 py-2 text-sm text-gray-700 transition-colors duration-200 group-hover:text-gray-900 \" class=\"px-2 py-2 text-sm text-gray-700 transition-colors duration-200 group-hover:text-gray-900 \">:<\/td>\n<td class=\"px-2 py-2 text-sm text-gray-700 transition-colors duration-200 group-hover:text-gray-900 \" class=\"px-2 py-2 text-sm text-gray-700 transition-colors duration-200 group-hover:text-gray-900 \">Trung Qu\u1ed1c<\/td>\n<\/tr>\n<\/tbody>\n<\/table><\/div><\/div>\n","protected":false},"featured_media":67,"template":"","meta":{"footnotes":""},"product_cat":[7],"product_tag":[],"ztteam_product_brand":[],"class_list":["post-66","product","type-product","status-publish","has-post-thumbnail","hentry","product_cat-quat-cat-gio-dieu-hoa"],"meta_box":{"_sku":"FM-5512Z-L\/Y","_regular_price":"14580960","_sale_price":"10269220","_price":"10269220","_stock_status":"instock","_stock":"50","_manage_stock":"1","_weight":"","_length":"","_width":"","_height":"","_product_image_gallery":[{"width":150,"height":150,"file":"2026\/03\/quat-cat-gio-nanyoo-FM-5512Z-L-Y.png","filesize":65524,"sizes":[],"image_meta":{"aperture":"0","credit":"","camera":"","caption":"","created_timestamp":"0","copyright":"","focal_length":"0","iso":"0","shutter_speed":"0","title":"","orientation":"0","keywords":[]},"ID":"67","name":"quat-cat-gio-nanyoo-FM-5512Z-L-Y.png","path":"\/home\/dev.wptheme.store\/public_html\/s\/wpquat\/wp-content\/uploads\/2026\/03\/quat-cat-gio-nanyoo-FM-5512Z-L-Y.png","url":"https:\/\/dev.wptheme.store\/s\/wpquat\/wp-content\/uploads\/2026\/03\/quat-cat-gio-nanyoo-FM-5512Z-L-Y.png","full_url":"https:\/\/dev.wptheme.store\/s\/wpquat\/wp-content\/uploads\/2026\/03\/quat-cat-gio-nanyoo-FM-5512Z-L-Y.png","title":"Qu\u1ea1t C\u1eaft Gi\u00f3 Nanyoo FM 5512Z-L\/Y","caption":"","description":"","alt":"","srcset":false}],"_featured":"0","_visibility":"visible","_virtual":"","_downloadable":"","product_type":"simple","product_attributes":[],"color_variations":[],"size_variations":[],"storage_variations":[],"material_variations":[]},"_links":{"self":[{"href":"https:\/\/dev.wptheme.store\/s\/wpquat\/wp-json\/wp\/v2\/product\/66","targetHints":{"allow":["GET"]}}],"collection":[{"href":"https:\/\/dev.wptheme.store\/s\/wpquat\/wp-json\/wp\/v2\/product"}],"about":[{"href":"https:\/\/dev.wptheme.store\/s\/wpquat\/wp-json\/wp\/v2\/types\/product"}],"version-history":[{"count":0,"href":"https:\/\/dev.wptheme.store\/s\/wpquat\/wp-json\/wp\/v2\/product\/66\/revisions"}],"wp:featuredmedia":[{"embeddable":true,"href":"https:\/\/dev.wptheme.store\/s\/wpquat\/wp-json\/wp\/v2\/media\/67"}],"wp:attachment":[{"href":"https:\/\/dev.wptheme.store\/s\/wpquat\/wp-json\/wp\/v2\/media?parent=66"}],"wp:term":[{"taxonomy":"product_cat","embeddable":true,"href":"https:\/\/dev.wptheme.store\/s\/wpquat\/wp-json\/wp\/v2\/product_cat?post=66"},{"taxonomy":"product_tag","embeddable":true,"href":"https:\/\/dev.wptheme.store\/s\/wpquat\/wp-json\/wp\/v2\/product_tag?post=66"},{"taxonomy":"ztteam_product_brand","embeddable":true,"href":"https:\/\/dev.wptheme.store\/s\/wpquat\/wp-json\/wp\/v2\/ztteam_product_brand?post=66"}],"curies":[{"name":"wp","href":"https:\/\/api.w.org\/{rel}","templated":true}]}}