{"id":76,"date":"2026-03-16T08:49:14","date_gmt":"2026-03-16T01:49:14","guid":{"rendered":"https:\/\/dev.wptheme.store\/s\/wpquat\/product\/quat-treo-cong-nghiep-d600\/"},"modified":"2026-03-16T08:49:14","modified_gmt":"2026-03-16T01:49:14","slug":"quat-treo-cong-nghiep-d600","status":"publish","type":"product","link":"https:\/\/dev.wptheme.store\/s\/wpquat\/product\/quat-treo-cong-nghiep-d600\/","title":{"rendered":"Qu\u1ea1t Treo C\u00f4ng Nghi\u1ec7p D600"},"content":{"rendered":"<p class=\"mb-4 leading-relaxed\">Qu\u1ea1t Treo C\u00f4ng Nghi\u1ec7p D600 t\u1eeb th\u01b0\u01a1ng hi\u1ec7u ViFan l\u00e0 l\u1ef1a ch\u1ecdn l\u00fd t\u01b0\u1edfng cho nh\u1eefng kh\u00f4ng gian c\u1ea7n l\u00e0m m\u00e1t hi\u1ec7u qu\u1ea3 m\u00e0 v\u1eabn ti\u1ebft ki\u1ec7m di\u1ec7n t\u00edch. V\u1edbi thi\u1ebft k\u1ebf treo t\u01b0\u1eddng linh ho\u1ea1t, qu\u1ea1t n\u00e0y d\u1ec5 d\u00e0ng l\u1eafp \u0111\u1eb7t \u1edf c\u00e1c khu v\u1ef1c nh\u01b0 nh\u00e0 x\u01b0\u1edfng, kho b\u00e3i, ho\u1eb7c c\u00e1c kh\u00f4ng gian l\u00e0m vi\u1ec7c ch\u1eadt h\u1eb9p, gi\u00fap t\u1ed1i \u01b0u h\u00f3a kh\u00f4ng gian m\u00e0 v\u1eabn \u0111\u1ea3m b\u1ea3o hi\u1ec7u qu\u1ea3 l\u00e0m m\u00e1t cao.<\/p>\n<h2 class=\"py-2 my-4 text-2xl font-bold border-green-500 border-y border-opacity-10\">Th\u00f4ng s\u1ed1 k\u1ef9 thu\u1eadt qu\u1ea1t treo c\u00f4ng nghi\u1ec7p 600:<\/h2>\n<p class=\"mb-4 leading-relaxed\">M\u00e3 s\u1ea3n ph\u1ea9m: MW-600<\/p>\n<p class=\"mb-4 leading-relaxed\">Th\u01b0\u01a1ng hi\u1ec7u: ViFan<\/p>\n<p class=\"mb-4 leading-relaxed\">S\u1ea3i c\u00e1nh: 600 mm<\/p>\n<p class=\"mb-4 leading-relaxed\">C\u00f4ng su\u1ea5t: 190 W<\/p>\n<p class=\"mb-4 leading-relaxed\">L\u01b0u l\u01b0\u1ee3ng gi\u00f3: 8.800 m\u00b3\/h<\/p>\n<p class=\"mb-4 leading-relaxed\">B\u1ea3o h\u00e0nh: 12 th\u00e1ng<\/p>\n<p class=\"mb-4 leading-relaxed\">Xu\u1ea5t x\u1ee9: Vi\u1ec7t Nam<\/p>\n<h2 class=\"py-2 my-4 text-2xl font-bold border-green-500 border-y border-opacity-10\">\u0110\u1eb7c \u0111i\u1ec3m n\u1ed5i b\u1eadt qu\u1ea1t c\u00f4ng nghi\u1ec7p treo t\u01b0\u1eddng 600:<\/h2>\n<p class=\"mb-4 leading-relaxed\">Thi\u1ebft k\u1ebf ti\u1ec7n d\u1ee5ng: Qu\u1ea1t treo t\u01b0\u1eddng gi\u00fap ti\u1ebft ki\u1ec7m kh\u00f4ng gian, d\u1ec5 d\u00e0ng l\u1eafp \u0111\u1eb7t \u1edf c\u00e1c khu v\u1ef1c kh\u00f4ng c\u00f3 nhi\u1ec1u di\u1ec7n t\u00edch.<\/p>\n<p class=\"mb-4 leading-relaxed\">Hi\u1ec7u su\u1ea5t l\u00e0m m\u00e1t cao: C\u00e1nh qu\u1ea1t \u0111\u01b0\u1eddng k\u00ednh 600 mm t\u1ea1o ra lu\u1ed3ng gi\u00f3 m\u1ea1nh m\u1ebd, gi\u00fap l\u00e0m m\u00e1t di\u1ec7n t\u00edch r\u1ed9ng m\u00e0 kh\u00f4ng g\u00e2y t\u1ed1n k\u00e9m n\u0103ng l\u01b0\u1ee3ng.<\/p>\n<p class=\"mb-4 leading-relaxed\">\u0110\u1ed9ng c\u01a1 b\u1ec1n b\u1ec9: V\u1edbi c\u00f4ng su\u1ea5t 190W, qu\u1ea1t ho\u1ea1t \u0111\u1ed9ng \u1ed5n \u0111\u1ecbnh, ti\u1ebft ki\u1ec7m \u0111i\u1ec7n n\u0103ng v\u00e0 c\u00f3 tu\u1ed5i th\u1ecd l\u00e2u d\u00e0i.<\/p>\n<p class=\"mb-4 leading-relaxed\">Ho\u1ea1t \u0111\u1ed9ng \u00eam \u00e1i: Qu\u1ea1t c\u00f3 \u0111\u1ed9 \u1ed3n th\u1ea5p, ph\u00f9 h\u1ee3p cho c\u00e1c khu v\u1ef1c y\u00eau c\u1ea7u kh\u00f4ng gian y\u00ean t\u0129nh nh\u01b0 ph\u00f2ng l\u00e0m vi\u1ec7c, nh\u00e0 x\u01b0\u1edfng s\u1ea3n xu\u1ea5t.<\/p>\n<p class=\"mb-4 leading-relaxed\">B\u1ea3o h\u00e0nh d\u00e0i h\u1ea1n: S\u1ea3n ph\u1ea9m \u0111\u01b0\u1ee3c b\u1ea3o h\u00e0nh 12 th\u00e1ng, \u0111\u1ea3m b\u1ea3o ch\u1ea5t l\u01b0\u1ee3ng v\u00e0 s\u1ef1 an t\u00e2m cho ng\u01b0\u1eddi d\u00f9ng.<\/p>\n<h2 class=\"py-2 my-4 text-2xl font-bold border-green-500 border-y border-opacity-10\">\u1ee8ng d\u1ee5ng qu\u1ea1t treo t\u01b0\u1eddng 600:<\/h2>\n<p class=\"mb-4 leading-relaxed\">Nh\u00e0 x\u01b0\u1edfng c\u00f4ng nghi\u1ec7p: T\u1ea1o lu\u1ed3ng gi\u00f3 t\u01b0\u01a1i m\u1edbi, gi\u00fap gi\u1ea3m nhi\u1ec7t \u0111\u1ed9 trong m\u00f4i tr\u01b0\u1eddng l\u00e0m vi\u1ec7c n\u00f3ng b\u1ee9c.<\/p>\n<p class=\"mb-4 leading-relaxed\">Kho b\u00e3i, gara: Th\u00edch h\u1ee3p cho nh\u1eefng kh\u00f4ng gian c\u1ea7n th\u00f4ng gi\u00f3 m\u1ea1nh, l\u01b0u th\u00f4ng kh\u00f4ng kh\u00ed hi\u1ec7u qu\u1ea3.<\/p>\n<p class=\"mb-4 leading-relaxed\">Khu v\u1ef1c l\u00e0m vi\u1ec7c: L\u00e0m m\u00e1t kh\u00f4ng gian l\u00e0m vi\u1ec7c ho\u1eb7c n\u01a1i c\u00f3 m\u1eadt \u0111\u1ed9 ng\u01b0\u1eddi cao, gi\u00fap t\u0103ng n\u0103ng su\u1ea5t lao \u0111\u1ed9ng.<\/p>\n<p class=\"mb-4 leading-relaxed\">N\u1ebfu mu\u1ed1n l\u00e0m m\u00e1t v\u1ecb tr\u00ed cao h\u01a1n, m\u1eddi qu\u00fd kh\u00e1ch tham kh\u1ea3o: <a href=\"https:\/\/quatcongnghiepvifan.com\/quat-dung-cong-nghiep-d750\/\" class=\"text-red-900\">Qu\u1ea1t \u0110\u1ee9ng C\u00f4ng Nghi\u1ec7p D750<\/a> ; <a href=\"https:\/\/quatcongnghiepvifan.com\/quat-dung-cong-nghiep-d650\/\" class=\"text-red-900\">Qu\u1ea1t \u0110\u1ee9ng C\u00f4ng Nghi\u1ec7p D650<\/a><\/p>\n","protected":false},"excerpt":{"rendered":"<div class=\"my-4 overflow-hidden bg-white rounded-lg shadow-xl \"><div class=\"overflow-x-auto\"><table class=\"min-w-full\" class=\"min-w-full\">\n<tbody class=\"bg-white divide-y divide-gray-100 \" class=\"bg-white divide-y divide-gray-100 \">\n<tr class=\"transition-all duration-200 ease-in-out group hover:bg-red-50 \" class=\"transition-all duration-200 ease-in-out group hover:bg-red-50 \">\n<td class=\"px-2 py-2 text-sm text-gray-700 transition-colors duration-200 group-hover:text-gray-900 \" class=\"px-2 py-2 text-sm text-gray-700 transition-colors duration-200 group-hover:text-gray-900 \"><strong class=\"font-cal-sans\">M\u00e3 s\u1ea3n ph\u1ea9m<\/strong><\/td>\n<td class=\"px-2 py-2 text-sm text-gray-700 transition-colors duration-200 group-hover:text-gray-900 \" class=\"px-2 py-2 text-sm text-gray-700 transition-colors duration-200 group-hover:text-gray-900 \">:<\/td>\n<td class=\"px-2 py-2 text-sm text-gray-700 transition-colors duration-200 group-hover:text-gray-900 \" class=\"px-2 py-2 text-sm text-gray-700 transition-colors duration-200 group-hover:text-gray-900 \">MW-600<\/td>\n<\/tr>\n<tr class=\"transition-all duration-200 ease-in-out group hover:bg-red-50 \" class=\"transition-all duration-200 ease-in-out group hover:bg-red-50 \">\n<td class=\"px-2 py-2 text-sm text-gray-700 transition-colors duration-200 group-hover:text-gray-900 \" class=\"px-2 py-2 text-sm text-gray-700 transition-colors duration-200 group-hover:text-gray-900 \"><strong class=\"font-cal-sans\">Th\u01b0\u01a1ng hi\u1ec7u<\/strong><\/td>\n<td class=\"px-2 py-2 text-sm text-gray-700 transition-colors duration-200 group-hover:text-gray-900 \" class=\"px-2 py-2 text-sm text-gray-700 transition-colors duration-200 group-hover:text-gray-900 \">:<\/td>\n<td class=\"px-2 py-2 text-sm text-gray-700 transition-colors duration-200 group-hover:text-gray-900 \" class=\"px-2 py-2 text-sm text-gray-700 transition-colors duration-200 group-hover:text-gray-900 \">ViFan<\/td>\n<\/tr>\n<tr class=\"transition-all duration-200 ease-in-out group hover:bg-red-50 \" class=\"transition-all duration-200 ease-in-out group hover:bg-red-50 \">\n<td class=\"px-2 py-2 text-sm text-gray-700 transition-colors duration-200 group-hover:text-gray-900 \" class=\"px-2 py-2 text-sm text-gray-700 transition-colors duration-200 group-hover:text-gray-900 \"><strong class=\"font-cal-sans\">S\u1ea3i C\u00e1nh<\/strong><\/td>\n<td class=\"px-2 py-2 text-sm text-gray-700 transition-colors duration-200 group-hover:text-gray-900 \" class=\"px-2 py-2 text-sm text-gray-700 transition-colors duration-200 group-hover:text-gray-900 \">:<\/td>\n<td class=\"px-2 py-2 text-sm text-gray-700 transition-colors duration-200 group-hover:text-gray-900 \" class=\"px-2 py-2 text-sm text-gray-700 transition-colors duration-200 group-hover:text-gray-900 \">600 mm<\/td>\n<\/tr>\n<tr class=\"transition-all duration-200 ease-in-out group hover:bg-red-50 \" class=\"transition-all duration-200 ease-in-out group hover:bg-red-50 \">\n<td class=\"px-2 py-2 text-sm text-gray-700 transition-colors duration-200 group-hover:text-gray-900 \" class=\"px-2 py-2 text-sm text-gray-700 transition-colors duration-200 group-hover:text-gray-900 \"><strong class=\"font-cal-sans\">C\u00f4ng su\u1ea5t<\/strong><\/td>\n<td class=\"px-2 py-2 text-sm text-gray-700 transition-colors duration-200 group-hover:text-gray-900 \" class=\"px-2 py-2 text-sm text-gray-700 transition-colors duration-200 group-hover:text-gray-900 \">:<\/td>\n<td class=\"px-2 py-2 text-sm text-gray-700 transition-colors duration-200 group-hover:text-gray-900 \" class=\"px-2 py-2 text-sm text-gray-700 transition-colors duration-200 group-hover:text-gray-900 \">190 W<\/td>\n<\/tr>\n<tr class=\"transition-all duration-200 ease-in-out group hover:bg-red-50 \" class=\"transition-all duration-200 ease-in-out group hover:bg-red-50 \">\n<td class=\"px-2 py-2 text-sm text-gray-700 transition-colors duration-200 group-hover:text-gray-900 \" class=\"px-2 py-2 text-sm text-gray-700 transition-colors duration-200 group-hover:text-gray-900 \"><strong class=\"font-cal-sans\">L\u01b0u l\u01b0\u1ee3ng<\/strong><\/td>\n<td class=\"px-2 py-2 text-sm text-gray-700 transition-colors duration-200 group-hover:text-gray-900 \" class=\"px-2 py-2 text-sm text-gray-700 transition-colors duration-200 group-hover:text-gray-900 \">:<\/td>\n<td class=\"px-2 py-2 text-sm text-gray-700 transition-colors duration-200 group-hover:text-gray-900 \" class=\"px-2 py-2 text-sm text-gray-700 transition-colors duration-200 group-hover:text-gray-900 \">8.800 m3\/h<\/td>\n<\/tr>\n<tr class=\"transition-all duration-200 ease-in-out group hover:bg-red-50 \" class=\"transition-all duration-200 ease-in-out group hover:bg-red-50 \">\n<td class=\"px-2 py-2 text-sm text-gray-700 transition-colors duration-200 group-hover:text-gray-900 \" class=\"px-2 py-2 text-sm text-gray-700 transition-colors duration-200 group-hover:text-gray-900 \"><strong class=\"font-cal-sans\">B\u1ea3o h\u00e0nh<\/strong><\/td>\n<td class=\"px-2 py-2 text-sm text-gray-700 transition-colors duration-200 group-hover:text-gray-900 \" class=\"px-2 py-2 text-sm text-gray-700 transition-colors duration-200 group-hover:text-gray-900 \">:<\/td>\n<td class=\"px-2 py-2 text-sm text-gray-700 transition-colors duration-200 group-hover:text-gray-900 \" class=\"px-2 py-2 text-sm text-gray-700 transition-colors duration-200 group-hover:text-gray-900 \">12 th\u00e1ng<\/td>\n<\/tr>\n<tr class=\"transition-all duration-200 ease-in-out group hover:bg-red-50 \" class=\"transition-all duration-200 ease-in-out group hover:bg-red-50 \">\n<td class=\"px-2 py-2 text-sm text-gray-700 transition-colors duration-200 group-hover:text-gray-900 \" class=\"px-2 py-2 text-sm text-gray-700 transition-colors duration-200 group-hover:text-gray-900 \"><strong class=\"font-cal-sans\">Xu\u1ea5t x\u1ee9<\/strong><\/td>\n<td class=\"px-2 py-2 text-sm text-gray-700 transition-colors duration-200 group-hover:text-gray-900 \" class=\"px-2 py-2 text-sm text-gray-700 transition-colors duration-200 group-hover:text-gray-900 \">:<\/td>\n<td class=\"px-2 py-2 text-sm text-gray-700 transition-colors duration-200 group-hover:text-gray-900 \" class=\"px-2 py-2 text-sm text-gray-700 transition-colors duration-200 group-hover:text-gray-900 \">Vi\u1ec7t nam<\/td>\n<\/tr>\n<\/tbody>\n<\/table><\/div><\/div>\n","protected":false},"featured_media":77,"template":"","meta":{"footnotes":""},"product_cat":[8],"product_tag":[],"ztteam_product_brand":[],"class_list":["post-76","product","type-product","status-publish","has-post-thumbnail","hentry","product_cat-quat-cong-nghiep"],"meta_box":{"_sku":"MW-600","_regular_price":"12762295","_sale_price":"10568735","_price":"10568735","_stock_status":"instock","_stock":"50","_manage_stock":"1","_weight":"","_length":"","_width":"","_height":"","_product_image_gallery":[{"width":150,"height":150,"file":"2026\/03\/quat-treo-cong-nghiep-d600.png","filesize":182918,"sizes":[],"image_meta":{"aperture":"0","credit":"","camera":"","caption":"","created_timestamp":"0","copyright":"","focal_length":"0","iso":"0","shutter_speed":"0","title":"","orientation":"0","keywords":[]},"ID":"77","name":"quat-treo-cong-nghiep-d600.png","path":"\/home\/dev.wptheme.store\/public_html\/s\/wpquat\/wp-content\/uploads\/2026\/03\/quat-treo-cong-nghiep-d600.png","url":"https:\/\/dev.wptheme.store\/s\/wpquat\/wp-content\/uploads\/2026\/03\/quat-treo-cong-nghiep-d600.png","full_url":"https:\/\/dev.wptheme.store\/s\/wpquat\/wp-content\/uploads\/2026\/03\/quat-treo-cong-nghiep-d600.png","title":"Qu\u1ea1t Treo C\u00f4ng Nghi\u1ec7p D600","caption":"","description":"","alt":"","srcset":false}],"_featured":"0","_visibility":"visible","_virtual":"","_downloadable":"","product_type":"simple","product_attributes":[],"color_variations":[],"size_variations":[],"storage_variations":[],"material_variations":[]},"_links":{"self":[{"href":"https:\/\/dev.wptheme.store\/s\/wpquat\/wp-json\/wp\/v2\/product\/76","targetHints":{"allow":["GET"]}}],"collection":[{"href":"https:\/\/dev.wptheme.store\/s\/wpquat\/wp-json\/wp\/v2\/product"}],"about":[{"href":"https:\/\/dev.wptheme.store\/s\/wpquat\/wp-json\/wp\/v2\/types\/product"}],"version-history":[{"count":0,"href":"https:\/\/dev.wptheme.store\/s\/wpquat\/wp-json\/wp\/v2\/product\/76\/revisions"}],"wp:featuredmedia":[{"embeddable":true,"href":"https:\/\/dev.wptheme.store\/s\/wpquat\/wp-json\/wp\/v2\/media\/77"}],"wp:attachment":[{"href":"https:\/\/dev.wptheme.store\/s\/wpquat\/wp-json\/wp\/v2\/media?parent=76"}],"wp:term":[{"taxonomy":"product_cat","embeddable":true,"href":"https:\/\/dev.wptheme.store\/s\/wpquat\/wp-json\/wp\/v2\/product_cat?post=76"},{"taxonomy":"product_tag","embeddable":true,"href":"https:\/\/dev.wptheme.store\/s\/wpquat\/wp-json\/wp\/v2\/product_tag?post=76"},{"taxonomy":"ztteam_product_brand","embeddable":true,"href":"https:\/\/dev.wptheme.store\/s\/wpquat\/wp-json\/wp\/v2\/ztteam_product_brand?post=76"}],"curies":[{"name":"wp","href":"https:\/\/api.w.org\/{rel}","templated":true}]}}