{"id":88,"date":"2026-03-16T08:49:23","date_gmt":"2026-03-16T01:49:23","guid":{"rendered":"https:\/\/dev.wptheme.store\/s\/wpquat\/product\/quat-hoi-nuoc-cong-nghiep-2-tang\/"},"modified":"2026-03-16T08:49:23","modified_gmt":"2026-03-16T01:49:23","slug":"quat-hoi-nuoc-cong-nghiep-2-tang","status":"publish","type":"product","link":"https:\/\/dev.wptheme.store\/s\/wpquat\/product\/quat-hoi-nuoc-cong-nghiep-2-tang\/","title":{"rendered":"Qu\u1ea1t H\u01a1i N\u01b0\u1edbc C\u00f4ng Nghi\u1ec7p 2 T\u1ea7ng"},"content":{"rendered":"<p class=\"mb-4 leading-relaxed\">Qu\u1ea1t h\u01a1i n\u01b0\u1edbc c\u00f4ng nghi\u1ec7p 2 t\u1ea7ng l\u00e0 thi\u1ebft b\u1ecb l\u00e0m m\u00e1t \u0111\u01b0\u1ee3c \u01b0a chu\u1ed9ng trong c\u00e1c nh\u00e0 x\u01b0\u1edfng, kho b\u00e3i, khu s\u1ea3n xu\u1ea5t v\u00e0 nh\u1eefng n\u01a1i \u0111\u00f4ng ng\u01b0\u1eddi. V\u1edbi thi\u1ebft k\u1ebf 2 t\u1ea7ng \u0111\u1ed9c \u0111\u00e1o, kh\u1ea3 n\u0103ng l\u00e0m m\u00e1t v\u01b0\u1ee3t tr\u1ed9i v\u00e0 l\u01b0u l\u01b0\u1ee3ng gi\u00f3 l\u1edbn l\u00ean \u0111\u1ebfn 23.000 m\u00b3\/h, m\u1eabu qu\u1ea1t n\u00e0y mang \u0111\u1ebfn gi\u1ea3i ph\u00e1p h\u1ea1 nhi\u1ec7t hi\u1ec7u qu\u1ea3, ti\u1ebft ki\u1ec7m \u0111i\u1ec7n n\u0103ng \u0111\u00e1ng k\u1ec3.<\/p>\n<h2 class=\"py-2 my-4 text-2xl font-bold border-green-500 border-y border-opacity-10\">Th\u00f4ng s\u1ed1 k\u1ef9 thu\u1eadt qu\u1ea1t h\u01a1i n\u01b0\u1edbc c\u00f4ng nghi\u1ec7p 2 t\u1ea7ng HA-1800<\/h2>\n<ul class=\"mb-4 space-y-1 list-none\">\n<li class=\"flex items-center gap-3 leading-relaxed text-gray-800 \"><div class=\"flex items-center justify-center w-5 h-5 bg-red-100 rounded-full shrink-0\"><svg class=\"w-3 h-3 text-red-600\" fill=\"none\" stroke=\"currentColor\" stroke- viewBox=\"0 0 24 24\"><path stroke-linecap=\"round\" stroke-linejoin=\"round\" d=\"M5 13l4 4L19 7\" \/><\/svg><\/div><div class=\"flex-1\">M\u00e3 s\u1ea3n ph\u1ea9m: HA-1800<\/div><\/li>\n<li class=\"flex items-center gap-3 leading-relaxed text-gray-800 \"><div class=\"flex items-center justify-center w-5 h-5 bg-red-100 rounded-full shrink-0\"><svg class=\"w-3 h-3 text-red-600\" fill=\"none\" stroke=\"currentColor\" stroke- viewBox=\"0 0 24 24\"><path stroke-linecap=\"round\" stroke-linejoin=\"round\" d=\"M5 13l4 4L19 7\" \/><\/svg><\/div><div class=\"flex-1\">C\u00f4ng su\u1ea5t ti\u00eau th\u1ee5: 600W (300W x 2 t\u1ea7ng)<\/div><\/li>\n<li class=\"flex items-center gap-3 leading-relaxed text-gray-800 \"><div class=\"flex items-center justify-center w-5 h-5 bg-red-100 rounded-full shrink-0\"><svg class=\"w-3 h-3 text-red-600\" fill=\"none\" stroke=\"currentColor\" stroke- viewBox=\"0 0 24 24\"><path stroke-linecap=\"round\" stroke-linejoin=\"round\" d=\"M5 13l4 4L19 7\" \/><\/svg><\/div><div class=\"flex-1\">L\u01b0u l\u01b0\u1ee3ng gi\u00f3: 23.000 m\u00b3\/h<\/div><\/li>\n<li class=\"flex items-center gap-3 leading-relaxed text-gray-800 \"><div class=\"flex items-center justify-center w-5 h-5 bg-red-100 rounded-full shrink-0\"><svg class=\"w-3 h-3 text-red-600\" fill=\"none\" stroke=\"currentColor\" stroke- viewBox=\"0 0 24 24\"><path stroke-linecap=\"round\" stroke-linejoin=\"round\" d=\"M5 13l4 4L19 7\" \/><\/svg><\/div><div class=\"flex-1\">\u0110i\u1ec7n \u00e1p: 220V \u2013 50Hz<\/div><\/li>\n<li class=\"flex items-center gap-3 leading-relaxed text-gray-800 \"><div class=\"flex items-center justify-center w-5 h-5 bg-red-100 rounded-full shrink-0\"><svg class=\"w-3 h-3 text-red-600\" fill=\"none\" stroke=\"currentColor\" stroke- viewBox=\"0 0 24 24\"><path stroke-linecap=\"round\" stroke-linejoin=\"round\" d=\"M5 13l4 4L19 7\" \/><\/svg><\/div><div class=\"flex-1\">Dung t\u00edch b\u00ecnh n\u01b0\u1edbc: 80 l\u00edt<\/div><\/li>\n<li class=\"flex items-center gap-3 leading-relaxed text-gray-800 \"><div class=\"flex items-center justify-center w-5 h-5 bg-red-100 rounded-full shrink-0\"><svg class=\"w-3 h-3 text-red-600\" fill=\"none\" stroke=\"currentColor\" stroke- viewBox=\"0 0 24 24\"><path stroke-linecap=\"round\" stroke-linejoin=\"round\" d=\"M5 13l4 4L19 7\" \/><\/svg><\/div><div class=\"flex-1\">L\u01b0\u1ee3ng n\u01b0\u1edbc ti\u00eau th\u1ee5: 5 \u2013 6 l\u00edt\/gi\u1edd<\/div><\/li>\n<li class=\"flex items-center gap-3 leading-relaxed text-gray-800 \"><div class=\"flex items-center justify-center w-5 h-5 bg-red-100 rounded-full shrink-0\"><svg class=\"w-3 h-3 text-red-600\" fill=\"none\" stroke=\"currentColor\" stroke- viewBox=\"0 0 24 24\"><path stroke-linecap=\"round\" stroke-linejoin=\"round\" d=\"M5 13l4 4L19 7\" \/><\/svg><\/div><div class=\"flex-1\">K\u00edch th\u01b0\u1edbc s\u1ea3n ph\u1ea9m: 65 x 47.5 x 200 cm<\/div><\/li>\n<li class=\"flex items-center gap-3 leading-relaxed text-gray-800 \"><div class=\"flex items-center justify-center w-5 h-5 bg-red-100 rounded-full shrink-0\"><svg class=\"w-3 h-3 text-red-600\" fill=\"none\" stroke=\"currentColor\" stroke- viewBox=\"0 0 24 24\"><path stroke-linecap=\"round\" stroke-linejoin=\"round\" d=\"M5 13l4 4L19 7\" \/><\/svg><\/div><div class=\"flex-1\">Tr\u1ecdng l\u01b0\u1ee3ng: 31 kg (36 kg c\u1ea3 th\u00f9ng)<\/div><\/li>\n<li class=\"flex items-center gap-3 leading-relaxed text-gray-800 \"><div class=\"flex items-center justify-center w-5 h-5 bg-red-100 rounded-full shrink-0\"><svg class=\"w-3 h-3 text-red-600\" fill=\"none\" stroke=\"currentColor\" stroke- viewBox=\"0 0 24 24\"><path stroke-linecap=\"round\" stroke-linejoin=\"round\" d=\"M5 13l4 4L19 7\" \/><\/svg><\/div><div class=\"flex-1\">Ph\u1ea1m vi l\u00e0m m\u00e1t: 50 \u2013 80 m\u00b2<\/div><\/li>\n<li class=\"flex items-center gap-3 leading-relaxed text-gray-800 \"><div class=\"flex items-center justify-center w-5 h-5 bg-red-100 rounded-full shrink-0\"><svg class=\"w-3 h-3 text-red-600\" fill=\"none\" stroke=\"currentColor\" stroke- viewBox=\"0 0 24 24\"><path stroke-linecap=\"round\" stroke-linejoin=\"round\" d=\"M5 13l4 4L19 7\" \/><\/svg><\/div><div class=\"flex-1\">Ch\u1ea5t li\u1ec7u: V\u1ecf nh\u1ef1a cao c\u1ea5p<\/div><\/li>\n<li class=\"flex items-center gap-3 leading-relaxed text-gray-800 \"><div class=\"flex items-center justify-center w-5 h-5 bg-red-100 rounded-full shrink-0\"><svg class=\"w-3 h-3 text-red-600\" fill=\"none\" stroke=\"currentColor\" stroke- viewBox=\"0 0 24 24\"><path stroke-linecap=\"round\" stroke-linejoin=\"round\" d=\"M5 13l4 4L19 7\" \/><\/svg><\/div><div class=\"flex-1\">B\u1ea3ng \u0111i\u1ec1u khi\u1ec3n: N\u00fat b\u1ea5m, c\u00f3 \u0111\u00e8n b\u00e1o hi\u1ec7u<\/div><\/li>\n<li class=\"flex items-center gap-3 leading-relaxed text-gray-800 \"><div class=\"flex items-center justify-center w-5 h-5 bg-red-100 rounded-full shrink-0\"><svg class=\"w-3 h-3 text-red-600\" fill=\"none\" stroke=\"currentColor\" stroke- viewBox=\"0 0 24 24\"><path stroke-linecap=\"round\" stroke-linejoin=\"round\" d=\"M5 13l4 4L19 7\" \/><\/svg><\/div><div class=\"flex-1\">B\u1ea3o h\u00e0nh: 12 th\u00e1ng<\/div><\/li>\n<li class=\"flex items-center gap-3 leading-relaxed text-gray-800 \"><div class=\"flex items-center justify-center w-5 h-5 bg-red-100 rounded-full shrink-0\"><svg class=\"w-3 h-3 text-red-600\" fill=\"none\" stroke=\"currentColor\" stroke- viewBox=\"0 0 24 24\"><path stroke-linecap=\"round\" stroke-linejoin=\"round\" d=\"M5 13l4 4L19 7\" \/><\/svg><\/div><div class=\"flex-1\">Xu\u1ea5t x\u1ee9: Trung Qu\u1ed1c \u2013 xu\u1ea5t Th\u00e1i Lan<\/div><\/li>\n<\/ul>\n<figure class=\"my-6 text-center\"><img><figcaption>H\u00ecnh \u1ea2nh Qu\u1ea1t H\u01a1i N\u01b0\u1edbc C\u00f4ng Nghi\u1ec7p 2 T\u1ea7ng<\/figcaption><\/figure>\n<p class=\"mb-4 leading-relaxed\">M\u1eddi qu\u00fd kh\u00e1ch tham kh\u1ea3o th\u00eam:<\/p>\n<p class=\"mb-4 leading-relaxed\"><a href=\"https:\/\/quatcongnghiepvifan.com\/quat-hoi-nuoc-cong-nghiep-cong-suat-lon\/\" class=\"text-red-900\">Qu\u1ea1t H\u01a1i N\u01b0\u1edbc C\u00f4ng Nghi\u1ec7p C\u00f4ng Su\u1ea5t L\u1edbn <\/a><\/p>\n<p class=\"mb-4 leading-relaxed\"><a href=\"https:\/\/quatcongnghiepvifan.com\/quat-hoi-nuoc-cong-nghiep-air-cooler\/\" class=\"text-red-900\">Qu\u1ea1t H\u01a1i N\u01b0\u1edbc C\u00f4ng Nghi\u1ec7p Air Cooler<\/a><\/p>\n<h2 class=\"py-2 my-4 text-2xl font-bold border-green-500 border-y border-opacity-10\">\u01afu \u0111i\u1ec3m n\u1ed5i b\u1eadt c\u1ee7a qu\u1ea1t h\u01a1i n\u01b0\u1edbc c\u00f4ng nghi\u1ec7p 2 t\u1ea7ng<\/h2>\n<p class=\"mb-4 leading-relaxed\">L\u01b0u l\u01b0\u1ee3ng gi\u00f3 c\u1ef1c l\u1edbn \u2013 L\u00e0m m\u00e1t hi\u1ec7u qu\u1ea3 di\u1ec7n r\u1ed9ng: Qu\u1ea1t s\u1edf h\u1eefu l\u01b0u l\u01b0\u1ee3ng gi\u00f3 l\u00ean t\u1edbi 23.000 m\u00b3\/h, k\u1ebft h\u1ee3p v\u1edbi thi\u1ebft k\u1ebf 2 t\u1ea7ng cho lu\u1ed3ng gi\u00f3 m\u1ea1nh m\u1ebd, t\u1ecfa r\u1ed9ng, ph\u00f9 h\u1ee3p v\u1edbi kh\u00f4ng gian m\u1edf nh\u01b0 x\u01b0\u1edfng s\u1ea3n xu\u1ea5t, khu gia c\u00f4ng, b\u1ebfp \u0103n c\u00f4ng nghi\u1ec7p&#8230;<\/p>\n<p class=\"mb-4 leading-relaxed\">Ti\u1ebft ki\u1ec7m \u0111i\u1ec7n n\u0103ng v\u00e0 chi ph\u00ed v\u1eadn h\u00e0nh: So v\u1edbi \u0111i\u1ec1u h\u00f2a c\u00f4ng nghi\u1ec7p, qu\u1ea1t h\u01a1i n\u01b0\u1edbc c\u00f4ng nghi\u1ec7p 2 t\u1ea7ng c\u00f3 c\u00f4ng su\u1ea5t ch\u1ec9 600W nh\u01b0ng v\u1eabn mang l\u1ea1i hi\u1ec7u qu\u1ea3 l\u00e0m m\u00e1t v\u01b0\u1ee3t tr\u1ed9i, gi\u00fap gi\u1ea3m \u0111\u00e1ng k\u1ec3 chi ph\u00ed \u0111i\u1ec7n h\u00e0ng th\u00e1ng cho doanh nghi\u1ec7p.<\/p>\n<p class=\"mb-4 leading-relaxed\">Dung t\u00edch l\u1edbn \u2013 Ho\u1ea1t \u0111\u1ed9ng l\u00e2u d\u00e0i: V\u1edbi b\u00ecnh ch\u1ee9a n\u01b0\u1edbc 80 l\u00edt, qu\u1ea1t c\u00f3 th\u1ec3 v\u1eadn h\u00e0nh li\u00ean t\u1ee5c t\u1eeb 12 \u2013 16 gi\u1edd t\u00f9y \u0111i\u1ec1u ki\u1ec7n s\u1eed d\u1ee5ng, kh\u00f4ng c\u1ea7n ti\u1ebfp n\u01b0\u1edbc nhi\u1ec1u l\u1ea7n.<\/p>\n<p class=\"mb-4 leading-relaxed\">Thi\u1ebft k\u1ebf th\u00f4ng minh, d\u1ec5 s\u1eed d\u1ee5ng: S\u1ea3n ph\u1ea9m c\u00f3 b\u1ea3ng \u0111i\u1ec1u khi\u1ec3n b\u1eb1ng n\u00fat b\u1ea5m, t\u00edch h\u1ee3p \u0111\u00e8n b\u00e1o hi\u1ec7u v\u00e0 b\u00e1nh xe di chuy\u1ec3n linh ho\u1ea1t. Thi\u1ebft k\u1ebf \u0111\u1ee9ng, ki\u1ec3u d\u00e1ng hi\u1ec7n \u0111\u1ea1i, d\u1ec5 d\u00e0ng l\u1eafp \u0111\u1eb7t \u1edf nhi\u1ec1u v\u1ecb tr\u00ed kh\u00e1c nhau.<\/p>\n<h2 class=\"py-2 my-4 text-2xl font-bold border-green-500 border-y border-opacity-10\">\u1ee8ng d\u1ee5ng th\u1ef1c t\u1ebf c\u1ee7a qu\u1ea1t h\u01a1i n\u01b0\u1edbc c\u00f4ng nghi\u1ec7p 2 t\u1ea7ng:<\/h2>\n<p class=\"mb-4 leading-relaxed\">L\u00e0m m\u00e1t x\u01b0\u1edfng may, x\u01b0\u1edfng c\u01a1 kh\u00ed, nh\u00e0 m\u00e1y s\u1ea3n xu\u1ea5t<\/p>\n<p class=\"mb-4 leading-relaxed\">S\u1eed d\u1ee5ng cho nh\u00e0 h\u00e0ng, qu\u00e1n \u0103n, khu \u0103n u\u1ed1ng ngo\u00e0i tr\u1eddi: L\u00e0m m\u00e1t trong tr\u01b0\u1eddng h\u1ecdc, ph\u00f2ng t\u1eadp, h\u1ed9i tr\u01b0\u1eddng, s\u00e2n v\u1eadn \u0111\u1ed9ng<\/p>\n<p class=\"mb-4 leading-relaxed\">D\u00f9ng cho s\u1ef1 ki\u1ec7n ngo\u00e0i tr\u1eddi, khu v\u1ef1c t\u1ed5 ch\u1ee9c h\u1ed9i ch\u1ee3<\/p>\n<p class=\"mb-4 leading-relaxed\">N\u1ebfu b\u1ea1n \u0111ang t\u00ecm n\u01a1i cung c\u1ea5p qu\u1ea1t h\u01a1i n\u01b0\u1edbc c\u00f4ng nghi\u1ec7p 2 t\u1ea7ng ch\u1ea5t l\u01b0\u1ee3ng, gi\u00e1 t\u1ed1t, h\u00e3y li\u00ean h\u1ec7 ngay v\u1edbi ch\u00fang t\u00f4i. S\u1ea3n ph\u1ea9m \u0111\u01b0\u1ee3c b\u1ea3o h\u00e0nh 12 th\u00e1ng, h\u1ed7 tr\u1ee3 v\u1eadn chuy\u1ec3n v\u00e0 t\u01b0 v\u1ea5n k\u1ef9 thu\u1eadt t\u1eadn n\u01a1i. Ch\u00fang t\u00f4i cam k\u1ebft h\u00e0ng ch\u00ednh h\u00e3ng, \u0111\u1ed9 b\u1ec1n cao, ph\u00f9 h\u1ee3p m\u1ecdi nhu c\u1ea7u c\u00f4ng nghi\u1ec7p v\u00e0 th\u01b0\u01a1ng m\u1ea1i.<\/p>\n<p class=\"mb-4 leading-relaxed\"><a href=\"https:\/\/quatcongnghiepvifan.com\/quat-hoi-nuoc-cong-nghiep\/\" class=\"text-red-900\">Qu\u1ea1t H\u01a1i N\u01b0\u1edbc C\u00f4ng Nghi\u1ec7p<\/a> l\u00e0 gi\u1ea3i ph\u00e1p l\u00e0m m\u00e1t t\u1ed1i \u01b0u cho nh\u00e0 x\u01b0\u1edfng, nh\u00e0 m\u00e1y, h\u1ed9i tr\u01b0\u1eddng, khu ch\u1ebf bi\u1ebfn th\u1ef1c ph\u1ea9m, khu v\u1ef1c s\u1ea3n xu\u1ea5t c\u00f3 nhi\u1ec7t \u0111\u1ed9 cao. V\u1edbi thi\u1ebft k\u1ebf 2 t\u1ea7ng m\u1ea1nh m\u1ebd, c\u00f4ng su\u1ea5t l\u1edbn, \u0111\u1ed9 b\u1ec1n cao v\u00e0 kh\u1ea3 n\u0103ng l\u00e0m m\u00e1t nhanh ch\u00f3ng, s\u1ea3n ph\u1ea9m kh\u00f4ng ch\u1ec9 ti\u1ebft ki\u1ec7m \u0111i\u1ec7n n\u0103ng m\u00e0 c\u00f2n \u0111\u1ea3m b\u1ea3o hi\u1ec7u qu\u1ea3 ho\u1ea1t \u0111\u1ed9ng l\u00e2u d\u00e0i.<\/p>\n<p class=\"mb-4 leading-relaxed\">H\u00e3y li\u00ean h\u1ec7 ngay v\u1edbi ch\u00fang t\u00f4i \u0111\u1ec3 \u0111\u01b0\u1ee3c t\u01b0 v\u1ea5n chi ti\u1ebft v\u00e0 nh\u1eadn b\u00e1o gi\u00e1 t\u1ed1t nh\u1ea5t cho Qu\u1ea1t H\u01a1i N\u01b0\u1edbc C\u00f4ng Nghi\u1ec7p 2 T\u1ea7ng Vifan.<\/p>\n","protected":false},"excerpt":{"rendered":"<div class=\"my-4 overflow-hidden bg-white rounded-lg shadow-xl \"><div class=\"overflow-x-auto\"><table class=\"min-w-full\" class=\"min-w-full\">\n<tbody class=\"bg-white divide-y divide-gray-100 \" class=\"bg-white divide-y divide-gray-100 \">\n<tr class=\"transition-all duration-200 ease-in-out group hover:bg-red-50 \" class=\"transition-all duration-200 ease-in-out group hover:bg-red-50 \">\n<td class=\"px-2 py-2 text-sm text-gray-700 transition-colors duration-200 group-hover:text-gray-900 \" class=\"px-2 py-2 text-sm text-gray-700 transition-colors duration-200 group-hover:text-gray-900 \"><strong class=\"font-cal-sans\">M\u00e3 s\u1ea3n ph\u1ea9m<\/strong><\/td>\n<td class=\"px-2 py-2 text-sm text-gray-700 transition-colors duration-200 group-hover:text-gray-900 \" class=\"px-2 py-2 text-sm text-gray-700 transition-colors duration-200 group-hover:text-gray-900 \">:<\/td>\n<td class=\"px-2 py-2 text-sm text-gray-700 transition-colors duration-200 group-hover:text-gray-900 \" class=\"px-2 py-2 text-sm text-gray-700 transition-colors duration-200 group-hover:text-gray-900 \">HA -1800<\/td>\n<\/tr>\n<tr class=\"transition-all duration-200 ease-in-out group hover:bg-red-50 \" class=\"transition-all duration-200 ease-in-out group hover:bg-red-50 \">\n<td class=\"px-2 py-2 text-sm text-gray-700 transition-colors duration-200 group-hover:text-gray-900 \" class=\"px-2 py-2 text-sm text-gray-700 transition-colors duration-200 group-hover:text-gray-900 \"><strong class=\"font-cal-sans\">Th\u01b0\u01a1ng hi\u1ec7u<\/strong><\/td>\n<td class=\"px-2 py-2 text-sm text-gray-700 transition-colors duration-200 group-hover:text-gray-900 \" class=\"px-2 py-2 text-sm text-gray-700 transition-colors duration-200 group-hover:text-gray-900 \">:<\/td>\n<td class=\"px-2 py-2 text-sm text-gray-700 transition-colors duration-200 group-hover:text-gray-900 \" class=\"px-2 py-2 text-sm text-gray-700 transition-colors duration-200 group-hover:text-gray-900 \">Vifan<\/td>\n<\/tr>\n<tr class=\"transition-all duration-200 ease-in-out group hover:bg-red-50 \" class=\"transition-all duration-200 ease-in-out group hover:bg-red-50 \">\n<td class=\"px-2 py-2 text-sm text-gray-700 transition-colors duration-200 group-hover:text-gray-900 \" class=\"px-2 py-2 text-sm text-gray-700 transition-colors duration-200 group-hover:text-gray-900 \"><strong class=\"font-cal-sans\">K\u00edch th\u01b0\u1edbc<\/strong><\/td>\n<td class=\"px-2 py-2 text-sm text-gray-700 transition-colors duration-200 group-hover:text-gray-900 \" class=\"px-2 py-2 text-sm text-gray-700 transition-colors duration-200 group-hover:text-gray-900 \">:<\/td>\n<td class=\"px-2 py-2 text-sm text-gray-700 transition-colors duration-200 group-hover:text-gray-900 \" class=\"px-2 py-2 text-sm text-gray-700 transition-colors duration-200 group-hover:text-gray-900 \">65 x 47.5 x 200 (cm)<\/td>\n<\/tr>\n<tr class=\"transition-all duration-200 ease-in-out group hover:bg-red-50 \" class=\"transition-all duration-200 ease-in-out group hover:bg-red-50 \">\n<td class=\"px-2 py-2 text-sm text-gray-700 transition-colors duration-200 group-hover:text-gray-900 \" class=\"px-2 py-2 text-sm text-gray-700 transition-colors duration-200 group-hover:text-gray-900 \"><strong class=\"font-cal-sans\">C\u00f4ng su\u1ea5t<\/strong><\/td>\n<td class=\"px-2 py-2 text-sm text-gray-700 transition-colors duration-200 group-hover:text-gray-900 \" class=\"px-2 py-2 text-sm text-gray-700 transition-colors duration-200 group-hover:text-gray-900 \">:<\/td>\n<td class=\"px-2 py-2 text-sm text-gray-700 transition-colors duration-200 group-hover:text-gray-900 \" class=\"px-2 py-2 text-sm text-gray-700 transition-colors duration-200 group-hover:text-gray-900 \">600 w<\/td>\n<\/tr>\n<tr class=\"transition-all duration-200 ease-in-out group hover:bg-red-50 \" class=\"transition-all duration-200 ease-in-out group hover:bg-red-50 \">\n<td class=\"px-2 py-2 text-sm text-gray-700 transition-colors duration-200 group-hover:text-gray-900 \" class=\"px-2 py-2 text-sm text-gray-700 transition-colors duration-200 group-hover:text-gray-900 \"><strong class=\"font-cal-sans\">L\u01b0u l\u01b0\u1ee3ng<\/strong><\/td>\n<td class=\"px-2 py-2 text-sm text-gray-700 transition-colors duration-200 group-hover:text-gray-900 \" class=\"px-2 py-2 text-sm text-gray-700 transition-colors duration-200 group-hover:text-gray-900 \">:<\/td>\n<td class=\"px-2 py-2 text-sm text-gray-700 transition-colors duration-200 group-hover:text-gray-900 \" class=\"px-2 py-2 text-sm text-gray-700 transition-colors duration-200 group-hover:text-gray-900 \">23.000 m3\/h<\/td>\n<\/tr>\n<tr class=\"transition-all duration-200 ease-in-out group hover:bg-red-50 \" class=\"transition-all duration-200 ease-in-out group hover:bg-red-50 \">\n<td class=\"px-2 py-2 text-sm text-gray-700 transition-colors duration-200 group-hover:text-gray-900 \" class=\"px-2 py-2 text-sm text-gray-700 transition-colors duration-200 group-hover:text-gray-900 \"><strong class=\"font-cal-sans\">B\u1ea3o h\u00e0nh<\/strong><\/td>\n<td class=\"px-2 py-2 text-sm text-gray-700 transition-colors duration-200 group-hover:text-gray-900 \" class=\"px-2 py-2 text-sm text-gray-700 transition-colors duration-200 group-hover:text-gray-900 \">:<\/td>\n<td class=\"px-2 py-2 text-sm text-gray-700 transition-colors duration-200 group-hover:text-gray-900 \" class=\"px-2 py-2 text-sm text-gray-700 transition-colors duration-200 group-hover:text-gray-900 \">12 th\u00e1ng<\/td>\n<\/tr>\n<tr class=\"transition-all duration-200 ease-in-out group hover:bg-red-50 \" class=\"transition-all duration-200 ease-in-out group hover:bg-red-50 \">\n<td class=\"px-2 py-2 text-sm text-gray-700 transition-colors duration-200 group-hover:text-gray-900 \" class=\"px-2 py-2 text-sm text-gray-700 transition-colors duration-200 group-hover:text-gray-900 \"><strong class=\"font-cal-sans\">Xu\u1ea5t x\u1ee9<\/strong><\/td>\n<td class=\"px-2 py-2 text-sm text-gray-700 transition-colors duration-200 group-hover:text-gray-900 \" class=\"px-2 py-2 text-sm text-gray-700 transition-colors duration-200 group-hover:text-gray-900 \">:<\/td>\n<td class=\"px-2 py-2 text-sm text-gray-700 transition-colors duration-200 group-hover:text-gray-900 \" class=\"px-2 py-2 text-sm text-gray-700 transition-colors duration-200 group-hover:text-gray-900 \">Vi\u1ec7t nam<\/td>\n<\/tr>\n<\/tbody>\n<\/table><\/div><\/div>\n","protected":false},"featured_media":89,"template":"","meta":{"footnotes":""},"product_cat":[9],"product_tag":[],"ztteam_product_brand":[],"class_list":["post-88","product","type-product","status-publish","has-post-thumbnail","hentry","product_cat-quat-hoi-nuoc-cong-nghiep"],"meta_box":{"_sku":"HA -1800","_regular_price":"13641881","_sale_price":"10664087","_price":"10664087","_stock_status":"instock","_stock":"50","_manage_stock":"1","_weight":"","_length":"","_width":"","_height":"","_product_image_gallery":[{"width":150,"height":150,"file":"2026\/03\/quat-hoi-nuoc-cong-nghiep-2-tang.png","filesize":163623,"sizes":[],"image_meta":{"aperture":"0","credit":"","camera":"","caption":"","created_timestamp":"0","copyright":"","focal_length":"0","iso":"0","shutter_speed":"0","title":"","orientation":"0","keywords":[]},"ID":"89","name":"quat-hoi-nuoc-cong-nghiep-2-tang.png","path":"\/home\/dev.wptheme.store\/public_html\/s\/wpquat\/wp-content\/uploads\/2026\/03\/quat-hoi-nuoc-cong-nghiep-2-tang.png","url":"https:\/\/dev.wptheme.store\/s\/wpquat\/wp-content\/uploads\/2026\/03\/quat-hoi-nuoc-cong-nghiep-2-tang.png","full_url":"https:\/\/dev.wptheme.store\/s\/wpquat\/wp-content\/uploads\/2026\/03\/quat-hoi-nuoc-cong-nghiep-2-tang.png","title":"Qu\u1ea1t H\u01a1i N\u01b0\u1edbc C\u00f4ng Nghi\u1ec7p 2 T\u1ea7ng","caption":"","description":"","alt":"","srcset":false}],"_featured":"0","_visibility":"visible","_virtual":"","_downloadable":"","product_type":"simple","product_attributes":[],"color_variations":[],"size_variations":[],"storage_variations":[],"material_variations":[]},"_links":{"self":[{"href":"https:\/\/dev.wptheme.store\/s\/wpquat\/wp-json\/wp\/v2\/product\/88","targetHints":{"allow":["GET"]}}],"collection":[{"href":"https:\/\/dev.wptheme.store\/s\/wpquat\/wp-json\/wp\/v2\/product"}],"about":[{"href":"https:\/\/dev.wptheme.store\/s\/wpquat\/wp-json\/wp\/v2\/types\/product"}],"version-history":[{"count":0,"href":"https:\/\/dev.wptheme.store\/s\/wpquat\/wp-json\/wp\/v2\/product\/88\/revisions"}],"wp:featuredmedia":[{"embeddable":true,"href":"https:\/\/dev.wptheme.store\/s\/wpquat\/wp-json\/wp\/v2\/media\/89"}],"wp:attachment":[{"href":"https:\/\/dev.wptheme.store\/s\/wpquat\/wp-json\/wp\/v2\/media?parent=88"}],"wp:term":[{"taxonomy":"product_cat","embeddable":true,"href":"https:\/\/dev.wptheme.store\/s\/wpquat\/wp-json\/wp\/v2\/product_cat?post=88"},{"taxonomy":"product_tag","embeddable":true,"href":"https:\/\/dev.wptheme.store\/s\/wpquat\/wp-json\/wp\/v2\/product_tag?post=88"},{"taxonomy":"ztteam_product_brand","embeddable":true,"href":"https:\/\/dev.wptheme.store\/s\/wpquat\/wp-json\/wp\/v2\/ztteam_product_brand?post=88"}],"curies":[{"name":"wp","href":"https:\/\/api.w.org\/{rel}","templated":true}]}}