{"id":90,"date":"2026-03-16T08:49:24","date_gmt":"2026-03-16T01:49:24","guid":{"rendered":"https:\/\/dev.wptheme.store\/s\/wpquat\/product\/quat-hoi-nuoc-cong-nghiep-cong-suat-lon\/"},"modified":"2026-03-16T08:49:24","modified_gmt":"2026-03-16T01:49:24","slug":"quat-hoi-nuoc-cong-nghiep-cong-suat-lon","status":"publish","type":"product","link":"https:\/\/dev.wptheme.store\/s\/wpquat\/product\/quat-hoi-nuoc-cong-nghiep-cong-suat-lon\/","title":{"rendered":"Qu\u1ea1t H\u01a1i N\u01b0\u1edbc C\u00f4ng Nghi\u1ec7p C\u00f4ng Su\u1ea5t L\u1edbn"},"content":{"rendered":"<p class=\"mb-4 leading-relaxed\">Qu\u1ea1t h\u01a1i n\u01b0\u1edbc c\u00f4ng nghi\u1ec7p c\u00f4ng su\u1ea5t l\u1edbn l\u00e0 thi\u1ebft b\u1ecb chuy\u00ean d\u1ee5ng gi\u00fap l\u00e0m m\u00e1t hi\u1ec7u qu\u1ea3 trong m\u00f4i tr\u01b0\u1eddng s\u1ea3n xu\u1ea5t, kho h\u00e0ng, x\u01b0\u1edfng l\u1edbn hay s\u1ef1 ki\u1ec7n ngo\u00e0i tr\u1eddi. V\u1edbi c\u00f4ng su\u1ea5t m\u1ea1nh m\u1ebd t\u1eeb 1.1kW \u0111\u1ebfn 1.5kW v\u00e0 l\u01b0u l\u01b0\u1ee3ng gi\u00f3 t\u1eeb 18.000 \u2013 35.000 m\u00b3\/h, qu\u1ea1t mang \u0111\u1ebfn gi\u1ea3i ph\u00e1p l\u00e0m m\u00e1t t\u1ed1i \u01b0u, ti\u1ebft ki\u1ec7m \u0111i\u1ec7n v\u00e0 th\u00e2n thi\u1ec7n v\u1edbi m\u00f4i tr\u01b0\u1eddng.<\/p>\n<h2 class=\"py-2 my-4 text-2xl font-bold border-green-500 border-y border-opacity-10\">Th\u00f4ng s\u1ed1 k\u1ef9 thu\u1eadt qu\u1ea1t h\u01a1i n\u01b0\u1edbc c\u00f4ng nghi\u1ec7p c\u00f4ng su\u1ea5t l\u1edbn<\/h2>\n<ul class=\"mb-4 space-y-1 list-none\">\n<li class=\"flex items-center gap-3 leading-relaxed text-gray-800 \"><div class=\"flex items-center justify-center w-5 h-5 bg-red-100 rounded-full shrink-0\"><svg class=\"w-3 h-3 text-red-600\" fill=\"none\" stroke=\"currentColor\" stroke- viewBox=\"0 0 24 24\"><path stroke-linecap=\"round\" stroke-linejoin=\"round\" d=\"M5 13l4 4L19 7\" \/><\/svg><\/div><div class=\"flex-1\">M\u00e3 s\u1ea3n ph\u1ea9m: L06<\/div><\/li>\n<li class=\"flex items-center gap-3 leading-relaxed text-gray-800 \"><div class=\"flex items-center justify-center w-5 h-5 bg-red-100 rounded-full shrink-0\"><svg class=\"w-3 h-3 text-red-600\" fill=\"none\" stroke=\"currentColor\" stroke- viewBox=\"0 0 24 24\"><path stroke-linecap=\"round\" stroke-linejoin=\"round\" d=\"M5 13l4 4L19 7\" \/><\/svg><\/div><div class=\"flex-1\">Th\u01b0\u01a1ng hi\u1ec7u: Aircooler<\/div><\/li>\n<li class=\"flex items-center gap-3 leading-relaxed text-gray-800 \"><div class=\"flex items-center justify-center w-5 h-5 bg-red-100 rounded-full shrink-0\"><svg class=\"w-3 h-3 text-red-600\" fill=\"none\" stroke=\"currentColor\" stroke- viewBox=\"0 0 24 24\"><path stroke-linecap=\"round\" stroke-linejoin=\"round\" d=\"M5 13l4 4L19 7\" \/><\/svg><\/div><div class=\"flex-1\">C\u00f4ng su\u1ea5t: 1.1 kW \u2013 1.5 kW<\/div><\/li>\n<li class=\"flex items-center gap-3 leading-relaxed text-gray-800 \"><div class=\"flex items-center justify-center w-5 h-5 bg-red-100 rounded-full shrink-0\"><svg class=\"w-3 h-3 text-red-600\" fill=\"none\" stroke=\"currentColor\" stroke- viewBox=\"0 0 24 24\"><path stroke-linecap=\"round\" stroke-linejoin=\"round\" d=\"M5 13l4 4L19 7\" \/><\/svg><\/div><div class=\"flex-1\">L\u01b0u l\u01b0\u1ee3ng gi\u00f3: 18.000 \u2013 35.000 m\u00b3\/h<\/div><\/li>\n<li class=\"flex items-center gap-3 leading-relaxed text-gray-800 \"><div class=\"flex items-center justify-center w-5 h-5 bg-red-100 rounded-full shrink-0\"><svg class=\"w-3 h-3 text-red-600\" fill=\"none\" stroke=\"currentColor\" stroke- viewBox=\"0 0 24 24\"><path stroke-linecap=\"round\" stroke-linejoin=\"round\" d=\"M5 13l4 4L19 7\" \/><\/svg><\/div><div class=\"flex-1\">\u0110i\u1ec7n \u00e1p: 220V \u2013 50Hz<\/div><\/li>\n<li class=\"flex items-center gap-3 leading-relaxed text-gray-800 \"><div class=\"flex items-center justify-center w-5 h-5 bg-red-100 rounded-full shrink-0\"><svg class=\"w-3 h-3 text-red-600\" fill=\"none\" stroke=\"currentColor\" stroke- viewBox=\"0 0 24 24\"><path stroke-linecap=\"round\" stroke-linejoin=\"round\" d=\"M5 13l4 4L19 7\" \/><\/svg><\/div><div class=\"flex-1\">Dung t\u00edch b\u00ecnh n\u01b0\u1edbc: 100 \u2013 120 l\u00edt<\/div><\/li>\n<li class=\"flex items-center gap-3 leading-relaxed text-gray-800 \"><div class=\"flex items-center justify-center w-5 h-5 bg-red-100 rounded-full shrink-0\"><svg class=\"w-3 h-3 text-red-600\" fill=\"none\" stroke=\"currentColor\" stroke- viewBox=\"0 0 24 24\"><path stroke-linecap=\"round\" stroke-linejoin=\"round\" d=\"M5 13l4 4L19 7\" \/><\/svg><\/div><div class=\"flex-1\">L\u01b0\u1ee3ng n\u01b0\u1edbc ti\u00eau th\u1ee5: 10 \u2013 15 l\u00edt\/gi\u1edd<\/div><\/li>\n<li class=\"flex items-center gap-3 leading-relaxed text-gray-800 \"><div class=\"flex items-center justify-center w-5 h-5 bg-red-100 rounded-full shrink-0\"><svg class=\"w-3 h-3 text-red-600\" fill=\"none\" stroke=\"currentColor\" stroke- viewBox=\"0 0 24 24\"><path stroke-linecap=\"round\" stroke-linejoin=\"round\" d=\"M5 13l4 4L19 7\" \/><\/svg><\/div><div class=\"flex-1\">Ph\u1ea1m vi l\u00e0m m\u00e1t hi\u1ec7u qu\u1ea3: 100 \u2013 150 m\u00b2<\/div><\/li>\n<li class=\"flex items-center gap-3 leading-relaxed text-gray-800 \"><div class=\"flex items-center justify-center w-5 h-5 bg-red-100 rounded-full shrink-0\"><svg class=\"w-3 h-3 text-red-600\" fill=\"none\" stroke=\"currentColor\" stroke- viewBox=\"0 0 24 24\"><path stroke-linecap=\"round\" stroke-linejoin=\"round\" d=\"M5 13l4 4L19 7\" \/><\/svg><\/div><div class=\"flex-1\">K\u00edch th\u01b0\u1edbc t\u1ed5ng th\u1ec3: 1108 x 1108 x 2015 mm<\/div><\/li>\n<li class=\"flex items-center gap-3 leading-relaxed text-gray-800 \"><div class=\"flex items-center justify-center w-5 h-5 bg-red-100 rounded-full shrink-0\"><svg class=\"w-3 h-3 text-red-600\" fill=\"none\" stroke=\"currentColor\" stroke- viewBox=\"0 0 24 24\"><path stroke-linecap=\"round\" stroke-linejoin=\"round\" d=\"M5 13l4 4L19 7\" \/><\/svg><\/div><div class=\"flex-1\">Ch\u1ea5t li\u1ec7u v\u1ecf: Nh\u1ef1a ABS\/PP si\u00eau b\u1ec1n ho\u1eb7c th\u00e9p s\u01a1n t\u0129nh \u0111i\u1ec7n<\/div><\/li>\n<li class=\"flex items-center gap-3 leading-relaxed text-gray-800 \"><div class=\"flex items-center justify-center w-5 h-5 bg-red-100 rounded-full shrink-0\"><svg class=\"w-3 h-3 text-red-600\" fill=\"none\" stroke=\"currentColor\" stroke- viewBox=\"0 0 24 24\"><path stroke-linecap=\"round\" stroke-linejoin=\"round\" d=\"M5 13l4 4L19 7\" \/><\/svg><\/div><div class=\"flex-1\">Ki\u1ec3u \u0111i\u1ec1u khi\u1ec3n: n\u00fat b\u1ea5m tr\u1ef1c ti\u1ebfp<\/div><\/li>\n<li class=\"flex items-center gap-3 leading-relaxed text-gray-800 \"><div class=\"flex items-center justify-center w-5 h-5 bg-red-100 rounded-full shrink-0\"><svg class=\"w-3 h-3 text-red-600\" fill=\"none\" stroke=\"currentColor\" stroke- viewBox=\"0 0 24 24\"><path stroke-linecap=\"round\" stroke-linejoin=\"round\" d=\"M5 13l4 4L19 7\" \/><\/svg><\/div><div class=\"flex-1\">B\u00e1nh xe: C\u00f3 \u2013 h\u1ed7 tr\u1ee3 di chuy\u1ec3n d\u1ec5 d\u00e0ng, linh ho\u1ea1t<\/div><\/li>\n<li class=\"flex items-center gap-3 leading-relaxed text-gray-800 \"><div class=\"flex items-center justify-center w-5 h-5 bg-red-100 rounded-full shrink-0\"><svg class=\"w-3 h-3 text-red-600\" fill=\"none\" stroke=\"currentColor\" stroke- viewBox=\"0 0 24 24\"><path stroke-linecap=\"round\" stroke-linejoin=\"round\" d=\"M5 13l4 4L19 7\" \/><\/svg><\/div><div class=\"flex-1\">B\u1ea3o h\u00e0nh: 12 th\u00e1ng<\/div><\/li>\n<li class=\"flex items-center gap-3 leading-relaxed text-gray-800 \"><div class=\"flex items-center justify-center w-5 h-5 bg-red-100 rounded-full shrink-0\"><svg class=\"w-3 h-3 text-red-600\" fill=\"none\" stroke=\"currentColor\" stroke- viewBox=\"0 0 24 24\"><path stroke-linecap=\"round\" stroke-linejoin=\"round\" d=\"M5 13l4 4L19 7\" \/><\/svg><\/div><div class=\"flex-1\">Xu\u1ea5t x\u1ee9: Vi\u1ec7t Nam<\/div><\/li>\n<\/ul>\n<p class=\"mb-4 leading-relaxed\">Xem th\u00eam: <a href=\"https:\/\/quatcongnghiepvifan.com\/quat-hoi-nuoc-cong-nghiep-air-cooler\/\" class=\"text-red-900\">Qu\u1ea1t H\u01a1i N\u01b0\u1edbc C\u00f4ng Nghi\u1ec7p Air Cooler<\/a> ; <a href=\"https:\/\/quatcongnghiepvifan.com\/quat-hoi-nuoc-cong-nghiep-air-cooler-1-5kw-25000-m3-h\/\" class=\"text-red-900\">Qu\u1ea1t h\u01a1i n\u01b0\u1edbc c\u00f4ng nghi\u1ec7p Air Cooler 1.5KW 25000 M3\/H<\/a><\/p>\n<h2 class=\"py-2 my-4 text-2xl font-bold border-green-500 border-y border-opacity-10\">\u01afu \u0111i\u1ec3m c\u1ee7a qu\u1ea1t h\u01a1i n\u01b0\u1edbc c\u00f4ng nghi\u1ec7p c\u00f4ng su\u1ea5t l\u1edbn<\/h2>\n<p class=\"mb-4 leading-relaxed\">L\u00e0m m\u00e1t di\u1ec7n r\u1ed9ng: L\u01b0u l\u01b0\u1ee3ng gi\u00f3 c\u1ef1c l\u1edbn gi\u00fap l\u00e0m m\u00e1t hi\u1ec7u qu\u1ea3 trong c\u00e1c nh\u00e0 x\u01b0\u1edfng quy m\u00f4 l\u1edbn, nh\u00e0 m\u00e1y \u0111\u00f4ng c\u00f4ng nh\u00e2n, khu v\u1ef1c t\u1ed5 ch\u1ee9c s\u1ef1 ki\u1ec7n. Qu\u1ea1t c\u00f3 kh\u1ea3 n\u0103ng h\u1ea1 nhi\u1ec7t nhanh ch\u00f3ng 5 \u2013 10\u00b0C t\u00f9y m\u00f4i tr\u01b0\u1eddng s\u1eed d\u1ee5ng.<\/p>\n<p class=\"mb-4 leading-relaxed\">Ti\u1ebft ki\u1ec7m \u0111i\u1ec7n n\u0103ng: So v\u1edbi m\u00e1y l\u1ea1nh c\u00f4ng nghi\u1ec7p, qu\u1ea1t h\u01a1i n\u01b0\u1edbc c\u00f4ng su\u1ea5t l\u1edbn ti\u1ebft ki\u1ec7m t\u1eeb 80 \u2013 90% \u0111i\u1ec7n n\u0103ng, gi\u00fap doanh nghi\u1ec7p t\u1ed1i \u01b0u chi ph\u00ed v\u1eadn h\u00e0nh d\u00e0i h\u1ea1n.<\/p>\n<p class=\"mb-4 leading-relaxed\">Thi\u1ebft k\u1ebf b\u1ec1n b\u1ec9, ch\u1ecbu l\u1ef1c t\u1ed1t: V\u1ecf m\u00e1y l\u00e0m b\u1eb1ng nh\u1ef1a cao c\u1ea5p ho\u1eb7c kim lo\u1ea1i ch\u1eafc ch\u1eafn, kh\u1ea3 n\u0103ng ch\u1ed1ng \u0103n m\u00f2n, th\u00edch h\u1ee3p s\u1eed d\u1ee5ng trong m\u00f4i tr\u01b0\u1eddng kh\u1eafc nghi\u1ec7t, b\u1ee5i b\u1ea9n v\u00e0 nhi\u1ec7t \u0111\u1ed9 cao.<\/p>\n<p class=\"mb-4 leading-relaxed\">Ho\u1ea1t \u0111\u1ed9ng li\u00ean t\u1ee5c, \u00edt ph\u1ea3i ti\u1ebfp n\u01b0\u1edbc: B\u00ecnh ch\u1ee9a n\u01b0\u1edbc dung t\u00edch l\u1edbn v\u00e0 m\u1ee9c ti\u00eau hao v\u1eeba ph\u1ea3i gi\u00fap qu\u1ea1t v\u1eadn h\u00e0nh \u1ed5n \u0111\u1ecbnh t\u1eeb 8 \u2013 12 gi\u1edd m\u00e0 kh\u00f4ng c\u1ea7n ti\u1ebfp n\u01b0\u1edbc th\u01b0\u1eddng xuy\u00ean.<\/p>\n<h2 class=\"py-2 my-4 text-2xl font-bold border-green-500 border-y border-opacity-10\">\u1ee8ng d\u1ee5ng c\u1ee7a qu\u1ea1t h\u01a1i n\u01b0\u1edbc c\u00f4ng nghi\u1ec7p c\u00f4ng su\u1ea5t l\u1edbn<\/h2>\n<p class=\"mb-4 leading-relaxed\">V\u1edbi kh\u1ea3 n\u0103ng l\u00e0m m\u00e1t v\u01b0\u1ee3t tr\u1ed9i v\u00e0 l\u01b0u l\u01b0\u1ee3ng gi\u00f3 l\u1edbn, Qu\u1ea1t H\u01a1i N\u01b0\u1edbc C\u00f4ng Nghi\u1ec7p C\u00f4ng Su\u1ea5t L\u1edbn l\u00e0 gi\u1ea3i ph\u00e1p l\u00fd t\u01b0\u1edfng cho nhi\u1ec1u m\u00f4i tr\u01b0\u1eddng l\u00e0m vi\u1ec7c v\u00e0 kh\u00f4ng gian c\u00f3 di\u1ec7n t\u00edch r\u1ed9ng:<\/p>\n<p class=\"mb-4 leading-relaxed\">L\u00e0m m\u00e1t nh\u00e0 x\u01b0\u1edfng s\u1ea3n xu\u1ea5t: \u0110\u1eb7c bi\u1ec7t hi\u1ec7u qu\u1ea3 trong c\u00e1c x\u01b0\u1edfng c\u01a1 kh\u00ed, x\u01b0\u1edfng g\u1ed7, x\u01b0\u1edfng may m\u1eb7c, n\u01a1i th\u01b0\u1eddng xuy\u00ean ph\u00e1t sinh nhi\u1ec7t l\u01b0\u1ee3ng cao v\u00e0 b\u1ee5i m\u1ecbn. Qu\u1ea1t gi\u00fap duy tr\u00ec nhi\u1ec7t \u0111\u1ed9 \u1ed5n \u0111\u1ecbnh, c\u1ea3i thi\u1ec7n n\u0103ng su\u1ea5t l\u00e0m vi\u1ec7c.<\/p>\n<p class=\"mb-4 leading-relaxed\">Th\u00f4ng gi\u00f3 v\u00e0 h\u1ea1 nhi\u1ec7t kho h\u00e0ng, nh\u00e0 m\u00e1y: V\u1edbi l\u01b0u l\u01b0\u1ee3ng gi\u00f3 l\u00ean \u0111\u1ebfn 35.000 m\u00b3\/h, thi\u1ebft b\u1ecb gi\u00fap lu\u00e2n chuy\u1ec3n kh\u00f4ng kh\u00ed li\u00ean t\u1ee5c, \u0111\u1ea9y kh\u00ed n\u00f3ng ra ngo\u00e0i, mang l\u1ea1i b\u1ea7u kh\u00f4ng kh\u00ed m\u00e1t m\u1ebb v\u00e0 tho\u00e1ng \u0111\u00e3ng.<\/p>\n<p class=\"mb-4 leading-relaxed\">Ph\u1ee5c v\u1ee5 trong c\u00e1c s\u1ef1 ki\u1ec7n, nh\u00e0 thi \u0111\u1ea5u, s\u00e2n th\u1ec3 thao ngo\u00e0i tr\u1eddi: Qu\u1ea1t ho\u1ea1t \u0111\u1ed9ng hi\u1ec7u qu\u1ea3 trong m\u00f4i tr\u01b0\u1eddng \u0111\u00f4ng ng\u01b0\u1eddi, gi\u00fap gi\u1ea3m nhi\u1ec7t nhanh ch\u00f3ng, t\u1ea1o s\u1ef1 tho\u1ea3i m\u00e1i cho kh\u00e1n gi\u1ea3 v\u00e0 ng\u01b0\u1eddi tham gia.<\/p>\n<p class=\"mb-4 leading-relaxed\">\u1ee8ng d\u1ee5ng trong n\u00f4ng nghi\u1ec7p: Qu\u1ea1t H\u01a1i N\u01b0\u1edbc C\u00f4ng Nghi\u1ec7p C\u00f4ng Su\u1ea5t L\u1edbn r\u1ea5t ph\u00f9 h\u1ee3p cho trang tr\u1ea1i ch\u0103n nu\u00f4i, khu tr\u1ed3ng tr\u1ecdt c\u00f4ng nghi\u1ec7p, gi\u00fap c\u00e2n b\u1eb1ng nhi\u1ec7t \u0111\u1ed9, \u0111\u1ed9 \u1ea9m v\u00e0 h\u1ea1n ch\u1ebf t\u00ecnh tr\u1ea1ng s\u1ed1c nhi\u1ec7t cho v\u1eadt nu\u00f4i, c\u00e2y tr\u1ed3ng trong m\u00f9a n\u1eafng n\u00f3ng.<\/p>\n<p class=\"mb-4 leading-relaxed\">Nh\u1edd thi\u1ebft k\u1ebf linh ho\u1ea1t, d\u1ec5 di chuy\u1ec3n v\u00e0 ho\u1ea1t \u0111\u1ed9ng \u1ed5n \u0111\u1ecbnh, d\u00f2ng qu\u1ea1t n\u00e0y \u0111ang \u0111\u01b0\u1ee3c nhi\u1ec1u doanh nghi\u1ec7p tin d\u00f9ng nh\u01b0 m\u1ed9t thi\u1ebft b\u1ecb l\u00e0m m\u00e1t chuy\u00ean d\u1ee5ng, ti\u1ebft ki\u1ec7m \u0111i\u1ec7n v\u00e0 hi\u1ec7u qu\u1ea3 cao.<\/p>\n<p class=\"mb-4 leading-relaxed\"><a href=\"https:\/\/quatcongnghiepvifan.com\/quat-hoi-nuoc-cong-nghiep\/\" class=\"text-red-900\">Qu\u1ea1t h\u01a1i n\u01b0\u1edbc c\u00f4ng nghi\u1ec7p<\/a> kh\u00f4ng ch\u1ec9 l\u00e0 gi\u1ea3i ph\u00e1p l\u00e0m m\u00e1t hi\u1ec7u qu\u1ea3 cho nh\u1eefng kh\u00f4ng gian r\u1ed9ng l\u1edbn m\u00e0 c\u00f2n l\u00e0 l\u1ef1a ch\u1ecdn t\u1ed1i \u01b0u v\u1ec1 chi ph\u00ed v\u1eadn h\u00e0nh, \u0111\u1ed9 b\u1ec1n v\u00e0 kh\u1ea3 n\u0103ng \u1ee9ng d\u1ee5ng linh ho\u1ea1t. S\u1ea3n ph\u1ea9m \u0111\u01b0\u1ee3c thi\u1ebft k\u1ebf chuy\u00ean bi\u1ec7t cho m\u00f4i tr\u01b0\u1eddng kh\u1eafc nghi\u1ec7t, ho\u1ea1t \u0111\u1ed9ng b\u1ec1n b\u1ec9 v\u00e0 ti\u1ebft ki\u1ec7m \u0111i\u1ec7n n\u0103ng v\u01b0\u1ee3t tr\u1ed9i.<\/p>\n","protected":false},"excerpt":{"rendered":"<div class=\"my-4 overflow-hidden bg-white rounded-lg shadow-xl \"><div class=\"overflow-x-auto\"><table class=\"min-w-full\" class=\"min-w-full\">\n<tbody class=\"bg-white divide-y divide-gray-100 \" class=\"bg-white divide-y divide-gray-100 \">\n<tr class=\"transition-all duration-200 ease-in-out group hover:bg-red-50 \" class=\"transition-all duration-200 ease-in-out group hover:bg-red-50 \">\n<td class=\"px-2 py-2 text-sm text-gray-700 transition-colors duration-200 group-hover:text-gray-900 \" class=\"px-2 py-2 text-sm text-gray-700 transition-colors duration-200 group-hover:text-gray-900 \"><strong class=\"font-cal-sans\">M\u00e3 s\u1ea3n ph\u1ea9m<\/strong><\/td>\n<td class=\"px-2 py-2 text-sm text-gray-700 transition-colors duration-200 group-hover:text-gray-900 \" class=\"px-2 py-2 text-sm text-gray-700 transition-colors duration-200 group-hover:text-gray-900 \">:<\/td>\n<td class=\"px-2 py-2 text-sm text-gray-700 transition-colors duration-200 group-hover:text-gray-900 \" class=\"px-2 py-2 text-sm text-gray-700 transition-colors duration-200 group-hover:text-gray-900 \">L06<\/td>\n<\/tr>\n<tr class=\"transition-all duration-200 ease-in-out group hover:bg-red-50 \" class=\"transition-all duration-200 ease-in-out group hover:bg-red-50 \">\n<td class=\"px-2 py-2 text-sm text-gray-700 transition-colors duration-200 group-hover:text-gray-900 \" class=\"px-2 py-2 text-sm text-gray-700 transition-colors duration-200 group-hover:text-gray-900 \"><strong class=\"font-cal-sans\">Th\u01b0\u01a1ng hi\u1ec7u<\/strong><\/td>\n<td class=\"px-2 py-2 text-sm text-gray-700 transition-colors duration-200 group-hover:text-gray-900 \" class=\"px-2 py-2 text-sm text-gray-700 transition-colors duration-200 group-hover:text-gray-900 \">:<\/td>\n<td class=\"px-2 py-2 text-sm text-gray-700 transition-colors duration-200 group-hover:text-gray-900 \" class=\"px-2 py-2 text-sm text-gray-700 transition-colors duration-200 group-hover:text-gray-900 \">Aircooler<\/td>\n<\/tr>\n<tr class=\"transition-all duration-200 ease-in-out group hover:bg-red-50 \" class=\"transition-all duration-200 ease-in-out group hover:bg-red-50 \">\n<td class=\"px-2 py-2 text-sm text-gray-700 transition-colors duration-200 group-hover:text-gray-900 \" class=\"px-2 py-2 text-sm text-gray-700 transition-colors duration-200 group-hover:text-gray-900 \"><strong class=\"font-cal-sans\">K\u00edch th\u01b0\u1edbc<\/strong><\/td>\n<td class=\"px-2 py-2 text-sm text-gray-700 transition-colors duration-200 group-hover:text-gray-900 \" class=\"px-2 py-2 text-sm text-gray-700 transition-colors duration-200 group-hover:text-gray-900 \">:<\/td>\n<td class=\"px-2 py-2 text-sm text-gray-700 transition-colors duration-200 group-hover:text-gray-900 \" class=\"px-2 py-2 text-sm text-gray-700 transition-colors duration-200 group-hover:text-gray-900 \">1108x1108x2015 mm<\/td>\n<\/tr>\n<tr class=\"transition-all duration-200 ease-in-out group hover:bg-red-50 \" class=\"transition-all duration-200 ease-in-out group hover:bg-red-50 \">\n<td class=\"px-2 py-2 text-sm text-gray-700 transition-colors duration-200 group-hover:text-gray-900 \" class=\"px-2 py-2 text-sm text-gray-700 transition-colors duration-200 group-hover:text-gray-900 \"><strong class=\"font-cal-sans\">C\u00f4ng su\u1ea5t<\/strong><\/td>\n<td class=\"px-2 py-2 text-sm text-gray-700 transition-colors duration-200 group-hover:text-gray-900 \" class=\"px-2 py-2 text-sm text-gray-700 transition-colors duration-200 group-hover:text-gray-900 \">:<\/td>\n<td class=\"px-2 py-2 text-sm text-gray-700 transition-colors duration-200 group-hover:text-gray-900 \" class=\"px-2 py-2 text-sm text-gray-700 transition-colors duration-200 group-hover:text-gray-900 \">1.1-1.5 Kw<\/td>\n<\/tr>\n<tr class=\"transition-all duration-200 ease-in-out group hover:bg-red-50 \" class=\"transition-all duration-200 ease-in-out group hover:bg-red-50 \">\n<td class=\"px-2 py-2 text-sm text-gray-700 transition-colors duration-200 group-hover:text-gray-900 \" class=\"px-2 py-2 text-sm text-gray-700 transition-colors duration-200 group-hover:text-gray-900 \"><strong class=\"font-cal-sans\">L\u01b0u l\u01b0\u1ee3ng<\/strong><\/td>\n<td class=\"px-2 py-2 text-sm text-gray-700 transition-colors duration-200 group-hover:text-gray-900 \" class=\"px-2 py-2 text-sm text-gray-700 transition-colors duration-200 group-hover:text-gray-900 \">:<\/td>\n<td class=\"px-2 py-2 text-sm text-gray-700 transition-colors duration-200 group-hover:text-gray-900 \" class=\"px-2 py-2 text-sm text-gray-700 transition-colors duration-200 group-hover:text-gray-900 \">18.000-35.000 m3\/h<\/td>\n<\/tr>\n<tr class=\"transition-all duration-200 ease-in-out group hover:bg-red-50 \" class=\"transition-all duration-200 ease-in-out group hover:bg-red-50 \">\n<td class=\"px-2 py-2 text-sm text-gray-700 transition-colors duration-200 group-hover:text-gray-900 \" class=\"px-2 py-2 text-sm text-gray-700 transition-colors duration-200 group-hover:text-gray-900 \"><strong class=\"font-cal-sans\">B\u1ea3o h\u00e0nh<\/strong><\/td>\n<td class=\"px-2 py-2 text-sm text-gray-700 transition-colors duration-200 group-hover:text-gray-900 \" class=\"px-2 py-2 text-sm text-gray-700 transition-colors duration-200 group-hover:text-gray-900 \">:<\/td>\n<td class=\"px-2 py-2 text-sm text-gray-700 transition-colors duration-200 group-hover:text-gray-900 \" class=\"px-2 py-2 text-sm text-gray-700 transition-colors duration-200 group-hover:text-gray-900 \">12 th\u00e1ng<\/td>\n<\/tr>\n<tr class=\"transition-all duration-200 ease-in-out group hover:bg-red-50 \" class=\"transition-all duration-200 ease-in-out group hover:bg-red-50 \">\n<td class=\"px-2 py-2 text-sm text-gray-700 transition-colors duration-200 group-hover:text-gray-900 \" class=\"px-2 py-2 text-sm text-gray-700 transition-colors duration-200 group-hover:text-gray-900 \"><strong class=\"font-cal-sans\">Xu\u1ea5t x\u1ee9<\/strong><\/td>\n<td class=\"px-2 py-2 text-sm text-gray-700 transition-colors duration-200 group-hover:text-gray-900 \" class=\"px-2 py-2 text-sm text-gray-700 transition-colors duration-200 group-hover:text-gray-900 \">:<\/td>\n<td class=\"px-2 py-2 text-sm text-gray-700 transition-colors duration-200 group-hover:text-gray-900 \" class=\"px-2 py-2 text-sm text-gray-700 transition-colors duration-200 group-hover:text-gray-900 \">Vi\u1ec7t nam<\/td>\n<\/tr>\n<\/tbody>\n<\/table><\/div><\/div>\n","protected":false},"featured_media":91,"template":"","meta":{"footnotes":""},"product_cat":[9],"product_tag":[],"ztteam_product_brand":[],"class_list":["post-90","product","type-product","status-publish","has-post-thumbnail","hentry","product_cat-quat-hoi-nuoc-cong-nghiep"],"meta_box":{"_sku":"L06","_regular_price":"14773235","_sale_price":"11299291","_price":"11299291","_stock_status":"instock","_stock":"50","_manage_stock":"1","_weight":"","_length":"","_width":"","_height":"","_product_image_gallery":[{"width":150,"height":150,"file":"2026\/03\/quat-hoi-nuoc-cong-nghiep-cong-suat-lon.png","filesize":171603,"sizes":[],"image_meta":{"aperture":"0","credit":"","camera":"","caption":"","created_timestamp":"0","copyright":"","focal_length":"0","iso":"0","shutter_speed":"0","title":"","orientation":"0","keywords":[]},"ID":"91","name":"quat-hoi-nuoc-cong-nghiep-cong-suat-lon.png","path":"\/home\/dev.wptheme.store\/public_html\/s\/wpquat\/wp-content\/uploads\/2026\/03\/quat-hoi-nuoc-cong-nghiep-cong-suat-lon.png","url":"https:\/\/dev.wptheme.store\/s\/wpquat\/wp-content\/uploads\/2026\/03\/quat-hoi-nuoc-cong-nghiep-cong-suat-lon.png","full_url":"https:\/\/dev.wptheme.store\/s\/wpquat\/wp-content\/uploads\/2026\/03\/quat-hoi-nuoc-cong-nghiep-cong-suat-lon.png","title":"Qu\u1ea1t H\u01a1i N\u01b0\u1edbc C\u00f4ng Nghi\u1ec7p C\u00f4ng Su\u1ea5t L\u1edbn","caption":"","description":"","alt":"","srcset":false}],"_featured":"0","_visibility":"visible","_virtual":"","_downloadable":"","product_type":"simple","product_attributes":[],"color_variations":[],"size_variations":[],"storage_variations":[],"material_variations":[]},"_links":{"self":[{"href":"https:\/\/dev.wptheme.store\/s\/wpquat\/wp-json\/wp\/v2\/product\/90","targetHints":{"allow":["GET"]}}],"collection":[{"href":"https:\/\/dev.wptheme.store\/s\/wpquat\/wp-json\/wp\/v2\/product"}],"about":[{"href":"https:\/\/dev.wptheme.store\/s\/wpquat\/wp-json\/wp\/v2\/types\/product"}],"version-history":[{"count":0,"href":"https:\/\/dev.wptheme.store\/s\/wpquat\/wp-json\/wp\/v2\/product\/90\/revisions"}],"wp:featuredmedia":[{"embeddable":true,"href":"https:\/\/dev.wptheme.store\/s\/wpquat\/wp-json\/wp\/v2\/media\/91"}],"wp:attachment":[{"href":"https:\/\/dev.wptheme.store\/s\/wpquat\/wp-json\/wp\/v2\/media?parent=90"}],"wp:term":[{"taxonomy":"product_cat","embeddable":true,"href":"https:\/\/dev.wptheme.store\/s\/wpquat\/wp-json\/wp\/v2\/product_cat?post=90"},{"taxonomy":"product_tag","embeddable":true,"href":"https:\/\/dev.wptheme.store\/s\/wpquat\/wp-json\/wp\/v2\/product_tag?post=90"},{"taxonomy":"ztteam_product_brand","embeddable":true,"href":"https:\/\/dev.wptheme.store\/s\/wpquat\/wp-json\/wp\/v2\/ztteam_product_brand?post=90"}],"curies":[{"name":"wp","href":"https:\/\/api.w.org\/{rel}","templated":true}]}}