{"id":94,"date":"2026-03-16T08:49:27","date_gmt":"2026-03-16T01:49:27","guid":{"rendered":"https:\/\/dev.wptheme.store\/s\/wpquat\/product\/quat-hoi-nuoc-cong-nghiep-air-cooler-1-5kw-25000-m3-h\/"},"modified":"2026-03-16T08:49:27","modified_gmt":"2026-03-16T01:49:27","slug":"quat-hoi-nuoc-cong-nghiep-air-cooler-1-5kw-25000-m3-h","status":"publish","type":"product","link":"https:\/\/dev.wptheme.store\/s\/wpquat\/product\/quat-hoi-nuoc-cong-nghiep-air-cooler-1-5kw-25000-m3-h\/","title":{"rendered":"Qu\u1ea1t h\u01a1i n\u01b0\u1edbc c\u00f4ng nghi\u1ec7p Air Cooler 1.5KW 25000 M3\/H"},"content":{"rendered":"<p class=\"mb-4 leading-relaxed\">Qu\u1ea1t h\u01a1i n\u01b0\u1edbc c\u00f4ng nghi\u1ec7p Air Cooler 1.5KW 25000 M3\/H (M\u00e3 s\u1ea3n ph\u1ea9m: L06) l\u00e0 m\u1ed9t trong nh\u1eefng gi\u1ea3i ph\u00e1p l\u00e0m m\u00e1t hi\u1ec7u qu\u1ea3 nh\u1ea5t cho c\u00e1c khu v\u1ef1c c\u00f4ng nghi\u1ec7p l\u1edbn nh\u01b0 nh\u00e0 m\u00e1y, x\u01b0\u1edfng s\u1ea3n xu\u1ea5t, kho h\u00e0ng, v\u00e0 c\u00e1c kh\u00f4ng gian r\u1ed9ng l\u1edbn kh\u00e1c. S\u1ea3n ph\u1ea9m n\u00e0y kh\u00f4ng ch\u1ec9 gi\u00fap c\u1ea3i thi\u1ec7n m\u00f4i tr\u01b0\u1eddng l\u00e0m vi\u1ec7c m\u00e0 c\u00f2n ti\u1ebft ki\u1ec7m chi ph\u00ed v\u00e0 n\u0103ng l\u01b0\u1ee3ng \u0111\u00e1ng k\u1ec3.<\/p>\n<h2 class=\"py-2 my-4 text-2xl font-bold border-green-500 border-y border-opacity-10\">Th\u00f4ng s\u1ed1 k\u1ef9 thu\u1eadt qu\u1ea1t h\u01a1i n\u01b0\u1edbc Air Cooler 1.5KW<\/h2>\n<ul class=\"mb-4 space-y-1 list-none\">\n<li class=\"flex items-center gap-3 leading-relaxed text-gray-800 \"><div class=\"flex items-center justify-center w-5 h-5 bg-red-100 rounded-full shrink-0\"><svg class=\"w-3 h-3 text-red-600\" fill=\"none\" stroke=\"currentColor\" stroke- viewBox=\"0 0 24 24\"><path stroke-linecap=\"round\" stroke-linejoin=\"round\" d=\"M5 13l4 4L19 7\" \/><\/svg><\/div><div class=\"flex-1\">M\u00e3 s\u1ea3n ph\u1ea9m: Aircooler 1.5<\/div><\/li>\n<li class=\"flex items-center gap-3 leading-relaxed text-gray-800 \"><div class=\"flex items-center justify-center w-5 h-5 bg-red-100 rounded-full shrink-0\"><svg class=\"w-3 h-3 text-red-600\" fill=\"none\" stroke=\"currentColor\" stroke- viewBox=\"0 0 24 24\"><path stroke-linecap=\"round\" stroke-linejoin=\"round\" d=\"M5 13l4 4L19 7\" \/><\/svg><\/div><div class=\"flex-1\">Th\u01b0\u01a1ng hi\u1ec7u: Aircooler<\/div><\/li>\n<li class=\"flex items-center gap-3 leading-relaxed text-gray-800 \"><div class=\"flex items-center justify-center w-5 h-5 bg-red-100 rounded-full shrink-0\"><svg class=\"w-3 h-3 text-red-600\" fill=\"none\" stroke=\"currentColor\" stroke- viewBox=\"0 0 24 24\"><path stroke-linecap=\"round\" stroke-linejoin=\"round\" d=\"M5 13l4 4L19 7\" \/><\/svg><\/div><div class=\"flex-1\">C\u00f4ng su\u1ea5t: 1.5kW<\/div><\/li>\n<li class=\"flex items-center gap-3 leading-relaxed text-gray-800 \"><div class=\"flex items-center justify-center w-5 h-5 bg-red-100 rounded-full shrink-0\"><svg class=\"w-3 h-3 text-red-600\" fill=\"none\" stroke=\"currentColor\" stroke- viewBox=\"0 0 24 24\"><path stroke-linecap=\"round\" stroke-linejoin=\"round\" d=\"M5 13l4 4L19 7\" \/><\/svg><\/div><div class=\"flex-1\">L\u01b0u l\u01b0\u1ee3ng gi\u00f3: 25.000 m\u00b3\/h<\/div><\/li>\n<li class=\"flex items-center gap-3 leading-relaxed text-gray-800 \"><div class=\"flex items-center justify-center w-5 h-5 bg-red-100 rounded-full shrink-0\"><svg class=\"w-3 h-3 text-red-600\" fill=\"none\" stroke=\"currentColor\" stroke- viewBox=\"0 0 24 24\"><path stroke-linecap=\"round\" stroke-linejoin=\"round\" d=\"M5 13l4 4L19 7\" \/><\/svg><\/div><div class=\"flex-1\">\u0110i\u1ec7n \u00e1p: 220V\u2013 50Hz<\/div><\/li>\n<li class=\"flex items-center gap-3 leading-relaxed text-gray-800 \"><div class=\"flex items-center justify-center w-5 h-5 bg-red-100 rounded-full shrink-0\"><svg class=\"w-3 h-3 text-red-600\" fill=\"none\" stroke=\"currentColor\" stroke- viewBox=\"0 0 24 24\"><path stroke-linecap=\"round\" stroke-linejoin=\"round\" d=\"M5 13l4 4L19 7\" \/><\/svg><\/div><div class=\"flex-1\">Dung t\u00edch b\u00ecnh n\u01b0\u1edbc: 100 \u2013 120 l\u00edt<\/div><\/li>\n<li class=\"flex items-center gap-3 leading-relaxed text-gray-800 \"><div class=\"flex items-center justify-center w-5 h-5 bg-red-100 rounded-full shrink-0\"><svg class=\"w-3 h-3 text-red-600\" fill=\"none\" stroke=\"currentColor\" stroke- viewBox=\"0 0 24 24\"><path stroke-linecap=\"round\" stroke-linejoin=\"round\" d=\"M5 13l4 4L19 7\" \/><\/svg><\/div><div class=\"flex-1\">Ti\u00eau th\u1ee5 n\u01b0\u1edbc: 10 \u2013 15 l\u00edt\/gi\u1edd<\/div><\/li>\n<li class=\"flex items-center gap-3 leading-relaxed text-gray-800 \"><div class=\"flex items-center justify-center w-5 h-5 bg-red-100 rounded-full shrink-0\"><svg class=\"w-3 h-3 text-red-600\" fill=\"none\" stroke=\"currentColor\" stroke- viewBox=\"0 0 24 24\"><path stroke-linecap=\"round\" stroke-linejoin=\"round\" d=\"M5 13l4 4L19 7\" \/><\/svg><\/div><div class=\"flex-1\">Ph\u1ea1m vi l\u00e0m m\u00e1t: 100 \u2013 150 m\u00b2<\/div><\/li>\n<li class=\"flex items-center gap-3 leading-relaxed text-gray-800 \"><div class=\"flex items-center justify-center w-5 h-5 bg-red-100 rounded-full shrink-0\"><svg class=\"w-3 h-3 text-red-600\" fill=\"none\" stroke=\"currentColor\" stroke- viewBox=\"0 0 24 24\"><path stroke-linecap=\"round\" stroke-linejoin=\"round\" d=\"M5 13l4 4L19 7\" \/><\/svg><\/div><div class=\"flex-1\">Ch\u1ea5t li\u1ec7u v\u1ecf: Nh\u1ef1a ABS\/PP ho\u1eb7c th\u00e9p s\u01a1n t\u0129nh \u0111i\u1ec7n<\/div><\/li>\n<li class=\"flex items-center gap-3 leading-relaxed text-gray-800 \"><div class=\"flex items-center justify-center w-5 h-5 bg-red-100 rounded-full shrink-0\"><svg class=\"w-3 h-3 text-red-600\" fill=\"none\" stroke=\"currentColor\" stroke- viewBox=\"0 0 24 24\"><path stroke-linecap=\"round\" stroke-linejoin=\"round\" d=\"M5 13l4 4L19 7\" \/><\/svg><\/div><div class=\"flex-1\">\u0110i\u1ec1u khi\u1ec3n: n\u00fat b\u1ea5m c\u01a1<\/div><\/li>\n<li class=\"flex items-center gap-3 leading-relaxed text-gray-800 \"><div class=\"flex items-center justify-center w-5 h-5 bg-red-100 rounded-full shrink-0\"><svg class=\"w-3 h-3 text-red-600\" fill=\"none\" stroke=\"currentColor\" stroke- viewBox=\"0 0 24 24\"><path stroke-linecap=\"round\" stroke-linejoin=\"round\" d=\"M5 13l4 4L19 7\" \/><\/svg><\/div><div class=\"flex-1\">B\u00e1nh xe: C\u00f3, d\u1ec5 di chuy\u1ec3n<\/div><\/li>\n<li class=\"flex items-center gap-3 leading-relaxed text-gray-800 \"><div class=\"flex items-center justify-center w-5 h-5 bg-red-100 rounded-full shrink-0\"><svg class=\"w-3 h-3 text-red-600\" fill=\"none\" stroke=\"currentColor\" stroke- viewBox=\"0 0 24 24\"><path stroke-linecap=\"round\" stroke-linejoin=\"round\" d=\"M5 13l4 4L19 7\" \/><\/svg><\/div><div class=\"flex-1\">K\u00edch th\u01b0\u1edbc: 1108 x 1108 x 2015 mm<\/div><\/li>\n<li class=\"flex items-center gap-3 leading-relaxed text-gray-800 \"><div class=\"flex items-center justify-center w-5 h-5 bg-red-100 rounded-full shrink-0\"><svg class=\"w-3 h-3 text-red-600\" fill=\"none\" stroke=\"currentColor\" stroke- viewBox=\"0 0 24 24\"><path stroke-linecap=\"round\" stroke-linejoin=\"round\" d=\"M5 13l4 4L19 7\" \/><\/svg><\/div><div class=\"flex-1\">B\u1ea3o h\u00e0nh: 12 th\u00e1ng<\/div><\/li>\n<li class=\"flex items-center gap-3 leading-relaxed text-gray-800 \"><div class=\"flex items-center justify-center w-5 h-5 bg-red-100 rounded-full shrink-0\"><svg class=\"w-3 h-3 text-red-600\" fill=\"none\" stroke=\"currentColor\" stroke- viewBox=\"0 0 24 24\"><path stroke-linecap=\"round\" stroke-linejoin=\"round\" d=\"M5 13l4 4L19 7\" \/><\/svg><\/div><div class=\"flex-1\">Xu\u1ea5t x\u1ee9: Vi\u1ec7t Nam<\/div><\/li>\n<\/ul>\n<p class=\"mb-4 leading-relaxed\">Xem th\u00eam c\u00e1c model kh\u00e1c:<\/p>\n<p class=\"mb-4 leading-relaxed\"><a href=\"https:\/\/quatcongnghiepvifan.com\/quat-hoi-nuoc-cong-nghiep-air-cooler-1-1kw-18000-m3-h\/\" class=\"text-red-900\">Qu\u1ea1t h\u01a1i n\u01b0\u1edbc c\u00f4ng nghi\u1ec7p Air Cooler 1.1KW 18000 M3\/H<\/a><\/p>\n<p class=\"mb-4 leading-relaxed\"><a href=\"https:\/\/quatcongnghiepvifan.com\/quat-hoi-nuoc-cong-nghiep-2-2kw\/\" class=\"text-red-900\">Qu\u1ea1t h\u01a1i n\u01b0\u1edbc c\u00f4ng nghi\u1ec7p 2.2KW<\/a><\/p>\n<h2 class=\"py-2 my-4 text-2xl font-bold border-green-500 border-y border-opacity-10\">L\u1ee3i \u00edch khi s\u1eed d\u1ee5ng qu\u1ea1t h\u01a1i n\u01b0\u1edbc c\u00f4ng nghi\u1ec7p Air Cooler 1.5KW<\/h2>\n<p class=\"mb-4 leading-relaxed\">L\u00e0m m\u00e1t nhanh ch\u00f3ng v\u00e0 hi\u1ec7u qu\u1ea3:\u00a0 V\u1edbi l\u01b0u l\u01b0\u1ee3ng kh\u00ed l\u00ean \u0111\u1ebfn 25.000 m\u00b3\/h, qu\u1ea1t h\u01a1i n\u01b0\u1edbc c\u00f4ng nghi\u1ec7p Air Cooler 1.5KW c\u00f3 kh\u1ea3 n\u0103ng l\u00e0m m\u00e1t nhanh ch\u00f3ng v\u00e0 hi\u1ec7u qu\u1ea3 cho kh\u00f4ng gian r\u1ed9ng l\u1edbn. \u0110i\u1ec1u n\u00e0y r\u1ea5t quan tr\u1ecdng trong c\u00e1c nh\u00e0 m\u00e1y, khu v\u1ef1c s\u1ea3n xu\u1ea5t ho\u1eb7c kho b\u00e3i n\u01a1i nhi\u1ec7t \u0111\u1ed9 cao c\u00f3 th\u1ec3 \u1ea3nh h\u01b0\u1edfng \u0111\u1ebfn n\u0103ng su\u1ea5t v\u00e0 s\u1ee9c kh\u1ecfe c\u1ee7a ng\u01b0\u1eddi lao \u0111\u1ed9ng.<\/p>\n<p class=\"mb-4 leading-relaxed\">Ti\u1ebft ki\u1ec7m \u0111i\u1ec7n n\u0103ng: So v\u1edbi c\u00e1c h\u1ec7 th\u1ed1ng l\u00e0m m\u00e1t truy\u1ec1n th\u1ed1ng nh\u01b0 m\u00e1y l\u1ea1nh c\u00f4ng nghi\u1ec7p, qu\u1ea1t h\u01a1i n\u01b0\u1edbc Air Cooler ti\u00eau th\u1ee5 \u00edt \u0111i\u1ec7n n\u0103ng h\u01a1n, gi\u00fap ti\u1ebft ki\u1ec7m chi ph\u00ed v\u1eadn h\u00e0nh trong th\u1eddi gian d\u00e0i. H\u1ec7 th\u1ed1ng l\u00e0m m\u00e1t b\u1eb1ng n\u01b0\u1edbc gi\u00fap gi\u1ea3m b\u1edbt g\u00e1nh n\u1eb7ng v\u1ec1 chi ph\u00ed \u0111i\u1ec7n cho doanh nghi\u1ec7p.<\/p>\n<p class=\"mb-4 leading-relaxed\">Thi\u1ebft k\u1ebf \u0111\u1eb7c bi\u1ec7t v\u00e0 b\u1ec1n b\u1ec9:: Qu\u1ea1t \u0111\u01b0\u1ee3c thi\u1ebft k\u1ebf v\u1edbi k\u00edch th\u01b0\u1edbc l\u1edbn (1108x1108x2015 mm) ph\u00f9 h\u1ee3p v\u1edbi c\u00e1c kh\u00f4ng gian r\u1ed9ng l\u1edbn. B\u00ean c\u1ea1nh \u0111\u00f3, \u0111\u1ed9ng c\u01a1 qu\u1ea1t ho\u1ea1t \u0111\u1ed9ng b\u1ec1n b\u1ec9 v\u00e0 \u00edt g\u00e2y ti\u1ebfng \u1ed3n, kh\u00f4ng l\u00e0m \u1ea3nh h\u01b0\u1edfng \u0111\u1ebfn c\u00f4ng vi\u1ec7c h\u00e0ng ng\u00e0y c\u1ee7a c\u00f4ng nh\u00e2n trong khu v\u1ef1c s\u1ea3n xu\u1ea5t.<\/p>\n<p class=\"mb-4 leading-relaxed\">D\u1ec5 d\u00e0ng l\u1eafp \u0111\u1eb7t v\u00e0 b\u1ea3o d\u01b0\u1ee1ng:: Qu\u1ea1t h\u01a1i n\u01b0\u1edbc c\u00f4ng nghi\u1ec7p Air Cooler L06 d\u1ec5 d\u00e0ng l\u1eafp \u0111\u1eb7t v\u00e0 v\u1eadn h\u00e0nh, gi\u00fap gi\u1ea3m thi\u1ec3u th\u1eddi gian v\u00e0 chi ph\u00ed cho vi\u1ec7c b\u1ea3o tr\u00ec. S\u1ea3n ph\u1ea9m c\u0169ng c\u00f3 ch\u1ebf \u0111\u1ed9 b\u1ea3o h\u00e0nh l\u00ean \u0111\u1ebfn 12 th\u00e1ng, \u0111\u1ea3m b\u1ea3o s\u1ef1 an t\u00e2m tuy\u1ec7t \u0111\u1ed1i cho ng\u01b0\u1eddi s\u1eed d\u1ee5ng.<\/p>\n<h2 class=\"py-2 my-4 text-2xl font-bold border-green-500 border-y border-opacity-10\">\u1ee8ng d\u1ee5ng qu\u1ea1t h\u01a1i n\u01b0\u1edbc Air Cooler 1.5KW<\/h2>\n<p class=\"mb-4 leading-relaxed\">Qu\u1ea1t h\u01a1i n\u01b0\u1edbc c\u00f4ng nghi\u1ec7p Air Cooler L06 c\u00f3 th\u1ec3 \u0111\u01b0\u1ee3c s\u1eed d\u1ee5ng r\u1ed9ng r\u00e3i trong c\u00e1c ng\u00e0nh c\u00f4ng nghi\u1ec7p c\u1ea7n l\u00e0m m\u00e1t kh\u00f4ng gian l\u1edbn, bao g\u1ed3m:<\/p>\n<p class=\"mb-4 leading-relaxed\">Nh\u00e0 m\u00e1y s\u1ea3n xu\u1ea5t: Gi\u1ea3m nhi\u1ec7t \u0111\u1ed9 trong c\u00e1c d\u00e2y chuy\u1ec1n s\u1ea3n xu\u1ea5t, gi\u00fap n\u00e2ng cao hi\u1ec7u qu\u1ea3 l\u00e0m vi\u1ec7c.<\/p>\n<p class=\"mb-4 leading-relaxed\">Kho h\u00e0ng, kho l\u1ea1nh: \u0110\u1ea3m b\u1ea3o m\u00f4i tr\u01b0\u1eddng l\u00e0m vi\u1ec7c th\u00f4ng tho\u00e1ng v\u00e0 m\u00e1t m\u1ebb cho nh\u00e2n vi\u00ean, tr\u00e1nh c\u00e1c v\u1ea5n \u0111\u1ec1 v\u1ec1 s\u1ee9c kh\u1ecfe do nhi\u1ec7t \u0111\u1ed9 cao.<\/p>\n<p class=\"mb-4 leading-relaxed\">X\u01b0\u1edfng may, x\u01b0\u1edfng gia c\u00f4ng: Mang \u0111\u1ebfn m\u1ed9t m\u00f4i tr\u01b0\u1eddng l\u00e0m vi\u1ec7c tho\u1ea3i m\u00e1i, gi\u00fap c\u00f4ng nh\u00e2n c\u00f3 th\u1ec3 l\u00e0m vi\u1ec7c hi\u1ec7u qu\u1ea3 h\u01a1n.<\/p>\n<figure class=\"my-6 text-center\"><img><figcaption>\u1ea2nh Th\u1eadt Qu\u1ea1t H\u01a1i N\u01b0\u1edbc C\u00f4ng Nghi\u1ec7p Air Cooler 1.5KW 25000 M3\/H<\/figcaption><\/figure>\n<h2 class=\"py-2 my-4 text-2xl font-bold border-green-500 border-y border-opacity-10\">T\u1ea1i sao n\u00ean ch\u1ecdn qu\u1ea1t h\u01a1i n\u01b0\u1edbc Air Cooler 1.5KW ?<\/h2>\n<h3 class=\"py-2 my-4 text-xl font-bold\">Ch\u1ea5t l\u01b0\u1ee3ng cao \u2013 S\u1ea3n xu\u1ea5t t\u1ea1i Vi\u1ec7t Nam:<\/h3>\n<p class=\"mb-4 leading-relaxed\">Qu\u1ea1t h\u01a1i n\u01b0\u1edbc Air Cooler 1.5kW \u0111\u01b0\u1ee3c s\u1ea3n xu\u1ea5t t\u1ea1i Vi\u1ec7t Nam tr\u00ean d\u00e2y chuy\u1ec1n c\u00f4ng ngh\u1ec7 hi\u1ec7n \u0111\u1ea1i, \u0111\u1ea3m b\u1ea3o \u0111\u1ed9 b\u1ec1n cao, ho\u1ea1t \u0111\u1ed9ng \u1ed5n \u0111\u1ecbnh v\u00e0 \u0111\u00e1p \u1ee9ng \u0111\u1ea7y \u0111\u1ee7 c\u00e1c ti\u00eau chu\u1ea9n k\u1ef9 thu\u1eadt trong c\u00f4ng nghi\u1ec7p. Vi\u1ec7c s\u1ea3n xu\u1ea5t trong n\u01b0\u1edbc c\u0169ng gi\u00fap kh\u00e1ch h\u00e0ng d\u1ec5 d\u00e0ng b\u1ea3o tr\u00ec, thay th\u1ebf linh ki\u1ec7n v\u00e0 \u0111\u01b0\u1ee3c h\u1ed7 tr\u1ee3 k\u1ef9 thu\u1eadt nhanh ch\u00f3ng.<\/p>\n<h3 class=\"py-2 my-4 text-xl font-bold\">Ti\u1ebft ki\u1ec7m chi ph\u00ed v\u1eadn h\u00e0nh:<\/h3>\n<p class=\"mb-4 leading-relaxed\">So v\u1edbi c\u00e1c h\u1ec7 th\u1ed1ng \u0111i\u1ec1u h\u00f2a c\u00f4ng nghi\u1ec7p truy\u1ec1n th\u1ed1ng, qu\u1ea1t Air Cooler ti\u00eau th\u1ee5 \u0111i\u1ec7n n\u0103ng th\u1ea5p h\u01a1n nhi\u1ec1u, \u0111\u1ed3ng th\u1eddi l\u01b0\u1ee3ng n\u01b0\u1edbc s\u1eed d\u1ee5ng c\u0169ng \u0111\u01b0\u1ee3c ki\u1ec3m so\u00e1t hi\u1ec7u qu\u1ea3. Nh\u1edd \u0111\u00f3, doanh nghi\u1ec7p c\u00f3 th\u1ec3 ti\u1ebft ki\u1ec7m t\u1eeb 70 \u2013 90% chi ph\u00ed l\u00e0m m\u00e1t m\u1ed7i th\u00e1ng, \u0111\u1eb7c bi\u1ec7t ph\u00f9 h\u1ee3p v\u1edbi c\u00e1c nh\u00e0 x\u01b0\u1edfng, kho h\u00e0ng, khu ch\u0103n nu\u00f4i ho\u1eb7c s\u1ef1 ki\u1ec7n ngo\u00e0i tr\u1eddi.<\/p>\n<h3 class=\"py-2 my-4 text-xl font-bold\">B\u1ea3o h\u00e0nh ch\u00ednh h\u00e3ng \u2013 An t\u00e2m s\u1eed d\u1ee5ng:<\/h3>\n<p class=\"mb-4 leading-relaxed\">S\u1ea3n ph\u1ea9m \u0111\u01b0\u1ee3c b\u1ea3o h\u00e0nh ch\u00ednh h\u00e3ng 12 th\u00e1ng, mang \u0111\u1ebfn s\u1ef1 y\u00ean t\u00e2m tuy\u1ec7t \u0111\u1ed1i trong qu\u00e1 tr\u00ecnh s\u1eed d\u1ee5ng. V\u1edbi s\u1ef1 h\u1ed7 tr\u1ee3 t\u1eeb nh\u00e0 s\u1ea3n xu\u1ea5t trong n\u01b0\u1edbc, kh\u00e1ch h\u00e0ng lu\u00f4n \u0111\u01b0\u1ee3c \u0111\u1ea3m b\u1ea3o quy\u1ec1n l\u1ee3i v\u00e0 \u0111\u01b0\u1ee3c x\u1eed l\u00fd nhanh ch\u00f3ng khi c\u00f3 s\u1ef1 c\u1ed1 k\u1ef9 thu\u1eadt.<\/p>\n<h3 class=\"py-2 my-4 text-xl font-bold\">D\u1ec5 d\u00e0ng di chuy\u1ec3n \u2013 L\u1eafp \u0111\u1eb7t linh ho\u1ea1t:<\/h3>\n<p class=\"mb-4 leading-relaxed\">V\u1edbi thi\u1ebft k\u1ebf c\u00f3 b\u00e1nh xe, qu\u1ea1t d\u1ec5 d\u00e0ng di chuy\u1ec3n \u0111\u1ebfn nhi\u1ec1u v\u1ecb tr\u00ed kh\u00e1c nhau trong nh\u00e0 x\u01b0\u1edfng ho\u1eb7c khu s\u1ea3n xu\u1ea5t. \u0110\u1ed3ng th\u1eddi, kh\u00f4ng c\u1ea7n l\u1eafp \u0111\u1eb7t ph\u1ee9c t\u1ea1p, ch\u1ec9 c\u1ea7n c\u1ea5p \u0111i\u1ec7n v\u00e0 n\u01b0\u1edbc l\u00e0 c\u00f3 th\u1ec3 s\u1eed d\u1ee5ng ngay.<\/p>\n<h3 class=\"py-2 my-4 text-xl font-bold\">Ph\u00f9 h\u1ee3p v\u1edbi nhi\u1ec1u kh\u00f4ng gian c\u00f4ng nghi\u1ec7p:<\/h3>\n<p class=\"mb-4 leading-relaxed\">Air Cooler 1.5kW c\u00f3 kh\u1ea3 n\u0103ng l\u00e0m m\u00e1t hi\u1ec7u qu\u1ea3 cho kh\u00f4ng gian t\u1eeb 100 \u2013 150 m\u00b2, ph\u00f9 h\u1ee3p cho nhi\u1ec1u l\u0129nh v\u1ef1c nh\u01b0: d\u1ec7t may, th\u1ef1c ph\u1ea9m, c\u01a1 kh\u00ed, n\u00f4ng nghi\u1ec7p,&#8230; Kh\u00f4ng gian tr\u1edf n\u00ean tho\u00e1ng m\u00e1t, c\u1ea3i thi\u1ec7n m\u00f4i tr\u01b0\u1eddng l\u00e0m vi\u1ec7c v\u00e0 t\u0103ng hi\u1ec7u su\u1ea5t lao \u0111\u1ed9ng<\/p>\n<p class=\"mb-4 leading-relaxed\">H\u00e3y l\u1ef1a ch\u1ecdn <a href=\"https:\/\/quatcongnghiepvifan.com\/quat-hoi-nuoc-cong-nghiep\/\" class=\"text-red-900\">Qu\u1ea1t h\u01a1i n\u01b0\u1edbc c\u00f4ng nghi\u1ec7p<\/a> t\u1ea1i VIFAN \u2013 \u0111\u01a1n v\u1ecb uy t\u00edn chuy\u00ean cung c\u1ea5p thi\u1ebft b\u1ecb l\u00e0m m\u00e1t c\u00f4ng nghi\u1ec7p ch\u1ea5t l\u01b0\u1ee3ng cao, gi\u00e1 c\u1ea3 c\u1ea1nh tranh v\u00e0 d\u1ecbch v\u1ee5 t\u1eadn t\u00e2m. VIFAN cam k\u1ebft mang \u0111\u1ebfn gi\u1ea3i ph\u00e1p l\u00e0m m\u00e1t hi\u1ec7u qu\u1ea3, ti\u1ebft ki\u1ec7m chi ph\u00ed v\u00e0 b\u1ec1n b\u1ec9 cho m\u1ecdi nh\u00e0 x\u01b0\u1edfng, kho b\u00e3i hay s\u1ef1 ki\u1ec7n c\u1ee7a b\u1ea1n. Li\u00ean h\u1ec7 ngay v\u1edbi VIFAN \u0111\u1ec3 \u0111\u01b0\u1ee3c t\u01b0 v\u1ea5n chi ti\u1ebft v\u00e0 nh\u1eadn \u01b0u \u0111\u00e3i t\u1ed1t nh\u1ea5t cho s\u1ea3n ph\u1ea9m qu\u1ea1t h\u01a1i n\u01b0\u1edbc c\u00f4ng nghi\u1ec7p Air Cooler 1.5kW 25000 m\u00b3\/h!<\/p>\n","protected":false},"excerpt":{"rendered":"<div class=\"my-4 overflow-hidden bg-white rounded-lg shadow-xl \"><div class=\"overflow-x-auto\"><table class=\"min-w-full\" class=\"min-w-full\">\n<tbody class=\"bg-white divide-y divide-gray-100 \" class=\"bg-white divide-y divide-gray-100 \">\n<tr class=\"transition-all duration-200 ease-in-out group hover:bg-red-50 \" class=\"transition-all duration-200 ease-in-out group hover:bg-red-50 \">\n<td class=\"px-2 py-2 text-sm text-gray-700 transition-colors duration-200 group-hover:text-gray-900 \" class=\"px-2 py-2 text-sm text-gray-700 transition-colors duration-200 group-hover:text-gray-900 \"><strong class=\"font-cal-sans\">M\u00e3 s\u1ea3n ph\u1ea9m<\/strong><\/td>\n<td class=\"px-2 py-2 text-sm text-gray-700 transition-colors duration-200 group-hover:text-gray-900 \" class=\"px-2 py-2 text-sm text-gray-700 transition-colors duration-200 group-hover:text-gray-900 \">:<\/td>\n<td class=\"px-2 py-2 text-sm text-gray-700 transition-colors duration-200 group-hover:text-gray-900 \" class=\"px-2 py-2 text-sm text-gray-700 transition-colors duration-200 group-hover:text-gray-900 \">L06<\/td>\n<\/tr>\n<tr class=\"transition-all duration-200 ease-in-out group hover:bg-red-50 \" class=\"transition-all duration-200 ease-in-out group hover:bg-red-50 \">\n<td class=\"px-2 py-2 text-sm text-gray-700 transition-colors duration-200 group-hover:text-gray-900 \" class=\"px-2 py-2 text-sm text-gray-700 transition-colors duration-200 group-hover:text-gray-900 \"><strong class=\"font-cal-sans\">Th\u01b0\u01a1ng hi\u1ec7u<\/strong><\/td>\n<td class=\"px-2 py-2 text-sm text-gray-700 transition-colors duration-200 group-hover:text-gray-900 \" class=\"px-2 py-2 text-sm text-gray-700 transition-colors duration-200 group-hover:text-gray-900 \">:<\/td>\n<td class=\"px-2 py-2 text-sm text-gray-700 transition-colors duration-200 group-hover:text-gray-900 \" class=\"px-2 py-2 text-sm text-gray-700 transition-colors duration-200 group-hover:text-gray-900 \">Aircooler<\/td>\n<\/tr>\n<tr class=\"transition-all duration-200 ease-in-out group hover:bg-red-50 \" class=\"transition-all duration-200 ease-in-out group hover:bg-red-50 \">\n<td class=\"px-2 py-2 text-sm text-gray-700 transition-colors duration-200 group-hover:text-gray-900 \" class=\"px-2 py-2 text-sm text-gray-700 transition-colors duration-200 group-hover:text-gray-900 \"><strong class=\"font-cal-sans\">K\u00edch th\u01b0\u1edbc<\/strong><\/td>\n<td class=\"px-2 py-2 text-sm text-gray-700 transition-colors duration-200 group-hover:text-gray-900 \" class=\"px-2 py-2 text-sm text-gray-700 transition-colors duration-200 group-hover:text-gray-900 \">:<\/td>\n<td class=\"px-2 py-2 text-sm text-gray-700 transition-colors duration-200 group-hover:text-gray-900 \" class=\"px-2 py-2 text-sm text-gray-700 transition-colors duration-200 group-hover:text-gray-900 \">1108x1108x2015 mm<\/td>\n<\/tr>\n<tr class=\"transition-all duration-200 ease-in-out group hover:bg-red-50 \" class=\"transition-all duration-200 ease-in-out group hover:bg-red-50 \">\n<td class=\"px-2 py-2 text-sm text-gray-700 transition-colors duration-200 group-hover:text-gray-900 \" class=\"px-2 py-2 text-sm text-gray-700 transition-colors duration-200 group-hover:text-gray-900 \"><strong class=\"font-cal-sans\">C\u00f4ng su\u1ea5t<\/strong><\/td>\n<td class=\"px-2 py-2 text-sm text-gray-700 transition-colors duration-200 group-hover:text-gray-900 \" class=\"px-2 py-2 text-sm text-gray-700 transition-colors duration-200 group-hover:text-gray-900 \">:<\/td>\n<td class=\"px-2 py-2 text-sm text-gray-700 transition-colors duration-200 group-hover:text-gray-900 \" class=\"px-2 py-2 text-sm text-gray-700 transition-colors duration-200 group-hover:text-gray-900 \">1.5 Kw<\/td>\n<\/tr>\n<tr class=\"transition-all duration-200 ease-in-out group hover:bg-red-50 \" class=\"transition-all duration-200 ease-in-out group hover:bg-red-50 \">\n<td class=\"px-2 py-2 text-sm text-gray-700 transition-colors duration-200 group-hover:text-gray-900 \" class=\"px-2 py-2 text-sm text-gray-700 transition-colors duration-200 group-hover:text-gray-900 \"><strong class=\"font-cal-sans\">L\u01b0u l\u01b0\u1ee3ng<\/strong><\/td>\n<td class=\"px-2 py-2 text-sm text-gray-700 transition-colors duration-200 group-hover:text-gray-900 \" class=\"px-2 py-2 text-sm text-gray-700 transition-colors duration-200 group-hover:text-gray-900 \">:<\/td>\n<td class=\"px-2 py-2 text-sm text-gray-700 transition-colors duration-200 group-hover:text-gray-900 \" class=\"px-2 py-2 text-sm text-gray-700 transition-colors duration-200 group-hover:text-gray-900 \">25.000 m3\/h<\/td>\n<\/tr>\n<tr class=\"transition-all duration-200 ease-in-out group hover:bg-red-50 \" class=\"transition-all duration-200 ease-in-out group hover:bg-red-50 \">\n<td class=\"px-2 py-2 text-sm text-gray-700 transition-colors duration-200 group-hover:text-gray-900 \" class=\"px-2 py-2 text-sm text-gray-700 transition-colors duration-200 group-hover:text-gray-900 \"><strong class=\"font-cal-sans\">B\u1ea3o h\u00e0nh<\/strong><\/td>\n<td class=\"px-2 py-2 text-sm text-gray-700 transition-colors duration-200 group-hover:text-gray-900 \" class=\"px-2 py-2 text-sm text-gray-700 transition-colors duration-200 group-hover:text-gray-900 \">:<\/td>\n<td class=\"px-2 py-2 text-sm text-gray-700 transition-colors duration-200 group-hover:text-gray-900 \" class=\"px-2 py-2 text-sm text-gray-700 transition-colors duration-200 group-hover:text-gray-900 \">12 th\u00e1ng<\/td>\n<\/tr>\n<tr class=\"transition-all duration-200 ease-in-out group hover:bg-red-50 \" class=\"transition-all duration-200 ease-in-out group hover:bg-red-50 \">\n<td class=\"px-2 py-2 text-sm text-gray-700 transition-colors duration-200 group-hover:text-gray-900 \" class=\"px-2 py-2 text-sm text-gray-700 transition-colors duration-200 group-hover:text-gray-900 \"><strong class=\"font-cal-sans\">Xu\u1ea5t x\u1ee9<\/strong><\/td>\n<td class=\"px-2 py-2 text-sm text-gray-700 transition-colors duration-200 group-hover:text-gray-900 \" class=\"px-2 py-2 text-sm text-gray-700 transition-colors duration-200 group-hover:text-gray-900 \">:<\/td>\n<td class=\"px-2 py-2 text-sm text-gray-700 transition-colors duration-200 group-hover:text-gray-900 \" class=\"px-2 py-2 text-sm text-gray-700 transition-colors duration-200 group-hover:text-gray-900 \">Vi\u1ec7t nam<\/td>\n<\/tr>\n<\/tbody>\n<\/table><\/div><\/div>\n","protected":false},"featured_media":95,"template":"","meta":{"footnotes":""},"product_cat":[9],"product_tag":[],"ztteam_product_brand":[],"class_list":["post-94","product","type-product","status-publish","has-post-thumbnail","hentry","product_cat-quat-hoi-nuoc-cong-nghiep"],"meta_box":{"_sku":"L06","_regular_price":"12070315","_sale_price":"11135374","_price":"11135374","_stock_status":"instock","_stock":"50","_manage_stock":"1","_weight":"","_length":"","_width":"","_height":"","_product_image_gallery":[{"width":150,"height":150,"file":"2026\/03\/quat-hoi-nuoc-cong-nghiep-Air-Cooler-1.5KW-25000m3-h-2.png","filesize":135553,"sizes":[],"image_meta":{"aperture":"0","credit":"","camera":"","caption":"","created_timestamp":"0","copyright":"","focal_length":"0","iso":"0","shutter_speed":"0","title":"","orientation":"0","keywords":[]},"ID":"95","name":"quat-hoi-nuoc-cong-nghiep-Air-Cooler-1.5KW-25000m3-h-2.png","path":"\/home\/dev.wptheme.store\/public_html\/s\/wpquat\/wp-content\/uploads\/2026\/03\/quat-hoi-nuoc-cong-nghiep-Air-Cooler-1.5KW-25000m3-h-2.png","url":"https:\/\/dev.wptheme.store\/s\/wpquat\/wp-content\/uploads\/2026\/03\/quat-hoi-nuoc-cong-nghiep-Air-Cooler-1.5KW-25000m3-h-2.png","full_url":"https:\/\/dev.wptheme.store\/s\/wpquat\/wp-content\/uploads\/2026\/03\/quat-hoi-nuoc-cong-nghiep-Air-Cooler-1.5KW-25000m3-h-2.png","title":"Qu\u1ea1t h\u01a1i n\u01b0\u1edbc c\u00f4ng nghi\u1ec7p Air Cooler 1.5KW 25000 M3\/H","caption":"","description":"","alt":"","srcset":false}],"_featured":"0","_visibility":"visible","_virtual":"","_downloadable":"","product_type":"simple","product_attributes":[],"color_variations":[],"size_variations":[],"storage_variations":[],"material_variations":[]},"_links":{"self":[{"href":"https:\/\/dev.wptheme.store\/s\/wpquat\/wp-json\/wp\/v2\/product\/94","targetHints":{"allow":["GET"]}}],"collection":[{"href":"https:\/\/dev.wptheme.store\/s\/wpquat\/wp-json\/wp\/v2\/product"}],"about":[{"href":"https:\/\/dev.wptheme.store\/s\/wpquat\/wp-json\/wp\/v2\/types\/product"}],"version-history":[{"count":0,"href":"https:\/\/dev.wptheme.store\/s\/wpquat\/wp-json\/wp\/v2\/product\/94\/revisions"}],"wp:featuredmedia":[{"embeddable":true,"href":"https:\/\/dev.wptheme.store\/s\/wpquat\/wp-json\/wp\/v2\/media\/95"}],"wp:attachment":[{"href":"https:\/\/dev.wptheme.store\/s\/wpquat\/wp-json\/wp\/v2\/media?parent=94"}],"wp:term":[{"taxonomy":"product_cat","embeddable":true,"href":"https:\/\/dev.wptheme.store\/s\/wpquat\/wp-json\/wp\/v2\/product_cat?post=94"},{"taxonomy":"product_tag","embeddable":true,"href":"https:\/\/dev.wptheme.store\/s\/wpquat\/wp-json\/wp\/v2\/product_tag?post=94"},{"taxonomy":"ztteam_product_brand","embeddable":true,"href":"https:\/\/dev.wptheme.store\/s\/wpquat\/wp-json\/wp\/v2\/ztteam_product_brand?post=94"}],"curies":[{"name":"wp","href":"https:\/\/api.w.org\/{rel}","templated":true}]}}