{"id":96,"date":"2026-03-16T08:49:28","date_gmt":"2026-03-16T01:49:28","guid":{"rendered":"https:\/\/dev.wptheme.store\/s\/wpquat\/product\/quat-hoi-nuoc-cong-nghiep-air-cooler-1-1kw-18000-m3-h\/"},"modified":"2026-03-16T08:49:28","modified_gmt":"2026-03-16T01:49:28","slug":"quat-hoi-nuoc-cong-nghiep-air-cooler-1-1kw-18000-m3-h","status":"publish","type":"product","link":"https:\/\/dev.wptheme.store\/s\/wpquat\/product\/quat-hoi-nuoc-cong-nghiep-air-cooler-1-1kw-18000-m3-h\/","title":{"rendered":"Qu\u1ea1t h\u01a1i n\u01b0\u1edbc c\u00f4ng nghi\u1ec7p Air Cooler 1.1KW 18000 M3\/H"},"content":{"rendered":"<p class=\"mb-4 leading-relaxed\">Qu\u1ea1t h\u01a1i n\u01b0\u1edbc c\u00f4ng nghi\u1ec7p Air cooler 1.1KW 18000 m3\/h kh\u00f4ng ch\u1ec9 gi\u00fap gi\u1ea3m nhi\u1ec7t \u0111\u1ed9 m\u00e0 c\u00f2n c\u1ea3i thi\u1ec7n ch\u1ea5t l\u01b0\u1ee3ng kh\u00f4ng kh\u00ed, t\u1ea1o ra m\u00f4i tr\u01b0\u1eddng l\u00e0m vi\u1ec7c tho\u1ea3i m\u00e1i v\u00e0 m\u00e1t m\u1ebb, h\u1ed7 tr\u1ee3 n\u0103ng su\u1ea5t lao \u0111\u1ed9ng. Qu\u1ea1t h\u01a1i n\u01b0\u1edbc c\u00f4ng nghi\u1ec7p n\u00e0y l\u00e0 l\u1ef1a ch\u1ecdn l\u00fd t\u01b0\u1edfng cho h\u1ec7 th\u1ed1ng l\u00e0m m\u00e1t trong c\u00e1c khu v\u1ef1c c\u00f3 nhi\u1ec7t \u0111\u1ed9 cao.<\/p>\n<h2 class=\"py-2 my-4 text-2xl font-bold border-green-500 border-y border-opacity-10\">Th\u00f4ng s\u1ed1 s\u1ea3n ph\u1ea9m qu\u1ea1t h\u01a1i n\u01b0\u1edbc c\u00f4ng nghi\u1ec7p Air Cooler<\/h2>\n<ul class=\"mb-4 space-y-1 list-none\">\n<li class=\"flex items-center gap-3 leading-relaxed text-gray-800 \"><div class=\"flex items-center justify-center w-5 h-5 bg-red-100 rounded-full shrink-0\"><svg class=\"w-3 h-3 text-red-600\" fill=\"none\" stroke=\"currentColor\" stroke- viewBox=\"0 0 24 24\"><path stroke-linecap=\"round\" stroke-linejoin=\"round\" d=\"M5 13l4 4L19 7\" \/><\/svg><\/div><div class=\"flex-1\">M\u00e3 s\u1ea3n ph\u1ea9m: Aircooler 18000<\/div><\/li>\n<li class=\"flex items-center gap-3 leading-relaxed text-gray-800 \"><div class=\"flex items-center justify-center w-5 h-5 bg-red-100 rounded-full shrink-0\"><svg class=\"w-3 h-3 text-red-600\" fill=\"none\" stroke=\"currentColor\" stroke- viewBox=\"0 0 24 24\"><path stroke-linecap=\"round\" stroke-linejoin=\"round\" d=\"M5 13l4 4L19 7\" \/><\/svg><\/div><div class=\"flex-1\">Th\u01b0\u01a1ng hi\u1ec7u: Aircooler<\/div><\/li>\n<li class=\"flex items-center gap-3 leading-relaxed text-gray-800 \"><div class=\"flex items-center justify-center w-5 h-5 bg-red-100 rounded-full shrink-0\"><svg class=\"w-3 h-3 text-red-600\" fill=\"none\" stroke=\"currentColor\" stroke- viewBox=\"0 0 24 24\"><path stroke-linecap=\"round\" stroke-linejoin=\"round\" d=\"M5 13l4 4L19 7\" \/><\/svg><\/div><div class=\"flex-1\">C\u00f4ng su\u1ea5t: 1.1 kW<\/div><\/li>\n<li class=\"flex items-center gap-3 leading-relaxed text-gray-800 \"><div class=\"flex items-center justify-center w-5 h-5 bg-red-100 rounded-full shrink-0\"><svg class=\"w-3 h-3 text-red-600\" fill=\"none\" stroke=\"currentColor\" stroke- viewBox=\"0 0 24 24\"><path stroke-linecap=\"round\" stroke-linejoin=\"round\" d=\"M5 13l4 4L19 7\" \/><\/svg><\/div><div class=\"flex-1\">L\u01b0u l\u01b0\u1ee3ng gi\u00f3: 18.000 m\u00b3\/h<\/div><\/li>\n<li class=\"flex items-center gap-3 leading-relaxed text-gray-800 \"><div class=\"flex items-center justify-center w-5 h-5 bg-red-100 rounded-full shrink-0\"><svg class=\"w-3 h-3 text-red-600\" fill=\"none\" stroke=\"currentColor\" stroke- viewBox=\"0 0 24 24\"><path stroke-linecap=\"round\" stroke-linejoin=\"round\" d=\"M5 13l4 4L19 7\" \/><\/svg><\/div><div class=\"flex-1\">K\u00edch th\u01b0\u1edbc: 928x928x1828 mm<\/div><\/li>\n<li class=\"flex items-center gap-3 leading-relaxed text-gray-800 \"><div class=\"flex items-center justify-center w-5 h-5 bg-red-100 rounded-full shrink-0\"><svg class=\"w-3 h-3 text-red-600\" fill=\"none\" stroke=\"currentColor\" stroke- viewBox=\"0 0 24 24\"><path stroke-linecap=\"round\" stroke-linejoin=\"round\" d=\"M5 13l4 4L19 7\" \/><\/svg><\/div><div class=\"flex-1\">\u0110i\u1ec7n \u00e1p: 220V\/380V &#8211; 50Hz<\/div><\/li>\n<li class=\"flex items-center gap-3 leading-relaxed text-gray-800 \"><div class=\"flex items-center justify-center w-5 h-5 bg-red-100 rounded-full shrink-0\"><svg class=\"w-3 h-3 text-red-600\" fill=\"none\" stroke=\"currentColor\" stroke- viewBox=\"0 0 24 24\"><path stroke-linecap=\"round\" stroke-linejoin=\"round\" d=\"M5 13l4 4L19 7\" \/><\/svg><\/div><div class=\"flex-1\">Dung t\u00edch b\u00ecnh n\u01b0\u1edbc: 80-100 l\u00edt<\/div><\/li>\n<li class=\"flex items-center gap-3 leading-relaxed text-gray-800 \"><div class=\"flex items-center justify-center w-5 h-5 bg-red-100 rounded-full shrink-0\"><svg class=\"w-3 h-3 text-red-600\" fill=\"none\" stroke=\"currentColor\" stroke- viewBox=\"0 0 24 24\"><path stroke-linecap=\"round\" stroke-linejoin=\"round\" d=\"M5 13l4 4L19 7\" \/><\/svg><\/div><div class=\"flex-1\">L\u01b0\u1ee3ng n\u01b0\u1edbc ti\u00eau th\u1ee5: 8-12 l\u00edt\/gi\u1edd<\/div><\/li>\n<li class=\"flex items-center gap-3 leading-relaxed text-gray-800 \"><div class=\"flex items-center justify-center w-5 h-5 bg-red-100 rounded-full shrink-0\"><svg class=\"w-3 h-3 text-red-600\" fill=\"none\" stroke=\"currentColor\" stroke- viewBox=\"0 0 24 24\"><path stroke-linecap=\"round\" stroke-linejoin=\"round\" d=\"M5 13l4 4L19 7\" \/><\/svg><\/div><div class=\"flex-1\">Ph\u1ea1m vi l\u00e0m m\u00e1t: 80-120 m\u00b2<\/div><\/li>\n<li class=\"flex items-center gap-3 leading-relaxed text-gray-800 \"><div class=\"flex items-center justify-center w-5 h-5 bg-red-100 rounded-full shrink-0\"><svg class=\"w-3 h-3 text-red-600\" fill=\"none\" stroke=\"currentColor\" stroke- viewBox=\"0 0 24 24\"><path stroke-linecap=\"round\" stroke-linejoin=\"round\" d=\"M5 13l4 4L19 7\" \/><\/svg><\/div><div class=\"flex-1\">Ch\u1ea5t li\u1ec7u v\u1ecf: Nh\u1ef1a ABS\/PP ho\u1eb7c th\u00e9p s\u01a1n t\u0129nh \u0111i\u1ec7n<\/div><\/li>\n<li class=\"flex items-center gap-3 leading-relaxed text-gray-800 \"><div class=\"flex items-center justify-center w-5 h-5 bg-red-100 rounded-full shrink-0\"><svg class=\"w-3 h-3 text-red-600\" fill=\"none\" stroke=\"currentColor\" stroke- viewBox=\"0 0 24 24\"><path stroke-linecap=\"round\" stroke-linejoin=\"round\" d=\"M5 13l4 4L19 7\" \/><\/svg><\/div><div class=\"flex-1\">\u0110i\u1ec1u khi\u1ec3n: N\u00fat b\u1ea5m v\u00e0 \u0111i\u1ec1u khi\u1ec3n t\u1eeb xa<\/div><\/li>\n<li class=\"flex items-center gap-3 leading-relaxed text-gray-800 \"><div class=\"flex items-center justify-center w-5 h-5 bg-red-100 rounded-full shrink-0\"><svg class=\"w-3 h-3 text-red-600\" fill=\"none\" stroke=\"currentColor\" stroke- viewBox=\"0 0 24 24\"><path stroke-linecap=\"round\" stroke-linejoin=\"round\" d=\"M5 13l4 4L19 7\" \/><\/svg><\/div><div class=\"flex-1\">B\u00e1nh xe di chuy\u1ec3n linh ho\u1ea1t<\/div><\/li>\n<li class=\"flex items-center gap-3 leading-relaxed text-gray-800 \"><div class=\"flex items-center justify-center w-5 h-5 bg-red-100 rounded-full shrink-0\"><svg class=\"w-3 h-3 text-red-600\" fill=\"none\" stroke=\"currentColor\" stroke- viewBox=\"0 0 24 24\"><path stroke-linecap=\"round\" stroke-linejoin=\"round\" d=\"M5 13l4 4L19 7\" \/><\/svg><\/div><div class=\"flex-1\">\u0110\u1ed9 \u1ed3n: \u2264 70 dB<\/div><\/li>\n<li class=\"flex items-center gap-3 leading-relaxed text-gray-800 \"><div class=\"flex items-center justify-center w-5 h-5 bg-red-100 rounded-full shrink-0\"><svg class=\"w-3 h-3 text-red-600\" fill=\"none\" stroke=\"currentColor\" stroke- viewBox=\"0 0 24 24\"><path stroke-linecap=\"round\" stroke-linejoin=\"round\" d=\"M5 13l4 4L19 7\" \/><\/svg><\/div><div class=\"flex-1\">B\u1ea3o h\u00e0nh: 12 th\u00e1ng<\/div><\/li>\n<li class=\"flex items-center gap-3 leading-relaxed text-gray-800 \"><div class=\"flex items-center justify-center w-5 h-5 bg-red-100 rounded-full shrink-0\"><svg class=\"w-3 h-3 text-red-600\" fill=\"none\" stroke=\"currentColor\" stroke- viewBox=\"0 0 24 24\"><path stroke-linecap=\"round\" stroke-linejoin=\"round\" d=\"M5 13l4 4L19 7\" \/><\/svg><\/div><div class=\"flex-1\">Xu\u1ea5t x\u1ee9: Vi\u1ec7t Nam<\/div><\/li>\n<\/ul>\n<p class=\"mb-4 leading-relaxed\">Xem th\u00eam s\u1ea3n ph\u1ea9m kh\u00e1c:<\/p>\n<p class=\"mb-4 leading-relaxed\"><a href=\"https:\/\/quatcongnghiepvifan.com\/quat-hoi-nuoc-cong-nghiep-2-2kw\/\" class=\"text-red-900\">Qu\u1ea1t h\u01a1i n\u01b0\u1edbc c\u00f4ng nghi\u1ec7p 2.2KW<\/a><\/p>\n<p class=\"mb-4 leading-relaxed\"><a href=\"https:\/\/quatcongnghiepvifan.com\/quat-hoi-nuoc-cong-nghiep-1-5kw\/\" class=\"text-red-900\">Qu\u1ea1t h\u01a1i n\u01b0\u1edbc c\u00f4ng nghi\u1ec7p 1.5KW<\/a><\/p>\n<h2 class=\"py-2 my-4 text-2xl font-bold border-green-500 border-y border-opacity-10\">T\u00ednh n\u0103ng n\u1ed5i b\u1eadt m\u00e1y l\u00e0m m\u00e1t c\u00f4ng nghi\u1ec7p Air Cooler 18000<\/h2>\n<p class=\"mb-4 leading-relaxed\">Hi\u1ec7u su\u1ea5t l\u00e0m m\u00e1t cao: Qu\u1ea1t h\u01a1i n\u01b0\u1edbc c\u00f4ng nghi\u1ec7p Air Cooler 1.1KW 18000 M3\/h mang \u0111\u1ebfn hi\u1ec7u su\u1ea5t l\u00e0m m\u00e1t v\u01b0\u1ee3t tr\u1ed9i, gi\u00fap gi\u1ea3m nhi\u1ec7t \u0111\u1ed9 nhanh ch\u00f3ng trong kh\u00f4ng gian l\u1edbn nh\u01b0 nh\u00e0 x\u01b0\u1edfng, khu s\u1ea3n xu\u1ea5t, kho b\u00e3i. \u0110\u00e2y l\u00e0 m\u1ed9t gi\u1ea3i ph\u00e1p l\u00e0m m\u00e1t hi\u1ec7u qu\u1ea3, th\u00edch h\u1ee3p cho h\u1ec7 th\u1ed1ng l\u00e0m m\u00e1t c\u00e1c khu v\u1ef1c c\u00f4ng nghi\u1ec7p.<\/p>\n<p class=\"mb-4 leading-relaxed\">Ti\u1ebft ki\u1ec7m \u0111i\u1ec7n n\u0103ng: V\u1edbi c\u00f4ng su\u1ea5t ch\u1ec9 1.1KW, qu\u1ea1t h\u01a1i n\u01b0\u1edbc n\u00e0y gi\u00fap ti\u1ebft ki\u1ec7m chi ph\u00ed \u0111i\u1ec7n n\u0103ng m\u00e0 v\u1eabn \u0111\u1ea3m b\u1ea3o hi\u1ec7u qu\u1ea3 l\u00e0m m\u00e1t cao. \u0110\u00e2y l\u00e0 m\u1ed9t y\u1ebfu t\u1ed1 quan tr\u1ecdng khi l\u1ef1a ch\u1ecdn qu\u1ea1t h\u01a1i n\u01b0\u1edbc c\u00f4ng su\u1ea5t l\u1edbn cho m\u00f4i tr\u01b0\u1eddng c\u00f4ng nghi\u1ec7p.<\/p>\n<p class=\"mb-4 leading-relaxed\">Thi\u1ebft k\u1ebf b\u1ec1n b\u1ec9, d\u1ec5 s\u1eed d\u1ee5ng: Qu\u1ea1t c\u00f3 thi\u1ebft k\u1ebf ch\u1eafc ch\u1eafn, s\u1eed d\u1ee5ng ch\u1ea5t li\u1ec7u cao c\u1ea5p, \u0111\u1ed9 b\u1ec1n cao, v\u00e0 d\u1ec5 d\u00e0ng v\u1eadn h\u00e0nh trong m\u1ecdi \u0111i\u1ec1u ki\u1ec7n. Nh\u1eefng m\u00e1y qu\u1ea1t h\u01a1i n\u01b0\u1edbc n\u00e0y r\u1ea5t d\u1ec5 d\u00e0ng \u0111\u1ec3 th\u00e1o l\u1eafp, b\u1ea3o tr\u00ec, gi\u00fap t\u0103ng tu\u1ed5i th\u1ecd s\u1ea3n ph\u1ea9m v\u00e0 gi\u1ea3m chi ph\u00ed b\u1ea3o d\u01b0\u1ee1ng.<\/p>\n<p class=\"mb-4 leading-relaxed\">Ph\u00f9 h\u1ee3p v\u1edbi nhi\u1ec1u m\u00f4i tr\u01b0\u1eddng: S\u1ea3n ph\u1ea9m th\u00edch h\u1ee3p cho c\u00e1c kh\u00f4ng gian c\u00f4ng nghi\u1ec7p, nh\u00e0 x\u01b0\u1edfng, kho b\u00e3i ho\u1eb7c khu v\u1ef1c c\u00f3 nhi\u1ec7t \u0111\u1ed9 cao v\u00e0 c\u1ea7n l\u00e0m m\u00e1t nhanh ch\u00f3ng. M\u00e1y l\u00e0m m\u00e1t c\u00f4ng nghi\u1ec7p n\u00e0y c\u00f3 th\u1ec3 \u0111\u01b0\u1ee3c l\u1eafp \u0111\u1eb7t trong b\u1ea5t k\u1ef3 m\u00f4i tr\u01b0\u1eddng n\u00e0o c\u00f3 y\u00eau c\u1ea7u l\u00e0m m\u00e1t di\u1ec7n t\u00edch l\u1edbn.<\/p>\n<p class=\"mb-4 leading-relaxed\">Phao c\u01a1 ch\u1ed1ng tr\u00e0n: H\u1ec7 th\u1ed1ng phao c\u01a1 ch\u1ed1ng tr\u00e0n gi\u00fap ng\u1eebng ho\u1ea1t \u0111\u1ed9ng khi n\u01b0\u1edbc \u0111\u1ea7y, \u0111\u1ea3m b\u1ea3o an to\u00e0n khi s\u1eed d\u1ee5ng. \u0110\u00e2y l\u00e0 m\u1ed9t t\u00ednh n\u0103ng quan tr\u1ecdng gi\u00fap \u0111\u1ea3m b\u1ea3o qu\u1ea1t h\u01a1i n\u01b0\u1edbc v\u1eadn h\u00e0nh hi\u1ec7u qu\u1ea3 v\u00e0 an to\u00e0n trong th\u1eddi gian d\u00e0i.<\/p>\n<p class=\"mb-4 leading-relaxed\"><img><\/p>\n<p class=\"mb-4 leading-relaxed\">&nbsp;<\/p>\n<h2 class=\"py-2 my-4 text-2xl font-bold border-green-500 border-y border-opacity-10\">\u1ee8ng d\u1ee5ng qu\u1ea1t h\u01a1i n\u01b0\u1edbc c\u00f4ng nghi\u1ec7p Air Cooler 1,1KW<\/h2>\n<p class=\"mb-4 leading-relaxed\">L\u00e0m m\u00e1t nh\u00e0 x\u01b0\u1edfng: Qu\u1ea1t h\u01a1i n\u01b0\u1edbc c\u00f4ng nghi\u1ec7p Air Cooler 1.1KW 18000 M3\/h l\u00e0 gi\u1ea3i ph\u00e1p l\u00fd t\u01b0\u1edfng gi\u00fap l\u00e0m m\u00e1t hi\u1ec7u qu\u1ea3 cho c\u00e1c m\u00e1y l\u00e0m m\u00e1t nh\u00e0 x\u01b0\u1edfng, n\u01a1i y\u00eau c\u1ea7u l\u00e0m m\u00e1t kh\u00f4ng gian r\u1ed9ng l\u1edbn v\u00e0 duy tr\u00ec nhi\u1ec7t \u0111\u1ed9 \u1ed5n \u0111\u1ecbnh.<\/p>\n<p class=\"mb-4 leading-relaxed\">H\u1ec7 th\u1ed1ng l\u00e0m m\u00e1t cho khu v\u1ef1c c\u00f3 di\u1ec7n t\u00edch l\u1edbn: V\u1edbi l\u01b0u l\u01b0\u1ee3ng gi\u00f3 18.000 m\u00b3\/h, s\u1ea3n ph\u1ea9m r\u1ea5t th\u00edch h\u1ee3p \u0111\u1ec3 l\u00e0m m\u00e1t cho nh\u1eefng kh\u00f4ng gian c\u00f3 di\u1ec7n t\u00edch r\u1ed9ng nh\u01b0 kho b\u00e3i, nh\u00e0 m\u00e1y. S\u1ef1 k\u1ebft h\u1ee3p gi\u1eefa qu\u1ea1t c\u00f4ng nghi\u1ec7p h\u01a1i n\u01b0\u1edbc v\u00e0 c\u00f4ng ngh\u1ec7 l\u00e0m m\u00e1t b\u1eb1ng h\u01a1i n\u01b0\u1edbc gi\u00fap t\u1ea1o ra kh\u00f4ng gian tho\u00e1ng m\u00e1t v\u00e0 d\u1ec5 ch\u1ecbu.<\/p>\n<p class=\"mb-4 leading-relaxed\">Gi\u1ea3i ph\u00e1p l\u00e0m m\u00e1t ti\u1ebft ki\u1ec7m: Qu\u1ea1t h\u01a1i n\u01b0\u1edbc c\u00f4ng su\u1ea5t l\u1edbn n\u00e0y l\u00e0 m\u1ed9t gi\u1ea3i ph\u00e1p l\u00fd t\u01b0\u1edfng cho nh\u1eefng c\u00f4ng ty mu\u1ed1n ti\u1ebft ki\u1ec7m \u0111i\u1ec7n n\u0103ng m\u00e0 v\u1eabn \u0111\u1ea3m b\u1ea3o hi\u1ec7u su\u1ea5t l\u00e0m m\u00e1t cao.<\/p>\n<p class=\"mb-4 leading-relaxed\"><a href=\"https:\/\/quatcongnghiepvifan.com\/quat-hoi-nuoc-cong-nghiep\/\" class=\"text-red-900\"><span>Qu\u1ea1t h\u01a1i n\u01b0\u1edbc c\u00f4ng su\u1ea5t l\u1edbn<\/span><\/a> kh\u00f4ng ch\u1ec9 mang l\u1ea1i gi\u1ea3i ph\u00e1p l\u00e0m m\u00e1t hi\u1ec7u qu\u1ea3, m\u00e0 c\u00f2n ti\u1ebft ki\u1ec7m chi ph\u00ed cho c\u00e1c doanh nghi\u1ec7p nh\u1edd v\u00e0o c\u00f4ng ngh\u1ec7 ti\u1ebft ki\u1ec7m \u0111i\u1ec7n n\u0103ng. \u0110\u1eb7c bi\u1ec7t, v\u1edbi h\u1ec7 th\u1ed1ng phao ch\u1ed1ng tr\u00e0n, qu\u1ea1t \u0111\u1ea3m b\u1ea3o an to\u00e0n tuy\u1ec7t \u0111\u1ed1i trong su\u1ed1t qu\u00e1 tr\u00ecnh s\u1eed d\u1ee5ng. \u0110\u00e2y l\u00e0 m\u1ed9t l\u1ef1a ch\u1ecdn kh\u00f4ng th\u1ec3 thi\u1ebfu cho c\u00e1c doanh nghi\u1ec7p \u0111ang t\u00ecm ki\u1ebfm m\u1ed9t m\u00e1y l\u00e0m m\u00e1t c\u00f4ng nghi\u1ec7p hi\u1ec7u qu\u1ea3.<\/p>\n","protected":false},"excerpt":{"rendered":"<div class=\"my-4 overflow-hidden bg-white rounded-lg shadow-xl \"><div class=\"overflow-x-auto\"><table class=\"min-w-full\" class=\"min-w-full\">\n<tbody class=\"bg-white divide-y divide-gray-100 \" class=\"bg-white divide-y divide-gray-100 \">\n<tr class=\"transition-all duration-200 ease-in-out group hover:bg-red-50 \" class=\"transition-all duration-200 ease-in-out group hover:bg-red-50 \">\n<td class=\"px-2 py-2 text-sm text-gray-700 transition-colors duration-200 group-hover:text-gray-900 \" class=\"px-2 py-2 text-sm text-gray-700 transition-colors duration-200 group-hover:text-gray-900 \"><strong class=\"font-cal-sans\">M\u00e3 s\u1ea3n ph\u1ea9m<\/strong><\/td>\n<td class=\"px-2 py-2 text-sm text-gray-700 transition-colors duration-200 group-hover:text-gray-900 \" class=\"px-2 py-2 text-sm text-gray-700 transition-colors duration-200 group-hover:text-gray-900 \">:<\/td>\n<td class=\"px-2 py-2 text-sm text-gray-700 transition-colors duration-200 group-hover:text-gray-900 \" class=\"px-2 py-2 text-sm text-gray-700 transition-colors duration-200 group-hover:text-gray-900 \">L03<\/td>\n<\/tr>\n<tr class=\"transition-all duration-200 ease-in-out group hover:bg-red-50 \" class=\"transition-all duration-200 ease-in-out group hover:bg-red-50 \">\n<td class=\"px-2 py-2 text-sm text-gray-700 transition-colors duration-200 group-hover:text-gray-900 \" class=\"px-2 py-2 text-sm text-gray-700 transition-colors duration-200 group-hover:text-gray-900 \"><strong class=\"font-cal-sans\">Th\u01b0\u01a1ng hi\u1ec7u<\/strong><\/td>\n<td class=\"px-2 py-2 text-sm text-gray-700 transition-colors duration-200 group-hover:text-gray-900 \" class=\"px-2 py-2 text-sm text-gray-700 transition-colors duration-200 group-hover:text-gray-900 \">:<\/td>\n<td class=\"px-2 py-2 text-sm text-gray-700 transition-colors duration-200 group-hover:text-gray-900 \" class=\"px-2 py-2 text-sm text-gray-700 transition-colors duration-200 group-hover:text-gray-900 \">Aircooler<\/td>\n<\/tr>\n<tr class=\"transition-all duration-200 ease-in-out group hover:bg-red-50 \" class=\"transition-all duration-200 ease-in-out group hover:bg-red-50 \">\n<td class=\"px-2 py-2 text-sm text-gray-700 transition-colors duration-200 group-hover:text-gray-900 \" class=\"px-2 py-2 text-sm text-gray-700 transition-colors duration-200 group-hover:text-gray-900 \"><strong class=\"font-cal-sans\">K\u00edch th\u01b0\u1edbc<\/strong><\/td>\n<td class=\"px-2 py-2 text-sm text-gray-700 transition-colors duration-200 group-hover:text-gray-900 \" class=\"px-2 py-2 text-sm text-gray-700 transition-colors duration-200 group-hover:text-gray-900 \">:<\/td>\n<td class=\"px-2 py-2 text-sm text-gray-700 transition-colors duration-200 group-hover:text-gray-900 \" class=\"px-2 py-2 text-sm text-gray-700 transition-colors duration-200 group-hover:text-gray-900 \">928x928x1828 mm<\/td>\n<\/tr>\n<tr class=\"transition-all duration-200 ease-in-out group hover:bg-red-50 \" class=\"transition-all duration-200 ease-in-out group hover:bg-red-50 \">\n<td class=\"px-2 py-2 text-sm text-gray-700 transition-colors duration-200 group-hover:text-gray-900 \" class=\"px-2 py-2 text-sm text-gray-700 transition-colors duration-200 group-hover:text-gray-900 \"><strong class=\"font-cal-sans\">C\u00f4ng su\u1ea5t<\/strong><\/td>\n<td class=\"px-2 py-2 text-sm text-gray-700 transition-colors duration-200 group-hover:text-gray-900 \" class=\"px-2 py-2 text-sm text-gray-700 transition-colors duration-200 group-hover:text-gray-900 \">:<\/td>\n<td class=\"px-2 py-2 text-sm text-gray-700 transition-colors duration-200 group-hover:text-gray-900 \" class=\"px-2 py-2 text-sm text-gray-700 transition-colors duration-200 group-hover:text-gray-900 \">1.1 Kw<\/td>\n<\/tr>\n<tr class=\"transition-all duration-200 ease-in-out group hover:bg-red-50 \" class=\"transition-all duration-200 ease-in-out group hover:bg-red-50 \">\n<td class=\"px-2 py-2 text-sm text-gray-700 transition-colors duration-200 group-hover:text-gray-900 \" class=\"px-2 py-2 text-sm text-gray-700 transition-colors duration-200 group-hover:text-gray-900 \"><strong class=\"font-cal-sans\">L\u01b0u l\u01b0\u1ee3ng<\/strong><\/td>\n<td class=\"px-2 py-2 text-sm text-gray-700 transition-colors duration-200 group-hover:text-gray-900 \" class=\"px-2 py-2 text-sm text-gray-700 transition-colors duration-200 group-hover:text-gray-900 \">:<\/td>\n<td class=\"px-2 py-2 text-sm text-gray-700 transition-colors duration-200 group-hover:text-gray-900 \" class=\"px-2 py-2 text-sm text-gray-700 transition-colors duration-200 group-hover:text-gray-900 \">18.000 m3\/h<\/td>\n<\/tr>\n<tr class=\"transition-all duration-200 ease-in-out group hover:bg-red-50 \" class=\"transition-all duration-200 ease-in-out group hover:bg-red-50 \">\n<td class=\"px-2 py-2 text-sm text-gray-700 transition-colors duration-200 group-hover:text-gray-900 \" class=\"px-2 py-2 text-sm text-gray-700 transition-colors duration-200 group-hover:text-gray-900 \"><strong class=\"font-cal-sans\">B\u1ea3o h\u00e0nh<\/strong><\/td>\n<td class=\"px-2 py-2 text-sm text-gray-700 transition-colors duration-200 group-hover:text-gray-900 \" class=\"px-2 py-2 text-sm text-gray-700 transition-colors duration-200 group-hover:text-gray-900 \">:<\/td>\n<td class=\"px-2 py-2 text-sm text-gray-700 transition-colors duration-200 group-hover:text-gray-900 \" class=\"px-2 py-2 text-sm text-gray-700 transition-colors duration-200 group-hover:text-gray-900 \">12 th\u00e1ng<\/td>\n<\/tr>\n<tr class=\"transition-all duration-200 ease-in-out group hover:bg-red-50 \" class=\"transition-all duration-200 ease-in-out group hover:bg-red-50 \">\n<td class=\"px-2 py-2 text-sm text-gray-700 transition-colors duration-200 group-hover:text-gray-900 \" class=\"px-2 py-2 text-sm text-gray-700 transition-colors duration-200 group-hover:text-gray-900 \"><strong class=\"font-cal-sans\">Xu\u1ea5t x\u1ee9<\/strong><\/td>\n<td class=\"px-2 py-2 text-sm text-gray-700 transition-colors duration-200 group-hover:text-gray-900 \" class=\"px-2 py-2 text-sm text-gray-700 transition-colors duration-200 group-hover:text-gray-900 \">:<\/td>\n<td class=\"px-2 py-2 text-sm text-gray-700 transition-colors duration-200 group-hover:text-gray-900 \" class=\"px-2 py-2 text-sm text-gray-700 transition-colors duration-200 group-hover:text-gray-900 \">Vi\u1ec7t nam<\/td>\n<\/tr>\n<\/tbody>\n<\/table><\/div><\/div>\n","protected":false},"featured_media":97,"template":"","meta":{"footnotes":""},"product_cat":[9],"product_tag":[],"ztteam_product_brand":[],"class_list":["post-96","product","type-product","status-publish","has-post-thumbnail","hentry","product_cat-quat-hoi-nuoc-cong-nghiep"],"meta_box":{"_sku":"L03","_regular_price":"13236788","_sale_price":"11449746","_price":"11449746","_stock_status":"instock","_stock":"50","_manage_stock":"1","_weight":"","_length":"","_width":"","_height":"","_product_image_gallery":[{"width":150,"height":150,"file":"2026\/03\/quat-hoi-nuoc-cong-nghiep-Air-Cooler-1.1KW-18000m3-h-4.png","filesize":94914,"sizes":[],"image_meta":{"aperture":"0","credit":"","camera":"","caption":"","created_timestamp":"0","copyright":"","focal_length":"0","iso":"0","shutter_speed":"0","title":"","orientation":"0","keywords":[]},"ID":"97","name":"quat-hoi-nuoc-cong-nghiep-Air-Cooler-1.1KW-18000m3-h-4.png","path":"\/home\/dev.wptheme.store\/public_html\/s\/wpquat\/wp-content\/uploads\/2026\/03\/quat-hoi-nuoc-cong-nghiep-Air-Cooler-1.1KW-18000m3-h-4.png","url":"https:\/\/dev.wptheme.store\/s\/wpquat\/wp-content\/uploads\/2026\/03\/quat-hoi-nuoc-cong-nghiep-Air-Cooler-1.1KW-18000m3-h-4.png","full_url":"https:\/\/dev.wptheme.store\/s\/wpquat\/wp-content\/uploads\/2026\/03\/quat-hoi-nuoc-cong-nghiep-Air-Cooler-1.1KW-18000m3-h-4.png","title":"Qu\u1ea1t h\u01a1i n\u01b0\u1edbc c\u00f4ng nghi\u1ec7p Air Cooler 1.1KW 18000 M3\/H","caption":"","description":"","alt":"","srcset":false}],"_featured":"0","_visibility":"visible","_virtual":"","_downloadable":"","product_type":"simple","product_attributes":[],"color_variations":[],"size_variations":[],"storage_variations":[],"material_variations":[]},"_links":{"self":[{"href":"https:\/\/dev.wptheme.store\/s\/wpquat\/wp-json\/wp\/v2\/product\/96","targetHints":{"allow":["GET"]}}],"collection":[{"href":"https:\/\/dev.wptheme.store\/s\/wpquat\/wp-json\/wp\/v2\/product"}],"about":[{"href":"https:\/\/dev.wptheme.store\/s\/wpquat\/wp-json\/wp\/v2\/types\/product"}],"version-history":[{"count":0,"href":"https:\/\/dev.wptheme.store\/s\/wpquat\/wp-json\/wp\/v2\/product\/96\/revisions"}],"wp:featuredmedia":[{"embeddable":true,"href":"https:\/\/dev.wptheme.store\/s\/wpquat\/wp-json\/wp\/v2\/media\/97"}],"wp:attachment":[{"href":"https:\/\/dev.wptheme.store\/s\/wpquat\/wp-json\/wp\/v2\/media?parent=96"}],"wp:term":[{"taxonomy":"product_cat","embeddable":true,"href":"https:\/\/dev.wptheme.store\/s\/wpquat\/wp-json\/wp\/v2\/product_cat?post=96"},{"taxonomy":"product_tag","embeddable":true,"href":"https:\/\/dev.wptheme.store\/s\/wpquat\/wp-json\/wp\/v2\/product_tag?post=96"},{"taxonomy":"ztteam_product_brand","embeddable":true,"href":"https:\/\/dev.wptheme.store\/s\/wpquat\/wp-json\/wp\/v2\/ztteam_product_brand?post=96"}],"curies":[{"name":"wp","href":"https:\/\/api.w.org\/{rel}","templated":true}]}}