{"id":151,"date":"2025-10-02T08:18:42","date_gmt":"2025-10-02T01:18:42","guid":{"rendered":"https:\/\/dev.wptheme.store\/s\/wpshoppc\/?page_id=151"},"modified":"2025-10-02T08:18:42","modified_gmt":"2025-10-02T01:18:42","slug":"chinh-sach-doi-tra","status":"publish","type":"page","link":"https:\/\/dev.wptheme.store\/s\/wpshoppc\/chinh-sach-doi-tra\/","title":{"rendered":"Ch\u00ednh s\u00e1ch \u0111\u1ed5i tr\u1ea3"},"content":{"rendered":"","protected":false},"excerpt":{"rendered":"","protected":false},"author":1,"featured_media":0,"parent":0,"menu_order":0,"comment_status":"closed","ping_status":"closed","template":"","meta":{"footnotes":""},"class_list":["post-151","page","type-page","status-publish","hentry"],"meta_box":{"news_section_title":"","news_section_icon":"","news_view_all_text":"","news_view_all_url":"","news_category":false,"news_featured_count":"","news_secondary_count":"","news_sidebar_count":"","news_orderby":"","news_order":"","news_more_button_text":"","news_more_button_url":"","product_categories":[],"banner_slides":[],"policy_items":[]},"_links":{"self":[{"href":"https:\/\/dev.wptheme.store\/s\/wpshoppc\/wp-json\/wp\/v2\/pages\/151","targetHints":{"allow":["GET"]}}],"collection":[{"href":"https:\/\/dev.wptheme.store\/s\/wpshoppc\/wp-json\/wp\/v2\/pages"}],"about":[{"href":"https:\/\/dev.wptheme.store\/s\/wpshoppc\/wp-json\/wp\/v2\/types\/page"}],"author":[{"embeddable":true,"href":"https:\/\/dev.wptheme.store\/s\/wpshoppc\/wp-json\/wp\/v2\/users\/1"}],"replies":[{"embeddable":true,"href":"https:\/\/dev.wptheme.store\/s\/wpshoppc\/wp-json\/wp\/v2\/comments?post=151"}],"version-history":[{"count":1,"href":"https:\/\/dev.wptheme.store\/s\/wpshoppc\/wp-json\/wp\/v2\/pages\/151\/revisions"}],"predecessor-version":[{"id":152,"href":"https:\/\/dev.wptheme.store\/s\/wpshoppc\/wp-json\/wp\/v2\/pages\/151\/revisions\/152"}],"wp:attachment":[{"href":"https:\/\/dev.wptheme.store\/s\/wpshoppc\/wp-json\/wp\/v2\/media?parent=151"}],"curies":[{"name":"wp","href":"https:\/\/api.w.org\/{rel}","templated":true}]}}