{"id":77,"date":"2025-09-04T13:22:31","date_gmt":"2025-09-04T06:22:31","guid":{"rendered":"https:\/\/dev.wptheme.store\/s\/wpshoppc\/?page_id=77"},"modified":"2025-10-02T08:24:05","modified_gmt":"2025-10-02T01:24:05","slug":"gioi-thieu","status":"publish","type":"page","link":"https:\/\/dev.wptheme.store\/s\/wpshoppc\/gioi-thieu\/","title":{"rendered":"Gi\u1edbi thi\u1ec7u"},"content":{"rendered":"<h2 class=\"py-2 my-4 text-2xl font-bold border-green-500 border-y border-opacity-10\">1. T\u00edch h\u1ee3p s\u1eb5n Table of Content, Rating Post &amp; Comment Rating<\/h2>\n<p class=\"mb-4 leading-relaxed\">M\u1ed9t trong nh\u1eefng \u0111i\u1ec3m th\u01b0\u1eddng khi\u1ebfn ng\u01b0\u1eddi d\u00f9ng WordPress kh\u00f3 ch\u1ecbu ch\u00ednh l\u00e0 vi\u1ec7c ph\u1ea3i c\u00e0i qu\u00e1 nhi\u1ec1u plugin \u0111\u1ec3 \u0111\u00e1p \u1ee9ng nhu c\u1ea7u c\u01a1 b\u1ea3n. Ch\u1ec9 ri\u00eang m\u1ee5c l\u1ee5c, h\u1ec7 th\u1ed1ng \u0111\u00e1nh gi\u00e1 b\u00e0i vi\u1ebft hay ch\u1ee9c n\u0103ng b\u00ecnh ch\u1ecdn b\u00ecnh lu\u1eadn c\u0169ng \u0111\u00e3 c\u1ea7n th\u00eam v\u00e0i plugin. \u0110i\u1ec1u n\u00e0y khi\u1ebfn website tr\u1edf n\u00ean n\u1eb7ng n\u1ec1, kh\u00f3 qu\u1ea3n l\u00fd v\u00e0 \u0111\u00f4i khi g\u00e2y xung \u0111\u1ed9t. V\u1edbi theme ZTTEAM, b\u1ea1n kh\u00f4ng c\u00f2n ph\u1ea3i lo v\u1ec1 v\u1ea5n \u0111\u1ec1 \u0111\u00f3 n\u1eefa, v\u00ec t\u1ea5t c\u1ea3 \u0111\u00e3 \u0111\u01b0\u1ee3c t\u00edch h\u1ee3p tr\u1ef1c ti\u1ebfp trong theme.<\/p>\n<p class=\"mb-4 leading-relaxed\"><strong class=\"font-cal-sans\">Table of Content<\/strong> t\u1ef1 \u0111\u1ed9ng hi\u1ec3n th\u1ecb trong b\u00e0i vi\u1ebft, gi\u00fap \u0111\u1ed9c gi\u1ea3 d\u1ec5 d\u00e0ng theo d\u00f5i v\u00e0 t\u00ecm \u0111\u1ebfn ph\u1ea7n n\u1ed9i dung h\u1ecd quan t\u00e2m. \u0110i\u1ec1u n\u00e0y kh\u00f4ng ch\u1ec9 c\u1ea3i thi\u1ec7n tr\u1ea3i nghi\u1ec7m ng\u01b0\u1eddi d\u00f9ng m\u00e0 c\u00f2n h\u1ed7 tr\u1ee3 SEO, khi Google \u0111\u00e1nh gi\u00e1 cao nh\u1eefng n\u1ed9i dung c\u00f3 c\u1ea5u tr\u00fac r\u00f5 r\u00e0ng. B\u1ea1n c\u00f3 th\u1ec3 t\u00f9y ch\u1ec9nh c\u00e1ch hi\u1ec3n th\u1ecb m\u1ee5c l\u1ee5c sao cho ph\u00f9 h\u1ee3p v\u1edbi phong c\u00e1ch trang web, t\u1eeb d\u1ea1ng danh s\u00e1ch \u0111\u01a1n gi\u1ea3n \u0111\u1ebfn d\u1ea1ng thu g\u1ecdn hi\u1ec7n \u0111\u1ea1i.<\/p>\n<p class=\"mb-4 leading-relaxed\"><strong class=\"font-cal-sans\">Rating Post<\/strong> mang \u0111\u1ebfn t\u00ednh n\u0103ng ch\u1ea5m sao cho n\u1ed9i dung. \u0110\u00e2y l\u00e0 c\u00f4ng c\u1ee5 tuy\u1ec7t v\u1eddi \u0111\u1ec3 thu h\u00fat s\u1ef1 tham gia c\u1ee7a \u0111\u1ed9c gi\u1ea3, \u0111\u1ed3ng th\u1eddi t\u1ea1o t\u00edn hi\u1ec7u t\u00edch c\u1ef1c tr\u00ean k\u1ebft qu\u1ea3 t\u00ecm ki\u1ebfm v\u1edbi Rich Snippet. Khi m\u1ed9t b\u00e0i vi\u1ebft \u0111\u01b0\u1ee3c nhi\u1ec1u ng\u01b0\u1eddi \u0111\u00e1nh gi\u00e1 cao, n\u00f3 kh\u00f4ng ch\u1ec9 tr\u1edf th\u00e0nh n\u1ed9i dung n\u1ed5i b\u1eadt trong m\u1eaft c\u1ed9ng \u0111\u1ed3ng m\u00e0 c\u00f2n d\u1ec5 d\u00e0ng \u0111\u1ea1t th\u1ee9 h\u1ea1ng cao h\u01a1n tr\u00ean Google. Ch\u1ee7 website c\u0169ng c\u00f3 th\u1ec3 theo d\u00f5i th\u1ed1ng k\u00ea \u0111i\u1ec3m trung b\u00ecnh, s\u1ed1 l\u01b0\u1ee3ng \u0111\u00e1nh gi\u00e1 v\u00e0 \u0111i\u1ec1u ch\u1ec9nh n\u1ed9i dung \u0111\u1ec3 ph\u1ee5c v\u1ee5 ng\u01b0\u1eddi \u0111\u1ecdc t\u1ed1t h\u01a1n.<\/p>\n<p class=\"mb-4 leading-relaxed\"><strong class=\"font-cal-sans\">Comment Rating<\/strong> l\u1ea1i l\u00e0 m\u1ed9t \u0111i\u1ec3m c\u1ed9ng cho vi\u1ec7c x\u00e2y d\u1ef1ng c\u1ed9ng \u0111\u1ed3ng. Ng\u01b0\u1eddi \u0111\u1ecdc c\u00f3 th\u1ec3 b\u00e0y t\u1ecf s\u1ef1 \u0111\u1ed3ng t\u00ecnh ho\u1eb7c kh\u00f4ng \u0111\u1ed3ng t\u00ecnh v\u1edbi t\u1eebng b\u00ecnh lu\u1eadn b\u1eb1ng c\u00e1ch vote. C\u00e1c b\u00ecnh lu\u1eadn \u0111\u01b0\u1ee3c nhi\u1ec1u vote t\u00edch c\u1ef1c s\u1ebd n\u1ed5i b\u1eadt l\u00ean tr\u00ean, t\u1ea1o th\u00e0nh ngu\u1ed3n tham kh\u1ea3o ch\u1ea5t l\u01b0\u1ee3ng. \u0110i\u1ec1u n\u00e0y khuy\u1ebfn kh\u00edch ng\u01b0\u1eddi d\u00f9ng trao \u0111\u1ed5i nhi\u1ec1u h\u01a1n, h\u1ea1n ch\u1ebf spam v\u00e0 n\u00e2ng cao gi\u00e1 tr\u1ecb c\u1ee7a ph\u1ea7n th\u1ea3o lu\u1eadn. V\u1edbi m\u1ed9t website n\u1ed9i dung, s\u1ef1 s\u00f4i \u0111\u1ed9ng trong b\u00ecnh lu\u1eadn ch\u00ednh l\u00e0 d\u1ea5u hi\u1ec7u cho th\u1ea5y s\u1ee9c s\u1ed1ng c\u1ee7a c\u1ed9ng \u0111\u1ed3ng.<\/p>\n<p class=\"mb-4 leading-relaxed\">\u0110i\u1ec3m \u0111\u1eb7c bi\u1ec7t nh\u1ea5t l\u00e0 t\u1ea5t c\u1ea3 c\u00e1c t\u00ednh n\u0103ng n\u00e0y ho\u1ea1t \u0111\u1ed9ng m\u01b0\u1ee3t m\u00e0 m\u00e0 kh\u00f4ng c\u1ea7n c\u00e0i th\u00eam plugin ngo\u00e0i. Website nh\u1edd \u0111\u00f3 lu\u00f4n nh\u1eb9, nhanh v\u00e0 d\u1ec5 qu\u1ea3n l\u00fd h\u01a1n r\u1ea5t nhi\u1ec1u so v\u1edbi nh\u1eefng website ph\u1ee5 thu\u1ed9c h\u00e0ng lo\u1ea1t plugin.<\/p>\n<h2 class=\"py-2 my-4 text-2xl font-bold border-green-500 border-y border-opacity-10\">2. H\u1ec7 th\u1ed1ng qu\u1ea3n l\u00fd b\u00e1n h\u00e0ng ri\u00eang thay v\u00ec WooCommerce<\/h2>\n<p class=\"mb-4 leading-relaxed\">N\u1ebfu b\u1ea1n t\u1eebng x\u00e2y d\u1ef1ng shop b\u1eb1ng WooCommerce, h\u1eb3n b\u1ea1n bi\u1ebft h\u1ec7 th\u1ed1ng n\u00e0y r\u1ea5t m\u1ea1nh m\u1ebd nh\u01b0ng \u0111\u00f4i khi l\u1ea1i qu\u00e1 t\u1ea3i so v\u1edbi nhu c\u1ea7u th\u1ef1c t\u1ebf. WooCommerce mang theo h\u00e0ng ch\u1ee5c ch\u1ee9c n\u0103ng v\u00e0 t\u1eadp l\u1ec7nh m\u00e0 kh\u00f4ng ph\u1ea3i website n\u00e0o c\u0169ng c\u1ea7n. \u0110\u1ed1i v\u1edbi nh\u1eefng ai ch\u1ec9 mu\u1ed1n b\u00e1n m\u1ed9t v\u00e0i s\u1ea3n ph\u1ea9m s\u1ed1, d\u1ecbch v\u1ee5 ho\u1eb7c c\u1eeda h\u00e0ng nh\u1ecf, WooCommerce c\u00f3 th\u1ec3 tr\u1edf th\u00e0nh g\u00e1nh n\u1eb7ng, khi\u1ebfn website ch\u1eadm v\u00e0 ph\u1ee9c t\u1ea1p h\u01a1n.<\/p>\n<p class=\"mb-4 leading-relaxed\">Hi\u1ec3u r\u00f5 \u0111i\u1ec1u \u0111\u00f3, theme ZTTEAM \u0111\u00e3 ph\u00e1t tri\u1ec3n s\u1eb5n m\u1ed9t <strong class=\"font-cal-sans\">h\u1ec7 th\u1ed1ng qu\u1ea3n l\u00fd b\u00e1n h\u00e0ng tinh g\u1ecdn<\/strong>, thay th\u1ebf ho\u00e0n to\u00e0n cho WooCommerce trong nhi\u1ec1u tr\u01b0\u1eddng h\u1ee3p. H\u1ec7 th\u1ed1ng n\u00e0y \u0111\u01b0\u1ee3c thi\u1ebft k\u1ebf v\u1edbi tri\u1ebft l\u00fd \u201c\u0111\u1ee7 d\u00f9ng, nh\u1eb9 nh\u00e0ng v\u00e0 hi\u1ec7u qu\u1ea3\u201d. Ng\u01b0\u1eddi d\u00f9ng kh\u00f4ng c\u1ea7n h\u1ecdc qu\u00e1 nhi\u1ec1u m\u00e0 v\u1eabn d\u1ec5 d\u00e0ng qu\u1ea3n l\u00fd s\u1ea3n ph\u1ea9m, gi\u1ecf h\u00e0ng v\u00e0 \u0111\u01a1n h\u00e0ng.<\/p>\n<p class=\"mb-4 leading-relaxed\">V\u1edbi ph\u1ea7n qu\u1ea3n l\u00fd s\u1ea3n ph\u1ea9m, b\u1ea1n c\u00f3 th\u1ec3 nhanh ch\u00f3ng t\u1ea1o v\u00e0 ch\u1ec9nh s\u1eeda s\u1ea3n ph\u1ea9m. M\u1ed7i s\u1ea3n ph\u1ea9m \u0111\u1ec1u c\u00f3 ph\u1ea7n m\u00f4 t\u1ea3, gi\u00e1 b\u00e1n, h\u00ecnh \u1ea3nh v\u00e0 ph\u00e2n lo\u1ea1i c\u01a1 b\u1ea3n. Kh\u00f4ng c\u1ea7u k\u1ef3, kh\u00f4ng d\u01b0 th\u1eeba, nh\u01b0ng v\u1eabn \u0111\u1ea7y \u0111\u1ee7 \u0111\u1ec3 hi\u1ec3n th\u1ecb r\u00f5 r\u00e0ng cho kh\u00e1ch h\u00e0ng. \u0110\u1ed1i v\u1edbi shop b\u00e1n s\u1ea3n ph\u1ea9m s\u1ed1 nh\u01b0 ebook, kh\u00f3a h\u1ecdc tr\u1ef1c tuy\u1ebfn ho\u1eb7c d\u1ecbch v\u1ee5, h\u1ec7 th\u1ed1ng n\u00e0y l\u00e0 qu\u00e1 \u0111\u1ee7.<\/p>\n<p class=\"mb-4 leading-relaxed\"><strong class=\"font-cal-sans\">Gi\u1ecf h\u00e0ng v\u00e0 thanh to\u00e1n<\/strong> c\u0169ng \u0111\u01b0\u1ee3c t\u1ed1i \u01b0u \u1edf m\u1ee9c t\u1ed1i gi\u1ea3n nh\u01b0ng ti\u1ec7n l\u1ee3i. Thay v\u00ec t\u1ea3i k\u00e8m h\u00e0ng lo\u1ea1t script nh\u01b0 WooCommerce, theme ch\u1ec9 gi\u1eef l\u1ea1i nh\u1eefng g\u00ec th\u1eadt s\u1ef1 c\u1ea7n thi\u1ebft. Kh\u00e1ch h\u00e0ng c\u00f3 th\u1ec3 th\u00eam s\u1ea3n ph\u1ea9m v\u00e0o gi\u1ecf, ki\u1ec3m tra \u0111\u01a1n h\u00e0ng v\u00e0 ti\u1ebfn h\u00e0nh thanh to\u00e1n nhanh ch\u00f3ng. C\u00e1c ph\u01b0\u01a1ng th\u1ee9c thanh to\u00e1n c\u01a1 b\u1ea3n nh\u01b0 chuy\u1ec3n kho\u1ea3n ng\u00e2n h\u00e0ng, m\u00e3 QR ho\u1eb7c v\u00ed \u0111i\u1ec7n t\u1eed \u0111\u1ec1u \u0111\u01b0\u1ee3c t\u00edch h\u1ee3p s\u1eb5n v\u00e0 c\u00f3 th\u1ec3 m\u1edf r\u1ed9ng trong t\u01b0\u01a1ng lai.<\/p>\n<p class=\"mb-4 leading-relaxed\"><strong class=\"font-cal-sans\">Qu\u1ea3n l\u00fd \u0111\u01a1n h\u00e0ng<\/strong> tr\u1ef1c ti\u1ebfp t\u1eeb Dashboard l\u00e0 \u0111i\u1ec3m nh\u1ea5n khi\u1ebfn nhi\u1ec1u qu\u1ea3n tr\u1ecb vi\u00ean h\u00e0i l\u00f2ng. M\u1ecdi \u0111\u01a1n h\u00e0ng \u0111\u1ec1u hi\u1ec3n th\u1ecb trong giao di\u1ec7n qu\u1ea3n tr\u1ecb quen thu\u1ed9c c\u1ee7a WordPress, v\u1edbi tr\u1ea1ng th\u00e1i \u0111\u01b0\u1ee3c c\u1eadp nh\u1eadt r\u00f5 r\u00e0ng. Ch\u1ee7 shop c\u00f3 th\u1ec3 d\u1ec5 d\u00e0ng x\u1eed l\u00fd, x\u00e1c nh\u1eadn v\u00e0 th\u00f4ng b\u00e1o t\u1edbi kh\u00e1ch h\u00e0ng. Kh\u00f4ng c\u1ea7n h\u1ecdc th\u00eam h\u1ec7 th\u1ed1ng qu\u1ea3n l\u00fd ph\u1ee9c t\u1ea1p, b\u1ea1n v\u1eabn c\u00f3 th\u1ec3 \u0111i\u1ec1u h\u00e0nh ho\u1ea1t \u0111\u1ed9ng b\u00e1n h\u00e0ng m\u1ed9t c\u00e1ch m\u01b0\u1ee3t m\u00e0.<\/p>\n<p class=\"mb-4 leading-relaxed\">\u0110i\u1ec3m n\u1ed5i b\u1eadt c\u1ee7a h\u1ec7 th\u1ed1ng n\u00e0y ch\u00ednh l\u00e0 <strong class=\"font-cal-sans\">t\u1ed1i \u01b0u hi\u1ec7u su\u1ea5t<\/strong>. Thay v\u00ec ph\u1ea3i lo l\u1eafng website s\u1ebd ch\u1eadm \u0111i v\u00ec WooCommerce v\u00e0 h\u00e0ng lo\u1ea1t ti\u1ec7n \u00edch b\u1ed5 sung, b\u1ea1n ch\u1ec9 gi\u1eef l\u1ea1i \u0111\u00fang nh\u1eefng g\u00ec c\u1ea7n cho shop nh\u1ecf. \u0110i\u1ec1u n\u00e0y gi\u00fap website v\u1eeba nhanh, v\u1eeba \u1ed5n \u0111\u1ecbnh v\u00e0 an to\u00e0n h\u01a1n.<\/p>\n<h2 class=\"py-2 my-4 text-2xl font-bold border-green-500 border-y border-opacity-10\">3. T\u1ea1i sao n\u00ean ch\u1ecdn theme ZTTEAM?<\/h2>\n<p class=\"mb-4 leading-relaxed\">Theme WordPress c\u1ee7a ZTTEAM kh\u00f4ng ch\u1ec9 l\u00e0 m\u1ed9t giao di\u1ec7n, m\u00e0 c\u00f2n l\u00e0 m\u1ed9t gi\u1ea3i ph\u00e1p tr\u1ecdn g\u00f3i cho c\u1ea3 n\u1ed9i dung l\u1eabn b\u00e1n h\u00e0ng. Nh\u1eefng l\u00fd do khi\u1ebfn n\u00f3 tr\u1edf th\u00e0nh l\u1ef1a ch\u1ecdn \u0111\u00e1ng gi\u00e1 g\u1ed3m:<\/p>\n<ul class=\"mb-4 space-y-1 list-none\">\n<li class=\"flex items-center gap-3 leading-relaxed text-gray-800 \"><div class=\"flex items-center justify-center w-5 h-5 bg-red-100 rounded-full shrink-0\"><svg class=\"w-3 h-3 text-red-600\" fill=\"none\" stroke=\"currentColor\" stroke- viewBox=\"0 0 24 24\"><path stroke-linecap=\"round\" stroke-linejoin=\"round\" d=\"M5 13l4 4L19 7\" \/><\/svg><\/div><div class=\"flex-1\">T\u00edch h\u1ee3p s\u1eb5n c\u00e1c t\u00ednh n\u0103ng quan tr\u1ecdng: m\u1ee5c l\u1ee5c, \u0111\u00e1nh gi\u00e1 b\u00e0i vi\u1ebft, \u0111\u00e1nh gi\u00e1 b\u00ecnh lu\u1eadn, kh\u00f4ng c\u1ea7n plugin ngo\u00e0i.<\/div><\/li>\n<li class=\"flex items-center gap-3 leading-relaxed text-gray-800 \"><div class=\"flex items-center justify-center w-5 h-5 bg-red-100 rounded-full shrink-0\"><svg class=\"w-3 h-3 text-red-600\" fill=\"none\" stroke=\"currentColor\" stroke- viewBox=\"0 0 24 24\"><path stroke-linecap=\"round\" stroke-linejoin=\"round\" d=\"M5 13l4 4L19 7\" \/><\/svg><\/div><div class=\"flex-1\">H\u1ec7 th\u1ed1ng b\u00e1n h\u00e0ng tinh g\u1ecdn, thay th\u1ebf WooCommerce trong nhi\u1ec1u tr\u01b0\u1eddng h\u1ee3p, ph\u00f9 h\u1ee3p cho shop v\u1eeba v\u00e0 nh\u1ecf.<\/div><\/li>\n<li class=\"flex items-center gap-3 leading-relaxed text-gray-800 \"><div class=\"flex items-center justify-center w-5 h-5 bg-red-100 rounded-full shrink-0\"><svg class=\"w-3 h-3 text-red-600\" fill=\"none\" stroke=\"currentColor\" stroke- viewBox=\"0 0 24 24\"><path stroke-linecap=\"round\" stroke-linejoin=\"round\" d=\"M5 13l4 4L19 7\" \/><\/svg><\/div><div class=\"flex-1\">T\u1ed1i \u01b0u t\u1ed1c \u0111\u1ed9, nh\u1eb9 v\u00e0 m\u01b0\u1ee3t, gi\u00fap website v\u1eadn h\u00e0nh \u1ed5n \u0111\u1ecbnh ngay c\u1ea3 tr\u00ean hosting ph\u1ed5 th\u00f4ng.<\/div><\/li>\n<li class=\"flex items-center gap-3 leading-relaxed text-gray-800 \"><div class=\"flex items-center justify-center w-5 h-5 bg-red-100 rounded-full shrink-0\"><svg class=\"w-3 h-3 text-red-600\" fill=\"none\" stroke=\"currentColor\" stroke- viewBox=\"0 0 24 24\"><path stroke-linecap=\"round\" stroke-linejoin=\"round\" d=\"M5 13l4 4L19 7\" \/><\/svg><\/div><div class=\"flex-1\">Chu\u1ea9n SEO, h\u1ed7 tr\u1ee3 hi\u1ec3n th\u1ecb Rich Snippet, c\u1ea3i thi\u1ec7n th\u1ee9 h\u1ea1ng t\u00ecm ki\u1ebfm.<\/div><\/li>\n<li class=\"flex items-center gap-3 leading-relaxed text-gray-800 \"><div class=\"flex items-center justify-center w-5 h-5 bg-red-100 rounded-full shrink-0\"><svg class=\"w-3 h-3 text-red-600\" fill=\"none\" stroke=\"currentColor\" stroke- viewBox=\"0 0 24 24\"><path stroke-linecap=\"round\" stroke-linejoin=\"round\" d=\"M5 13l4 4L19 7\" \/><\/svg><\/div><div class=\"flex-1\">Thi\u1ebft k\u1ebf hi\u1ec7n \u0111\u1ea1i, d\u1ec5 t\u00f9y bi\u1ebfn, ph\u00f9 h\u1ee3p cho nhi\u1ec1u lo\u1ea1i website t\u1eeb blog, t\u1ea1p ch\u00ed \u0111\u1ebfn c\u1eeda h\u00e0ng tr\u1ef1c tuy\u1ebfn.<\/div><\/li>\n<li class=\"flex items-center gap-3 leading-relaxed text-gray-800 \"><div class=\"flex items-center justify-center w-5 h-5 bg-red-100 rounded-full shrink-0\"><svg class=\"w-3 h-3 text-red-600\" fill=\"none\" stroke=\"currentColor\" stroke- viewBox=\"0 0 24 24\"><path stroke-linecap=\"round\" stroke-linejoin=\"round\" d=\"M5 13l4 4L19 7\" \/><\/svg><\/div><div class=\"flex-1\">Ti\u1ebft ki\u1ec7m chi ph\u00ed v\u00e0 c\u00f4ng s\u1ee9c qu\u1ea3n tr\u1ecb, v\u00ec kh\u00f4ng c\u1ea7n c\u00e0i v\u00e0 b\u1ea3o tr\u00ec h\u00e0ng lo\u1ea1t plugin ngo\u00e0i.<\/div><\/li>\n<\/ul>\n<p class=\"mb-4 leading-relaxed\">V\u1edbi theme n\u00e0y, b\u1ea1n v\u1eeba c\u00f3 th\u1ec3 v\u1eadn h\u00e0nh m\u1ed9t blog c\u00e1 nh\u00e2n m\u1ea1nh m\u1ebd, v\u1eeba c\u00f3 th\u1ec3 tri\u1ec3n khai m\u1ed9t c\u1eeda h\u00e0ng online \u0111\u01a1n gi\u1ea3n m\u00e0 kh\u00f4ng c\u1ea7n lo l\u1eafng v\u1ec1 t\u1ed1c \u0111\u1ed9 hay \u0111\u1ed9 ph\u1ee9c t\u1ea1p c\u1ee7a h\u1ec7 th\u1ed1ng.<\/p>\n<h2 class=\"py-2 my-4 text-2xl font-bold border-green-500 border-y border-opacity-10\">4. K\u1ebft lu\u1eadn<\/h2>\n<p class=\"mb-4 leading-relaxed\">Trong b\u1ed1i c\u1ea3nh ng\u01b0\u1eddi d\u00f9ng ng\u00e0y c\u00e0ng \u0111\u00f2i h\u1ecfi tr\u1ea3i nghi\u1ec7m t\u1ed1t h\u01a1n, website c\u1ea7n ph\u1ea3i v\u1eeba nhanh, v\u1eeba d\u1ec5 d\u00f9ng, v\u1eeba t\u1ed1i \u01b0u cho SEO v\u00e0 t\u01b0\u01a1ng t\u00e1c. Theme WordPress do <strong class=\"font-cal-sans\">ZTTEAM<\/strong> ph\u00e1t tri\u1ec3n ch\u00ednh l\u00e0 l\u1ef1a ch\u1ecdn ph\u00f9 h\u1ee3p cho nh\u1eefng ai mu\u1ed1n s\u1edf h\u1eefu m\u1ed9t website to\u00e0n di\u1ec7n m\u00e0 kh\u00f4ng ph\u1ea3i m\u1ea5t th\u1eddi gian, c\u00f4ng s\u1ee9c cho vi\u1ec7c l\u1eafp gh\u00e9p qu\u00e1 nhi\u1ec1u plugin.<\/p>\n<p class=\"mb-4 leading-relaxed\">V\u1edbi kh\u1ea3 n\u0103ng t\u00edch h\u1ee3p s\u1eb5n Table of Content, Rating Post, Comment Rating, theme gi\u00fap n\u00e2ng cao tr\u1ea3i nghi\u1ec7m \u0111\u1ecdc v\u00e0 t\u0103ng t\u01b0\u01a1ng t\u00e1c. V\u1edbi h\u1ec7 th\u1ed1ng b\u00e1n h\u00e0ng ri\u00eang tinh g\u1ecdn, b\u1ea1n c\u00f3 th\u1ec3 nhanh ch\u00f3ng x\u00e2y d\u1ef1ng m\u1ed9t shop online \u0111\u1ee7 ch\u1ee9c n\u0103ng m\u00e0 v\u1eabn \u0111\u1ea3m b\u1ea3o hi\u1ec7u su\u1ea5t. \u0110\u1eb7c bi\u1ec7t, s\u1ef1 k\u1ebft h\u1ee3p gi\u1eefa thi\u1ebft k\u1ebf hi\u1ec7n \u0111\u1ea1i v\u00e0 kh\u1ea3 n\u0103ng t\u1ed1i \u01b0u t\u1ed1c \u0111\u1ed9 s\u1ebd gi\u00fap website n\u1ed5i b\u1eadt, d\u1ec5 d\u00e0ng ti\u1ebfp c\u1eadn kh\u00e1ch h\u00e0ng v\u00e0 gi\u1eef ch\u00e2n h\u1ecd l\u00e2u h\u01a1n.<\/p>\n<p class=\"mb-4 leading-relaxed\">N\u1ebfu b\u1ea1n \u0111ang t\u00ecm ki\u1ebfm m\u1ed9t theme WordPress to\u00e0n di\u1ec7n, nh\u1eb9 nh\u00e0ng v\u00e0 t\u1ed1i \u01b0u, h\u00e3y th\u1eed ngay s\u1ea3n ph\u1ea9m c\u1ee7a ZTTEAM. \u0110\u00e2y kh\u00f4ng ch\u1ec9 l\u00e0 m\u1ed9t theme, m\u00e0 l\u00e0 gi\u1ea3i ph\u00e1p \u0111\u1ec3 b\u1ea1n ph\u00e1t tri\u1ec3n website b\u1ec1n v\u1eefng, ti\u1ebft ki\u1ec7m v\u00e0 hi\u1ec7u qu\u1ea3 h\u01a1n.<\/p>\n","protected":false},"excerpt":{"rendered":"<p class=\"mb-4 leading-relaxed\">1. T\u00edch h\u1ee3p s\u1eb5n Table of Content, Rating Post &amp; Comment Rating M\u1ed9t trong nh\u1eefng \u0111i\u1ec3m th\u01b0\u1eddng khi\u1ebfn ng\u01b0\u1eddi d\u00f9ng WordPress kh\u00f3 ch\u1ecbu ch\u00ednh l\u00e0 vi\u1ec7c ph\u1ea3i c\u00e0i qu\u00e1 nhi\u1ec1u plugin \u0111\u1ec3 \u0111\u00e1p \u1ee9ng nhu c\u1ea7u c\u01a1 b\u1ea3n. Ch\u1ec9 ri\u00eang m\u1ee5c l\u1ee5c, h\u1ec7 th\u1ed1ng \u0111\u00e1nh gi\u00e1 b\u00e0i vi\u1ebft hay ch\u1ee9c n\u0103ng b\u00ecnh ch\u1ecdn b\u00ecnh lu\u1eadn [&hellip;]<\/p>\n","protected":false},"author":1,"featured_media":0,"parent":0,"menu_order":0,"comment_status":"closed","ping_status":"closed","template":"","meta":{"footnotes":""},"class_list":["post-77","page","type-page","status-publish","hentry"],"meta_box":{"news_section_title":"","news_section_icon":"","news_view_all_text":"","news_view_all_url":"","news_category":false,"news_featured_count":"","news_secondary_count":"","news_sidebar_count":"","news_orderby":"","news_order":"","news_more_button_text":"","news_more_button_url":"","product_categories":[],"banner_slides":[],"policy_items":[]},"_links":{"self":[{"href":"https:\/\/dev.wptheme.store\/s\/wpshoppc\/wp-json\/wp\/v2\/pages\/77","targetHints":{"allow":["GET"]}}],"collection":[{"href":"https:\/\/dev.wptheme.store\/s\/wpshoppc\/wp-json\/wp\/v2\/pages"}],"about":[{"href":"https:\/\/dev.wptheme.store\/s\/wpshoppc\/wp-json\/wp\/v2\/types\/page"}],"author":[{"embeddable":true,"href":"https:\/\/dev.wptheme.store\/s\/wpshoppc\/wp-json\/wp\/v2\/users\/1"}],"replies":[{"embeddable":true,"href":"https:\/\/dev.wptheme.store\/s\/wpshoppc\/wp-json\/wp\/v2\/comments?post=77"}],"version-history":[{"count":1,"href":"https:\/\/dev.wptheme.store\/s\/wpshoppc\/wp-json\/wp\/v2\/pages\/77\/revisions"}],"predecessor-version":[{"id":78,"href":"https:\/\/dev.wptheme.store\/s\/wpshoppc\/wp-json\/wp\/v2\/pages\/77\/revisions\/78"}],"wp:attachment":[{"href":"https:\/\/dev.wptheme.store\/s\/wpshoppc\/wp-json\/wp\/v2\/media?parent=77"}],"curies":[{"name":"wp","href":"https:\/\/api.w.org\/{rel}","templated":true}]}}